{"id":54149,"date":"2025-06-24T11:56:54","date_gmt":"2025-06-24T08:56:54","guid":{"rendered":"https:\/\/goodwill.fi\/kauppa\/?post_type=product&#038;p=54149"},"modified":"2025-06-24T11:56:54","modified_gmt":"2025-06-24T08:56:54","slug":"klassikkokirjoja-6-kpl","status":"publish","type":"product","link":"https:\/\/goodwill.fi\/kauppa\/tuote\/klassikkokirjoja-6-kpl\/","title":{"rendered":"KLASSIKKOKIRJOJA 6 KPL"},"content":{"rendered":"<p>Kirjat: Prinssi ja kerj\u00e4l\u00e4ispoika, Merirosvo, Viisikko ja aavejuna, Haukansilm\u00e4 ja Minnetonka, Haukansilm\u00e4 ja musta mokkasiini, Odysseuksen harharetket<br \/>\nKirjailijat: Morten Pontoppidan, Ulf Uller, Enid Blyton, Frederick Marryat, Mark Twain<br \/>\nKustantajat: WSOY, Tammi, Otava<br \/>\nJulkaisuvuosi: 1951-1960<br \/>\nMitat: korkeus 1-2 cm, leveys 13-18 cm, pituus 19-23 cm, paino yhteens\u00e4 1610 g<br \/>\nV\u00e4ri: moniv\u00e4rinen<br \/>\nMateriaali: pahvi, paperi<br \/>\nKunto: rikki, paljon k\u00e4yt\u00f6n j\u00e4lki\u00e4, kirjojen seliss\u00e4 ja kansissa kulumaa, tahroja ja repe\u00e4mi\u00e4, Prinssi ja kerj\u00e4l\u00e4ispoika sek\u00e4 Viisikko ja aavejuna selk\u00e4mykset irtoamassa, sis\u00e4sivuilla ylim\u00e4\u00e4r\u00e4ist\u00e4 teksti\u00e4 ja tahroja, p\u00e4\u00e4llysmuovi irtoamassa Haukansilm\u00e4 ja musta mokkasiini -kirjasta<\/p>\n","protected":false},"excerpt":{"rendered":"<p>Kirjat: Prinssi ja kerj\u00e4l\u00e4ispoika, Merirosvo, Viisikko ja aavejuna, Haukansilm\u00e4 ja Minnetonka, Haukansilm\u00e4 ja musta mokkasiini, Odysseuksen harharetket Kirjailijat: Morten Pontoppidan, Ulf Uller, Enid Blyton, Frederick Marryat, Mark Twain Kustantajat: WSOY, Tammi, Otava Julkaisuvuosi: 1951-1960 Mitat: korkeus 1-2 cm, leveys 13-18 cm, pituus 19-23 cm, paino yhteens\u00e4 1610 g V\u00e4ri: moniv\u00e4rinen Materiaali: pahvi, paperi Kunto: rikki, [&hellip;]<\/p>\n","protected":false},"featured_media":54160,"comment_status":"open","ping_status":"closed","template":"","meta":[],"product_brand":[],"product_cat":[159,150,143],"product_tag":[15885,15886,15880,15881,4040,1713,15888,15887,11139,15883,15882,1971,15878,2865,15884,15879,4951],"class_list":{"0":"post-54149","1":"product","2":"type-product","3":"status-publish","4":"has-post-thumbnail","6":"product_cat-kaikki","7":"product_cat-kirjat-2","8":"product_cat-viihde-2","9":"product_tag-enid-blyton","10":"product_tag-frederick-marryat","11":"product_tag-haukansilma-ja-minnetonka","12":"product_tag-haukansilma-ja-musta-mokkasiini","13":"product_tag-kirjat","14":"product_tag-klassikko","15":"product_tag-klassikkokirjat","16":"product_tag-mark-twain","17":"product_tag-merirosvo","18":"product_tag-morten-pontoppidan","19":"product_tag-odysseuksen-harharetket","20":"product_tag-otava","21":"product_tag-prinssi-ja-kerjalaispoika","22":"product_tag-tammi","23":"product_tag-ulf-uller","24":"product_tag-viisikko-ja-aavejuna","25":"product_tag-wsoy","27":"first","28":"instock","29":"taxable","30":"shipping-taxable","31":"purchasable","32":"product-type-simple"},"yoast_head":"<!-- This site is optimized with the Yoast SEO plugin v27.4 - https:\/\/yoast.com\/product\/yoast-seo-wordpress\/ -->\n<title>KLASSIKKOKIRJOJA 6 KPL - Goodwill-verkkokauppa<\/title>\n<meta name=\"description\" content=\"Kirjat: Prinssi ja kerj\u00e4l\u00e4ispoika, Merirosvo, Viisikko ja aavejuna, Haukansilm\u00e4 ja Minnetonka, Haukansilm\u00e4 ja musta mokkasiini, Odysseuksen harharetket\" \/>\n<meta name=\"robots\" content=\"index, follow, max-snippet:-1, max-image-preview:large, max-video-preview:-1\" \/>\n<link rel=\"canonical\" href=\"https:\/\/goodwill.fi\/kauppa\/tuote\/klassikkokirjoja-6-kpl\/\" \/>\n<meta property=\"og:locale\" content=\"fi_FI\" \/>\n<meta property=\"og:type\" content=\"article\" \/>\n<meta property=\"og:title\" content=\"KLASSIKKOKIRJOJA 6 KPL - Goodwill-verkkokauppa\" \/>\n<meta property=\"og:description\" content=\"Kirjat: Prinssi ja kerj\u00e4l\u00e4ispoika, Merirosvo, Viisikko ja aavejuna, Haukansilm\u00e4 ja Minnetonka, Haukansilm\u00e4 ja musta mokkasiini, Odysseuksen harharetket\" \/>\n<meta property=\"og:url\" content=\"https:\/\/goodwill.fi\/kauppa\/tuote\/klassikkokirjoja-6-kpl\/\" \/>\n<meta property=\"og:site_name\" content=\"Goodwill-verkkokauppa\" \/>\n<meta property=\"og:image\" content=\"https:\/\/goodwill.fi\/kauppa\/wp-content\/uploads\/2025\/06\/IMG_9087-scaled-e1750754673923.jpg\" \/>\n\t<meta property=\"og:image:width\" content=\"2103\" \/>\n\t<meta property=\"og:image:height\" content=\"1707\" \/>\n\t<meta property=\"og:image:type\" content=\"image\/jpeg\" \/>\n<meta name=\"twitter:card\" content=\"summary_large_image\" \/>\n<meta name=\"twitter:label1\" content=\"Arvioitu lukuaika\" \/>\n\t<meta name=\"twitter:data1\" content=\"1 minuutti\" \/>\n<script type=\"application\/ld+json\" class=\"yoast-schema-graph\">{\"@context\":\"https:\\\/\\\/schema.org\",\"@graph\":[{\"@type\":\"WebPage\",\"@id\":\"https:\\\/\\\/goodwill.fi\\\/kauppa\\\/tuote\\\/klassikkokirjoja-6-kpl\\\/\",\"url\":\"https:\\\/\\\/goodwill.fi\\\/kauppa\\\/tuote\\\/klassikkokirjoja-6-kpl\\\/\",\"name\":\"KLASSIKKOKIRJOJA 6 KPL - Goodwill-verkkokauppa\",\"isPartOf\":{\"@id\":\"https:\\\/\\\/goodwill.fi\\\/kauppa\\\/#website\"},\"primaryImageOfPage\":{\"@id\":\"https:\\\/\\\/goodwill.fi\\\/kauppa\\\/tuote\\\/klassikkokirjoja-6-kpl\\\/#primaryimage\"},\"image\":{\"@id\":\"https:\\\/\\\/goodwill.fi\\\/kauppa\\\/tuote\\\/klassikkokirjoja-6-kpl\\\/#primaryimage\"},\"thumbnailUrl\":\"https:\\\/\\\/goodwill.fi\\\/kauppa\\\/wp-content\\\/uploads\\\/2025\\\/06\\\/IMG_9087-scaled-e1750754673923.jpg\",\"datePublished\":\"2025-06-24T08:56:54+00:00\",\"description\":\"Kirjat: Prinssi ja kerj\u00e4l\u00e4ispoika, Merirosvo, Viisikko ja aavejuna, Haukansilm\u00e4 ja Minnetonka, Haukansilm\u00e4 ja musta mokkasiini, Odysseuksen harharetket\",\"breadcrumb\":{\"@id\":\"https:\\\/\\\/goodwill.fi\\\/kauppa\\\/tuote\\\/klassikkokirjoja-6-kpl\\\/#breadcrumb\"},\"inLanguage\":\"fi\",\"potentialAction\":[{\"@type\":\"ReadAction\",\"target\":[\"https:\\\/\\\/goodwill.fi\\\/kauppa\\\/tuote\\\/klassikkokirjoja-6-kpl\\\/\"]}]},{\"@type\":\"ImageObject\",\"inLanguage\":\"fi\",\"@id\":\"https:\\\/\\\/goodwill.fi\\\/kauppa\\\/tuote\\\/klassikkokirjoja-6-kpl\\\/#primaryimage\",\"url\":\"https:\\\/\\\/goodwill.fi\\\/kauppa\\\/wp-content\\\/uploads\\\/2025\\\/06\\\/IMG_9087-scaled-e1750754673923.jpg\",\"contentUrl\":\"https:\\\/\\\/goodwill.fi\\\/kauppa\\\/wp-content\\\/uploads\\\/2025\\\/06\\\/IMG_9087-scaled-e1750754673923.jpg\",\"width\":2103,\"height\":1707},{\"@type\":\"BreadcrumbList\",\"@id\":\"https:\\\/\\\/goodwill.fi\\\/kauppa\\\/tuote\\\/klassikkokirjoja-6-kpl\\\/#breadcrumb\",\"itemListElement\":[{\"@type\":\"ListItem\",\"position\":1,\"name\":\"Home\",\"item\":\"https:\\\/\\\/goodwill.fi\\\/kauppa\\\/\"},{\"@type\":\"ListItem\",\"position\":2,\"name\":\"Shop\",\"item\":\"https:\\\/\\\/goodwill.fi\\\/kauppa\\\/shop\\\/\"},{\"@type\":\"ListItem\",\"position\":3,\"name\":\"KLASSIKKOKIRJOJA 6 KPL\"}]},{\"@type\":\"WebSite\",\"@id\":\"https:\\\/\\\/goodwill.fi\\\/kauppa\\\/#website\",\"url\":\"https:\\\/\\\/goodwill.fi\\\/kauppa\\\/\",\"name\":\"Goodwill-verkkokauppa\",\"description\":\"Kierr\u00e4tysmyym\u00e4l\u00e4 verkossa\",\"publisher\":{\"@id\":\"https:\\\/\\\/goodwill.fi\\\/kauppa\\\/#organization\"},\"potentialAction\":[{\"@type\":\"SearchAction\",\"target\":{\"@type\":\"EntryPoint\",\"urlTemplate\":\"https:\\\/\\\/goodwill.fi\\\/kauppa\\\/?s={search_term_string}\"},\"query-input\":{\"@type\":\"PropertyValueSpecification\",\"valueRequired\":true,\"valueName\":\"search_term_string\"}}],\"inLanguage\":\"fi\"},{\"@type\":\"Organization\",\"@id\":\"https:\\\/\\\/goodwill.fi\\\/kauppa\\\/#organization\",\"name\":\"Goodwill-verkkokauppa\",\"url\":\"https:\\\/\\\/goodwill.fi\\\/kauppa\\\/\",\"logo\":{\"@type\":\"ImageObject\",\"inLanguage\":\"fi\",\"@id\":\"https:\\\/\\\/goodwill.fi\\\/kauppa\\\/#\\\/schema\\\/logo\\\/image\\\/\",\"url\":\"https:\\\/\\\/goodwill.fi\\\/kauppa\\\/wp-content\\\/uploads\\\/2021\\\/02\\\/cropped-logo_gw_store-723x211-1.png\",\"contentUrl\":\"https:\\\/\\\/goodwill.fi\\\/kauppa\\\/wp-content\\\/uploads\\\/2021\\\/02\\\/cropped-logo_gw_store-723x211-1.png\",\"width\":723,\"height\":207,\"caption\":\"Goodwill-verkkokauppa\"},\"image\":{\"@id\":\"https:\\\/\\\/goodwill.fi\\\/kauppa\\\/#\\\/schema\\\/logo\\\/image\\\/\"}}]}<\/script>\n<!-- \/ Yoast SEO plugin. -->","yoast_head_json":{"title":"KLASSIKKOKIRJOJA 6 KPL - Goodwill-verkkokauppa","description":"Kirjat: Prinssi ja kerj\u00e4l\u00e4ispoika, Merirosvo, Viisikko ja aavejuna, Haukansilm\u00e4 ja Minnetonka, Haukansilm\u00e4 ja musta mokkasiini, Odysseuksen harharetket","robots":{"index":"index","follow":"follow","max-snippet":"max-snippet:-1","max-image-preview":"max-image-preview:large","max-video-preview":"max-video-preview:-1"},"canonical":"https:\/\/goodwill.fi\/kauppa\/tuote\/klassikkokirjoja-6-kpl\/","og_locale":"fi_FI","og_type":"article","og_title":"KLASSIKKOKIRJOJA 6 KPL - Goodwill-verkkokauppa","og_description":"Kirjat: Prinssi ja kerj\u00e4l\u00e4ispoika, Merirosvo, Viisikko ja aavejuna, Haukansilm\u00e4 ja Minnetonka, Haukansilm\u00e4 ja musta mokkasiini, Odysseuksen harharetket","og_url":"https:\/\/goodwill.fi\/kauppa\/tuote\/klassikkokirjoja-6-kpl\/","og_site_name":"Goodwill-verkkokauppa","og_image":[{"width":2103,"height":1707,"url":"https:\/\/goodwill.fi\/kauppa\/wp-content\/uploads\/2025\/06\/IMG_9087-scaled-e1750754673923.jpg","type":"image\/jpeg"}],"twitter_card":"summary_large_image","twitter_misc":{"Arvioitu lukuaika":"1 minuutti"},"schema":{"@context":"https:\/\/schema.org","@graph":[{"@type":"WebPage","@id":"https:\/\/goodwill.fi\/kauppa\/tuote\/klassikkokirjoja-6-kpl\/","url":"https:\/\/goodwill.fi\/kauppa\/tuote\/klassikkokirjoja-6-kpl\/","name":"KLASSIKKOKIRJOJA 6 KPL - Goodwill-verkkokauppa","isPartOf":{"@id":"https:\/\/goodwill.fi\/kauppa\/#website"},"primaryImageOfPage":{"@id":"https:\/\/goodwill.fi\/kauppa\/tuote\/klassikkokirjoja-6-kpl\/#primaryimage"},"image":{"@id":"https:\/\/goodwill.fi\/kauppa\/tuote\/klassikkokirjoja-6-kpl\/#primaryimage"},"thumbnailUrl":"https:\/\/goodwill.fi\/kauppa\/wp-content\/uploads\/2025\/06\/IMG_9087-scaled-e1750754673923.jpg","datePublished":"2025-06-24T08:56:54+00:00","description":"Kirjat: Prinssi ja kerj\u00e4l\u00e4ispoika, Merirosvo, Viisikko ja aavejuna, Haukansilm\u00e4 ja Minnetonka, Haukansilm\u00e4 ja musta mokkasiini, Odysseuksen harharetket","breadcrumb":{"@id":"https:\/\/goodwill.fi\/kauppa\/tuote\/klassikkokirjoja-6-kpl\/#breadcrumb"},"inLanguage":"fi","potentialAction":[{"@type":"ReadAction","target":["https:\/\/goodwill.fi\/kauppa\/tuote\/klassikkokirjoja-6-kpl\/"]}]},{"@type":"ImageObject","inLanguage":"fi","@id":"https:\/\/goodwill.fi\/kauppa\/tuote\/klassikkokirjoja-6-kpl\/#primaryimage","url":"https:\/\/goodwill.fi\/kauppa\/wp-content\/uploads\/2025\/06\/IMG_9087-scaled-e1750754673923.jpg","contentUrl":"https:\/\/goodwill.fi\/kauppa\/wp-content\/uploads\/2025\/06\/IMG_9087-scaled-e1750754673923.jpg","width":2103,"height":1707},{"@type":"BreadcrumbList","@id":"https:\/\/goodwill.fi\/kauppa\/tuote\/klassikkokirjoja-6-kpl\/#breadcrumb","itemListElement":[{"@type":"ListItem","position":1,"name":"Home","item":"https:\/\/goodwill.fi\/kauppa\/"},{"@type":"ListItem","position":2,"name":"Shop","item":"https:\/\/goodwill.fi\/kauppa\/shop\/"},{"@type":"ListItem","position":3,"name":"KLASSIKKOKIRJOJA 6 KPL"}]},{"@type":"WebSite","@id":"https:\/\/goodwill.fi\/kauppa\/#website","url":"https:\/\/goodwill.fi\/kauppa\/","name":"Goodwill-verkkokauppa","description":"Kierr\u00e4tysmyym\u00e4l\u00e4 verkossa","publisher":{"@id":"https:\/\/goodwill.fi\/kauppa\/#organization"},"potentialAction":[{"@type":"SearchAction","target":{"@type":"EntryPoint","urlTemplate":"https:\/\/goodwill.fi\/kauppa\/?s={search_term_string}"},"query-input":{"@type":"PropertyValueSpecification","valueRequired":true,"valueName":"search_term_string"}}],"inLanguage":"fi"},{"@type":"Organization","@id":"https:\/\/goodwill.fi\/kauppa\/#organization","name":"Goodwill-verkkokauppa","url":"https:\/\/goodwill.fi\/kauppa\/","logo":{"@type":"ImageObject","inLanguage":"fi","@id":"https:\/\/goodwill.fi\/kauppa\/#\/schema\/logo\/image\/","url":"https:\/\/goodwill.fi\/kauppa\/wp-content\/uploads\/2021\/02\/cropped-logo_gw_store-723x211-1.png","contentUrl":"https:\/\/goodwill.fi\/kauppa\/wp-content\/uploads\/2021\/02\/cropped-logo_gw_store-723x211-1.png","width":723,"height":207,"caption":"Goodwill-verkkokauppa"},"image":{"@id":"https:\/\/goodwill.fi\/kauppa\/#\/schema\/logo\/image\/"}}]}},"_links":{"self":[{"href":"https:\/\/goodwill.fi\/kauppa\/wp-json\/wp\/v2\/product\/54149","targetHints":{"allow":["GET"]}}],"collection":[{"href":"https:\/\/goodwill.fi\/kauppa\/wp-json\/wp\/v2\/product"}],"about":[{"href":"https:\/\/goodwill.fi\/kauppa\/wp-json\/wp\/v2\/types\/product"}],"replies":[{"embeddable":true,"href":"https:\/\/goodwill.fi\/kauppa\/wp-json\/wp\/v2\/comments?post=54149"}],"wp:featuredmedia":[{"embeddable":true,"href":"https:\/\/goodwill.fi\/kauppa\/wp-json\/wp\/v2\/media\/54160"}],"wp:attachment":[{"href":"https:\/\/goodwill.fi\/kauppa\/wp-json\/wp\/v2\/media?parent=54149"}],"wp:term":[{"taxonomy":"product_brand","embeddable":true,"href":"https:\/\/goodwill.fi\/kauppa\/wp-json\/wp\/v2\/product_brand?post=54149"},{"taxonomy":"product_cat","embeddable":true,"href":"https:\/\/goodwill.fi\/kauppa\/wp-json\/wp\/v2\/product_cat?post=54149"},{"taxonomy":"product_tag","embeddable":true,"href":"https:\/\/goodwill.fi\/kauppa\/wp-json\/wp\/v2\/product_tag?post=54149"}],"curies":[{"name":"wp","href":"https:\/\/api.w.org\/{rel}","templated":true}]}}