{"id":53912,"date":"2025-06-19T10:19:58","date_gmt":"2025-06-19T07:19:58","guid":{"rendered":"https:\/\/goodwill.fi\/kauppa\/?post_type=product&#038;p=53912"},"modified":"2025-11-19T12:58:36","modified_gmt":"2025-11-19T10:58:36","slug":"lenin-rintakuva-metallipatsas","status":"publish","type":"product","link":"https:\/\/goodwill.fi\/kauppa\/tuote\/lenin-rintakuva-metallipatsas\/","title":{"rendered":"LENIN RINTAKUVA METALLIPATSAS"},"content":{"rendered":"<p>Suunnittelija\/Valmistaja: Vladimir Sychev<br \/>\nValmistusmaa: Neuvostoliitto<br \/>\nValmistusvuosi: ei tiedossa<br \/>\nMitat: korkeus 15 cm, paino 545 g<br \/>\nMateriaali: silumiini<br \/>\nKunto: ehj\u00e4, v\u00e4h\u00e4n k\u00e4yt\u00f6n j\u00e4lki\u00e4<br \/>\nHuom. patsaan takana signeeraus &#8221;Sk. Sychev&#8221;<\/p>\n","protected":false},"excerpt":{"rendered":"<p>Suunnittelija\/Valmistaja: Vladimir Sychev Valmistusmaa: Neuvostoliitto Valmistusvuosi: ei tiedossa Mitat: korkeus 15 cm, paino 545 g Materiaali: silumiini Kunto: ehj\u00e4, v\u00e4h\u00e4n k\u00e4yt\u00f6n j\u00e4lki\u00e4 Huom. patsaan takana signeeraus &#8221;Sk. Sychev&#8221;<\/p>\n","protected":false},"featured_media":53913,"comment_status":"open","ping_status":"closed","template":"","meta":[],"product_brand":[],"product_cat":[159,180,14860,184],"product_tag":[15839,7535,3112,15841,15842,15840],"class_list":{"0":"post-53912","1":"product","2":"type-product","3":"status-publish","4":"has-post-thumbnail","6":"product_cat-kaikki","7":"product_cat-keraily-2","8":"product_cat-antiikki-vintage","9":"product_cat-muu-keraily-2","10":"product_tag-kem01004","11":"product_tag-lenin","12":"product_tag-patsas","13":"product_tag-sculptor-sychev","14":"product_tag-sk-sychev","15":"product_tag-vladimir-sychev","17":"first","18":"outofstock","19":"taxable","20":"shipping-taxable","21":"purchasable","22":"product-type-simple"},"yoast_head":"<!-- This site is optimized with the Yoast SEO plugin v27.1.1 - https:\/\/yoast.com\/product\/yoast-seo-wordpress\/ -->\n<title>LENIN RINTAKUVA METALLIPATSAS - Goodwill-verkkokauppa<\/title>\n<meta name=\"description\" content=\"Suunnittelija\/Valmistaja: Vladimir Sychev Valmistusmaa: Neuvostoliitto Valmistusvuosi: ei tiedossa Mitat: korkeus 15 cm, paino 545 g Materiaali: silumiini Kunto: ehj\u00e4, v\u00e4h\u00e4n k\u00e4yt\u00f6n j\u00e4lki\u00e4 Huom. patsaan takana signeeraus &quot;Sk. Sychev&quot;\" \/>\n<meta name=\"robots\" content=\"index, follow, max-snippet:-1, max-image-preview:large, max-video-preview:-1\" \/>\n<link rel=\"canonical\" href=\"https:\/\/goodwill.fi\/kauppa\/tuote\/lenin-rintakuva-metallipatsas\/\" \/>\n<meta property=\"og:locale\" content=\"fi_FI\" \/>\n<meta property=\"og:type\" content=\"article\" \/>\n<meta property=\"og:title\" content=\"LENIN RINTAKUVA METALLIPATSAS - Goodwill-verkkokauppa\" \/>\n<meta property=\"og:description\" content=\"Suunnittelija\/Valmistaja: Vladimir Sychev Valmistusmaa: Neuvostoliitto Valmistusvuosi: ei tiedossa Mitat: korkeus 15 cm, paino 545 g Materiaali: silumiini Kunto: ehj\u00e4, v\u00e4h\u00e4n k\u00e4yt\u00f6n j\u00e4lki\u00e4 Huom. patsaan takana signeeraus &quot;Sk. Sychev&quot;\" \/>\n<meta property=\"og:url\" content=\"https:\/\/goodwill.fi\/kauppa\/tuote\/lenin-rintakuva-metallipatsas\/\" \/>\n<meta property=\"og:site_name\" content=\"Goodwill-verkkokauppa\" \/>\n<meta property=\"article:modified_time\" content=\"2025-11-19T10:58:36+00:00\" \/>\n<meta property=\"og:image\" content=\"https:\/\/goodwill.fi\/kauppa\/wp-content\/uploads\/2025\/06\/P1053794-45.jpg\" \/>\n\t<meta property=\"og:image:width\" content=\"2500\" \/>\n\t<meta property=\"og:image:height\" content=\"2500\" \/>\n\t<meta property=\"og:image:type\" content=\"image\/jpeg\" \/>\n<meta name=\"twitter:card\" content=\"summary_large_image\" \/>\n<meta name=\"twitter:label1\" content=\"Arvioitu lukuaika\" \/>\n\t<meta name=\"twitter:data1\" content=\"1 minuutti\" \/>\n<script type=\"application\/ld+json\" class=\"yoast-schema-graph\">{\"@context\":\"https:\/\/schema.org\",\"@graph\":[{\"@type\":\"WebPage\",\"@id\":\"https:\/\/goodwill.fi\/kauppa\/tuote\/lenin-rintakuva-metallipatsas\/\",\"url\":\"https:\/\/goodwill.fi\/kauppa\/tuote\/lenin-rintakuva-metallipatsas\/\",\"name\":\"LENIN RINTAKUVA METALLIPATSAS - Goodwill-verkkokauppa\",\"isPartOf\":{\"@id\":\"https:\/\/goodwill.fi\/kauppa\/#website\"},\"primaryImageOfPage\":{\"@id\":\"https:\/\/goodwill.fi\/kauppa\/tuote\/lenin-rintakuva-metallipatsas\/#primaryimage\"},\"image\":{\"@id\":\"https:\/\/goodwill.fi\/kauppa\/tuote\/lenin-rintakuva-metallipatsas\/#primaryimage\"},\"thumbnailUrl\":\"https:\/\/goodwill.fi\/kauppa\/wp-content\/uploads\/2025\/06\/P1053794-45.jpg\",\"datePublished\":\"2025-06-19T07:19:58+00:00\",\"dateModified\":\"2025-11-19T10:58:36+00:00\",\"description\":\"Suunnittelija\/Valmistaja: Vladimir Sychev Valmistusmaa: Neuvostoliitto Valmistusvuosi: ei tiedossa Mitat: korkeus 15 cm, paino 545 g Materiaali: silumiini Kunto: ehj\u00e4, v\u00e4h\u00e4n k\u00e4yt\u00f6n j\u00e4lki\u00e4 Huom. patsaan takana signeeraus \\\"Sk. Sychev\\\"\",\"breadcrumb\":{\"@id\":\"https:\/\/goodwill.fi\/kauppa\/tuote\/lenin-rintakuva-metallipatsas\/#breadcrumb\"},\"inLanguage\":\"fi\",\"potentialAction\":[{\"@type\":\"ReadAction\",\"target\":[\"https:\/\/goodwill.fi\/kauppa\/tuote\/lenin-rintakuva-metallipatsas\/\"]}]},{\"@type\":\"ImageObject\",\"inLanguage\":\"fi\",\"@id\":\"https:\/\/goodwill.fi\/kauppa\/tuote\/lenin-rintakuva-metallipatsas\/#primaryimage\",\"url\":\"https:\/\/goodwill.fi\/kauppa\/wp-content\/uploads\/2025\/06\/P1053794-45.jpg\",\"contentUrl\":\"https:\/\/goodwill.fi\/kauppa\/wp-content\/uploads\/2025\/06\/P1053794-45.jpg\",\"width\":2500,\"height\":2500},{\"@type\":\"BreadcrumbList\",\"@id\":\"https:\/\/goodwill.fi\/kauppa\/tuote\/lenin-rintakuva-metallipatsas\/#breadcrumb\",\"itemListElement\":[{\"@type\":\"ListItem\",\"position\":1,\"name\":\"Home\",\"item\":\"https:\/\/goodwill.fi\/kauppa\/\"},{\"@type\":\"ListItem\",\"position\":2,\"name\":\"Shop\",\"item\":\"https:\/\/goodwill.fi\/kauppa\/shop\/\"},{\"@type\":\"ListItem\",\"position\":3,\"name\":\"LENIN RINTAKUVA METALLIPATSAS\"}]},{\"@type\":\"WebSite\",\"@id\":\"https:\/\/goodwill.fi\/kauppa\/#website\",\"url\":\"https:\/\/goodwill.fi\/kauppa\/\",\"name\":\"Goodwill-verkkokauppa\",\"description\":\"Kierr\u00e4tysmyym\u00e4l\u00e4 verkossa\",\"publisher\":{\"@id\":\"https:\/\/goodwill.fi\/kauppa\/#organization\"},\"potentialAction\":[{\"@type\":\"SearchAction\",\"target\":{\"@type\":\"EntryPoint\",\"urlTemplate\":\"https:\/\/goodwill.fi\/kauppa\/?s={search_term_string}\"},\"query-input\":{\"@type\":\"PropertyValueSpecification\",\"valueRequired\":true,\"valueName\":\"search_term_string\"}}],\"inLanguage\":\"fi\"},{\"@type\":\"Organization\",\"@id\":\"https:\/\/goodwill.fi\/kauppa\/#organization\",\"name\":\"Goodwill-verkkokauppa\",\"url\":\"https:\/\/goodwill.fi\/kauppa\/\",\"logo\":{\"@type\":\"ImageObject\",\"inLanguage\":\"fi\",\"@id\":\"https:\/\/goodwill.fi\/kauppa\/#\/schema\/logo\/image\/\",\"url\":\"https:\/\/goodwill.fi\/kauppa\/wp-content\/uploads\/2021\/02\/cropped-logo_gw_store-723x211-1.png\",\"contentUrl\":\"https:\/\/goodwill.fi\/kauppa\/wp-content\/uploads\/2021\/02\/cropped-logo_gw_store-723x211-1.png\",\"width\":723,\"height\":207,\"caption\":\"Goodwill-verkkokauppa\"},\"image\":{\"@id\":\"https:\/\/goodwill.fi\/kauppa\/#\/schema\/logo\/image\/\"}}]}<\/script>\n<!-- \/ Yoast SEO plugin. -->","yoast_head_json":{"title":"LENIN RINTAKUVA METALLIPATSAS - Goodwill-verkkokauppa","description":"Suunnittelija\/Valmistaja: Vladimir Sychev Valmistusmaa: Neuvostoliitto Valmistusvuosi: ei tiedossa Mitat: korkeus 15 cm, paino 545 g Materiaali: silumiini Kunto: ehj\u00e4, v\u00e4h\u00e4n k\u00e4yt\u00f6n j\u00e4lki\u00e4 Huom. patsaan takana signeeraus \"Sk. Sychev\"","robots":{"index":"index","follow":"follow","max-snippet":"max-snippet:-1","max-image-preview":"max-image-preview:large","max-video-preview":"max-video-preview:-1"},"canonical":"https:\/\/goodwill.fi\/kauppa\/tuote\/lenin-rintakuva-metallipatsas\/","og_locale":"fi_FI","og_type":"article","og_title":"LENIN RINTAKUVA METALLIPATSAS - Goodwill-verkkokauppa","og_description":"Suunnittelija\/Valmistaja: Vladimir Sychev Valmistusmaa: Neuvostoliitto Valmistusvuosi: ei tiedossa Mitat: korkeus 15 cm, paino 545 g Materiaali: silumiini Kunto: ehj\u00e4, v\u00e4h\u00e4n k\u00e4yt\u00f6n j\u00e4lki\u00e4 Huom. patsaan takana signeeraus \"Sk. Sychev\"","og_url":"https:\/\/goodwill.fi\/kauppa\/tuote\/lenin-rintakuva-metallipatsas\/","og_site_name":"Goodwill-verkkokauppa","article_modified_time":"2025-11-19T10:58:36+00:00","og_image":[{"width":2500,"height":2500,"url":"https:\/\/goodwill.fi\/kauppa\/wp-content\/uploads\/2025\/06\/P1053794-45.jpg","type":"image\/jpeg"}],"twitter_card":"summary_large_image","twitter_misc":{"Arvioitu lukuaika":"1 minuutti"},"schema":{"@context":"https:\/\/schema.org","@graph":[{"@type":"WebPage","@id":"https:\/\/goodwill.fi\/kauppa\/tuote\/lenin-rintakuva-metallipatsas\/","url":"https:\/\/goodwill.fi\/kauppa\/tuote\/lenin-rintakuva-metallipatsas\/","name":"LENIN RINTAKUVA METALLIPATSAS - Goodwill-verkkokauppa","isPartOf":{"@id":"https:\/\/goodwill.fi\/kauppa\/#website"},"primaryImageOfPage":{"@id":"https:\/\/goodwill.fi\/kauppa\/tuote\/lenin-rintakuva-metallipatsas\/#primaryimage"},"image":{"@id":"https:\/\/goodwill.fi\/kauppa\/tuote\/lenin-rintakuva-metallipatsas\/#primaryimage"},"thumbnailUrl":"https:\/\/goodwill.fi\/kauppa\/wp-content\/uploads\/2025\/06\/P1053794-45.jpg","datePublished":"2025-06-19T07:19:58+00:00","dateModified":"2025-11-19T10:58:36+00:00","description":"Suunnittelija\/Valmistaja: Vladimir Sychev Valmistusmaa: Neuvostoliitto Valmistusvuosi: ei tiedossa Mitat: korkeus 15 cm, paino 545 g Materiaali: silumiini Kunto: ehj\u00e4, v\u00e4h\u00e4n k\u00e4yt\u00f6n j\u00e4lki\u00e4 Huom. patsaan takana signeeraus \"Sk. Sychev\"","breadcrumb":{"@id":"https:\/\/goodwill.fi\/kauppa\/tuote\/lenin-rintakuva-metallipatsas\/#breadcrumb"},"inLanguage":"fi","potentialAction":[{"@type":"ReadAction","target":["https:\/\/goodwill.fi\/kauppa\/tuote\/lenin-rintakuva-metallipatsas\/"]}]},{"@type":"ImageObject","inLanguage":"fi","@id":"https:\/\/goodwill.fi\/kauppa\/tuote\/lenin-rintakuva-metallipatsas\/#primaryimage","url":"https:\/\/goodwill.fi\/kauppa\/wp-content\/uploads\/2025\/06\/P1053794-45.jpg","contentUrl":"https:\/\/goodwill.fi\/kauppa\/wp-content\/uploads\/2025\/06\/P1053794-45.jpg","width":2500,"height":2500},{"@type":"BreadcrumbList","@id":"https:\/\/goodwill.fi\/kauppa\/tuote\/lenin-rintakuva-metallipatsas\/#breadcrumb","itemListElement":[{"@type":"ListItem","position":1,"name":"Home","item":"https:\/\/goodwill.fi\/kauppa\/"},{"@type":"ListItem","position":2,"name":"Shop","item":"https:\/\/goodwill.fi\/kauppa\/shop\/"},{"@type":"ListItem","position":3,"name":"LENIN RINTAKUVA METALLIPATSAS"}]},{"@type":"WebSite","@id":"https:\/\/goodwill.fi\/kauppa\/#website","url":"https:\/\/goodwill.fi\/kauppa\/","name":"Goodwill-verkkokauppa","description":"Kierr\u00e4tysmyym\u00e4l\u00e4 verkossa","publisher":{"@id":"https:\/\/goodwill.fi\/kauppa\/#organization"},"potentialAction":[{"@type":"SearchAction","target":{"@type":"EntryPoint","urlTemplate":"https:\/\/goodwill.fi\/kauppa\/?s={search_term_string}"},"query-input":{"@type":"PropertyValueSpecification","valueRequired":true,"valueName":"search_term_string"}}],"inLanguage":"fi"},{"@type":"Organization","@id":"https:\/\/goodwill.fi\/kauppa\/#organization","name":"Goodwill-verkkokauppa","url":"https:\/\/goodwill.fi\/kauppa\/","logo":{"@type":"ImageObject","inLanguage":"fi","@id":"https:\/\/goodwill.fi\/kauppa\/#\/schema\/logo\/image\/","url":"https:\/\/goodwill.fi\/kauppa\/wp-content\/uploads\/2021\/02\/cropped-logo_gw_store-723x211-1.png","contentUrl":"https:\/\/goodwill.fi\/kauppa\/wp-content\/uploads\/2021\/02\/cropped-logo_gw_store-723x211-1.png","width":723,"height":207,"caption":"Goodwill-verkkokauppa"},"image":{"@id":"https:\/\/goodwill.fi\/kauppa\/#\/schema\/logo\/image\/"}}]}},"_links":{"self":[{"href":"https:\/\/goodwill.fi\/kauppa\/wp-json\/wp\/v2\/product\/53912","targetHints":{"allow":["GET"]}}],"collection":[{"href":"https:\/\/goodwill.fi\/kauppa\/wp-json\/wp\/v2\/product"}],"about":[{"href":"https:\/\/goodwill.fi\/kauppa\/wp-json\/wp\/v2\/types\/product"}],"replies":[{"embeddable":true,"href":"https:\/\/goodwill.fi\/kauppa\/wp-json\/wp\/v2\/comments?post=53912"}],"wp:featuredmedia":[{"embeddable":true,"href":"https:\/\/goodwill.fi\/kauppa\/wp-json\/wp\/v2\/media\/53913"}],"wp:attachment":[{"href":"https:\/\/goodwill.fi\/kauppa\/wp-json\/wp\/v2\/media?parent=53912"}],"wp:term":[{"taxonomy":"product_brand","embeddable":true,"href":"https:\/\/goodwill.fi\/kauppa\/wp-json\/wp\/v2\/product_brand?post=53912"},{"taxonomy":"product_cat","embeddable":true,"href":"https:\/\/goodwill.fi\/kauppa\/wp-json\/wp\/v2\/product_cat?post=53912"},{"taxonomy":"product_tag","embeddable":true,"href":"https:\/\/goodwill.fi\/kauppa\/wp-json\/wp\/v2\/product_tag?post=53912"}],"curies":[{"name":"wp","href":"https:\/\/api.w.org\/{rel}","templated":true}]}}