{"id":53577,"date":"2025-06-17T12:32:24","date_gmt":"2025-06-17T09:32:24","guid":{"rendered":"https:\/\/goodwill.fi\/kauppa\/?post_type=product&#038;p=53577"},"modified":"2025-07-04T23:14:09","modified_gmt":"2025-07-04T20:14:09","slug":"zapp-grimmin-satukirjasto","status":"publish","type":"product","link":"https:\/\/goodwill.fi\/kauppa\/tuote\/zapp-grimmin-satukirjasto\/","title":{"rendered":"ZAPP GRIMMIN SATUKIRJASTO"},"content":{"rendered":"<p>Valmistaja: Zapp<br \/>\nValmistusvuosi: 1995<br \/>\nMitat: pituus 18 cm, leveys 12 cm, korkeus 13 cm, paino 587 g<br \/>\nMateriaali: pahvi, paperi, karva<br \/>\nV\u00e4ri: moniv\u00e4rinen<br \/>\nKunto: ehj\u00e4, hieman k\u00e4yt\u00f6n j\u00e4lki\u00e4, kirjojen kansissa pient\u00e4 painaumaa, k\u00f6yden reikien kohdissa repe\u00e4m\u00e4\u00e4<\/p>\n","protected":false},"excerpt":{"rendered":"<p>Valmistaja: Zapp Valmistusvuosi: 1995 Mitat: pituus 18 cm, leveys 12 cm, korkeus 13 cm, paino 587 g Materiaali: pahvi, paperi, karva V\u00e4ri: moniv\u00e4rinen Kunto: ehj\u00e4, hieman k\u00e4yt\u00f6n j\u00e4lki\u00e4, kirjojen kansissa pient\u00e4 painaumaa, k\u00f6yden reikien kohdissa repe\u00e4m\u00e4\u00e4<\/p>\n","protected":false},"featured_media":53583,"comment_status":"open","ping_status":"closed","template":"","meta":[],"product_brand":[],"product_cat":[159,143,150],"product_tag":[15771,15769,13180,15626,7630,15770,15768],"class_list":{"0":"post-53577","1":"product","2":"type-product","3":"status-publish","4":"has-post-thumbnail","6":"product_cat-kaikki","7":"product_cat-viihde-2","8":"product_cat-kirjat-2","9":"product_tag-grimm","10":"product_tag-grimmin-sadut","11":"product_tag-kirjasto","12":"product_tag-sadut","13":"product_tag-satu","14":"product_tag-satukirjasto","15":"product_tag-zapp","17":"first","18":"outofstock","19":"taxable","20":"shipping-taxable","21":"purchasable","22":"product-type-simple"},"yoast_head":"<!-- This site is optimized with the Yoast SEO plugin v27.1.1 - https:\/\/yoast.com\/product\/yoast-seo-wordpress\/ -->\n<title>ZAPP GRIMMIN SATUKIRJASTO - Goodwill-verkkokauppa<\/title>\n<meta name=\"description\" content=\"Valmistaja: Zapp Valmistusvuosi: 1995 Mitat: pituus 18 cm, leveys 12 cm, korkeus 13 cm, paino 587 g Materiaali: pahvi, paperi, karva\" \/>\n<meta name=\"robots\" content=\"index, follow, max-snippet:-1, max-image-preview:large, max-video-preview:-1\" \/>\n<link rel=\"canonical\" href=\"https:\/\/goodwill.fi\/kauppa\/tuote\/zapp-grimmin-satukirjasto\/\" \/>\n<meta property=\"og:locale\" content=\"fi_FI\" \/>\n<meta property=\"og:type\" content=\"article\" \/>\n<meta property=\"og:title\" content=\"ZAPP GRIMMIN SATUKIRJASTO - Goodwill-verkkokauppa\" \/>\n<meta property=\"og:description\" content=\"Valmistaja: Zapp Valmistusvuosi: 1995 Mitat: pituus 18 cm, leveys 12 cm, korkeus 13 cm, paino 587 g Materiaali: pahvi, paperi, karva\" \/>\n<meta property=\"og:url\" content=\"https:\/\/goodwill.fi\/kauppa\/tuote\/zapp-grimmin-satukirjasto\/\" \/>\n<meta property=\"og:site_name\" content=\"Goodwill-verkkokauppa\" \/>\n<meta property=\"article:modified_time\" content=\"2025-07-04T20:14:09+00:00\" \/>\n<meta property=\"og:image\" content=\"https:\/\/goodwill.fi\/kauppa\/wp-content\/uploads\/2025\/06\/IMG_8827-scaled-e1750151917459.jpg\" \/>\n\t<meta property=\"og:image:width\" content=\"2260\" \/>\n\t<meta property=\"og:image:height\" content=\"1707\" \/>\n\t<meta property=\"og:image:type\" content=\"image\/jpeg\" \/>\n<meta name=\"twitter:card\" content=\"summary_large_image\" \/>\n<meta name=\"twitter:label1\" content=\"Arvioitu lukuaika\" \/>\n\t<meta name=\"twitter:data1\" content=\"1 minuutti\" \/>\n<script type=\"application\/ld+json\" class=\"yoast-schema-graph\">{\"@context\":\"https:\/\/schema.org\",\"@graph\":[{\"@type\":\"WebPage\",\"@id\":\"https:\/\/goodwill.fi\/kauppa\/tuote\/zapp-grimmin-satukirjasto\/\",\"url\":\"https:\/\/goodwill.fi\/kauppa\/tuote\/zapp-grimmin-satukirjasto\/\",\"name\":\"ZAPP GRIMMIN SATUKIRJASTO - Goodwill-verkkokauppa\",\"isPartOf\":{\"@id\":\"https:\/\/goodwill.fi\/kauppa\/#website\"},\"primaryImageOfPage\":{\"@id\":\"https:\/\/goodwill.fi\/kauppa\/tuote\/zapp-grimmin-satukirjasto\/#primaryimage\"},\"image\":{\"@id\":\"https:\/\/goodwill.fi\/kauppa\/tuote\/zapp-grimmin-satukirjasto\/#primaryimage\"},\"thumbnailUrl\":\"https:\/\/goodwill.fi\/kauppa\/wp-content\/uploads\/2025\/06\/IMG_8827-scaled-e1750151917459.jpg\",\"datePublished\":\"2025-06-17T09:32:24+00:00\",\"dateModified\":\"2025-07-04T20:14:09+00:00\",\"description\":\"Valmistaja: Zapp Valmistusvuosi: 1995 Mitat: pituus 18 cm, leveys 12 cm, korkeus 13 cm, paino 587 g Materiaali: pahvi, paperi, karva\",\"breadcrumb\":{\"@id\":\"https:\/\/goodwill.fi\/kauppa\/tuote\/zapp-grimmin-satukirjasto\/#breadcrumb\"},\"inLanguage\":\"fi\",\"potentialAction\":[{\"@type\":\"ReadAction\",\"target\":[\"https:\/\/goodwill.fi\/kauppa\/tuote\/zapp-grimmin-satukirjasto\/\"]}]},{\"@type\":\"ImageObject\",\"inLanguage\":\"fi\",\"@id\":\"https:\/\/goodwill.fi\/kauppa\/tuote\/zapp-grimmin-satukirjasto\/#primaryimage\",\"url\":\"https:\/\/goodwill.fi\/kauppa\/wp-content\/uploads\/2025\/06\/IMG_8827-scaled-e1750151917459.jpg\",\"contentUrl\":\"https:\/\/goodwill.fi\/kauppa\/wp-content\/uploads\/2025\/06\/IMG_8827-scaled-e1750151917459.jpg\",\"width\":2260,\"height\":1707},{\"@type\":\"BreadcrumbList\",\"@id\":\"https:\/\/goodwill.fi\/kauppa\/tuote\/zapp-grimmin-satukirjasto\/#breadcrumb\",\"itemListElement\":[{\"@type\":\"ListItem\",\"position\":1,\"name\":\"Home\",\"item\":\"https:\/\/goodwill.fi\/kauppa\/\"},{\"@type\":\"ListItem\",\"position\":2,\"name\":\"Shop\",\"item\":\"https:\/\/goodwill.fi\/kauppa\/shop\/\"},{\"@type\":\"ListItem\",\"position\":3,\"name\":\"ZAPP GRIMMIN SATUKIRJASTO\"}]},{\"@type\":\"WebSite\",\"@id\":\"https:\/\/goodwill.fi\/kauppa\/#website\",\"url\":\"https:\/\/goodwill.fi\/kauppa\/\",\"name\":\"Goodwill-verkkokauppa\",\"description\":\"Kierr\u00e4tysmyym\u00e4l\u00e4 verkossa\",\"publisher\":{\"@id\":\"https:\/\/goodwill.fi\/kauppa\/#organization\"},\"potentialAction\":[{\"@type\":\"SearchAction\",\"target\":{\"@type\":\"EntryPoint\",\"urlTemplate\":\"https:\/\/goodwill.fi\/kauppa\/?s={search_term_string}\"},\"query-input\":{\"@type\":\"PropertyValueSpecification\",\"valueRequired\":true,\"valueName\":\"search_term_string\"}}],\"inLanguage\":\"fi\"},{\"@type\":\"Organization\",\"@id\":\"https:\/\/goodwill.fi\/kauppa\/#organization\",\"name\":\"Goodwill-verkkokauppa\",\"url\":\"https:\/\/goodwill.fi\/kauppa\/\",\"logo\":{\"@type\":\"ImageObject\",\"inLanguage\":\"fi\",\"@id\":\"https:\/\/goodwill.fi\/kauppa\/#\/schema\/logo\/image\/\",\"url\":\"https:\/\/goodwill.fi\/kauppa\/wp-content\/uploads\/2021\/02\/cropped-logo_gw_store-723x211-1.png\",\"contentUrl\":\"https:\/\/goodwill.fi\/kauppa\/wp-content\/uploads\/2021\/02\/cropped-logo_gw_store-723x211-1.png\",\"width\":723,\"height\":207,\"caption\":\"Goodwill-verkkokauppa\"},\"image\":{\"@id\":\"https:\/\/goodwill.fi\/kauppa\/#\/schema\/logo\/image\/\"}}]}<\/script>\n<!-- \/ Yoast SEO plugin. -->","yoast_head_json":{"title":"ZAPP GRIMMIN SATUKIRJASTO - Goodwill-verkkokauppa","description":"Valmistaja: Zapp Valmistusvuosi: 1995 Mitat: pituus 18 cm, leveys 12 cm, korkeus 13 cm, paino 587 g Materiaali: pahvi, paperi, karva","robots":{"index":"index","follow":"follow","max-snippet":"max-snippet:-1","max-image-preview":"max-image-preview:large","max-video-preview":"max-video-preview:-1"},"canonical":"https:\/\/goodwill.fi\/kauppa\/tuote\/zapp-grimmin-satukirjasto\/","og_locale":"fi_FI","og_type":"article","og_title":"ZAPP GRIMMIN SATUKIRJASTO - Goodwill-verkkokauppa","og_description":"Valmistaja: Zapp Valmistusvuosi: 1995 Mitat: pituus 18 cm, leveys 12 cm, korkeus 13 cm, paino 587 g Materiaali: pahvi, paperi, karva","og_url":"https:\/\/goodwill.fi\/kauppa\/tuote\/zapp-grimmin-satukirjasto\/","og_site_name":"Goodwill-verkkokauppa","article_modified_time":"2025-07-04T20:14:09+00:00","og_image":[{"width":2260,"height":1707,"url":"https:\/\/goodwill.fi\/kauppa\/wp-content\/uploads\/2025\/06\/IMG_8827-scaled-e1750151917459.jpg","type":"image\/jpeg"}],"twitter_card":"summary_large_image","twitter_misc":{"Arvioitu lukuaika":"1 minuutti"},"schema":{"@context":"https:\/\/schema.org","@graph":[{"@type":"WebPage","@id":"https:\/\/goodwill.fi\/kauppa\/tuote\/zapp-grimmin-satukirjasto\/","url":"https:\/\/goodwill.fi\/kauppa\/tuote\/zapp-grimmin-satukirjasto\/","name":"ZAPP GRIMMIN SATUKIRJASTO - Goodwill-verkkokauppa","isPartOf":{"@id":"https:\/\/goodwill.fi\/kauppa\/#website"},"primaryImageOfPage":{"@id":"https:\/\/goodwill.fi\/kauppa\/tuote\/zapp-grimmin-satukirjasto\/#primaryimage"},"image":{"@id":"https:\/\/goodwill.fi\/kauppa\/tuote\/zapp-grimmin-satukirjasto\/#primaryimage"},"thumbnailUrl":"https:\/\/goodwill.fi\/kauppa\/wp-content\/uploads\/2025\/06\/IMG_8827-scaled-e1750151917459.jpg","datePublished":"2025-06-17T09:32:24+00:00","dateModified":"2025-07-04T20:14:09+00:00","description":"Valmistaja: Zapp Valmistusvuosi: 1995 Mitat: pituus 18 cm, leveys 12 cm, korkeus 13 cm, paino 587 g Materiaali: pahvi, paperi, karva","breadcrumb":{"@id":"https:\/\/goodwill.fi\/kauppa\/tuote\/zapp-grimmin-satukirjasto\/#breadcrumb"},"inLanguage":"fi","potentialAction":[{"@type":"ReadAction","target":["https:\/\/goodwill.fi\/kauppa\/tuote\/zapp-grimmin-satukirjasto\/"]}]},{"@type":"ImageObject","inLanguage":"fi","@id":"https:\/\/goodwill.fi\/kauppa\/tuote\/zapp-grimmin-satukirjasto\/#primaryimage","url":"https:\/\/goodwill.fi\/kauppa\/wp-content\/uploads\/2025\/06\/IMG_8827-scaled-e1750151917459.jpg","contentUrl":"https:\/\/goodwill.fi\/kauppa\/wp-content\/uploads\/2025\/06\/IMG_8827-scaled-e1750151917459.jpg","width":2260,"height":1707},{"@type":"BreadcrumbList","@id":"https:\/\/goodwill.fi\/kauppa\/tuote\/zapp-grimmin-satukirjasto\/#breadcrumb","itemListElement":[{"@type":"ListItem","position":1,"name":"Home","item":"https:\/\/goodwill.fi\/kauppa\/"},{"@type":"ListItem","position":2,"name":"Shop","item":"https:\/\/goodwill.fi\/kauppa\/shop\/"},{"@type":"ListItem","position":3,"name":"ZAPP GRIMMIN SATUKIRJASTO"}]},{"@type":"WebSite","@id":"https:\/\/goodwill.fi\/kauppa\/#website","url":"https:\/\/goodwill.fi\/kauppa\/","name":"Goodwill-verkkokauppa","description":"Kierr\u00e4tysmyym\u00e4l\u00e4 verkossa","publisher":{"@id":"https:\/\/goodwill.fi\/kauppa\/#organization"},"potentialAction":[{"@type":"SearchAction","target":{"@type":"EntryPoint","urlTemplate":"https:\/\/goodwill.fi\/kauppa\/?s={search_term_string}"},"query-input":{"@type":"PropertyValueSpecification","valueRequired":true,"valueName":"search_term_string"}}],"inLanguage":"fi"},{"@type":"Organization","@id":"https:\/\/goodwill.fi\/kauppa\/#organization","name":"Goodwill-verkkokauppa","url":"https:\/\/goodwill.fi\/kauppa\/","logo":{"@type":"ImageObject","inLanguage":"fi","@id":"https:\/\/goodwill.fi\/kauppa\/#\/schema\/logo\/image\/","url":"https:\/\/goodwill.fi\/kauppa\/wp-content\/uploads\/2021\/02\/cropped-logo_gw_store-723x211-1.png","contentUrl":"https:\/\/goodwill.fi\/kauppa\/wp-content\/uploads\/2021\/02\/cropped-logo_gw_store-723x211-1.png","width":723,"height":207,"caption":"Goodwill-verkkokauppa"},"image":{"@id":"https:\/\/goodwill.fi\/kauppa\/#\/schema\/logo\/image\/"}}]}},"_links":{"self":[{"href":"https:\/\/goodwill.fi\/kauppa\/wp-json\/wp\/v2\/product\/53577","targetHints":{"allow":["GET"]}}],"collection":[{"href":"https:\/\/goodwill.fi\/kauppa\/wp-json\/wp\/v2\/product"}],"about":[{"href":"https:\/\/goodwill.fi\/kauppa\/wp-json\/wp\/v2\/types\/product"}],"replies":[{"embeddable":true,"href":"https:\/\/goodwill.fi\/kauppa\/wp-json\/wp\/v2\/comments?post=53577"}],"wp:featuredmedia":[{"embeddable":true,"href":"https:\/\/goodwill.fi\/kauppa\/wp-json\/wp\/v2\/media\/53583"}],"wp:attachment":[{"href":"https:\/\/goodwill.fi\/kauppa\/wp-json\/wp\/v2\/media?parent=53577"}],"wp:term":[{"taxonomy":"product_brand","embeddable":true,"href":"https:\/\/goodwill.fi\/kauppa\/wp-json\/wp\/v2\/product_brand?post=53577"},{"taxonomy":"product_cat","embeddable":true,"href":"https:\/\/goodwill.fi\/kauppa\/wp-json\/wp\/v2\/product_cat?post=53577"},{"taxonomy":"product_tag","embeddable":true,"href":"https:\/\/goodwill.fi\/kauppa\/wp-json\/wp\/v2\/product_tag?post=53577"}],"curies":[{"name":"wp","href":"https:\/\/api.w.org\/{rel}","templated":true}]}}