{"id":52760,"date":"2025-06-09T13:39:01","date_gmt":"2025-06-09T10:39:01","guid":{"rendered":"https:\/\/goodwill.fi\/kauppa\/?post_type=product&#038;p=52760"},"modified":"2025-07-14T18:01:30","modified_gmt":"2025-07-14T15:01:30","slug":"iittala-krouvi-tuoppi","status":"publish","type":"product","link":"https:\/\/goodwill.fi\/kauppa\/tuote\/iittala-krouvi-tuoppi\/","title":{"rendered":"IITTALA KROUVI TUOPPI"},"content":{"rendered":"<p>Suunnittelija: Oiva Toikka<br \/>\nValmistaja: Iittala<br \/>\nMitat: halkaisija 14 cm, korkeus 12 cm, paino 640 g<br \/>\nV\u00e4ri: l\u00e4pin\u00e4kyv\u00e4<br \/>\nMateriaali: lasi<br \/>\nKunto: ehj\u00e4, v\u00e4h\u00e4n k\u00e4yt\u00f6n j\u00e4lki\u00e4<br \/>\nHuom: Iittalan tarra l\u00f6ytyy.<\/p>\n","protected":false},"excerpt":{"rendered":"<p>Suunnittelija: Oiva Toikka Valmistaja: Iittala Mitat: halkaisija 14 cm, korkeus 12 cm, paino 640 g V\u00e4ri: l\u00e4pin\u00e4kyv\u00e4 Materiaali: lasi Kunto: ehj\u00e4, v\u00e4h\u00e4n k\u00e4yt\u00f6n j\u00e4lki\u00e4 Huom: Iittalan tarra l\u00f6ytyy.<\/p>\n","protected":false},"featured_media":52761,"comment_status":"open","ping_status":"closed","template":"","meta":[],"product_brand":[14681],"product_cat":[159,14854,166,14862],"product_tag":[226,2721,5308,314,352,398,1964,836,1313],"class_list":{"0":"post-52760","1":"product","2":"type-product","3":"status-publish","4":"has-post-thumbnail","6":"product_brand-iittala","7":"product_cat-kaikki","8":"product_cat-iittala","9":"product_cat-astiat-2","10":"product_cat-kupit-lasit","11":"product_tag-iittala","12":"product_tag-kolpakko","13":"product_tag-krouvi","14":"product_tag-kuppi","15":"product_tag-lasi","16":"product_tag-muki","17":"product_tag-oiva","18":"product_tag-toikka","19":"product_tag-tuoppi","21":"first","22":"outofstock","23":"taxable","24":"shipping-taxable","25":"purchasable","26":"product-type-simple"},"yoast_head":"<!-- This site is optimized with the Yoast SEO plugin v27.1.1 - https:\/\/yoast.com\/product\/yoast-seo-wordpress\/ -->\n<title>IITTALA KROUVI TUOPPI - Goodwill-verkkokauppa<\/title>\n<meta name=\"description\" content=\"Valmistaja: Iittala Mitat: halkaisija 14 cm, korkeus 12 cm, paino 640 g V\u00e4ri: l\u00e4pin\u00e4kyv\u00e4 Materiaali: lasi Kunto: ehj\u00e4, v\u00e4h\u00e4n k\u00e4yt\u00f6n j\u00e4lki\u00e4\" \/>\n<meta name=\"robots\" content=\"index, follow, max-snippet:-1, max-image-preview:large, max-video-preview:-1\" \/>\n<link rel=\"canonical\" href=\"https:\/\/goodwill.fi\/kauppa\/tuote\/iittala-krouvi-tuoppi\/\" \/>\n<meta property=\"og:locale\" content=\"fi_FI\" \/>\n<meta property=\"og:type\" content=\"article\" \/>\n<meta property=\"og:title\" content=\"IITTALA KROUVI TUOPPI - Goodwill-verkkokauppa\" \/>\n<meta property=\"og:description\" content=\"Valmistaja: Iittala Mitat: halkaisija 14 cm, korkeus 12 cm, paino 640 g V\u00e4ri: l\u00e4pin\u00e4kyv\u00e4 Materiaali: lasi Kunto: ehj\u00e4, v\u00e4h\u00e4n k\u00e4yt\u00f6n j\u00e4lki\u00e4\" \/>\n<meta property=\"og:url\" content=\"https:\/\/goodwill.fi\/kauppa\/tuote\/iittala-krouvi-tuoppi\/\" \/>\n<meta property=\"og:site_name\" content=\"Goodwill-verkkokauppa\" \/>\n<meta property=\"article:modified_time\" content=\"2025-07-14T15:01:30+00:00\" \/>\n<meta property=\"og:image\" content=\"https:\/\/goodwill.fi\/kauppa\/wp-content\/uploads\/2025\/06\/IMG_8496-scaled-e1749465310867.jpg\" \/>\n\t<meta property=\"og:image:width\" content=\"2274\" \/>\n\t<meta property=\"og:image:height\" content=\"1707\" \/>\n\t<meta property=\"og:image:type\" content=\"image\/jpeg\" \/>\n<meta name=\"twitter:card\" content=\"summary_large_image\" \/>\n<meta name=\"twitter:label1\" content=\"Arvioitu lukuaika\" \/>\n\t<meta name=\"twitter:data1\" content=\"1 minuutti\" \/>\n<script type=\"application\/ld+json\" class=\"yoast-schema-graph\">{\"@context\":\"https:\/\/schema.org\",\"@graph\":[{\"@type\":\"WebPage\",\"@id\":\"https:\/\/goodwill.fi\/kauppa\/tuote\/iittala-krouvi-tuoppi\/\",\"url\":\"https:\/\/goodwill.fi\/kauppa\/tuote\/iittala-krouvi-tuoppi\/\",\"name\":\"IITTALA KROUVI TUOPPI - Goodwill-verkkokauppa\",\"isPartOf\":{\"@id\":\"https:\/\/goodwill.fi\/kauppa\/#website\"},\"primaryImageOfPage\":{\"@id\":\"https:\/\/goodwill.fi\/kauppa\/tuote\/iittala-krouvi-tuoppi\/#primaryimage\"},\"image\":{\"@id\":\"https:\/\/goodwill.fi\/kauppa\/tuote\/iittala-krouvi-tuoppi\/#primaryimage\"},\"thumbnailUrl\":\"https:\/\/goodwill.fi\/kauppa\/wp-content\/uploads\/2025\/06\/IMG_8496-scaled-e1749465310867.jpg\",\"datePublished\":\"2025-06-09T10:39:01+00:00\",\"dateModified\":\"2025-07-14T15:01:30+00:00\",\"description\":\"Valmistaja: Iittala Mitat: halkaisija 14 cm, korkeus 12 cm, paino 640 g V\u00e4ri: l\u00e4pin\u00e4kyv\u00e4 Materiaali: lasi Kunto: ehj\u00e4, v\u00e4h\u00e4n k\u00e4yt\u00f6n j\u00e4lki\u00e4\",\"breadcrumb\":{\"@id\":\"https:\/\/goodwill.fi\/kauppa\/tuote\/iittala-krouvi-tuoppi\/#breadcrumb\"},\"inLanguage\":\"fi\",\"potentialAction\":[{\"@type\":\"ReadAction\",\"target\":[\"https:\/\/goodwill.fi\/kauppa\/tuote\/iittala-krouvi-tuoppi\/\"]}]},{\"@type\":\"ImageObject\",\"inLanguage\":\"fi\",\"@id\":\"https:\/\/goodwill.fi\/kauppa\/tuote\/iittala-krouvi-tuoppi\/#primaryimage\",\"url\":\"https:\/\/goodwill.fi\/kauppa\/wp-content\/uploads\/2025\/06\/IMG_8496-scaled-e1749465310867.jpg\",\"contentUrl\":\"https:\/\/goodwill.fi\/kauppa\/wp-content\/uploads\/2025\/06\/IMG_8496-scaled-e1749465310867.jpg\",\"width\":2274,\"height\":1707},{\"@type\":\"BreadcrumbList\",\"@id\":\"https:\/\/goodwill.fi\/kauppa\/tuote\/iittala-krouvi-tuoppi\/#breadcrumb\",\"itemListElement\":[{\"@type\":\"ListItem\",\"position\":1,\"name\":\"Home\",\"item\":\"https:\/\/goodwill.fi\/kauppa\/\"},{\"@type\":\"ListItem\",\"position\":2,\"name\":\"Shop\",\"item\":\"https:\/\/goodwill.fi\/kauppa\/shop\/\"},{\"@type\":\"ListItem\",\"position\":3,\"name\":\"IITTALA KROUVI TUOPPI\"}]},{\"@type\":\"WebSite\",\"@id\":\"https:\/\/goodwill.fi\/kauppa\/#website\",\"url\":\"https:\/\/goodwill.fi\/kauppa\/\",\"name\":\"Goodwill-verkkokauppa\",\"description\":\"Kierr\u00e4tysmyym\u00e4l\u00e4 verkossa\",\"publisher\":{\"@id\":\"https:\/\/goodwill.fi\/kauppa\/#organization\"},\"potentialAction\":[{\"@type\":\"SearchAction\",\"target\":{\"@type\":\"EntryPoint\",\"urlTemplate\":\"https:\/\/goodwill.fi\/kauppa\/?s={search_term_string}\"},\"query-input\":{\"@type\":\"PropertyValueSpecification\",\"valueRequired\":true,\"valueName\":\"search_term_string\"}}],\"inLanguage\":\"fi\"},{\"@type\":\"Organization\",\"@id\":\"https:\/\/goodwill.fi\/kauppa\/#organization\",\"name\":\"Goodwill-verkkokauppa\",\"url\":\"https:\/\/goodwill.fi\/kauppa\/\",\"logo\":{\"@type\":\"ImageObject\",\"inLanguage\":\"fi\",\"@id\":\"https:\/\/goodwill.fi\/kauppa\/#\/schema\/logo\/image\/\",\"url\":\"https:\/\/goodwill.fi\/kauppa\/wp-content\/uploads\/2021\/02\/cropped-logo_gw_store-723x211-1.png\",\"contentUrl\":\"https:\/\/goodwill.fi\/kauppa\/wp-content\/uploads\/2021\/02\/cropped-logo_gw_store-723x211-1.png\",\"width\":723,\"height\":207,\"caption\":\"Goodwill-verkkokauppa\"},\"image\":{\"@id\":\"https:\/\/goodwill.fi\/kauppa\/#\/schema\/logo\/image\/\"}}]}<\/script>\n<!-- \/ Yoast SEO plugin. -->","yoast_head_json":{"title":"IITTALA KROUVI TUOPPI - Goodwill-verkkokauppa","description":"Valmistaja: Iittala Mitat: halkaisija 14 cm, korkeus 12 cm, paino 640 g V\u00e4ri: l\u00e4pin\u00e4kyv\u00e4 Materiaali: lasi Kunto: ehj\u00e4, v\u00e4h\u00e4n k\u00e4yt\u00f6n j\u00e4lki\u00e4","robots":{"index":"index","follow":"follow","max-snippet":"max-snippet:-1","max-image-preview":"max-image-preview:large","max-video-preview":"max-video-preview:-1"},"canonical":"https:\/\/goodwill.fi\/kauppa\/tuote\/iittala-krouvi-tuoppi\/","og_locale":"fi_FI","og_type":"article","og_title":"IITTALA KROUVI TUOPPI - Goodwill-verkkokauppa","og_description":"Valmistaja: Iittala Mitat: halkaisija 14 cm, korkeus 12 cm, paino 640 g V\u00e4ri: l\u00e4pin\u00e4kyv\u00e4 Materiaali: lasi Kunto: ehj\u00e4, v\u00e4h\u00e4n k\u00e4yt\u00f6n j\u00e4lki\u00e4","og_url":"https:\/\/goodwill.fi\/kauppa\/tuote\/iittala-krouvi-tuoppi\/","og_site_name":"Goodwill-verkkokauppa","article_modified_time":"2025-07-14T15:01:30+00:00","og_image":[{"width":2274,"height":1707,"url":"https:\/\/goodwill.fi\/kauppa\/wp-content\/uploads\/2025\/06\/IMG_8496-scaled-e1749465310867.jpg","type":"image\/jpeg"}],"twitter_card":"summary_large_image","twitter_misc":{"Arvioitu lukuaika":"1 minuutti"},"schema":{"@context":"https:\/\/schema.org","@graph":[{"@type":"WebPage","@id":"https:\/\/goodwill.fi\/kauppa\/tuote\/iittala-krouvi-tuoppi\/","url":"https:\/\/goodwill.fi\/kauppa\/tuote\/iittala-krouvi-tuoppi\/","name":"IITTALA KROUVI TUOPPI - Goodwill-verkkokauppa","isPartOf":{"@id":"https:\/\/goodwill.fi\/kauppa\/#website"},"primaryImageOfPage":{"@id":"https:\/\/goodwill.fi\/kauppa\/tuote\/iittala-krouvi-tuoppi\/#primaryimage"},"image":{"@id":"https:\/\/goodwill.fi\/kauppa\/tuote\/iittala-krouvi-tuoppi\/#primaryimage"},"thumbnailUrl":"https:\/\/goodwill.fi\/kauppa\/wp-content\/uploads\/2025\/06\/IMG_8496-scaled-e1749465310867.jpg","datePublished":"2025-06-09T10:39:01+00:00","dateModified":"2025-07-14T15:01:30+00:00","description":"Valmistaja: Iittala Mitat: halkaisija 14 cm, korkeus 12 cm, paino 640 g V\u00e4ri: l\u00e4pin\u00e4kyv\u00e4 Materiaali: lasi Kunto: ehj\u00e4, v\u00e4h\u00e4n k\u00e4yt\u00f6n j\u00e4lki\u00e4","breadcrumb":{"@id":"https:\/\/goodwill.fi\/kauppa\/tuote\/iittala-krouvi-tuoppi\/#breadcrumb"},"inLanguage":"fi","potentialAction":[{"@type":"ReadAction","target":["https:\/\/goodwill.fi\/kauppa\/tuote\/iittala-krouvi-tuoppi\/"]}]},{"@type":"ImageObject","inLanguage":"fi","@id":"https:\/\/goodwill.fi\/kauppa\/tuote\/iittala-krouvi-tuoppi\/#primaryimage","url":"https:\/\/goodwill.fi\/kauppa\/wp-content\/uploads\/2025\/06\/IMG_8496-scaled-e1749465310867.jpg","contentUrl":"https:\/\/goodwill.fi\/kauppa\/wp-content\/uploads\/2025\/06\/IMG_8496-scaled-e1749465310867.jpg","width":2274,"height":1707},{"@type":"BreadcrumbList","@id":"https:\/\/goodwill.fi\/kauppa\/tuote\/iittala-krouvi-tuoppi\/#breadcrumb","itemListElement":[{"@type":"ListItem","position":1,"name":"Home","item":"https:\/\/goodwill.fi\/kauppa\/"},{"@type":"ListItem","position":2,"name":"Shop","item":"https:\/\/goodwill.fi\/kauppa\/shop\/"},{"@type":"ListItem","position":3,"name":"IITTALA KROUVI TUOPPI"}]},{"@type":"WebSite","@id":"https:\/\/goodwill.fi\/kauppa\/#website","url":"https:\/\/goodwill.fi\/kauppa\/","name":"Goodwill-verkkokauppa","description":"Kierr\u00e4tysmyym\u00e4l\u00e4 verkossa","publisher":{"@id":"https:\/\/goodwill.fi\/kauppa\/#organization"},"potentialAction":[{"@type":"SearchAction","target":{"@type":"EntryPoint","urlTemplate":"https:\/\/goodwill.fi\/kauppa\/?s={search_term_string}"},"query-input":{"@type":"PropertyValueSpecification","valueRequired":true,"valueName":"search_term_string"}}],"inLanguage":"fi"},{"@type":"Organization","@id":"https:\/\/goodwill.fi\/kauppa\/#organization","name":"Goodwill-verkkokauppa","url":"https:\/\/goodwill.fi\/kauppa\/","logo":{"@type":"ImageObject","inLanguage":"fi","@id":"https:\/\/goodwill.fi\/kauppa\/#\/schema\/logo\/image\/","url":"https:\/\/goodwill.fi\/kauppa\/wp-content\/uploads\/2021\/02\/cropped-logo_gw_store-723x211-1.png","contentUrl":"https:\/\/goodwill.fi\/kauppa\/wp-content\/uploads\/2021\/02\/cropped-logo_gw_store-723x211-1.png","width":723,"height":207,"caption":"Goodwill-verkkokauppa"},"image":{"@id":"https:\/\/goodwill.fi\/kauppa\/#\/schema\/logo\/image\/"}}]}},"_links":{"self":[{"href":"https:\/\/goodwill.fi\/kauppa\/wp-json\/wp\/v2\/product\/52760","targetHints":{"allow":["GET"]}}],"collection":[{"href":"https:\/\/goodwill.fi\/kauppa\/wp-json\/wp\/v2\/product"}],"about":[{"href":"https:\/\/goodwill.fi\/kauppa\/wp-json\/wp\/v2\/types\/product"}],"replies":[{"embeddable":true,"href":"https:\/\/goodwill.fi\/kauppa\/wp-json\/wp\/v2\/comments?post=52760"}],"wp:featuredmedia":[{"embeddable":true,"href":"https:\/\/goodwill.fi\/kauppa\/wp-json\/wp\/v2\/media\/52761"}],"wp:attachment":[{"href":"https:\/\/goodwill.fi\/kauppa\/wp-json\/wp\/v2\/media?parent=52760"}],"wp:term":[{"taxonomy":"product_brand","embeddable":true,"href":"https:\/\/goodwill.fi\/kauppa\/wp-json\/wp\/v2\/product_brand?post=52760"},{"taxonomy":"product_cat","embeddable":true,"href":"https:\/\/goodwill.fi\/kauppa\/wp-json\/wp\/v2\/product_cat?post=52760"},{"taxonomy":"product_tag","embeddable":true,"href":"https:\/\/goodwill.fi\/kauppa\/wp-json\/wp\/v2\/product_tag?post=52760"}],"curies":[{"name":"wp","href":"https:\/\/api.w.org\/{rel}","templated":true}]}}