{"id":50073,"date":"2025-05-08T14:11:46","date_gmt":"2025-05-08T11:11:46","guid":{"rendered":"https:\/\/goodwill.fi\/kauppa\/?post_type=product&#038;p=50073"},"modified":"2025-05-08T14:11:46","modified_gmt":"2025-05-08T11:11:46","slug":"poliisiauto-kuan-wu-toys-secret-police-car","status":"publish","type":"product","link":"https:\/\/goodwill.fi\/kauppa\/tuote\/poliisiauto-kuan-wu-toys-secret-police-car\/","title":{"rendered":"POLIISIAUTO KUAN WU TOYS SECRET POLICE CAR"},"content":{"rendered":"<p>Valmistaja: Kuan wu toys<br \/>\nValmistusvuosi: 1988<br \/>\nMitat: Pituus 42cm, korkeus noin 12,5cm , paino 1kg 198g<br \/>\nV\u00e4ri: Musta<br \/>\nMateriaali: Muovi<br \/>\nKunto: k\u00e4ytetty, toimii paristoilla. Toinen poliisiauton ovista ei aina aukea oikein. \u00c4\u00e4net ja valot toimivat, liikkuu.<\/p>\n","protected":false},"excerpt":{"rendered":"<p>Valmistaja: Kuan wu toys Valmistusvuosi: 1988 Mitat: Pituus 42cm, korkeus noin 12,5cm , paino 1kg 198g V\u00e4ri: Musta Materiaali: Muovi Kunto: k\u00e4ytetty, toimii paristoilla. Toinen poliisiauton ovista ei aina aukea oikein. \u00c4\u00e4net ja valot toimivat, liikkuu.<\/p>\n","protected":false},"featured_media":50212,"comment_status":"open","ping_status":"closed","template":"","meta":[],"product_brand":[],"product_cat":[159,180,14860,184,143,187],"product_tag":[6281,15159,15157,3845,15158,10967,271,15156],"class_list":{"0":"post-50073","1":"product","2":"type-product","3":"status-publish","4":"has-post-thumbnail","6":"product_cat-kaikki","7":"product_cat-keraily-2","8":"product_cat-antiikki-vintage","9":"product_cat-muu-keraily-2","10":"product_cat-viihde-2","11":"product_cat-muu-viihde","12":"product_tag-kerailyauto","13":"product_tag-kit00425","14":"product_tag-knight-rider","15":"product_tag-leluauto","16":"product_tag-muoviauto","17":"product_tag-poliisiauto","18":"product_tag-retro","19":"product_tag-ritari-assa","21":"first","22":"instock","23":"taxable","24":"shipping-taxable","25":"purchasable","26":"product-type-simple"},"yoast_head":"<!-- This site is optimized with the Yoast SEO plugin v27.1.1 - https:\/\/yoast.com\/product\/yoast-seo-wordpress\/ -->\n<title>POLIISIAUTO KUAN WU TOYS SECRET POLICE CAR - Goodwill-verkkokauppa<\/title>\n<meta name=\"description\" content=\"Vanha lelupoliisiauto, Valmistaja: Kuan wu toys Valmistusvuosi: 1988 Mitat: Pituus 42cm, korkeus noin 12,5cm , paino 1kg 198gV\u00e4ri: Musta Materiaali: Muovi\" \/>\n<meta name=\"robots\" content=\"index, follow, max-snippet:-1, max-image-preview:large, max-video-preview:-1\" \/>\n<link rel=\"canonical\" href=\"https:\/\/goodwill.fi\/kauppa\/tuote\/poliisiauto-kuan-wu-toys-secret-police-car\/\" \/>\n<meta property=\"og:locale\" content=\"fi_FI\" \/>\n<meta property=\"og:type\" content=\"article\" \/>\n<meta property=\"og:title\" content=\"POLIISIAUTO KUAN WU TOYS SECRET POLICE CAR - Goodwill-verkkokauppa\" \/>\n<meta property=\"og:description\" content=\"Vanha lelupoliisiauto, Valmistaja: Kuan wu toys Valmistusvuosi: 1988 Mitat: Pituus 42cm, korkeus noin 12,5cm , paino 1kg 198gV\u00e4ri: Musta Materiaali: Muovi\" \/>\n<meta property=\"og:url\" content=\"https:\/\/goodwill.fi\/kauppa\/tuote\/poliisiauto-kuan-wu-toys-secret-police-car\/\" \/>\n<meta property=\"og:site_name\" content=\"Goodwill-verkkokauppa\" \/>\n<meta property=\"og:image\" content=\"https:\/\/goodwill.fi\/kauppa\/wp-content\/uploads\/2025\/05\/20250508_140521-scaled.jpg\" \/>\n\t<meta property=\"og:image:width\" content=\"2560\" \/>\n\t<meta property=\"og:image:height\" content=\"2560\" \/>\n\t<meta property=\"og:image:type\" content=\"image\/jpeg\" \/>\n<meta name=\"twitter:card\" content=\"summary_large_image\" \/>\n<meta name=\"twitter:label1\" content=\"Arvioitu lukuaika\" \/>\n\t<meta name=\"twitter:data1\" content=\"1 minuutti\" \/>\n<script type=\"application\/ld+json\" class=\"yoast-schema-graph\">{\"@context\":\"https:\/\/schema.org\",\"@graph\":[{\"@type\":\"WebPage\",\"@id\":\"https:\/\/goodwill.fi\/kauppa\/tuote\/poliisiauto-kuan-wu-toys-secret-police-car\/\",\"url\":\"https:\/\/goodwill.fi\/kauppa\/tuote\/poliisiauto-kuan-wu-toys-secret-police-car\/\",\"name\":\"POLIISIAUTO KUAN WU TOYS SECRET POLICE CAR - Goodwill-verkkokauppa\",\"isPartOf\":{\"@id\":\"https:\/\/goodwill.fi\/kauppa\/#website\"},\"primaryImageOfPage\":{\"@id\":\"https:\/\/goodwill.fi\/kauppa\/tuote\/poliisiauto-kuan-wu-toys-secret-police-car\/#primaryimage\"},\"image\":{\"@id\":\"https:\/\/goodwill.fi\/kauppa\/tuote\/poliisiauto-kuan-wu-toys-secret-police-car\/#primaryimage\"},\"thumbnailUrl\":\"https:\/\/goodwill.fi\/kauppa\/wp-content\/uploads\/2025\/05\/20250508_140521-scaled.jpg\",\"datePublished\":\"2025-05-08T11:11:46+00:00\",\"description\":\"Vanha lelupoliisiauto, Valmistaja: Kuan wu toys Valmistusvuosi: 1988 Mitat: Pituus 42cm, korkeus noin 12,5cm , paino 1kg 198gV\u00e4ri: Musta Materiaali: Muovi\",\"breadcrumb\":{\"@id\":\"https:\/\/goodwill.fi\/kauppa\/tuote\/poliisiauto-kuan-wu-toys-secret-police-car\/#breadcrumb\"},\"inLanguage\":\"fi\",\"potentialAction\":[{\"@type\":\"ReadAction\",\"target\":[\"https:\/\/goodwill.fi\/kauppa\/tuote\/poliisiauto-kuan-wu-toys-secret-police-car\/\"]}]},{\"@type\":\"ImageObject\",\"inLanguage\":\"fi\",\"@id\":\"https:\/\/goodwill.fi\/kauppa\/tuote\/poliisiauto-kuan-wu-toys-secret-police-car\/#primaryimage\",\"url\":\"https:\/\/goodwill.fi\/kauppa\/wp-content\/uploads\/2025\/05\/20250508_140521-scaled.jpg\",\"contentUrl\":\"https:\/\/goodwill.fi\/kauppa\/wp-content\/uploads\/2025\/05\/20250508_140521-scaled.jpg\",\"width\":2560,\"height\":2560},{\"@type\":\"BreadcrumbList\",\"@id\":\"https:\/\/goodwill.fi\/kauppa\/tuote\/poliisiauto-kuan-wu-toys-secret-police-car\/#breadcrumb\",\"itemListElement\":[{\"@type\":\"ListItem\",\"position\":1,\"name\":\"Home\",\"item\":\"https:\/\/goodwill.fi\/kauppa\/\"},{\"@type\":\"ListItem\",\"position\":2,\"name\":\"Shop\",\"item\":\"https:\/\/goodwill.fi\/kauppa\/shop\/\"},{\"@type\":\"ListItem\",\"position\":3,\"name\":\"POLIISIAUTO KUAN WU TOYS SECRET POLICE CAR\"}]},{\"@type\":\"WebSite\",\"@id\":\"https:\/\/goodwill.fi\/kauppa\/#website\",\"url\":\"https:\/\/goodwill.fi\/kauppa\/\",\"name\":\"Goodwill-verkkokauppa\",\"description\":\"Kierr\u00e4tysmyym\u00e4l\u00e4 verkossa\",\"publisher\":{\"@id\":\"https:\/\/goodwill.fi\/kauppa\/#organization\"},\"potentialAction\":[{\"@type\":\"SearchAction\",\"target\":{\"@type\":\"EntryPoint\",\"urlTemplate\":\"https:\/\/goodwill.fi\/kauppa\/?s={search_term_string}\"},\"query-input\":{\"@type\":\"PropertyValueSpecification\",\"valueRequired\":true,\"valueName\":\"search_term_string\"}}],\"inLanguage\":\"fi\"},{\"@type\":\"Organization\",\"@id\":\"https:\/\/goodwill.fi\/kauppa\/#organization\",\"name\":\"Goodwill-verkkokauppa\",\"url\":\"https:\/\/goodwill.fi\/kauppa\/\",\"logo\":{\"@type\":\"ImageObject\",\"inLanguage\":\"fi\",\"@id\":\"https:\/\/goodwill.fi\/kauppa\/#\/schema\/logo\/image\/\",\"url\":\"https:\/\/goodwill.fi\/kauppa\/wp-content\/uploads\/2021\/02\/cropped-logo_gw_store-723x211-1.png\",\"contentUrl\":\"https:\/\/goodwill.fi\/kauppa\/wp-content\/uploads\/2021\/02\/cropped-logo_gw_store-723x211-1.png\",\"width\":723,\"height\":207,\"caption\":\"Goodwill-verkkokauppa\"},\"image\":{\"@id\":\"https:\/\/goodwill.fi\/kauppa\/#\/schema\/logo\/image\/\"}}]}<\/script>\n<!-- \/ Yoast SEO plugin. -->","yoast_head_json":{"title":"POLIISIAUTO KUAN WU TOYS SECRET POLICE CAR - Goodwill-verkkokauppa","description":"Vanha lelupoliisiauto, Valmistaja: Kuan wu toys Valmistusvuosi: 1988 Mitat: Pituus 42cm, korkeus noin 12,5cm , paino 1kg 198gV\u00e4ri: Musta Materiaali: Muovi","robots":{"index":"index","follow":"follow","max-snippet":"max-snippet:-1","max-image-preview":"max-image-preview:large","max-video-preview":"max-video-preview:-1"},"canonical":"https:\/\/goodwill.fi\/kauppa\/tuote\/poliisiauto-kuan-wu-toys-secret-police-car\/","og_locale":"fi_FI","og_type":"article","og_title":"POLIISIAUTO KUAN WU TOYS SECRET POLICE CAR - Goodwill-verkkokauppa","og_description":"Vanha lelupoliisiauto, Valmistaja: Kuan wu toys Valmistusvuosi: 1988 Mitat: Pituus 42cm, korkeus noin 12,5cm , paino 1kg 198gV\u00e4ri: Musta Materiaali: Muovi","og_url":"https:\/\/goodwill.fi\/kauppa\/tuote\/poliisiauto-kuan-wu-toys-secret-police-car\/","og_site_name":"Goodwill-verkkokauppa","og_image":[{"width":2560,"height":2560,"url":"https:\/\/goodwill.fi\/kauppa\/wp-content\/uploads\/2025\/05\/20250508_140521-scaled.jpg","type":"image\/jpeg"}],"twitter_card":"summary_large_image","twitter_misc":{"Arvioitu lukuaika":"1 minuutti"},"schema":{"@context":"https:\/\/schema.org","@graph":[{"@type":"WebPage","@id":"https:\/\/goodwill.fi\/kauppa\/tuote\/poliisiauto-kuan-wu-toys-secret-police-car\/","url":"https:\/\/goodwill.fi\/kauppa\/tuote\/poliisiauto-kuan-wu-toys-secret-police-car\/","name":"POLIISIAUTO KUAN WU TOYS SECRET POLICE CAR - Goodwill-verkkokauppa","isPartOf":{"@id":"https:\/\/goodwill.fi\/kauppa\/#website"},"primaryImageOfPage":{"@id":"https:\/\/goodwill.fi\/kauppa\/tuote\/poliisiauto-kuan-wu-toys-secret-police-car\/#primaryimage"},"image":{"@id":"https:\/\/goodwill.fi\/kauppa\/tuote\/poliisiauto-kuan-wu-toys-secret-police-car\/#primaryimage"},"thumbnailUrl":"https:\/\/goodwill.fi\/kauppa\/wp-content\/uploads\/2025\/05\/20250508_140521-scaled.jpg","datePublished":"2025-05-08T11:11:46+00:00","description":"Vanha lelupoliisiauto, Valmistaja: Kuan wu toys Valmistusvuosi: 1988 Mitat: Pituus 42cm, korkeus noin 12,5cm , paino 1kg 198gV\u00e4ri: Musta Materiaali: Muovi","breadcrumb":{"@id":"https:\/\/goodwill.fi\/kauppa\/tuote\/poliisiauto-kuan-wu-toys-secret-police-car\/#breadcrumb"},"inLanguage":"fi","potentialAction":[{"@type":"ReadAction","target":["https:\/\/goodwill.fi\/kauppa\/tuote\/poliisiauto-kuan-wu-toys-secret-police-car\/"]}]},{"@type":"ImageObject","inLanguage":"fi","@id":"https:\/\/goodwill.fi\/kauppa\/tuote\/poliisiauto-kuan-wu-toys-secret-police-car\/#primaryimage","url":"https:\/\/goodwill.fi\/kauppa\/wp-content\/uploads\/2025\/05\/20250508_140521-scaled.jpg","contentUrl":"https:\/\/goodwill.fi\/kauppa\/wp-content\/uploads\/2025\/05\/20250508_140521-scaled.jpg","width":2560,"height":2560},{"@type":"BreadcrumbList","@id":"https:\/\/goodwill.fi\/kauppa\/tuote\/poliisiauto-kuan-wu-toys-secret-police-car\/#breadcrumb","itemListElement":[{"@type":"ListItem","position":1,"name":"Home","item":"https:\/\/goodwill.fi\/kauppa\/"},{"@type":"ListItem","position":2,"name":"Shop","item":"https:\/\/goodwill.fi\/kauppa\/shop\/"},{"@type":"ListItem","position":3,"name":"POLIISIAUTO KUAN WU TOYS SECRET POLICE CAR"}]},{"@type":"WebSite","@id":"https:\/\/goodwill.fi\/kauppa\/#website","url":"https:\/\/goodwill.fi\/kauppa\/","name":"Goodwill-verkkokauppa","description":"Kierr\u00e4tysmyym\u00e4l\u00e4 verkossa","publisher":{"@id":"https:\/\/goodwill.fi\/kauppa\/#organization"},"potentialAction":[{"@type":"SearchAction","target":{"@type":"EntryPoint","urlTemplate":"https:\/\/goodwill.fi\/kauppa\/?s={search_term_string}"},"query-input":{"@type":"PropertyValueSpecification","valueRequired":true,"valueName":"search_term_string"}}],"inLanguage":"fi"},{"@type":"Organization","@id":"https:\/\/goodwill.fi\/kauppa\/#organization","name":"Goodwill-verkkokauppa","url":"https:\/\/goodwill.fi\/kauppa\/","logo":{"@type":"ImageObject","inLanguage":"fi","@id":"https:\/\/goodwill.fi\/kauppa\/#\/schema\/logo\/image\/","url":"https:\/\/goodwill.fi\/kauppa\/wp-content\/uploads\/2021\/02\/cropped-logo_gw_store-723x211-1.png","contentUrl":"https:\/\/goodwill.fi\/kauppa\/wp-content\/uploads\/2021\/02\/cropped-logo_gw_store-723x211-1.png","width":723,"height":207,"caption":"Goodwill-verkkokauppa"},"image":{"@id":"https:\/\/goodwill.fi\/kauppa\/#\/schema\/logo\/image\/"}}]}},"_links":{"self":[{"href":"https:\/\/goodwill.fi\/kauppa\/wp-json\/wp\/v2\/product\/50073","targetHints":{"allow":["GET"]}}],"collection":[{"href":"https:\/\/goodwill.fi\/kauppa\/wp-json\/wp\/v2\/product"}],"about":[{"href":"https:\/\/goodwill.fi\/kauppa\/wp-json\/wp\/v2\/types\/product"}],"replies":[{"embeddable":true,"href":"https:\/\/goodwill.fi\/kauppa\/wp-json\/wp\/v2\/comments?post=50073"}],"wp:featuredmedia":[{"embeddable":true,"href":"https:\/\/goodwill.fi\/kauppa\/wp-json\/wp\/v2\/media\/50212"}],"wp:attachment":[{"href":"https:\/\/goodwill.fi\/kauppa\/wp-json\/wp\/v2\/media?parent=50073"}],"wp:term":[{"taxonomy":"product_brand","embeddable":true,"href":"https:\/\/goodwill.fi\/kauppa\/wp-json\/wp\/v2\/product_brand?post=50073"},{"taxonomy":"product_cat","embeddable":true,"href":"https:\/\/goodwill.fi\/kauppa\/wp-json\/wp\/v2\/product_cat?post=50073"},{"taxonomy":"product_tag","embeddable":true,"href":"https:\/\/goodwill.fi\/kauppa\/wp-json\/wp\/v2\/product_tag?post=50073"}],"curies":[{"name":"wp","href":"https:\/\/api.w.org\/{rel}","templated":true}]}}