{"id":48994,"date":"2026-01-30T08:00:08","date_gmt":"2026-01-30T06:00:08","guid":{"rendered":"https:\/\/goodwill.fi\/kauppa\/?post_type=product&#038;p=48994"},"modified":"2026-02-26T09:34:54","modified_gmt":"2026-02-26T07:34:54","slug":"kumela-karahvi-ja-snapsilasit","status":"publish","type":"product","link":"https:\/\/goodwill.fi\/kauppa\/tuote\/kumela-karahvi-ja-snapsilasit\/","title":{"rendered":"KUMELA KARAHVI JA SNAPSILASIT"},"content":{"rendered":"<p>Kumelan lasitehtaan valmistama upea ruskea karahvi ja 5 snapsilasia.<\/p>\n<p>Suunnittelija: Ilmari Kumela<br \/>\nValmistaja: Kumela<br \/>\nMallimerkint\u00e4: 517-2803<br \/>\nValmistusvuosi: 1946-1976<br \/>\nMitat karahvi: korkeus 17-22 cm, halkaisija 13 cm, paino 826 g<br \/>\nMitat lasit: korkeus 8 cm, halkaisija 6,8 cm, paino 58 g\/kpl<br \/>\nV\u00e4ri: ruskea<br \/>\nMateriaali: lasi<br \/>\nKunto: ehj\u00e4t, karahvin pohjassa likaa, k\u00e4yt\u00f6n j\u00e4lki\u00e4<\/p>\n<p>Huom. myyd\u00e4\u00e4n karahvin ja 5 lasin settin\u00e4<\/p>\n","protected":false},"excerpt":{"rendered":"<p>Kumelan lasitehtaan valmistama upea ruskea karahvi ja 5 snapsilasia. Suunnittelija: Ilmari Kumela Valmistaja: Kumela Mallimerkint\u00e4: 517-2803 Valmistusvuosi: 1946-1976 Mitat karahvi: korkeus 17-22 cm, halkaisija 13 cm, paino 826 g Mitat lasit: korkeus 8 cm, halkaisija 6,8 cm, paino 58 g\/kpl V\u00e4ri: ruskea Materiaali: lasi Kunto: ehj\u00e4t, karahvin pohjassa likaa, k\u00e4yt\u00f6n j\u00e4lki\u00e4 Huom. myyd\u00e4\u00e4n karahvin ja [&hellip;]<\/p>\n","protected":false},"featured_media":49003,"comment_status":"open","ping_status":"closed","template":"","meta":[],"product_brand":[14887],"product_cat":[159,14858,166,14862,14865],"product_tag":[14969,12483,46,353,9909,352,323,9867,359],"class_list":{"0":"post-48994","1":"product","2":"type-product","3":"status-publish","4":"has-post-thumbnail","6":"product_brand-kumela","7":"product_cat-kaikki","8":"product_cat-kumela","9":"product_cat-astiat-2","10":"product_cat-kupit-lasit","11":"product_cat-tarjoiluastiat","12":"product_tag-517-2803","13":"product_tag-ilmari-kumela","14":"product_tag-karahvi","15":"product_tag-kumela","16":"product_tag-kumelan-lasitehdas","17":"product_tag-lasi","18":"product_tag-lasinen","19":"product_tag-lasinen-karahvi","20":"product_tag-ruskea","22":"first","23":"outofstock","24":"taxable","25":"shipping-taxable","26":"purchasable","27":"product-type-simple"},"yoast_head":"<!-- This site is optimized with the Yoast SEO plugin v27.1.1 - https:\/\/yoast.com\/product\/yoast-seo-wordpress\/ -->\n<title>KUMELA KARAHVI JA SNAPSILASIT - Goodwill-verkkokauppa<\/title>\n<meta name=\"description\" content=\"Suunnittelija: Ilmari Kumela Valmistaja: Kumela Valmistusvuosi: 1946-1976 V\u00e4ri: ruskea Materiaali: lasi Mallimerkint\u00e4: 517-2803\" \/>\n<meta name=\"robots\" content=\"index, follow, max-snippet:-1, max-image-preview:large, max-video-preview:-1\" \/>\n<link rel=\"canonical\" href=\"https:\/\/goodwill.fi\/kauppa\/tuote\/kumela-karahvi-ja-snapsilasit\/\" \/>\n<meta property=\"og:locale\" content=\"fi_FI\" \/>\n<meta property=\"og:type\" content=\"article\" \/>\n<meta property=\"og:title\" content=\"KUMELA KARAHVI JA SNAPSILASIT - Goodwill-verkkokauppa\" \/>\n<meta property=\"og:description\" content=\"Suunnittelija: Ilmari Kumela Valmistaja: Kumela Valmistusvuosi: 1946-1976 V\u00e4ri: ruskea Materiaali: lasi Mallimerkint\u00e4: 517-2803\" \/>\n<meta property=\"og:url\" content=\"https:\/\/goodwill.fi\/kauppa\/tuote\/kumela-karahvi-ja-snapsilasit\/\" \/>\n<meta property=\"og:site_name\" content=\"Goodwill-verkkokauppa\" \/>\n<meta property=\"article:modified_time\" content=\"2026-02-26T07:34:54+00:00\" \/>\n<meta property=\"og:image\" content=\"https:\/\/goodwill.fi\/kauppa\/wp-content\/uploads\/2025\/04\/IMG_6607-scaled-e1745488643731.jpg\" \/>\n\t<meta property=\"og:image:width\" content=\"1826\" \/>\n\t<meta property=\"og:image:height\" content=\"1707\" \/>\n\t<meta property=\"og:image:type\" content=\"image\/jpeg\" \/>\n<meta name=\"twitter:card\" content=\"summary_large_image\" \/>\n<meta name=\"twitter:label1\" content=\"Arvioitu lukuaika\" \/>\n\t<meta name=\"twitter:data1\" content=\"1 minuutti\" \/>\n<script type=\"application\/ld+json\" class=\"yoast-schema-graph\">{\"@context\":\"https:\/\/schema.org\",\"@graph\":[{\"@type\":\"WebPage\",\"@id\":\"https:\/\/goodwill.fi\/kauppa\/tuote\/kumela-karahvi-ja-snapsilasit\/\",\"url\":\"https:\/\/goodwill.fi\/kauppa\/tuote\/kumela-karahvi-ja-snapsilasit\/\",\"name\":\"KUMELA KARAHVI JA SNAPSILASIT - Goodwill-verkkokauppa\",\"isPartOf\":{\"@id\":\"https:\/\/goodwill.fi\/kauppa\/#website\"},\"primaryImageOfPage\":{\"@id\":\"https:\/\/goodwill.fi\/kauppa\/tuote\/kumela-karahvi-ja-snapsilasit\/#primaryimage\"},\"image\":{\"@id\":\"https:\/\/goodwill.fi\/kauppa\/tuote\/kumela-karahvi-ja-snapsilasit\/#primaryimage\"},\"thumbnailUrl\":\"https:\/\/goodwill.fi\/kauppa\/wp-content\/uploads\/2025\/04\/IMG_6607-scaled-e1745488643731.jpg\",\"datePublished\":\"2026-01-30T06:00:08+00:00\",\"dateModified\":\"2026-02-26T07:34:54+00:00\",\"description\":\"Suunnittelija: Ilmari Kumela Valmistaja: Kumela Valmistusvuosi: 1946-1976 V\u00e4ri: ruskea Materiaali: lasi Mallimerkint\u00e4: 517-2803\",\"breadcrumb\":{\"@id\":\"https:\/\/goodwill.fi\/kauppa\/tuote\/kumela-karahvi-ja-snapsilasit\/#breadcrumb\"},\"inLanguage\":\"fi\",\"potentialAction\":[{\"@type\":\"ReadAction\",\"target\":[\"https:\/\/goodwill.fi\/kauppa\/tuote\/kumela-karahvi-ja-snapsilasit\/\"]}]},{\"@type\":\"ImageObject\",\"inLanguage\":\"fi\",\"@id\":\"https:\/\/goodwill.fi\/kauppa\/tuote\/kumela-karahvi-ja-snapsilasit\/#primaryimage\",\"url\":\"https:\/\/goodwill.fi\/kauppa\/wp-content\/uploads\/2025\/04\/IMG_6607-scaled-e1745488643731.jpg\",\"contentUrl\":\"https:\/\/goodwill.fi\/kauppa\/wp-content\/uploads\/2025\/04\/IMG_6607-scaled-e1745488643731.jpg\",\"width\":1826,\"height\":1707},{\"@type\":\"BreadcrumbList\",\"@id\":\"https:\/\/goodwill.fi\/kauppa\/tuote\/kumela-karahvi-ja-snapsilasit\/#breadcrumb\",\"itemListElement\":[{\"@type\":\"ListItem\",\"position\":1,\"name\":\"Home\",\"item\":\"https:\/\/goodwill.fi\/kauppa\/\"},{\"@type\":\"ListItem\",\"position\":2,\"name\":\"Shop\",\"item\":\"https:\/\/goodwill.fi\/kauppa\/shop\/\"},{\"@type\":\"ListItem\",\"position\":3,\"name\":\"KUMELA KARAHVI JA SNAPSILASIT\"}]},{\"@type\":\"WebSite\",\"@id\":\"https:\/\/goodwill.fi\/kauppa\/#website\",\"url\":\"https:\/\/goodwill.fi\/kauppa\/\",\"name\":\"Goodwill-verkkokauppa\",\"description\":\"Kierr\u00e4tysmyym\u00e4l\u00e4 verkossa\",\"publisher\":{\"@id\":\"https:\/\/goodwill.fi\/kauppa\/#organization\"},\"potentialAction\":[{\"@type\":\"SearchAction\",\"target\":{\"@type\":\"EntryPoint\",\"urlTemplate\":\"https:\/\/goodwill.fi\/kauppa\/?s={search_term_string}\"},\"query-input\":{\"@type\":\"PropertyValueSpecification\",\"valueRequired\":true,\"valueName\":\"search_term_string\"}}],\"inLanguage\":\"fi\"},{\"@type\":\"Organization\",\"@id\":\"https:\/\/goodwill.fi\/kauppa\/#organization\",\"name\":\"Goodwill-verkkokauppa\",\"url\":\"https:\/\/goodwill.fi\/kauppa\/\",\"logo\":{\"@type\":\"ImageObject\",\"inLanguage\":\"fi\",\"@id\":\"https:\/\/goodwill.fi\/kauppa\/#\/schema\/logo\/image\/\",\"url\":\"https:\/\/goodwill.fi\/kauppa\/wp-content\/uploads\/2021\/02\/cropped-logo_gw_store-723x211-1.png\",\"contentUrl\":\"https:\/\/goodwill.fi\/kauppa\/wp-content\/uploads\/2021\/02\/cropped-logo_gw_store-723x211-1.png\",\"width\":723,\"height\":207,\"caption\":\"Goodwill-verkkokauppa\"},\"image\":{\"@id\":\"https:\/\/goodwill.fi\/kauppa\/#\/schema\/logo\/image\/\"}}]}<\/script>\n<!-- \/ Yoast SEO plugin. -->","yoast_head_json":{"title":"KUMELA KARAHVI JA SNAPSILASIT - Goodwill-verkkokauppa","description":"Suunnittelija: Ilmari Kumela Valmistaja: Kumela Valmistusvuosi: 1946-1976 V\u00e4ri: ruskea Materiaali: lasi Mallimerkint\u00e4: 517-2803","robots":{"index":"index","follow":"follow","max-snippet":"max-snippet:-1","max-image-preview":"max-image-preview:large","max-video-preview":"max-video-preview:-1"},"canonical":"https:\/\/goodwill.fi\/kauppa\/tuote\/kumela-karahvi-ja-snapsilasit\/","og_locale":"fi_FI","og_type":"article","og_title":"KUMELA KARAHVI JA SNAPSILASIT - Goodwill-verkkokauppa","og_description":"Suunnittelija: Ilmari Kumela Valmistaja: Kumela Valmistusvuosi: 1946-1976 V\u00e4ri: ruskea Materiaali: lasi Mallimerkint\u00e4: 517-2803","og_url":"https:\/\/goodwill.fi\/kauppa\/tuote\/kumela-karahvi-ja-snapsilasit\/","og_site_name":"Goodwill-verkkokauppa","article_modified_time":"2026-02-26T07:34:54+00:00","og_image":[{"width":1826,"height":1707,"url":"https:\/\/goodwill.fi\/kauppa\/wp-content\/uploads\/2025\/04\/IMG_6607-scaled-e1745488643731.jpg","type":"image\/jpeg"}],"twitter_card":"summary_large_image","twitter_misc":{"Arvioitu lukuaika":"1 minuutti"},"schema":{"@context":"https:\/\/schema.org","@graph":[{"@type":"WebPage","@id":"https:\/\/goodwill.fi\/kauppa\/tuote\/kumela-karahvi-ja-snapsilasit\/","url":"https:\/\/goodwill.fi\/kauppa\/tuote\/kumela-karahvi-ja-snapsilasit\/","name":"KUMELA KARAHVI JA SNAPSILASIT - Goodwill-verkkokauppa","isPartOf":{"@id":"https:\/\/goodwill.fi\/kauppa\/#website"},"primaryImageOfPage":{"@id":"https:\/\/goodwill.fi\/kauppa\/tuote\/kumela-karahvi-ja-snapsilasit\/#primaryimage"},"image":{"@id":"https:\/\/goodwill.fi\/kauppa\/tuote\/kumela-karahvi-ja-snapsilasit\/#primaryimage"},"thumbnailUrl":"https:\/\/goodwill.fi\/kauppa\/wp-content\/uploads\/2025\/04\/IMG_6607-scaled-e1745488643731.jpg","datePublished":"2026-01-30T06:00:08+00:00","dateModified":"2026-02-26T07:34:54+00:00","description":"Suunnittelija: Ilmari Kumela Valmistaja: Kumela Valmistusvuosi: 1946-1976 V\u00e4ri: ruskea Materiaali: lasi Mallimerkint\u00e4: 517-2803","breadcrumb":{"@id":"https:\/\/goodwill.fi\/kauppa\/tuote\/kumela-karahvi-ja-snapsilasit\/#breadcrumb"},"inLanguage":"fi","potentialAction":[{"@type":"ReadAction","target":["https:\/\/goodwill.fi\/kauppa\/tuote\/kumela-karahvi-ja-snapsilasit\/"]}]},{"@type":"ImageObject","inLanguage":"fi","@id":"https:\/\/goodwill.fi\/kauppa\/tuote\/kumela-karahvi-ja-snapsilasit\/#primaryimage","url":"https:\/\/goodwill.fi\/kauppa\/wp-content\/uploads\/2025\/04\/IMG_6607-scaled-e1745488643731.jpg","contentUrl":"https:\/\/goodwill.fi\/kauppa\/wp-content\/uploads\/2025\/04\/IMG_6607-scaled-e1745488643731.jpg","width":1826,"height":1707},{"@type":"BreadcrumbList","@id":"https:\/\/goodwill.fi\/kauppa\/tuote\/kumela-karahvi-ja-snapsilasit\/#breadcrumb","itemListElement":[{"@type":"ListItem","position":1,"name":"Home","item":"https:\/\/goodwill.fi\/kauppa\/"},{"@type":"ListItem","position":2,"name":"Shop","item":"https:\/\/goodwill.fi\/kauppa\/shop\/"},{"@type":"ListItem","position":3,"name":"KUMELA KARAHVI JA SNAPSILASIT"}]},{"@type":"WebSite","@id":"https:\/\/goodwill.fi\/kauppa\/#website","url":"https:\/\/goodwill.fi\/kauppa\/","name":"Goodwill-verkkokauppa","description":"Kierr\u00e4tysmyym\u00e4l\u00e4 verkossa","publisher":{"@id":"https:\/\/goodwill.fi\/kauppa\/#organization"},"potentialAction":[{"@type":"SearchAction","target":{"@type":"EntryPoint","urlTemplate":"https:\/\/goodwill.fi\/kauppa\/?s={search_term_string}"},"query-input":{"@type":"PropertyValueSpecification","valueRequired":true,"valueName":"search_term_string"}}],"inLanguage":"fi"},{"@type":"Organization","@id":"https:\/\/goodwill.fi\/kauppa\/#organization","name":"Goodwill-verkkokauppa","url":"https:\/\/goodwill.fi\/kauppa\/","logo":{"@type":"ImageObject","inLanguage":"fi","@id":"https:\/\/goodwill.fi\/kauppa\/#\/schema\/logo\/image\/","url":"https:\/\/goodwill.fi\/kauppa\/wp-content\/uploads\/2021\/02\/cropped-logo_gw_store-723x211-1.png","contentUrl":"https:\/\/goodwill.fi\/kauppa\/wp-content\/uploads\/2021\/02\/cropped-logo_gw_store-723x211-1.png","width":723,"height":207,"caption":"Goodwill-verkkokauppa"},"image":{"@id":"https:\/\/goodwill.fi\/kauppa\/#\/schema\/logo\/image\/"}}]}},"_links":{"self":[{"href":"https:\/\/goodwill.fi\/kauppa\/wp-json\/wp\/v2\/product\/48994","targetHints":{"allow":["GET"]}}],"collection":[{"href":"https:\/\/goodwill.fi\/kauppa\/wp-json\/wp\/v2\/product"}],"about":[{"href":"https:\/\/goodwill.fi\/kauppa\/wp-json\/wp\/v2\/types\/product"}],"replies":[{"embeddable":true,"href":"https:\/\/goodwill.fi\/kauppa\/wp-json\/wp\/v2\/comments?post=48994"}],"wp:featuredmedia":[{"embeddable":true,"href":"https:\/\/goodwill.fi\/kauppa\/wp-json\/wp\/v2\/media\/49003"}],"wp:attachment":[{"href":"https:\/\/goodwill.fi\/kauppa\/wp-json\/wp\/v2\/media?parent=48994"}],"wp:term":[{"taxonomy":"product_brand","embeddable":true,"href":"https:\/\/goodwill.fi\/kauppa\/wp-json\/wp\/v2\/product_brand?post=48994"},{"taxonomy":"product_cat","embeddable":true,"href":"https:\/\/goodwill.fi\/kauppa\/wp-json\/wp\/v2\/product_cat?post=48994"},{"taxonomy":"product_tag","embeddable":true,"href":"https:\/\/goodwill.fi\/kauppa\/wp-json\/wp\/v2\/product_tag?post=48994"}],"curies":[{"name":"wp","href":"https:\/\/api.w.org\/{rel}","templated":true}]}}