{"id":4893,"date":"2022-02-25T14:37:58","date_gmt":"2022-02-25T12:37:58","guid":{"rendered":"https:\/\/goodwill.fi\/kauppa\/?post_type=product&#038;p=4893"},"modified":"2024-01-29T18:27:27","modified_gmt":"2024-01-29T16:27:27","slug":"sevenon-taidelasivati","status":"publish","type":"product","link":"https:\/\/goodwill.fi\/kauppa\/tuote\/sevenon-taidelasivati\/","title":{"rendered":"SEVENON TAIDELASIVATI"},"content":{"rendered":"<p>Valmistaja: Sevenon Oy (Hamina, Suomi)<br \/>\nMitat: leveys 30cm, pituus 30 cm, paino noin 1200 g<br \/>\nV\u00e4ri: sininen, turkoosi, valkoinen, kirkas ja vihre\u00e4<br \/>\nMateriaali: lasi<br \/>\nKunto: k\u00e4ytetty, v\u00e4h\u00e4isi\u00e4 k\u00e4yt\u00f6n j\u00e4lki\u00e4 ja muutamat pienet pintanaarmut<\/p>\n","protected":false},"excerpt":{"rendered":"<p>Valmistaja: Sevenon Oy (Hamina, Suomi) Mitat: leveys 30cm, pituus 30 cm, paino noin 1200 g V\u00e4ri: sininen, turkoosi, valkoinen, kirkas ja vihre\u00e4 Materiaali: lasi Kunto: k\u00e4ytetty, v\u00e4h\u00e4isi\u00e4 k\u00e4yt\u00f6n j\u00e4lki\u00e4 ja muutamat pienet pintanaarmut<\/p>\n","protected":false},"featured_media":4894,"comment_status":"open","ping_status":"closed","template":"","meta":[],"product_brand":[],"product_cat":[159,146,154,5965],"product_tag":[3225,3227,3228,3226,3229],"class_list":{"0":"post-4893","1":"product","2":"type-product","3":"status-publish","4":"has-post-thumbnail","6":"product_cat-kaikki","7":"product_cat-koti-2","8":"product_cat-sisustus-2","9":"product_cat-ale","10":"product_tag-3225","11":"product_tag-7on","12":"product_tag-hamina","13":"product_tag-sevenon","14":"product_tag-taidelasivati","16":"first","17":"outofstock","18":"sale","19":"taxable","20":"shipping-taxable","21":"purchasable","22":"product-type-simple"},"yoast_head":"<!-- This site is optimized with the Yoast SEO plugin v27.1.1 - https:\/\/yoast.com\/product\/yoast-seo-wordpress\/ -->\n<title>SEVENON TAIDELASIVATI - Goodwill-verkkokauppa<\/title>\n<meta name=\"description\" content=\"Sevenonin suunnittelema Taidelasivati. Mitat: leveys 30 x 30 cm, korkeus 19,5 cm, paino n. 1200 g\" \/>\n<meta name=\"robots\" content=\"index, follow, max-snippet:-1, max-image-preview:large, max-video-preview:-1\" \/>\n<link rel=\"canonical\" href=\"https:\/\/goodwill.fi\/kauppa\/tuote\/sevenon-taidelasivati\/\" \/>\n<meta property=\"og:locale\" content=\"fi_FI\" \/>\n<meta property=\"og:type\" content=\"article\" \/>\n<meta property=\"og:title\" content=\"SEVENON TAIDELASIVATI - Goodwill-verkkokauppa\" \/>\n<meta property=\"og:description\" content=\"Sevenonin suunnittelema Taidelasivati. Mitat: leveys 30 x 30 cm, korkeus 19,5 cm, paino n. 1200 g\" \/>\n<meta property=\"og:url\" content=\"https:\/\/goodwill.fi\/kauppa\/tuote\/sevenon-taidelasivati\/\" \/>\n<meta property=\"og:site_name\" content=\"Goodwill-verkkokauppa\" \/>\n<meta property=\"article:modified_time\" content=\"2024-01-29T16:27:27+00:00\" \/>\n<meta property=\"og:image\" content=\"https:\/\/goodwill.fi\/kauppa\/wp-content\/uploads\/2022\/02\/IMG_8074-3.jpg\" \/>\n\t<meta property=\"og:image:width\" content=\"1835\" \/>\n\t<meta property=\"og:image:height\" content=\"1251\" \/>\n\t<meta property=\"og:image:type\" content=\"image\/jpeg\" \/>\n<meta name=\"twitter:card\" content=\"summary_large_image\" \/>\n<meta name=\"twitter:label1\" content=\"Arvioitu lukuaika\" \/>\n\t<meta name=\"twitter:data1\" content=\"1 minuutti\" \/>\n<script type=\"application\/ld+json\" class=\"yoast-schema-graph\">{\"@context\":\"https:\/\/schema.org\",\"@graph\":[{\"@type\":\"WebPage\",\"@id\":\"https:\/\/goodwill.fi\/kauppa\/tuote\/sevenon-taidelasivati\/\",\"url\":\"https:\/\/goodwill.fi\/kauppa\/tuote\/sevenon-taidelasivati\/\",\"name\":\"SEVENON TAIDELASIVATI - Goodwill-verkkokauppa\",\"isPartOf\":{\"@id\":\"https:\/\/goodwill.fi\/kauppa\/#website\"},\"primaryImageOfPage\":{\"@id\":\"https:\/\/goodwill.fi\/kauppa\/tuote\/sevenon-taidelasivati\/#primaryimage\"},\"image\":{\"@id\":\"https:\/\/goodwill.fi\/kauppa\/tuote\/sevenon-taidelasivati\/#primaryimage\"},\"thumbnailUrl\":\"https:\/\/goodwill.fi\/kauppa\/wp-content\/uploads\/2022\/02\/IMG_8074-3.jpg\",\"datePublished\":\"2022-02-25T12:37:58+00:00\",\"dateModified\":\"2024-01-29T16:27:27+00:00\",\"description\":\"Sevenonin suunnittelema Taidelasivati. Mitat: leveys 30 x 30 cm, korkeus 19,5 cm, paino n. 1200 g\",\"breadcrumb\":{\"@id\":\"https:\/\/goodwill.fi\/kauppa\/tuote\/sevenon-taidelasivati\/#breadcrumb\"},\"inLanguage\":\"fi\",\"potentialAction\":[{\"@type\":\"ReadAction\",\"target\":[\"https:\/\/goodwill.fi\/kauppa\/tuote\/sevenon-taidelasivati\/\"]}]},{\"@type\":\"ImageObject\",\"inLanguage\":\"fi\",\"@id\":\"https:\/\/goodwill.fi\/kauppa\/tuote\/sevenon-taidelasivati\/#primaryimage\",\"url\":\"https:\/\/goodwill.fi\/kauppa\/wp-content\/uploads\/2022\/02\/IMG_8074-3.jpg\",\"contentUrl\":\"https:\/\/goodwill.fi\/kauppa\/wp-content\/uploads\/2022\/02\/IMG_8074-3.jpg\",\"width\":1835,\"height\":1251},{\"@type\":\"BreadcrumbList\",\"@id\":\"https:\/\/goodwill.fi\/kauppa\/tuote\/sevenon-taidelasivati\/#breadcrumb\",\"itemListElement\":[{\"@type\":\"ListItem\",\"position\":1,\"name\":\"Home\",\"item\":\"https:\/\/goodwill.fi\/kauppa\/\"},{\"@type\":\"ListItem\",\"position\":2,\"name\":\"Shop\",\"item\":\"https:\/\/goodwill.fi\/kauppa\/shop\/\"},{\"@type\":\"ListItem\",\"position\":3,\"name\":\"SEVENON TAIDELASIVATI\"}]},{\"@type\":\"WebSite\",\"@id\":\"https:\/\/goodwill.fi\/kauppa\/#website\",\"url\":\"https:\/\/goodwill.fi\/kauppa\/\",\"name\":\"Goodwill-verkkokauppa\",\"description\":\"Kierr\u00e4tysmyym\u00e4l\u00e4 verkossa\",\"publisher\":{\"@id\":\"https:\/\/goodwill.fi\/kauppa\/#organization\"},\"potentialAction\":[{\"@type\":\"SearchAction\",\"target\":{\"@type\":\"EntryPoint\",\"urlTemplate\":\"https:\/\/goodwill.fi\/kauppa\/?s={search_term_string}\"},\"query-input\":{\"@type\":\"PropertyValueSpecification\",\"valueRequired\":true,\"valueName\":\"search_term_string\"}}],\"inLanguage\":\"fi\"},{\"@type\":\"Organization\",\"@id\":\"https:\/\/goodwill.fi\/kauppa\/#organization\",\"name\":\"Goodwill-verkkokauppa\",\"url\":\"https:\/\/goodwill.fi\/kauppa\/\",\"logo\":{\"@type\":\"ImageObject\",\"inLanguage\":\"fi\",\"@id\":\"https:\/\/goodwill.fi\/kauppa\/#\/schema\/logo\/image\/\",\"url\":\"https:\/\/goodwill.fi\/kauppa\/wp-content\/uploads\/2021\/02\/cropped-logo_gw_store-723x211-1.png\",\"contentUrl\":\"https:\/\/goodwill.fi\/kauppa\/wp-content\/uploads\/2021\/02\/cropped-logo_gw_store-723x211-1.png\",\"width\":723,\"height\":207,\"caption\":\"Goodwill-verkkokauppa\"},\"image\":{\"@id\":\"https:\/\/goodwill.fi\/kauppa\/#\/schema\/logo\/image\/\"}}]}<\/script>\n<!-- \/ Yoast SEO plugin. -->","yoast_head_json":{"title":"SEVENON TAIDELASIVATI - Goodwill-verkkokauppa","description":"Sevenonin suunnittelema Taidelasivati. Mitat: leveys 30 x 30 cm, korkeus 19,5 cm, paino n. 1200 g","robots":{"index":"index","follow":"follow","max-snippet":"max-snippet:-1","max-image-preview":"max-image-preview:large","max-video-preview":"max-video-preview:-1"},"canonical":"https:\/\/goodwill.fi\/kauppa\/tuote\/sevenon-taidelasivati\/","og_locale":"fi_FI","og_type":"article","og_title":"SEVENON TAIDELASIVATI - Goodwill-verkkokauppa","og_description":"Sevenonin suunnittelema Taidelasivati. Mitat: leveys 30 x 30 cm, korkeus 19,5 cm, paino n. 1200 g","og_url":"https:\/\/goodwill.fi\/kauppa\/tuote\/sevenon-taidelasivati\/","og_site_name":"Goodwill-verkkokauppa","article_modified_time":"2024-01-29T16:27:27+00:00","og_image":[{"width":1835,"height":1251,"url":"https:\/\/goodwill.fi\/kauppa\/wp-content\/uploads\/2022\/02\/IMG_8074-3.jpg","type":"image\/jpeg"}],"twitter_card":"summary_large_image","twitter_misc":{"Arvioitu lukuaika":"1 minuutti"},"schema":{"@context":"https:\/\/schema.org","@graph":[{"@type":"WebPage","@id":"https:\/\/goodwill.fi\/kauppa\/tuote\/sevenon-taidelasivati\/","url":"https:\/\/goodwill.fi\/kauppa\/tuote\/sevenon-taidelasivati\/","name":"SEVENON TAIDELASIVATI - Goodwill-verkkokauppa","isPartOf":{"@id":"https:\/\/goodwill.fi\/kauppa\/#website"},"primaryImageOfPage":{"@id":"https:\/\/goodwill.fi\/kauppa\/tuote\/sevenon-taidelasivati\/#primaryimage"},"image":{"@id":"https:\/\/goodwill.fi\/kauppa\/tuote\/sevenon-taidelasivati\/#primaryimage"},"thumbnailUrl":"https:\/\/goodwill.fi\/kauppa\/wp-content\/uploads\/2022\/02\/IMG_8074-3.jpg","datePublished":"2022-02-25T12:37:58+00:00","dateModified":"2024-01-29T16:27:27+00:00","description":"Sevenonin suunnittelema Taidelasivati. Mitat: leveys 30 x 30 cm, korkeus 19,5 cm, paino n. 1200 g","breadcrumb":{"@id":"https:\/\/goodwill.fi\/kauppa\/tuote\/sevenon-taidelasivati\/#breadcrumb"},"inLanguage":"fi","potentialAction":[{"@type":"ReadAction","target":["https:\/\/goodwill.fi\/kauppa\/tuote\/sevenon-taidelasivati\/"]}]},{"@type":"ImageObject","inLanguage":"fi","@id":"https:\/\/goodwill.fi\/kauppa\/tuote\/sevenon-taidelasivati\/#primaryimage","url":"https:\/\/goodwill.fi\/kauppa\/wp-content\/uploads\/2022\/02\/IMG_8074-3.jpg","contentUrl":"https:\/\/goodwill.fi\/kauppa\/wp-content\/uploads\/2022\/02\/IMG_8074-3.jpg","width":1835,"height":1251},{"@type":"BreadcrumbList","@id":"https:\/\/goodwill.fi\/kauppa\/tuote\/sevenon-taidelasivati\/#breadcrumb","itemListElement":[{"@type":"ListItem","position":1,"name":"Home","item":"https:\/\/goodwill.fi\/kauppa\/"},{"@type":"ListItem","position":2,"name":"Shop","item":"https:\/\/goodwill.fi\/kauppa\/shop\/"},{"@type":"ListItem","position":3,"name":"SEVENON TAIDELASIVATI"}]},{"@type":"WebSite","@id":"https:\/\/goodwill.fi\/kauppa\/#website","url":"https:\/\/goodwill.fi\/kauppa\/","name":"Goodwill-verkkokauppa","description":"Kierr\u00e4tysmyym\u00e4l\u00e4 verkossa","publisher":{"@id":"https:\/\/goodwill.fi\/kauppa\/#organization"},"potentialAction":[{"@type":"SearchAction","target":{"@type":"EntryPoint","urlTemplate":"https:\/\/goodwill.fi\/kauppa\/?s={search_term_string}"},"query-input":{"@type":"PropertyValueSpecification","valueRequired":true,"valueName":"search_term_string"}}],"inLanguage":"fi"},{"@type":"Organization","@id":"https:\/\/goodwill.fi\/kauppa\/#organization","name":"Goodwill-verkkokauppa","url":"https:\/\/goodwill.fi\/kauppa\/","logo":{"@type":"ImageObject","inLanguage":"fi","@id":"https:\/\/goodwill.fi\/kauppa\/#\/schema\/logo\/image\/","url":"https:\/\/goodwill.fi\/kauppa\/wp-content\/uploads\/2021\/02\/cropped-logo_gw_store-723x211-1.png","contentUrl":"https:\/\/goodwill.fi\/kauppa\/wp-content\/uploads\/2021\/02\/cropped-logo_gw_store-723x211-1.png","width":723,"height":207,"caption":"Goodwill-verkkokauppa"},"image":{"@id":"https:\/\/goodwill.fi\/kauppa\/#\/schema\/logo\/image\/"}}]}},"_links":{"self":[{"href":"https:\/\/goodwill.fi\/kauppa\/wp-json\/wp\/v2\/product\/4893","targetHints":{"allow":["GET"]}}],"collection":[{"href":"https:\/\/goodwill.fi\/kauppa\/wp-json\/wp\/v2\/product"}],"about":[{"href":"https:\/\/goodwill.fi\/kauppa\/wp-json\/wp\/v2\/types\/product"}],"replies":[{"embeddable":true,"href":"https:\/\/goodwill.fi\/kauppa\/wp-json\/wp\/v2\/comments?post=4893"}],"wp:featuredmedia":[{"embeddable":true,"href":"https:\/\/goodwill.fi\/kauppa\/wp-json\/wp\/v2\/media\/4894"}],"wp:attachment":[{"href":"https:\/\/goodwill.fi\/kauppa\/wp-json\/wp\/v2\/media?parent=4893"}],"wp:term":[{"taxonomy":"product_brand","embeddable":true,"href":"https:\/\/goodwill.fi\/kauppa\/wp-json\/wp\/v2\/product_brand?post=4893"},{"taxonomy":"product_cat","embeddable":true,"href":"https:\/\/goodwill.fi\/kauppa\/wp-json\/wp\/v2\/product_cat?post=4893"},{"taxonomy":"product_tag","embeddable":true,"href":"https:\/\/goodwill.fi\/kauppa\/wp-json\/wp\/v2\/product_tag?post=4893"}],"curies":[{"name":"wp","href":"https:\/\/api.w.org\/{rel}","templated":true}]}}