{"id":48390,"date":"2025-04-17T09:05:04","date_gmt":"2025-04-17T06:05:04","guid":{"rendered":"https:\/\/goodwill.fi\/kauppa\/?post_type=product&#038;p=48390"},"modified":"2025-04-17T09:05:04","modified_gmt":"2025-04-17T06:05:04","slug":"fratelli-crosio-haitari","status":"publish","type":"product","link":"https:\/\/goodwill.fi\/kauppa\/tuote\/fratelli-crosio-haitari\/","title":{"rendered":"FRATELLI CROSIO HAITARI"},"content":{"rendered":"<p>Kaunis ja koristeellinen Fratelli Crosio\u00a0haitari. Haitarin mukana tulee s\u00e4ilytyslaukku.<\/p>\n<p>Valmistaja: Fratelli Crosio, Italia<br \/>\nMitat: korkeus 28 cm, halkaisija 20 cm, paino 2035 g<br \/>\nV\u00e4ri: musta, kullanv\u00e4rinen<br \/>\nMateriaali: muovi, metalli, nahka<br \/>\nKunto: kulumaa, k\u00e4yt\u00f6n j\u00e4lki\u00e4, taustalevyjen kiinnitys hieman l\u00f6ystynyt, toimivuutta ei ole voitu testata mutta palkeita liikuttaessa pit\u00e4\u00e4 \u00e4\u00e4nt\u00e4<\/p>\n<p>Huom! tuotteen voi my\u00f6s noutaa Goodwill Karhulan myym\u00e4l\u00e4st\u00e4 (Tikankatu 10, 48600 Kotka). T\u00e4ss\u00e4 tapauksessa tilaa tuote verkkokaupasta ja valitse kassalla toimitusvaihtoehdoksi nouto. Ilmoitamme sinulle erikseen kun tuote on noudettavissa, viimeist\u00e4\u00e4n seuraavana arkip\u00e4iv\u00e4n\u00e4. Tuotteen voi noutaa VAIN Goodwill Karhulan myym\u00e4l\u00e4st\u00e4, muussa tapauksessa tilaathan tuotteen postitse.<\/p>\n","protected":false},"excerpt":{"rendered":"<p>Kaunis ja koristeellinen Fratelli Crosio\u00a0haitari. Haitarin mukana tulee s\u00e4ilytyslaukku. Valmistaja: Fratelli Crosio, Italia Mitat: korkeus 28 cm, halkaisija 20 cm, paino 2035 g V\u00e4ri: musta, kullanv\u00e4rinen Materiaali: muovi, metalli, nahka Kunto: kulumaa, k\u00e4yt\u00f6n j\u00e4lki\u00e4, taustalevyjen kiinnitys hieman l\u00f6ystynyt, toimivuutta ei ole voitu testata mutta palkeita liikuttaessa pit\u00e4\u00e4 \u00e4\u00e4nt\u00e4 Huom! tuotteen voi my\u00f6s noutaa Goodwill Karhulan [&hellip;]<\/p>\n","protected":false},"featured_media":48463,"comment_status":"open","ping_status":"closed","template":"","meta":[],"product_brand":[],"product_cat":[159,185,5794,143],"product_tag":[14881,14851,14129,14850,14849],"class_list":{"0":"post-48390","1":"product","2":"type-product","3":"status-publish","4":"has-post-thumbnail","6":"product_cat-kaikki","7":"product_cat-musiikki","8":"product_cat-soittimet","9":"product_cat-viihde-2","10":"product_tag-crosio","11":"product_tag-fratelli","12":"product_tag-haitari","13":"product_tag-hanuri","14":"product_tag-harmonikka","16":"first","17":"instock","18":"taxable","19":"shipping-taxable","20":"purchasable","21":"product-type-simple"},"yoast_head":"<!-- This site is optimized with the Yoast SEO plugin v27.4 - https:\/\/yoast.com\/product\/yoast-seo-wordpress\/ -->\n<title>FRATELLI CROSIO HAITARI - Goodwill-verkkokauppa<\/title>\n<meta name=\"description\" content=\"Kaunis ja koristeellinen Fratelli Crosio haitari. Haitarin mukana tulee s\u00e4ilytyslaukku. Valmistaja: Fratelli Crosio, Italia V\u00e4ri: musta\" \/>\n<meta name=\"robots\" content=\"index, follow, max-snippet:-1, max-image-preview:large, max-video-preview:-1\" \/>\n<link rel=\"canonical\" href=\"https:\/\/goodwill.fi\/kauppa\/tuote\/fratelli-crosio-haitari\/\" \/>\n<meta property=\"og:locale\" content=\"fi_FI\" \/>\n<meta property=\"og:type\" content=\"article\" \/>\n<meta property=\"og:title\" content=\"FRATELLI CROSIO HAITARI - Goodwill-verkkokauppa\" \/>\n<meta property=\"og:description\" content=\"Kaunis ja koristeellinen Fratelli Crosio haitari. Haitarin mukana tulee s\u00e4ilytyslaukku. Valmistaja: Fratelli Crosio, Italia V\u00e4ri: musta\" \/>\n<meta property=\"og:url\" content=\"https:\/\/goodwill.fi\/kauppa\/tuote\/fratelli-crosio-haitari\/\" \/>\n<meta property=\"og:site_name\" content=\"Goodwill-verkkokauppa\" \/>\n<meta property=\"og:image\" content=\"https:\/\/goodwill.fi\/kauppa\/wp-content\/uploads\/2025\/04\/IMG_4823-1-scaled-e1744704433913.jpg\" \/>\n\t<meta property=\"og:image:width\" content=\"2073\" \/>\n\t<meta property=\"og:image:height\" content=\"1605\" \/>\n\t<meta property=\"og:image:type\" content=\"image\/jpeg\" \/>\n<meta name=\"twitter:card\" content=\"summary_large_image\" \/>\n<meta name=\"twitter:label1\" content=\"Arvioitu lukuaika\" \/>\n\t<meta name=\"twitter:data1\" content=\"1 minuutti\" \/>\n<script type=\"application\/ld+json\" class=\"yoast-schema-graph\">{\"@context\":\"https:\\\/\\\/schema.org\",\"@graph\":[{\"@type\":\"WebPage\",\"@id\":\"https:\\\/\\\/goodwill.fi\\\/kauppa\\\/tuote\\\/fratelli-crosio-haitari\\\/\",\"url\":\"https:\\\/\\\/goodwill.fi\\\/kauppa\\\/tuote\\\/fratelli-crosio-haitari\\\/\",\"name\":\"FRATELLI CROSIO HAITARI - Goodwill-verkkokauppa\",\"isPartOf\":{\"@id\":\"https:\\\/\\\/goodwill.fi\\\/kauppa\\\/#website\"},\"primaryImageOfPage\":{\"@id\":\"https:\\\/\\\/goodwill.fi\\\/kauppa\\\/tuote\\\/fratelli-crosio-haitari\\\/#primaryimage\"},\"image\":{\"@id\":\"https:\\\/\\\/goodwill.fi\\\/kauppa\\\/tuote\\\/fratelli-crosio-haitari\\\/#primaryimage\"},\"thumbnailUrl\":\"https:\\\/\\\/goodwill.fi\\\/kauppa\\\/wp-content\\\/uploads\\\/2025\\\/04\\\/IMG_4823-1-scaled-e1744704433913.jpg\",\"datePublished\":\"2025-04-17T06:05:04+00:00\",\"description\":\"Kaunis ja koristeellinen Fratelli Crosio haitari. Haitarin mukana tulee s\u00e4ilytyslaukku. Valmistaja: Fratelli Crosio, Italia V\u00e4ri: musta\",\"breadcrumb\":{\"@id\":\"https:\\\/\\\/goodwill.fi\\\/kauppa\\\/tuote\\\/fratelli-crosio-haitari\\\/#breadcrumb\"},\"inLanguage\":\"fi\",\"potentialAction\":[{\"@type\":\"ReadAction\",\"target\":[\"https:\\\/\\\/goodwill.fi\\\/kauppa\\\/tuote\\\/fratelli-crosio-haitari\\\/\"]}]},{\"@type\":\"ImageObject\",\"inLanguage\":\"fi\",\"@id\":\"https:\\\/\\\/goodwill.fi\\\/kauppa\\\/tuote\\\/fratelli-crosio-haitari\\\/#primaryimage\",\"url\":\"https:\\\/\\\/goodwill.fi\\\/kauppa\\\/wp-content\\\/uploads\\\/2025\\\/04\\\/IMG_4823-1-scaled-e1744704433913.jpg\",\"contentUrl\":\"https:\\\/\\\/goodwill.fi\\\/kauppa\\\/wp-content\\\/uploads\\\/2025\\\/04\\\/IMG_4823-1-scaled-e1744704433913.jpg\",\"width\":2073,\"height\":1605},{\"@type\":\"BreadcrumbList\",\"@id\":\"https:\\\/\\\/goodwill.fi\\\/kauppa\\\/tuote\\\/fratelli-crosio-haitari\\\/#breadcrumb\",\"itemListElement\":[{\"@type\":\"ListItem\",\"position\":1,\"name\":\"Home\",\"item\":\"https:\\\/\\\/goodwill.fi\\\/kauppa\\\/\"},{\"@type\":\"ListItem\",\"position\":2,\"name\":\"Shop\",\"item\":\"https:\\\/\\\/goodwill.fi\\\/kauppa\\\/shop\\\/\"},{\"@type\":\"ListItem\",\"position\":3,\"name\":\"FRATELLI CROSIO HAITARI\"}]},{\"@type\":\"WebSite\",\"@id\":\"https:\\\/\\\/goodwill.fi\\\/kauppa\\\/#website\",\"url\":\"https:\\\/\\\/goodwill.fi\\\/kauppa\\\/\",\"name\":\"Goodwill-verkkokauppa\",\"description\":\"Kierr\u00e4tysmyym\u00e4l\u00e4 verkossa\",\"publisher\":{\"@id\":\"https:\\\/\\\/goodwill.fi\\\/kauppa\\\/#organization\"},\"potentialAction\":[{\"@type\":\"SearchAction\",\"target\":{\"@type\":\"EntryPoint\",\"urlTemplate\":\"https:\\\/\\\/goodwill.fi\\\/kauppa\\\/?s={search_term_string}\"},\"query-input\":{\"@type\":\"PropertyValueSpecification\",\"valueRequired\":true,\"valueName\":\"search_term_string\"}}],\"inLanguage\":\"fi\"},{\"@type\":\"Organization\",\"@id\":\"https:\\\/\\\/goodwill.fi\\\/kauppa\\\/#organization\",\"name\":\"Goodwill-verkkokauppa\",\"url\":\"https:\\\/\\\/goodwill.fi\\\/kauppa\\\/\",\"logo\":{\"@type\":\"ImageObject\",\"inLanguage\":\"fi\",\"@id\":\"https:\\\/\\\/goodwill.fi\\\/kauppa\\\/#\\\/schema\\\/logo\\\/image\\\/\",\"url\":\"https:\\\/\\\/goodwill.fi\\\/kauppa\\\/wp-content\\\/uploads\\\/2021\\\/02\\\/cropped-logo_gw_store-723x211-1.png\",\"contentUrl\":\"https:\\\/\\\/goodwill.fi\\\/kauppa\\\/wp-content\\\/uploads\\\/2021\\\/02\\\/cropped-logo_gw_store-723x211-1.png\",\"width\":723,\"height\":207,\"caption\":\"Goodwill-verkkokauppa\"},\"image\":{\"@id\":\"https:\\\/\\\/goodwill.fi\\\/kauppa\\\/#\\\/schema\\\/logo\\\/image\\\/\"}}]}<\/script>\n<!-- \/ Yoast SEO plugin. -->","yoast_head_json":{"title":"FRATELLI CROSIO HAITARI - Goodwill-verkkokauppa","description":"Kaunis ja koristeellinen Fratelli Crosio haitari. Haitarin mukana tulee s\u00e4ilytyslaukku. Valmistaja: Fratelli Crosio, Italia V\u00e4ri: musta","robots":{"index":"index","follow":"follow","max-snippet":"max-snippet:-1","max-image-preview":"max-image-preview:large","max-video-preview":"max-video-preview:-1"},"canonical":"https:\/\/goodwill.fi\/kauppa\/tuote\/fratelli-crosio-haitari\/","og_locale":"fi_FI","og_type":"article","og_title":"FRATELLI CROSIO HAITARI - Goodwill-verkkokauppa","og_description":"Kaunis ja koristeellinen Fratelli Crosio haitari. Haitarin mukana tulee s\u00e4ilytyslaukku. Valmistaja: Fratelli Crosio, Italia V\u00e4ri: musta","og_url":"https:\/\/goodwill.fi\/kauppa\/tuote\/fratelli-crosio-haitari\/","og_site_name":"Goodwill-verkkokauppa","og_image":[{"width":2073,"height":1605,"url":"https:\/\/goodwill.fi\/kauppa\/wp-content\/uploads\/2025\/04\/IMG_4823-1-scaled-e1744704433913.jpg","type":"image\/jpeg"}],"twitter_card":"summary_large_image","twitter_misc":{"Arvioitu lukuaika":"1 minuutti"},"schema":{"@context":"https:\/\/schema.org","@graph":[{"@type":"WebPage","@id":"https:\/\/goodwill.fi\/kauppa\/tuote\/fratelli-crosio-haitari\/","url":"https:\/\/goodwill.fi\/kauppa\/tuote\/fratelli-crosio-haitari\/","name":"FRATELLI CROSIO HAITARI - Goodwill-verkkokauppa","isPartOf":{"@id":"https:\/\/goodwill.fi\/kauppa\/#website"},"primaryImageOfPage":{"@id":"https:\/\/goodwill.fi\/kauppa\/tuote\/fratelli-crosio-haitari\/#primaryimage"},"image":{"@id":"https:\/\/goodwill.fi\/kauppa\/tuote\/fratelli-crosio-haitari\/#primaryimage"},"thumbnailUrl":"https:\/\/goodwill.fi\/kauppa\/wp-content\/uploads\/2025\/04\/IMG_4823-1-scaled-e1744704433913.jpg","datePublished":"2025-04-17T06:05:04+00:00","description":"Kaunis ja koristeellinen Fratelli Crosio haitari. Haitarin mukana tulee s\u00e4ilytyslaukku. Valmistaja: Fratelli Crosio, Italia V\u00e4ri: musta","breadcrumb":{"@id":"https:\/\/goodwill.fi\/kauppa\/tuote\/fratelli-crosio-haitari\/#breadcrumb"},"inLanguage":"fi","potentialAction":[{"@type":"ReadAction","target":["https:\/\/goodwill.fi\/kauppa\/tuote\/fratelli-crosio-haitari\/"]}]},{"@type":"ImageObject","inLanguage":"fi","@id":"https:\/\/goodwill.fi\/kauppa\/tuote\/fratelli-crosio-haitari\/#primaryimage","url":"https:\/\/goodwill.fi\/kauppa\/wp-content\/uploads\/2025\/04\/IMG_4823-1-scaled-e1744704433913.jpg","contentUrl":"https:\/\/goodwill.fi\/kauppa\/wp-content\/uploads\/2025\/04\/IMG_4823-1-scaled-e1744704433913.jpg","width":2073,"height":1605},{"@type":"BreadcrumbList","@id":"https:\/\/goodwill.fi\/kauppa\/tuote\/fratelli-crosio-haitari\/#breadcrumb","itemListElement":[{"@type":"ListItem","position":1,"name":"Home","item":"https:\/\/goodwill.fi\/kauppa\/"},{"@type":"ListItem","position":2,"name":"Shop","item":"https:\/\/goodwill.fi\/kauppa\/shop\/"},{"@type":"ListItem","position":3,"name":"FRATELLI CROSIO HAITARI"}]},{"@type":"WebSite","@id":"https:\/\/goodwill.fi\/kauppa\/#website","url":"https:\/\/goodwill.fi\/kauppa\/","name":"Goodwill-verkkokauppa","description":"Kierr\u00e4tysmyym\u00e4l\u00e4 verkossa","publisher":{"@id":"https:\/\/goodwill.fi\/kauppa\/#organization"},"potentialAction":[{"@type":"SearchAction","target":{"@type":"EntryPoint","urlTemplate":"https:\/\/goodwill.fi\/kauppa\/?s={search_term_string}"},"query-input":{"@type":"PropertyValueSpecification","valueRequired":true,"valueName":"search_term_string"}}],"inLanguage":"fi"},{"@type":"Organization","@id":"https:\/\/goodwill.fi\/kauppa\/#organization","name":"Goodwill-verkkokauppa","url":"https:\/\/goodwill.fi\/kauppa\/","logo":{"@type":"ImageObject","inLanguage":"fi","@id":"https:\/\/goodwill.fi\/kauppa\/#\/schema\/logo\/image\/","url":"https:\/\/goodwill.fi\/kauppa\/wp-content\/uploads\/2021\/02\/cropped-logo_gw_store-723x211-1.png","contentUrl":"https:\/\/goodwill.fi\/kauppa\/wp-content\/uploads\/2021\/02\/cropped-logo_gw_store-723x211-1.png","width":723,"height":207,"caption":"Goodwill-verkkokauppa"},"image":{"@id":"https:\/\/goodwill.fi\/kauppa\/#\/schema\/logo\/image\/"}}]}},"_links":{"self":[{"href":"https:\/\/goodwill.fi\/kauppa\/wp-json\/wp\/v2\/product\/48390","targetHints":{"allow":["GET"]}}],"collection":[{"href":"https:\/\/goodwill.fi\/kauppa\/wp-json\/wp\/v2\/product"}],"about":[{"href":"https:\/\/goodwill.fi\/kauppa\/wp-json\/wp\/v2\/types\/product"}],"replies":[{"embeddable":true,"href":"https:\/\/goodwill.fi\/kauppa\/wp-json\/wp\/v2\/comments?post=48390"}],"wp:featuredmedia":[{"embeddable":true,"href":"https:\/\/goodwill.fi\/kauppa\/wp-json\/wp\/v2\/media\/48463"}],"wp:attachment":[{"href":"https:\/\/goodwill.fi\/kauppa\/wp-json\/wp\/v2\/media?parent=48390"}],"wp:term":[{"taxonomy":"product_brand","embeddable":true,"href":"https:\/\/goodwill.fi\/kauppa\/wp-json\/wp\/v2\/product_brand?post=48390"},{"taxonomy":"product_cat","embeddable":true,"href":"https:\/\/goodwill.fi\/kauppa\/wp-json\/wp\/v2\/product_cat?post=48390"},{"taxonomy":"product_tag","embeddable":true,"href":"https:\/\/goodwill.fi\/kauppa\/wp-json\/wp\/v2\/product_tag?post=48390"}],"curies":[{"name":"wp","href":"https:\/\/api.w.org\/{rel}","templated":true}]}}