{"id":47258,"date":"2025-03-26T09:19:02","date_gmt":"2025-03-26T07:19:02","guid":{"rendered":"https:\/\/goodwill.fi\/kauppa\/?post_type=product&#038;p=47258"},"modified":"2025-03-26T09:19:03","modified_gmt":"2025-03-26T07:19:03","slug":"aarikka-laukku","status":"publish","type":"product","link":"https:\/\/goodwill.fi\/kauppa\/tuote\/aarikka-laukku\/","title":{"rendered":"AARIKKA LAUKKU"},"content":{"rendered":"<p>Kes\u00e4isen kevyt Aarikan laukku.<\/p>\n<p>Valmistaja: Aarikka<br \/>\nMitat: leveys 24 cm, korkeus 28,5 cm, kantokahvan pituus 113,5 cm, paino 115 g<br \/>\nV\u00e4ri: musta, valkoinen<br \/>\nMateriaali: 100% puuvilla, vuori polyesteri\/puuvilla sekoite, puu<br \/>\nKunto: ehj\u00e4, k\u00e4yt\u00f6n j\u00e4lki\u00e4<\/p>\n","protected":false},"excerpt":{"rendered":"<p>Kes\u00e4isen kevyt Aarikan laukku. Valmistaja: Aarikka Mitat: leveys 24 cm, korkeus 28,5 cm, kantokahvan pituus 113,5 cm, paino 115 g V\u00e4ri: musta, valkoinen Materiaali: 100% puuvilla, vuori polyesteri\/puuvilla sekoite, puu Kunto: ehj\u00e4, k\u00e4yt\u00f6n j\u00e4lki\u00e4<\/p>\n","protected":false},"featured_media":47262,"comment_status":"open","ping_status":"closed","template":"","meta":[],"product_brand":[],"product_cat":[159,176,5833],"product_tag":[701,5394,3817,7355],"class_list":{"0":"post-47258","1":"product","2":"type-product","3":"status-publish","4":"has-post-thumbnail","6":"product_cat-kaikki","7":"product_cat-asusteet-2","8":"product_cat-laukut-asusteet-2","9":"product_tag-aarikka","10":"product_tag-kasilaukku","11":"product_tag-laukku","12":"product_tag-musta-valkoinen","14":"first","15":"instock","16":"taxable","17":"shipping-taxable","18":"purchasable","19":"product-type-simple"},"yoast_head":"<!-- This site is optimized with the Yoast SEO plugin v27.1.1 - https:\/\/yoast.com\/product\/yoast-seo-wordpress\/ -->\n<title>AARIKKA LAUKKU - Goodwill-verkkokauppa<\/title>\n<meta name=\"description\" content=\"Kes\u00e4isen kevyt Aarikan laukku.\u00a0Valmistaja: Aarikka Mitat: leveys 24 cm, korkeus 28,5 cm, kantokahvan pituus 113,5 cm, paino 115 g V\u00e4ri: musta, valkoinen\" \/>\n<meta name=\"robots\" content=\"index, follow, max-snippet:-1, max-image-preview:large, max-video-preview:-1\" \/>\n<link rel=\"canonical\" href=\"https:\/\/goodwill.fi\/kauppa\/tuote\/aarikka-laukku\/\" \/>\n<meta property=\"og:locale\" content=\"fi_FI\" \/>\n<meta property=\"og:type\" content=\"article\" \/>\n<meta property=\"og:title\" content=\"AARIKKA LAUKKU - Goodwill-verkkokauppa\" \/>\n<meta property=\"og:description\" content=\"Kes\u00e4isen kevyt Aarikan laukku.\u00a0Valmistaja: Aarikka Mitat: leveys 24 cm, korkeus 28,5 cm, kantokahvan pituus 113,5 cm, paino 115 g V\u00e4ri: musta, valkoinen\" \/>\n<meta property=\"og:url\" content=\"https:\/\/goodwill.fi\/kauppa\/tuote\/aarikka-laukku\/\" \/>\n<meta property=\"og:site_name\" content=\"Goodwill-verkkokauppa\" \/>\n<meta property=\"article:modified_time\" content=\"2025-03-26T07:19:03+00:00\" \/>\n<meta property=\"og:image\" content=\"https:\/\/goodwill.fi\/kauppa\/wp-content\/uploads\/2025\/03\/IMG_4557-scaled-e1742972877960.jpg\" \/>\n\t<meta property=\"og:image:width\" content=\"2014\" \/>\n\t<meta property=\"og:image:height\" content=\"1410\" \/>\n\t<meta property=\"og:image:type\" content=\"image\/jpeg\" \/>\n<meta name=\"twitter:card\" content=\"summary_large_image\" \/>\n<meta name=\"twitter:label1\" content=\"Arvioitu lukuaika\" \/>\n\t<meta name=\"twitter:data1\" content=\"1 minuutti\" \/>\n<script type=\"application\/ld+json\" class=\"yoast-schema-graph\">{\"@context\":\"https:\/\/schema.org\",\"@graph\":[{\"@type\":\"WebPage\",\"@id\":\"https:\/\/goodwill.fi\/kauppa\/tuote\/aarikka-laukku\/\",\"url\":\"https:\/\/goodwill.fi\/kauppa\/tuote\/aarikka-laukku\/\",\"name\":\"AARIKKA LAUKKU - Goodwill-verkkokauppa\",\"isPartOf\":{\"@id\":\"https:\/\/goodwill.fi\/kauppa\/#website\"},\"primaryImageOfPage\":{\"@id\":\"https:\/\/goodwill.fi\/kauppa\/tuote\/aarikka-laukku\/#primaryimage\"},\"image\":{\"@id\":\"https:\/\/goodwill.fi\/kauppa\/tuote\/aarikka-laukku\/#primaryimage\"},\"thumbnailUrl\":\"https:\/\/goodwill.fi\/kauppa\/wp-content\/uploads\/2025\/03\/IMG_4557-scaled-e1742972877960.jpg\",\"datePublished\":\"2025-03-26T07:19:02+00:00\",\"dateModified\":\"2025-03-26T07:19:03+00:00\",\"description\":\"Kes\u00e4isen kevyt Aarikan laukku.\u00a0Valmistaja: Aarikka Mitat: leveys 24 cm, korkeus 28,5 cm, kantokahvan pituus 113,5 cm, paino 115 g V\u00e4ri: musta, valkoinen\",\"breadcrumb\":{\"@id\":\"https:\/\/goodwill.fi\/kauppa\/tuote\/aarikka-laukku\/#breadcrumb\"},\"inLanguage\":\"fi\",\"potentialAction\":[{\"@type\":\"ReadAction\",\"target\":[\"https:\/\/goodwill.fi\/kauppa\/tuote\/aarikka-laukku\/\"]}]},{\"@type\":\"ImageObject\",\"inLanguage\":\"fi\",\"@id\":\"https:\/\/goodwill.fi\/kauppa\/tuote\/aarikka-laukku\/#primaryimage\",\"url\":\"https:\/\/goodwill.fi\/kauppa\/wp-content\/uploads\/2025\/03\/IMG_4557-scaled-e1742972877960.jpg\",\"contentUrl\":\"https:\/\/goodwill.fi\/kauppa\/wp-content\/uploads\/2025\/03\/IMG_4557-scaled-e1742972877960.jpg\",\"width\":2014,\"height\":1410},{\"@type\":\"BreadcrumbList\",\"@id\":\"https:\/\/goodwill.fi\/kauppa\/tuote\/aarikka-laukku\/#breadcrumb\",\"itemListElement\":[{\"@type\":\"ListItem\",\"position\":1,\"name\":\"Home\",\"item\":\"https:\/\/goodwill.fi\/kauppa\/\"},{\"@type\":\"ListItem\",\"position\":2,\"name\":\"Shop\",\"item\":\"https:\/\/goodwill.fi\/kauppa\/shop\/\"},{\"@type\":\"ListItem\",\"position\":3,\"name\":\"AARIKKA LAUKKU\"}]},{\"@type\":\"WebSite\",\"@id\":\"https:\/\/goodwill.fi\/kauppa\/#website\",\"url\":\"https:\/\/goodwill.fi\/kauppa\/\",\"name\":\"Goodwill-verkkokauppa\",\"description\":\"Kierr\u00e4tysmyym\u00e4l\u00e4 verkossa\",\"publisher\":{\"@id\":\"https:\/\/goodwill.fi\/kauppa\/#organization\"},\"potentialAction\":[{\"@type\":\"SearchAction\",\"target\":{\"@type\":\"EntryPoint\",\"urlTemplate\":\"https:\/\/goodwill.fi\/kauppa\/?s={search_term_string}\"},\"query-input\":{\"@type\":\"PropertyValueSpecification\",\"valueRequired\":true,\"valueName\":\"search_term_string\"}}],\"inLanguage\":\"fi\"},{\"@type\":\"Organization\",\"@id\":\"https:\/\/goodwill.fi\/kauppa\/#organization\",\"name\":\"Goodwill-verkkokauppa\",\"url\":\"https:\/\/goodwill.fi\/kauppa\/\",\"logo\":{\"@type\":\"ImageObject\",\"inLanguage\":\"fi\",\"@id\":\"https:\/\/goodwill.fi\/kauppa\/#\/schema\/logo\/image\/\",\"url\":\"https:\/\/goodwill.fi\/kauppa\/wp-content\/uploads\/2021\/02\/cropped-logo_gw_store-723x211-1.png\",\"contentUrl\":\"https:\/\/goodwill.fi\/kauppa\/wp-content\/uploads\/2021\/02\/cropped-logo_gw_store-723x211-1.png\",\"width\":723,\"height\":207,\"caption\":\"Goodwill-verkkokauppa\"},\"image\":{\"@id\":\"https:\/\/goodwill.fi\/kauppa\/#\/schema\/logo\/image\/\"}}]}<\/script>\n<!-- \/ Yoast SEO plugin. -->","yoast_head_json":{"title":"AARIKKA LAUKKU - Goodwill-verkkokauppa","description":"Kes\u00e4isen kevyt Aarikan laukku.\u00a0Valmistaja: Aarikka Mitat: leveys 24 cm, korkeus 28,5 cm, kantokahvan pituus 113,5 cm, paino 115 g V\u00e4ri: musta, valkoinen","robots":{"index":"index","follow":"follow","max-snippet":"max-snippet:-1","max-image-preview":"max-image-preview:large","max-video-preview":"max-video-preview:-1"},"canonical":"https:\/\/goodwill.fi\/kauppa\/tuote\/aarikka-laukku\/","og_locale":"fi_FI","og_type":"article","og_title":"AARIKKA LAUKKU - Goodwill-verkkokauppa","og_description":"Kes\u00e4isen kevyt Aarikan laukku.\u00a0Valmistaja: Aarikka Mitat: leveys 24 cm, korkeus 28,5 cm, kantokahvan pituus 113,5 cm, paino 115 g V\u00e4ri: musta, valkoinen","og_url":"https:\/\/goodwill.fi\/kauppa\/tuote\/aarikka-laukku\/","og_site_name":"Goodwill-verkkokauppa","article_modified_time":"2025-03-26T07:19:03+00:00","og_image":[{"width":2014,"height":1410,"url":"https:\/\/goodwill.fi\/kauppa\/wp-content\/uploads\/2025\/03\/IMG_4557-scaled-e1742972877960.jpg","type":"image\/jpeg"}],"twitter_card":"summary_large_image","twitter_misc":{"Arvioitu lukuaika":"1 minuutti"},"schema":{"@context":"https:\/\/schema.org","@graph":[{"@type":"WebPage","@id":"https:\/\/goodwill.fi\/kauppa\/tuote\/aarikka-laukku\/","url":"https:\/\/goodwill.fi\/kauppa\/tuote\/aarikka-laukku\/","name":"AARIKKA LAUKKU - Goodwill-verkkokauppa","isPartOf":{"@id":"https:\/\/goodwill.fi\/kauppa\/#website"},"primaryImageOfPage":{"@id":"https:\/\/goodwill.fi\/kauppa\/tuote\/aarikka-laukku\/#primaryimage"},"image":{"@id":"https:\/\/goodwill.fi\/kauppa\/tuote\/aarikka-laukku\/#primaryimage"},"thumbnailUrl":"https:\/\/goodwill.fi\/kauppa\/wp-content\/uploads\/2025\/03\/IMG_4557-scaled-e1742972877960.jpg","datePublished":"2025-03-26T07:19:02+00:00","dateModified":"2025-03-26T07:19:03+00:00","description":"Kes\u00e4isen kevyt Aarikan laukku.\u00a0Valmistaja: Aarikka Mitat: leveys 24 cm, korkeus 28,5 cm, kantokahvan pituus 113,5 cm, paino 115 g V\u00e4ri: musta, valkoinen","breadcrumb":{"@id":"https:\/\/goodwill.fi\/kauppa\/tuote\/aarikka-laukku\/#breadcrumb"},"inLanguage":"fi","potentialAction":[{"@type":"ReadAction","target":["https:\/\/goodwill.fi\/kauppa\/tuote\/aarikka-laukku\/"]}]},{"@type":"ImageObject","inLanguage":"fi","@id":"https:\/\/goodwill.fi\/kauppa\/tuote\/aarikka-laukku\/#primaryimage","url":"https:\/\/goodwill.fi\/kauppa\/wp-content\/uploads\/2025\/03\/IMG_4557-scaled-e1742972877960.jpg","contentUrl":"https:\/\/goodwill.fi\/kauppa\/wp-content\/uploads\/2025\/03\/IMG_4557-scaled-e1742972877960.jpg","width":2014,"height":1410},{"@type":"BreadcrumbList","@id":"https:\/\/goodwill.fi\/kauppa\/tuote\/aarikka-laukku\/#breadcrumb","itemListElement":[{"@type":"ListItem","position":1,"name":"Home","item":"https:\/\/goodwill.fi\/kauppa\/"},{"@type":"ListItem","position":2,"name":"Shop","item":"https:\/\/goodwill.fi\/kauppa\/shop\/"},{"@type":"ListItem","position":3,"name":"AARIKKA LAUKKU"}]},{"@type":"WebSite","@id":"https:\/\/goodwill.fi\/kauppa\/#website","url":"https:\/\/goodwill.fi\/kauppa\/","name":"Goodwill-verkkokauppa","description":"Kierr\u00e4tysmyym\u00e4l\u00e4 verkossa","publisher":{"@id":"https:\/\/goodwill.fi\/kauppa\/#organization"},"potentialAction":[{"@type":"SearchAction","target":{"@type":"EntryPoint","urlTemplate":"https:\/\/goodwill.fi\/kauppa\/?s={search_term_string}"},"query-input":{"@type":"PropertyValueSpecification","valueRequired":true,"valueName":"search_term_string"}}],"inLanguage":"fi"},{"@type":"Organization","@id":"https:\/\/goodwill.fi\/kauppa\/#organization","name":"Goodwill-verkkokauppa","url":"https:\/\/goodwill.fi\/kauppa\/","logo":{"@type":"ImageObject","inLanguage":"fi","@id":"https:\/\/goodwill.fi\/kauppa\/#\/schema\/logo\/image\/","url":"https:\/\/goodwill.fi\/kauppa\/wp-content\/uploads\/2021\/02\/cropped-logo_gw_store-723x211-1.png","contentUrl":"https:\/\/goodwill.fi\/kauppa\/wp-content\/uploads\/2021\/02\/cropped-logo_gw_store-723x211-1.png","width":723,"height":207,"caption":"Goodwill-verkkokauppa"},"image":{"@id":"https:\/\/goodwill.fi\/kauppa\/#\/schema\/logo\/image\/"}}]}},"_links":{"self":[{"href":"https:\/\/goodwill.fi\/kauppa\/wp-json\/wp\/v2\/product\/47258","targetHints":{"allow":["GET"]}}],"collection":[{"href":"https:\/\/goodwill.fi\/kauppa\/wp-json\/wp\/v2\/product"}],"about":[{"href":"https:\/\/goodwill.fi\/kauppa\/wp-json\/wp\/v2\/types\/product"}],"replies":[{"embeddable":true,"href":"https:\/\/goodwill.fi\/kauppa\/wp-json\/wp\/v2\/comments?post=47258"}],"wp:featuredmedia":[{"embeddable":true,"href":"https:\/\/goodwill.fi\/kauppa\/wp-json\/wp\/v2\/media\/47262"}],"wp:attachment":[{"href":"https:\/\/goodwill.fi\/kauppa\/wp-json\/wp\/v2\/media?parent=47258"}],"wp:term":[{"taxonomy":"product_brand","embeddable":true,"href":"https:\/\/goodwill.fi\/kauppa\/wp-json\/wp\/v2\/product_brand?post=47258"},{"taxonomy":"product_cat","embeddable":true,"href":"https:\/\/goodwill.fi\/kauppa\/wp-json\/wp\/v2\/product_cat?post=47258"},{"taxonomy":"product_tag","embeddable":true,"href":"https:\/\/goodwill.fi\/kauppa\/wp-json\/wp\/v2\/product_tag?post=47258"}],"curies":[{"name":"wp","href":"https:\/\/api.w.org\/{rel}","templated":true}]}}