{"id":45619,"date":"2025-03-03T12:28:13","date_gmt":"2025-03-03T10:28:13","guid":{"rendered":"https:\/\/goodwill.fi\/kauppa\/?post_type=product&#038;p=45619"},"modified":"2025-10-16T15:35:57","modified_gmt":"2025-10-16T12:35:57","slug":"aarikka-ripaska-rannekoru-ja-korvakorut","status":"publish","type":"product","link":"https:\/\/goodwill.fi\/kauppa\/tuote\/aarikka-ripaska-rannekoru-ja-korvakorut\/","title":{"rendered":"AARIKKA RIPASKA RANNEKORU JA KORVAKORUT"},"content":{"rendered":"<p>Vintage &#8221;Ripaska&#8221; rannekoru ja korvakorut.<\/p>\n<p>Suunnittelija: ei tiedossa<br \/>\nValmistaja: Aarikka<br \/>\nMitat: k\u00e4sikoru; halkaisija 7 cm, paino 9 g<br \/>\nMitat: korvakorut; pituus 3.5\u00a0 cm, paino 3 g<br \/>\nV\u00e4ri: ruskea, hopea<br \/>\nMateriaali: puu, hopea<br \/>\nKunto: hyv\u00e4.<br \/>\nHuom: Korvakorujen koukut hopeaa 925<\/p>\n","protected":false},"excerpt":{"rendered":"<p>Vintage &#8221;Ripaska&#8221; rannekoru ja korvakorut. Suunnittelija: ei tiedossa Valmistaja: Aarikka Mitat: k\u00e4sikoru; halkaisija 7 cm, paino 9 g Mitat: korvakorut; pituus 3.5\u00a0 cm, paino 3 g V\u00e4ri: ruskea, hopea Materiaali: puu, hopea Kunto: hyv\u00e4. Huom: Korvakorujen koukut hopeaa 925<\/p>\n","protected":false},"featured_media":45681,"comment_status":"open","ping_status":"closed","template":"","meta":[],"product_brand":[],"product_cat":[159,176,148],"product_tag":[701,363,13839,197,14331,3257,14329,416],"class_list":{"0":"post-45619","1":"product","2":"type-product","3":"status-publish","4":"has-post-thumbnail","6":"product_cat-kaikki","7":"product_cat-asusteet-2","8":"product_cat-korut-2","9":"product_tag-aarikka","10":"product_tag-hopea","11":"product_tag-kasikoru","12":"product_tag-korvakorut","13":"product_tag-kot05369","14":"product_tag-rannekoru","15":"product_tag-ripaska","16":"product_tag-vintage","18":"first","19":"outofstock","20":"taxable","21":"shipping-taxable","22":"purchasable","23":"product-type-simple"},"yoast_head":"<!-- This site is optimized with the Yoast SEO plugin v27.1.1 - https:\/\/yoast.com\/product\/yoast-seo-wordpress\/ -->\n<title>AARIKKA RIPASKA RANNEKORU JA KORVAKORUT - Goodwill-verkkokauppa<\/title>\n<meta name=\"description\" content=\"Vintage &quot;Ripaska&quot; rannekoru ja korvakorut. Valmistaja: Aarikka Huom: Korvakorujen koukut hopeaa 925, muu osa hopeoitua kuparia.\" \/>\n<meta name=\"robots\" content=\"index, follow, max-snippet:-1, max-image-preview:large, max-video-preview:-1\" \/>\n<link rel=\"canonical\" href=\"https:\/\/goodwill.fi\/kauppa\/tuote\/aarikka-ripaska-rannekoru-ja-korvakorut\/\" \/>\n<meta property=\"og:locale\" content=\"fi_FI\" \/>\n<meta property=\"og:type\" content=\"article\" \/>\n<meta property=\"og:title\" content=\"AARIKKA RIPASKA RANNEKORU JA KORVAKORUT - Goodwill-verkkokauppa\" \/>\n<meta property=\"og:description\" content=\"Vintage &quot;Ripaska&quot; rannekoru ja korvakorut. Valmistaja: Aarikka Huom: Korvakorujen koukut hopeaa 925, muu osa hopeoitua kuparia.\" \/>\n<meta property=\"og:url\" content=\"https:\/\/goodwill.fi\/kauppa\/tuote\/aarikka-ripaska-rannekoru-ja-korvakorut\/\" \/>\n<meta property=\"og:site_name\" content=\"Goodwill-verkkokauppa\" \/>\n<meta property=\"article:modified_time\" content=\"2025-10-16T12:35:57+00:00\" \/>\n<meta property=\"og:image\" content=\"https:\/\/goodwill.fi\/kauppa\/wp-content\/uploads\/2025\/03\/IMG_2926-scaled-e1740997583624.jpg\" \/>\n\t<meta property=\"og:image:width\" content=\"2176\" \/>\n\t<meta property=\"og:image:height\" content=\"1647\" \/>\n\t<meta property=\"og:image:type\" content=\"image\/jpeg\" \/>\n<meta name=\"twitter:card\" content=\"summary_large_image\" \/>\n<meta name=\"twitter:label1\" content=\"Arvioitu lukuaika\" \/>\n\t<meta name=\"twitter:data1\" content=\"1 minuutti\" \/>\n<script type=\"application\/ld+json\" class=\"yoast-schema-graph\">{\"@context\":\"https:\/\/schema.org\",\"@graph\":[{\"@type\":\"WebPage\",\"@id\":\"https:\/\/goodwill.fi\/kauppa\/tuote\/aarikka-ripaska-rannekoru-ja-korvakorut\/\",\"url\":\"https:\/\/goodwill.fi\/kauppa\/tuote\/aarikka-ripaska-rannekoru-ja-korvakorut\/\",\"name\":\"AARIKKA RIPASKA RANNEKORU JA KORVAKORUT - Goodwill-verkkokauppa\",\"isPartOf\":{\"@id\":\"https:\/\/goodwill.fi\/kauppa\/#website\"},\"primaryImageOfPage\":{\"@id\":\"https:\/\/goodwill.fi\/kauppa\/tuote\/aarikka-ripaska-rannekoru-ja-korvakorut\/#primaryimage\"},\"image\":{\"@id\":\"https:\/\/goodwill.fi\/kauppa\/tuote\/aarikka-ripaska-rannekoru-ja-korvakorut\/#primaryimage\"},\"thumbnailUrl\":\"https:\/\/goodwill.fi\/kauppa\/wp-content\/uploads\/2025\/03\/IMG_2926-scaled-e1740997583624.jpg\",\"datePublished\":\"2025-03-03T10:28:13+00:00\",\"dateModified\":\"2025-10-16T12:35:57+00:00\",\"description\":\"Vintage \\\"Ripaska\\\" rannekoru ja korvakorut. Valmistaja: Aarikka Huom: Korvakorujen koukut hopeaa 925, muu osa hopeoitua kuparia.\",\"breadcrumb\":{\"@id\":\"https:\/\/goodwill.fi\/kauppa\/tuote\/aarikka-ripaska-rannekoru-ja-korvakorut\/#breadcrumb\"},\"inLanguage\":\"fi\",\"potentialAction\":[{\"@type\":\"ReadAction\",\"target\":[\"https:\/\/goodwill.fi\/kauppa\/tuote\/aarikka-ripaska-rannekoru-ja-korvakorut\/\"]}]},{\"@type\":\"ImageObject\",\"inLanguage\":\"fi\",\"@id\":\"https:\/\/goodwill.fi\/kauppa\/tuote\/aarikka-ripaska-rannekoru-ja-korvakorut\/#primaryimage\",\"url\":\"https:\/\/goodwill.fi\/kauppa\/wp-content\/uploads\/2025\/03\/IMG_2926-scaled-e1740997583624.jpg\",\"contentUrl\":\"https:\/\/goodwill.fi\/kauppa\/wp-content\/uploads\/2025\/03\/IMG_2926-scaled-e1740997583624.jpg\",\"width\":2176,\"height\":1647},{\"@type\":\"BreadcrumbList\",\"@id\":\"https:\/\/goodwill.fi\/kauppa\/tuote\/aarikka-ripaska-rannekoru-ja-korvakorut\/#breadcrumb\",\"itemListElement\":[{\"@type\":\"ListItem\",\"position\":1,\"name\":\"Home\",\"item\":\"https:\/\/goodwill.fi\/kauppa\/\"},{\"@type\":\"ListItem\",\"position\":2,\"name\":\"Shop\",\"item\":\"https:\/\/goodwill.fi\/kauppa\/shop\/\"},{\"@type\":\"ListItem\",\"position\":3,\"name\":\"AARIKKA RIPASKA RANNEKORU JA KORVAKORUT\"}]},{\"@type\":\"WebSite\",\"@id\":\"https:\/\/goodwill.fi\/kauppa\/#website\",\"url\":\"https:\/\/goodwill.fi\/kauppa\/\",\"name\":\"Goodwill-verkkokauppa\",\"description\":\"Kierr\u00e4tysmyym\u00e4l\u00e4 verkossa\",\"publisher\":{\"@id\":\"https:\/\/goodwill.fi\/kauppa\/#organization\"},\"potentialAction\":[{\"@type\":\"SearchAction\",\"target\":{\"@type\":\"EntryPoint\",\"urlTemplate\":\"https:\/\/goodwill.fi\/kauppa\/?s={search_term_string}\"},\"query-input\":{\"@type\":\"PropertyValueSpecification\",\"valueRequired\":true,\"valueName\":\"search_term_string\"}}],\"inLanguage\":\"fi\"},{\"@type\":\"Organization\",\"@id\":\"https:\/\/goodwill.fi\/kauppa\/#organization\",\"name\":\"Goodwill-verkkokauppa\",\"url\":\"https:\/\/goodwill.fi\/kauppa\/\",\"logo\":{\"@type\":\"ImageObject\",\"inLanguage\":\"fi\",\"@id\":\"https:\/\/goodwill.fi\/kauppa\/#\/schema\/logo\/image\/\",\"url\":\"https:\/\/goodwill.fi\/kauppa\/wp-content\/uploads\/2021\/02\/cropped-logo_gw_store-723x211-1.png\",\"contentUrl\":\"https:\/\/goodwill.fi\/kauppa\/wp-content\/uploads\/2021\/02\/cropped-logo_gw_store-723x211-1.png\",\"width\":723,\"height\":207,\"caption\":\"Goodwill-verkkokauppa\"},\"image\":{\"@id\":\"https:\/\/goodwill.fi\/kauppa\/#\/schema\/logo\/image\/\"}}]}<\/script>\n<!-- \/ Yoast SEO plugin. -->","yoast_head_json":{"title":"AARIKKA RIPASKA RANNEKORU JA KORVAKORUT - Goodwill-verkkokauppa","description":"Vintage \"Ripaska\" rannekoru ja korvakorut. Valmistaja: Aarikka Huom: Korvakorujen koukut hopeaa 925, muu osa hopeoitua kuparia.","robots":{"index":"index","follow":"follow","max-snippet":"max-snippet:-1","max-image-preview":"max-image-preview:large","max-video-preview":"max-video-preview:-1"},"canonical":"https:\/\/goodwill.fi\/kauppa\/tuote\/aarikka-ripaska-rannekoru-ja-korvakorut\/","og_locale":"fi_FI","og_type":"article","og_title":"AARIKKA RIPASKA RANNEKORU JA KORVAKORUT - Goodwill-verkkokauppa","og_description":"Vintage \"Ripaska\" rannekoru ja korvakorut. Valmistaja: Aarikka Huom: Korvakorujen koukut hopeaa 925, muu osa hopeoitua kuparia.","og_url":"https:\/\/goodwill.fi\/kauppa\/tuote\/aarikka-ripaska-rannekoru-ja-korvakorut\/","og_site_name":"Goodwill-verkkokauppa","article_modified_time":"2025-10-16T12:35:57+00:00","og_image":[{"width":2176,"height":1647,"url":"https:\/\/goodwill.fi\/kauppa\/wp-content\/uploads\/2025\/03\/IMG_2926-scaled-e1740997583624.jpg","type":"image\/jpeg"}],"twitter_card":"summary_large_image","twitter_misc":{"Arvioitu lukuaika":"1 minuutti"},"schema":{"@context":"https:\/\/schema.org","@graph":[{"@type":"WebPage","@id":"https:\/\/goodwill.fi\/kauppa\/tuote\/aarikka-ripaska-rannekoru-ja-korvakorut\/","url":"https:\/\/goodwill.fi\/kauppa\/tuote\/aarikka-ripaska-rannekoru-ja-korvakorut\/","name":"AARIKKA RIPASKA RANNEKORU JA KORVAKORUT - Goodwill-verkkokauppa","isPartOf":{"@id":"https:\/\/goodwill.fi\/kauppa\/#website"},"primaryImageOfPage":{"@id":"https:\/\/goodwill.fi\/kauppa\/tuote\/aarikka-ripaska-rannekoru-ja-korvakorut\/#primaryimage"},"image":{"@id":"https:\/\/goodwill.fi\/kauppa\/tuote\/aarikka-ripaska-rannekoru-ja-korvakorut\/#primaryimage"},"thumbnailUrl":"https:\/\/goodwill.fi\/kauppa\/wp-content\/uploads\/2025\/03\/IMG_2926-scaled-e1740997583624.jpg","datePublished":"2025-03-03T10:28:13+00:00","dateModified":"2025-10-16T12:35:57+00:00","description":"Vintage \"Ripaska\" rannekoru ja korvakorut. Valmistaja: Aarikka Huom: Korvakorujen koukut hopeaa 925, muu osa hopeoitua kuparia.","breadcrumb":{"@id":"https:\/\/goodwill.fi\/kauppa\/tuote\/aarikka-ripaska-rannekoru-ja-korvakorut\/#breadcrumb"},"inLanguage":"fi","potentialAction":[{"@type":"ReadAction","target":["https:\/\/goodwill.fi\/kauppa\/tuote\/aarikka-ripaska-rannekoru-ja-korvakorut\/"]}]},{"@type":"ImageObject","inLanguage":"fi","@id":"https:\/\/goodwill.fi\/kauppa\/tuote\/aarikka-ripaska-rannekoru-ja-korvakorut\/#primaryimage","url":"https:\/\/goodwill.fi\/kauppa\/wp-content\/uploads\/2025\/03\/IMG_2926-scaled-e1740997583624.jpg","contentUrl":"https:\/\/goodwill.fi\/kauppa\/wp-content\/uploads\/2025\/03\/IMG_2926-scaled-e1740997583624.jpg","width":2176,"height":1647},{"@type":"BreadcrumbList","@id":"https:\/\/goodwill.fi\/kauppa\/tuote\/aarikka-ripaska-rannekoru-ja-korvakorut\/#breadcrumb","itemListElement":[{"@type":"ListItem","position":1,"name":"Home","item":"https:\/\/goodwill.fi\/kauppa\/"},{"@type":"ListItem","position":2,"name":"Shop","item":"https:\/\/goodwill.fi\/kauppa\/shop\/"},{"@type":"ListItem","position":3,"name":"AARIKKA RIPASKA RANNEKORU JA KORVAKORUT"}]},{"@type":"WebSite","@id":"https:\/\/goodwill.fi\/kauppa\/#website","url":"https:\/\/goodwill.fi\/kauppa\/","name":"Goodwill-verkkokauppa","description":"Kierr\u00e4tysmyym\u00e4l\u00e4 verkossa","publisher":{"@id":"https:\/\/goodwill.fi\/kauppa\/#organization"},"potentialAction":[{"@type":"SearchAction","target":{"@type":"EntryPoint","urlTemplate":"https:\/\/goodwill.fi\/kauppa\/?s={search_term_string}"},"query-input":{"@type":"PropertyValueSpecification","valueRequired":true,"valueName":"search_term_string"}}],"inLanguage":"fi"},{"@type":"Organization","@id":"https:\/\/goodwill.fi\/kauppa\/#organization","name":"Goodwill-verkkokauppa","url":"https:\/\/goodwill.fi\/kauppa\/","logo":{"@type":"ImageObject","inLanguage":"fi","@id":"https:\/\/goodwill.fi\/kauppa\/#\/schema\/logo\/image\/","url":"https:\/\/goodwill.fi\/kauppa\/wp-content\/uploads\/2021\/02\/cropped-logo_gw_store-723x211-1.png","contentUrl":"https:\/\/goodwill.fi\/kauppa\/wp-content\/uploads\/2021\/02\/cropped-logo_gw_store-723x211-1.png","width":723,"height":207,"caption":"Goodwill-verkkokauppa"},"image":{"@id":"https:\/\/goodwill.fi\/kauppa\/#\/schema\/logo\/image\/"}}]}},"_links":{"self":[{"href":"https:\/\/goodwill.fi\/kauppa\/wp-json\/wp\/v2\/product\/45619","targetHints":{"allow":["GET"]}}],"collection":[{"href":"https:\/\/goodwill.fi\/kauppa\/wp-json\/wp\/v2\/product"}],"about":[{"href":"https:\/\/goodwill.fi\/kauppa\/wp-json\/wp\/v2\/types\/product"}],"replies":[{"embeddable":true,"href":"https:\/\/goodwill.fi\/kauppa\/wp-json\/wp\/v2\/comments?post=45619"}],"wp:featuredmedia":[{"embeddable":true,"href":"https:\/\/goodwill.fi\/kauppa\/wp-json\/wp\/v2\/media\/45681"}],"wp:attachment":[{"href":"https:\/\/goodwill.fi\/kauppa\/wp-json\/wp\/v2\/media?parent=45619"}],"wp:term":[{"taxonomy":"product_brand","embeddable":true,"href":"https:\/\/goodwill.fi\/kauppa\/wp-json\/wp\/v2\/product_brand?post=45619"},{"taxonomy":"product_cat","embeddable":true,"href":"https:\/\/goodwill.fi\/kauppa\/wp-json\/wp\/v2\/product_cat?post=45619"},{"taxonomy":"product_tag","embeddable":true,"href":"https:\/\/goodwill.fi\/kauppa\/wp-json\/wp\/v2\/product_tag?post=45619"}],"curies":[{"name":"wp","href":"https:\/\/api.w.org\/{rel}","templated":true}]}}