{"id":45499,"date":"2025-02-28T09:53:26","date_gmt":"2025-02-28T07:53:26","guid":{"rendered":"https:\/\/goodwill.fi\/kauppa\/?post_type=product&#038;p=45499"},"modified":"2025-12-17T13:28:10","modified_gmt":"2025-12-17T11:28:10","slug":"vintage-taskulamput-2-kpl","status":"publish","type":"product","link":"https:\/\/goodwill.fi\/kauppa\/tuote\/vintage-taskulamput-2-kpl\/","title":{"rendered":"VINTAGE TASKULAMPUT, 2 KPL"},"content":{"rendered":"<p>Kaksi vanhaa taskulamppua \/ merkintantolamppua.<\/p>\n<p>Valmistaja ja valmistusvuosi: ei tiedossa<br \/>\nMitat vihre\u00e4: korkeus 13.5 cm, leveys 7 cm, pituus 3 cm, paino 155 g<br \/>\nMitat sininen: korkeus 12 cm, leveys 7 cm, pituus 3.5 cm, paino 125 g<br \/>\nMateriaali: metalli, muovi, vihre\u00e4ss\u00e4 nahkainen kiinnike<br \/>\nKunto: ehj\u00e4t, k\u00e4yt\u00f6n j\u00e4lki\u00e4, ei testattu, toimivuutta ei taata<br \/>\nHuom: myyd\u00e4\u00e4n kahden lampun settin\u00e4, vihre\u00e4 lamppu mahdollisesti Ruotsin puolustusvoimien malli M2740 valmistaja JEAB<\/p>\n","protected":false},"excerpt":{"rendered":"<p>Kaksi vanhaa taskulamppua \/ merkintantolamppua. Valmistaja ja valmistusvuosi: ei tiedossa Mitat vihre\u00e4: korkeus 13.5 cm, leveys 7 cm, pituus 3 cm, paino 155 g Mitat sininen: korkeus 12 cm, leveys 7 cm, pituus 3.5 cm, paino 125 g Materiaali: metalli, muovi, vihre\u00e4ss\u00e4 nahkainen kiinnike Kunto: ehj\u00e4t, k\u00e4yt\u00f6n j\u00e4lki\u00e4, ei testattu, toimivuutta ei taata Huom: myyd\u00e4\u00e4n [&hellip;]<\/p>\n","protected":false},"featured_media":45501,"comment_status":"open","ping_status":"closed","template":"","meta":[],"product_brand":[],"product_cat":[159,180,11922],"product_tag":[14297,14299,14298,11703],"class_list":{"0":"post-45499","1":"product","2":"type-product","3":"status-publish","4":"has-post-thumbnail","6":"product_cat-kaikki","7":"product_cat-keraily-2","8":"product_cat-keraily-militaria","9":"product_tag-jeab","10":"product_tag-kot05362","11":"product_tag-merkinantolamppu","12":"product_tag-taskulamppu","14":"first","15":"outofstock","16":"taxable","17":"shipping-taxable","18":"purchasable","19":"product-type-simple"},"yoast_head":"<!-- This site is optimized with the Yoast SEO plugin v27.1.1 - https:\/\/yoast.com\/product\/yoast-seo-wordpress\/ -->\n<title>VINTAGE TASKULAMPUT, 2 KPL - Goodwill-verkkokauppa<\/title>\n<meta name=\"description\" content=\"Kaksi vanhaa taskulamppua \/ merkintantolamppua. Vihre\u00e4 lamppu mahdollisesti Ruotsin puolustusvoimien malli M2740 valmistaja JEAB.\" \/>\n<meta name=\"robots\" content=\"index, follow, max-snippet:-1, max-image-preview:large, max-video-preview:-1\" \/>\n<link rel=\"canonical\" href=\"https:\/\/goodwill.fi\/kauppa\/tuote\/vintage-taskulamput-2-kpl\/\" \/>\n<meta property=\"og:locale\" content=\"fi_FI\" \/>\n<meta property=\"og:type\" content=\"article\" \/>\n<meta property=\"og:title\" content=\"VINTAGE TASKULAMPUT, 2 KPL - Goodwill-verkkokauppa\" \/>\n<meta property=\"og:description\" content=\"Kaksi vanhaa taskulamppua \/ merkintantolamppua. Vihre\u00e4 lamppu mahdollisesti Ruotsin puolustusvoimien malli M2740 valmistaja JEAB.\" \/>\n<meta property=\"og:url\" content=\"https:\/\/goodwill.fi\/kauppa\/tuote\/vintage-taskulamput-2-kpl\/\" \/>\n<meta property=\"og:site_name\" content=\"Goodwill-verkkokauppa\" \/>\n<meta property=\"article:modified_time\" content=\"2025-12-17T11:28:10+00:00\" \/>\n<meta property=\"og:image\" content=\"https:\/\/goodwill.fi\/kauppa\/wp-content\/uploads\/2025\/02\/IMG_3225-scaled-e1740729011183.jpg\" \/>\n\t<meta property=\"og:image:width\" content=\"1800\" \/>\n\t<meta property=\"og:image:height\" content=\"1707\" \/>\n\t<meta property=\"og:image:type\" content=\"image\/jpeg\" \/>\n<meta name=\"twitter:card\" content=\"summary_large_image\" \/>\n<meta name=\"twitter:label1\" content=\"Arvioitu lukuaika\" \/>\n\t<meta name=\"twitter:data1\" content=\"1 minuutti\" \/>\n<script type=\"application\/ld+json\" class=\"yoast-schema-graph\">{\"@context\":\"https:\/\/schema.org\",\"@graph\":[{\"@type\":\"WebPage\",\"@id\":\"https:\/\/goodwill.fi\/kauppa\/tuote\/vintage-taskulamput-2-kpl\/\",\"url\":\"https:\/\/goodwill.fi\/kauppa\/tuote\/vintage-taskulamput-2-kpl\/\",\"name\":\"VINTAGE TASKULAMPUT, 2 KPL - Goodwill-verkkokauppa\",\"isPartOf\":{\"@id\":\"https:\/\/goodwill.fi\/kauppa\/#website\"},\"primaryImageOfPage\":{\"@id\":\"https:\/\/goodwill.fi\/kauppa\/tuote\/vintage-taskulamput-2-kpl\/#primaryimage\"},\"image\":{\"@id\":\"https:\/\/goodwill.fi\/kauppa\/tuote\/vintage-taskulamput-2-kpl\/#primaryimage\"},\"thumbnailUrl\":\"https:\/\/goodwill.fi\/kauppa\/wp-content\/uploads\/2025\/02\/IMG_3225-scaled-e1740729011183.jpg\",\"datePublished\":\"2025-02-28T07:53:26+00:00\",\"dateModified\":\"2025-12-17T11:28:10+00:00\",\"description\":\"Kaksi vanhaa taskulamppua \/ merkintantolamppua. Vihre\u00e4 lamppu mahdollisesti Ruotsin puolustusvoimien malli M2740 valmistaja JEAB.\",\"breadcrumb\":{\"@id\":\"https:\/\/goodwill.fi\/kauppa\/tuote\/vintage-taskulamput-2-kpl\/#breadcrumb\"},\"inLanguage\":\"fi\",\"potentialAction\":[{\"@type\":\"ReadAction\",\"target\":[\"https:\/\/goodwill.fi\/kauppa\/tuote\/vintage-taskulamput-2-kpl\/\"]}]},{\"@type\":\"ImageObject\",\"inLanguage\":\"fi\",\"@id\":\"https:\/\/goodwill.fi\/kauppa\/tuote\/vintage-taskulamput-2-kpl\/#primaryimage\",\"url\":\"https:\/\/goodwill.fi\/kauppa\/wp-content\/uploads\/2025\/02\/IMG_3225-scaled-e1740729011183.jpg\",\"contentUrl\":\"https:\/\/goodwill.fi\/kauppa\/wp-content\/uploads\/2025\/02\/IMG_3225-scaled-e1740729011183.jpg\",\"width\":1800,\"height\":1707},{\"@type\":\"BreadcrumbList\",\"@id\":\"https:\/\/goodwill.fi\/kauppa\/tuote\/vintage-taskulamput-2-kpl\/#breadcrumb\",\"itemListElement\":[{\"@type\":\"ListItem\",\"position\":1,\"name\":\"Home\",\"item\":\"https:\/\/goodwill.fi\/kauppa\/\"},{\"@type\":\"ListItem\",\"position\":2,\"name\":\"Shop\",\"item\":\"https:\/\/goodwill.fi\/kauppa\/shop\/\"},{\"@type\":\"ListItem\",\"position\":3,\"name\":\"VINTAGE TASKULAMPUT, 2 KPL\"}]},{\"@type\":\"WebSite\",\"@id\":\"https:\/\/goodwill.fi\/kauppa\/#website\",\"url\":\"https:\/\/goodwill.fi\/kauppa\/\",\"name\":\"Goodwill-verkkokauppa\",\"description\":\"Kierr\u00e4tysmyym\u00e4l\u00e4 verkossa\",\"publisher\":{\"@id\":\"https:\/\/goodwill.fi\/kauppa\/#organization\"},\"potentialAction\":[{\"@type\":\"SearchAction\",\"target\":{\"@type\":\"EntryPoint\",\"urlTemplate\":\"https:\/\/goodwill.fi\/kauppa\/?s={search_term_string}\"},\"query-input\":{\"@type\":\"PropertyValueSpecification\",\"valueRequired\":true,\"valueName\":\"search_term_string\"}}],\"inLanguage\":\"fi\"},{\"@type\":\"Organization\",\"@id\":\"https:\/\/goodwill.fi\/kauppa\/#organization\",\"name\":\"Goodwill-verkkokauppa\",\"url\":\"https:\/\/goodwill.fi\/kauppa\/\",\"logo\":{\"@type\":\"ImageObject\",\"inLanguage\":\"fi\",\"@id\":\"https:\/\/goodwill.fi\/kauppa\/#\/schema\/logo\/image\/\",\"url\":\"https:\/\/goodwill.fi\/kauppa\/wp-content\/uploads\/2021\/02\/cropped-logo_gw_store-723x211-1.png\",\"contentUrl\":\"https:\/\/goodwill.fi\/kauppa\/wp-content\/uploads\/2021\/02\/cropped-logo_gw_store-723x211-1.png\",\"width\":723,\"height\":207,\"caption\":\"Goodwill-verkkokauppa\"},\"image\":{\"@id\":\"https:\/\/goodwill.fi\/kauppa\/#\/schema\/logo\/image\/\"}}]}<\/script>\n<!-- \/ Yoast SEO plugin. -->","yoast_head_json":{"title":"VINTAGE TASKULAMPUT, 2 KPL - Goodwill-verkkokauppa","description":"Kaksi vanhaa taskulamppua \/ merkintantolamppua. Vihre\u00e4 lamppu mahdollisesti Ruotsin puolustusvoimien malli M2740 valmistaja JEAB.","robots":{"index":"index","follow":"follow","max-snippet":"max-snippet:-1","max-image-preview":"max-image-preview:large","max-video-preview":"max-video-preview:-1"},"canonical":"https:\/\/goodwill.fi\/kauppa\/tuote\/vintage-taskulamput-2-kpl\/","og_locale":"fi_FI","og_type":"article","og_title":"VINTAGE TASKULAMPUT, 2 KPL - Goodwill-verkkokauppa","og_description":"Kaksi vanhaa taskulamppua \/ merkintantolamppua. Vihre\u00e4 lamppu mahdollisesti Ruotsin puolustusvoimien malli M2740 valmistaja JEAB.","og_url":"https:\/\/goodwill.fi\/kauppa\/tuote\/vintage-taskulamput-2-kpl\/","og_site_name":"Goodwill-verkkokauppa","article_modified_time":"2025-12-17T11:28:10+00:00","og_image":[{"width":1800,"height":1707,"url":"https:\/\/goodwill.fi\/kauppa\/wp-content\/uploads\/2025\/02\/IMG_3225-scaled-e1740729011183.jpg","type":"image\/jpeg"}],"twitter_card":"summary_large_image","twitter_misc":{"Arvioitu lukuaika":"1 minuutti"},"schema":{"@context":"https:\/\/schema.org","@graph":[{"@type":"WebPage","@id":"https:\/\/goodwill.fi\/kauppa\/tuote\/vintage-taskulamput-2-kpl\/","url":"https:\/\/goodwill.fi\/kauppa\/tuote\/vintage-taskulamput-2-kpl\/","name":"VINTAGE TASKULAMPUT, 2 KPL - Goodwill-verkkokauppa","isPartOf":{"@id":"https:\/\/goodwill.fi\/kauppa\/#website"},"primaryImageOfPage":{"@id":"https:\/\/goodwill.fi\/kauppa\/tuote\/vintage-taskulamput-2-kpl\/#primaryimage"},"image":{"@id":"https:\/\/goodwill.fi\/kauppa\/tuote\/vintage-taskulamput-2-kpl\/#primaryimage"},"thumbnailUrl":"https:\/\/goodwill.fi\/kauppa\/wp-content\/uploads\/2025\/02\/IMG_3225-scaled-e1740729011183.jpg","datePublished":"2025-02-28T07:53:26+00:00","dateModified":"2025-12-17T11:28:10+00:00","description":"Kaksi vanhaa taskulamppua \/ merkintantolamppua. Vihre\u00e4 lamppu mahdollisesti Ruotsin puolustusvoimien malli M2740 valmistaja JEAB.","breadcrumb":{"@id":"https:\/\/goodwill.fi\/kauppa\/tuote\/vintage-taskulamput-2-kpl\/#breadcrumb"},"inLanguage":"fi","potentialAction":[{"@type":"ReadAction","target":["https:\/\/goodwill.fi\/kauppa\/tuote\/vintage-taskulamput-2-kpl\/"]}]},{"@type":"ImageObject","inLanguage":"fi","@id":"https:\/\/goodwill.fi\/kauppa\/tuote\/vintage-taskulamput-2-kpl\/#primaryimage","url":"https:\/\/goodwill.fi\/kauppa\/wp-content\/uploads\/2025\/02\/IMG_3225-scaled-e1740729011183.jpg","contentUrl":"https:\/\/goodwill.fi\/kauppa\/wp-content\/uploads\/2025\/02\/IMG_3225-scaled-e1740729011183.jpg","width":1800,"height":1707},{"@type":"BreadcrumbList","@id":"https:\/\/goodwill.fi\/kauppa\/tuote\/vintage-taskulamput-2-kpl\/#breadcrumb","itemListElement":[{"@type":"ListItem","position":1,"name":"Home","item":"https:\/\/goodwill.fi\/kauppa\/"},{"@type":"ListItem","position":2,"name":"Shop","item":"https:\/\/goodwill.fi\/kauppa\/shop\/"},{"@type":"ListItem","position":3,"name":"VINTAGE TASKULAMPUT, 2 KPL"}]},{"@type":"WebSite","@id":"https:\/\/goodwill.fi\/kauppa\/#website","url":"https:\/\/goodwill.fi\/kauppa\/","name":"Goodwill-verkkokauppa","description":"Kierr\u00e4tysmyym\u00e4l\u00e4 verkossa","publisher":{"@id":"https:\/\/goodwill.fi\/kauppa\/#organization"},"potentialAction":[{"@type":"SearchAction","target":{"@type":"EntryPoint","urlTemplate":"https:\/\/goodwill.fi\/kauppa\/?s={search_term_string}"},"query-input":{"@type":"PropertyValueSpecification","valueRequired":true,"valueName":"search_term_string"}}],"inLanguage":"fi"},{"@type":"Organization","@id":"https:\/\/goodwill.fi\/kauppa\/#organization","name":"Goodwill-verkkokauppa","url":"https:\/\/goodwill.fi\/kauppa\/","logo":{"@type":"ImageObject","inLanguage":"fi","@id":"https:\/\/goodwill.fi\/kauppa\/#\/schema\/logo\/image\/","url":"https:\/\/goodwill.fi\/kauppa\/wp-content\/uploads\/2021\/02\/cropped-logo_gw_store-723x211-1.png","contentUrl":"https:\/\/goodwill.fi\/kauppa\/wp-content\/uploads\/2021\/02\/cropped-logo_gw_store-723x211-1.png","width":723,"height":207,"caption":"Goodwill-verkkokauppa"},"image":{"@id":"https:\/\/goodwill.fi\/kauppa\/#\/schema\/logo\/image\/"}}]}},"_links":{"self":[{"href":"https:\/\/goodwill.fi\/kauppa\/wp-json\/wp\/v2\/product\/45499","targetHints":{"allow":["GET"]}}],"collection":[{"href":"https:\/\/goodwill.fi\/kauppa\/wp-json\/wp\/v2\/product"}],"about":[{"href":"https:\/\/goodwill.fi\/kauppa\/wp-json\/wp\/v2\/types\/product"}],"replies":[{"embeddable":true,"href":"https:\/\/goodwill.fi\/kauppa\/wp-json\/wp\/v2\/comments?post=45499"}],"wp:featuredmedia":[{"embeddable":true,"href":"https:\/\/goodwill.fi\/kauppa\/wp-json\/wp\/v2\/media\/45501"}],"wp:attachment":[{"href":"https:\/\/goodwill.fi\/kauppa\/wp-json\/wp\/v2\/media?parent=45499"}],"wp:term":[{"taxonomy":"product_brand","embeddable":true,"href":"https:\/\/goodwill.fi\/kauppa\/wp-json\/wp\/v2\/product_brand?post=45499"},{"taxonomy":"product_cat","embeddable":true,"href":"https:\/\/goodwill.fi\/kauppa\/wp-json\/wp\/v2\/product_cat?post=45499"},{"taxonomy":"product_tag","embeddable":true,"href":"https:\/\/goodwill.fi\/kauppa\/wp-json\/wp\/v2\/product_tag?post=45499"}],"curies":[{"name":"wp","href":"https:\/\/api.w.org\/{rel}","templated":true}]}}