{"id":41866,"date":"2025-11-14T08:00:39","date_gmt":"2025-11-14T06:00:39","guid":{"rendered":"https:\/\/goodwill.fi\/kauppa\/?post_type=product&#038;p=41866"},"modified":"2025-11-27T11:59:51","modified_gmt":"2025-11-27T09:59:51","slug":"star-wars-attacktix-hahmoja-6-kpl","status":"publish","type":"product","link":"https:\/\/goodwill.fi\/kauppa\/tuote\/star-wars-attacktix-hahmoja-6-kpl\/","title":{"rendered":"STAR WARS ATTACKTIX HAHMOJA, 6 KPL"},"content":{"rendered":"<p>Hasbron vuonna 2005 Sithin koston (Revenge of the Sith) julkaisuun liittyen alunperin suunnittelemat Attacktix-hahmot. Pelin suunnittelu oli tuona vuonna mutta emme tied\u00e4 juuri n\u00e4iden kuuden hahmon tarkkaa valmistusvuotta.<br \/>\nHahmoina 10 (T) Biker Scout, 20 (W) Luke Skywalker, 20 (W) Chewbacca,\u00a0 30 (W) Han Solo, 40 (L) Darth Vader, 60 (M) Wampa.<\/p>\n<p>Suunnittelija: Lucas Arts, Hasbro<br \/>\nValmistaja: Hasbro<br \/>\nValmistusvuosi: 2005 j\u00e4lkeen<br \/>\nMitat: korkeus\u00a0 cm, halkaisija cm, leveys cm, pituus cm, paino g<br \/>\nV\u00e4ri: moniv\u00e4rinen riippuen hahmosta<br \/>\nMateriaali: muovi<br \/>\nKunto: ehj\u00e4, hieman k\u00e4yt\u00f6n j\u00e4lki\u00e4, Biker Scoutin jalat ovat likaantuneet ja Vaderin viitta on irti mutta liimattavissa, muoviset tikkamaiset ammukset puuttuvat, muutoin toimivat<\/p>\n","protected":false},"excerpt":{"rendered":"<p>Hasbron vuonna 2005 Sithin koston (Revenge of the Sith) julkaisuun liittyen alunperin suunnittelemat Attacktix-hahmot. Pelin suunnittelu oli tuona vuonna mutta emme tied\u00e4 juuri n\u00e4iden kuuden hahmon tarkkaa valmistusvuotta. Hahmoina 10 (T) Biker Scout, 20 (W) Luke Skywalker, 20 (W) Chewbacca,\u00a0 30 (W) Han Solo, 40 (L) Darth Vader, 60 (M) Wampa. Suunnittelija: Lucas Arts, Hasbro [&hellip;]<\/p>\n","protected":false},"featured_media":41868,"comment_status":"open","ping_status":"closed","template":"","meta":[],"product_brand":[],"product_cat":[159,180,183,186,143],"product_tag":[13540,13536,7835,13534,13535,3833,13539,13532,9033,13537,10923,6628,13538,13533],"class_list":{"0":"post-41866","1":"product","2":"type-product","3":"status-publish","4":"has-post-thumbnail","6":"product_cat-kaikki","7":"product_cat-keraily-2","8":"product_cat-lelut","9":"product_cat-pelit","10":"product_cat-viihde-2","11":"product_tag-attacktix","12":"product_tag-biker-scout","13":"product_tag-chewbacca","14":"product_tag-dart-vader","15":"product_tag-han-solo","16":"product_tag-hasbro","17":"product_tag-hoth","18":"product_tag-kot05082","19":"product_tag-luke-skywalker","20":"product_tag-scout-trooper","21":"product_tag-star","22":"product_tag-star-wars","23":"product_tag-wampa","24":"product_tag-wars","26":"first","27":"outofstock","28":"taxable","29":"shipping-taxable","30":"purchasable","31":"product-type-simple"},"yoast_head":"<!-- This site is optimized with the Yoast SEO plugin v27.4 - https:\/\/yoast.com\/product\/yoast-seo-wordpress\/ -->\n<title>STAR WARS ATTACKTIX HAHMOJA, 6 KPL - Goodwill-verkkokauppa<\/title>\n<meta name=\"description\" content=\"Hasbron vuonna 2005 Sithin koston julkaisuun liittyen alunperin suunnittelemat Attacktix-hahmot. Hahmojen julkaisu tuona vuonna muttei juuri n\u00e4iden valmistus.\" \/>\n<meta name=\"robots\" content=\"index, follow, max-snippet:-1, max-image-preview:large, max-video-preview:-1\" \/>\n<link rel=\"canonical\" href=\"https:\/\/goodwill.fi\/kauppa\/tuote\/star-wars-attacktix-hahmoja-6-kpl\/\" \/>\n<meta property=\"og:locale\" content=\"fi_FI\" \/>\n<meta property=\"og:type\" content=\"article\" \/>\n<meta property=\"og:title\" content=\"STAR WARS ATTACKTIX HAHMOJA, 6 KPL - Goodwill-verkkokauppa\" \/>\n<meta property=\"og:description\" content=\"Hasbron vuonna 2005 Sithin koston julkaisuun liittyen alunperin suunnittelemat Attacktix-hahmot. Hahmojen julkaisu tuona vuonna muttei juuri n\u00e4iden valmistus.\" \/>\n<meta property=\"og:url\" content=\"https:\/\/goodwill.fi\/kauppa\/tuote\/star-wars-attacktix-hahmoja-6-kpl\/\" \/>\n<meta property=\"og:site_name\" content=\"Goodwill-verkkokauppa\" \/>\n<meta property=\"article:modified_time\" content=\"2025-11-27T09:59:51+00:00\" \/>\n<meta property=\"og:image\" content=\"https:\/\/goodwill.fi\/kauppa\/wp-content\/uploads\/2024\/12\/IMG_9946-scaled-e1734601339598.jpg\" \/>\n\t<meta property=\"og:image:width\" content=\"1928\" \/>\n\t<meta property=\"og:image:height\" content=\"1706\" \/>\n\t<meta property=\"og:image:type\" content=\"image\/jpeg\" \/>\n<meta name=\"twitter:card\" content=\"summary_large_image\" \/>\n<meta name=\"twitter:label1\" content=\"Arvioitu lukuaika\" \/>\n\t<meta name=\"twitter:data1\" content=\"1 minuutti\" \/>\n<script type=\"application\/ld+json\" class=\"yoast-schema-graph\">{\"@context\":\"https:\\\/\\\/schema.org\",\"@graph\":[{\"@type\":\"WebPage\",\"@id\":\"https:\\\/\\\/goodwill.fi\\\/kauppa\\\/tuote\\\/star-wars-attacktix-hahmoja-6-kpl\\\/\",\"url\":\"https:\\\/\\\/goodwill.fi\\\/kauppa\\\/tuote\\\/star-wars-attacktix-hahmoja-6-kpl\\\/\",\"name\":\"STAR WARS ATTACKTIX HAHMOJA, 6 KPL - Goodwill-verkkokauppa\",\"isPartOf\":{\"@id\":\"https:\\\/\\\/goodwill.fi\\\/kauppa\\\/#website\"},\"primaryImageOfPage\":{\"@id\":\"https:\\\/\\\/goodwill.fi\\\/kauppa\\\/tuote\\\/star-wars-attacktix-hahmoja-6-kpl\\\/#primaryimage\"},\"image\":{\"@id\":\"https:\\\/\\\/goodwill.fi\\\/kauppa\\\/tuote\\\/star-wars-attacktix-hahmoja-6-kpl\\\/#primaryimage\"},\"thumbnailUrl\":\"https:\\\/\\\/goodwill.fi\\\/kauppa\\\/wp-content\\\/uploads\\\/2024\\\/12\\\/IMG_9946-scaled-e1734601339598.jpg\",\"datePublished\":\"2025-11-14T06:00:39+00:00\",\"dateModified\":\"2025-11-27T09:59:51+00:00\",\"description\":\"Hasbron vuonna 2005 Sithin koston julkaisuun liittyen alunperin suunnittelemat Attacktix-hahmot. Hahmojen julkaisu tuona vuonna muttei juuri n\u00e4iden valmistus.\",\"breadcrumb\":{\"@id\":\"https:\\\/\\\/goodwill.fi\\\/kauppa\\\/tuote\\\/star-wars-attacktix-hahmoja-6-kpl\\\/#breadcrumb\"},\"inLanguage\":\"fi\",\"potentialAction\":[{\"@type\":\"ReadAction\",\"target\":[\"https:\\\/\\\/goodwill.fi\\\/kauppa\\\/tuote\\\/star-wars-attacktix-hahmoja-6-kpl\\\/\"]}]},{\"@type\":\"ImageObject\",\"inLanguage\":\"fi\",\"@id\":\"https:\\\/\\\/goodwill.fi\\\/kauppa\\\/tuote\\\/star-wars-attacktix-hahmoja-6-kpl\\\/#primaryimage\",\"url\":\"https:\\\/\\\/goodwill.fi\\\/kauppa\\\/wp-content\\\/uploads\\\/2024\\\/12\\\/IMG_9946-scaled-e1734601339598.jpg\",\"contentUrl\":\"https:\\\/\\\/goodwill.fi\\\/kauppa\\\/wp-content\\\/uploads\\\/2024\\\/12\\\/IMG_9946-scaled-e1734601339598.jpg\",\"width\":1928,\"height\":1706},{\"@type\":\"BreadcrumbList\",\"@id\":\"https:\\\/\\\/goodwill.fi\\\/kauppa\\\/tuote\\\/star-wars-attacktix-hahmoja-6-kpl\\\/#breadcrumb\",\"itemListElement\":[{\"@type\":\"ListItem\",\"position\":1,\"name\":\"Home\",\"item\":\"https:\\\/\\\/goodwill.fi\\\/kauppa\\\/\"},{\"@type\":\"ListItem\",\"position\":2,\"name\":\"Shop\",\"item\":\"https:\\\/\\\/goodwill.fi\\\/kauppa\\\/shop\\\/\"},{\"@type\":\"ListItem\",\"position\":3,\"name\":\"STAR WARS ATTACKTIX HAHMOJA, 6 KPL\"}]},{\"@type\":\"WebSite\",\"@id\":\"https:\\\/\\\/goodwill.fi\\\/kauppa\\\/#website\",\"url\":\"https:\\\/\\\/goodwill.fi\\\/kauppa\\\/\",\"name\":\"Goodwill-verkkokauppa\",\"description\":\"Kierr\u00e4tysmyym\u00e4l\u00e4 verkossa\",\"publisher\":{\"@id\":\"https:\\\/\\\/goodwill.fi\\\/kauppa\\\/#organization\"},\"potentialAction\":[{\"@type\":\"SearchAction\",\"target\":{\"@type\":\"EntryPoint\",\"urlTemplate\":\"https:\\\/\\\/goodwill.fi\\\/kauppa\\\/?s={search_term_string}\"},\"query-input\":{\"@type\":\"PropertyValueSpecification\",\"valueRequired\":true,\"valueName\":\"search_term_string\"}}],\"inLanguage\":\"fi\"},{\"@type\":\"Organization\",\"@id\":\"https:\\\/\\\/goodwill.fi\\\/kauppa\\\/#organization\",\"name\":\"Goodwill-verkkokauppa\",\"url\":\"https:\\\/\\\/goodwill.fi\\\/kauppa\\\/\",\"logo\":{\"@type\":\"ImageObject\",\"inLanguage\":\"fi\",\"@id\":\"https:\\\/\\\/goodwill.fi\\\/kauppa\\\/#\\\/schema\\\/logo\\\/image\\\/\",\"url\":\"https:\\\/\\\/goodwill.fi\\\/kauppa\\\/wp-content\\\/uploads\\\/2021\\\/02\\\/cropped-logo_gw_store-723x211-1.png\",\"contentUrl\":\"https:\\\/\\\/goodwill.fi\\\/kauppa\\\/wp-content\\\/uploads\\\/2021\\\/02\\\/cropped-logo_gw_store-723x211-1.png\",\"width\":723,\"height\":207,\"caption\":\"Goodwill-verkkokauppa\"},\"image\":{\"@id\":\"https:\\\/\\\/goodwill.fi\\\/kauppa\\\/#\\\/schema\\\/logo\\\/image\\\/\"}}]}<\/script>\n<!-- \/ Yoast SEO plugin. -->","yoast_head_json":{"title":"STAR WARS ATTACKTIX HAHMOJA, 6 KPL - Goodwill-verkkokauppa","description":"Hasbron vuonna 2005 Sithin koston julkaisuun liittyen alunperin suunnittelemat Attacktix-hahmot. Hahmojen julkaisu tuona vuonna muttei juuri n\u00e4iden valmistus.","robots":{"index":"index","follow":"follow","max-snippet":"max-snippet:-1","max-image-preview":"max-image-preview:large","max-video-preview":"max-video-preview:-1"},"canonical":"https:\/\/goodwill.fi\/kauppa\/tuote\/star-wars-attacktix-hahmoja-6-kpl\/","og_locale":"fi_FI","og_type":"article","og_title":"STAR WARS ATTACKTIX HAHMOJA, 6 KPL - Goodwill-verkkokauppa","og_description":"Hasbron vuonna 2005 Sithin koston julkaisuun liittyen alunperin suunnittelemat Attacktix-hahmot. Hahmojen julkaisu tuona vuonna muttei juuri n\u00e4iden valmistus.","og_url":"https:\/\/goodwill.fi\/kauppa\/tuote\/star-wars-attacktix-hahmoja-6-kpl\/","og_site_name":"Goodwill-verkkokauppa","article_modified_time":"2025-11-27T09:59:51+00:00","og_image":[{"width":1928,"height":1706,"url":"https:\/\/goodwill.fi\/kauppa\/wp-content\/uploads\/2024\/12\/IMG_9946-scaled-e1734601339598.jpg","type":"image\/jpeg"}],"twitter_card":"summary_large_image","twitter_misc":{"Arvioitu lukuaika":"1 minuutti"},"schema":{"@context":"https:\/\/schema.org","@graph":[{"@type":"WebPage","@id":"https:\/\/goodwill.fi\/kauppa\/tuote\/star-wars-attacktix-hahmoja-6-kpl\/","url":"https:\/\/goodwill.fi\/kauppa\/tuote\/star-wars-attacktix-hahmoja-6-kpl\/","name":"STAR WARS ATTACKTIX HAHMOJA, 6 KPL - Goodwill-verkkokauppa","isPartOf":{"@id":"https:\/\/goodwill.fi\/kauppa\/#website"},"primaryImageOfPage":{"@id":"https:\/\/goodwill.fi\/kauppa\/tuote\/star-wars-attacktix-hahmoja-6-kpl\/#primaryimage"},"image":{"@id":"https:\/\/goodwill.fi\/kauppa\/tuote\/star-wars-attacktix-hahmoja-6-kpl\/#primaryimage"},"thumbnailUrl":"https:\/\/goodwill.fi\/kauppa\/wp-content\/uploads\/2024\/12\/IMG_9946-scaled-e1734601339598.jpg","datePublished":"2025-11-14T06:00:39+00:00","dateModified":"2025-11-27T09:59:51+00:00","description":"Hasbron vuonna 2005 Sithin koston julkaisuun liittyen alunperin suunnittelemat Attacktix-hahmot. Hahmojen julkaisu tuona vuonna muttei juuri n\u00e4iden valmistus.","breadcrumb":{"@id":"https:\/\/goodwill.fi\/kauppa\/tuote\/star-wars-attacktix-hahmoja-6-kpl\/#breadcrumb"},"inLanguage":"fi","potentialAction":[{"@type":"ReadAction","target":["https:\/\/goodwill.fi\/kauppa\/tuote\/star-wars-attacktix-hahmoja-6-kpl\/"]}]},{"@type":"ImageObject","inLanguage":"fi","@id":"https:\/\/goodwill.fi\/kauppa\/tuote\/star-wars-attacktix-hahmoja-6-kpl\/#primaryimage","url":"https:\/\/goodwill.fi\/kauppa\/wp-content\/uploads\/2024\/12\/IMG_9946-scaled-e1734601339598.jpg","contentUrl":"https:\/\/goodwill.fi\/kauppa\/wp-content\/uploads\/2024\/12\/IMG_9946-scaled-e1734601339598.jpg","width":1928,"height":1706},{"@type":"BreadcrumbList","@id":"https:\/\/goodwill.fi\/kauppa\/tuote\/star-wars-attacktix-hahmoja-6-kpl\/#breadcrumb","itemListElement":[{"@type":"ListItem","position":1,"name":"Home","item":"https:\/\/goodwill.fi\/kauppa\/"},{"@type":"ListItem","position":2,"name":"Shop","item":"https:\/\/goodwill.fi\/kauppa\/shop\/"},{"@type":"ListItem","position":3,"name":"STAR WARS ATTACKTIX HAHMOJA, 6 KPL"}]},{"@type":"WebSite","@id":"https:\/\/goodwill.fi\/kauppa\/#website","url":"https:\/\/goodwill.fi\/kauppa\/","name":"Goodwill-verkkokauppa","description":"Kierr\u00e4tysmyym\u00e4l\u00e4 verkossa","publisher":{"@id":"https:\/\/goodwill.fi\/kauppa\/#organization"},"potentialAction":[{"@type":"SearchAction","target":{"@type":"EntryPoint","urlTemplate":"https:\/\/goodwill.fi\/kauppa\/?s={search_term_string}"},"query-input":{"@type":"PropertyValueSpecification","valueRequired":true,"valueName":"search_term_string"}}],"inLanguage":"fi"},{"@type":"Organization","@id":"https:\/\/goodwill.fi\/kauppa\/#organization","name":"Goodwill-verkkokauppa","url":"https:\/\/goodwill.fi\/kauppa\/","logo":{"@type":"ImageObject","inLanguage":"fi","@id":"https:\/\/goodwill.fi\/kauppa\/#\/schema\/logo\/image\/","url":"https:\/\/goodwill.fi\/kauppa\/wp-content\/uploads\/2021\/02\/cropped-logo_gw_store-723x211-1.png","contentUrl":"https:\/\/goodwill.fi\/kauppa\/wp-content\/uploads\/2021\/02\/cropped-logo_gw_store-723x211-1.png","width":723,"height":207,"caption":"Goodwill-verkkokauppa"},"image":{"@id":"https:\/\/goodwill.fi\/kauppa\/#\/schema\/logo\/image\/"}}]}},"_links":{"self":[{"href":"https:\/\/goodwill.fi\/kauppa\/wp-json\/wp\/v2\/product\/41866","targetHints":{"allow":["GET"]}}],"collection":[{"href":"https:\/\/goodwill.fi\/kauppa\/wp-json\/wp\/v2\/product"}],"about":[{"href":"https:\/\/goodwill.fi\/kauppa\/wp-json\/wp\/v2\/types\/product"}],"replies":[{"embeddable":true,"href":"https:\/\/goodwill.fi\/kauppa\/wp-json\/wp\/v2\/comments?post=41866"}],"wp:featuredmedia":[{"embeddable":true,"href":"https:\/\/goodwill.fi\/kauppa\/wp-json\/wp\/v2\/media\/41868"}],"wp:attachment":[{"href":"https:\/\/goodwill.fi\/kauppa\/wp-json\/wp\/v2\/media?parent=41866"}],"wp:term":[{"taxonomy":"product_brand","embeddable":true,"href":"https:\/\/goodwill.fi\/kauppa\/wp-json\/wp\/v2\/product_brand?post=41866"},{"taxonomy":"product_cat","embeddable":true,"href":"https:\/\/goodwill.fi\/kauppa\/wp-json\/wp\/v2\/product_cat?post=41866"},{"taxonomy":"product_tag","embeddable":true,"href":"https:\/\/goodwill.fi\/kauppa\/wp-json\/wp\/v2\/product_tag?post=41866"}],"curies":[{"name":"wp","href":"https:\/\/api.w.org\/{rel}","templated":true}]}}