{"id":41843,"date":"2024-12-19T09:56:11","date_gmt":"2024-12-19T07:56:11","guid":{"rendered":"https:\/\/goodwill.fi\/kauppa\/?post_type=product&#038;p=41843"},"modified":"2025-01-03T19:27:27","modified_gmt":"2025-01-03T17:27:27","slug":"rukka-thermal-koiran-haalari","status":"publish","type":"product","link":"https:\/\/goodwill.fi\/kauppa\/tuote\/rukka-thermal-koiran-haalari\/","title":{"rendered":"RUKKA THERMAL KOIRAN HAALARI"},"content":{"rendered":"<p>Pienelle koiralle sopiva Rukka toppahaalari. Sis\u00e4ll\u00e4 ihanan pehme\u00e4 thermo vuori ja ulkopinta s\u00e4\u00e4nkest\u00e4v\u00e4\u00e4 materiaalia. Kyljiss\u00e4 heijastimet, sel\u00e4ss\u00e4 aukko valjaille ja kiristys mahdollisuudet p\u00e4\u00e4ntiess\u00e4, vy\u00f6t\u00e4r\u00f6ll\u00e4 sek\u00e4 lahkeissa.<\/p>\n<p>Valmistaja: Rukka<br \/>\nMitat: sel\u00e4n pituus 35 cm, hihojen pituus n. 8 cm,<br \/>\nV\u00e4ri: musta<br \/>\nMateriaali: 96% polyesteri, 4% elastaani<br \/>\nKunto: ehj\u00e4, hyvin v\u00e4h\u00e4n k\u00e4yt\u00f6n j\u00e4lki\u00e4, alkuper\u00e4iset laput kiinni<\/p>\n","protected":false},"excerpt":{"rendered":"<p>Pienelle koiralle sopiva Rukka toppahaalari. Sis\u00e4ll\u00e4 ihanan pehme\u00e4 thermo vuori ja ulkopinta s\u00e4\u00e4nkest\u00e4v\u00e4\u00e4 materiaalia. Kyljiss\u00e4 heijastimet, sel\u00e4ss\u00e4 aukko valjaille ja kiristys mahdollisuudet p\u00e4\u00e4ntiess\u00e4, vy\u00f6t\u00e4r\u00f6ll\u00e4 sek\u00e4 lahkeissa. Valmistaja: Rukka Mitat: sel\u00e4n pituus 35 cm, hihojen pituus n. 8 cm, V\u00e4ri: musta Materiaali: 96% polyesteri, 4% elastaani Kunto: ehj\u00e4, hyvin v\u00e4h\u00e4n k\u00e4yt\u00f6n j\u00e4lki\u00e4, alkuper\u00e4iset laput kiinni<\/p>\n","protected":false},"featured_media":41849,"comment_status":"open","ping_status":"closed","template":"","meta":[],"product_brand":[],"product_cat":[159,143,187],"product_tag":[7258,1204,13524,13525,13523],"class_list":{"0":"post-41843","1":"product","2":"type-product","3":"status-publish","4":"has-post-thumbnail","6":"product_cat-kaikki","7":"product_cat-viihde-2","8":"product_cat-muu-viihde","9":"product_tag-haalari","10":"product_tag-koira","11":"product_tag-rukka","12":"product_tag-thermal","13":"product_tag-toppahaalari","15":"first","16":"outofstock","17":"taxable","18":"shipping-taxable","19":"purchasable","20":"product-type-simple"},"yoast_head":"<!-- This site is optimized with the Yoast SEO plugin v27.1.1 - https:\/\/yoast.com\/product\/yoast-seo-wordpress\/ -->\n<title>RUKKA THERMAL KOIRAN HAALARI - Goodwill-verkkokauppa<\/title>\n<meta name=\"description\" content=\"Pienelle koiralle sopiva Rukka toppahaalari. Sis\u00e4ll\u00e4 ihanan pehme\u00e4 thermo vuori ja ulkopinta s\u00e4\u00e4nkest\u00e4v\u00e4\u00e4 materiaalia. Mitat: sel\u00e4n pituus 35 cm\" \/>\n<meta name=\"robots\" content=\"index, follow, max-snippet:-1, max-image-preview:large, max-video-preview:-1\" \/>\n<link rel=\"canonical\" href=\"https:\/\/goodwill.fi\/kauppa\/tuote\/rukka-thermal-koiran-haalari\/\" \/>\n<meta property=\"og:locale\" content=\"fi_FI\" \/>\n<meta property=\"og:type\" content=\"article\" \/>\n<meta property=\"og:title\" content=\"RUKKA THERMAL KOIRAN HAALARI - Goodwill-verkkokauppa\" \/>\n<meta property=\"og:description\" content=\"Pienelle koiralle sopiva Rukka toppahaalari. Sis\u00e4ll\u00e4 ihanan pehme\u00e4 thermo vuori ja ulkopinta s\u00e4\u00e4nkest\u00e4v\u00e4\u00e4 materiaalia. Mitat: sel\u00e4n pituus 35 cm\" \/>\n<meta property=\"og:url\" content=\"https:\/\/goodwill.fi\/kauppa\/tuote\/rukka-thermal-koiran-haalari\/\" \/>\n<meta property=\"og:site_name\" content=\"Goodwill-verkkokauppa\" \/>\n<meta property=\"article:modified_time\" content=\"2025-01-03T17:27:27+00:00\" \/>\n<meta property=\"og:image\" content=\"https:\/\/goodwill.fi\/kauppa\/wp-content\/uploads\/2024\/12\/IMG_9641-scaled.jpg\" \/>\n\t<meta property=\"og:image:width\" content=\"2560\" \/>\n\t<meta property=\"og:image:height\" content=\"1707\" \/>\n\t<meta property=\"og:image:type\" content=\"image\/jpeg\" \/>\n<meta name=\"twitter:card\" content=\"summary_large_image\" \/>\n<meta name=\"twitter:label1\" content=\"Arvioitu lukuaika\" \/>\n\t<meta name=\"twitter:data1\" content=\"1 minuutti\" \/>\n<script type=\"application\/ld+json\" class=\"yoast-schema-graph\">{\"@context\":\"https:\/\/schema.org\",\"@graph\":[{\"@type\":\"WebPage\",\"@id\":\"https:\/\/goodwill.fi\/kauppa\/tuote\/rukka-thermal-koiran-haalari\/\",\"url\":\"https:\/\/goodwill.fi\/kauppa\/tuote\/rukka-thermal-koiran-haalari\/\",\"name\":\"RUKKA THERMAL KOIRAN HAALARI - Goodwill-verkkokauppa\",\"isPartOf\":{\"@id\":\"https:\/\/goodwill.fi\/kauppa\/#website\"},\"primaryImageOfPage\":{\"@id\":\"https:\/\/goodwill.fi\/kauppa\/tuote\/rukka-thermal-koiran-haalari\/#primaryimage\"},\"image\":{\"@id\":\"https:\/\/goodwill.fi\/kauppa\/tuote\/rukka-thermal-koiran-haalari\/#primaryimage\"},\"thumbnailUrl\":\"https:\/\/goodwill.fi\/kauppa\/wp-content\/uploads\/2024\/12\/IMG_9641-scaled.jpg\",\"datePublished\":\"2024-12-19T07:56:11+00:00\",\"dateModified\":\"2025-01-03T17:27:27+00:00\",\"description\":\"Pienelle koiralle sopiva Rukka toppahaalari. Sis\u00e4ll\u00e4 ihanan pehme\u00e4 thermo vuori ja ulkopinta s\u00e4\u00e4nkest\u00e4v\u00e4\u00e4 materiaalia. Mitat: sel\u00e4n pituus 35 cm\",\"breadcrumb\":{\"@id\":\"https:\/\/goodwill.fi\/kauppa\/tuote\/rukka-thermal-koiran-haalari\/#breadcrumb\"},\"inLanguage\":\"fi\",\"potentialAction\":[{\"@type\":\"ReadAction\",\"target\":[\"https:\/\/goodwill.fi\/kauppa\/tuote\/rukka-thermal-koiran-haalari\/\"]}]},{\"@type\":\"ImageObject\",\"inLanguage\":\"fi\",\"@id\":\"https:\/\/goodwill.fi\/kauppa\/tuote\/rukka-thermal-koiran-haalari\/#primaryimage\",\"url\":\"https:\/\/goodwill.fi\/kauppa\/wp-content\/uploads\/2024\/12\/IMG_9641-scaled.jpg\",\"contentUrl\":\"https:\/\/goodwill.fi\/kauppa\/wp-content\/uploads\/2024\/12\/IMG_9641-scaled.jpg\",\"width\":2560,\"height\":1707},{\"@type\":\"BreadcrumbList\",\"@id\":\"https:\/\/goodwill.fi\/kauppa\/tuote\/rukka-thermal-koiran-haalari\/#breadcrumb\",\"itemListElement\":[{\"@type\":\"ListItem\",\"position\":1,\"name\":\"Home\",\"item\":\"https:\/\/goodwill.fi\/kauppa\/\"},{\"@type\":\"ListItem\",\"position\":2,\"name\":\"Shop\",\"item\":\"https:\/\/goodwill.fi\/kauppa\/shop\/\"},{\"@type\":\"ListItem\",\"position\":3,\"name\":\"RUKKA THERMAL KOIRAN HAALARI\"}]},{\"@type\":\"WebSite\",\"@id\":\"https:\/\/goodwill.fi\/kauppa\/#website\",\"url\":\"https:\/\/goodwill.fi\/kauppa\/\",\"name\":\"Goodwill-verkkokauppa\",\"description\":\"Kierr\u00e4tysmyym\u00e4l\u00e4 verkossa\",\"publisher\":{\"@id\":\"https:\/\/goodwill.fi\/kauppa\/#organization\"},\"potentialAction\":[{\"@type\":\"SearchAction\",\"target\":{\"@type\":\"EntryPoint\",\"urlTemplate\":\"https:\/\/goodwill.fi\/kauppa\/?s={search_term_string}\"},\"query-input\":{\"@type\":\"PropertyValueSpecification\",\"valueRequired\":true,\"valueName\":\"search_term_string\"}}],\"inLanguage\":\"fi\"},{\"@type\":\"Organization\",\"@id\":\"https:\/\/goodwill.fi\/kauppa\/#organization\",\"name\":\"Goodwill-verkkokauppa\",\"url\":\"https:\/\/goodwill.fi\/kauppa\/\",\"logo\":{\"@type\":\"ImageObject\",\"inLanguage\":\"fi\",\"@id\":\"https:\/\/goodwill.fi\/kauppa\/#\/schema\/logo\/image\/\",\"url\":\"https:\/\/goodwill.fi\/kauppa\/wp-content\/uploads\/2021\/02\/cropped-logo_gw_store-723x211-1.png\",\"contentUrl\":\"https:\/\/goodwill.fi\/kauppa\/wp-content\/uploads\/2021\/02\/cropped-logo_gw_store-723x211-1.png\",\"width\":723,\"height\":207,\"caption\":\"Goodwill-verkkokauppa\"},\"image\":{\"@id\":\"https:\/\/goodwill.fi\/kauppa\/#\/schema\/logo\/image\/\"}}]}<\/script>\n<!-- \/ Yoast SEO plugin. -->","yoast_head_json":{"title":"RUKKA THERMAL KOIRAN HAALARI - Goodwill-verkkokauppa","description":"Pienelle koiralle sopiva Rukka toppahaalari. Sis\u00e4ll\u00e4 ihanan pehme\u00e4 thermo vuori ja ulkopinta s\u00e4\u00e4nkest\u00e4v\u00e4\u00e4 materiaalia. Mitat: sel\u00e4n pituus 35 cm","robots":{"index":"index","follow":"follow","max-snippet":"max-snippet:-1","max-image-preview":"max-image-preview:large","max-video-preview":"max-video-preview:-1"},"canonical":"https:\/\/goodwill.fi\/kauppa\/tuote\/rukka-thermal-koiran-haalari\/","og_locale":"fi_FI","og_type":"article","og_title":"RUKKA THERMAL KOIRAN HAALARI - Goodwill-verkkokauppa","og_description":"Pienelle koiralle sopiva Rukka toppahaalari. Sis\u00e4ll\u00e4 ihanan pehme\u00e4 thermo vuori ja ulkopinta s\u00e4\u00e4nkest\u00e4v\u00e4\u00e4 materiaalia. Mitat: sel\u00e4n pituus 35 cm","og_url":"https:\/\/goodwill.fi\/kauppa\/tuote\/rukka-thermal-koiran-haalari\/","og_site_name":"Goodwill-verkkokauppa","article_modified_time":"2025-01-03T17:27:27+00:00","og_image":[{"width":2560,"height":1707,"url":"https:\/\/goodwill.fi\/kauppa\/wp-content\/uploads\/2024\/12\/IMG_9641-scaled.jpg","type":"image\/jpeg"}],"twitter_card":"summary_large_image","twitter_misc":{"Arvioitu lukuaika":"1 minuutti"},"schema":{"@context":"https:\/\/schema.org","@graph":[{"@type":"WebPage","@id":"https:\/\/goodwill.fi\/kauppa\/tuote\/rukka-thermal-koiran-haalari\/","url":"https:\/\/goodwill.fi\/kauppa\/tuote\/rukka-thermal-koiran-haalari\/","name":"RUKKA THERMAL KOIRAN HAALARI - Goodwill-verkkokauppa","isPartOf":{"@id":"https:\/\/goodwill.fi\/kauppa\/#website"},"primaryImageOfPage":{"@id":"https:\/\/goodwill.fi\/kauppa\/tuote\/rukka-thermal-koiran-haalari\/#primaryimage"},"image":{"@id":"https:\/\/goodwill.fi\/kauppa\/tuote\/rukka-thermal-koiran-haalari\/#primaryimage"},"thumbnailUrl":"https:\/\/goodwill.fi\/kauppa\/wp-content\/uploads\/2024\/12\/IMG_9641-scaled.jpg","datePublished":"2024-12-19T07:56:11+00:00","dateModified":"2025-01-03T17:27:27+00:00","description":"Pienelle koiralle sopiva Rukka toppahaalari. Sis\u00e4ll\u00e4 ihanan pehme\u00e4 thermo vuori ja ulkopinta s\u00e4\u00e4nkest\u00e4v\u00e4\u00e4 materiaalia. Mitat: sel\u00e4n pituus 35 cm","breadcrumb":{"@id":"https:\/\/goodwill.fi\/kauppa\/tuote\/rukka-thermal-koiran-haalari\/#breadcrumb"},"inLanguage":"fi","potentialAction":[{"@type":"ReadAction","target":["https:\/\/goodwill.fi\/kauppa\/tuote\/rukka-thermal-koiran-haalari\/"]}]},{"@type":"ImageObject","inLanguage":"fi","@id":"https:\/\/goodwill.fi\/kauppa\/tuote\/rukka-thermal-koiran-haalari\/#primaryimage","url":"https:\/\/goodwill.fi\/kauppa\/wp-content\/uploads\/2024\/12\/IMG_9641-scaled.jpg","contentUrl":"https:\/\/goodwill.fi\/kauppa\/wp-content\/uploads\/2024\/12\/IMG_9641-scaled.jpg","width":2560,"height":1707},{"@type":"BreadcrumbList","@id":"https:\/\/goodwill.fi\/kauppa\/tuote\/rukka-thermal-koiran-haalari\/#breadcrumb","itemListElement":[{"@type":"ListItem","position":1,"name":"Home","item":"https:\/\/goodwill.fi\/kauppa\/"},{"@type":"ListItem","position":2,"name":"Shop","item":"https:\/\/goodwill.fi\/kauppa\/shop\/"},{"@type":"ListItem","position":3,"name":"RUKKA THERMAL KOIRAN HAALARI"}]},{"@type":"WebSite","@id":"https:\/\/goodwill.fi\/kauppa\/#website","url":"https:\/\/goodwill.fi\/kauppa\/","name":"Goodwill-verkkokauppa","description":"Kierr\u00e4tysmyym\u00e4l\u00e4 verkossa","publisher":{"@id":"https:\/\/goodwill.fi\/kauppa\/#organization"},"potentialAction":[{"@type":"SearchAction","target":{"@type":"EntryPoint","urlTemplate":"https:\/\/goodwill.fi\/kauppa\/?s={search_term_string}"},"query-input":{"@type":"PropertyValueSpecification","valueRequired":true,"valueName":"search_term_string"}}],"inLanguage":"fi"},{"@type":"Organization","@id":"https:\/\/goodwill.fi\/kauppa\/#organization","name":"Goodwill-verkkokauppa","url":"https:\/\/goodwill.fi\/kauppa\/","logo":{"@type":"ImageObject","inLanguage":"fi","@id":"https:\/\/goodwill.fi\/kauppa\/#\/schema\/logo\/image\/","url":"https:\/\/goodwill.fi\/kauppa\/wp-content\/uploads\/2021\/02\/cropped-logo_gw_store-723x211-1.png","contentUrl":"https:\/\/goodwill.fi\/kauppa\/wp-content\/uploads\/2021\/02\/cropped-logo_gw_store-723x211-1.png","width":723,"height":207,"caption":"Goodwill-verkkokauppa"},"image":{"@id":"https:\/\/goodwill.fi\/kauppa\/#\/schema\/logo\/image\/"}}]}},"_links":{"self":[{"href":"https:\/\/goodwill.fi\/kauppa\/wp-json\/wp\/v2\/product\/41843","targetHints":{"allow":["GET"]}}],"collection":[{"href":"https:\/\/goodwill.fi\/kauppa\/wp-json\/wp\/v2\/product"}],"about":[{"href":"https:\/\/goodwill.fi\/kauppa\/wp-json\/wp\/v2\/types\/product"}],"replies":[{"embeddable":true,"href":"https:\/\/goodwill.fi\/kauppa\/wp-json\/wp\/v2\/comments?post=41843"}],"wp:featuredmedia":[{"embeddable":true,"href":"https:\/\/goodwill.fi\/kauppa\/wp-json\/wp\/v2\/media\/41849"}],"wp:attachment":[{"href":"https:\/\/goodwill.fi\/kauppa\/wp-json\/wp\/v2\/media?parent=41843"}],"wp:term":[{"taxonomy":"product_brand","embeddable":true,"href":"https:\/\/goodwill.fi\/kauppa\/wp-json\/wp\/v2\/product_brand?post=41843"},{"taxonomy":"product_cat","embeddable":true,"href":"https:\/\/goodwill.fi\/kauppa\/wp-json\/wp\/v2\/product_cat?post=41843"},{"taxonomy":"product_tag","embeddable":true,"href":"https:\/\/goodwill.fi\/kauppa\/wp-json\/wp\/v2\/product_tag?post=41843"}],"curies":[{"name":"wp","href":"https:\/\/api.w.org\/{rel}","templated":true}]}}