{"id":39595,"date":"2024-11-12T12:38:58","date_gmt":"2024-11-12T10:38:58","guid":{"rendered":"https:\/\/goodwill.fi\/kauppa\/?post_type=product&#038;p=39595"},"modified":"2025-06-12T13:20:11","modified_gmt":"2025-06-12T10:20:11","slug":"andien-vaeltava-inka-patsas","status":"publish","type":"product","link":"https:\/\/goodwill.fi\/kauppa\/tuote\/andien-vaeltava-inka-patsas\/","title":{"rendered":"ANDIEN VAELTAVA INKA PATSAS"},"content":{"rendered":"<p>Suunnittelija: ei tiedossa<br \/>\nValmistaja: ei tiedossa<br \/>\nValmistusvuosi: ei tiedossa<br \/>\nJalustan mitat: korkeus 2 cm, leveys 9,3 cm, pituus 17 cm<br \/>\nKoko patsaan mitat: korkeus 30cm vaelluskepin p\u00e4\u00e4h\u00e4n 33 cm, leveys 8,5 cm, pituus 13 cm, paino 556 g<br \/>\nV\u00e4ri: mahonkipuinen<br \/>\nMateriaali: puu<br \/>\nKunto: ehj\u00e4,\u00a0 hyvin v\u00e4h\u00e4n k\u00e4yt\u00f6n j\u00e4lki\u00e4<br \/>\nHuom: jalustan takaosan vasemmassa reunassa teksti &#8221;Liina&#8221; kaiverrettuna<\/p>\n","protected":false},"excerpt":{"rendered":"<p>Suunnittelija: ei tiedossa Valmistaja: ei tiedossa Valmistusvuosi: ei tiedossa Jalustan mitat: korkeus 2 cm, leveys 9,3 cm, pituus 17 cm Koko patsaan mitat: korkeus 30cm vaelluskepin p\u00e4\u00e4h\u00e4n 33 cm, leveys 8,5 cm, pituus 13 cm, paino 556 g V\u00e4ri: mahonkipuinen Materiaali: puu Kunto: ehj\u00e4,\u00a0 hyvin v\u00e4h\u00e4n k\u00e4yt\u00f6n j\u00e4lki\u00e4 Huom: jalustan takaosan vasemmassa reunassa teksti &#8221;Liina&#8221; [&hellip;]<\/p>\n","protected":false},"featured_media":39599,"comment_status":"open","ping_status":"closed","template":"","meta":[],"product_brand":[],"product_cat":[159,146,154,14876],"product_tag":[12921,12922,12920,782,12924,4802,12925,3112,3171,359,12923],"class_list":{"0":"post-39595","1":"product","2":"type-product","3":"status-publish","4":"has-post-thumbnail","6":"product_cat-kaikki","7":"product_cat-koti-2","8":"product_cat-sisustus-2","9":"product_cat-koriste-esineet","10":"product_tag-andit","11":"product_tag-inka","12":"product_tag-kot04890","13":"product_tag-mahonki","14":"product_tag-mahonkinen","15":"product_tag-matkamuisto","16":"product_tag-matkamuistopatsas","17":"product_tag-patsas","18":"product_tag-puu","19":"product_tag-ruskea","20":"product_tag-vaellus","22":"first","23":"instock","24":"taxable","25":"shipping-taxable","26":"purchasable","27":"product-type-simple"},"yoast_head":"<!-- This site is optimized with the Yoast SEO plugin v27.1.1 - https:\/\/yoast.com\/product\/yoast-seo-wordpress\/ -->\n<title>ANDIEN VAELTAVA INKA PATSAS - Goodwill-verkkokauppa<\/title>\n<meta name=\"description\" content=\"V\u00e4ri: mahonkipuinen Materiaali: puu Kunto: ehj\u00e4,\u00a0 hyvin v\u00e4h\u00e4n k\u00e4yt\u00f6n j\u00e4lki\u00e4 Huom: jalustan takaosan vasemmassa reunassa teksti &quot;Liina&quot; kaiverrettuna\" \/>\n<meta name=\"robots\" content=\"index, follow, max-snippet:-1, max-image-preview:large, max-video-preview:-1\" \/>\n<link rel=\"canonical\" href=\"https:\/\/goodwill.fi\/kauppa\/tuote\/andien-vaeltava-inka-patsas\/\" \/>\n<meta property=\"og:locale\" content=\"fi_FI\" \/>\n<meta property=\"og:type\" content=\"article\" \/>\n<meta property=\"og:title\" content=\"ANDIEN VAELTAVA INKA PATSAS - Goodwill-verkkokauppa\" \/>\n<meta property=\"og:description\" content=\"V\u00e4ri: mahonkipuinen Materiaali: puu Kunto: ehj\u00e4,\u00a0 hyvin v\u00e4h\u00e4n k\u00e4yt\u00f6n j\u00e4lki\u00e4 Huom: jalustan takaosan vasemmassa reunassa teksti &quot;Liina&quot; kaiverrettuna\" \/>\n<meta property=\"og:url\" content=\"https:\/\/goodwill.fi\/kauppa\/tuote\/andien-vaeltava-inka-patsas\/\" \/>\n<meta property=\"og:site_name\" content=\"Goodwill-verkkokauppa\" \/>\n<meta property=\"article:modified_time\" content=\"2025-06-12T10:20:11+00:00\" \/>\n<meta property=\"og:image\" content=\"https:\/\/goodwill.fi\/kauppa\/wp-content\/uploads\/2024\/11\/IMG_7205-scaled.jpg\" \/>\n\t<meta property=\"og:image:width\" content=\"1707\" \/>\n\t<meta property=\"og:image:height\" content=\"2560\" \/>\n\t<meta property=\"og:image:type\" content=\"image\/jpeg\" \/>\n<meta name=\"twitter:card\" content=\"summary_large_image\" \/>\n<meta name=\"twitter:label1\" content=\"Arvioitu lukuaika\" \/>\n\t<meta name=\"twitter:data1\" content=\"1 minuutti\" \/>\n<script type=\"application\/ld+json\" class=\"yoast-schema-graph\">{\"@context\":\"https:\/\/schema.org\",\"@graph\":[{\"@type\":\"WebPage\",\"@id\":\"https:\/\/goodwill.fi\/kauppa\/tuote\/andien-vaeltava-inka-patsas\/\",\"url\":\"https:\/\/goodwill.fi\/kauppa\/tuote\/andien-vaeltava-inka-patsas\/\",\"name\":\"ANDIEN VAELTAVA INKA PATSAS - Goodwill-verkkokauppa\",\"isPartOf\":{\"@id\":\"https:\/\/goodwill.fi\/kauppa\/#website\"},\"primaryImageOfPage\":{\"@id\":\"https:\/\/goodwill.fi\/kauppa\/tuote\/andien-vaeltava-inka-patsas\/#primaryimage\"},\"image\":{\"@id\":\"https:\/\/goodwill.fi\/kauppa\/tuote\/andien-vaeltava-inka-patsas\/#primaryimage\"},\"thumbnailUrl\":\"https:\/\/goodwill.fi\/kauppa\/wp-content\/uploads\/2024\/11\/IMG_7205-scaled.jpg\",\"datePublished\":\"2024-11-12T10:38:58+00:00\",\"dateModified\":\"2025-06-12T10:20:11+00:00\",\"description\":\"V\u00e4ri: mahonkipuinen Materiaali: puu Kunto: ehj\u00e4,\u00a0 hyvin v\u00e4h\u00e4n k\u00e4yt\u00f6n j\u00e4lki\u00e4 Huom: jalustan takaosan vasemmassa reunassa teksti \\\"Liina\\\" kaiverrettuna\",\"breadcrumb\":{\"@id\":\"https:\/\/goodwill.fi\/kauppa\/tuote\/andien-vaeltava-inka-patsas\/#breadcrumb\"},\"inLanguage\":\"fi\",\"potentialAction\":[{\"@type\":\"ReadAction\",\"target\":[\"https:\/\/goodwill.fi\/kauppa\/tuote\/andien-vaeltava-inka-patsas\/\"]}]},{\"@type\":\"ImageObject\",\"inLanguage\":\"fi\",\"@id\":\"https:\/\/goodwill.fi\/kauppa\/tuote\/andien-vaeltava-inka-patsas\/#primaryimage\",\"url\":\"https:\/\/goodwill.fi\/kauppa\/wp-content\/uploads\/2024\/11\/IMG_7205-scaled.jpg\",\"contentUrl\":\"https:\/\/goodwill.fi\/kauppa\/wp-content\/uploads\/2024\/11\/IMG_7205-scaled.jpg\",\"width\":1707,\"height\":2560},{\"@type\":\"BreadcrumbList\",\"@id\":\"https:\/\/goodwill.fi\/kauppa\/tuote\/andien-vaeltava-inka-patsas\/#breadcrumb\",\"itemListElement\":[{\"@type\":\"ListItem\",\"position\":1,\"name\":\"Home\",\"item\":\"https:\/\/goodwill.fi\/kauppa\/\"},{\"@type\":\"ListItem\",\"position\":2,\"name\":\"Shop\",\"item\":\"https:\/\/goodwill.fi\/kauppa\/shop\/\"},{\"@type\":\"ListItem\",\"position\":3,\"name\":\"ANDIEN VAELTAVA INKA PATSAS\"}]},{\"@type\":\"WebSite\",\"@id\":\"https:\/\/goodwill.fi\/kauppa\/#website\",\"url\":\"https:\/\/goodwill.fi\/kauppa\/\",\"name\":\"Goodwill-verkkokauppa\",\"description\":\"Kierr\u00e4tysmyym\u00e4l\u00e4 verkossa\",\"publisher\":{\"@id\":\"https:\/\/goodwill.fi\/kauppa\/#organization\"},\"potentialAction\":[{\"@type\":\"SearchAction\",\"target\":{\"@type\":\"EntryPoint\",\"urlTemplate\":\"https:\/\/goodwill.fi\/kauppa\/?s={search_term_string}\"},\"query-input\":{\"@type\":\"PropertyValueSpecification\",\"valueRequired\":true,\"valueName\":\"search_term_string\"}}],\"inLanguage\":\"fi\"},{\"@type\":\"Organization\",\"@id\":\"https:\/\/goodwill.fi\/kauppa\/#organization\",\"name\":\"Goodwill-verkkokauppa\",\"url\":\"https:\/\/goodwill.fi\/kauppa\/\",\"logo\":{\"@type\":\"ImageObject\",\"inLanguage\":\"fi\",\"@id\":\"https:\/\/goodwill.fi\/kauppa\/#\/schema\/logo\/image\/\",\"url\":\"https:\/\/goodwill.fi\/kauppa\/wp-content\/uploads\/2021\/02\/cropped-logo_gw_store-723x211-1.png\",\"contentUrl\":\"https:\/\/goodwill.fi\/kauppa\/wp-content\/uploads\/2021\/02\/cropped-logo_gw_store-723x211-1.png\",\"width\":723,\"height\":207,\"caption\":\"Goodwill-verkkokauppa\"},\"image\":{\"@id\":\"https:\/\/goodwill.fi\/kauppa\/#\/schema\/logo\/image\/\"}}]}<\/script>\n<!-- \/ Yoast SEO plugin. -->","yoast_head_json":{"title":"ANDIEN VAELTAVA INKA PATSAS - Goodwill-verkkokauppa","description":"V\u00e4ri: mahonkipuinen Materiaali: puu Kunto: ehj\u00e4,\u00a0 hyvin v\u00e4h\u00e4n k\u00e4yt\u00f6n j\u00e4lki\u00e4 Huom: jalustan takaosan vasemmassa reunassa teksti \"Liina\" kaiverrettuna","robots":{"index":"index","follow":"follow","max-snippet":"max-snippet:-1","max-image-preview":"max-image-preview:large","max-video-preview":"max-video-preview:-1"},"canonical":"https:\/\/goodwill.fi\/kauppa\/tuote\/andien-vaeltava-inka-patsas\/","og_locale":"fi_FI","og_type":"article","og_title":"ANDIEN VAELTAVA INKA PATSAS - Goodwill-verkkokauppa","og_description":"V\u00e4ri: mahonkipuinen Materiaali: puu Kunto: ehj\u00e4,\u00a0 hyvin v\u00e4h\u00e4n k\u00e4yt\u00f6n j\u00e4lki\u00e4 Huom: jalustan takaosan vasemmassa reunassa teksti \"Liina\" kaiverrettuna","og_url":"https:\/\/goodwill.fi\/kauppa\/tuote\/andien-vaeltava-inka-patsas\/","og_site_name":"Goodwill-verkkokauppa","article_modified_time":"2025-06-12T10:20:11+00:00","og_image":[{"width":1707,"height":2560,"url":"https:\/\/goodwill.fi\/kauppa\/wp-content\/uploads\/2024\/11\/IMG_7205-scaled.jpg","type":"image\/jpeg"}],"twitter_card":"summary_large_image","twitter_misc":{"Arvioitu lukuaika":"1 minuutti"},"schema":{"@context":"https:\/\/schema.org","@graph":[{"@type":"WebPage","@id":"https:\/\/goodwill.fi\/kauppa\/tuote\/andien-vaeltava-inka-patsas\/","url":"https:\/\/goodwill.fi\/kauppa\/tuote\/andien-vaeltava-inka-patsas\/","name":"ANDIEN VAELTAVA INKA PATSAS - Goodwill-verkkokauppa","isPartOf":{"@id":"https:\/\/goodwill.fi\/kauppa\/#website"},"primaryImageOfPage":{"@id":"https:\/\/goodwill.fi\/kauppa\/tuote\/andien-vaeltava-inka-patsas\/#primaryimage"},"image":{"@id":"https:\/\/goodwill.fi\/kauppa\/tuote\/andien-vaeltava-inka-patsas\/#primaryimage"},"thumbnailUrl":"https:\/\/goodwill.fi\/kauppa\/wp-content\/uploads\/2024\/11\/IMG_7205-scaled.jpg","datePublished":"2024-11-12T10:38:58+00:00","dateModified":"2025-06-12T10:20:11+00:00","description":"V\u00e4ri: mahonkipuinen Materiaali: puu Kunto: ehj\u00e4,\u00a0 hyvin v\u00e4h\u00e4n k\u00e4yt\u00f6n j\u00e4lki\u00e4 Huom: jalustan takaosan vasemmassa reunassa teksti \"Liina\" kaiverrettuna","breadcrumb":{"@id":"https:\/\/goodwill.fi\/kauppa\/tuote\/andien-vaeltava-inka-patsas\/#breadcrumb"},"inLanguage":"fi","potentialAction":[{"@type":"ReadAction","target":["https:\/\/goodwill.fi\/kauppa\/tuote\/andien-vaeltava-inka-patsas\/"]}]},{"@type":"ImageObject","inLanguage":"fi","@id":"https:\/\/goodwill.fi\/kauppa\/tuote\/andien-vaeltava-inka-patsas\/#primaryimage","url":"https:\/\/goodwill.fi\/kauppa\/wp-content\/uploads\/2024\/11\/IMG_7205-scaled.jpg","contentUrl":"https:\/\/goodwill.fi\/kauppa\/wp-content\/uploads\/2024\/11\/IMG_7205-scaled.jpg","width":1707,"height":2560},{"@type":"BreadcrumbList","@id":"https:\/\/goodwill.fi\/kauppa\/tuote\/andien-vaeltava-inka-patsas\/#breadcrumb","itemListElement":[{"@type":"ListItem","position":1,"name":"Home","item":"https:\/\/goodwill.fi\/kauppa\/"},{"@type":"ListItem","position":2,"name":"Shop","item":"https:\/\/goodwill.fi\/kauppa\/shop\/"},{"@type":"ListItem","position":3,"name":"ANDIEN VAELTAVA INKA PATSAS"}]},{"@type":"WebSite","@id":"https:\/\/goodwill.fi\/kauppa\/#website","url":"https:\/\/goodwill.fi\/kauppa\/","name":"Goodwill-verkkokauppa","description":"Kierr\u00e4tysmyym\u00e4l\u00e4 verkossa","publisher":{"@id":"https:\/\/goodwill.fi\/kauppa\/#organization"},"potentialAction":[{"@type":"SearchAction","target":{"@type":"EntryPoint","urlTemplate":"https:\/\/goodwill.fi\/kauppa\/?s={search_term_string}"},"query-input":{"@type":"PropertyValueSpecification","valueRequired":true,"valueName":"search_term_string"}}],"inLanguage":"fi"},{"@type":"Organization","@id":"https:\/\/goodwill.fi\/kauppa\/#organization","name":"Goodwill-verkkokauppa","url":"https:\/\/goodwill.fi\/kauppa\/","logo":{"@type":"ImageObject","inLanguage":"fi","@id":"https:\/\/goodwill.fi\/kauppa\/#\/schema\/logo\/image\/","url":"https:\/\/goodwill.fi\/kauppa\/wp-content\/uploads\/2021\/02\/cropped-logo_gw_store-723x211-1.png","contentUrl":"https:\/\/goodwill.fi\/kauppa\/wp-content\/uploads\/2021\/02\/cropped-logo_gw_store-723x211-1.png","width":723,"height":207,"caption":"Goodwill-verkkokauppa"},"image":{"@id":"https:\/\/goodwill.fi\/kauppa\/#\/schema\/logo\/image\/"}}]}},"_links":{"self":[{"href":"https:\/\/goodwill.fi\/kauppa\/wp-json\/wp\/v2\/product\/39595","targetHints":{"allow":["GET"]}}],"collection":[{"href":"https:\/\/goodwill.fi\/kauppa\/wp-json\/wp\/v2\/product"}],"about":[{"href":"https:\/\/goodwill.fi\/kauppa\/wp-json\/wp\/v2\/types\/product"}],"replies":[{"embeddable":true,"href":"https:\/\/goodwill.fi\/kauppa\/wp-json\/wp\/v2\/comments?post=39595"}],"wp:featuredmedia":[{"embeddable":true,"href":"https:\/\/goodwill.fi\/kauppa\/wp-json\/wp\/v2\/media\/39599"}],"wp:attachment":[{"href":"https:\/\/goodwill.fi\/kauppa\/wp-json\/wp\/v2\/media?parent=39595"}],"wp:term":[{"taxonomy":"product_brand","embeddable":true,"href":"https:\/\/goodwill.fi\/kauppa\/wp-json\/wp\/v2\/product_brand?post=39595"},{"taxonomy":"product_cat","embeddable":true,"href":"https:\/\/goodwill.fi\/kauppa\/wp-json\/wp\/v2\/product_cat?post=39595"},{"taxonomy":"product_tag","embeddable":true,"href":"https:\/\/goodwill.fi\/kauppa\/wp-json\/wp\/v2\/product_tag?post=39595"}],"curies":[{"name":"wp","href":"https:\/\/api.w.org\/{rel}","templated":true}]}}