{"id":38834,"date":"2024-11-04T12:52:31","date_gmt":"2024-11-04T10:52:31","guid":{"rendered":"https:\/\/goodwill.fi\/kauppa\/?post_type=product&#038;p=38834"},"modified":"2024-11-04T12:52:32","modified_gmt":"2024-11-04T10:52:32","slug":"severi-helin-taulu","status":"publish","type":"product","link":"https:\/\/goodwill.fi\/kauppa\/tuote\/severi-helin-taulu\/","title":{"rendered":"SEVERI HELIN TAULU"},"content":{"rendered":"<p>Severi Helinin sekatekniikalla toteutettu taulu. Taulu on ollut esill\u00e4 taiteilijan yksityisn\u00e4yttelyss\u00e4, Kotkassa v. 1967.<\/p>\n<p>Taiteilija: Severi Helin<br \/>\nMedia: sekatekniikka<br \/>\nMitat kehyksen kanssa: korkeus 46 cm, leveys 54 cm, paino 1275 g<br \/>\nMaalauksen mitat: korkeus 42 cm, leveys 50 cm<br \/>\nV\u00e4ri: harmaa kehys<br \/>\nMateriaali: puu<br \/>\nKunto: k\u00e4ytetty, maalaus ehj\u00e4, kehyksiss\u00e4 kulumaa<\/p>\n","protected":false},"excerpt":{"rendered":"<p>Severi Helinin sekatekniikalla toteutettu taulu. Taulu on ollut esill\u00e4 taiteilijan yksityisn\u00e4yttelyss\u00e4, Kotkassa v. 1967. Taiteilija: Severi Helin Media: sekatekniikka Mitat kehyksen kanssa: korkeus 46 cm, leveys 54 cm, paino 1275 g Maalauksen mitat: korkeus 42 cm, leveys 50 cm V\u00e4ri: harmaa kehys Materiaali: puu Kunto: k\u00e4ytetty, maalaus ehj\u00e4, kehyksiss\u00e4 kulumaa<\/p>\n","protected":false},"featured_media":38850,"comment_status":"open","ping_status":"closed","template":"","meta":[],"product_brand":[],"product_cat":[159,146,154,171],"product_tag":[12749,3931,12750,12748,755],"class_list":{"0":"post-38834","1":"product","2":"type-product","3":"status-publish","4":"has-post-thumbnail","6":"product_cat-kaikki","7":"product_cat-koti-2","8":"product_cat-sisustus-2","9":"product_cat-taulut-2","10":"product_tag-helin","11":"product_tag-maalaus","12":"product_tag-sekatekniikka","13":"product_tag-severi","14":"product_tag-taulu","16":"first","17":"instock","18":"taxable","19":"shipping-taxable","20":"purchasable","21":"product-type-simple"},"yoast_head":"<!-- This site is optimized with the Yoast SEO plugin v27.4 - https:\/\/yoast.com\/product\/yoast-seo-wordpress\/ -->\n<title>SEVERI HELIN TAULU - Goodwill-verkkokauppa<\/title>\n<meta name=\"description\" content=\"Severi Helinin sekatekniikalla toteutettu taulu. Taulu on ollut esill\u00e4 taiteilijan yksityisn\u00e4yttelyss\u00e4, Kotkassa v. 1967. Taiteilija: Severi Helin\" \/>\n<meta name=\"robots\" content=\"index, follow, max-snippet:-1, max-image-preview:large, max-video-preview:-1\" \/>\n<link rel=\"canonical\" href=\"https:\/\/goodwill.fi\/kauppa\/tuote\/severi-helin-taulu\/\" \/>\n<meta property=\"og:locale\" content=\"fi_FI\" \/>\n<meta property=\"og:type\" content=\"article\" \/>\n<meta property=\"og:title\" content=\"SEVERI HELIN TAULU - Goodwill-verkkokauppa\" \/>\n<meta property=\"og:description\" content=\"Severi Helinin sekatekniikalla toteutettu taulu. Taulu on ollut esill\u00e4 taiteilijan yksityisn\u00e4yttelyss\u00e4, Kotkassa v. 1967. Taiteilija: Severi Helin\" \/>\n<meta property=\"og:url\" content=\"https:\/\/goodwill.fi\/kauppa\/tuote\/severi-helin-taulu\/\" \/>\n<meta property=\"og:site_name\" content=\"Goodwill-verkkokauppa\" \/>\n<meta property=\"article:modified_time\" content=\"2024-11-04T10:52:32+00:00\" \/>\n<meta property=\"og:image\" content=\"https:\/\/goodwill.fi\/kauppa\/wp-content\/uploads\/2024\/11\/28433f77-6048-467c-b8fb-b227f5b8fea1-e1730717494778.jpg\" \/>\n\t<meta property=\"og:image:width\" content=\"2510\" \/>\n\t<meta property=\"og:image:height\" content=\"1489\" \/>\n\t<meta property=\"og:image:type\" content=\"image\/jpeg\" \/>\n<meta name=\"twitter:card\" content=\"summary_large_image\" \/>\n<meta name=\"twitter:label1\" content=\"Arvioitu lukuaika\" \/>\n\t<meta name=\"twitter:data1\" content=\"1 minuutti\" \/>\n<script type=\"application\/ld+json\" class=\"yoast-schema-graph\">{\"@context\":\"https:\\\/\\\/schema.org\",\"@graph\":[{\"@type\":\"WebPage\",\"@id\":\"https:\\\/\\\/goodwill.fi\\\/kauppa\\\/tuote\\\/severi-helin-taulu\\\/\",\"url\":\"https:\\\/\\\/goodwill.fi\\\/kauppa\\\/tuote\\\/severi-helin-taulu\\\/\",\"name\":\"SEVERI HELIN TAULU - Goodwill-verkkokauppa\",\"isPartOf\":{\"@id\":\"https:\\\/\\\/goodwill.fi\\\/kauppa\\\/#website\"},\"primaryImageOfPage\":{\"@id\":\"https:\\\/\\\/goodwill.fi\\\/kauppa\\\/tuote\\\/severi-helin-taulu\\\/#primaryimage\"},\"image\":{\"@id\":\"https:\\\/\\\/goodwill.fi\\\/kauppa\\\/tuote\\\/severi-helin-taulu\\\/#primaryimage\"},\"thumbnailUrl\":\"https:\\\/\\\/goodwill.fi\\\/kauppa\\\/wp-content\\\/uploads\\\/2024\\\/11\\\/28433f77-6048-467c-b8fb-b227f5b8fea1-e1730717494778.jpg\",\"datePublished\":\"2024-11-04T10:52:31+00:00\",\"dateModified\":\"2024-11-04T10:52:32+00:00\",\"description\":\"Severi Helinin sekatekniikalla toteutettu taulu. Taulu on ollut esill\u00e4 taiteilijan yksityisn\u00e4yttelyss\u00e4, Kotkassa v. 1967. Taiteilija: Severi Helin\",\"breadcrumb\":{\"@id\":\"https:\\\/\\\/goodwill.fi\\\/kauppa\\\/tuote\\\/severi-helin-taulu\\\/#breadcrumb\"},\"inLanguage\":\"fi\",\"potentialAction\":[{\"@type\":\"ReadAction\",\"target\":[\"https:\\\/\\\/goodwill.fi\\\/kauppa\\\/tuote\\\/severi-helin-taulu\\\/\"]}]},{\"@type\":\"ImageObject\",\"inLanguage\":\"fi\",\"@id\":\"https:\\\/\\\/goodwill.fi\\\/kauppa\\\/tuote\\\/severi-helin-taulu\\\/#primaryimage\",\"url\":\"https:\\\/\\\/goodwill.fi\\\/kauppa\\\/wp-content\\\/uploads\\\/2024\\\/11\\\/28433f77-6048-467c-b8fb-b227f5b8fea1-e1730717494778.jpg\",\"contentUrl\":\"https:\\\/\\\/goodwill.fi\\\/kauppa\\\/wp-content\\\/uploads\\\/2024\\\/11\\\/28433f77-6048-467c-b8fb-b227f5b8fea1-e1730717494778.jpg\",\"width\":2510,\"height\":1489},{\"@type\":\"BreadcrumbList\",\"@id\":\"https:\\\/\\\/goodwill.fi\\\/kauppa\\\/tuote\\\/severi-helin-taulu\\\/#breadcrumb\",\"itemListElement\":[{\"@type\":\"ListItem\",\"position\":1,\"name\":\"Home\",\"item\":\"https:\\\/\\\/goodwill.fi\\\/kauppa\\\/\"},{\"@type\":\"ListItem\",\"position\":2,\"name\":\"Shop\",\"item\":\"https:\\\/\\\/goodwill.fi\\\/kauppa\\\/shop\\\/\"},{\"@type\":\"ListItem\",\"position\":3,\"name\":\"SEVERI HELIN TAULU\"}]},{\"@type\":\"WebSite\",\"@id\":\"https:\\\/\\\/goodwill.fi\\\/kauppa\\\/#website\",\"url\":\"https:\\\/\\\/goodwill.fi\\\/kauppa\\\/\",\"name\":\"Goodwill-verkkokauppa\",\"description\":\"Kierr\u00e4tysmyym\u00e4l\u00e4 verkossa\",\"publisher\":{\"@id\":\"https:\\\/\\\/goodwill.fi\\\/kauppa\\\/#organization\"},\"potentialAction\":[{\"@type\":\"SearchAction\",\"target\":{\"@type\":\"EntryPoint\",\"urlTemplate\":\"https:\\\/\\\/goodwill.fi\\\/kauppa\\\/?s={search_term_string}\"},\"query-input\":{\"@type\":\"PropertyValueSpecification\",\"valueRequired\":true,\"valueName\":\"search_term_string\"}}],\"inLanguage\":\"fi\"},{\"@type\":\"Organization\",\"@id\":\"https:\\\/\\\/goodwill.fi\\\/kauppa\\\/#organization\",\"name\":\"Goodwill-verkkokauppa\",\"url\":\"https:\\\/\\\/goodwill.fi\\\/kauppa\\\/\",\"logo\":{\"@type\":\"ImageObject\",\"inLanguage\":\"fi\",\"@id\":\"https:\\\/\\\/goodwill.fi\\\/kauppa\\\/#\\\/schema\\\/logo\\\/image\\\/\",\"url\":\"https:\\\/\\\/goodwill.fi\\\/kauppa\\\/wp-content\\\/uploads\\\/2021\\\/02\\\/cropped-logo_gw_store-723x211-1.png\",\"contentUrl\":\"https:\\\/\\\/goodwill.fi\\\/kauppa\\\/wp-content\\\/uploads\\\/2021\\\/02\\\/cropped-logo_gw_store-723x211-1.png\",\"width\":723,\"height\":207,\"caption\":\"Goodwill-verkkokauppa\"},\"image\":{\"@id\":\"https:\\\/\\\/goodwill.fi\\\/kauppa\\\/#\\\/schema\\\/logo\\\/image\\\/\"}}]}<\/script>\n<!-- \/ Yoast SEO plugin. -->","yoast_head_json":{"title":"SEVERI HELIN TAULU - Goodwill-verkkokauppa","description":"Severi Helinin sekatekniikalla toteutettu taulu. Taulu on ollut esill\u00e4 taiteilijan yksityisn\u00e4yttelyss\u00e4, Kotkassa v. 1967. Taiteilija: Severi Helin","robots":{"index":"index","follow":"follow","max-snippet":"max-snippet:-1","max-image-preview":"max-image-preview:large","max-video-preview":"max-video-preview:-1"},"canonical":"https:\/\/goodwill.fi\/kauppa\/tuote\/severi-helin-taulu\/","og_locale":"fi_FI","og_type":"article","og_title":"SEVERI HELIN TAULU - Goodwill-verkkokauppa","og_description":"Severi Helinin sekatekniikalla toteutettu taulu. Taulu on ollut esill\u00e4 taiteilijan yksityisn\u00e4yttelyss\u00e4, Kotkassa v. 1967. Taiteilija: Severi Helin","og_url":"https:\/\/goodwill.fi\/kauppa\/tuote\/severi-helin-taulu\/","og_site_name":"Goodwill-verkkokauppa","article_modified_time":"2024-11-04T10:52:32+00:00","og_image":[{"width":2510,"height":1489,"url":"https:\/\/goodwill.fi\/kauppa\/wp-content\/uploads\/2024\/11\/28433f77-6048-467c-b8fb-b227f5b8fea1-e1730717494778.jpg","type":"image\/jpeg"}],"twitter_card":"summary_large_image","twitter_misc":{"Arvioitu lukuaika":"1 minuutti"},"schema":{"@context":"https:\/\/schema.org","@graph":[{"@type":"WebPage","@id":"https:\/\/goodwill.fi\/kauppa\/tuote\/severi-helin-taulu\/","url":"https:\/\/goodwill.fi\/kauppa\/tuote\/severi-helin-taulu\/","name":"SEVERI HELIN TAULU - Goodwill-verkkokauppa","isPartOf":{"@id":"https:\/\/goodwill.fi\/kauppa\/#website"},"primaryImageOfPage":{"@id":"https:\/\/goodwill.fi\/kauppa\/tuote\/severi-helin-taulu\/#primaryimage"},"image":{"@id":"https:\/\/goodwill.fi\/kauppa\/tuote\/severi-helin-taulu\/#primaryimage"},"thumbnailUrl":"https:\/\/goodwill.fi\/kauppa\/wp-content\/uploads\/2024\/11\/28433f77-6048-467c-b8fb-b227f5b8fea1-e1730717494778.jpg","datePublished":"2024-11-04T10:52:31+00:00","dateModified":"2024-11-04T10:52:32+00:00","description":"Severi Helinin sekatekniikalla toteutettu taulu. Taulu on ollut esill\u00e4 taiteilijan yksityisn\u00e4yttelyss\u00e4, Kotkassa v. 1967. Taiteilija: Severi Helin","breadcrumb":{"@id":"https:\/\/goodwill.fi\/kauppa\/tuote\/severi-helin-taulu\/#breadcrumb"},"inLanguage":"fi","potentialAction":[{"@type":"ReadAction","target":["https:\/\/goodwill.fi\/kauppa\/tuote\/severi-helin-taulu\/"]}]},{"@type":"ImageObject","inLanguage":"fi","@id":"https:\/\/goodwill.fi\/kauppa\/tuote\/severi-helin-taulu\/#primaryimage","url":"https:\/\/goodwill.fi\/kauppa\/wp-content\/uploads\/2024\/11\/28433f77-6048-467c-b8fb-b227f5b8fea1-e1730717494778.jpg","contentUrl":"https:\/\/goodwill.fi\/kauppa\/wp-content\/uploads\/2024\/11\/28433f77-6048-467c-b8fb-b227f5b8fea1-e1730717494778.jpg","width":2510,"height":1489},{"@type":"BreadcrumbList","@id":"https:\/\/goodwill.fi\/kauppa\/tuote\/severi-helin-taulu\/#breadcrumb","itemListElement":[{"@type":"ListItem","position":1,"name":"Home","item":"https:\/\/goodwill.fi\/kauppa\/"},{"@type":"ListItem","position":2,"name":"Shop","item":"https:\/\/goodwill.fi\/kauppa\/shop\/"},{"@type":"ListItem","position":3,"name":"SEVERI HELIN TAULU"}]},{"@type":"WebSite","@id":"https:\/\/goodwill.fi\/kauppa\/#website","url":"https:\/\/goodwill.fi\/kauppa\/","name":"Goodwill-verkkokauppa","description":"Kierr\u00e4tysmyym\u00e4l\u00e4 verkossa","publisher":{"@id":"https:\/\/goodwill.fi\/kauppa\/#organization"},"potentialAction":[{"@type":"SearchAction","target":{"@type":"EntryPoint","urlTemplate":"https:\/\/goodwill.fi\/kauppa\/?s={search_term_string}"},"query-input":{"@type":"PropertyValueSpecification","valueRequired":true,"valueName":"search_term_string"}}],"inLanguage":"fi"},{"@type":"Organization","@id":"https:\/\/goodwill.fi\/kauppa\/#organization","name":"Goodwill-verkkokauppa","url":"https:\/\/goodwill.fi\/kauppa\/","logo":{"@type":"ImageObject","inLanguage":"fi","@id":"https:\/\/goodwill.fi\/kauppa\/#\/schema\/logo\/image\/","url":"https:\/\/goodwill.fi\/kauppa\/wp-content\/uploads\/2021\/02\/cropped-logo_gw_store-723x211-1.png","contentUrl":"https:\/\/goodwill.fi\/kauppa\/wp-content\/uploads\/2021\/02\/cropped-logo_gw_store-723x211-1.png","width":723,"height":207,"caption":"Goodwill-verkkokauppa"},"image":{"@id":"https:\/\/goodwill.fi\/kauppa\/#\/schema\/logo\/image\/"}}]}},"_links":{"self":[{"href":"https:\/\/goodwill.fi\/kauppa\/wp-json\/wp\/v2\/product\/38834","targetHints":{"allow":["GET"]}}],"collection":[{"href":"https:\/\/goodwill.fi\/kauppa\/wp-json\/wp\/v2\/product"}],"about":[{"href":"https:\/\/goodwill.fi\/kauppa\/wp-json\/wp\/v2\/types\/product"}],"replies":[{"embeddable":true,"href":"https:\/\/goodwill.fi\/kauppa\/wp-json\/wp\/v2\/comments?post=38834"}],"wp:featuredmedia":[{"embeddable":true,"href":"https:\/\/goodwill.fi\/kauppa\/wp-json\/wp\/v2\/media\/38850"}],"wp:attachment":[{"href":"https:\/\/goodwill.fi\/kauppa\/wp-json\/wp\/v2\/media?parent=38834"}],"wp:term":[{"taxonomy":"product_brand","embeddable":true,"href":"https:\/\/goodwill.fi\/kauppa\/wp-json\/wp\/v2\/product_brand?post=38834"},{"taxonomy":"product_cat","embeddable":true,"href":"https:\/\/goodwill.fi\/kauppa\/wp-json\/wp\/v2\/product_cat?post=38834"},{"taxonomy":"product_tag","embeddable":true,"href":"https:\/\/goodwill.fi\/kauppa\/wp-json\/wp\/v2\/product_tag?post=38834"}],"curies":[{"name":"wp","href":"https:\/\/api.w.org\/{rel}","templated":true}]}}