{"id":38132,"date":"2025-09-12T08:00:34","date_gmt":"2025-09-12T05:00:34","guid":{"rendered":"https:\/\/goodwill.fi\/kauppa\/?post_type=product&#038;p=38132"},"modified":"2025-10-01T11:43:32","modified_gmt":"2025-10-01T08:43:32","slug":"elisabeth-voigt-winter-puupiirros","status":"publish","type":"product","link":"https:\/\/goodwill.fi\/kauppa\/tuote\/elisabeth-voigt-winter-puupiirros\/","title":{"rendered":"ELISABETH VOIGT &#8221;WINTER&#8221; PUUPIIRROS"},"content":{"rendered":"<p>Taiteilija: Elisabeth Voigt<br \/>\nTeoksen nimi: Winter<br \/>\nMedia: puupiirros<br \/>\nMitat: korkeus 16.4 cm, leveys 22.5 cm, paino 468 g<br \/>\nMateriaali: paperi, lasi, puu<br \/>\nKunto: k\u00e4yt\u00f6n j\u00e4lki\u00e4, kehyksess\u00e4 kulumaa<\/p>\n<p>Huom! kuvan reunassa monogrammi &#8221;EV&#8221; ja ep\u00e4selv\u00e4 lyijykyn\u00e4 signeeraus, numeroitu 20\/30<\/p>\n","protected":false},"excerpt":{"rendered":"<p>Taiteilija: Elisabeth Voigt Teoksen nimi: Winter Media: puupiirros Mitat: korkeus 16.4 cm, leveys 22.5 cm, paino 468 g Materiaali: paperi, lasi, puu Kunto: k\u00e4yt\u00f6n j\u00e4lki\u00e4, kehyksess\u00e4 kulumaa Huom! kuvan reunassa monogrammi &#8221;EV&#8221; ja ep\u00e4selv\u00e4 lyijykyn\u00e4 signeeraus, numeroitu 20\/30<\/p>\n","protected":false},"featured_media":38133,"comment_status":"open","ping_status":"closed","template":"","meta":[],"product_brand":[],"product_cat":[159,180,171],"product_tag":[12624,3931,12626,827,755,12625,12627],"class_list":{"0":"post-38132","1":"product","2":"type-product","3":"status-publish","4":"has-post-thumbnail","6":"product_cat-kaikki","7":"product_cat-keraily-2","8":"product_cat-taulut-2","9":"product_tag-elisabeth","10":"product_tag-maalaus","11":"product_tag-puupiirros","12":"product_tag-talvi","13":"product_tag-taulu","14":"product_tag-voigt","15":"product_tag-winter","17":"first","18":"outofstock","19":"taxable","20":"shipping-taxable","21":"purchasable","22":"product-type-simple"},"yoast_head":"<!-- This site is optimized with the Yoast SEO plugin v27.1.1 - https:\/\/yoast.com\/product\/yoast-seo-wordpress\/ -->\n<title>ELISABETH VOIGT &quot;WINTER&quot; PUUPIIRROS - Goodwill-verkkokauppa<\/title>\n<meta name=\"description\" content=\"Taiteilija: Elisabeth Voigt Teoksen nimi: Winter Media: puupiirros Mitat: korkeus 16.4 cm, leveys 22.5 cm, paino 468 g Materiaali: paperi, lasi, puu\" \/>\n<meta name=\"robots\" content=\"index, follow, max-snippet:-1, max-image-preview:large, max-video-preview:-1\" \/>\n<link rel=\"canonical\" href=\"https:\/\/goodwill.fi\/kauppa\/tuote\/elisabeth-voigt-winter-puupiirros\/\" \/>\n<meta property=\"og:locale\" content=\"fi_FI\" \/>\n<meta property=\"og:type\" content=\"article\" \/>\n<meta property=\"og:title\" content=\"ELISABETH VOIGT &quot;WINTER&quot; PUUPIIRROS - Goodwill-verkkokauppa\" \/>\n<meta property=\"og:description\" content=\"Taiteilija: Elisabeth Voigt Teoksen nimi: Winter Media: puupiirros Mitat: korkeus 16.4 cm, leveys 22.5 cm, paino 468 g Materiaali: paperi, lasi, puu\" \/>\n<meta property=\"og:url\" content=\"https:\/\/goodwill.fi\/kauppa\/tuote\/elisabeth-voigt-winter-puupiirros\/\" \/>\n<meta property=\"og:site_name\" content=\"Goodwill-verkkokauppa\" \/>\n<meta property=\"article:modified_time\" content=\"2025-10-01T08:43:32+00:00\" \/>\n<meta property=\"og:image\" content=\"https:\/\/goodwill.fi\/kauppa\/wp-content\/uploads\/2024\/10\/IMG_6847-scaled-e1729759129666.jpg\" \/>\n\t<meta property=\"og:image:width\" content=\"1365\" \/>\n\t<meta property=\"og:image:height\" content=\"1642\" \/>\n\t<meta property=\"og:image:type\" content=\"image\/jpeg\" \/>\n<meta name=\"twitter:card\" content=\"summary_large_image\" \/>\n<meta name=\"twitter:label1\" content=\"Arvioitu lukuaika\" \/>\n\t<meta name=\"twitter:data1\" content=\"1 minuutti\" \/>\n<script type=\"application\/ld+json\" class=\"yoast-schema-graph\">{\"@context\":\"https:\/\/schema.org\",\"@graph\":[{\"@type\":\"WebPage\",\"@id\":\"https:\/\/goodwill.fi\/kauppa\/tuote\/elisabeth-voigt-winter-puupiirros\/\",\"url\":\"https:\/\/goodwill.fi\/kauppa\/tuote\/elisabeth-voigt-winter-puupiirros\/\",\"name\":\"ELISABETH VOIGT \\\"WINTER\\\" PUUPIIRROS - Goodwill-verkkokauppa\",\"isPartOf\":{\"@id\":\"https:\/\/goodwill.fi\/kauppa\/#website\"},\"primaryImageOfPage\":{\"@id\":\"https:\/\/goodwill.fi\/kauppa\/tuote\/elisabeth-voigt-winter-puupiirros\/#primaryimage\"},\"image\":{\"@id\":\"https:\/\/goodwill.fi\/kauppa\/tuote\/elisabeth-voigt-winter-puupiirros\/#primaryimage\"},\"thumbnailUrl\":\"https:\/\/goodwill.fi\/kauppa\/wp-content\/uploads\/2024\/10\/IMG_6847-scaled-e1729759129666.jpg\",\"datePublished\":\"2025-09-12T05:00:34+00:00\",\"dateModified\":\"2025-10-01T08:43:32+00:00\",\"description\":\"Taiteilija: Elisabeth Voigt Teoksen nimi: Winter Media: puupiirros Mitat: korkeus 16.4 cm, leveys 22.5 cm, paino 468 g Materiaali: paperi, lasi, puu\",\"breadcrumb\":{\"@id\":\"https:\/\/goodwill.fi\/kauppa\/tuote\/elisabeth-voigt-winter-puupiirros\/#breadcrumb\"},\"inLanguage\":\"fi\",\"potentialAction\":[{\"@type\":\"ReadAction\",\"target\":[\"https:\/\/goodwill.fi\/kauppa\/tuote\/elisabeth-voigt-winter-puupiirros\/\"]}]},{\"@type\":\"ImageObject\",\"inLanguage\":\"fi\",\"@id\":\"https:\/\/goodwill.fi\/kauppa\/tuote\/elisabeth-voigt-winter-puupiirros\/#primaryimage\",\"url\":\"https:\/\/goodwill.fi\/kauppa\/wp-content\/uploads\/2024\/10\/IMG_6847-scaled-e1729759129666.jpg\",\"contentUrl\":\"https:\/\/goodwill.fi\/kauppa\/wp-content\/uploads\/2024\/10\/IMG_6847-scaled-e1729759129666.jpg\",\"width\":1365,\"height\":1642},{\"@type\":\"BreadcrumbList\",\"@id\":\"https:\/\/goodwill.fi\/kauppa\/tuote\/elisabeth-voigt-winter-puupiirros\/#breadcrumb\",\"itemListElement\":[{\"@type\":\"ListItem\",\"position\":1,\"name\":\"Home\",\"item\":\"https:\/\/goodwill.fi\/kauppa\/\"},{\"@type\":\"ListItem\",\"position\":2,\"name\":\"Shop\",\"item\":\"https:\/\/goodwill.fi\/kauppa\/shop\/\"},{\"@type\":\"ListItem\",\"position\":3,\"name\":\"ELISABETH VOIGT &#8221;WINTER&#8221; PUUPIIRROS\"}]},{\"@type\":\"WebSite\",\"@id\":\"https:\/\/goodwill.fi\/kauppa\/#website\",\"url\":\"https:\/\/goodwill.fi\/kauppa\/\",\"name\":\"Goodwill-verkkokauppa\",\"description\":\"Kierr\u00e4tysmyym\u00e4l\u00e4 verkossa\",\"publisher\":{\"@id\":\"https:\/\/goodwill.fi\/kauppa\/#organization\"},\"potentialAction\":[{\"@type\":\"SearchAction\",\"target\":{\"@type\":\"EntryPoint\",\"urlTemplate\":\"https:\/\/goodwill.fi\/kauppa\/?s={search_term_string}\"},\"query-input\":{\"@type\":\"PropertyValueSpecification\",\"valueRequired\":true,\"valueName\":\"search_term_string\"}}],\"inLanguage\":\"fi\"},{\"@type\":\"Organization\",\"@id\":\"https:\/\/goodwill.fi\/kauppa\/#organization\",\"name\":\"Goodwill-verkkokauppa\",\"url\":\"https:\/\/goodwill.fi\/kauppa\/\",\"logo\":{\"@type\":\"ImageObject\",\"inLanguage\":\"fi\",\"@id\":\"https:\/\/goodwill.fi\/kauppa\/#\/schema\/logo\/image\/\",\"url\":\"https:\/\/goodwill.fi\/kauppa\/wp-content\/uploads\/2021\/02\/cropped-logo_gw_store-723x211-1.png\",\"contentUrl\":\"https:\/\/goodwill.fi\/kauppa\/wp-content\/uploads\/2021\/02\/cropped-logo_gw_store-723x211-1.png\",\"width\":723,\"height\":207,\"caption\":\"Goodwill-verkkokauppa\"},\"image\":{\"@id\":\"https:\/\/goodwill.fi\/kauppa\/#\/schema\/logo\/image\/\"}}]}<\/script>\n<!-- \/ Yoast SEO plugin. -->","yoast_head_json":{"title":"ELISABETH VOIGT \"WINTER\" PUUPIIRROS - Goodwill-verkkokauppa","description":"Taiteilija: Elisabeth Voigt Teoksen nimi: Winter Media: puupiirros Mitat: korkeus 16.4 cm, leveys 22.5 cm, paino 468 g Materiaali: paperi, lasi, puu","robots":{"index":"index","follow":"follow","max-snippet":"max-snippet:-1","max-image-preview":"max-image-preview:large","max-video-preview":"max-video-preview:-1"},"canonical":"https:\/\/goodwill.fi\/kauppa\/tuote\/elisabeth-voigt-winter-puupiirros\/","og_locale":"fi_FI","og_type":"article","og_title":"ELISABETH VOIGT \"WINTER\" PUUPIIRROS - Goodwill-verkkokauppa","og_description":"Taiteilija: Elisabeth Voigt Teoksen nimi: Winter Media: puupiirros Mitat: korkeus 16.4 cm, leveys 22.5 cm, paino 468 g Materiaali: paperi, lasi, puu","og_url":"https:\/\/goodwill.fi\/kauppa\/tuote\/elisabeth-voigt-winter-puupiirros\/","og_site_name":"Goodwill-verkkokauppa","article_modified_time":"2025-10-01T08:43:32+00:00","og_image":[{"width":1365,"height":1642,"url":"https:\/\/goodwill.fi\/kauppa\/wp-content\/uploads\/2024\/10\/IMG_6847-scaled-e1729759129666.jpg","type":"image\/jpeg"}],"twitter_card":"summary_large_image","twitter_misc":{"Arvioitu lukuaika":"1 minuutti"},"schema":{"@context":"https:\/\/schema.org","@graph":[{"@type":"WebPage","@id":"https:\/\/goodwill.fi\/kauppa\/tuote\/elisabeth-voigt-winter-puupiirros\/","url":"https:\/\/goodwill.fi\/kauppa\/tuote\/elisabeth-voigt-winter-puupiirros\/","name":"ELISABETH VOIGT \"WINTER\" PUUPIIRROS - Goodwill-verkkokauppa","isPartOf":{"@id":"https:\/\/goodwill.fi\/kauppa\/#website"},"primaryImageOfPage":{"@id":"https:\/\/goodwill.fi\/kauppa\/tuote\/elisabeth-voigt-winter-puupiirros\/#primaryimage"},"image":{"@id":"https:\/\/goodwill.fi\/kauppa\/tuote\/elisabeth-voigt-winter-puupiirros\/#primaryimage"},"thumbnailUrl":"https:\/\/goodwill.fi\/kauppa\/wp-content\/uploads\/2024\/10\/IMG_6847-scaled-e1729759129666.jpg","datePublished":"2025-09-12T05:00:34+00:00","dateModified":"2025-10-01T08:43:32+00:00","description":"Taiteilija: Elisabeth Voigt Teoksen nimi: Winter Media: puupiirros Mitat: korkeus 16.4 cm, leveys 22.5 cm, paino 468 g Materiaali: paperi, lasi, puu","breadcrumb":{"@id":"https:\/\/goodwill.fi\/kauppa\/tuote\/elisabeth-voigt-winter-puupiirros\/#breadcrumb"},"inLanguage":"fi","potentialAction":[{"@type":"ReadAction","target":["https:\/\/goodwill.fi\/kauppa\/tuote\/elisabeth-voigt-winter-puupiirros\/"]}]},{"@type":"ImageObject","inLanguage":"fi","@id":"https:\/\/goodwill.fi\/kauppa\/tuote\/elisabeth-voigt-winter-puupiirros\/#primaryimage","url":"https:\/\/goodwill.fi\/kauppa\/wp-content\/uploads\/2024\/10\/IMG_6847-scaled-e1729759129666.jpg","contentUrl":"https:\/\/goodwill.fi\/kauppa\/wp-content\/uploads\/2024\/10\/IMG_6847-scaled-e1729759129666.jpg","width":1365,"height":1642},{"@type":"BreadcrumbList","@id":"https:\/\/goodwill.fi\/kauppa\/tuote\/elisabeth-voigt-winter-puupiirros\/#breadcrumb","itemListElement":[{"@type":"ListItem","position":1,"name":"Home","item":"https:\/\/goodwill.fi\/kauppa\/"},{"@type":"ListItem","position":2,"name":"Shop","item":"https:\/\/goodwill.fi\/kauppa\/shop\/"},{"@type":"ListItem","position":3,"name":"ELISABETH VOIGT &#8221;WINTER&#8221; PUUPIIRROS"}]},{"@type":"WebSite","@id":"https:\/\/goodwill.fi\/kauppa\/#website","url":"https:\/\/goodwill.fi\/kauppa\/","name":"Goodwill-verkkokauppa","description":"Kierr\u00e4tysmyym\u00e4l\u00e4 verkossa","publisher":{"@id":"https:\/\/goodwill.fi\/kauppa\/#organization"},"potentialAction":[{"@type":"SearchAction","target":{"@type":"EntryPoint","urlTemplate":"https:\/\/goodwill.fi\/kauppa\/?s={search_term_string}"},"query-input":{"@type":"PropertyValueSpecification","valueRequired":true,"valueName":"search_term_string"}}],"inLanguage":"fi"},{"@type":"Organization","@id":"https:\/\/goodwill.fi\/kauppa\/#organization","name":"Goodwill-verkkokauppa","url":"https:\/\/goodwill.fi\/kauppa\/","logo":{"@type":"ImageObject","inLanguage":"fi","@id":"https:\/\/goodwill.fi\/kauppa\/#\/schema\/logo\/image\/","url":"https:\/\/goodwill.fi\/kauppa\/wp-content\/uploads\/2021\/02\/cropped-logo_gw_store-723x211-1.png","contentUrl":"https:\/\/goodwill.fi\/kauppa\/wp-content\/uploads\/2021\/02\/cropped-logo_gw_store-723x211-1.png","width":723,"height":207,"caption":"Goodwill-verkkokauppa"},"image":{"@id":"https:\/\/goodwill.fi\/kauppa\/#\/schema\/logo\/image\/"}}]}},"_links":{"self":[{"href":"https:\/\/goodwill.fi\/kauppa\/wp-json\/wp\/v2\/product\/38132","targetHints":{"allow":["GET"]}}],"collection":[{"href":"https:\/\/goodwill.fi\/kauppa\/wp-json\/wp\/v2\/product"}],"about":[{"href":"https:\/\/goodwill.fi\/kauppa\/wp-json\/wp\/v2\/types\/product"}],"replies":[{"embeddable":true,"href":"https:\/\/goodwill.fi\/kauppa\/wp-json\/wp\/v2\/comments?post=38132"}],"wp:featuredmedia":[{"embeddable":true,"href":"https:\/\/goodwill.fi\/kauppa\/wp-json\/wp\/v2\/media\/38133"}],"wp:attachment":[{"href":"https:\/\/goodwill.fi\/kauppa\/wp-json\/wp\/v2\/media?parent=38132"}],"wp:term":[{"taxonomy":"product_brand","embeddable":true,"href":"https:\/\/goodwill.fi\/kauppa\/wp-json\/wp\/v2\/product_brand?post=38132"},{"taxonomy":"product_cat","embeddable":true,"href":"https:\/\/goodwill.fi\/kauppa\/wp-json\/wp\/v2\/product_cat?post=38132"},{"taxonomy":"product_tag","embeddable":true,"href":"https:\/\/goodwill.fi\/kauppa\/wp-json\/wp\/v2\/product_tag?post=38132"}],"curies":[{"name":"wp","href":"https:\/\/api.w.org\/{rel}","templated":true}]}}