{"id":37173,"date":"2025-08-29T08:00:22","date_gmt":"2025-08-29T05:00:22","guid":{"rendered":"https:\/\/goodwill.fi\/kauppa\/?post_type=product&#038;p=37173"},"modified":"2025-09-11T13:02:11","modified_gmt":"2025-09-11T10:02:11","slug":"iittala-crocus-maljakko-2","status":"publish","type":"product","link":"https:\/\/goodwill.fi\/kauppa\/tuote\/iittala-crocus-maljakko-2\/","title":{"rendered":"IITTALA CROCUS MALJAKKO"},"content":{"rendered":"<p>Suunnittelija: Timo Sarpaneva<br \/>\nValmistaja: Iittala<br \/>\nValmistusvuosi: 1968<br \/>\nMitat: korkeus 15 cm, leveys 11.5 cm, pituus 11.5 cm, paino 1010 g<br \/>\nV\u00e4ri: kirkas<br \/>\nMateriaali: lasi<br \/>\nKunto: yl\u00e4reunassa lohkeama ja paikoin karheutta, sis\u00e4ll\u00e4 hieman likaa, muutoin v\u00e4h\u00e4n k\u00e4yt\u00f6n j\u00e4lki\u00e4<br \/>\nHuom: signeerattu<\/p>\n","protected":false},"excerpt":{"rendered":"<p>Suunnittelija: Timo Sarpaneva Valmistaja: Iittala Valmistusvuosi: 1968 Mitat: korkeus 15 cm, leveys 11.5 cm, pituus 11.5 cm, paino 1010 g V\u00e4ri: kirkas Materiaali: lasi Kunto: yl\u00e4reunassa lohkeama ja paikoin karheutta, sis\u00e4ll\u00e4 hieman likaa, muutoin v\u00e4h\u00e4n k\u00e4yt\u00f6n j\u00e4lki\u00e4 Huom: signeerattu<\/p>\n","protected":false},"featured_media":37174,"comment_status":"open","ping_status":"closed","template":"","meta":[],"product_brand":[14681],"product_cat":[159,14854,180,14861,146,154,14874],"product_tag":[2394,226,12418,252,576],"class_list":{"0":"post-37173","1":"product","2":"type-product","3":"status-publish","4":"has-post-thumbnail","6":"product_brand-iittala","7":"product_cat-kaikki","8":"product_cat-iittala","9":"product_cat-keraily-2","10":"product_cat-taidelasi-keramiikka","11":"product_cat-koti-2","12":"product_cat-sisustus-2","13":"product_cat-maljakot","14":"product_tag-crocus","15":"product_tag-iittala","16":"product_tag-kot04710","17":"product_tag-maljakko","18":"product_tag-timo-sarpaneva","20":"first","21":"outofstock","22":"taxable","23":"shipping-taxable","24":"purchasable","25":"product-type-simple"},"yoast_head":"<!-- This site is optimized with the Yoast SEO plugin v27.1.1 - https:\/\/yoast.com\/product\/yoast-seo-wordpress\/ -->\n<title>IITTALA CROCUS MALJAKKO - Goodwill-verkkokauppa<\/title>\n<meta name=\"description\" content=\"Suunnittelija: Timo Sarpaneva Valmistaja: Iittala Valmistusvuosi: 1968 Mitat: korkeus 15 cm, leveys 11.5 cm, pituus 11.5 cm, paino 1010 g\" \/>\n<meta name=\"robots\" content=\"index, follow, max-snippet:-1, max-image-preview:large, max-video-preview:-1\" \/>\n<link rel=\"canonical\" href=\"https:\/\/goodwill.fi\/kauppa\/tuote\/iittala-crocus-maljakko-2\/\" \/>\n<meta property=\"og:locale\" content=\"fi_FI\" \/>\n<meta property=\"og:type\" content=\"article\" \/>\n<meta property=\"og:title\" content=\"IITTALA CROCUS MALJAKKO - Goodwill-verkkokauppa\" \/>\n<meta property=\"og:description\" content=\"Suunnittelija: Timo Sarpaneva Valmistaja: Iittala Valmistusvuosi: 1968 Mitat: korkeus 15 cm, leveys 11.5 cm, pituus 11.5 cm, paino 1010 g\" \/>\n<meta property=\"og:url\" content=\"https:\/\/goodwill.fi\/kauppa\/tuote\/iittala-crocus-maljakko-2\/\" \/>\n<meta property=\"og:site_name\" content=\"Goodwill-verkkokauppa\" \/>\n<meta property=\"article:modified_time\" content=\"2025-09-11T10:02:11+00:00\" \/>\n<meta property=\"og:image\" content=\"https:\/\/goodwill.fi\/kauppa\/wp-content\/uploads\/2024\/10\/IMG_5757-scaled-e1728630892996.jpg\" \/>\n\t<meta property=\"og:image:width\" content=\"1399\" \/>\n\t<meta property=\"og:image:height\" content=\"1706\" \/>\n\t<meta property=\"og:image:type\" content=\"image\/jpeg\" \/>\n<meta name=\"twitter:card\" content=\"summary_large_image\" \/>\n<meta name=\"twitter:label1\" content=\"Arvioitu lukuaika\" \/>\n\t<meta name=\"twitter:data1\" content=\"1 minuutti\" \/>\n<script type=\"application\/ld+json\" class=\"yoast-schema-graph\">{\"@context\":\"https:\/\/schema.org\",\"@graph\":[{\"@type\":\"WebPage\",\"@id\":\"https:\/\/goodwill.fi\/kauppa\/tuote\/iittala-crocus-maljakko-2\/\",\"url\":\"https:\/\/goodwill.fi\/kauppa\/tuote\/iittala-crocus-maljakko-2\/\",\"name\":\"IITTALA CROCUS MALJAKKO - Goodwill-verkkokauppa\",\"isPartOf\":{\"@id\":\"https:\/\/goodwill.fi\/kauppa\/#website\"},\"primaryImageOfPage\":{\"@id\":\"https:\/\/goodwill.fi\/kauppa\/tuote\/iittala-crocus-maljakko-2\/#primaryimage\"},\"image\":{\"@id\":\"https:\/\/goodwill.fi\/kauppa\/tuote\/iittala-crocus-maljakko-2\/#primaryimage\"},\"thumbnailUrl\":\"https:\/\/goodwill.fi\/kauppa\/wp-content\/uploads\/2024\/10\/IMG_5757-scaled-e1728630892996.jpg\",\"datePublished\":\"2025-08-29T05:00:22+00:00\",\"dateModified\":\"2025-09-11T10:02:11+00:00\",\"description\":\"Suunnittelija: Timo Sarpaneva Valmistaja: Iittala Valmistusvuosi: 1968 Mitat: korkeus 15 cm, leveys 11.5 cm, pituus 11.5 cm, paino 1010 g\",\"breadcrumb\":{\"@id\":\"https:\/\/goodwill.fi\/kauppa\/tuote\/iittala-crocus-maljakko-2\/#breadcrumb\"},\"inLanguage\":\"fi\",\"potentialAction\":[{\"@type\":\"ReadAction\",\"target\":[\"https:\/\/goodwill.fi\/kauppa\/tuote\/iittala-crocus-maljakko-2\/\"]}]},{\"@type\":\"ImageObject\",\"inLanguage\":\"fi\",\"@id\":\"https:\/\/goodwill.fi\/kauppa\/tuote\/iittala-crocus-maljakko-2\/#primaryimage\",\"url\":\"https:\/\/goodwill.fi\/kauppa\/wp-content\/uploads\/2024\/10\/IMG_5757-scaled-e1728630892996.jpg\",\"contentUrl\":\"https:\/\/goodwill.fi\/kauppa\/wp-content\/uploads\/2024\/10\/IMG_5757-scaled-e1728630892996.jpg\",\"width\":1399,\"height\":1706},{\"@type\":\"BreadcrumbList\",\"@id\":\"https:\/\/goodwill.fi\/kauppa\/tuote\/iittala-crocus-maljakko-2\/#breadcrumb\",\"itemListElement\":[{\"@type\":\"ListItem\",\"position\":1,\"name\":\"Home\",\"item\":\"https:\/\/goodwill.fi\/kauppa\/\"},{\"@type\":\"ListItem\",\"position\":2,\"name\":\"Shop\",\"item\":\"https:\/\/goodwill.fi\/kauppa\/shop\/\"},{\"@type\":\"ListItem\",\"position\":3,\"name\":\"IITTALA CROCUS MALJAKKO\"}]},{\"@type\":\"WebSite\",\"@id\":\"https:\/\/goodwill.fi\/kauppa\/#website\",\"url\":\"https:\/\/goodwill.fi\/kauppa\/\",\"name\":\"Goodwill-verkkokauppa\",\"description\":\"Kierr\u00e4tysmyym\u00e4l\u00e4 verkossa\",\"publisher\":{\"@id\":\"https:\/\/goodwill.fi\/kauppa\/#organization\"},\"potentialAction\":[{\"@type\":\"SearchAction\",\"target\":{\"@type\":\"EntryPoint\",\"urlTemplate\":\"https:\/\/goodwill.fi\/kauppa\/?s={search_term_string}\"},\"query-input\":{\"@type\":\"PropertyValueSpecification\",\"valueRequired\":true,\"valueName\":\"search_term_string\"}}],\"inLanguage\":\"fi\"},{\"@type\":\"Organization\",\"@id\":\"https:\/\/goodwill.fi\/kauppa\/#organization\",\"name\":\"Goodwill-verkkokauppa\",\"url\":\"https:\/\/goodwill.fi\/kauppa\/\",\"logo\":{\"@type\":\"ImageObject\",\"inLanguage\":\"fi\",\"@id\":\"https:\/\/goodwill.fi\/kauppa\/#\/schema\/logo\/image\/\",\"url\":\"https:\/\/goodwill.fi\/kauppa\/wp-content\/uploads\/2021\/02\/cropped-logo_gw_store-723x211-1.png\",\"contentUrl\":\"https:\/\/goodwill.fi\/kauppa\/wp-content\/uploads\/2021\/02\/cropped-logo_gw_store-723x211-1.png\",\"width\":723,\"height\":207,\"caption\":\"Goodwill-verkkokauppa\"},\"image\":{\"@id\":\"https:\/\/goodwill.fi\/kauppa\/#\/schema\/logo\/image\/\"}}]}<\/script>\n<!-- \/ Yoast SEO plugin. -->","yoast_head_json":{"title":"IITTALA CROCUS MALJAKKO - Goodwill-verkkokauppa","description":"Suunnittelija: Timo Sarpaneva Valmistaja: Iittala Valmistusvuosi: 1968 Mitat: korkeus 15 cm, leveys 11.5 cm, pituus 11.5 cm, paino 1010 g","robots":{"index":"index","follow":"follow","max-snippet":"max-snippet:-1","max-image-preview":"max-image-preview:large","max-video-preview":"max-video-preview:-1"},"canonical":"https:\/\/goodwill.fi\/kauppa\/tuote\/iittala-crocus-maljakko-2\/","og_locale":"fi_FI","og_type":"article","og_title":"IITTALA CROCUS MALJAKKO - Goodwill-verkkokauppa","og_description":"Suunnittelija: Timo Sarpaneva Valmistaja: Iittala Valmistusvuosi: 1968 Mitat: korkeus 15 cm, leveys 11.5 cm, pituus 11.5 cm, paino 1010 g","og_url":"https:\/\/goodwill.fi\/kauppa\/tuote\/iittala-crocus-maljakko-2\/","og_site_name":"Goodwill-verkkokauppa","article_modified_time":"2025-09-11T10:02:11+00:00","og_image":[{"width":1399,"height":1706,"url":"https:\/\/goodwill.fi\/kauppa\/wp-content\/uploads\/2024\/10\/IMG_5757-scaled-e1728630892996.jpg","type":"image\/jpeg"}],"twitter_card":"summary_large_image","twitter_misc":{"Arvioitu lukuaika":"1 minuutti"},"schema":{"@context":"https:\/\/schema.org","@graph":[{"@type":"WebPage","@id":"https:\/\/goodwill.fi\/kauppa\/tuote\/iittala-crocus-maljakko-2\/","url":"https:\/\/goodwill.fi\/kauppa\/tuote\/iittala-crocus-maljakko-2\/","name":"IITTALA CROCUS MALJAKKO - Goodwill-verkkokauppa","isPartOf":{"@id":"https:\/\/goodwill.fi\/kauppa\/#website"},"primaryImageOfPage":{"@id":"https:\/\/goodwill.fi\/kauppa\/tuote\/iittala-crocus-maljakko-2\/#primaryimage"},"image":{"@id":"https:\/\/goodwill.fi\/kauppa\/tuote\/iittala-crocus-maljakko-2\/#primaryimage"},"thumbnailUrl":"https:\/\/goodwill.fi\/kauppa\/wp-content\/uploads\/2024\/10\/IMG_5757-scaled-e1728630892996.jpg","datePublished":"2025-08-29T05:00:22+00:00","dateModified":"2025-09-11T10:02:11+00:00","description":"Suunnittelija: Timo Sarpaneva Valmistaja: Iittala Valmistusvuosi: 1968 Mitat: korkeus 15 cm, leveys 11.5 cm, pituus 11.5 cm, paino 1010 g","breadcrumb":{"@id":"https:\/\/goodwill.fi\/kauppa\/tuote\/iittala-crocus-maljakko-2\/#breadcrumb"},"inLanguage":"fi","potentialAction":[{"@type":"ReadAction","target":["https:\/\/goodwill.fi\/kauppa\/tuote\/iittala-crocus-maljakko-2\/"]}]},{"@type":"ImageObject","inLanguage":"fi","@id":"https:\/\/goodwill.fi\/kauppa\/tuote\/iittala-crocus-maljakko-2\/#primaryimage","url":"https:\/\/goodwill.fi\/kauppa\/wp-content\/uploads\/2024\/10\/IMG_5757-scaled-e1728630892996.jpg","contentUrl":"https:\/\/goodwill.fi\/kauppa\/wp-content\/uploads\/2024\/10\/IMG_5757-scaled-e1728630892996.jpg","width":1399,"height":1706},{"@type":"BreadcrumbList","@id":"https:\/\/goodwill.fi\/kauppa\/tuote\/iittala-crocus-maljakko-2\/#breadcrumb","itemListElement":[{"@type":"ListItem","position":1,"name":"Home","item":"https:\/\/goodwill.fi\/kauppa\/"},{"@type":"ListItem","position":2,"name":"Shop","item":"https:\/\/goodwill.fi\/kauppa\/shop\/"},{"@type":"ListItem","position":3,"name":"IITTALA CROCUS MALJAKKO"}]},{"@type":"WebSite","@id":"https:\/\/goodwill.fi\/kauppa\/#website","url":"https:\/\/goodwill.fi\/kauppa\/","name":"Goodwill-verkkokauppa","description":"Kierr\u00e4tysmyym\u00e4l\u00e4 verkossa","publisher":{"@id":"https:\/\/goodwill.fi\/kauppa\/#organization"},"potentialAction":[{"@type":"SearchAction","target":{"@type":"EntryPoint","urlTemplate":"https:\/\/goodwill.fi\/kauppa\/?s={search_term_string}"},"query-input":{"@type":"PropertyValueSpecification","valueRequired":true,"valueName":"search_term_string"}}],"inLanguage":"fi"},{"@type":"Organization","@id":"https:\/\/goodwill.fi\/kauppa\/#organization","name":"Goodwill-verkkokauppa","url":"https:\/\/goodwill.fi\/kauppa\/","logo":{"@type":"ImageObject","inLanguage":"fi","@id":"https:\/\/goodwill.fi\/kauppa\/#\/schema\/logo\/image\/","url":"https:\/\/goodwill.fi\/kauppa\/wp-content\/uploads\/2021\/02\/cropped-logo_gw_store-723x211-1.png","contentUrl":"https:\/\/goodwill.fi\/kauppa\/wp-content\/uploads\/2021\/02\/cropped-logo_gw_store-723x211-1.png","width":723,"height":207,"caption":"Goodwill-verkkokauppa"},"image":{"@id":"https:\/\/goodwill.fi\/kauppa\/#\/schema\/logo\/image\/"}}]}},"_links":{"self":[{"href":"https:\/\/goodwill.fi\/kauppa\/wp-json\/wp\/v2\/product\/37173","targetHints":{"allow":["GET"]}}],"collection":[{"href":"https:\/\/goodwill.fi\/kauppa\/wp-json\/wp\/v2\/product"}],"about":[{"href":"https:\/\/goodwill.fi\/kauppa\/wp-json\/wp\/v2\/types\/product"}],"replies":[{"embeddable":true,"href":"https:\/\/goodwill.fi\/kauppa\/wp-json\/wp\/v2\/comments?post=37173"}],"wp:featuredmedia":[{"embeddable":true,"href":"https:\/\/goodwill.fi\/kauppa\/wp-json\/wp\/v2\/media\/37174"}],"wp:attachment":[{"href":"https:\/\/goodwill.fi\/kauppa\/wp-json\/wp\/v2\/media?parent=37173"}],"wp:term":[{"taxonomy":"product_brand","embeddable":true,"href":"https:\/\/goodwill.fi\/kauppa\/wp-json\/wp\/v2\/product_brand?post=37173"},{"taxonomy":"product_cat","embeddable":true,"href":"https:\/\/goodwill.fi\/kauppa\/wp-json\/wp\/v2\/product_cat?post=37173"},{"taxonomy":"product_tag","embeddable":true,"href":"https:\/\/goodwill.fi\/kauppa\/wp-json\/wp\/v2\/product_tag?post=37173"}],"curies":[{"name":"wp","href":"https:\/\/api.w.org\/{rel}","templated":true}]}}