{"id":36922,"date":"2024-10-08T14:26:05","date_gmt":"2024-10-08T11:26:05","guid":{"rendered":"https:\/\/goodwill.fi\/kauppa\/?post_type=product&#038;p=36922"},"modified":"2025-09-14T07:21:19","modified_gmt":"2025-09-14T04:21:19","slug":"lomonosov-maustesirottimet-2-kpl-6","status":"publish","type":"product","link":"https:\/\/goodwill.fi\/kauppa\/tuote\/lomonosov-maustesirottimet-2-kpl-6\/","title":{"rendered":"LOMONOSOV MAUSTESIROTTIMET 2 KPL"},"content":{"rendered":"<p>Suunnittelija: ei tiedossa<br \/>\nValmistaja: Lomonosov<br \/>\nValmistusvuosi: ei tiedossa<br \/>\nMitat: korkeus 9 cm, leveys 7 cm<br \/>\nV\u00e4ri: moniv\u00e4rinen<br \/>\nMateriaali: posliini<br \/>\nKunto: k\u00e4ytetty, ehj\u00e4, toisen pohjasta puuttuu tulppa<br \/>\nHuom: myyd\u00e4\u00e4n settin\u00e4<\/p>\n","protected":false},"excerpt":{"rendered":"<p>Suunnittelija: ei tiedossa Valmistaja: Lomonosov Valmistusvuosi: ei tiedossa Mitat: korkeus 9 cm, leveys 7 cm V\u00e4ri: moniv\u00e4rinen Materiaali: posliini Kunto: k\u00e4ytetty, ehj\u00e4, toisen pohjasta puuttuu tulppa Huom: myyd\u00e4\u00e4n settin\u00e4<\/p>\n","protected":false},"featured_media":36923,"comment_status":"open","ping_status":"closed","template":"","meta":[],"product_brand":[14731],"product_cat":[159,14857,166,14867],"product_tag":[12364,215,703],"class_list":{"0":"post-36922","1":"product","2":"type-product","3":"status-publish","4":"has-post-thumbnail","6":"product_brand-lomonosov","7":"product_cat-kaikki","8":"product_cat-lomonosov","9":"product_cat-astiat-2","10":"product_cat-muut-keittiotarvikkeet","11":"product_tag-kem00479","12":"product_tag-lomonosov","13":"product_tag-maustesirotin","15":"first","16":"outofstock","17":"taxable","18":"shipping-taxable","19":"purchasable","20":"product-type-simple"},"yoast_head":"<!-- This site is optimized with the Yoast SEO plugin v27.1.1 - https:\/\/yoast.com\/product\/yoast-seo-wordpress\/ -->\n<title>LOMONOSOV MAUSTESIROTTIMET 2 KPL - Goodwill-verkkokauppa<\/title>\n<meta name=\"description\" content=\"Suunnittelija: ei tiedossa Valmistaja: Lomonosov Valmistusvuosi: ei tiedossa Mitat: korkeus 9 cm, leveys 7cm V\u00e4ri: moniv\u00e4rinen Materiaali: posliini Kunto: k\u00e4ytetty, ehj\u00e4, pohjasta puuttuu tulpat Huom: myyd\u00e4\u00e4n settin\u00e4\" \/>\n<meta name=\"robots\" content=\"index, follow, max-snippet:-1, max-image-preview:large, max-video-preview:-1\" \/>\n<link rel=\"canonical\" href=\"https:\/\/goodwill.fi\/kauppa\/tuote\/lomonosov-maustesirottimet-2-kpl-6\/\" \/>\n<meta property=\"og:locale\" content=\"fi_FI\" \/>\n<meta property=\"og:type\" content=\"article\" \/>\n<meta property=\"og:title\" content=\"LOMONOSOV MAUSTESIROTTIMET 2 KPL - Goodwill-verkkokauppa\" \/>\n<meta property=\"og:description\" content=\"Suunnittelija: ei tiedossa Valmistaja: Lomonosov Valmistusvuosi: ei tiedossa Mitat: korkeus 9 cm, leveys 7cm V\u00e4ri: moniv\u00e4rinen Materiaali: posliini Kunto: k\u00e4ytetty, ehj\u00e4, pohjasta puuttuu tulpat Huom: myyd\u00e4\u00e4n settin\u00e4\" \/>\n<meta property=\"og:url\" content=\"https:\/\/goodwill.fi\/kauppa\/tuote\/lomonosov-maustesirottimet-2-kpl-6\/\" \/>\n<meta property=\"og:site_name\" content=\"Goodwill-verkkokauppa\" \/>\n<meta property=\"article:modified_time\" content=\"2025-09-14T04:21:19+00:00\" \/>\n<meta property=\"og:image\" content=\"https:\/\/goodwill.fi\/kauppa\/wp-content\/uploads\/2024\/10\/P1040241-1024x1024.jpg\" \/>\n\t<meta property=\"og:image:width\" content=\"1024\" \/>\n\t<meta property=\"og:image:height\" content=\"1024\" \/>\n\t<meta property=\"og:image:type\" content=\"image\/jpeg\" \/>\n<meta name=\"twitter:card\" content=\"summary_large_image\" \/>\n<meta name=\"twitter:label1\" content=\"Arvioitu lukuaika\" \/>\n\t<meta name=\"twitter:data1\" content=\"1 minuutti\" \/>\n<script type=\"application\/ld+json\" class=\"yoast-schema-graph\">{\"@context\":\"https:\/\/schema.org\",\"@graph\":[{\"@type\":\"WebPage\",\"@id\":\"https:\/\/goodwill.fi\/kauppa\/tuote\/lomonosov-maustesirottimet-2-kpl-6\/\",\"url\":\"https:\/\/goodwill.fi\/kauppa\/tuote\/lomonosov-maustesirottimet-2-kpl-6\/\",\"name\":\"LOMONOSOV MAUSTESIROTTIMET 2 KPL - Goodwill-verkkokauppa\",\"isPartOf\":{\"@id\":\"https:\/\/goodwill.fi\/kauppa\/#website\"},\"primaryImageOfPage\":{\"@id\":\"https:\/\/goodwill.fi\/kauppa\/tuote\/lomonosov-maustesirottimet-2-kpl-6\/#primaryimage\"},\"image\":{\"@id\":\"https:\/\/goodwill.fi\/kauppa\/tuote\/lomonosov-maustesirottimet-2-kpl-6\/#primaryimage\"},\"thumbnailUrl\":\"https:\/\/goodwill.fi\/kauppa\/wp-content\/uploads\/2024\/10\/P1040241.jpg\",\"datePublished\":\"2024-10-08T11:26:05+00:00\",\"dateModified\":\"2025-09-14T04:21:19+00:00\",\"description\":\"Suunnittelija: ei tiedossa Valmistaja: Lomonosov Valmistusvuosi: ei tiedossa Mitat: korkeus 9 cm, leveys 7cm V\u00e4ri: moniv\u00e4rinen Materiaali: posliini Kunto: k\u00e4ytetty, ehj\u00e4, pohjasta puuttuu tulpat Huom: myyd\u00e4\u00e4n settin\u00e4\",\"breadcrumb\":{\"@id\":\"https:\/\/goodwill.fi\/kauppa\/tuote\/lomonosov-maustesirottimet-2-kpl-6\/#breadcrumb\"},\"inLanguage\":\"fi\",\"potentialAction\":[{\"@type\":\"ReadAction\",\"target\":[\"https:\/\/goodwill.fi\/kauppa\/tuote\/lomonosov-maustesirottimet-2-kpl-6\/\"]}]},{\"@type\":\"ImageObject\",\"inLanguage\":\"fi\",\"@id\":\"https:\/\/goodwill.fi\/kauppa\/tuote\/lomonosov-maustesirottimet-2-kpl-6\/#primaryimage\",\"url\":\"https:\/\/goodwill.fi\/kauppa\/wp-content\/uploads\/2024\/10\/P1040241.jpg\",\"contentUrl\":\"https:\/\/goodwill.fi\/kauppa\/wp-content\/uploads\/2024\/10\/P1040241.jpg\",\"width\":2500,\"height\":2500},{\"@type\":\"BreadcrumbList\",\"@id\":\"https:\/\/goodwill.fi\/kauppa\/tuote\/lomonosov-maustesirottimet-2-kpl-6\/#breadcrumb\",\"itemListElement\":[{\"@type\":\"ListItem\",\"position\":1,\"name\":\"Home\",\"item\":\"https:\/\/goodwill.fi\/kauppa\/\"},{\"@type\":\"ListItem\",\"position\":2,\"name\":\"Shop\",\"item\":\"https:\/\/goodwill.fi\/kauppa\/shop\/\"},{\"@type\":\"ListItem\",\"position\":3,\"name\":\"LOMONOSOV MAUSTESIROTTIMET 2 KPL\"}]},{\"@type\":\"WebSite\",\"@id\":\"https:\/\/goodwill.fi\/kauppa\/#website\",\"url\":\"https:\/\/goodwill.fi\/kauppa\/\",\"name\":\"Goodwill-verkkokauppa\",\"description\":\"Kierr\u00e4tysmyym\u00e4l\u00e4 verkossa\",\"publisher\":{\"@id\":\"https:\/\/goodwill.fi\/kauppa\/#organization\"},\"potentialAction\":[{\"@type\":\"SearchAction\",\"target\":{\"@type\":\"EntryPoint\",\"urlTemplate\":\"https:\/\/goodwill.fi\/kauppa\/?s={search_term_string}\"},\"query-input\":{\"@type\":\"PropertyValueSpecification\",\"valueRequired\":true,\"valueName\":\"search_term_string\"}}],\"inLanguage\":\"fi\"},{\"@type\":\"Organization\",\"@id\":\"https:\/\/goodwill.fi\/kauppa\/#organization\",\"name\":\"Goodwill-verkkokauppa\",\"url\":\"https:\/\/goodwill.fi\/kauppa\/\",\"logo\":{\"@type\":\"ImageObject\",\"inLanguage\":\"fi\",\"@id\":\"https:\/\/goodwill.fi\/kauppa\/#\/schema\/logo\/image\/\",\"url\":\"https:\/\/goodwill.fi\/kauppa\/wp-content\/uploads\/2021\/02\/cropped-logo_gw_store-723x211-1.png\",\"contentUrl\":\"https:\/\/goodwill.fi\/kauppa\/wp-content\/uploads\/2021\/02\/cropped-logo_gw_store-723x211-1.png\",\"width\":723,\"height\":207,\"caption\":\"Goodwill-verkkokauppa\"},\"image\":{\"@id\":\"https:\/\/goodwill.fi\/kauppa\/#\/schema\/logo\/image\/\"}}]}<\/script>\n<!-- \/ Yoast SEO plugin. -->","yoast_head_json":{"title":"LOMONOSOV MAUSTESIROTTIMET 2 KPL - Goodwill-verkkokauppa","description":"Suunnittelija: ei tiedossa Valmistaja: Lomonosov Valmistusvuosi: ei tiedossa Mitat: korkeus 9 cm, leveys 7cm V\u00e4ri: moniv\u00e4rinen Materiaali: posliini Kunto: k\u00e4ytetty, ehj\u00e4, pohjasta puuttuu tulpat Huom: myyd\u00e4\u00e4n settin\u00e4","robots":{"index":"index","follow":"follow","max-snippet":"max-snippet:-1","max-image-preview":"max-image-preview:large","max-video-preview":"max-video-preview:-1"},"canonical":"https:\/\/goodwill.fi\/kauppa\/tuote\/lomonosov-maustesirottimet-2-kpl-6\/","og_locale":"fi_FI","og_type":"article","og_title":"LOMONOSOV MAUSTESIROTTIMET 2 KPL - Goodwill-verkkokauppa","og_description":"Suunnittelija: ei tiedossa Valmistaja: Lomonosov Valmistusvuosi: ei tiedossa Mitat: korkeus 9 cm, leveys 7cm V\u00e4ri: moniv\u00e4rinen Materiaali: posliini Kunto: k\u00e4ytetty, ehj\u00e4, pohjasta puuttuu tulpat Huom: myyd\u00e4\u00e4n settin\u00e4","og_url":"https:\/\/goodwill.fi\/kauppa\/tuote\/lomonosov-maustesirottimet-2-kpl-6\/","og_site_name":"Goodwill-verkkokauppa","article_modified_time":"2025-09-14T04:21:19+00:00","og_image":[{"width":1024,"height":1024,"url":"https:\/\/goodwill.fi\/kauppa\/wp-content\/uploads\/2024\/10\/P1040241-1024x1024.jpg","type":"image\/jpeg"}],"twitter_card":"summary_large_image","twitter_misc":{"Arvioitu lukuaika":"1 minuutti"},"schema":{"@context":"https:\/\/schema.org","@graph":[{"@type":"WebPage","@id":"https:\/\/goodwill.fi\/kauppa\/tuote\/lomonosov-maustesirottimet-2-kpl-6\/","url":"https:\/\/goodwill.fi\/kauppa\/tuote\/lomonosov-maustesirottimet-2-kpl-6\/","name":"LOMONOSOV MAUSTESIROTTIMET 2 KPL - Goodwill-verkkokauppa","isPartOf":{"@id":"https:\/\/goodwill.fi\/kauppa\/#website"},"primaryImageOfPage":{"@id":"https:\/\/goodwill.fi\/kauppa\/tuote\/lomonosov-maustesirottimet-2-kpl-6\/#primaryimage"},"image":{"@id":"https:\/\/goodwill.fi\/kauppa\/tuote\/lomonosov-maustesirottimet-2-kpl-6\/#primaryimage"},"thumbnailUrl":"https:\/\/goodwill.fi\/kauppa\/wp-content\/uploads\/2024\/10\/P1040241.jpg","datePublished":"2024-10-08T11:26:05+00:00","dateModified":"2025-09-14T04:21:19+00:00","description":"Suunnittelija: ei tiedossa Valmistaja: Lomonosov Valmistusvuosi: ei tiedossa Mitat: korkeus 9 cm, leveys 7cm V\u00e4ri: moniv\u00e4rinen Materiaali: posliini Kunto: k\u00e4ytetty, ehj\u00e4, pohjasta puuttuu tulpat Huom: myyd\u00e4\u00e4n settin\u00e4","breadcrumb":{"@id":"https:\/\/goodwill.fi\/kauppa\/tuote\/lomonosov-maustesirottimet-2-kpl-6\/#breadcrumb"},"inLanguage":"fi","potentialAction":[{"@type":"ReadAction","target":["https:\/\/goodwill.fi\/kauppa\/tuote\/lomonosov-maustesirottimet-2-kpl-6\/"]}]},{"@type":"ImageObject","inLanguage":"fi","@id":"https:\/\/goodwill.fi\/kauppa\/tuote\/lomonosov-maustesirottimet-2-kpl-6\/#primaryimage","url":"https:\/\/goodwill.fi\/kauppa\/wp-content\/uploads\/2024\/10\/P1040241.jpg","contentUrl":"https:\/\/goodwill.fi\/kauppa\/wp-content\/uploads\/2024\/10\/P1040241.jpg","width":2500,"height":2500},{"@type":"BreadcrumbList","@id":"https:\/\/goodwill.fi\/kauppa\/tuote\/lomonosov-maustesirottimet-2-kpl-6\/#breadcrumb","itemListElement":[{"@type":"ListItem","position":1,"name":"Home","item":"https:\/\/goodwill.fi\/kauppa\/"},{"@type":"ListItem","position":2,"name":"Shop","item":"https:\/\/goodwill.fi\/kauppa\/shop\/"},{"@type":"ListItem","position":3,"name":"LOMONOSOV MAUSTESIROTTIMET 2 KPL"}]},{"@type":"WebSite","@id":"https:\/\/goodwill.fi\/kauppa\/#website","url":"https:\/\/goodwill.fi\/kauppa\/","name":"Goodwill-verkkokauppa","description":"Kierr\u00e4tysmyym\u00e4l\u00e4 verkossa","publisher":{"@id":"https:\/\/goodwill.fi\/kauppa\/#organization"},"potentialAction":[{"@type":"SearchAction","target":{"@type":"EntryPoint","urlTemplate":"https:\/\/goodwill.fi\/kauppa\/?s={search_term_string}"},"query-input":{"@type":"PropertyValueSpecification","valueRequired":true,"valueName":"search_term_string"}}],"inLanguage":"fi"},{"@type":"Organization","@id":"https:\/\/goodwill.fi\/kauppa\/#organization","name":"Goodwill-verkkokauppa","url":"https:\/\/goodwill.fi\/kauppa\/","logo":{"@type":"ImageObject","inLanguage":"fi","@id":"https:\/\/goodwill.fi\/kauppa\/#\/schema\/logo\/image\/","url":"https:\/\/goodwill.fi\/kauppa\/wp-content\/uploads\/2021\/02\/cropped-logo_gw_store-723x211-1.png","contentUrl":"https:\/\/goodwill.fi\/kauppa\/wp-content\/uploads\/2021\/02\/cropped-logo_gw_store-723x211-1.png","width":723,"height":207,"caption":"Goodwill-verkkokauppa"},"image":{"@id":"https:\/\/goodwill.fi\/kauppa\/#\/schema\/logo\/image\/"}}]}},"_links":{"self":[{"href":"https:\/\/goodwill.fi\/kauppa\/wp-json\/wp\/v2\/product\/36922","targetHints":{"allow":["GET"]}}],"collection":[{"href":"https:\/\/goodwill.fi\/kauppa\/wp-json\/wp\/v2\/product"}],"about":[{"href":"https:\/\/goodwill.fi\/kauppa\/wp-json\/wp\/v2\/types\/product"}],"replies":[{"embeddable":true,"href":"https:\/\/goodwill.fi\/kauppa\/wp-json\/wp\/v2\/comments?post=36922"}],"wp:featuredmedia":[{"embeddable":true,"href":"https:\/\/goodwill.fi\/kauppa\/wp-json\/wp\/v2\/media\/36923"}],"wp:attachment":[{"href":"https:\/\/goodwill.fi\/kauppa\/wp-json\/wp\/v2\/media?parent=36922"}],"wp:term":[{"taxonomy":"product_brand","embeddable":true,"href":"https:\/\/goodwill.fi\/kauppa\/wp-json\/wp\/v2\/product_brand?post=36922"},{"taxonomy":"product_cat","embeddable":true,"href":"https:\/\/goodwill.fi\/kauppa\/wp-json\/wp\/v2\/product_cat?post=36922"},{"taxonomy":"product_tag","embeddable":true,"href":"https:\/\/goodwill.fi\/kauppa\/wp-json\/wp\/v2\/product_tag?post=36922"}],"curies":[{"name":"wp","href":"https:\/\/api.w.org\/{rel}","templated":true}]}}