{"id":36502,"date":"2024-10-03T13:07:19","date_gmt":"2024-10-03T10:07:19","guid":{"rendered":"https:\/\/goodwill.fi\/kauppa\/?post_type=product&#038;p=36502"},"modified":"2025-12-11T12:36:29","modified_gmt":"2025-12-11T10:36:29","slug":"kemi-vuosilautanen-kemin-kirkko","status":"publish","type":"product","link":"https:\/\/goodwill.fi\/kauppa\/tuote\/kemi-vuosilautanen-kemin-kirkko\/","title":{"rendered":"KEMI VUOSILAUTANEN KEMIN KIRKKO"},"content":{"rendered":"<p>Kemin vuosilautanen 1994, Kemin kirkko. 600 kpl painos.<\/p>\n<p>Valmistaja: Arabia<br \/>\nMaalannut: Sulo Skants<br \/>\nValmistusvuosi: 1994<br \/>\nMitat: halkaisija 19.5 cm, paino 415 g<br \/>\nKunto: ehj\u00e4, alkuper\u00e4isess\u00e4 pakkauksessa<\/p>\n","protected":false},"excerpt":{"rendered":"<p>Kemin vuosilautanen 1994, Kemin kirkko. 600 kpl painos. Valmistaja: Arabia Maalannut: Sulo Skants Valmistusvuosi: 1994 Mitat: halkaisija 19.5 cm, paino 415 g Kunto: ehj\u00e4, alkuper\u00e4isess\u00e4 pakkauksessa<\/p>\n","protected":false},"featured_media":36503,"comment_status":"open","ping_status":"closed","template":"","meta":[],"product_brand":[14734],"product_cat":[159,14855,146,154,14875],"product_tag":[206,12280,9435,221,12281],"class_list":{"0":"post-36502","1":"product","2":"type-product","3":"status-publish","4":"has-post-thumbnail","6":"product_brand-arabia","7":"product_cat-kaikki","8":"product_cat-arabia","9":"product_cat-koti-2","10":"product_cat-sisustus-2","11":"product_cat-koristelautaset","12":"product_tag-arabia","13":"product_tag-kem00469","14":"product_tag-kemi","15":"product_tag-seinalautanen","16":"product_tag-sulo-skants","18":"first","19":"instock","20":"taxable","21":"shipping-taxable","22":"purchasable","23":"product-type-simple"},"yoast_head":"<!-- This site is optimized with the Yoast SEO plugin v27.1.1 - https:\/\/yoast.com\/product\/yoast-seo-wordpress\/ -->\n<title>KEMI VUOSILAUTANEN KEMIN KIRKKO - Goodwill-verkkokauppa<\/title>\n<meta name=\"description\" content=\"Kemin vuosilautanen 1994, Kemin kirkko. 600 kpl painos. Valmistaja: Arabia Maalannut: Sulo Skants Valmistusvuosi: 1994 Mitat: halkaisija 19.5 cm, paino 415 g Kunto: ehj\u00e4, alkuper\u00e4isess\u00e4 pakkauksessa\" \/>\n<meta name=\"robots\" content=\"index, follow, max-snippet:-1, max-image-preview:large, max-video-preview:-1\" \/>\n<link rel=\"canonical\" href=\"https:\/\/goodwill.fi\/kauppa\/tuote\/kemi-vuosilautanen-kemin-kirkko\/\" \/>\n<meta property=\"og:locale\" content=\"fi_FI\" \/>\n<meta property=\"og:type\" content=\"article\" \/>\n<meta property=\"og:title\" content=\"KEMI VUOSILAUTANEN KEMIN KIRKKO - Goodwill-verkkokauppa\" \/>\n<meta property=\"og:description\" content=\"Kemin vuosilautanen 1994, Kemin kirkko. 600 kpl painos. Valmistaja: Arabia Maalannut: Sulo Skants Valmistusvuosi: 1994 Mitat: halkaisija 19.5 cm, paino 415 g Kunto: ehj\u00e4, alkuper\u00e4isess\u00e4 pakkauksessa\" \/>\n<meta property=\"og:url\" content=\"https:\/\/goodwill.fi\/kauppa\/tuote\/kemi-vuosilautanen-kemin-kirkko\/\" \/>\n<meta property=\"og:site_name\" content=\"Goodwill-verkkokauppa\" \/>\n<meta property=\"article:modified_time\" content=\"2025-12-11T10:36:29+00:00\" \/>\n<meta property=\"og:image\" content=\"https:\/\/goodwill.fi\/kauppa\/wp-content\/uploads\/2024\/10\/P1040209-1024x1024.jpg\" \/>\n\t<meta property=\"og:image:width\" content=\"1024\" \/>\n\t<meta property=\"og:image:height\" content=\"1024\" \/>\n\t<meta property=\"og:image:type\" content=\"image\/jpeg\" \/>\n<meta name=\"twitter:card\" content=\"summary_large_image\" \/>\n<meta name=\"twitter:label1\" content=\"Arvioitu lukuaika\" \/>\n\t<meta name=\"twitter:data1\" content=\"1 minuutti\" \/>\n<script type=\"application\/ld+json\" class=\"yoast-schema-graph\">{\"@context\":\"https:\/\/schema.org\",\"@graph\":[{\"@type\":\"WebPage\",\"@id\":\"https:\/\/goodwill.fi\/kauppa\/tuote\/kemi-vuosilautanen-kemin-kirkko\/\",\"url\":\"https:\/\/goodwill.fi\/kauppa\/tuote\/kemi-vuosilautanen-kemin-kirkko\/\",\"name\":\"KEMI VUOSILAUTANEN KEMIN KIRKKO - Goodwill-verkkokauppa\",\"isPartOf\":{\"@id\":\"https:\/\/goodwill.fi\/kauppa\/#website\"},\"primaryImageOfPage\":{\"@id\":\"https:\/\/goodwill.fi\/kauppa\/tuote\/kemi-vuosilautanen-kemin-kirkko\/#primaryimage\"},\"image\":{\"@id\":\"https:\/\/goodwill.fi\/kauppa\/tuote\/kemi-vuosilautanen-kemin-kirkko\/#primaryimage\"},\"thumbnailUrl\":\"https:\/\/goodwill.fi\/kauppa\/wp-content\/uploads\/2024\/10\/P1040209.jpg\",\"datePublished\":\"2024-10-03T10:07:19+00:00\",\"dateModified\":\"2025-12-11T10:36:29+00:00\",\"description\":\"Kemin vuosilautanen 1994, Kemin kirkko. 600 kpl painos. Valmistaja: Arabia Maalannut: Sulo Skants Valmistusvuosi: 1994 Mitat: halkaisija 19.5 cm, paino 415 g Kunto: ehj\u00e4, alkuper\u00e4isess\u00e4 pakkauksessa\",\"breadcrumb\":{\"@id\":\"https:\/\/goodwill.fi\/kauppa\/tuote\/kemi-vuosilautanen-kemin-kirkko\/#breadcrumb\"},\"inLanguage\":\"fi\",\"potentialAction\":[{\"@type\":\"ReadAction\",\"target\":[\"https:\/\/goodwill.fi\/kauppa\/tuote\/kemi-vuosilautanen-kemin-kirkko\/\"]}]},{\"@type\":\"ImageObject\",\"inLanguage\":\"fi\",\"@id\":\"https:\/\/goodwill.fi\/kauppa\/tuote\/kemi-vuosilautanen-kemin-kirkko\/#primaryimage\",\"url\":\"https:\/\/goodwill.fi\/kauppa\/wp-content\/uploads\/2024\/10\/P1040209.jpg\",\"contentUrl\":\"https:\/\/goodwill.fi\/kauppa\/wp-content\/uploads\/2024\/10\/P1040209.jpg\",\"width\":2500,\"height\":2500},{\"@type\":\"BreadcrumbList\",\"@id\":\"https:\/\/goodwill.fi\/kauppa\/tuote\/kemi-vuosilautanen-kemin-kirkko\/#breadcrumb\",\"itemListElement\":[{\"@type\":\"ListItem\",\"position\":1,\"name\":\"Home\",\"item\":\"https:\/\/goodwill.fi\/kauppa\/\"},{\"@type\":\"ListItem\",\"position\":2,\"name\":\"Shop\",\"item\":\"https:\/\/goodwill.fi\/kauppa\/shop\/\"},{\"@type\":\"ListItem\",\"position\":3,\"name\":\"KEMI VUOSILAUTANEN KEMIN KIRKKO\"}]},{\"@type\":\"WebSite\",\"@id\":\"https:\/\/goodwill.fi\/kauppa\/#website\",\"url\":\"https:\/\/goodwill.fi\/kauppa\/\",\"name\":\"Goodwill-verkkokauppa\",\"description\":\"Kierr\u00e4tysmyym\u00e4l\u00e4 verkossa\",\"publisher\":{\"@id\":\"https:\/\/goodwill.fi\/kauppa\/#organization\"},\"potentialAction\":[{\"@type\":\"SearchAction\",\"target\":{\"@type\":\"EntryPoint\",\"urlTemplate\":\"https:\/\/goodwill.fi\/kauppa\/?s={search_term_string}\"},\"query-input\":{\"@type\":\"PropertyValueSpecification\",\"valueRequired\":true,\"valueName\":\"search_term_string\"}}],\"inLanguage\":\"fi\"},{\"@type\":\"Organization\",\"@id\":\"https:\/\/goodwill.fi\/kauppa\/#organization\",\"name\":\"Goodwill-verkkokauppa\",\"url\":\"https:\/\/goodwill.fi\/kauppa\/\",\"logo\":{\"@type\":\"ImageObject\",\"inLanguage\":\"fi\",\"@id\":\"https:\/\/goodwill.fi\/kauppa\/#\/schema\/logo\/image\/\",\"url\":\"https:\/\/goodwill.fi\/kauppa\/wp-content\/uploads\/2021\/02\/cropped-logo_gw_store-723x211-1.png\",\"contentUrl\":\"https:\/\/goodwill.fi\/kauppa\/wp-content\/uploads\/2021\/02\/cropped-logo_gw_store-723x211-1.png\",\"width\":723,\"height\":207,\"caption\":\"Goodwill-verkkokauppa\"},\"image\":{\"@id\":\"https:\/\/goodwill.fi\/kauppa\/#\/schema\/logo\/image\/\"}}]}<\/script>\n<!-- \/ Yoast SEO plugin. -->","yoast_head_json":{"title":"KEMI VUOSILAUTANEN KEMIN KIRKKO - Goodwill-verkkokauppa","description":"Kemin vuosilautanen 1994, Kemin kirkko. 600 kpl painos. Valmistaja: Arabia Maalannut: Sulo Skants Valmistusvuosi: 1994 Mitat: halkaisija 19.5 cm, paino 415 g Kunto: ehj\u00e4, alkuper\u00e4isess\u00e4 pakkauksessa","robots":{"index":"index","follow":"follow","max-snippet":"max-snippet:-1","max-image-preview":"max-image-preview:large","max-video-preview":"max-video-preview:-1"},"canonical":"https:\/\/goodwill.fi\/kauppa\/tuote\/kemi-vuosilautanen-kemin-kirkko\/","og_locale":"fi_FI","og_type":"article","og_title":"KEMI VUOSILAUTANEN KEMIN KIRKKO - Goodwill-verkkokauppa","og_description":"Kemin vuosilautanen 1994, Kemin kirkko. 600 kpl painos. Valmistaja: Arabia Maalannut: Sulo Skants Valmistusvuosi: 1994 Mitat: halkaisija 19.5 cm, paino 415 g Kunto: ehj\u00e4, alkuper\u00e4isess\u00e4 pakkauksessa","og_url":"https:\/\/goodwill.fi\/kauppa\/tuote\/kemi-vuosilautanen-kemin-kirkko\/","og_site_name":"Goodwill-verkkokauppa","article_modified_time":"2025-12-11T10:36:29+00:00","og_image":[{"width":1024,"height":1024,"url":"https:\/\/goodwill.fi\/kauppa\/wp-content\/uploads\/2024\/10\/P1040209-1024x1024.jpg","type":"image\/jpeg"}],"twitter_card":"summary_large_image","twitter_misc":{"Arvioitu lukuaika":"1 minuutti"},"schema":{"@context":"https:\/\/schema.org","@graph":[{"@type":"WebPage","@id":"https:\/\/goodwill.fi\/kauppa\/tuote\/kemi-vuosilautanen-kemin-kirkko\/","url":"https:\/\/goodwill.fi\/kauppa\/tuote\/kemi-vuosilautanen-kemin-kirkko\/","name":"KEMI VUOSILAUTANEN KEMIN KIRKKO - Goodwill-verkkokauppa","isPartOf":{"@id":"https:\/\/goodwill.fi\/kauppa\/#website"},"primaryImageOfPage":{"@id":"https:\/\/goodwill.fi\/kauppa\/tuote\/kemi-vuosilautanen-kemin-kirkko\/#primaryimage"},"image":{"@id":"https:\/\/goodwill.fi\/kauppa\/tuote\/kemi-vuosilautanen-kemin-kirkko\/#primaryimage"},"thumbnailUrl":"https:\/\/goodwill.fi\/kauppa\/wp-content\/uploads\/2024\/10\/P1040209.jpg","datePublished":"2024-10-03T10:07:19+00:00","dateModified":"2025-12-11T10:36:29+00:00","description":"Kemin vuosilautanen 1994, Kemin kirkko. 600 kpl painos. Valmistaja: Arabia Maalannut: Sulo Skants Valmistusvuosi: 1994 Mitat: halkaisija 19.5 cm, paino 415 g Kunto: ehj\u00e4, alkuper\u00e4isess\u00e4 pakkauksessa","breadcrumb":{"@id":"https:\/\/goodwill.fi\/kauppa\/tuote\/kemi-vuosilautanen-kemin-kirkko\/#breadcrumb"},"inLanguage":"fi","potentialAction":[{"@type":"ReadAction","target":["https:\/\/goodwill.fi\/kauppa\/tuote\/kemi-vuosilautanen-kemin-kirkko\/"]}]},{"@type":"ImageObject","inLanguage":"fi","@id":"https:\/\/goodwill.fi\/kauppa\/tuote\/kemi-vuosilautanen-kemin-kirkko\/#primaryimage","url":"https:\/\/goodwill.fi\/kauppa\/wp-content\/uploads\/2024\/10\/P1040209.jpg","contentUrl":"https:\/\/goodwill.fi\/kauppa\/wp-content\/uploads\/2024\/10\/P1040209.jpg","width":2500,"height":2500},{"@type":"BreadcrumbList","@id":"https:\/\/goodwill.fi\/kauppa\/tuote\/kemi-vuosilautanen-kemin-kirkko\/#breadcrumb","itemListElement":[{"@type":"ListItem","position":1,"name":"Home","item":"https:\/\/goodwill.fi\/kauppa\/"},{"@type":"ListItem","position":2,"name":"Shop","item":"https:\/\/goodwill.fi\/kauppa\/shop\/"},{"@type":"ListItem","position":3,"name":"KEMI VUOSILAUTANEN KEMIN KIRKKO"}]},{"@type":"WebSite","@id":"https:\/\/goodwill.fi\/kauppa\/#website","url":"https:\/\/goodwill.fi\/kauppa\/","name":"Goodwill-verkkokauppa","description":"Kierr\u00e4tysmyym\u00e4l\u00e4 verkossa","publisher":{"@id":"https:\/\/goodwill.fi\/kauppa\/#organization"},"potentialAction":[{"@type":"SearchAction","target":{"@type":"EntryPoint","urlTemplate":"https:\/\/goodwill.fi\/kauppa\/?s={search_term_string}"},"query-input":{"@type":"PropertyValueSpecification","valueRequired":true,"valueName":"search_term_string"}}],"inLanguage":"fi"},{"@type":"Organization","@id":"https:\/\/goodwill.fi\/kauppa\/#organization","name":"Goodwill-verkkokauppa","url":"https:\/\/goodwill.fi\/kauppa\/","logo":{"@type":"ImageObject","inLanguage":"fi","@id":"https:\/\/goodwill.fi\/kauppa\/#\/schema\/logo\/image\/","url":"https:\/\/goodwill.fi\/kauppa\/wp-content\/uploads\/2021\/02\/cropped-logo_gw_store-723x211-1.png","contentUrl":"https:\/\/goodwill.fi\/kauppa\/wp-content\/uploads\/2021\/02\/cropped-logo_gw_store-723x211-1.png","width":723,"height":207,"caption":"Goodwill-verkkokauppa"},"image":{"@id":"https:\/\/goodwill.fi\/kauppa\/#\/schema\/logo\/image\/"}}]}},"_links":{"self":[{"href":"https:\/\/goodwill.fi\/kauppa\/wp-json\/wp\/v2\/product\/36502","targetHints":{"allow":["GET"]}}],"collection":[{"href":"https:\/\/goodwill.fi\/kauppa\/wp-json\/wp\/v2\/product"}],"about":[{"href":"https:\/\/goodwill.fi\/kauppa\/wp-json\/wp\/v2\/types\/product"}],"replies":[{"embeddable":true,"href":"https:\/\/goodwill.fi\/kauppa\/wp-json\/wp\/v2\/comments?post=36502"}],"wp:featuredmedia":[{"embeddable":true,"href":"https:\/\/goodwill.fi\/kauppa\/wp-json\/wp\/v2\/media\/36503"}],"wp:attachment":[{"href":"https:\/\/goodwill.fi\/kauppa\/wp-json\/wp\/v2\/media?parent=36502"}],"wp:term":[{"taxonomy":"product_brand","embeddable":true,"href":"https:\/\/goodwill.fi\/kauppa\/wp-json\/wp\/v2\/product_brand?post=36502"},{"taxonomy":"product_cat","embeddable":true,"href":"https:\/\/goodwill.fi\/kauppa\/wp-json\/wp\/v2\/product_cat?post=36502"},{"taxonomy":"product_tag","embeddable":true,"href":"https:\/\/goodwill.fi\/kauppa\/wp-json\/wp\/v2\/product_tag?post=36502"}],"curies":[{"name":"wp","href":"https:\/\/api.w.org\/{rel}","templated":true}]}}