{"id":35785,"date":"2026-02-20T08:00:50","date_gmt":"2026-02-20T06:00:50","guid":{"rendered":"https:\/\/goodwill.fi\/kauppa\/?post_type=product&#038;p=35785"},"modified":"2026-03-13T09:38:41","modified_gmt":"2026-03-13T07:38:41","slug":"aino-villakangastakki","status":"publish","type":"product","link":"https:\/\/goodwill.fi\/kauppa\/tuote\/aino-villakangastakki\/","title":{"rendered":"AINO VILLAKANGASTAKKI"},"content":{"rendered":"<p>Upean ruskea Aino takki syksyn viileneviin keleihin. Takissa syv\u00e4t ulkotaskut ja pieni povitasku.<\/p>\n<p>Valmistaja: Aino<br \/>\nKoko: L<br \/>\nV\u00e4ri: ruskea, valkoinen<br \/>\nMateriaali: 65% villa, 35% polyesteri, vuori 100% asetaatti<br \/>\nKunto: ehj\u00e4, k\u00e4ytetty, ylin nappi hieman kulunut, vuoressa paperisen tarran j\u00e4\u00e4mi\u00e4<\/p>\n","protected":false},"excerpt":{"rendered":"<p>Upean ruskea Aino takki syksyn viileneviin keleihin. Takissa syv\u00e4t ulkotaskut ja pieni povitasku. Valmistaja: Aino Koko: L V\u00e4ri: ruskea, valkoinen Materiaali: 65% villa, 35% polyesteri, vuori 100% asetaatti Kunto: ehj\u00e4, k\u00e4ytetty, ylin nappi hieman kulunut, vuoressa paperisen tarran j\u00e4\u00e4mi\u00e4<\/p>\n","protected":false},"featured_media":35786,"comment_status":"open","ping_status":"closed","template":"","meta":[],"product_brand":[],"product_cat":[159,176,6182],"product_tag":[1024,359,7325,4880,7341,3305,5094],"class_list":{"0":"post-35785","1":"product","2":"type-product","3":"status-publish","4":"has-post-thumbnail","6":"product_cat-kaikki","7":"product_cat-asusteet-2","8":"product_cat-takit","9":"product_tag-aino","10":"product_tag-ruskea","11":"product_tag-syystakki","12":"product_tag-takki","13":"product_tag-talvitakki","14":"product_tag-villa","15":"product_tag-villakangastakki","17":"first","18":"outofstock","19":"taxable","20":"shipping-taxable","21":"purchasable","22":"product-type-simple"},"yoast_head":"<!-- This site is optimized with the Yoast SEO plugin v27.1.1 - https:\/\/yoast.com\/product\/yoast-seo-wordpress\/ -->\n<title>AINO VILLAKANGASTAKKI - Goodwill-verkkokauppa<\/title>\n<meta name=\"description\" content=\"Upean ruskea Aino takki syksyn viileneviin keleihin. Takissa syv\u00e4t ulkotaskut ja pieni povitasku. Valmistaja: Aino Koko: L V\u00e4ri: ruskea, valkoinen\" \/>\n<meta name=\"robots\" content=\"index, follow, max-snippet:-1, max-image-preview:large, max-video-preview:-1\" \/>\n<link rel=\"canonical\" href=\"https:\/\/goodwill.fi\/kauppa\/tuote\/aino-villakangastakki\/\" \/>\n<meta property=\"og:locale\" content=\"fi_FI\" \/>\n<meta property=\"og:type\" content=\"article\" \/>\n<meta property=\"og:title\" content=\"AINO VILLAKANGASTAKKI - Goodwill-verkkokauppa\" \/>\n<meta property=\"og:description\" content=\"Upean ruskea Aino takki syksyn viileneviin keleihin. Takissa syv\u00e4t ulkotaskut ja pieni povitasku. Valmistaja: Aino Koko: L V\u00e4ri: ruskea, valkoinen\" \/>\n<meta property=\"og:url\" content=\"https:\/\/goodwill.fi\/kauppa\/tuote\/aino-villakangastakki\/\" \/>\n<meta property=\"og:site_name\" content=\"Goodwill-verkkokauppa\" \/>\n<meta property=\"article:modified_time\" content=\"2026-03-13T07:38:41+00:00\" \/>\n<meta property=\"og:image\" content=\"https:\/\/goodwill.fi\/kauppa\/wp-content\/uploads\/2024\/09\/IMG_4429-scaled-e1727244766567.jpg\" \/>\n\t<meta property=\"og:image:width\" content=\"1057\" \/>\n\t<meta property=\"og:image:height\" content=\"1369\" \/>\n\t<meta property=\"og:image:type\" content=\"image\/jpeg\" \/>\n<meta name=\"twitter:card\" content=\"summary_large_image\" \/>\n<meta name=\"twitter:label1\" content=\"Arvioitu lukuaika\" \/>\n\t<meta name=\"twitter:data1\" content=\"1 minuutti\" \/>\n<script type=\"application\/ld+json\" class=\"yoast-schema-graph\">{\"@context\":\"https:\/\/schema.org\",\"@graph\":[{\"@type\":\"WebPage\",\"@id\":\"https:\/\/goodwill.fi\/kauppa\/tuote\/aino-villakangastakki\/\",\"url\":\"https:\/\/goodwill.fi\/kauppa\/tuote\/aino-villakangastakki\/\",\"name\":\"AINO VILLAKANGASTAKKI - Goodwill-verkkokauppa\",\"isPartOf\":{\"@id\":\"https:\/\/goodwill.fi\/kauppa\/#website\"},\"primaryImageOfPage\":{\"@id\":\"https:\/\/goodwill.fi\/kauppa\/tuote\/aino-villakangastakki\/#primaryimage\"},\"image\":{\"@id\":\"https:\/\/goodwill.fi\/kauppa\/tuote\/aino-villakangastakki\/#primaryimage\"},\"thumbnailUrl\":\"https:\/\/goodwill.fi\/kauppa\/wp-content\/uploads\/2024\/09\/IMG_4429-scaled-e1727244766567.jpg\",\"datePublished\":\"2026-02-20T06:00:50+00:00\",\"dateModified\":\"2026-03-13T07:38:41+00:00\",\"description\":\"Upean ruskea Aino takki syksyn viileneviin keleihin. Takissa syv\u00e4t ulkotaskut ja pieni povitasku. Valmistaja: Aino Koko: L V\u00e4ri: ruskea, valkoinen\",\"breadcrumb\":{\"@id\":\"https:\/\/goodwill.fi\/kauppa\/tuote\/aino-villakangastakki\/#breadcrumb\"},\"inLanguage\":\"fi\",\"potentialAction\":[{\"@type\":\"ReadAction\",\"target\":[\"https:\/\/goodwill.fi\/kauppa\/tuote\/aino-villakangastakki\/\"]}]},{\"@type\":\"ImageObject\",\"inLanguage\":\"fi\",\"@id\":\"https:\/\/goodwill.fi\/kauppa\/tuote\/aino-villakangastakki\/#primaryimage\",\"url\":\"https:\/\/goodwill.fi\/kauppa\/wp-content\/uploads\/2024\/09\/IMG_4429-scaled-e1727244766567.jpg\",\"contentUrl\":\"https:\/\/goodwill.fi\/kauppa\/wp-content\/uploads\/2024\/09\/IMG_4429-scaled-e1727244766567.jpg\",\"width\":1057,\"height\":1369},{\"@type\":\"BreadcrumbList\",\"@id\":\"https:\/\/goodwill.fi\/kauppa\/tuote\/aino-villakangastakki\/#breadcrumb\",\"itemListElement\":[{\"@type\":\"ListItem\",\"position\":1,\"name\":\"Home\",\"item\":\"https:\/\/goodwill.fi\/kauppa\/\"},{\"@type\":\"ListItem\",\"position\":2,\"name\":\"Shop\",\"item\":\"https:\/\/goodwill.fi\/kauppa\/shop\/\"},{\"@type\":\"ListItem\",\"position\":3,\"name\":\"AINO VILLAKANGASTAKKI\"}]},{\"@type\":\"WebSite\",\"@id\":\"https:\/\/goodwill.fi\/kauppa\/#website\",\"url\":\"https:\/\/goodwill.fi\/kauppa\/\",\"name\":\"Goodwill-verkkokauppa\",\"description\":\"Kierr\u00e4tysmyym\u00e4l\u00e4 verkossa\",\"publisher\":{\"@id\":\"https:\/\/goodwill.fi\/kauppa\/#organization\"},\"potentialAction\":[{\"@type\":\"SearchAction\",\"target\":{\"@type\":\"EntryPoint\",\"urlTemplate\":\"https:\/\/goodwill.fi\/kauppa\/?s={search_term_string}\"},\"query-input\":{\"@type\":\"PropertyValueSpecification\",\"valueRequired\":true,\"valueName\":\"search_term_string\"}}],\"inLanguage\":\"fi\"},{\"@type\":\"Organization\",\"@id\":\"https:\/\/goodwill.fi\/kauppa\/#organization\",\"name\":\"Goodwill-verkkokauppa\",\"url\":\"https:\/\/goodwill.fi\/kauppa\/\",\"logo\":{\"@type\":\"ImageObject\",\"inLanguage\":\"fi\",\"@id\":\"https:\/\/goodwill.fi\/kauppa\/#\/schema\/logo\/image\/\",\"url\":\"https:\/\/goodwill.fi\/kauppa\/wp-content\/uploads\/2021\/02\/cropped-logo_gw_store-723x211-1.png\",\"contentUrl\":\"https:\/\/goodwill.fi\/kauppa\/wp-content\/uploads\/2021\/02\/cropped-logo_gw_store-723x211-1.png\",\"width\":723,\"height\":207,\"caption\":\"Goodwill-verkkokauppa\"},\"image\":{\"@id\":\"https:\/\/goodwill.fi\/kauppa\/#\/schema\/logo\/image\/\"}}]}<\/script>\n<!-- \/ Yoast SEO plugin. -->","yoast_head_json":{"title":"AINO VILLAKANGASTAKKI - Goodwill-verkkokauppa","description":"Upean ruskea Aino takki syksyn viileneviin keleihin. Takissa syv\u00e4t ulkotaskut ja pieni povitasku. Valmistaja: Aino Koko: L V\u00e4ri: ruskea, valkoinen","robots":{"index":"index","follow":"follow","max-snippet":"max-snippet:-1","max-image-preview":"max-image-preview:large","max-video-preview":"max-video-preview:-1"},"canonical":"https:\/\/goodwill.fi\/kauppa\/tuote\/aino-villakangastakki\/","og_locale":"fi_FI","og_type":"article","og_title":"AINO VILLAKANGASTAKKI - Goodwill-verkkokauppa","og_description":"Upean ruskea Aino takki syksyn viileneviin keleihin. Takissa syv\u00e4t ulkotaskut ja pieni povitasku. Valmistaja: Aino Koko: L V\u00e4ri: ruskea, valkoinen","og_url":"https:\/\/goodwill.fi\/kauppa\/tuote\/aino-villakangastakki\/","og_site_name":"Goodwill-verkkokauppa","article_modified_time":"2026-03-13T07:38:41+00:00","og_image":[{"width":1057,"height":1369,"url":"https:\/\/goodwill.fi\/kauppa\/wp-content\/uploads\/2024\/09\/IMG_4429-scaled-e1727244766567.jpg","type":"image\/jpeg"}],"twitter_card":"summary_large_image","twitter_misc":{"Arvioitu lukuaika":"1 minuutti"},"schema":{"@context":"https:\/\/schema.org","@graph":[{"@type":"WebPage","@id":"https:\/\/goodwill.fi\/kauppa\/tuote\/aino-villakangastakki\/","url":"https:\/\/goodwill.fi\/kauppa\/tuote\/aino-villakangastakki\/","name":"AINO VILLAKANGASTAKKI - Goodwill-verkkokauppa","isPartOf":{"@id":"https:\/\/goodwill.fi\/kauppa\/#website"},"primaryImageOfPage":{"@id":"https:\/\/goodwill.fi\/kauppa\/tuote\/aino-villakangastakki\/#primaryimage"},"image":{"@id":"https:\/\/goodwill.fi\/kauppa\/tuote\/aino-villakangastakki\/#primaryimage"},"thumbnailUrl":"https:\/\/goodwill.fi\/kauppa\/wp-content\/uploads\/2024\/09\/IMG_4429-scaled-e1727244766567.jpg","datePublished":"2026-02-20T06:00:50+00:00","dateModified":"2026-03-13T07:38:41+00:00","description":"Upean ruskea Aino takki syksyn viileneviin keleihin. Takissa syv\u00e4t ulkotaskut ja pieni povitasku. Valmistaja: Aino Koko: L V\u00e4ri: ruskea, valkoinen","breadcrumb":{"@id":"https:\/\/goodwill.fi\/kauppa\/tuote\/aino-villakangastakki\/#breadcrumb"},"inLanguage":"fi","potentialAction":[{"@type":"ReadAction","target":["https:\/\/goodwill.fi\/kauppa\/tuote\/aino-villakangastakki\/"]}]},{"@type":"ImageObject","inLanguage":"fi","@id":"https:\/\/goodwill.fi\/kauppa\/tuote\/aino-villakangastakki\/#primaryimage","url":"https:\/\/goodwill.fi\/kauppa\/wp-content\/uploads\/2024\/09\/IMG_4429-scaled-e1727244766567.jpg","contentUrl":"https:\/\/goodwill.fi\/kauppa\/wp-content\/uploads\/2024\/09\/IMG_4429-scaled-e1727244766567.jpg","width":1057,"height":1369},{"@type":"BreadcrumbList","@id":"https:\/\/goodwill.fi\/kauppa\/tuote\/aino-villakangastakki\/#breadcrumb","itemListElement":[{"@type":"ListItem","position":1,"name":"Home","item":"https:\/\/goodwill.fi\/kauppa\/"},{"@type":"ListItem","position":2,"name":"Shop","item":"https:\/\/goodwill.fi\/kauppa\/shop\/"},{"@type":"ListItem","position":3,"name":"AINO VILLAKANGASTAKKI"}]},{"@type":"WebSite","@id":"https:\/\/goodwill.fi\/kauppa\/#website","url":"https:\/\/goodwill.fi\/kauppa\/","name":"Goodwill-verkkokauppa","description":"Kierr\u00e4tysmyym\u00e4l\u00e4 verkossa","publisher":{"@id":"https:\/\/goodwill.fi\/kauppa\/#organization"},"potentialAction":[{"@type":"SearchAction","target":{"@type":"EntryPoint","urlTemplate":"https:\/\/goodwill.fi\/kauppa\/?s={search_term_string}"},"query-input":{"@type":"PropertyValueSpecification","valueRequired":true,"valueName":"search_term_string"}}],"inLanguage":"fi"},{"@type":"Organization","@id":"https:\/\/goodwill.fi\/kauppa\/#organization","name":"Goodwill-verkkokauppa","url":"https:\/\/goodwill.fi\/kauppa\/","logo":{"@type":"ImageObject","inLanguage":"fi","@id":"https:\/\/goodwill.fi\/kauppa\/#\/schema\/logo\/image\/","url":"https:\/\/goodwill.fi\/kauppa\/wp-content\/uploads\/2021\/02\/cropped-logo_gw_store-723x211-1.png","contentUrl":"https:\/\/goodwill.fi\/kauppa\/wp-content\/uploads\/2021\/02\/cropped-logo_gw_store-723x211-1.png","width":723,"height":207,"caption":"Goodwill-verkkokauppa"},"image":{"@id":"https:\/\/goodwill.fi\/kauppa\/#\/schema\/logo\/image\/"}}]}},"_links":{"self":[{"href":"https:\/\/goodwill.fi\/kauppa\/wp-json\/wp\/v2\/product\/35785","targetHints":{"allow":["GET"]}}],"collection":[{"href":"https:\/\/goodwill.fi\/kauppa\/wp-json\/wp\/v2\/product"}],"about":[{"href":"https:\/\/goodwill.fi\/kauppa\/wp-json\/wp\/v2\/types\/product"}],"replies":[{"embeddable":true,"href":"https:\/\/goodwill.fi\/kauppa\/wp-json\/wp\/v2\/comments?post=35785"}],"wp:featuredmedia":[{"embeddable":true,"href":"https:\/\/goodwill.fi\/kauppa\/wp-json\/wp\/v2\/media\/35786"}],"wp:attachment":[{"href":"https:\/\/goodwill.fi\/kauppa\/wp-json\/wp\/v2\/media?parent=35785"}],"wp:term":[{"taxonomy":"product_brand","embeddable":true,"href":"https:\/\/goodwill.fi\/kauppa\/wp-json\/wp\/v2\/product_brand?post=35785"},{"taxonomy":"product_cat","embeddable":true,"href":"https:\/\/goodwill.fi\/kauppa\/wp-json\/wp\/v2\/product_cat?post=35785"},{"taxonomy":"product_tag","embeddable":true,"href":"https:\/\/goodwill.fi\/kauppa\/wp-json\/wp\/v2\/product_tag?post=35785"}],"curies":[{"name":"wp","href":"https:\/\/api.w.org\/{rel}","templated":true}]}}