{"id":35776,"date":"2024-09-26T11:55:28","date_gmt":"2024-09-26T08:55:28","guid":{"rendered":"https:\/\/goodwill.fi\/kauppa\/?post_type=product&#038;p=35776"},"modified":"2024-10-14T22:13:47","modified_gmt":"2024-10-14T19:13:47","slug":"icebug-nastakengat","status":"publish","type":"product","link":"https:\/\/goodwill.fi\/kauppa\/tuote\/icebug-nastakengat\/","title":{"rendered":"ICEBUG NASTAKENG\u00c4T"},"content":{"rendered":"<p>Pit\u00e4v\u00e4t Icebug nastakeng\u00e4t talven j\u00e4isille teille. Kenkien edess\u00e4 k\u00e4tev\u00e4 vetoketju kiinnitys.<\/p>\n<p>Valmistaja: Icebug<br \/>\nMalli: Ivalo-L BUGrip<br \/>\nKoko: 37<br \/>\nV\u00e4ri: musta<br \/>\nMateriaali: pohja kumia, p\u00e4\u00e4linen kangasta<br \/>\nKunto: k\u00e4ytetyt, kulumaa, kaikki nastat tallella, vetoketjut toimivat<\/p>\n","protected":false},"excerpt":{"rendered":"<p>Pit\u00e4v\u00e4t Icebug nastakeng\u00e4t talven j\u00e4isille teille. Kenkien edess\u00e4 k\u00e4tev\u00e4 vetoketju kiinnitys. Valmistaja: Icebug Malli: Ivalo-L BUGrip Koko: 37 V\u00e4ri: musta Materiaali: pohja kumia, p\u00e4\u00e4linen kangasta Kunto: k\u00e4ytetyt, kulumaa, kaikki nastat tallella, vetoketjut toimivat<\/p>\n","protected":false},"featured_media":35777,"comment_status":"open","ping_status":"closed","template":"","meta":[],"product_brand":[],"product_cat":[159,176,5837],"product_tag":[12050,12046,12049,6147,12048,12047],"class_list":{"0":"post-35776","1":"product","2":"type-product","3":"status-publish","4":"has-post-thumbnail","6":"product_cat-kaikki","7":"product_cat-asusteet-2","8":"product_cat-kengat","9":"product_tag-bugrip","10":"product_tag-icebug","11":"product_tag-ivalo","12":"product_tag-naisten","13":"product_tag-nastakengat","14":"product_tag-nastakenka","16":"first","17":"outofstock","18":"taxable","19":"shipping-taxable","20":"purchasable","21":"product-type-simple"},"yoast_head":"<!-- This site is optimized with the Yoast SEO plugin v27.1.1 - https:\/\/yoast.com\/product\/yoast-seo-wordpress\/ -->\n<title>ICEBUG NASTAKENG\u00c4T - Goodwill-verkkokauppa<\/title>\n<meta name=\"description\" content=\"Pit\u00e4v\u00e4t Icebug nastakeng\u00e4t talven j\u00e4isille teille. Kenkien edess\u00e4 k\u00e4tev\u00e4 vetoketju kiinnitys.\u00a0Valmistaja: Icebug Malli: Ivalo-L BUGrip Koko: 37 V\u00e4ri: musta\" \/>\n<meta name=\"robots\" content=\"index, follow, max-snippet:-1, max-image-preview:large, max-video-preview:-1\" \/>\n<link rel=\"canonical\" href=\"https:\/\/goodwill.fi\/kauppa\/tuote\/icebug-nastakengat\/\" \/>\n<meta property=\"og:locale\" content=\"fi_FI\" \/>\n<meta property=\"og:type\" content=\"article\" \/>\n<meta property=\"og:title\" content=\"ICEBUG NASTAKENG\u00c4T - Goodwill-verkkokauppa\" \/>\n<meta property=\"og:description\" content=\"Pit\u00e4v\u00e4t Icebug nastakeng\u00e4t talven j\u00e4isille teille. Kenkien edess\u00e4 k\u00e4tev\u00e4 vetoketju kiinnitys.\u00a0Valmistaja: Icebug Malli: Ivalo-L BUGrip Koko: 37 V\u00e4ri: musta\" \/>\n<meta property=\"og:url\" content=\"https:\/\/goodwill.fi\/kauppa\/tuote\/icebug-nastakengat\/\" \/>\n<meta property=\"og:site_name\" content=\"Goodwill-verkkokauppa\" \/>\n<meta property=\"article:modified_time\" content=\"2024-10-14T19:13:47+00:00\" \/>\n<meta property=\"og:image\" content=\"https:\/\/goodwill.fi\/kauppa\/wp-content\/uploads\/2024\/09\/IMG_4394-scaled-e1727243460890.jpg\" \/>\n\t<meta property=\"og:image:width\" content=\"2197\" \/>\n\t<meta property=\"og:image:height\" content=\"1706\" \/>\n\t<meta property=\"og:image:type\" content=\"image\/jpeg\" \/>\n<meta name=\"twitter:card\" content=\"summary_large_image\" \/>\n<meta name=\"twitter:label1\" content=\"Arvioitu lukuaika\" \/>\n\t<meta name=\"twitter:data1\" content=\"1 minuutti\" \/>\n<script type=\"application\/ld+json\" class=\"yoast-schema-graph\">{\"@context\":\"https:\/\/schema.org\",\"@graph\":[{\"@type\":\"WebPage\",\"@id\":\"https:\/\/goodwill.fi\/kauppa\/tuote\/icebug-nastakengat\/\",\"url\":\"https:\/\/goodwill.fi\/kauppa\/tuote\/icebug-nastakengat\/\",\"name\":\"ICEBUG NASTAKENG\u00c4T - Goodwill-verkkokauppa\",\"isPartOf\":{\"@id\":\"https:\/\/goodwill.fi\/kauppa\/#website\"},\"primaryImageOfPage\":{\"@id\":\"https:\/\/goodwill.fi\/kauppa\/tuote\/icebug-nastakengat\/#primaryimage\"},\"image\":{\"@id\":\"https:\/\/goodwill.fi\/kauppa\/tuote\/icebug-nastakengat\/#primaryimage\"},\"thumbnailUrl\":\"https:\/\/goodwill.fi\/kauppa\/wp-content\/uploads\/2024\/09\/IMG_4394-scaled-e1727243460890.jpg\",\"datePublished\":\"2024-09-26T08:55:28+00:00\",\"dateModified\":\"2024-10-14T19:13:47+00:00\",\"description\":\"Pit\u00e4v\u00e4t Icebug nastakeng\u00e4t talven j\u00e4isille teille. Kenkien edess\u00e4 k\u00e4tev\u00e4 vetoketju kiinnitys.\u00a0Valmistaja: Icebug Malli: Ivalo-L BUGrip Koko: 37 V\u00e4ri: musta\",\"breadcrumb\":{\"@id\":\"https:\/\/goodwill.fi\/kauppa\/tuote\/icebug-nastakengat\/#breadcrumb\"},\"inLanguage\":\"fi\",\"potentialAction\":[{\"@type\":\"ReadAction\",\"target\":[\"https:\/\/goodwill.fi\/kauppa\/tuote\/icebug-nastakengat\/\"]}]},{\"@type\":\"ImageObject\",\"inLanguage\":\"fi\",\"@id\":\"https:\/\/goodwill.fi\/kauppa\/tuote\/icebug-nastakengat\/#primaryimage\",\"url\":\"https:\/\/goodwill.fi\/kauppa\/wp-content\/uploads\/2024\/09\/IMG_4394-scaled-e1727243460890.jpg\",\"contentUrl\":\"https:\/\/goodwill.fi\/kauppa\/wp-content\/uploads\/2024\/09\/IMG_4394-scaled-e1727243460890.jpg\",\"width\":2197,\"height\":1706},{\"@type\":\"BreadcrumbList\",\"@id\":\"https:\/\/goodwill.fi\/kauppa\/tuote\/icebug-nastakengat\/#breadcrumb\",\"itemListElement\":[{\"@type\":\"ListItem\",\"position\":1,\"name\":\"Home\",\"item\":\"https:\/\/goodwill.fi\/kauppa\/\"},{\"@type\":\"ListItem\",\"position\":2,\"name\":\"Shop\",\"item\":\"https:\/\/goodwill.fi\/kauppa\/shop\/\"},{\"@type\":\"ListItem\",\"position\":3,\"name\":\"ICEBUG NASTAKENG\u00c4T\"}]},{\"@type\":\"WebSite\",\"@id\":\"https:\/\/goodwill.fi\/kauppa\/#website\",\"url\":\"https:\/\/goodwill.fi\/kauppa\/\",\"name\":\"Goodwill-verkkokauppa\",\"description\":\"Kierr\u00e4tysmyym\u00e4l\u00e4 verkossa\",\"publisher\":{\"@id\":\"https:\/\/goodwill.fi\/kauppa\/#organization\"},\"potentialAction\":[{\"@type\":\"SearchAction\",\"target\":{\"@type\":\"EntryPoint\",\"urlTemplate\":\"https:\/\/goodwill.fi\/kauppa\/?s={search_term_string}\"},\"query-input\":{\"@type\":\"PropertyValueSpecification\",\"valueRequired\":true,\"valueName\":\"search_term_string\"}}],\"inLanguage\":\"fi\"},{\"@type\":\"Organization\",\"@id\":\"https:\/\/goodwill.fi\/kauppa\/#organization\",\"name\":\"Goodwill-verkkokauppa\",\"url\":\"https:\/\/goodwill.fi\/kauppa\/\",\"logo\":{\"@type\":\"ImageObject\",\"inLanguage\":\"fi\",\"@id\":\"https:\/\/goodwill.fi\/kauppa\/#\/schema\/logo\/image\/\",\"url\":\"https:\/\/goodwill.fi\/kauppa\/wp-content\/uploads\/2021\/02\/cropped-logo_gw_store-723x211-1.png\",\"contentUrl\":\"https:\/\/goodwill.fi\/kauppa\/wp-content\/uploads\/2021\/02\/cropped-logo_gw_store-723x211-1.png\",\"width\":723,\"height\":207,\"caption\":\"Goodwill-verkkokauppa\"},\"image\":{\"@id\":\"https:\/\/goodwill.fi\/kauppa\/#\/schema\/logo\/image\/\"}}]}<\/script>\n<!-- \/ Yoast SEO plugin. -->","yoast_head_json":{"title":"ICEBUG NASTAKENG\u00c4T - Goodwill-verkkokauppa","description":"Pit\u00e4v\u00e4t Icebug nastakeng\u00e4t talven j\u00e4isille teille. Kenkien edess\u00e4 k\u00e4tev\u00e4 vetoketju kiinnitys.\u00a0Valmistaja: Icebug Malli: Ivalo-L BUGrip Koko: 37 V\u00e4ri: musta","robots":{"index":"index","follow":"follow","max-snippet":"max-snippet:-1","max-image-preview":"max-image-preview:large","max-video-preview":"max-video-preview:-1"},"canonical":"https:\/\/goodwill.fi\/kauppa\/tuote\/icebug-nastakengat\/","og_locale":"fi_FI","og_type":"article","og_title":"ICEBUG NASTAKENG\u00c4T - Goodwill-verkkokauppa","og_description":"Pit\u00e4v\u00e4t Icebug nastakeng\u00e4t talven j\u00e4isille teille. Kenkien edess\u00e4 k\u00e4tev\u00e4 vetoketju kiinnitys.\u00a0Valmistaja: Icebug Malli: Ivalo-L BUGrip Koko: 37 V\u00e4ri: musta","og_url":"https:\/\/goodwill.fi\/kauppa\/tuote\/icebug-nastakengat\/","og_site_name":"Goodwill-verkkokauppa","article_modified_time":"2024-10-14T19:13:47+00:00","og_image":[{"width":2197,"height":1706,"url":"https:\/\/goodwill.fi\/kauppa\/wp-content\/uploads\/2024\/09\/IMG_4394-scaled-e1727243460890.jpg","type":"image\/jpeg"}],"twitter_card":"summary_large_image","twitter_misc":{"Arvioitu lukuaika":"1 minuutti"},"schema":{"@context":"https:\/\/schema.org","@graph":[{"@type":"WebPage","@id":"https:\/\/goodwill.fi\/kauppa\/tuote\/icebug-nastakengat\/","url":"https:\/\/goodwill.fi\/kauppa\/tuote\/icebug-nastakengat\/","name":"ICEBUG NASTAKENG\u00c4T - Goodwill-verkkokauppa","isPartOf":{"@id":"https:\/\/goodwill.fi\/kauppa\/#website"},"primaryImageOfPage":{"@id":"https:\/\/goodwill.fi\/kauppa\/tuote\/icebug-nastakengat\/#primaryimage"},"image":{"@id":"https:\/\/goodwill.fi\/kauppa\/tuote\/icebug-nastakengat\/#primaryimage"},"thumbnailUrl":"https:\/\/goodwill.fi\/kauppa\/wp-content\/uploads\/2024\/09\/IMG_4394-scaled-e1727243460890.jpg","datePublished":"2024-09-26T08:55:28+00:00","dateModified":"2024-10-14T19:13:47+00:00","description":"Pit\u00e4v\u00e4t Icebug nastakeng\u00e4t talven j\u00e4isille teille. Kenkien edess\u00e4 k\u00e4tev\u00e4 vetoketju kiinnitys.\u00a0Valmistaja: Icebug Malli: Ivalo-L BUGrip Koko: 37 V\u00e4ri: musta","breadcrumb":{"@id":"https:\/\/goodwill.fi\/kauppa\/tuote\/icebug-nastakengat\/#breadcrumb"},"inLanguage":"fi","potentialAction":[{"@type":"ReadAction","target":["https:\/\/goodwill.fi\/kauppa\/tuote\/icebug-nastakengat\/"]}]},{"@type":"ImageObject","inLanguage":"fi","@id":"https:\/\/goodwill.fi\/kauppa\/tuote\/icebug-nastakengat\/#primaryimage","url":"https:\/\/goodwill.fi\/kauppa\/wp-content\/uploads\/2024\/09\/IMG_4394-scaled-e1727243460890.jpg","contentUrl":"https:\/\/goodwill.fi\/kauppa\/wp-content\/uploads\/2024\/09\/IMG_4394-scaled-e1727243460890.jpg","width":2197,"height":1706},{"@type":"BreadcrumbList","@id":"https:\/\/goodwill.fi\/kauppa\/tuote\/icebug-nastakengat\/#breadcrumb","itemListElement":[{"@type":"ListItem","position":1,"name":"Home","item":"https:\/\/goodwill.fi\/kauppa\/"},{"@type":"ListItem","position":2,"name":"Shop","item":"https:\/\/goodwill.fi\/kauppa\/shop\/"},{"@type":"ListItem","position":3,"name":"ICEBUG NASTAKENG\u00c4T"}]},{"@type":"WebSite","@id":"https:\/\/goodwill.fi\/kauppa\/#website","url":"https:\/\/goodwill.fi\/kauppa\/","name":"Goodwill-verkkokauppa","description":"Kierr\u00e4tysmyym\u00e4l\u00e4 verkossa","publisher":{"@id":"https:\/\/goodwill.fi\/kauppa\/#organization"},"potentialAction":[{"@type":"SearchAction","target":{"@type":"EntryPoint","urlTemplate":"https:\/\/goodwill.fi\/kauppa\/?s={search_term_string}"},"query-input":{"@type":"PropertyValueSpecification","valueRequired":true,"valueName":"search_term_string"}}],"inLanguage":"fi"},{"@type":"Organization","@id":"https:\/\/goodwill.fi\/kauppa\/#organization","name":"Goodwill-verkkokauppa","url":"https:\/\/goodwill.fi\/kauppa\/","logo":{"@type":"ImageObject","inLanguage":"fi","@id":"https:\/\/goodwill.fi\/kauppa\/#\/schema\/logo\/image\/","url":"https:\/\/goodwill.fi\/kauppa\/wp-content\/uploads\/2021\/02\/cropped-logo_gw_store-723x211-1.png","contentUrl":"https:\/\/goodwill.fi\/kauppa\/wp-content\/uploads\/2021\/02\/cropped-logo_gw_store-723x211-1.png","width":723,"height":207,"caption":"Goodwill-verkkokauppa"},"image":{"@id":"https:\/\/goodwill.fi\/kauppa\/#\/schema\/logo\/image\/"}}]}},"_links":{"self":[{"href":"https:\/\/goodwill.fi\/kauppa\/wp-json\/wp\/v2\/product\/35776","targetHints":{"allow":["GET"]}}],"collection":[{"href":"https:\/\/goodwill.fi\/kauppa\/wp-json\/wp\/v2\/product"}],"about":[{"href":"https:\/\/goodwill.fi\/kauppa\/wp-json\/wp\/v2\/types\/product"}],"replies":[{"embeddable":true,"href":"https:\/\/goodwill.fi\/kauppa\/wp-json\/wp\/v2\/comments?post=35776"}],"wp:featuredmedia":[{"embeddable":true,"href":"https:\/\/goodwill.fi\/kauppa\/wp-json\/wp\/v2\/media\/35777"}],"wp:attachment":[{"href":"https:\/\/goodwill.fi\/kauppa\/wp-json\/wp\/v2\/media?parent=35776"}],"wp:term":[{"taxonomy":"product_brand","embeddable":true,"href":"https:\/\/goodwill.fi\/kauppa\/wp-json\/wp\/v2\/product_brand?post=35776"},{"taxonomy":"product_cat","embeddable":true,"href":"https:\/\/goodwill.fi\/kauppa\/wp-json\/wp\/v2\/product_cat?post=35776"},{"taxonomy":"product_tag","embeddable":true,"href":"https:\/\/goodwill.fi\/kauppa\/wp-json\/wp\/v2\/product_tag?post=35776"}],"curies":[{"name":"wp","href":"https:\/\/api.w.org\/{rel}","templated":true}]}}