{"id":35295,"date":"2024-09-23T09:50:45","date_gmt":"2024-09-23T06:50:45","guid":{"rendered":"https:\/\/goodwill.fi\/kauppa\/?post_type=product&#038;p=35295"},"modified":"2025-04-15T14:05:20","modified_gmt":"2025-04-15T11:05:20","slug":"kumela-3100-taidelasimalja","status":"publish","type":"product","link":"https:\/\/goodwill.fi\/kauppa\/tuote\/kumela-3100-taidelasimalja\/","title":{"rendered":"KUMELA 3100 TAIDELASIMALJA"},"content":{"rendered":"<p>Suunnittelija: Sulo Gr\u00f6nberg<br \/>\nValmistaja: Kumela Oy<br \/>\nValmistusvuosi: 1964-1968<br \/>\nMitat: korkeus 4.5cm, pituus 27cm, paino 1130g<br \/>\nV\u00e4ri: lila<br \/>\nMateriaali: lasi<br \/>\nKunto: k\u00e4ytetty, ehj\u00e4<br \/>\nHuom: tuotteet myyd\u00e4\u00e4n kappaleittain<\/p>\n","protected":false},"excerpt":{"rendered":"<p>Suunnittelija: Sulo Gr\u00f6nberg Valmistaja: Kumela Oy Valmistusvuosi: 1964-1968 Mitat: korkeus 4.5cm, pituus 27cm, paino 1130g V\u00e4ri: lila Materiaali: lasi Kunto: k\u00e4ytetty, ehj\u00e4 Huom: tuotteet myyd\u00e4\u00e4n kappaleittain<\/p>\n","protected":false},"featured_media":35444,"comment_status":"open","ping_status":"closed","template":"","meta":[],"product_brand":[14887],"product_cat":[159,14858,180,14861,146,154,14875],"product_tag":[11944,353,323,1075,11943,4633],"class_list":{"0":"post-35295","1":"product","2":"type-product","3":"status-publish","4":"has-post-thumbnail","6":"product_brand-kumela","7":"product_cat-kaikki","8":"product_cat-kumela","9":"product_cat-keraily-2","10":"product_cat-taidelasi-keramiikka","11":"product_cat-koti-2","12":"product_cat-sisustus-2","13":"product_cat-koristelautaset","14":"product_tag-kit00278","15":"product_tag-kumela","16":"product_tag-lasinen","17":"product_tag-lila","18":"product_tag-sulo-gronberg","19":"product_tag-taidelasimalja","21":"first","22":"instock","23":"taxable","24":"shipping-taxable","25":"purchasable","26":"product-type-simple"},"yoast_head":"<!-- This site is optimized with the Yoast SEO plugin v27.1.1 - https:\/\/yoast.com\/product\/yoast-seo-wordpress\/ -->\n<title>KUMELA 3100 TAIDELASIMALJA - Goodwill-verkkokauppa<\/title>\n<meta name=\"description\" content=\"Sulo Gr\u00f6nbergin suunnittelema lila 3100 taidelasimalja. Valmistajana Kumela Oy. Oli tuotannossa v.1964-1968. Materiaali lasi.\" \/>\n<meta name=\"robots\" content=\"index, follow, max-snippet:-1, max-image-preview:large, max-video-preview:-1\" \/>\n<link rel=\"canonical\" href=\"https:\/\/goodwill.fi\/kauppa\/tuote\/kumela-3100-taidelasimalja\/\" \/>\n<meta property=\"og:locale\" content=\"fi_FI\" \/>\n<meta property=\"og:type\" content=\"article\" \/>\n<meta property=\"og:title\" content=\"KUMELA 3100 TAIDELASIMALJA - Goodwill-verkkokauppa\" \/>\n<meta property=\"og:description\" content=\"Sulo Gr\u00f6nbergin suunnittelema lila 3100 taidelasimalja. Valmistajana Kumela Oy. Oli tuotannossa v.1964-1968. Materiaali lasi.\" \/>\n<meta property=\"og:url\" content=\"https:\/\/goodwill.fi\/kauppa\/tuote\/kumela-3100-taidelasimalja\/\" \/>\n<meta property=\"og:site_name\" content=\"Goodwill-verkkokauppa\" \/>\n<meta property=\"article:modified_time\" content=\"2025-04-15T11:05:20+00:00\" \/>\n<meta property=\"og:image\" content=\"https:\/\/goodwill.fi\/kauppa\/wp-content\/uploads\/2024\/09\/thumbnail_IMG_6141.jpg\" \/>\n\t<meta property=\"og:image:width\" content=\"640\" \/>\n\t<meta property=\"og:image:height\" content=\"640\" \/>\n\t<meta property=\"og:image:type\" content=\"image\/jpeg\" \/>\n<meta name=\"twitter:card\" content=\"summary_large_image\" \/>\n<meta name=\"twitter:label1\" content=\"Arvioitu lukuaika\" \/>\n\t<meta name=\"twitter:data1\" content=\"1 minuutti\" \/>\n<script type=\"application\/ld+json\" class=\"yoast-schema-graph\">{\"@context\":\"https:\/\/schema.org\",\"@graph\":[{\"@type\":\"WebPage\",\"@id\":\"https:\/\/goodwill.fi\/kauppa\/tuote\/kumela-3100-taidelasimalja\/\",\"url\":\"https:\/\/goodwill.fi\/kauppa\/tuote\/kumela-3100-taidelasimalja\/\",\"name\":\"KUMELA 3100 TAIDELASIMALJA - Goodwill-verkkokauppa\",\"isPartOf\":{\"@id\":\"https:\/\/goodwill.fi\/kauppa\/#website\"},\"primaryImageOfPage\":{\"@id\":\"https:\/\/goodwill.fi\/kauppa\/tuote\/kumela-3100-taidelasimalja\/#primaryimage\"},\"image\":{\"@id\":\"https:\/\/goodwill.fi\/kauppa\/tuote\/kumela-3100-taidelasimalja\/#primaryimage\"},\"thumbnailUrl\":\"https:\/\/goodwill.fi\/kauppa\/wp-content\/uploads\/2024\/09\/thumbnail_IMG_6141.jpg\",\"datePublished\":\"2024-09-23T06:50:45+00:00\",\"dateModified\":\"2025-04-15T11:05:20+00:00\",\"description\":\"Sulo Gr\u00f6nbergin suunnittelema lila 3100 taidelasimalja. Valmistajana Kumela Oy. Oli tuotannossa v.1964-1968. Materiaali lasi.\",\"breadcrumb\":{\"@id\":\"https:\/\/goodwill.fi\/kauppa\/tuote\/kumela-3100-taidelasimalja\/#breadcrumb\"},\"inLanguage\":\"fi\",\"potentialAction\":[{\"@type\":\"ReadAction\",\"target\":[\"https:\/\/goodwill.fi\/kauppa\/tuote\/kumela-3100-taidelasimalja\/\"]}]},{\"@type\":\"ImageObject\",\"inLanguage\":\"fi\",\"@id\":\"https:\/\/goodwill.fi\/kauppa\/tuote\/kumela-3100-taidelasimalja\/#primaryimage\",\"url\":\"https:\/\/goodwill.fi\/kauppa\/wp-content\/uploads\/2024\/09\/thumbnail_IMG_6141.jpg\",\"contentUrl\":\"https:\/\/goodwill.fi\/kauppa\/wp-content\/uploads\/2024\/09\/thumbnail_IMG_6141.jpg\",\"width\":640,\"height\":640},{\"@type\":\"BreadcrumbList\",\"@id\":\"https:\/\/goodwill.fi\/kauppa\/tuote\/kumela-3100-taidelasimalja\/#breadcrumb\",\"itemListElement\":[{\"@type\":\"ListItem\",\"position\":1,\"name\":\"Home\",\"item\":\"https:\/\/goodwill.fi\/kauppa\/\"},{\"@type\":\"ListItem\",\"position\":2,\"name\":\"Shop\",\"item\":\"https:\/\/goodwill.fi\/kauppa\/shop\/\"},{\"@type\":\"ListItem\",\"position\":3,\"name\":\"KUMELA 3100 TAIDELASIMALJA\"}]},{\"@type\":\"WebSite\",\"@id\":\"https:\/\/goodwill.fi\/kauppa\/#website\",\"url\":\"https:\/\/goodwill.fi\/kauppa\/\",\"name\":\"Goodwill-verkkokauppa\",\"description\":\"Kierr\u00e4tysmyym\u00e4l\u00e4 verkossa\",\"publisher\":{\"@id\":\"https:\/\/goodwill.fi\/kauppa\/#organization\"},\"potentialAction\":[{\"@type\":\"SearchAction\",\"target\":{\"@type\":\"EntryPoint\",\"urlTemplate\":\"https:\/\/goodwill.fi\/kauppa\/?s={search_term_string}\"},\"query-input\":{\"@type\":\"PropertyValueSpecification\",\"valueRequired\":true,\"valueName\":\"search_term_string\"}}],\"inLanguage\":\"fi\"},{\"@type\":\"Organization\",\"@id\":\"https:\/\/goodwill.fi\/kauppa\/#organization\",\"name\":\"Goodwill-verkkokauppa\",\"url\":\"https:\/\/goodwill.fi\/kauppa\/\",\"logo\":{\"@type\":\"ImageObject\",\"inLanguage\":\"fi\",\"@id\":\"https:\/\/goodwill.fi\/kauppa\/#\/schema\/logo\/image\/\",\"url\":\"https:\/\/goodwill.fi\/kauppa\/wp-content\/uploads\/2021\/02\/cropped-logo_gw_store-723x211-1.png\",\"contentUrl\":\"https:\/\/goodwill.fi\/kauppa\/wp-content\/uploads\/2021\/02\/cropped-logo_gw_store-723x211-1.png\",\"width\":723,\"height\":207,\"caption\":\"Goodwill-verkkokauppa\"},\"image\":{\"@id\":\"https:\/\/goodwill.fi\/kauppa\/#\/schema\/logo\/image\/\"}}]}<\/script>\n<!-- \/ Yoast SEO plugin. -->","yoast_head_json":{"title":"KUMELA 3100 TAIDELASIMALJA - Goodwill-verkkokauppa","description":"Sulo Gr\u00f6nbergin suunnittelema lila 3100 taidelasimalja. Valmistajana Kumela Oy. Oli tuotannossa v.1964-1968. Materiaali lasi.","robots":{"index":"index","follow":"follow","max-snippet":"max-snippet:-1","max-image-preview":"max-image-preview:large","max-video-preview":"max-video-preview:-1"},"canonical":"https:\/\/goodwill.fi\/kauppa\/tuote\/kumela-3100-taidelasimalja\/","og_locale":"fi_FI","og_type":"article","og_title":"KUMELA 3100 TAIDELASIMALJA - Goodwill-verkkokauppa","og_description":"Sulo Gr\u00f6nbergin suunnittelema lila 3100 taidelasimalja. Valmistajana Kumela Oy. Oli tuotannossa v.1964-1968. Materiaali lasi.","og_url":"https:\/\/goodwill.fi\/kauppa\/tuote\/kumela-3100-taidelasimalja\/","og_site_name":"Goodwill-verkkokauppa","article_modified_time":"2025-04-15T11:05:20+00:00","og_image":[{"width":640,"height":640,"url":"https:\/\/goodwill.fi\/kauppa\/wp-content\/uploads\/2024\/09\/thumbnail_IMG_6141.jpg","type":"image\/jpeg"}],"twitter_card":"summary_large_image","twitter_misc":{"Arvioitu lukuaika":"1 minuutti"},"schema":{"@context":"https:\/\/schema.org","@graph":[{"@type":"WebPage","@id":"https:\/\/goodwill.fi\/kauppa\/tuote\/kumela-3100-taidelasimalja\/","url":"https:\/\/goodwill.fi\/kauppa\/tuote\/kumela-3100-taidelasimalja\/","name":"KUMELA 3100 TAIDELASIMALJA - Goodwill-verkkokauppa","isPartOf":{"@id":"https:\/\/goodwill.fi\/kauppa\/#website"},"primaryImageOfPage":{"@id":"https:\/\/goodwill.fi\/kauppa\/tuote\/kumela-3100-taidelasimalja\/#primaryimage"},"image":{"@id":"https:\/\/goodwill.fi\/kauppa\/tuote\/kumela-3100-taidelasimalja\/#primaryimage"},"thumbnailUrl":"https:\/\/goodwill.fi\/kauppa\/wp-content\/uploads\/2024\/09\/thumbnail_IMG_6141.jpg","datePublished":"2024-09-23T06:50:45+00:00","dateModified":"2025-04-15T11:05:20+00:00","description":"Sulo Gr\u00f6nbergin suunnittelema lila 3100 taidelasimalja. Valmistajana Kumela Oy. Oli tuotannossa v.1964-1968. Materiaali lasi.","breadcrumb":{"@id":"https:\/\/goodwill.fi\/kauppa\/tuote\/kumela-3100-taidelasimalja\/#breadcrumb"},"inLanguage":"fi","potentialAction":[{"@type":"ReadAction","target":["https:\/\/goodwill.fi\/kauppa\/tuote\/kumela-3100-taidelasimalja\/"]}]},{"@type":"ImageObject","inLanguage":"fi","@id":"https:\/\/goodwill.fi\/kauppa\/tuote\/kumela-3100-taidelasimalja\/#primaryimage","url":"https:\/\/goodwill.fi\/kauppa\/wp-content\/uploads\/2024\/09\/thumbnail_IMG_6141.jpg","contentUrl":"https:\/\/goodwill.fi\/kauppa\/wp-content\/uploads\/2024\/09\/thumbnail_IMG_6141.jpg","width":640,"height":640},{"@type":"BreadcrumbList","@id":"https:\/\/goodwill.fi\/kauppa\/tuote\/kumela-3100-taidelasimalja\/#breadcrumb","itemListElement":[{"@type":"ListItem","position":1,"name":"Home","item":"https:\/\/goodwill.fi\/kauppa\/"},{"@type":"ListItem","position":2,"name":"Shop","item":"https:\/\/goodwill.fi\/kauppa\/shop\/"},{"@type":"ListItem","position":3,"name":"KUMELA 3100 TAIDELASIMALJA"}]},{"@type":"WebSite","@id":"https:\/\/goodwill.fi\/kauppa\/#website","url":"https:\/\/goodwill.fi\/kauppa\/","name":"Goodwill-verkkokauppa","description":"Kierr\u00e4tysmyym\u00e4l\u00e4 verkossa","publisher":{"@id":"https:\/\/goodwill.fi\/kauppa\/#organization"},"potentialAction":[{"@type":"SearchAction","target":{"@type":"EntryPoint","urlTemplate":"https:\/\/goodwill.fi\/kauppa\/?s={search_term_string}"},"query-input":{"@type":"PropertyValueSpecification","valueRequired":true,"valueName":"search_term_string"}}],"inLanguage":"fi"},{"@type":"Organization","@id":"https:\/\/goodwill.fi\/kauppa\/#organization","name":"Goodwill-verkkokauppa","url":"https:\/\/goodwill.fi\/kauppa\/","logo":{"@type":"ImageObject","inLanguage":"fi","@id":"https:\/\/goodwill.fi\/kauppa\/#\/schema\/logo\/image\/","url":"https:\/\/goodwill.fi\/kauppa\/wp-content\/uploads\/2021\/02\/cropped-logo_gw_store-723x211-1.png","contentUrl":"https:\/\/goodwill.fi\/kauppa\/wp-content\/uploads\/2021\/02\/cropped-logo_gw_store-723x211-1.png","width":723,"height":207,"caption":"Goodwill-verkkokauppa"},"image":{"@id":"https:\/\/goodwill.fi\/kauppa\/#\/schema\/logo\/image\/"}}]}},"_links":{"self":[{"href":"https:\/\/goodwill.fi\/kauppa\/wp-json\/wp\/v2\/product\/35295","targetHints":{"allow":["GET"]}}],"collection":[{"href":"https:\/\/goodwill.fi\/kauppa\/wp-json\/wp\/v2\/product"}],"about":[{"href":"https:\/\/goodwill.fi\/kauppa\/wp-json\/wp\/v2\/types\/product"}],"replies":[{"embeddable":true,"href":"https:\/\/goodwill.fi\/kauppa\/wp-json\/wp\/v2\/comments?post=35295"}],"wp:featuredmedia":[{"embeddable":true,"href":"https:\/\/goodwill.fi\/kauppa\/wp-json\/wp\/v2\/media\/35444"}],"wp:attachment":[{"href":"https:\/\/goodwill.fi\/kauppa\/wp-json\/wp\/v2\/media?parent=35295"}],"wp:term":[{"taxonomy":"product_brand","embeddable":true,"href":"https:\/\/goodwill.fi\/kauppa\/wp-json\/wp\/v2\/product_brand?post=35295"},{"taxonomy":"product_cat","embeddable":true,"href":"https:\/\/goodwill.fi\/kauppa\/wp-json\/wp\/v2\/product_cat?post=35295"},{"taxonomy":"product_tag","embeddable":true,"href":"https:\/\/goodwill.fi\/kauppa\/wp-json\/wp\/v2\/product_tag?post=35295"}],"curies":[{"name":"wp","href":"https:\/\/api.w.org\/{rel}","templated":true}]}}