{"id":35278,"date":"2025-01-31T08:00:36","date_gmt":"2025-01-31T06:00:36","guid":{"rendered":"https:\/\/goodwill.fi\/kauppa\/?post_type=product&#038;p=35278"},"modified":"2025-01-31T11:16:09","modified_gmt":"2025-01-31T09:16:09","slug":"takana","status":"publish","type":"product","link":"https:\/\/goodwill.fi\/kauppa\/tuote\/takana\/","title":{"rendered":"T\u00c4K\u00c4N\u00c4"},"content":{"rendered":"<p>Kaunis Helmi Vuorelman valmistama kansanomainen sein\u00e4 kudonnainen, eli t\u00e4k\u00e4n\u00e4.<\/p>\n<p>Suunnittelija: ei tiedossa<br \/>\nValmistaja: Helmi Vuorelma Oy<br \/>\nMitat: leveys 93 cm, korkeus 180 cm, paino 1600 g<br \/>\nV\u00e4ri: vihre\u00e4, valkoinen<br \/>\nKunto: hyv\u00e4, v\u00e4h\u00e4ist\u00e4 k\u00e4yt\u00f6nj\u00e4lke\u00e4.<br \/>\nHuom: mukana ripustustanko sek\u00e4 yl\u00e4laidassa ripustus lenkit<\/p>\n","protected":false},"excerpt":{"rendered":"<p>Kaunis Helmi Vuorelman valmistama kansanomainen sein\u00e4 kudonnainen, eli t\u00e4k\u00e4n\u00e4. Suunnittelija: ei tiedossa Valmistaja: Helmi Vuorelma Oy Mitat: leveys 93 cm, korkeus 180 cm, paino 1600 g V\u00e4ri: vihre\u00e4, valkoinen Kunto: hyv\u00e4, v\u00e4h\u00e4ist\u00e4 k\u00e4yt\u00f6nj\u00e4lke\u00e4. Huom: mukana ripustustanko sek\u00e4 yl\u00e4laidassa ripustus lenkit<\/p>\n","protected":false},"featured_media":35271,"comment_status":"open","ping_status":"closed","template":"","meta":[],"product_brand":[],"product_cat":[159,146,154,5965],"product_tag":[3300,11947,11935,11941,11948,3303,9216,3302],"class_list":{"0":"post-35278","1":"product","2":"type-product","3":"status-publish","4":"has-post-thumbnail","6":"product_cat-kaikki","7":"product_cat-koti-2","8":"product_cat-sisustus-2","9":"product_cat-ale","10":"product_tag-helmi-vuorelma-oy","11":"product_tag-kansanomainen","12":"product_tag-kasinkudottu","13":"product_tag-kot04553","14":"product_tag-kudonnainen","15":"product_tag-seinatekstiili","16":"product_tag-seinavaate","17":"product_tag-takana","19":"first","20":"outofstock","21":"sale","22":"taxable","23":"shipping-taxable","24":"purchasable","25":"product-type-simple"},"yoast_head":"<!-- This site is optimized with the Yoast SEO plugin v27.1.1 - https:\/\/yoast.com\/product\/yoast-seo-wordpress\/ -->\n<title>T\u00c4K\u00c4N\u00c4 - Goodwill-verkkokauppa<\/title>\n<meta name=\"description\" content=\"Kaunis Helmi Vuorelman valmistama kansanomainen sein\u00e4 kudonnainen, eli t\u00e4k\u00e4n\u00e4. Mitat: leveys 93 cm, korkeus\u00a0180 cm, paino 1600 g\" \/>\n<meta name=\"robots\" content=\"index, follow, max-snippet:-1, max-image-preview:large, max-video-preview:-1\" \/>\n<link rel=\"canonical\" href=\"https:\/\/goodwill.fi\/kauppa\/tuote\/takana\/\" \/>\n<meta property=\"og:locale\" content=\"fi_FI\" \/>\n<meta property=\"og:type\" content=\"article\" \/>\n<meta property=\"og:title\" content=\"T\u00c4K\u00c4N\u00c4 - Goodwill-verkkokauppa\" \/>\n<meta property=\"og:description\" content=\"Kaunis Helmi Vuorelman valmistama kansanomainen sein\u00e4 kudonnainen, eli t\u00e4k\u00e4n\u00e4. Mitat: leveys 93 cm, korkeus\u00a0180 cm, paino 1600 g\" \/>\n<meta property=\"og:url\" content=\"https:\/\/goodwill.fi\/kauppa\/tuote\/takana\/\" \/>\n<meta property=\"og:site_name\" content=\"Goodwill-verkkokauppa\" \/>\n<meta property=\"article:modified_time\" content=\"2025-01-31T09:16:09+00:00\" \/>\n<meta property=\"og:image\" content=\"https:\/\/goodwill.fi\/kauppa\/wp-content\/uploads\/2024\/09\/IMG_2816-scaled-e1726476413860.jpg\" \/>\n\t<meta property=\"og:image:width\" content=\"1885\" \/>\n\t<meta property=\"og:image:height\" content=\"1706\" \/>\n\t<meta property=\"og:image:type\" content=\"image\/jpeg\" \/>\n<meta name=\"twitter:card\" content=\"summary_large_image\" \/>\n<meta name=\"twitter:label1\" content=\"Arvioitu lukuaika\" \/>\n\t<meta name=\"twitter:data1\" content=\"1 minuutti\" \/>\n<script type=\"application\/ld+json\" class=\"yoast-schema-graph\">{\"@context\":\"https:\/\/schema.org\",\"@graph\":[{\"@type\":\"WebPage\",\"@id\":\"https:\/\/goodwill.fi\/kauppa\/tuote\/takana\/\",\"url\":\"https:\/\/goodwill.fi\/kauppa\/tuote\/takana\/\",\"name\":\"T\u00c4K\u00c4N\u00c4 - Goodwill-verkkokauppa\",\"isPartOf\":{\"@id\":\"https:\/\/goodwill.fi\/kauppa\/#website\"},\"primaryImageOfPage\":{\"@id\":\"https:\/\/goodwill.fi\/kauppa\/tuote\/takana\/#primaryimage\"},\"image\":{\"@id\":\"https:\/\/goodwill.fi\/kauppa\/tuote\/takana\/#primaryimage\"},\"thumbnailUrl\":\"https:\/\/goodwill.fi\/kauppa\/wp-content\/uploads\/2024\/09\/IMG_2816-scaled-e1726476413860.jpg\",\"datePublished\":\"2025-01-31T06:00:36+00:00\",\"dateModified\":\"2025-01-31T09:16:09+00:00\",\"description\":\"Kaunis Helmi Vuorelman valmistama kansanomainen sein\u00e4 kudonnainen, eli t\u00e4k\u00e4n\u00e4. Mitat: leveys 93 cm, korkeus\u00a0180 cm, paino 1600 g\",\"breadcrumb\":{\"@id\":\"https:\/\/goodwill.fi\/kauppa\/tuote\/takana\/#breadcrumb\"},\"inLanguage\":\"fi\",\"potentialAction\":[{\"@type\":\"ReadAction\",\"target\":[\"https:\/\/goodwill.fi\/kauppa\/tuote\/takana\/\"]}]},{\"@type\":\"ImageObject\",\"inLanguage\":\"fi\",\"@id\":\"https:\/\/goodwill.fi\/kauppa\/tuote\/takana\/#primaryimage\",\"url\":\"https:\/\/goodwill.fi\/kauppa\/wp-content\/uploads\/2024\/09\/IMG_2816-scaled-e1726476413860.jpg\",\"contentUrl\":\"https:\/\/goodwill.fi\/kauppa\/wp-content\/uploads\/2024\/09\/IMG_2816-scaled-e1726476413860.jpg\",\"width\":1885,\"height\":1706},{\"@type\":\"BreadcrumbList\",\"@id\":\"https:\/\/goodwill.fi\/kauppa\/tuote\/takana\/#breadcrumb\",\"itemListElement\":[{\"@type\":\"ListItem\",\"position\":1,\"name\":\"Home\",\"item\":\"https:\/\/goodwill.fi\/kauppa\/\"},{\"@type\":\"ListItem\",\"position\":2,\"name\":\"Shop\",\"item\":\"https:\/\/goodwill.fi\/kauppa\/shop\/\"},{\"@type\":\"ListItem\",\"position\":3,\"name\":\"T\u00c4K\u00c4N\u00c4\"}]},{\"@type\":\"WebSite\",\"@id\":\"https:\/\/goodwill.fi\/kauppa\/#website\",\"url\":\"https:\/\/goodwill.fi\/kauppa\/\",\"name\":\"Goodwill-verkkokauppa\",\"description\":\"Kierr\u00e4tysmyym\u00e4l\u00e4 verkossa\",\"publisher\":{\"@id\":\"https:\/\/goodwill.fi\/kauppa\/#organization\"},\"potentialAction\":[{\"@type\":\"SearchAction\",\"target\":{\"@type\":\"EntryPoint\",\"urlTemplate\":\"https:\/\/goodwill.fi\/kauppa\/?s={search_term_string}\"},\"query-input\":{\"@type\":\"PropertyValueSpecification\",\"valueRequired\":true,\"valueName\":\"search_term_string\"}}],\"inLanguage\":\"fi\"},{\"@type\":\"Organization\",\"@id\":\"https:\/\/goodwill.fi\/kauppa\/#organization\",\"name\":\"Goodwill-verkkokauppa\",\"url\":\"https:\/\/goodwill.fi\/kauppa\/\",\"logo\":{\"@type\":\"ImageObject\",\"inLanguage\":\"fi\",\"@id\":\"https:\/\/goodwill.fi\/kauppa\/#\/schema\/logo\/image\/\",\"url\":\"https:\/\/goodwill.fi\/kauppa\/wp-content\/uploads\/2021\/02\/cropped-logo_gw_store-723x211-1.png\",\"contentUrl\":\"https:\/\/goodwill.fi\/kauppa\/wp-content\/uploads\/2021\/02\/cropped-logo_gw_store-723x211-1.png\",\"width\":723,\"height\":207,\"caption\":\"Goodwill-verkkokauppa\"},\"image\":{\"@id\":\"https:\/\/goodwill.fi\/kauppa\/#\/schema\/logo\/image\/\"}}]}<\/script>\n<!-- \/ Yoast SEO plugin. -->","yoast_head_json":{"title":"T\u00c4K\u00c4N\u00c4 - Goodwill-verkkokauppa","description":"Kaunis Helmi Vuorelman valmistama kansanomainen sein\u00e4 kudonnainen, eli t\u00e4k\u00e4n\u00e4. Mitat: leveys 93 cm, korkeus\u00a0180 cm, paino 1600 g","robots":{"index":"index","follow":"follow","max-snippet":"max-snippet:-1","max-image-preview":"max-image-preview:large","max-video-preview":"max-video-preview:-1"},"canonical":"https:\/\/goodwill.fi\/kauppa\/tuote\/takana\/","og_locale":"fi_FI","og_type":"article","og_title":"T\u00c4K\u00c4N\u00c4 - Goodwill-verkkokauppa","og_description":"Kaunis Helmi Vuorelman valmistama kansanomainen sein\u00e4 kudonnainen, eli t\u00e4k\u00e4n\u00e4. Mitat: leveys 93 cm, korkeus\u00a0180 cm, paino 1600 g","og_url":"https:\/\/goodwill.fi\/kauppa\/tuote\/takana\/","og_site_name":"Goodwill-verkkokauppa","article_modified_time":"2025-01-31T09:16:09+00:00","og_image":[{"width":1885,"height":1706,"url":"https:\/\/goodwill.fi\/kauppa\/wp-content\/uploads\/2024\/09\/IMG_2816-scaled-e1726476413860.jpg","type":"image\/jpeg"}],"twitter_card":"summary_large_image","twitter_misc":{"Arvioitu lukuaika":"1 minuutti"},"schema":{"@context":"https:\/\/schema.org","@graph":[{"@type":"WebPage","@id":"https:\/\/goodwill.fi\/kauppa\/tuote\/takana\/","url":"https:\/\/goodwill.fi\/kauppa\/tuote\/takana\/","name":"T\u00c4K\u00c4N\u00c4 - Goodwill-verkkokauppa","isPartOf":{"@id":"https:\/\/goodwill.fi\/kauppa\/#website"},"primaryImageOfPage":{"@id":"https:\/\/goodwill.fi\/kauppa\/tuote\/takana\/#primaryimage"},"image":{"@id":"https:\/\/goodwill.fi\/kauppa\/tuote\/takana\/#primaryimage"},"thumbnailUrl":"https:\/\/goodwill.fi\/kauppa\/wp-content\/uploads\/2024\/09\/IMG_2816-scaled-e1726476413860.jpg","datePublished":"2025-01-31T06:00:36+00:00","dateModified":"2025-01-31T09:16:09+00:00","description":"Kaunis Helmi Vuorelman valmistama kansanomainen sein\u00e4 kudonnainen, eli t\u00e4k\u00e4n\u00e4. Mitat: leveys 93 cm, korkeus\u00a0180 cm, paino 1600 g","breadcrumb":{"@id":"https:\/\/goodwill.fi\/kauppa\/tuote\/takana\/#breadcrumb"},"inLanguage":"fi","potentialAction":[{"@type":"ReadAction","target":["https:\/\/goodwill.fi\/kauppa\/tuote\/takana\/"]}]},{"@type":"ImageObject","inLanguage":"fi","@id":"https:\/\/goodwill.fi\/kauppa\/tuote\/takana\/#primaryimage","url":"https:\/\/goodwill.fi\/kauppa\/wp-content\/uploads\/2024\/09\/IMG_2816-scaled-e1726476413860.jpg","contentUrl":"https:\/\/goodwill.fi\/kauppa\/wp-content\/uploads\/2024\/09\/IMG_2816-scaled-e1726476413860.jpg","width":1885,"height":1706},{"@type":"BreadcrumbList","@id":"https:\/\/goodwill.fi\/kauppa\/tuote\/takana\/#breadcrumb","itemListElement":[{"@type":"ListItem","position":1,"name":"Home","item":"https:\/\/goodwill.fi\/kauppa\/"},{"@type":"ListItem","position":2,"name":"Shop","item":"https:\/\/goodwill.fi\/kauppa\/shop\/"},{"@type":"ListItem","position":3,"name":"T\u00c4K\u00c4N\u00c4"}]},{"@type":"WebSite","@id":"https:\/\/goodwill.fi\/kauppa\/#website","url":"https:\/\/goodwill.fi\/kauppa\/","name":"Goodwill-verkkokauppa","description":"Kierr\u00e4tysmyym\u00e4l\u00e4 verkossa","publisher":{"@id":"https:\/\/goodwill.fi\/kauppa\/#organization"},"potentialAction":[{"@type":"SearchAction","target":{"@type":"EntryPoint","urlTemplate":"https:\/\/goodwill.fi\/kauppa\/?s={search_term_string}"},"query-input":{"@type":"PropertyValueSpecification","valueRequired":true,"valueName":"search_term_string"}}],"inLanguage":"fi"},{"@type":"Organization","@id":"https:\/\/goodwill.fi\/kauppa\/#organization","name":"Goodwill-verkkokauppa","url":"https:\/\/goodwill.fi\/kauppa\/","logo":{"@type":"ImageObject","inLanguage":"fi","@id":"https:\/\/goodwill.fi\/kauppa\/#\/schema\/logo\/image\/","url":"https:\/\/goodwill.fi\/kauppa\/wp-content\/uploads\/2021\/02\/cropped-logo_gw_store-723x211-1.png","contentUrl":"https:\/\/goodwill.fi\/kauppa\/wp-content\/uploads\/2021\/02\/cropped-logo_gw_store-723x211-1.png","width":723,"height":207,"caption":"Goodwill-verkkokauppa"},"image":{"@id":"https:\/\/goodwill.fi\/kauppa\/#\/schema\/logo\/image\/"}}]}},"_links":{"self":[{"href":"https:\/\/goodwill.fi\/kauppa\/wp-json\/wp\/v2\/product\/35278","targetHints":{"allow":["GET"]}}],"collection":[{"href":"https:\/\/goodwill.fi\/kauppa\/wp-json\/wp\/v2\/product"}],"about":[{"href":"https:\/\/goodwill.fi\/kauppa\/wp-json\/wp\/v2\/types\/product"}],"replies":[{"embeddable":true,"href":"https:\/\/goodwill.fi\/kauppa\/wp-json\/wp\/v2\/comments?post=35278"}],"wp:featuredmedia":[{"embeddable":true,"href":"https:\/\/goodwill.fi\/kauppa\/wp-json\/wp\/v2\/media\/35271"}],"wp:attachment":[{"href":"https:\/\/goodwill.fi\/kauppa\/wp-json\/wp\/v2\/media?parent=35278"}],"wp:term":[{"taxonomy":"product_brand","embeddable":true,"href":"https:\/\/goodwill.fi\/kauppa\/wp-json\/wp\/v2\/product_brand?post=35278"},{"taxonomy":"product_cat","embeddable":true,"href":"https:\/\/goodwill.fi\/kauppa\/wp-json\/wp\/v2\/product_cat?post=35278"},{"taxonomy":"product_tag","embeddable":true,"href":"https:\/\/goodwill.fi\/kauppa\/wp-json\/wp\/v2\/product_tag?post=35278"}],"curies":[{"name":"wp","href":"https:\/\/api.w.org\/{rel}","templated":true}]}}