{"id":32388,"date":"2025-07-04T08:00:40","date_gmt":"2025-07-04T05:00:40","guid":{"rendered":"https:\/\/goodwill.fi\/kauppa\/?post_type=product&#038;p=32388"},"modified":"2025-07-10T00:25:43","modified_gmt":"2025-07-09T21:25:43","slug":"humppilan-lasi-amppeli-lasikulho","status":"publish","type":"product","link":"https:\/\/goodwill.fi\/kauppa\/tuote\/humppilan-lasi-amppeli-lasikulho\/","title":{"rendered":"HUMPPILAN LASI AMPPELI LASIKULHO"},"content":{"rendered":"<p>Suunnittelija: Kaija Aarikka<br \/>\nValmistaja: Humppilan lasi<br \/>\nValmistusvuosi: 1980-luku<br \/>\nMitat: Korkeus 16,5 cm, halkaisija 26,5 cm, paino 1195 g<br \/>\nV\u00e4ri: ruskea, kirkas<br \/>\nMateriaali: lasi<br \/>\nKunto: ehj\u00e4, hieman k\u00e4yt\u00f6n j\u00e4lki\u00e4<br \/>\nHuom: ei leimatarraa<\/p>\n","protected":false},"excerpt":{"rendered":"<p>Suunnittelija: Kaija Aarikka Valmistaja: Humppilan lasi Valmistusvuosi: 1980-luku Mitat: Korkeus 16,5 cm, halkaisija 26,5 cm, paino 1195 g V\u00e4ri: ruskea, kirkas Materiaali: lasi Kunto: ehj\u00e4, hieman k\u00e4yt\u00f6n j\u00e4lki\u00e4 Huom: ei leimatarraa<\/p>\n","protected":false},"featured_media":32389,"comment_status":"open","ping_status":"closed","template":"","meta":[],"product_brand":[14737],"product_cat":[159,14859,146,154,14876,5965],"product_tag":[701,3729,330,3727,3728,3730,11330,276,302,352,1476,2428,1286,618,231,378],"class_list":{"0":"post-32388","1":"product","2":"type-product","3":"status-publish","4":"has-post-thumbnail","6":"product_brand-humppilan-lasi","7":"product_cat-kaikki","8":"product_cat-humppila","9":"product_cat-koti-2","10":"product_cat-sisustus-2","11":"product_cat-koriste-esineet","12":"product_cat-ale","13":"product_tag-aarikka","14":"product_tag-amppeli","15":"product_tag-humppila","16":"product_tag-humppilan","17":"product_tag-kaija","18":"product_tag-kodinonni","19":"product_tag-kot04357","20":"product_tag-kukka","21":"product_tag-kulho","22":"product_tag-lasi","23":"product_tag-lasikulho","24":"product_tag-lasimalja","25":"product_tag-lasivati","26":"product_tag-malja","27":"product_tag-sininen","28":"product_tag-vati","30":"first","31":"outofstock","32":"sale","33":"taxable","34":"shipping-taxable","35":"purchasable","36":"product-type-simple"},"yoast_head":"<!-- This site is optimized with the Yoast SEO plugin v27.1.1 - https:\/\/yoast.com\/product\/yoast-seo-wordpress\/ -->\n<title>HUMPPILAN LASI AMPPELI LASIKULHO - Goodwill-verkkokauppa<\/title>\n<meta name=\"description\" content=\"Suunnittelija: Kaija Aarikka Valmistaja: Humppilan lasi Valmistusvuosi: 1980-luku Mitat:\u00a0Korkeus 16,5 cm, halkaisija 26,5 cm, paino 1195 g\" \/>\n<meta name=\"robots\" content=\"index, follow, max-snippet:-1, max-image-preview:large, max-video-preview:-1\" \/>\n<link rel=\"canonical\" href=\"https:\/\/goodwill.fi\/kauppa\/tuote\/humppilan-lasi-amppeli-lasikulho\/\" \/>\n<meta property=\"og:locale\" content=\"fi_FI\" \/>\n<meta property=\"og:type\" content=\"article\" \/>\n<meta property=\"og:title\" content=\"HUMPPILAN LASI AMPPELI LASIKULHO - Goodwill-verkkokauppa\" \/>\n<meta property=\"og:description\" content=\"Suunnittelija: Kaija Aarikka Valmistaja: Humppilan lasi Valmistusvuosi: 1980-luku Mitat:\u00a0Korkeus 16,5 cm, halkaisija 26,5 cm, paino 1195 g\" \/>\n<meta property=\"og:url\" content=\"https:\/\/goodwill.fi\/kauppa\/tuote\/humppilan-lasi-amppeli-lasikulho\/\" \/>\n<meta property=\"og:site_name\" content=\"Goodwill-verkkokauppa\" \/>\n<meta property=\"article:modified_time\" content=\"2025-07-09T21:25:43+00:00\" \/>\n<meta property=\"og:image\" content=\"https:\/\/goodwill.fi\/kauppa\/wp-content\/uploads\/2024\/08\/IMG_1271-scaled-e1722935981670.jpg\" \/>\n\t<meta property=\"og:image:width\" content=\"1501\" \/>\n\t<meta property=\"og:image:height\" content=\"1706\" \/>\n\t<meta property=\"og:image:type\" content=\"image\/jpeg\" \/>\n<meta name=\"twitter:card\" content=\"summary_large_image\" \/>\n<meta name=\"twitter:label1\" content=\"Arvioitu lukuaika\" \/>\n\t<meta name=\"twitter:data1\" content=\"1 minuutti\" \/>\n<script type=\"application\/ld+json\" class=\"yoast-schema-graph\">{\"@context\":\"https:\/\/schema.org\",\"@graph\":[{\"@type\":\"WebPage\",\"@id\":\"https:\/\/goodwill.fi\/kauppa\/tuote\/humppilan-lasi-amppeli-lasikulho\/\",\"url\":\"https:\/\/goodwill.fi\/kauppa\/tuote\/humppilan-lasi-amppeli-lasikulho\/\",\"name\":\"HUMPPILAN LASI AMPPELI LASIKULHO - Goodwill-verkkokauppa\",\"isPartOf\":{\"@id\":\"https:\/\/goodwill.fi\/kauppa\/#website\"},\"primaryImageOfPage\":{\"@id\":\"https:\/\/goodwill.fi\/kauppa\/tuote\/humppilan-lasi-amppeli-lasikulho\/#primaryimage\"},\"image\":{\"@id\":\"https:\/\/goodwill.fi\/kauppa\/tuote\/humppilan-lasi-amppeli-lasikulho\/#primaryimage\"},\"thumbnailUrl\":\"https:\/\/goodwill.fi\/kauppa\/wp-content\/uploads\/2024\/08\/IMG_1271-scaled-e1722935981670.jpg\",\"datePublished\":\"2025-07-04T05:00:40+00:00\",\"dateModified\":\"2025-07-09T21:25:43+00:00\",\"description\":\"Suunnittelija: Kaija Aarikka Valmistaja: Humppilan lasi Valmistusvuosi: 1980-luku Mitat:\u00a0Korkeus 16,5 cm, halkaisija 26,5 cm, paino 1195 g\",\"breadcrumb\":{\"@id\":\"https:\/\/goodwill.fi\/kauppa\/tuote\/humppilan-lasi-amppeli-lasikulho\/#breadcrumb\"},\"inLanguage\":\"fi\",\"potentialAction\":[{\"@type\":\"ReadAction\",\"target\":[\"https:\/\/goodwill.fi\/kauppa\/tuote\/humppilan-lasi-amppeli-lasikulho\/\"]}]},{\"@type\":\"ImageObject\",\"inLanguage\":\"fi\",\"@id\":\"https:\/\/goodwill.fi\/kauppa\/tuote\/humppilan-lasi-amppeli-lasikulho\/#primaryimage\",\"url\":\"https:\/\/goodwill.fi\/kauppa\/wp-content\/uploads\/2024\/08\/IMG_1271-scaled-e1722935981670.jpg\",\"contentUrl\":\"https:\/\/goodwill.fi\/kauppa\/wp-content\/uploads\/2024\/08\/IMG_1271-scaled-e1722935981670.jpg\",\"width\":1501,\"height\":1706},{\"@type\":\"BreadcrumbList\",\"@id\":\"https:\/\/goodwill.fi\/kauppa\/tuote\/humppilan-lasi-amppeli-lasikulho\/#breadcrumb\",\"itemListElement\":[{\"@type\":\"ListItem\",\"position\":1,\"name\":\"Home\",\"item\":\"https:\/\/goodwill.fi\/kauppa\/\"},{\"@type\":\"ListItem\",\"position\":2,\"name\":\"Shop\",\"item\":\"https:\/\/goodwill.fi\/kauppa\/shop\/\"},{\"@type\":\"ListItem\",\"position\":3,\"name\":\"HUMPPILAN LASI AMPPELI LASIKULHO\"}]},{\"@type\":\"WebSite\",\"@id\":\"https:\/\/goodwill.fi\/kauppa\/#website\",\"url\":\"https:\/\/goodwill.fi\/kauppa\/\",\"name\":\"Goodwill-verkkokauppa\",\"description\":\"Kierr\u00e4tysmyym\u00e4l\u00e4 verkossa\",\"publisher\":{\"@id\":\"https:\/\/goodwill.fi\/kauppa\/#organization\"},\"potentialAction\":[{\"@type\":\"SearchAction\",\"target\":{\"@type\":\"EntryPoint\",\"urlTemplate\":\"https:\/\/goodwill.fi\/kauppa\/?s={search_term_string}\"},\"query-input\":{\"@type\":\"PropertyValueSpecification\",\"valueRequired\":true,\"valueName\":\"search_term_string\"}}],\"inLanguage\":\"fi\"},{\"@type\":\"Organization\",\"@id\":\"https:\/\/goodwill.fi\/kauppa\/#organization\",\"name\":\"Goodwill-verkkokauppa\",\"url\":\"https:\/\/goodwill.fi\/kauppa\/\",\"logo\":{\"@type\":\"ImageObject\",\"inLanguage\":\"fi\",\"@id\":\"https:\/\/goodwill.fi\/kauppa\/#\/schema\/logo\/image\/\",\"url\":\"https:\/\/goodwill.fi\/kauppa\/wp-content\/uploads\/2021\/02\/cropped-logo_gw_store-723x211-1.png\",\"contentUrl\":\"https:\/\/goodwill.fi\/kauppa\/wp-content\/uploads\/2021\/02\/cropped-logo_gw_store-723x211-1.png\",\"width\":723,\"height\":207,\"caption\":\"Goodwill-verkkokauppa\"},\"image\":{\"@id\":\"https:\/\/goodwill.fi\/kauppa\/#\/schema\/logo\/image\/\"}}]}<\/script>\n<!-- \/ Yoast SEO plugin. -->","yoast_head_json":{"title":"HUMPPILAN LASI AMPPELI LASIKULHO - Goodwill-verkkokauppa","description":"Suunnittelija: Kaija Aarikka Valmistaja: Humppilan lasi Valmistusvuosi: 1980-luku Mitat:\u00a0Korkeus 16,5 cm, halkaisija 26,5 cm, paino 1195 g","robots":{"index":"index","follow":"follow","max-snippet":"max-snippet:-1","max-image-preview":"max-image-preview:large","max-video-preview":"max-video-preview:-1"},"canonical":"https:\/\/goodwill.fi\/kauppa\/tuote\/humppilan-lasi-amppeli-lasikulho\/","og_locale":"fi_FI","og_type":"article","og_title":"HUMPPILAN LASI AMPPELI LASIKULHO - Goodwill-verkkokauppa","og_description":"Suunnittelija: Kaija Aarikka Valmistaja: Humppilan lasi Valmistusvuosi: 1980-luku Mitat:\u00a0Korkeus 16,5 cm, halkaisija 26,5 cm, paino 1195 g","og_url":"https:\/\/goodwill.fi\/kauppa\/tuote\/humppilan-lasi-amppeli-lasikulho\/","og_site_name":"Goodwill-verkkokauppa","article_modified_time":"2025-07-09T21:25:43+00:00","og_image":[{"width":1501,"height":1706,"url":"https:\/\/goodwill.fi\/kauppa\/wp-content\/uploads\/2024\/08\/IMG_1271-scaled-e1722935981670.jpg","type":"image\/jpeg"}],"twitter_card":"summary_large_image","twitter_misc":{"Arvioitu lukuaika":"1 minuutti"},"schema":{"@context":"https:\/\/schema.org","@graph":[{"@type":"WebPage","@id":"https:\/\/goodwill.fi\/kauppa\/tuote\/humppilan-lasi-amppeli-lasikulho\/","url":"https:\/\/goodwill.fi\/kauppa\/tuote\/humppilan-lasi-amppeli-lasikulho\/","name":"HUMPPILAN LASI AMPPELI LASIKULHO - Goodwill-verkkokauppa","isPartOf":{"@id":"https:\/\/goodwill.fi\/kauppa\/#website"},"primaryImageOfPage":{"@id":"https:\/\/goodwill.fi\/kauppa\/tuote\/humppilan-lasi-amppeli-lasikulho\/#primaryimage"},"image":{"@id":"https:\/\/goodwill.fi\/kauppa\/tuote\/humppilan-lasi-amppeli-lasikulho\/#primaryimage"},"thumbnailUrl":"https:\/\/goodwill.fi\/kauppa\/wp-content\/uploads\/2024\/08\/IMG_1271-scaled-e1722935981670.jpg","datePublished":"2025-07-04T05:00:40+00:00","dateModified":"2025-07-09T21:25:43+00:00","description":"Suunnittelija: Kaija Aarikka Valmistaja: Humppilan lasi Valmistusvuosi: 1980-luku Mitat:\u00a0Korkeus 16,5 cm, halkaisija 26,5 cm, paino 1195 g","breadcrumb":{"@id":"https:\/\/goodwill.fi\/kauppa\/tuote\/humppilan-lasi-amppeli-lasikulho\/#breadcrumb"},"inLanguage":"fi","potentialAction":[{"@type":"ReadAction","target":["https:\/\/goodwill.fi\/kauppa\/tuote\/humppilan-lasi-amppeli-lasikulho\/"]}]},{"@type":"ImageObject","inLanguage":"fi","@id":"https:\/\/goodwill.fi\/kauppa\/tuote\/humppilan-lasi-amppeli-lasikulho\/#primaryimage","url":"https:\/\/goodwill.fi\/kauppa\/wp-content\/uploads\/2024\/08\/IMG_1271-scaled-e1722935981670.jpg","contentUrl":"https:\/\/goodwill.fi\/kauppa\/wp-content\/uploads\/2024\/08\/IMG_1271-scaled-e1722935981670.jpg","width":1501,"height":1706},{"@type":"BreadcrumbList","@id":"https:\/\/goodwill.fi\/kauppa\/tuote\/humppilan-lasi-amppeli-lasikulho\/#breadcrumb","itemListElement":[{"@type":"ListItem","position":1,"name":"Home","item":"https:\/\/goodwill.fi\/kauppa\/"},{"@type":"ListItem","position":2,"name":"Shop","item":"https:\/\/goodwill.fi\/kauppa\/shop\/"},{"@type":"ListItem","position":3,"name":"HUMPPILAN LASI AMPPELI LASIKULHO"}]},{"@type":"WebSite","@id":"https:\/\/goodwill.fi\/kauppa\/#website","url":"https:\/\/goodwill.fi\/kauppa\/","name":"Goodwill-verkkokauppa","description":"Kierr\u00e4tysmyym\u00e4l\u00e4 verkossa","publisher":{"@id":"https:\/\/goodwill.fi\/kauppa\/#organization"},"potentialAction":[{"@type":"SearchAction","target":{"@type":"EntryPoint","urlTemplate":"https:\/\/goodwill.fi\/kauppa\/?s={search_term_string}"},"query-input":{"@type":"PropertyValueSpecification","valueRequired":true,"valueName":"search_term_string"}}],"inLanguage":"fi"},{"@type":"Organization","@id":"https:\/\/goodwill.fi\/kauppa\/#organization","name":"Goodwill-verkkokauppa","url":"https:\/\/goodwill.fi\/kauppa\/","logo":{"@type":"ImageObject","inLanguage":"fi","@id":"https:\/\/goodwill.fi\/kauppa\/#\/schema\/logo\/image\/","url":"https:\/\/goodwill.fi\/kauppa\/wp-content\/uploads\/2021\/02\/cropped-logo_gw_store-723x211-1.png","contentUrl":"https:\/\/goodwill.fi\/kauppa\/wp-content\/uploads\/2021\/02\/cropped-logo_gw_store-723x211-1.png","width":723,"height":207,"caption":"Goodwill-verkkokauppa"},"image":{"@id":"https:\/\/goodwill.fi\/kauppa\/#\/schema\/logo\/image\/"}}]}},"_links":{"self":[{"href":"https:\/\/goodwill.fi\/kauppa\/wp-json\/wp\/v2\/product\/32388","targetHints":{"allow":["GET"]}}],"collection":[{"href":"https:\/\/goodwill.fi\/kauppa\/wp-json\/wp\/v2\/product"}],"about":[{"href":"https:\/\/goodwill.fi\/kauppa\/wp-json\/wp\/v2\/types\/product"}],"replies":[{"embeddable":true,"href":"https:\/\/goodwill.fi\/kauppa\/wp-json\/wp\/v2\/comments?post=32388"}],"wp:featuredmedia":[{"embeddable":true,"href":"https:\/\/goodwill.fi\/kauppa\/wp-json\/wp\/v2\/media\/32389"}],"wp:attachment":[{"href":"https:\/\/goodwill.fi\/kauppa\/wp-json\/wp\/v2\/media?parent=32388"}],"wp:term":[{"taxonomy":"product_brand","embeddable":true,"href":"https:\/\/goodwill.fi\/kauppa\/wp-json\/wp\/v2\/product_brand?post=32388"},{"taxonomy":"product_cat","embeddable":true,"href":"https:\/\/goodwill.fi\/kauppa\/wp-json\/wp\/v2\/product_cat?post=32388"},{"taxonomy":"product_tag","embeddable":true,"href":"https:\/\/goodwill.fi\/kauppa\/wp-json\/wp\/v2\/product_tag?post=32388"}],"curies":[{"name":"wp","href":"https:\/\/api.w.org\/{rel}","templated":true}]}}