{"id":32214,"date":"2024-08-05T11:37:59","date_gmt":"2024-08-05T08:37:59","guid":{"rendered":"https:\/\/goodwill.fi\/kauppa\/?post_type=product&#038;p=32214"},"modified":"2025-04-30T18:38:32","modified_gmt":"2025-04-30T15:38:32","slug":"ken-kenneth-sean-carson-jr-nukke-ja-tarvikkeita","status":"publish","type":"product","link":"https:\/\/goodwill.fi\/kauppa\/tuote\/ken-kenneth-sean-carson-jr-nukke-ja-tarvikkeita\/","title":{"rendered":"KEN (KENNETH SEAN CARSON JR.) NUKKE JA TARVIKKEITA"},"content":{"rendered":"<p>Valmistaja: Mattel<br \/>\nValmistusvuosi: ei tiedossa<br \/>\nV\u00e4ri: moniv\u00e4rinen<br \/>\nMateriaali: muovi, kangas, metalli<br \/>\nKunto: ehj\u00e4, hieman k\u00e4yt\u00f6n j\u00e4lki\u00e4<br \/>\nHuom: mukana 20 osaa<\/p>\n","protected":false},"excerpt":{"rendered":"<p>Valmistaja: Mattel Valmistusvuosi: ei tiedossa V\u00e4ri: moniv\u00e4rinen Materiaali: muovi, kangas, metalli Kunto: ehj\u00e4, hieman k\u00e4yt\u00f6n j\u00e4lki\u00e4 Huom: mukana 20 osaa<\/p>\n","protected":false},"featured_media":32245,"comment_status":"open","ping_status":"closed","template":"","meta":[],"product_brand":[],"product_cat":[159,180,183],"product_tag":[11300,11299,11302,11301],"class_list":{"0":"post-32214","1":"product","2":"type-product","3":"status-publish","4":"has-post-thumbnail","6":"product_cat-kaikki","7":"product_cat-keraily-2","8":"product_cat-lelut","9":"product_tag-barbie","10":"product_tag-ken","11":"product_tag-kot04338","12":"product_tag-mattel","14":"first","15":"outofstock","16":"taxable","17":"shipping-taxable","18":"purchasable","19":"product-type-simple"},"yoast_head":"<!-- This site is optimized with the Yoast SEO plugin v27.1.1 - https:\/\/yoast.com\/product\/yoast-seo-wordpress\/ -->\n<title>KEN (KENNETH SEAN CARSON JR.) NUKKE JA TARVIKKEITA - Goodwill-verkkokauppa<\/title>\n<meta name=\"description\" content=\"Ken (Kenneth Sean Carson Jr.) nukke ja 20 osaa asuja ja varusteita.\" \/>\n<meta name=\"robots\" content=\"index, follow, max-snippet:-1, max-image-preview:large, max-video-preview:-1\" \/>\n<link rel=\"canonical\" href=\"https:\/\/goodwill.fi\/kauppa\/tuote\/ken-kenneth-sean-carson-jr-nukke-ja-tarvikkeita\/\" \/>\n<meta property=\"og:locale\" content=\"fi_FI\" \/>\n<meta property=\"og:type\" content=\"article\" \/>\n<meta property=\"og:title\" content=\"KEN (KENNETH SEAN CARSON JR.) NUKKE JA TARVIKKEITA - Goodwill-verkkokauppa\" \/>\n<meta property=\"og:description\" content=\"Ken (Kenneth Sean Carson Jr.) nukke ja 20 osaa asuja ja varusteita.\" \/>\n<meta property=\"og:url\" content=\"https:\/\/goodwill.fi\/kauppa\/tuote\/ken-kenneth-sean-carson-jr-nukke-ja-tarvikkeita\/\" \/>\n<meta property=\"og:site_name\" content=\"Goodwill-verkkokauppa\" \/>\n<meta property=\"article:modified_time\" content=\"2025-04-30T15:38:32+00:00\" \/>\n<meta property=\"og:image\" content=\"https:\/\/goodwill.fi\/kauppa\/wp-content\/uploads\/2024\/08\/IMG_9264-3.jpg\" \/>\n\t<meta property=\"og:image:width\" content=\"1210\" \/>\n\t<meta property=\"og:image:height\" content=\"2055\" \/>\n\t<meta property=\"og:image:type\" content=\"image\/jpeg\" \/>\n<meta name=\"twitter:card\" content=\"summary_large_image\" \/>\n<meta name=\"twitter:label1\" content=\"Arvioitu lukuaika\" \/>\n\t<meta name=\"twitter:data1\" content=\"1 minuutti\" \/>\n<script type=\"application\/ld+json\" class=\"yoast-schema-graph\">{\"@context\":\"https:\/\/schema.org\",\"@graph\":[{\"@type\":\"WebPage\",\"@id\":\"https:\/\/goodwill.fi\/kauppa\/tuote\/ken-kenneth-sean-carson-jr-nukke-ja-tarvikkeita\/\",\"url\":\"https:\/\/goodwill.fi\/kauppa\/tuote\/ken-kenneth-sean-carson-jr-nukke-ja-tarvikkeita\/\",\"name\":\"KEN (KENNETH SEAN CARSON JR.) NUKKE JA TARVIKKEITA - Goodwill-verkkokauppa\",\"isPartOf\":{\"@id\":\"https:\/\/goodwill.fi\/kauppa\/#website\"},\"primaryImageOfPage\":{\"@id\":\"https:\/\/goodwill.fi\/kauppa\/tuote\/ken-kenneth-sean-carson-jr-nukke-ja-tarvikkeita\/#primaryimage\"},\"image\":{\"@id\":\"https:\/\/goodwill.fi\/kauppa\/tuote\/ken-kenneth-sean-carson-jr-nukke-ja-tarvikkeita\/#primaryimage\"},\"thumbnailUrl\":\"https:\/\/goodwill.fi\/kauppa\/wp-content\/uploads\/2024\/08\/IMG_9264-3.jpg\",\"datePublished\":\"2024-08-05T08:37:59+00:00\",\"dateModified\":\"2025-04-30T15:38:32+00:00\",\"description\":\"Ken (Kenneth Sean Carson Jr.) nukke ja 20 osaa asuja ja varusteita.\",\"breadcrumb\":{\"@id\":\"https:\/\/goodwill.fi\/kauppa\/tuote\/ken-kenneth-sean-carson-jr-nukke-ja-tarvikkeita\/#breadcrumb\"},\"inLanguage\":\"fi\",\"potentialAction\":[{\"@type\":\"ReadAction\",\"target\":[\"https:\/\/goodwill.fi\/kauppa\/tuote\/ken-kenneth-sean-carson-jr-nukke-ja-tarvikkeita\/\"]}]},{\"@type\":\"ImageObject\",\"inLanguage\":\"fi\",\"@id\":\"https:\/\/goodwill.fi\/kauppa\/tuote\/ken-kenneth-sean-carson-jr-nukke-ja-tarvikkeita\/#primaryimage\",\"url\":\"https:\/\/goodwill.fi\/kauppa\/wp-content\/uploads\/2024\/08\/IMG_9264-3.jpg\",\"contentUrl\":\"https:\/\/goodwill.fi\/kauppa\/wp-content\/uploads\/2024\/08\/IMG_9264-3.jpg\",\"width\":1210,\"height\":2055},{\"@type\":\"BreadcrumbList\",\"@id\":\"https:\/\/goodwill.fi\/kauppa\/tuote\/ken-kenneth-sean-carson-jr-nukke-ja-tarvikkeita\/#breadcrumb\",\"itemListElement\":[{\"@type\":\"ListItem\",\"position\":1,\"name\":\"Home\",\"item\":\"https:\/\/goodwill.fi\/kauppa\/\"},{\"@type\":\"ListItem\",\"position\":2,\"name\":\"Shop\",\"item\":\"https:\/\/goodwill.fi\/kauppa\/shop\/\"},{\"@type\":\"ListItem\",\"position\":3,\"name\":\"KEN (KENNETH SEAN CARSON JR.) NUKKE JA TARVIKKEITA\"}]},{\"@type\":\"WebSite\",\"@id\":\"https:\/\/goodwill.fi\/kauppa\/#website\",\"url\":\"https:\/\/goodwill.fi\/kauppa\/\",\"name\":\"Goodwill-verkkokauppa\",\"description\":\"Kierr\u00e4tysmyym\u00e4l\u00e4 verkossa\",\"publisher\":{\"@id\":\"https:\/\/goodwill.fi\/kauppa\/#organization\"},\"potentialAction\":[{\"@type\":\"SearchAction\",\"target\":{\"@type\":\"EntryPoint\",\"urlTemplate\":\"https:\/\/goodwill.fi\/kauppa\/?s={search_term_string}\"},\"query-input\":{\"@type\":\"PropertyValueSpecification\",\"valueRequired\":true,\"valueName\":\"search_term_string\"}}],\"inLanguage\":\"fi\"},{\"@type\":\"Organization\",\"@id\":\"https:\/\/goodwill.fi\/kauppa\/#organization\",\"name\":\"Goodwill-verkkokauppa\",\"url\":\"https:\/\/goodwill.fi\/kauppa\/\",\"logo\":{\"@type\":\"ImageObject\",\"inLanguage\":\"fi\",\"@id\":\"https:\/\/goodwill.fi\/kauppa\/#\/schema\/logo\/image\/\",\"url\":\"https:\/\/goodwill.fi\/kauppa\/wp-content\/uploads\/2021\/02\/cropped-logo_gw_store-723x211-1.png\",\"contentUrl\":\"https:\/\/goodwill.fi\/kauppa\/wp-content\/uploads\/2021\/02\/cropped-logo_gw_store-723x211-1.png\",\"width\":723,\"height\":207,\"caption\":\"Goodwill-verkkokauppa\"},\"image\":{\"@id\":\"https:\/\/goodwill.fi\/kauppa\/#\/schema\/logo\/image\/\"}}]}<\/script>\n<!-- \/ Yoast SEO plugin. -->","yoast_head_json":{"title":"KEN (KENNETH SEAN CARSON JR.) NUKKE JA TARVIKKEITA - Goodwill-verkkokauppa","description":"Ken (Kenneth Sean Carson Jr.) nukke ja 20 osaa asuja ja varusteita.","robots":{"index":"index","follow":"follow","max-snippet":"max-snippet:-1","max-image-preview":"max-image-preview:large","max-video-preview":"max-video-preview:-1"},"canonical":"https:\/\/goodwill.fi\/kauppa\/tuote\/ken-kenneth-sean-carson-jr-nukke-ja-tarvikkeita\/","og_locale":"fi_FI","og_type":"article","og_title":"KEN (KENNETH SEAN CARSON JR.) NUKKE JA TARVIKKEITA - Goodwill-verkkokauppa","og_description":"Ken (Kenneth Sean Carson Jr.) nukke ja 20 osaa asuja ja varusteita.","og_url":"https:\/\/goodwill.fi\/kauppa\/tuote\/ken-kenneth-sean-carson-jr-nukke-ja-tarvikkeita\/","og_site_name":"Goodwill-verkkokauppa","article_modified_time":"2025-04-30T15:38:32+00:00","og_image":[{"width":1210,"height":2055,"url":"https:\/\/goodwill.fi\/kauppa\/wp-content\/uploads\/2024\/08\/IMG_9264-3.jpg","type":"image\/jpeg"}],"twitter_card":"summary_large_image","twitter_misc":{"Arvioitu lukuaika":"1 minuutti"},"schema":{"@context":"https:\/\/schema.org","@graph":[{"@type":"WebPage","@id":"https:\/\/goodwill.fi\/kauppa\/tuote\/ken-kenneth-sean-carson-jr-nukke-ja-tarvikkeita\/","url":"https:\/\/goodwill.fi\/kauppa\/tuote\/ken-kenneth-sean-carson-jr-nukke-ja-tarvikkeita\/","name":"KEN (KENNETH SEAN CARSON JR.) NUKKE JA TARVIKKEITA - Goodwill-verkkokauppa","isPartOf":{"@id":"https:\/\/goodwill.fi\/kauppa\/#website"},"primaryImageOfPage":{"@id":"https:\/\/goodwill.fi\/kauppa\/tuote\/ken-kenneth-sean-carson-jr-nukke-ja-tarvikkeita\/#primaryimage"},"image":{"@id":"https:\/\/goodwill.fi\/kauppa\/tuote\/ken-kenneth-sean-carson-jr-nukke-ja-tarvikkeita\/#primaryimage"},"thumbnailUrl":"https:\/\/goodwill.fi\/kauppa\/wp-content\/uploads\/2024\/08\/IMG_9264-3.jpg","datePublished":"2024-08-05T08:37:59+00:00","dateModified":"2025-04-30T15:38:32+00:00","description":"Ken (Kenneth Sean Carson Jr.) nukke ja 20 osaa asuja ja varusteita.","breadcrumb":{"@id":"https:\/\/goodwill.fi\/kauppa\/tuote\/ken-kenneth-sean-carson-jr-nukke-ja-tarvikkeita\/#breadcrumb"},"inLanguage":"fi","potentialAction":[{"@type":"ReadAction","target":["https:\/\/goodwill.fi\/kauppa\/tuote\/ken-kenneth-sean-carson-jr-nukke-ja-tarvikkeita\/"]}]},{"@type":"ImageObject","inLanguage":"fi","@id":"https:\/\/goodwill.fi\/kauppa\/tuote\/ken-kenneth-sean-carson-jr-nukke-ja-tarvikkeita\/#primaryimage","url":"https:\/\/goodwill.fi\/kauppa\/wp-content\/uploads\/2024\/08\/IMG_9264-3.jpg","contentUrl":"https:\/\/goodwill.fi\/kauppa\/wp-content\/uploads\/2024\/08\/IMG_9264-3.jpg","width":1210,"height":2055},{"@type":"BreadcrumbList","@id":"https:\/\/goodwill.fi\/kauppa\/tuote\/ken-kenneth-sean-carson-jr-nukke-ja-tarvikkeita\/#breadcrumb","itemListElement":[{"@type":"ListItem","position":1,"name":"Home","item":"https:\/\/goodwill.fi\/kauppa\/"},{"@type":"ListItem","position":2,"name":"Shop","item":"https:\/\/goodwill.fi\/kauppa\/shop\/"},{"@type":"ListItem","position":3,"name":"KEN (KENNETH SEAN CARSON JR.) NUKKE JA TARVIKKEITA"}]},{"@type":"WebSite","@id":"https:\/\/goodwill.fi\/kauppa\/#website","url":"https:\/\/goodwill.fi\/kauppa\/","name":"Goodwill-verkkokauppa","description":"Kierr\u00e4tysmyym\u00e4l\u00e4 verkossa","publisher":{"@id":"https:\/\/goodwill.fi\/kauppa\/#organization"},"potentialAction":[{"@type":"SearchAction","target":{"@type":"EntryPoint","urlTemplate":"https:\/\/goodwill.fi\/kauppa\/?s={search_term_string}"},"query-input":{"@type":"PropertyValueSpecification","valueRequired":true,"valueName":"search_term_string"}}],"inLanguage":"fi"},{"@type":"Organization","@id":"https:\/\/goodwill.fi\/kauppa\/#organization","name":"Goodwill-verkkokauppa","url":"https:\/\/goodwill.fi\/kauppa\/","logo":{"@type":"ImageObject","inLanguage":"fi","@id":"https:\/\/goodwill.fi\/kauppa\/#\/schema\/logo\/image\/","url":"https:\/\/goodwill.fi\/kauppa\/wp-content\/uploads\/2021\/02\/cropped-logo_gw_store-723x211-1.png","contentUrl":"https:\/\/goodwill.fi\/kauppa\/wp-content\/uploads\/2021\/02\/cropped-logo_gw_store-723x211-1.png","width":723,"height":207,"caption":"Goodwill-verkkokauppa"},"image":{"@id":"https:\/\/goodwill.fi\/kauppa\/#\/schema\/logo\/image\/"}}]}},"_links":{"self":[{"href":"https:\/\/goodwill.fi\/kauppa\/wp-json\/wp\/v2\/product\/32214","targetHints":{"allow":["GET"]}}],"collection":[{"href":"https:\/\/goodwill.fi\/kauppa\/wp-json\/wp\/v2\/product"}],"about":[{"href":"https:\/\/goodwill.fi\/kauppa\/wp-json\/wp\/v2\/types\/product"}],"replies":[{"embeddable":true,"href":"https:\/\/goodwill.fi\/kauppa\/wp-json\/wp\/v2\/comments?post=32214"}],"wp:featuredmedia":[{"embeddable":true,"href":"https:\/\/goodwill.fi\/kauppa\/wp-json\/wp\/v2\/media\/32245"}],"wp:attachment":[{"href":"https:\/\/goodwill.fi\/kauppa\/wp-json\/wp\/v2\/media?parent=32214"}],"wp:term":[{"taxonomy":"product_brand","embeddable":true,"href":"https:\/\/goodwill.fi\/kauppa\/wp-json\/wp\/v2\/product_brand?post=32214"},{"taxonomy":"product_cat","embeddable":true,"href":"https:\/\/goodwill.fi\/kauppa\/wp-json\/wp\/v2\/product_cat?post=32214"},{"taxonomy":"product_tag","embeddable":true,"href":"https:\/\/goodwill.fi\/kauppa\/wp-json\/wp\/v2\/product_tag?post=32214"}],"curies":[{"name":"wp","href":"https:\/\/api.w.org\/{rel}","templated":true}]}}