{"id":31514,"date":"2024-07-25T12:48:50","date_gmt":"2024-07-25T09:48:50","guid":{"rendered":"https:\/\/goodwill.fi\/kauppa\/?post_type=product&#038;p=31514"},"modified":"2024-07-26T18:45:51","modified_gmt":"2024-07-26T15:45:51","slug":"orthex-astiat-vintage","status":"publish","type":"product","link":"https:\/\/goodwill.fi\/kauppa\/tuote\/orthex-astiat-vintage\/","title":{"rendered":"ORTHEX ASTIAT VINTAGE"},"content":{"rendered":"<p>Valmistaja: orthex<\/p>\n<p>Mitat muki: korkeus 5 cm, leveys 7,4 cm, paino 27 g<\/p>\n<p>Mitat lautanen:\u00a0 korkeus 1 cm, halkaisija 14 cm, paino 35 g<\/p>\n<p>Mitat munakuppi:\u00a0 korkeus 3,5 cm leveys 4,2 cm, paino 20 g<\/p>\n<p>V\u00e4ri: punainen<\/p>\n<p>Kunto: ehj\u00e4, pient\u00e4 k\u00e4yt\u00f6nj\u00e4lke\u00e4<\/p>\n<p>Myyd\u00e4\u00e4n settin\u00e4<\/p>\n","protected":false},"excerpt":{"rendered":"<p>Valmistaja: orthex Mitat muki: korkeus 5 cm, leveys 7,4 cm, paino 27 g Mitat lautanen:\u00a0 korkeus 1 cm, halkaisija 14 cm, paino 35 g Mitat munakuppi:\u00a0 korkeus 3,5 cm leveys 4,2 cm, paino 20 g V\u00e4ri: punainen Kunto: ehj\u00e4, pient\u00e4 k\u00e4yt\u00f6nj\u00e4lke\u00e4 Myyd\u00e4\u00e4n settin\u00e4<\/p>\n","protected":false},"featured_media":31517,"comment_status":"open","ping_status":"closed","template":"","meta":[],"product_brand":[],"product_cat":[159,166,180,184,146,187],"product_tag":[1375,289,224,398,1342,11188,11187,11189,416],"class_list":{"0":"post-31514","1":"product","2":"type-product","3":"status-publish","4":"has-post-thumbnail","6":"product_cat-kaikki","7":"product_cat-astiat-2","8":"product_cat-keraily-2","9":"product_cat-muu-keraily-2","10":"product_cat-koti-2","11":"product_cat-muu-viihde","12":"product_tag-asetti","13":"product_tag-kahvikuppi","14":"product_tag-lautanen","15":"product_tag-muki","16":"product_tag-munakuppi","17":"product_tag-orthex","18":"product_tag-par00075","19":"product_tag-retkiastiat","20":"product_tag-vintage","22":"first","23":"outofstock","24":"taxable","25":"shipping-taxable","26":"purchasable","27":"product-type-simple"},"yoast_head":"<!-- This site is optimized with the Yoast SEO plugin v27.1.1 - https:\/\/yoast.com\/product\/yoast-seo-wordpress\/ -->\n<title>ORTHEX ASTIAT VINTAGE - Goodwill-verkkokauppa<\/title>\n<meta name=\"description\" content=\"vintage orthex retki astiat , munakuppi muovi muki , kahvimuki, muoviastiat, orthex,\" \/>\n<meta name=\"robots\" content=\"index, follow, max-snippet:-1, max-image-preview:large, max-video-preview:-1\" \/>\n<link rel=\"canonical\" href=\"https:\/\/goodwill.fi\/kauppa\/tuote\/orthex-astiat-vintage\/\" \/>\n<meta property=\"og:locale\" content=\"fi_FI\" \/>\n<meta property=\"og:type\" content=\"article\" \/>\n<meta property=\"og:title\" content=\"ORTHEX ASTIAT VINTAGE - Goodwill-verkkokauppa\" \/>\n<meta property=\"og:description\" content=\"vintage orthex retki astiat , munakuppi muovi muki , kahvimuki, muoviastiat, orthex,\" \/>\n<meta property=\"og:url\" content=\"https:\/\/goodwill.fi\/kauppa\/tuote\/orthex-astiat-vintage\/\" \/>\n<meta property=\"og:site_name\" content=\"Goodwill-verkkokauppa\" \/>\n<meta property=\"article:modified_time\" content=\"2024-07-26T15:45:51+00:00\" \/>\n<meta property=\"og:image\" content=\"https:\/\/goodwill.fi\/kauppa\/wp-content\/uploads\/2024\/07\/IMG_0977.jpg\" \/>\n\t<meta property=\"og:image:width\" content=\"1741\" \/>\n\t<meta property=\"og:image:height\" content=\"1214\" \/>\n\t<meta property=\"og:image:type\" content=\"image\/jpeg\" \/>\n<meta name=\"twitter:card\" content=\"summary_large_image\" \/>\n<meta name=\"twitter:label1\" content=\"Arvioitu lukuaika\" \/>\n\t<meta name=\"twitter:data1\" content=\"1 minuutti\" \/>\n<script type=\"application\/ld+json\" class=\"yoast-schema-graph\">{\"@context\":\"https:\/\/schema.org\",\"@graph\":[{\"@type\":\"WebPage\",\"@id\":\"https:\/\/goodwill.fi\/kauppa\/tuote\/orthex-astiat-vintage\/\",\"url\":\"https:\/\/goodwill.fi\/kauppa\/tuote\/orthex-astiat-vintage\/\",\"name\":\"ORTHEX ASTIAT VINTAGE - Goodwill-verkkokauppa\",\"isPartOf\":{\"@id\":\"https:\/\/goodwill.fi\/kauppa\/#website\"},\"primaryImageOfPage\":{\"@id\":\"https:\/\/goodwill.fi\/kauppa\/tuote\/orthex-astiat-vintage\/#primaryimage\"},\"image\":{\"@id\":\"https:\/\/goodwill.fi\/kauppa\/tuote\/orthex-astiat-vintage\/#primaryimage\"},\"thumbnailUrl\":\"https:\/\/goodwill.fi\/kauppa\/wp-content\/uploads\/2024\/07\/IMG_0977.jpg\",\"datePublished\":\"2024-07-25T09:48:50+00:00\",\"dateModified\":\"2024-07-26T15:45:51+00:00\",\"description\":\"vintage orthex retki astiat , munakuppi muovi muki , kahvimuki, muoviastiat, orthex,\",\"breadcrumb\":{\"@id\":\"https:\/\/goodwill.fi\/kauppa\/tuote\/orthex-astiat-vintage\/#breadcrumb\"},\"inLanguage\":\"fi\",\"potentialAction\":[{\"@type\":\"ReadAction\",\"target\":[\"https:\/\/goodwill.fi\/kauppa\/tuote\/orthex-astiat-vintage\/\"]}]},{\"@type\":\"ImageObject\",\"inLanguage\":\"fi\",\"@id\":\"https:\/\/goodwill.fi\/kauppa\/tuote\/orthex-astiat-vintage\/#primaryimage\",\"url\":\"https:\/\/goodwill.fi\/kauppa\/wp-content\/uploads\/2024\/07\/IMG_0977.jpg\",\"contentUrl\":\"https:\/\/goodwill.fi\/kauppa\/wp-content\/uploads\/2024\/07\/IMG_0977.jpg\",\"width\":1741,\"height\":1214},{\"@type\":\"BreadcrumbList\",\"@id\":\"https:\/\/goodwill.fi\/kauppa\/tuote\/orthex-astiat-vintage\/#breadcrumb\",\"itemListElement\":[{\"@type\":\"ListItem\",\"position\":1,\"name\":\"Home\",\"item\":\"https:\/\/goodwill.fi\/kauppa\/\"},{\"@type\":\"ListItem\",\"position\":2,\"name\":\"Shop\",\"item\":\"https:\/\/goodwill.fi\/kauppa\/shop\/\"},{\"@type\":\"ListItem\",\"position\":3,\"name\":\"ORTHEX ASTIAT VINTAGE\"}]},{\"@type\":\"WebSite\",\"@id\":\"https:\/\/goodwill.fi\/kauppa\/#website\",\"url\":\"https:\/\/goodwill.fi\/kauppa\/\",\"name\":\"Goodwill-verkkokauppa\",\"description\":\"Kierr\u00e4tysmyym\u00e4l\u00e4 verkossa\",\"publisher\":{\"@id\":\"https:\/\/goodwill.fi\/kauppa\/#organization\"},\"potentialAction\":[{\"@type\":\"SearchAction\",\"target\":{\"@type\":\"EntryPoint\",\"urlTemplate\":\"https:\/\/goodwill.fi\/kauppa\/?s={search_term_string}\"},\"query-input\":{\"@type\":\"PropertyValueSpecification\",\"valueRequired\":true,\"valueName\":\"search_term_string\"}}],\"inLanguage\":\"fi\"},{\"@type\":\"Organization\",\"@id\":\"https:\/\/goodwill.fi\/kauppa\/#organization\",\"name\":\"Goodwill-verkkokauppa\",\"url\":\"https:\/\/goodwill.fi\/kauppa\/\",\"logo\":{\"@type\":\"ImageObject\",\"inLanguage\":\"fi\",\"@id\":\"https:\/\/goodwill.fi\/kauppa\/#\/schema\/logo\/image\/\",\"url\":\"https:\/\/goodwill.fi\/kauppa\/wp-content\/uploads\/2021\/02\/cropped-logo_gw_store-723x211-1.png\",\"contentUrl\":\"https:\/\/goodwill.fi\/kauppa\/wp-content\/uploads\/2021\/02\/cropped-logo_gw_store-723x211-1.png\",\"width\":723,\"height\":207,\"caption\":\"Goodwill-verkkokauppa\"},\"image\":{\"@id\":\"https:\/\/goodwill.fi\/kauppa\/#\/schema\/logo\/image\/\"}}]}<\/script>\n<!-- \/ Yoast SEO plugin. -->","yoast_head_json":{"title":"ORTHEX ASTIAT VINTAGE - Goodwill-verkkokauppa","description":"vintage orthex retki astiat , munakuppi muovi muki , kahvimuki, muoviastiat, orthex,","robots":{"index":"index","follow":"follow","max-snippet":"max-snippet:-1","max-image-preview":"max-image-preview:large","max-video-preview":"max-video-preview:-1"},"canonical":"https:\/\/goodwill.fi\/kauppa\/tuote\/orthex-astiat-vintage\/","og_locale":"fi_FI","og_type":"article","og_title":"ORTHEX ASTIAT VINTAGE - Goodwill-verkkokauppa","og_description":"vintage orthex retki astiat , munakuppi muovi muki , kahvimuki, muoviastiat, orthex,","og_url":"https:\/\/goodwill.fi\/kauppa\/tuote\/orthex-astiat-vintage\/","og_site_name":"Goodwill-verkkokauppa","article_modified_time":"2024-07-26T15:45:51+00:00","og_image":[{"width":1741,"height":1214,"url":"https:\/\/goodwill.fi\/kauppa\/wp-content\/uploads\/2024\/07\/IMG_0977.jpg","type":"image\/jpeg"}],"twitter_card":"summary_large_image","twitter_misc":{"Arvioitu lukuaika":"1 minuutti"},"schema":{"@context":"https:\/\/schema.org","@graph":[{"@type":"WebPage","@id":"https:\/\/goodwill.fi\/kauppa\/tuote\/orthex-astiat-vintage\/","url":"https:\/\/goodwill.fi\/kauppa\/tuote\/orthex-astiat-vintage\/","name":"ORTHEX ASTIAT VINTAGE - Goodwill-verkkokauppa","isPartOf":{"@id":"https:\/\/goodwill.fi\/kauppa\/#website"},"primaryImageOfPage":{"@id":"https:\/\/goodwill.fi\/kauppa\/tuote\/orthex-astiat-vintage\/#primaryimage"},"image":{"@id":"https:\/\/goodwill.fi\/kauppa\/tuote\/orthex-astiat-vintage\/#primaryimage"},"thumbnailUrl":"https:\/\/goodwill.fi\/kauppa\/wp-content\/uploads\/2024\/07\/IMG_0977.jpg","datePublished":"2024-07-25T09:48:50+00:00","dateModified":"2024-07-26T15:45:51+00:00","description":"vintage orthex retki astiat , munakuppi muovi muki , kahvimuki, muoviastiat, orthex,","breadcrumb":{"@id":"https:\/\/goodwill.fi\/kauppa\/tuote\/orthex-astiat-vintage\/#breadcrumb"},"inLanguage":"fi","potentialAction":[{"@type":"ReadAction","target":["https:\/\/goodwill.fi\/kauppa\/tuote\/orthex-astiat-vintage\/"]}]},{"@type":"ImageObject","inLanguage":"fi","@id":"https:\/\/goodwill.fi\/kauppa\/tuote\/orthex-astiat-vintage\/#primaryimage","url":"https:\/\/goodwill.fi\/kauppa\/wp-content\/uploads\/2024\/07\/IMG_0977.jpg","contentUrl":"https:\/\/goodwill.fi\/kauppa\/wp-content\/uploads\/2024\/07\/IMG_0977.jpg","width":1741,"height":1214},{"@type":"BreadcrumbList","@id":"https:\/\/goodwill.fi\/kauppa\/tuote\/orthex-astiat-vintage\/#breadcrumb","itemListElement":[{"@type":"ListItem","position":1,"name":"Home","item":"https:\/\/goodwill.fi\/kauppa\/"},{"@type":"ListItem","position":2,"name":"Shop","item":"https:\/\/goodwill.fi\/kauppa\/shop\/"},{"@type":"ListItem","position":3,"name":"ORTHEX ASTIAT VINTAGE"}]},{"@type":"WebSite","@id":"https:\/\/goodwill.fi\/kauppa\/#website","url":"https:\/\/goodwill.fi\/kauppa\/","name":"Goodwill-verkkokauppa","description":"Kierr\u00e4tysmyym\u00e4l\u00e4 verkossa","publisher":{"@id":"https:\/\/goodwill.fi\/kauppa\/#organization"},"potentialAction":[{"@type":"SearchAction","target":{"@type":"EntryPoint","urlTemplate":"https:\/\/goodwill.fi\/kauppa\/?s={search_term_string}"},"query-input":{"@type":"PropertyValueSpecification","valueRequired":true,"valueName":"search_term_string"}}],"inLanguage":"fi"},{"@type":"Organization","@id":"https:\/\/goodwill.fi\/kauppa\/#organization","name":"Goodwill-verkkokauppa","url":"https:\/\/goodwill.fi\/kauppa\/","logo":{"@type":"ImageObject","inLanguage":"fi","@id":"https:\/\/goodwill.fi\/kauppa\/#\/schema\/logo\/image\/","url":"https:\/\/goodwill.fi\/kauppa\/wp-content\/uploads\/2021\/02\/cropped-logo_gw_store-723x211-1.png","contentUrl":"https:\/\/goodwill.fi\/kauppa\/wp-content\/uploads\/2021\/02\/cropped-logo_gw_store-723x211-1.png","width":723,"height":207,"caption":"Goodwill-verkkokauppa"},"image":{"@id":"https:\/\/goodwill.fi\/kauppa\/#\/schema\/logo\/image\/"}}]}},"_links":{"self":[{"href":"https:\/\/goodwill.fi\/kauppa\/wp-json\/wp\/v2\/product\/31514","targetHints":{"allow":["GET"]}}],"collection":[{"href":"https:\/\/goodwill.fi\/kauppa\/wp-json\/wp\/v2\/product"}],"about":[{"href":"https:\/\/goodwill.fi\/kauppa\/wp-json\/wp\/v2\/types\/product"}],"replies":[{"embeddable":true,"href":"https:\/\/goodwill.fi\/kauppa\/wp-json\/wp\/v2\/comments?post=31514"}],"wp:featuredmedia":[{"embeddable":true,"href":"https:\/\/goodwill.fi\/kauppa\/wp-json\/wp\/v2\/media\/31517"}],"wp:attachment":[{"href":"https:\/\/goodwill.fi\/kauppa\/wp-json\/wp\/v2\/media?parent=31514"}],"wp:term":[{"taxonomy":"product_brand","embeddable":true,"href":"https:\/\/goodwill.fi\/kauppa\/wp-json\/wp\/v2\/product_brand?post=31514"},{"taxonomy":"product_cat","embeddable":true,"href":"https:\/\/goodwill.fi\/kauppa\/wp-json\/wp\/v2\/product_cat?post=31514"},{"taxonomy":"product_tag","embeddable":true,"href":"https:\/\/goodwill.fi\/kauppa\/wp-json\/wp\/v2\/product_tag?post=31514"}],"curies":[{"name":"wp","href":"https:\/\/api.w.org\/{rel}","templated":true}]}}