{"id":30560,"date":"2024-07-15T10:22:20","date_gmt":"2024-07-15T07:22:20","guid":{"rendered":"https:\/\/goodwill.fi\/kauppa\/?post_type=product&#038;p=30560"},"modified":"2024-07-24T18:33:37","modified_gmt":"2024-07-24T15:33:37","slug":"sakkipilli","status":"publish","type":"product","link":"https:\/\/goodwill.fi\/kauppa\/tuote\/sakkipilli\/","title":{"rendered":"S\u00c4KKIPILLI"},"content":{"rendered":"<p>Aloittelevalle harrastajalle tai miksi ei kokeneemmallekin hieno punainen s\u00e4kkipilli. Mukana my\u00f6s kantolaukku, vaihto osia sek\u00e4 k\u00e4ytt\u00f6ohje.<\/p>\n<p>Valmistaja: ei tiedossa<br \/>\nMitat: s\u00e4kin pituus n. 66 cm<br \/>\nKantolaukun mitat: pituus 58 cm, leveys 18 cm<br \/>\nV\u00e4ri: ruskea, punainen<br \/>\nMateriaali: metalli, muovi, puu<br \/>\nKunto: ehj\u00e4, hyvin v\u00e4h\u00e4n k\u00e4yt\u00f6n j\u00e4lki\u00e4, emme ole testanneet soittamista mutta s\u00e4kki pit\u00e4\u00e4 ilmaa<br \/>\nHuom: tarvittaessa pyyd\u00e4th\u00e4n lis\u00e4\u00e4 mittoja!<\/p>\n","protected":false},"excerpt":{"rendered":"<p>Aloittelevalle harrastajalle tai miksi ei kokeneemmallekin hieno punainen s\u00e4kkipilli. Mukana my\u00f6s kantolaukku, vaihto osia sek\u00e4 k\u00e4ytt\u00f6ohje. Valmistaja: ei tiedossa Mitat: s\u00e4kin pituus n. 66 cm Kantolaukun mitat: pituus 58 cm, leveys 18 cm V\u00e4ri: ruskea, punainen Materiaali: metalli, muovi, puu Kunto: ehj\u00e4, hyvin v\u00e4h\u00e4n k\u00e4yt\u00f6n j\u00e4lki\u00e4, emme ole testanneet soittamista mutta s\u00e4kki pit\u00e4\u00e4 ilmaa Huom: [&hellip;]<\/p>\n","protected":false},"featured_media":30562,"comment_status":"open","ping_status":"closed","template":"","meta":[],"product_brand":[],"product_cat":[159,143,185,5794],"product_tag":[4695,10989,10988,10990,10991],"class_list":{"0":"post-30560","1":"product","2":"type-product","3":"status-publish","4":"has-post-thumbnail","6":"product_cat-kaikki","7":"product_cat-viihde-2","8":"product_cat-musiikki","9":"product_cat-soittimet","10":"product_tag-pilli","11":"product_tag-sakki","12":"product_tag-sakkipilli","13":"product_tag-tartaani","14":"product_tag-tartan","16":"first","17":"outofstock","18":"taxable","19":"shipping-taxable","20":"purchasable","21":"product-type-simple"},"yoast_head":"<!-- This site is optimized with the Yoast SEO plugin v27.1.1 - https:\/\/yoast.com\/product\/yoast-seo-wordpress\/ -->\n<title>S\u00c4KKIPILLI - Goodwill-verkkokauppa<\/title>\n<meta name=\"description\" content=\"Aloittelevalle harrastajalle tai miksi ei kokeneemmallekin hieno punainen s\u00e4kkipilli. Mukana my\u00f6s kantolaukku, vaihto osia sek\u00e4 k\u00e4ytt\u00f6ohje.\" \/>\n<meta name=\"robots\" content=\"index, follow, max-snippet:-1, max-image-preview:large, max-video-preview:-1\" \/>\n<link rel=\"canonical\" href=\"https:\/\/goodwill.fi\/kauppa\/tuote\/sakkipilli\/\" \/>\n<meta property=\"og:locale\" content=\"fi_FI\" \/>\n<meta property=\"og:type\" content=\"article\" \/>\n<meta property=\"og:title\" content=\"S\u00c4KKIPILLI - Goodwill-verkkokauppa\" \/>\n<meta property=\"og:description\" content=\"Aloittelevalle harrastajalle tai miksi ei kokeneemmallekin hieno punainen s\u00e4kkipilli. Mukana my\u00f6s kantolaukku, vaihto osia sek\u00e4 k\u00e4ytt\u00f6ohje.\" \/>\n<meta property=\"og:url\" content=\"https:\/\/goodwill.fi\/kauppa\/tuote\/sakkipilli\/\" \/>\n<meta property=\"og:site_name\" content=\"Goodwill-verkkokauppa\" \/>\n<meta property=\"article:modified_time\" content=\"2024-07-24T15:33:37+00:00\" \/>\n<meta property=\"og:image\" content=\"https:\/\/goodwill.fi\/kauppa\/wp-content\/uploads\/2024\/07\/IMG_8068-scaled-e1721027875478.jpg\" \/>\n\t<meta property=\"og:image:width\" content=\"2432\" \/>\n\t<meta property=\"og:image:height\" content=\"1706\" \/>\n\t<meta property=\"og:image:type\" content=\"image\/jpeg\" \/>\n<meta name=\"twitter:card\" content=\"summary_large_image\" \/>\n<meta name=\"twitter:label1\" content=\"Arvioitu lukuaika\" \/>\n\t<meta name=\"twitter:data1\" content=\"1 minuutti\" \/>\n<script type=\"application\/ld+json\" class=\"yoast-schema-graph\">{\"@context\":\"https:\/\/schema.org\",\"@graph\":[{\"@type\":\"WebPage\",\"@id\":\"https:\/\/goodwill.fi\/kauppa\/tuote\/sakkipilli\/\",\"url\":\"https:\/\/goodwill.fi\/kauppa\/tuote\/sakkipilli\/\",\"name\":\"S\u00c4KKIPILLI - Goodwill-verkkokauppa\",\"isPartOf\":{\"@id\":\"https:\/\/goodwill.fi\/kauppa\/#website\"},\"primaryImageOfPage\":{\"@id\":\"https:\/\/goodwill.fi\/kauppa\/tuote\/sakkipilli\/#primaryimage\"},\"image\":{\"@id\":\"https:\/\/goodwill.fi\/kauppa\/tuote\/sakkipilli\/#primaryimage\"},\"thumbnailUrl\":\"https:\/\/goodwill.fi\/kauppa\/wp-content\/uploads\/2024\/07\/IMG_8068-scaled-e1721027875478.jpg\",\"datePublished\":\"2024-07-15T07:22:20+00:00\",\"dateModified\":\"2024-07-24T15:33:37+00:00\",\"description\":\"Aloittelevalle harrastajalle tai miksi ei kokeneemmallekin hieno punainen s\u00e4kkipilli. Mukana my\u00f6s kantolaukku, vaihto osia sek\u00e4 k\u00e4ytt\u00f6ohje.\",\"breadcrumb\":{\"@id\":\"https:\/\/goodwill.fi\/kauppa\/tuote\/sakkipilli\/#breadcrumb\"},\"inLanguage\":\"fi\",\"potentialAction\":[{\"@type\":\"ReadAction\",\"target\":[\"https:\/\/goodwill.fi\/kauppa\/tuote\/sakkipilli\/\"]}]},{\"@type\":\"ImageObject\",\"inLanguage\":\"fi\",\"@id\":\"https:\/\/goodwill.fi\/kauppa\/tuote\/sakkipilli\/#primaryimage\",\"url\":\"https:\/\/goodwill.fi\/kauppa\/wp-content\/uploads\/2024\/07\/IMG_8068-scaled-e1721027875478.jpg\",\"contentUrl\":\"https:\/\/goodwill.fi\/kauppa\/wp-content\/uploads\/2024\/07\/IMG_8068-scaled-e1721027875478.jpg\",\"width\":2432,\"height\":1706},{\"@type\":\"BreadcrumbList\",\"@id\":\"https:\/\/goodwill.fi\/kauppa\/tuote\/sakkipilli\/#breadcrumb\",\"itemListElement\":[{\"@type\":\"ListItem\",\"position\":1,\"name\":\"Home\",\"item\":\"https:\/\/goodwill.fi\/kauppa\/\"},{\"@type\":\"ListItem\",\"position\":2,\"name\":\"Shop\",\"item\":\"https:\/\/goodwill.fi\/kauppa\/shop\/\"},{\"@type\":\"ListItem\",\"position\":3,\"name\":\"S\u00c4KKIPILLI\"}]},{\"@type\":\"WebSite\",\"@id\":\"https:\/\/goodwill.fi\/kauppa\/#website\",\"url\":\"https:\/\/goodwill.fi\/kauppa\/\",\"name\":\"Goodwill-verkkokauppa\",\"description\":\"Kierr\u00e4tysmyym\u00e4l\u00e4 verkossa\",\"publisher\":{\"@id\":\"https:\/\/goodwill.fi\/kauppa\/#organization\"},\"potentialAction\":[{\"@type\":\"SearchAction\",\"target\":{\"@type\":\"EntryPoint\",\"urlTemplate\":\"https:\/\/goodwill.fi\/kauppa\/?s={search_term_string}\"},\"query-input\":{\"@type\":\"PropertyValueSpecification\",\"valueRequired\":true,\"valueName\":\"search_term_string\"}}],\"inLanguage\":\"fi\"},{\"@type\":\"Organization\",\"@id\":\"https:\/\/goodwill.fi\/kauppa\/#organization\",\"name\":\"Goodwill-verkkokauppa\",\"url\":\"https:\/\/goodwill.fi\/kauppa\/\",\"logo\":{\"@type\":\"ImageObject\",\"inLanguage\":\"fi\",\"@id\":\"https:\/\/goodwill.fi\/kauppa\/#\/schema\/logo\/image\/\",\"url\":\"https:\/\/goodwill.fi\/kauppa\/wp-content\/uploads\/2021\/02\/cropped-logo_gw_store-723x211-1.png\",\"contentUrl\":\"https:\/\/goodwill.fi\/kauppa\/wp-content\/uploads\/2021\/02\/cropped-logo_gw_store-723x211-1.png\",\"width\":723,\"height\":207,\"caption\":\"Goodwill-verkkokauppa\"},\"image\":{\"@id\":\"https:\/\/goodwill.fi\/kauppa\/#\/schema\/logo\/image\/\"}}]}<\/script>\n<!-- \/ Yoast SEO plugin. -->","yoast_head_json":{"title":"S\u00c4KKIPILLI - Goodwill-verkkokauppa","description":"Aloittelevalle harrastajalle tai miksi ei kokeneemmallekin hieno punainen s\u00e4kkipilli. Mukana my\u00f6s kantolaukku, vaihto osia sek\u00e4 k\u00e4ytt\u00f6ohje.","robots":{"index":"index","follow":"follow","max-snippet":"max-snippet:-1","max-image-preview":"max-image-preview:large","max-video-preview":"max-video-preview:-1"},"canonical":"https:\/\/goodwill.fi\/kauppa\/tuote\/sakkipilli\/","og_locale":"fi_FI","og_type":"article","og_title":"S\u00c4KKIPILLI - Goodwill-verkkokauppa","og_description":"Aloittelevalle harrastajalle tai miksi ei kokeneemmallekin hieno punainen s\u00e4kkipilli. Mukana my\u00f6s kantolaukku, vaihto osia sek\u00e4 k\u00e4ytt\u00f6ohje.","og_url":"https:\/\/goodwill.fi\/kauppa\/tuote\/sakkipilli\/","og_site_name":"Goodwill-verkkokauppa","article_modified_time":"2024-07-24T15:33:37+00:00","og_image":[{"width":2432,"height":1706,"url":"https:\/\/goodwill.fi\/kauppa\/wp-content\/uploads\/2024\/07\/IMG_8068-scaled-e1721027875478.jpg","type":"image\/jpeg"}],"twitter_card":"summary_large_image","twitter_misc":{"Arvioitu lukuaika":"1 minuutti"},"schema":{"@context":"https:\/\/schema.org","@graph":[{"@type":"WebPage","@id":"https:\/\/goodwill.fi\/kauppa\/tuote\/sakkipilli\/","url":"https:\/\/goodwill.fi\/kauppa\/tuote\/sakkipilli\/","name":"S\u00c4KKIPILLI - Goodwill-verkkokauppa","isPartOf":{"@id":"https:\/\/goodwill.fi\/kauppa\/#website"},"primaryImageOfPage":{"@id":"https:\/\/goodwill.fi\/kauppa\/tuote\/sakkipilli\/#primaryimage"},"image":{"@id":"https:\/\/goodwill.fi\/kauppa\/tuote\/sakkipilli\/#primaryimage"},"thumbnailUrl":"https:\/\/goodwill.fi\/kauppa\/wp-content\/uploads\/2024\/07\/IMG_8068-scaled-e1721027875478.jpg","datePublished":"2024-07-15T07:22:20+00:00","dateModified":"2024-07-24T15:33:37+00:00","description":"Aloittelevalle harrastajalle tai miksi ei kokeneemmallekin hieno punainen s\u00e4kkipilli. Mukana my\u00f6s kantolaukku, vaihto osia sek\u00e4 k\u00e4ytt\u00f6ohje.","breadcrumb":{"@id":"https:\/\/goodwill.fi\/kauppa\/tuote\/sakkipilli\/#breadcrumb"},"inLanguage":"fi","potentialAction":[{"@type":"ReadAction","target":["https:\/\/goodwill.fi\/kauppa\/tuote\/sakkipilli\/"]}]},{"@type":"ImageObject","inLanguage":"fi","@id":"https:\/\/goodwill.fi\/kauppa\/tuote\/sakkipilli\/#primaryimage","url":"https:\/\/goodwill.fi\/kauppa\/wp-content\/uploads\/2024\/07\/IMG_8068-scaled-e1721027875478.jpg","contentUrl":"https:\/\/goodwill.fi\/kauppa\/wp-content\/uploads\/2024\/07\/IMG_8068-scaled-e1721027875478.jpg","width":2432,"height":1706},{"@type":"BreadcrumbList","@id":"https:\/\/goodwill.fi\/kauppa\/tuote\/sakkipilli\/#breadcrumb","itemListElement":[{"@type":"ListItem","position":1,"name":"Home","item":"https:\/\/goodwill.fi\/kauppa\/"},{"@type":"ListItem","position":2,"name":"Shop","item":"https:\/\/goodwill.fi\/kauppa\/shop\/"},{"@type":"ListItem","position":3,"name":"S\u00c4KKIPILLI"}]},{"@type":"WebSite","@id":"https:\/\/goodwill.fi\/kauppa\/#website","url":"https:\/\/goodwill.fi\/kauppa\/","name":"Goodwill-verkkokauppa","description":"Kierr\u00e4tysmyym\u00e4l\u00e4 verkossa","publisher":{"@id":"https:\/\/goodwill.fi\/kauppa\/#organization"},"potentialAction":[{"@type":"SearchAction","target":{"@type":"EntryPoint","urlTemplate":"https:\/\/goodwill.fi\/kauppa\/?s={search_term_string}"},"query-input":{"@type":"PropertyValueSpecification","valueRequired":true,"valueName":"search_term_string"}}],"inLanguage":"fi"},{"@type":"Organization","@id":"https:\/\/goodwill.fi\/kauppa\/#organization","name":"Goodwill-verkkokauppa","url":"https:\/\/goodwill.fi\/kauppa\/","logo":{"@type":"ImageObject","inLanguage":"fi","@id":"https:\/\/goodwill.fi\/kauppa\/#\/schema\/logo\/image\/","url":"https:\/\/goodwill.fi\/kauppa\/wp-content\/uploads\/2021\/02\/cropped-logo_gw_store-723x211-1.png","contentUrl":"https:\/\/goodwill.fi\/kauppa\/wp-content\/uploads\/2021\/02\/cropped-logo_gw_store-723x211-1.png","width":723,"height":207,"caption":"Goodwill-verkkokauppa"},"image":{"@id":"https:\/\/goodwill.fi\/kauppa\/#\/schema\/logo\/image\/"}}]}},"_links":{"self":[{"href":"https:\/\/goodwill.fi\/kauppa\/wp-json\/wp\/v2\/product\/30560","targetHints":{"allow":["GET"]}}],"collection":[{"href":"https:\/\/goodwill.fi\/kauppa\/wp-json\/wp\/v2\/product"}],"about":[{"href":"https:\/\/goodwill.fi\/kauppa\/wp-json\/wp\/v2\/types\/product"}],"replies":[{"embeddable":true,"href":"https:\/\/goodwill.fi\/kauppa\/wp-json\/wp\/v2\/comments?post=30560"}],"wp:featuredmedia":[{"embeddable":true,"href":"https:\/\/goodwill.fi\/kauppa\/wp-json\/wp\/v2\/media\/30562"}],"wp:attachment":[{"href":"https:\/\/goodwill.fi\/kauppa\/wp-json\/wp\/v2\/media?parent=30560"}],"wp:term":[{"taxonomy":"product_brand","embeddable":true,"href":"https:\/\/goodwill.fi\/kauppa\/wp-json\/wp\/v2\/product_brand?post=30560"},{"taxonomy":"product_cat","embeddable":true,"href":"https:\/\/goodwill.fi\/kauppa\/wp-json\/wp\/v2\/product_cat?post=30560"},{"taxonomy":"product_tag","embeddable":true,"href":"https:\/\/goodwill.fi\/kauppa\/wp-json\/wp\/v2\/product_tag?post=30560"}],"curies":[{"name":"wp","href":"https:\/\/api.w.org\/{rel}","templated":true}]}}