{"id":30231,"date":"2024-07-10T11:50:56","date_gmt":"2024-07-10T08:50:56","guid":{"rendered":"https:\/\/goodwill.fi\/kauppa\/?post_type=product&#038;p=30231"},"modified":"2025-01-16T15:29:47","modified_gmt":"2025-01-16T13:29:47","slug":"citizen-eco-drive-rannekello","status":"publish","type":"product","link":"https:\/\/goodwill.fi\/kauppa\/tuote\/citizen-eco-drive-rannekello\/","title":{"rendered":"CITIZEN ECO-DRIVE RANNEKELLO"},"content":{"rendered":"<p>Ekologisempi vaihtoehto kelloksi! Valosta latautuva Citizenin eco-drive kello jossa ajan lis\u00e4ksi my\u00f6s p\u00e4iv\u00e4n\u00e4ytt\u00f6.<\/p>\n<p>Valmistaja: Citizen<br \/>\nToimintamekanismi: eco-drive, latautuu valossa<br \/>\nMitat: kellotaulun leveys 4 cm, paino 82 g<br \/>\nV\u00e4ri: hopea, kulta<br \/>\nMateriaali: base metal mpdg, ranneke ruostumatonta ter\u00e4st\u00e4<br \/>\nKunto: toimiva, eritt\u00e4in siisti kuntoinen, hieman likaa<\/p>\n","protected":false},"excerpt":{"rendered":"<p>Ekologisempi vaihtoehto kelloksi! Valosta latautuva Citizenin eco-drive kello jossa ajan lis\u00e4ksi my\u00f6s p\u00e4iv\u00e4n\u00e4ytt\u00f6. Valmistaja: Citizen Toimintamekanismi: eco-drive, latautuu valossa Mitat: kellotaulun leveys 4 cm, paino 82 g V\u00e4ri: hopea, kulta Materiaali: base metal mpdg, ranneke ruostumatonta ter\u00e4st\u00e4 Kunto: toimiva, eritt\u00e4in siisti kuntoinen, hieman likaa<\/p>\n","protected":false},"featured_media":30235,"comment_status":"open","ping_status":"closed","template":"","meta":[],"product_brand":[],"product_cat":[159,177,176],"product_tag":[10897,10895,10896,437,1226],"class_list":{"0":"post-30231","1":"product","2":"type-product","3":"status-publish","4":"has-post-thumbnail","6":"product_cat-kaikki","7":"product_cat-kellot","8":"product_cat-asusteet-2","9":"product_tag-aurinkokello","10":"product_tag-citizen","11":"product_tag-eco-drive","12":"product_tag-kello","13":"product_tag-rannekello","15":"first","16":"outofstock","17":"taxable","18":"shipping-taxable","19":"purchasable","20":"product-type-simple"},"yoast_head":"<!-- This site is optimized with the Yoast SEO plugin v27.5 - https:\/\/yoast.com\/product\/yoast-seo-wordpress\/ -->\n<title>CITIZEN ECO-DRIVE RANNEKELLO - Goodwill-verkkokauppa<\/title>\n<meta name=\"description\" content=\"Ekologisempi vaihtoehto kelloksi! Valosta latautuva Citizenin eco-drive kello jossa ajan lis\u00e4ksi my\u00f6s p\u00e4iv\u00e4n\u00e4ytt\u00f6.\u00a0Toimintamekanismi: eco-drive\" \/>\n<meta name=\"robots\" content=\"index, follow, max-snippet:-1, max-image-preview:large, max-video-preview:-1\" \/>\n<link rel=\"canonical\" href=\"https:\/\/goodwill.fi\/kauppa\/tuote\/citizen-eco-drive-rannekello\/\" \/>\n<meta property=\"og:locale\" content=\"fi_FI\" \/>\n<meta property=\"og:type\" content=\"article\" \/>\n<meta property=\"og:title\" content=\"CITIZEN ECO-DRIVE RANNEKELLO - Goodwill-verkkokauppa\" \/>\n<meta property=\"og:description\" content=\"Ekologisempi vaihtoehto kelloksi! Valosta latautuva Citizenin eco-drive kello jossa ajan lis\u00e4ksi my\u00f6s p\u00e4iv\u00e4n\u00e4ytt\u00f6.\u00a0Toimintamekanismi: eco-drive\" \/>\n<meta property=\"og:url\" content=\"https:\/\/goodwill.fi\/kauppa\/tuote\/citizen-eco-drive-rannekello\/\" \/>\n<meta property=\"og:site_name\" content=\"Goodwill-verkkokauppa\" \/>\n<meta property=\"article:modified_time\" content=\"2025-01-16T13:29:47+00:00\" \/>\n<meta property=\"og:image\" content=\"https:\/\/goodwill.fi\/kauppa\/wp-content\/uploads\/2024\/07\/IMG_9171-scaled-e1720519356715.jpg\" \/>\n\t<meta property=\"og:image:width\" content=\"2346\" \/>\n\t<meta property=\"og:image:height\" content=\"1706\" \/>\n\t<meta property=\"og:image:type\" content=\"image\/jpeg\" \/>\n<meta name=\"twitter:card\" content=\"summary_large_image\" \/>\n<meta name=\"twitter:label1\" content=\"Arvioitu lukuaika\" \/>\n\t<meta name=\"twitter:data1\" content=\"1 minuutti\" \/>\n<script type=\"application\/ld+json\" class=\"yoast-schema-graph\">{\"@context\":\"https:\\\/\\\/schema.org\",\"@graph\":[{\"@type\":\"WebPage\",\"@id\":\"https:\\\/\\\/goodwill.fi\\\/kauppa\\\/tuote\\\/citizen-eco-drive-rannekello\\\/\",\"url\":\"https:\\\/\\\/goodwill.fi\\\/kauppa\\\/tuote\\\/citizen-eco-drive-rannekello\\\/\",\"name\":\"CITIZEN ECO-DRIVE RANNEKELLO - Goodwill-verkkokauppa\",\"isPartOf\":{\"@id\":\"https:\\\/\\\/goodwill.fi\\\/kauppa\\\/#website\"},\"primaryImageOfPage\":{\"@id\":\"https:\\\/\\\/goodwill.fi\\\/kauppa\\\/tuote\\\/citizen-eco-drive-rannekello\\\/#primaryimage\"},\"image\":{\"@id\":\"https:\\\/\\\/goodwill.fi\\\/kauppa\\\/tuote\\\/citizen-eco-drive-rannekello\\\/#primaryimage\"},\"thumbnailUrl\":\"https:\\\/\\\/goodwill.fi\\\/kauppa\\\/wp-content\\\/uploads\\\/2024\\\/07\\\/IMG_9171-scaled-e1720519356715.jpg\",\"datePublished\":\"2024-07-10T08:50:56+00:00\",\"dateModified\":\"2025-01-16T13:29:47+00:00\",\"description\":\"Ekologisempi vaihtoehto kelloksi! Valosta latautuva Citizenin eco-drive kello jossa ajan lis\u00e4ksi my\u00f6s p\u00e4iv\u00e4n\u00e4ytt\u00f6.\u00a0Toimintamekanismi: eco-drive\",\"breadcrumb\":{\"@id\":\"https:\\\/\\\/goodwill.fi\\\/kauppa\\\/tuote\\\/citizen-eco-drive-rannekello\\\/#breadcrumb\"},\"inLanguage\":\"fi\",\"potentialAction\":[{\"@type\":\"ReadAction\",\"target\":[\"https:\\\/\\\/goodwill.fi\\\/kauppa\\\/tuote\\\/citizen-eco-drive-rannekello\\\/\"]}]},{\"@type\":\"ImageObject\",\"inLanguage\":\"fi\",\"@id\":\"https:\\\/\\\/goodwill.fi\\\/kauppa\\\/tuote\\\/citizen-eco-drive-rannekello\\\/#primaryimage\",\"url\":\"https:\\\/\\\/goodwill.fi\\\/kauppa\\\/wp-content\\\/uploads\\\/2024\\\/07\\\/IMG_9171-scaled-e1720519356715.jpg\",\"contentUrl\":\"https:\\\/\\\/goodwill.fi\\\/kauppa\\\/wp-content\\\/uploads\\\/2024\\\/07\\\/IMG_9171-scaled-e1720519356715.jpg\",\"width\":2346,\"height\":1706},{\"@type\":\"BreadcrumbList\",\"@id\":\"https:\\\/\\\/goodwill.fi\\\/kauppa\\\/tuote\\\/citizen-eco-drive-rannekello\\\/#breadcrumb\",\"itemListElement\":[{\"@type\":\"ListItem\",\"position\":1,\"name\":\"Home\",\"item\":\"https:\\\/\\\/goodwill.fi\\\/kauppa\\\/\"},{\"@type\":\"ListItem\",\"position\":2,\"name\":\"Shop\",\"item\":\"https:\\\/\\\/goodwill.fi\\\/kauppa\\\/shop\\\/\"},{\"@type\":\"ListItem\",\"position\":3,\"name\":\"CITIZEN ECO-DRIVE RANNEKELLO\"}]},{\"@type\":\"WebSite\",\"@id\":\"https:\\\/\\\/goodwill.fi\\\/kauppa\\\/#website\",\"url\":\"https:\\\/\\\/goodwill.fi\\\/kauppa\\\/\",\"name\":\"Goodwill-verkkokauppa\",\"description\":\"Kierr\u00e4tysmyym\u00e4l\u00e4 verkossa\",\"publisher\":{\"@id\":\"https:\\\/\\\/goodwill.fi\\\/kauppa\\\/#organization\"},\"potentialAction\":[{\"@type\":\"SearchAction\",\"target\":{\"@type\":\"EntryPoint\",\"urlTemplate\":\"https:\\\/\\\/goodwill.fi\\\/kauppa\\\/?s={search_term_string}\"},\"query-input\":{\"@type\":\"PropertyValueSpecification\",\"valueRequired\":true,\"valueName\":\"search_term_string\"}}],\"inLanguage\":\"fi\"},{\"@type\":\"Organization\",\"@id\":\"https:\\\/\\\/goodwill.fi\\\/kauppa\\\/#organization\",\"name\":\"Goodwill-verkkokauppa\",\"url\":\"https:\\\/\\\/goodwill.fi\\\/kauppa\\\/\",\"logo\":{\"@type\":\"ImageObject\",\"inLanguage\":\"fi\",\"@id\":\"https:\\\/\\\/goodwill.fi\\\/kauppa\\\/#\\\/schema\\\/logo\\\/image\\\/\",\"url\":\"https:\\\/\\\/goodwill.fi\\\/kauppa\\\/wp-content\\\/uploads\\\/2021\\\/02\\\/cropped-logo_gw_store-723x211-1.png\",\"contentUrl\":\"https:\\\/\\\/goodwill.fi\\\/kauppa\\\/wp-content\\\/uploads\\\/2021\\\/02\\\/cropped-logo_gw_store-723x211-1.png\",\"width\":723,\"height\":207,\"caption\":\"Goodwill-verkkokauppa\"},\"image\":{\"@id\":\"https:\\\/\\\/goodwill.fi\\\/kauppa\\\/#\\\/schema\\\/logo\\\/image\\\/\"}}]}<\/script>\n<!-- \/ Yoast SEO plugin. -->","yoast_head_json":{"title":"CITIZEN ECO-DRIVE RANNEKELLO - Goodwill-verkkokauppa","description":"Ekologisempi vaihtoehto kelloksi! Valosta latautuva Citizenin eco-drive kello jossa ajan lis\u00e4ksi my\u00f6s p\u00e4iv\u00e4n\u00e4ytt\u00f6.\u00a0Toimintamekanismi: eco-drive","robots":{"index":"index","follow":"follow","max-snippet":"max-snippet:-1","max-image-preview":"max-image-preview:large","max-video-preview":"max-video-preview:-1"},"canonical":"https:\/\/goodwill.fi\/kauppa\/tuote\/citizen-eco-drive-rannekello\/","og_locale":"fi_FI","og_type":"article","og_title":"CITIZEN ECO-DRIVE RANNEKELLO - Goodwill-verkkokauppa","og_description":"Ekologisempi vaihtoehto kelloksi! Valosta latautuva Citizenin eco-drive kello jossa ajan lis\u00e4ksi my\u00f6s p\u00e4iv\u00e4n\u00e4ytt\u00f6.\u00a0Toimintamekanismi: eco-drive","og_url":"https:\/\/goodwill.fi\/kauppa\/tuote\/citizen-eco-drive-rannekello\/","og_site_name":"Goodwill-verkkokauppa","article_modified_time":"2025-01-16T13:29:47+00:00","og_image":[{"width":2346,"height":1706,"url":"https:\/\/goodwill.fi\/kauppa\/wp-content\/uploads\/2024\/07\/IMG_9171-scaled-e1720519356715.jpg","type":"image\/jpeg"}],"twitter_card":"summary_large_image","twitter_misc":{"Arvioitu lukuaika":"1 minuutti"},"schema":{"@context":"https:\/\/schema.org","@graph":[{"@type":"WebPage","@id":"https:\/\/goodwill.fi\/kauppa\/tuote\/citizen-eco-drive-rannekello\/","url":"https:\/\/goodwill.fi\/kauppa\/tuote\/citizen-eco-drive-rannekello\/","name":"CITIZEN ECO-DRIVE RANNEKELLO - Goodwill-verkkokauppa","isPartOf":{"@id":"https:\/\/goodwill.fi\/kauppa\/#website"},"primaryImageOfPage":{"@id":"https:\/\/goodwill.fi\/kauppa\/tuote\/citizen-eco-drive-rannekello\/#primaryimage"},"image":{"@id":"https:\/\/goodwill.fi\/kauppa\/tuote\/citizen-eco-drive-rannekello\/#primaryimage"},"thumbnailUrl":"https:\/\/goodwill.fi\/kauppa\/wp-content\/uploads\/2024\/07\/IMG_9171-scaled-e1720519356715.jpg","datePublished":"2024-07-10T08:50:56+00:00","dateModified":"2025-01-16T13:29:47+00:00","description":"Ekologisempi vaihtoehto kelloksi! Valosta latautuva Citizenin eco-drive kello jossa ajan lis\u00e4ksi my\u00f6s p\u00e4iv\u00e4n\u00e4ytt\u00f6.\u00a0Toimintamekanismi: eco-drive","breadcrumb":{"@id":"https:\/\/goodwill.fi\/kauppa\/tuote\/citizen-eco-drive-rannekello\/#breadcrumb"},"inLanguage":"fi","potentialAction":[{"@type":"ReadAction","target":["https:\/\/goodwill.fi\/kauppa\/tuote\/citizen-eco-drive-rannekello\/"]}]},{"@type":"ImageObject","inLanguage":"fi","@id":"https:\/\/goodwill.fi\/kauppa\/tuote\/citizen-eco-drive-rannekello\/#primaryimage","url":"https:\/\/goodwill.fi\/kauppa\/wp-content\/uploads\/2024\/07\/IMG_9171-scaled-e1720519356715.jpg","contentUrl":"https:\/\/goodwill.fi\/kauppa\/wp-content\/uploads\/2024\/07\/IMG_9171-scaled-e1720519356715.jpg","width":2346,"height":1706},{"@type":"BreadcrumbList","@id":"https:\/\/goodwill.fi\/kauppa\/tuote\/citizen-eco-drive-rannekello\/#breadcrumb","itemListElement":[{"@type":"ListItem","position":1,"name":"Home","item":"https:\/\/goodwill.fi\/kauppa\/"},{"@type":"ListItem","position":2,"name":"Shop","item":"https:\/\/goodwill.fi\/kauppa\/shop\/"},{"@type":"ListItem","position":3,"name":"CITIZEN ECO-DRIVE RANNEKELLO"}]},{"@type":"WebSite","@id":"https:\/\/goodwill.fi\/kauppa\/#website","url":"https:\/\/goodwill.fi\/kauppa\/","name":"Goodwill-verkkokauppa","description":"Kierr\u00e4tysmyym\u00e4l\u00e4 verkossa","publisher":{"@id":"https:\/\/goodwill.fi\/kauppa\/#organization"},"potentialAction":[{"@type":"SearchAction","target":{"@type":"EntryPoint","urlTemplate":"https:\/\/goodwill.fi\/kauppa\/?s={search_term_string}"},"query-input":{"@type":"PropertyValueSpecification","valueRequired":true,"valueName":"search_term_string"}}],"inLanguage":"fi"},{"@type":"Organization","@id":"https:\/\/goodwill.fi\/kauppa\/#organization","name":"Goodwill-verkkokauppa","url":"https:\/\/goodwill.fi\/kauppa\/","logo":{"@type":"ImageObject","inLanguage":"fi","@id":"https:\/\/goodwill.fi\/kauppa\/#\/schema\/logo\/image\/","url":"https:\/\/goodwill.fi\/kauppa\/wp-content\/uploads\/2021\/02\/cropped-logo_gw_store-723x211-1.png","contentUrl":"https:\/\/goodwill.fi\/kauppa\/wp-content\/uploads\/2021\/02\/cropped-logo_gw_store-723x211-1.png","width":723,"height":207,"caption":"Goodwill-verkkokauppa"},"image":{"@id":"https:\/\/goodwill.fi\/kauppa\/#\/schema\/logo\/image\/"}}]}},"_links":{"self":[{"href":"https:\/\/goodwill.fi\/kauppa\/wp-json\/wp\/v2\/product\/30231","targetHints":{"allow":["GET"]}}],"collection":[{"href":"https:\/\/goodwill.fi\/kauppa\/wp-json\/wp\/v2\/product"}],"about":[{"href":"https:\/\/goodwill.fi\/kauppa\/wp-json\/wp\/v2\/types\/product"}],"replies":[{"embeddable":true,"href":"https:\/\/goodwill.fi\/kauppa\/wp-json\/wp\/v2\/comments?post=30231"}],"wp:featuredmedia":[{"embeddable":true,"href":"https:\/\/goodwill.fi\/kauppa\/wp-json\/wp\/v2\/media\/30235"}],"wp:attachment":[{"href":"https:\/\/goodwill.fi\/kauppa\/wp-json\/wp\/v2\/media?parent=30231"}],"wp:term":[{"taxonomy":"product_brand","embeddable":true,"href":"https:\/\/goodwill.fi\/kauppa\/wp-json\/wp\/v2\/product_brand?post=30231"},{"taxonomy":"product_cat","embeddable":true,"href":"https:\/\/goodwill.fi\/kauppa\/wp-json\/wp\/v2\/product_cat?post=30231"},{"taxonomy":"product_tag","embeddable":true,"href":"https:\/\/goodwill.fi\/kauppa\/wp-json\/wp\/v2\/product_tag?post=30231"}],"curies":[{"name":"wp","href":"https:\/\/api.w.org\/{rel}","templated":true}]}}