{"id":30128,"date":"2024-07-09T10:46:25","date_gmt":"2024-07-09T07:46:25","guid":{"rendered":"https:\/\/goodwill.fi\/kauppa\/?post_type=product&#038;p=30128"},"modified":"2024-12-05T23:12:29","modified_gmt":"2024-12-05T21:12:29","slug":"keskikokoisen-iso-lattiamaljakko","status":"publish","type":"product","link":"https:\/\/goodwill.fi\/kauppa\/tuote\/keskikokoisen-iso-lattiamaljakko\/","title":{"rendered":"ISO LATTIAMALJAKKO"},"content":{"rendered":"<p>Valmistaja: ei tietoa<br \/>\nValmistusvuosi: 1900- luku<br \/>\nMitat: korkeus 45.4 cm, leveys 18 cm, paino 2170 g<br \/>\nV\u00e4ri: valkoinen pohjav\u00e4ri, moniv\u00e4riset koristemaalaukset<br \/>\nMateriaali: keramiikka, posliini<br \/>\nKunto: hyv\u00e4, k\u00e4ytetty, sis\u00e4lt\u00e4 p\u00f6lyinen<\/p>\n","protected":false},"excerpt":{"rendered":"<p>Valmistaja: ei tietoa Valmistusvuosi: 1900- luku Mitat: korkeus 45.4 cm, leveys 18 cm, paino 2170 g V\u00e4ri: valkoinen pohjav\u00e4ri, moniv\u00e4riset koristemaalaukset Materiaali: keramiikka, posliini Kunto: hyv\u00e4, k\u00e4ytetty, sis\u00e4lt\u00e4 p\u00f6lyinen<\/p>\n","protected":false},"featured_media":30129,"comment_status":"open","ping_status":"closed","template":"","meta":[],"product_brand":[],"product_cat":[159,146,154],"product_tag":[10876,10878,252],"class_list":{"0":"post-30128","1":"product","2":"type-product","3":"status-publish","4":"has-post-thumbnail","6":"product_cat-kaikki","7":"product_cat-koti-2","8":"product_cat-sisustus-2","9":"product_tag-koristemaljakko","10":"product_tag-kot04140","11":"product_tag-maljakko","13":"first","14":"outofstock","15":"taxable","16":"shipping-taxable","17":"purchasable","18":"product-type-simple"},"yoast_head":"<!-- This site is optimized with the Yoast SEO plugin v27.1.1 - https:\/\/yoast.com\/product\/yoast-seo-wordpress\/ -->\n<title>ISO LATTIAMALJAKKO - Goodwill-verkkokauppa<\/title>\n<meta name=\"description\" content=\"Valmistaja: ei tietoa Valmistusvuosi: 1900- luku Mitat: korkeus 45.4 cm, leveys 18 cm, paino 2170 g V\u00e4ri: valkoinen pohjav\u00e4ri, moniv\u00e4riset koristemaalaukset\" \/>\n<meta name=\"robots\" content=\"index, follow, max-snippet:-1, max-image-preview:large, max-video-preview:-1\" \/>\n<link rel=\"canonical\" href=\"https:\/\/goodwill.fi\/kauppa\/tuote\/keskikokoisen-iso-lattiamaljakko\/\" \/>\n<meta property=\"og:locale\" content=\"fi_FI\" \/>\n<meta property=\"og:type\" content=\"article\" \/>\n<meta property=\"og:title\" content=\"ISO LATTIAMALJAKKO - Goodwill-verkkokauppa\" \/>\n<meta property=\"og:description\" content=\"Valmistaja: ei tietoa Valmistusvuosi: 1900- luku Mitat: korkeus 45.4 cm, leveys 18 cm, paino 2170 g V\u00e4ri: valkoinen pohjav\u00e4ri, moniv\u00e4riset koristemaalaukset\" \/>\n<meta property=\"og:url\" content=\"https:\/\/goodwill.fi\/kauppa\/tuote\/keskikokoisen-iso-lattiamaljakko\/\" \/>\n<meta property=\"og:site_name\" content=\"Goodwill-verkkokauppa\" \/>\n<meta property=\"article:modified_time\" content=\"2024-12-05T21:12:29+00:00\" \/>\n<meta property=\"og:image\" content=\"https:\/\/goodwill.fi\/kauppa\/wp-content\/uploads\/2024\/07\/IMG_3819-scaled-e1720505379439.jpg\" \/>\n\t<meta property=\"og:image:width\" content=\"2030\" \/>\n\t<meta property=\"og:image:height\" content=\"1706\" \/>\n\t<meta property=\"og:image:type\" content=\"image\/jpeg\" \/>\n<meta name=\"twitter:card\" content=\"summary_large_image\" \/>\n<meta name=\"twitter:label1\" content=\"Arvioitu lukuaika\" \/>\n\t<meta name=\"twitter:data1\" content=\"1 minuutti\" \/>\n<script type=\"application\/ld+json\" class=\"yoast-schema-graph\">{\"@context\":\"https:\/\/schema.org\",\"@graph\":[{\"@type\":\"WebPage\",\"@id\":\"https:\/\/goodwill.fi\/kauppa\/tuote\/keskikokoisen-iso-lattiamaljakko\/\",\"url\":\"https:\/\/goodwill.fi\/kauppa\/tuote\/keskikokoisen-iso-lattiamaljakko\/\",\"name\":\"ISO LATTIAMALJAKKO - Goodwill-verkkokauppa\",\"isPartOf\":{\"@id\":\"https:\/\/goodwill.fi\/kauppa\/#website\"},\"primaryImageOfPage\":{\"@id\":\"https:\/\/goodwill.fi\/kauppa\/tuote\/keskikokoisen-iso-lattiamaljakko\/#primaryimage\"},\"image\":{\"@id\":\"https:\/\/goodwill.fi\/kauppa\/tuote\/keskikokoisen-iso-lattiamaljakko\/#primaryimage\"},\"thumbnailUrl\":\"https:\/\/goodwill.fi\/kauppa\/wp-content\/uploads\/2024\/07\/IMG_3819-scaled-e1720505379439.jpg\",\"datePublished\":\"2024-07-09T07:46:25+00:00\",\"dateModified\":\"2024-12-05T21:12:29+00:00\",\"description\":\"Valmistaja: ei tietoa Valmistusvuosi: 1900- luku Mitat: korkeus 45.4 cm, leveys 18 cm, paino 2170 g V\u00e4ri: valkoinen pohjav\u00e4ri, moniv\u00e4riset koristemaalaukset\",\"breadcrumb\":{\"@id\":\"https:\/\/goodwill.fi\/kauppa\/tuote\/keskikokoisen-iso-lattiamaljakko\/#breadcrumb\"},\"inLanguage\":\"fi\",\"potentialAction\":[{\"@type\":\"ReadAction\",\"target\":[\"https:\/\/goodwill.fi\/kauppa\/tuote\/keskikokoisen-iso-lattiamaljakko\/\"]}]},{\"@type\":\"ImageObject\",\"inLanguage\":\"fi\",\"@id\":\"https:\/\/goodwill.fi\/kauppa\/tuote\/keskikokoisen-iso-lattiamaljakko\/#primaryimage\",\"url\":\"https:\/\/goodwill.fi\/kauppa\/wp-content\/uploads\/2024\/07\/IMG_3819-scaled-e1720505379439.jpg\",\"contentUrl\":\"https:\/\/goodwill.fi\/kauppa\/wp-content\/uploads\/2024\/07\/IMG_3819-scaled-e1720505379439.jpg\",\"width\":2030,\"height\":1706},{\"@type\":\"BreadcrumbList\",\"@id\":\"https:\/\/goodwill.fi\/kauppa\/tuote\/keskikokoisen-iso-lattiamaljakko\/#breadcrumb\",\"itemListElement\":[{\"@type\":\"ListItem\",\"position\":1,\"name\":\"Home\",\"item\":\"https:\/\/goodwill.fi\/kauppa\/\"},{\"@type\":\"ListItem\",\"position\":2,\"name\":\"Shop\",\"item\":\"https:\/\/goodwill.fi\/kauppa\/shop\/\"},{\"@type\":\"ListItem\",\"position\":3,\"name\":\"ISO LATTIAMALJAKKO\"}]},{\"@type\":\"WebSite\",\"@id\":\"https:\/\/goodwill.fi\/kauppa\/#website\",\"url\":\"https:\/\/goodwill.fi\/kauppa\/\",\"name\":\"Goodwill-verkkokauppa\",\"description\":\"Kierr\u00e4tysmyym\u00e4l\u00e4 verkossa\",\"publisher\":{\"@id\":\"https:\/\/goodwill.fi\/kauppa\/#organization\"},\"potentialAction\":[{\"@type\":\"SearchAction\",\"target\":{\"@type\":\"EntryPoint\",\"urlTemplate\":\"https:\/\/goodwill.fi\/kauppa\/?s={search_term_string}\"},\"query-input\":{\"@type\":\"PropertyValueSpecification\",\"valueRequired\":true,\"valueName\":\"search_term_string\"}}],\"inLanguage\":\"fi\"},{\"@type\":\"Organization\",\"@id\":\"https:\/\/goodwill.fi\/kauppa\/#organization\",\"name\":\"Goodwill-verkkokauppa\",\"url\":\"https:\/\/goodwill.fi\/kauppa\/\",\"logo\":{\"@type\":\"ImageObject\",\"inLanguage\":\"fi\",\"@id\":\"https:\/\/goodwill.fi\/kauppa\/#\/schema\/logo\/image\/\",\"url\":\"https:\/\/goodwill.fi\/kauppa\/wp-content\/uploads\/2021\/02\/cropped-logo_gw_store-723x211-1.png\",\"contentUrl\":\"https:\/\/goodwill.fi\/kauppa\/wp-content\/uploads\/2021\/02\/cropped-logo_gw_store-723x211-1.png\",\"width\":723,\"height\":207,\"caption\":\"Goodwill-verkkokauppa\"},\"image\":{\"@id\":\"https:\/\/goodwill.fi\/kauppa\/#\/schema\/logo\/image\/\"}}]}<\/script>\n<!-- \/ Yoast SEO plugin. -->","yoast_head_json":{"title":"ISO LATTIAMALJAKKO - Goodwill-verkkokauppa","description":"Valmistaja: ei tietoa Valmistusvuosi: 1900- luku Mitat: korkeus 45.4 cm, leveys 18 cm, paino 2170 g V\u00e4ri: valkoinen pohjav\u00e4ri, moniv\u00e4riset koristemaalaukset","robots":{"index":"index","follow":"follow","max-snippet":"max-snippet:-1","max-image-preview":"max-image-preview:large","max-video-preview":"max-video-preview:-1"},"canonical":"https:\/\/goodwill.fi\/kauppa\/tuote\/keskikokoisen-iso-lattiamaljakko\/","og_locale":"fi_FI","og_type":"article","og_title":"ISO LATTIAMALJAKKO - Goodwill-verkkokauppa","og_description":"Valmistaja: ei tietoa Valmistusvuosi: 1900- luku Mitat: korkeus 45.4 cm, leveys 18 cm, paino 2170 g V\u00e4ri: valkoinen pohjav\u00e4ri, moniv\u00e4riset koristemaalaukset","og_url":"https:\/\/goodwill.fi\/kauppa\/tuote\/keskikokoisen-iso-lattiamaljakko\/","og_site_name":"Goodwill-verkkokauppa","article_modified_time":"2024-12-05T21:12:29+00:00","og_image":[{"width":2030,"height":1706,"url":"https:\/\/goodwill.fi\/kauppa\/wp-content\/uploads\/2024\/07\/IMG_3819-scaled-e1720505379439.jpg","type":"image\/jpeg"}],"twitter_card":"summary_large_image","twitter_misc":{"Arvioitu lukuaika":"1 minuutti"},"schema":{"@context":"https:\/\/schema.org","@graph":[{"@type":"WebPage","@id":"https:\/\/goodwill.fi\/kauppa\/tuote\/keskikokoisen-iso-lattiamaljakko\/","url":"https:\/\/goodwill.fi\/kauppa\/tuote\/keskikokoisen-iso-lattiamaljakko\/","name":"ISO LATTIAMALJAKKO - Goodwill-verkkokauppa","isPartOf":{"@id":"https:\/\/goodwill.fi\/kauppa\/#website"},"primaryImageOfPage":{"@id":"https:\/\/goodwill.fi\/kauppa\/tuote\/keskikokoisen-iso-lattiamaljakko\/#primaryimage"},"image":{"@id":"https:\/\/goodwill.fi\/kauppa\/tuote\/keskikokoisen-iso-lattiamaljakko\/#primaryimage"},"thumbnailUrl":"https:\/\/goodwill.fi\/kauppa\/wp-content\/uploads\/2024\/07\/IMG_3819-scaled-e1720505379439.jpg","datePublished":"2024-07-09T07:46:25+00:00","dateModified":"2024-12-05T21:12:29+00:00","description":"Valmistaja: ei tietoa Valmistusvuosi: 1900- luku Mitat: korkeus 45.4 cm, leveys 18 cm, paino 2170 g V\u00e4ri: valkoinen pohjav\u00e4ri, moniv\u00e4riset koristemaalaukset","breadcrumb":{"@id":"https:\/\/goodwill.fi\/kauppa\/tuote\/keskikokoisen-iso-lattiamaljakko\/#breadcrumb"},"inLanguage":"fi","potentialAction":[{"@type":"ReadAction","target":["https:\/\/goodwill.fi\/kauppa\/tuote\/keskikokoisen-iso-lattiamaljakko\/"]}]},{"@type":"ImageObject","inLanguage":"fi","@id":"https:\/\/goodwill.fi\/kauppa\/tuote\/keskikokoisen-iso-lattiamaljakko\/#primaryimage","url":"https:\/\/goodwill.fi\/kauppa\/wp-content\/uploads\/2024\/07\/IMG_3819-scaled-e1720505379439.jpg","contentUrl":"https:\/\/goodwill.fi\/kauppa\/wp-content\/uploads\/2024\/07\/IMG_3819-scaled-e1720505379439.jpg","width":2030,"height":1706},{"@type":"BreadcrumbList","@id":"https:\/\/goodwill.fi\/kauppa\/tuote\/keskikokoisen-iso-lattiamaljakko\/#breadcrumb","itemListElement":[{"@type":"ListItem","position":1,"name":"Home","item":"https:\/\/goodwill.fi\/kauppa\/"},{"@type":"ListItem","position":2,"name":"Shop","item":"https:\/\/goodwill.fi\/kauppa\/shop\/"},{"@type":"ListItem","position":3,"name":"ISO LATTIAMALJAKKO"}]},{"@type":"WebSite","@id":"https:\/\/goodwill.fi\/kauppa\/#website","url":"https:\/\/goodwill.fi\/kauppa\/","name":"Goodwill-verkkokauppa","description":"Kierr\u00e4tysmyym\u00e4l\u00e4 verkossa","publisher":{"@id":"https:\/\/goodwill.fi\/kauppa\/#organization"},"potentialAction":[{"@type":"SearchAction","target":{"@type":"EntryPoint","urlTemplate":"https:\/\/goodwill.fi\/kauppa\/?s={search_term_string}"},"query-input":{"@type":"PropertyValueSpecification","valueRequired":true,"valueName":"search_term_string"}}],"inLanguage":"fi"},{"@type":"Organization","@id":"https:\/\/goodwill.fi\/kauppa\/#organization","name":"Goodwill-verkkokauppa","url":"https:\/\/goodwill.fi\/kauppa\/","logo":{"@type":"ImageObject","inLanguage":"fi","@id":"https:\/\/goodwill.fi\/kauppa\/#\/schema\/logo\/image\/","url":"https:\/\/goodwill.fi\/kauppa\/wp-content\/uploads\/2021\/02\/cropped-logo_gw_store-723x211-1.png","contentUrl":"https:\/\/goodwill.fi\/kauppa\/wp-content\/uploads\/2021\/02\/cropped-logo_gw_store-723x211-1.png","width":723,"height":207,"caption":"Goodwill-verkkokauppa"},"image":{"@id":"https:\/\/goodwill.fi\/kauppa\/#\/schema\/logo\/image\/"}}]}},"_links":{"self":[{"href":"https:\/\/goodwill.fi\/kauppa\/wp-json\/wp\/v2\/product\/30128","targetHints":{"allow":["GET"]}}],"collection":[{"href":"https:\/\/goodwill.fi\/kauppa\/wp-json\/wp\/v2\/product"}],"about":[{"href":"https:\/\/goodwill.fi\/kauppa\/wp-json\/wp\/v2\/types\/product"}],"replies":[{"embeddable":true,"href":"https:\/\/goodwill.fi\/kauppa\/wp-json\/wp\/v2\/comments?post=30128"}],"wp:featuredmedia":[{"embeddable":true,"href":"https:\/\/goodwill.fi\/kauppa\/wp-json\/wp\/v2\/media\/30129"}],"wp:attachment":[{"href":"https:\/\/goodwill.fi\/kauppa\/wp-json\/wp\/v2\/media?parent=30128"}],"wp:term":[{"taxonomy":"product_brand","embeddable":true,"href":"https:\/\/goodwill.fi\/kauppa\/wp-json\/wp\/v2\/product_brand?post=30128"},{"taxonomy":"product_cat","embeddable":true,"href":"https:\/\/goodwill.fi\/kauppa\/wp-json\/wp\/v2\/product_cat?post=30128"},{"taxonomy":"product_tag","embeddable":true,"href":"https:\/\/goodwill.fi\/kauppa\/wp-json\/wp\/v2\/product_tag?post=30128"}],"curies":[{"name":"wp","href":"https:\/\/api.w.org\/{rel}","templated":true}]}}