{"id":29938,"date":"2024-07-10T11:50:09","date_gmt":"2024-07-10T08:50:09","guid":{"rendered":"https:\/\/goodwill.fi\/kauppa\/?post_type=product&#038;p=29938"},"modified":"2024-07-10T09:07:14","modified_gmt":"2024-07-10T06:07:14","slug":"dkny-rannekello","status":"publish","type":"product","link":"https:\/\/goodwill.fi\/kauppa\/tuote\/dkny-rannekello\/","title":{"rendered":"DKNY RANNEKELLO"},"content":{"rendered":"<p>Malli: ei tiedossa<br \/>\nValmistaja:DKNY<br \/>\nSarja: ei tiedossa<br \/>\nKoko: halkaisija 3.9 cm, paino 57 G<br \/>\nMateriaali: ruostumaton ter\u00e4s tausta, ranneke muovia<br \/>\nMuuta: alunperin osittain vesitiivis (5 ATM), t\u00e4m\u00e4n hetkist\u00e4 vesitiiveytt\u00e4 ei ole testattu<br \/>\nKunto: k\u00e4ytetty, rannekkeessa likaa, ei k\u00e4y eli toimivuudesta ei varmuutta, tulee alkuper\u00e4isess\u00e4 laatikossa (sis. s\u00e4ilytystyynyn), mukana my\u00f6s alkuper\u00e4inen k\u00e4ytt\u00f6ohje sek\u00e4 muutama jatkopala rannekkeeseen<\/p>\n","protected":false},"excerpt":{"rendered":"<p>Malli: ei tiedossa Valmistaja:DKNY Sarja: ei tiedossa Koko: halkaisija 3.9 cm, paino 57 G Materiaali: ruostumaton ter\u00e4s tausta, ranneke muovia Muuta: alunperin osittain vesitiivis (5 ATM), t\u00e4m\u00e4n hetkist\u00e4 vesitiiveytt\u00e4 ei ole testattu Kunto: k\u00e4ytetty, rannekkeessa likaa, ei k\u00e4y eli toimivuudesta ei varmuutta, tulee alkuper\u00e4isess\u00e4 laatikossa (sis. s\u00e4ilytystyynyn), mukana my\u00f6s alkuper\u00e4inen k\u00e4ytt\u00f6ohje sek\u00e4 muutama jatkopala rannekkeeseen<\/p>\n","protected":false},"featured_media":29939,"comment_status":"open","ping_status":"closed","template":"","meta":[],"product_brand":[],"product_cat":[159,176,177],"product_tag":[2836,437,1226,7684,379],"class_list":{"0":"post-29938","1":"product","2":"type-product","3":"status-publish","4":"has-post-thumbnail","6":"product_cat-kaikki","7":"product_cat-asusteet-2","8":"product_cat-kellot","9":"product_tag-dkny","10":"product_tag-kello","11":"product_tag-rannekello","12":"product_tag-ruostumatonteras","13":"product_tag-valkoinen","15":"first","16":"instock","17":"taxable","18":"shipping-taxable","19":"purchasable","20":"product-type-simple"},"yoast_head":"<!-- This site is optimized with the Yoast SEO plugin v27.1.1 - https:\/\/yoast.com\/product\/yoast-seo-wordpress\/ -->\n<title>DKNY RANNEKELLO - Goodwill-verkkokauppa<\/title>\n<meta name=\"description\" content=\"Valmistaja:DKNY Koko: halkaisija 3.9 cm, paino 57 G Materiaali: ruostumaton ter\u00e4s tausta, ranneke muovia Muuta: alunperin osittain vesitiivis (5 ATM)\" \/>\n<meta name=\"robots\" content=\"index, follow, max-snippet:-1, max-image-preview:large, max-video-preview:-1\" \/>\n<link rel=\"canonical\" href=\"https:\/\/goodwill.fi\/kauppa\/tuote\/dkny-rannekello\/\" \/>\n<meta property=\"og:locale\" content=\"fi_FI\" \/>\n<meta property=\"og:type\" content=\"article\" \/>\n<meta property=\"og:title\" content=\"DKNY RANNEKELLO - Goodwill-verkkokauppa\" \/>\n<meta property=\"og:description\" content=\"Valmistaja:DKNY Koko: halkaisija 3.9 cm, paino 57 G Materiaali: ruostumaton ter\u00e4s tausta, ranneke muovia Muuta: alunperin osittain vesitiivis (5 ATM)\" \/>\n<meta property=\"og:url\" content=\"https:\/\/goodwill.fi\/kauppa\/tuote\/dkny-rannekello\/\" \/>\n<meta property=\"og:site_name\" content=\"Goodwill-verkkokauppa\" \/>\n<meta property=\"og:image\" content=\"https:\/\/goodwill.fi\/kauppa\/wp-content\/uploads\/2024\/07\/IMG_8785-scaled.jpg\" \/>\n\t<meta property=\"og:image:width\" content=\"2560\" \/>\n\t<meta property=\"og:image:height\" content=\"1707\" \/>\n\t<meta property=\"og:image:type\" content=\"image\/jpeg\" \/>\n<meta name=\"twitter:card\" content=\"summary_large_image\" \/>\n<meta name=\"twitter:label1\" content=\"Arvioitu lukuaika\" \/>\n\t<meta name=\"twitter:data1\" content=\"1 minuutti\" \/>\n<script type=\"application\/ld+json\" class=\"yoast-schema-graph\">{\"@context\":\"https:\/\/schema.org\",\"@graph\":[{\"@type\":\"WebPage\",\"@id\":\"https:\/\/goodwill.fi\/kauppa\/tuote\/dkny-rannekello\/\",\"url\":\"https:\/\/goodwill.fi\/kauppa\/tuote\/dkny-rannekello\/\",\"name\":\"DKNY RANNEKELLO - Goodwill-verkkokauppa\",\"isPartOf\":{\"@id\":\"https:\/\/goodwill.fi\/kauppa\/#website\"},\"primaryImageOfPage\":{\"@id\":\"https:\/\/goodwill.fi\/kauppa\/tuote\/dkny-rannekello\/#primaryimage\"},\"image\":{\"@id\":\"https:\/\/goodwill.fi\/kauppa\/tuote\/dkny-rannekello\/#primaryimage\"},\"thumbnailUrl\":\"https:\/\/goodwill.fi\/kauppa\/wp-content\/uploads\/2024\/07\/IMG_8785-scaled.jpg\",\"datePublished\":\"2024-07-10T08:50:09+00:00\",\"description\":\"Valmistaja:DKNY Koko: halkaisija 3.9 cm, paino 57 G Materiaali: ruostumaton ter\u00e4s tausta, ranneke muovia Muuta: alunperin osittain vesitiivis (5 ATM)\",\"breadcrumb\":{\"@id\":\"https:\/\/goodwill.fi\/kauppa\/tuote\/dkny-rannekello\/#breadcrumb\"},\"inLanguage\":\"fi\",\"potentialAction\":[{\"@type\":\"ReadAction\",\"target\":[\"https:\/\/goodwill.fi\/kauppa\/tuote\/dkny-rannekello\/\"]}]},{\"@type\":\"ImageObject\",\"inLanguage\":\"fi\",\"@id\":\"https:\/\/goodwill.fi\/kauppa\/tuote\/dkny-rannekello\/#primaryimage\",\"url\":\"https:\/\/goodwill.fi\/kauppa\/wp-content\/uploads\/2024\/07\/IMG_8785-scaled.jpg\",\"contentUrl\":\"https:\/\/goodwill.fi\/kauppa\/wp-content\/uploads\/2024\/07\/IMG_8785-scaled.jpg\",\"width\":2560,\"height\":1707},{\"@type\":\"BreadcrumbList\",\"@id\":\"https:\/\/goodwill.fi\/kauppa\/tuote\/dkny-rannekello\/#breadcrumb\",\"itemListElement\":[{\"@type\":\"ListItem\",\"position\":1,\"name\":\"Home\",\"item\":\"https:\/\/goodwill.fi\/kauppa\/\"},{\"@type\":\"ListItem\",\"position\":2,\"name\":\"Shop\",\"item\":\"https:\/\/goodwill.fi\/kauppa\/shop\/\"},{\"@type\":\"ListItem\",\"position\":3,\"name\":\"DKNY RANNEKELLO\"}]},{\"@type\":\"WebSite\",\"@id\":\"https:\/\/goodwill.fi\/kauppa\/#website\",\"url\":\"https:\/\/goodwill.fi\/kauppa\/\",\"name\":\"Goodwill-verkkokauppa\",\"description\":\"Kierr\u00e4tysmyym\u00e4l\u00e4 verkossa\",\"publisher\":{\"@id\":\"https:\/\/goodwill.fi\/kauppa\/#organization\"},\"potentialAction\":[{\"@type\":\"SearchAction\",\"target\":{\"@type\":\"EntryPoint\",\"urlTemplate\":\"https:\/\/goodwill.fi\/kauppa\/?s={search_term_string}\"},\"query-input\":{\"@type\":\"PropertyValueSpecification\",\"valueRequired\":true,\"valueName\":\"search_term_string\"}}],\"inLanguage\":\"fi\"},{\"@type\":\"Organization\",\"@id\":\"https:\/\/goodwill.fi\/kauppa\/#organization\",\"name\":\"Goodwill-verkkokauppa\",\"url\":\"https:\/\/goodwill.fi\/kauppa\/\",\"logo\":{\"@type\":\"ImageObject\",\"inLanguage\":\"fi\",\"@id\":\"https:\/\/goodwill.fi\/kauppa\/#\/schema\/logo\/image\/\",\"url\":\"https:\/\/goodwill.fi\/kauppa\/wp-content\/uploads\/2021\/02\/cropped-logo_gw_store-723x211-1.png\",\"contentUrl\":\"https:\/\/goodwill.fi\/kauppa\/wp-content\/uploads\/2021\/02\/cropped-logo_gw_store-723x211-1.png\",\"width\":723,\"height\":207,\"caption\":\"Goodwill-verkkokauppa\"},\"image\":{\"@id\":\"https:\/\/goodwill.fi\/kauppa\/#\/schema\/logo\/image\/\"}}]}<\/script>\n<!-- \/ Yoast SEO plugin. -->","yoast_head_json":{"title":"DKNY RANNEKELLO - Goodwill-verkkokauppa","description":"Valmistaja:DKNY Koko: halkaisija 3.9 cm, paino 57 G Materiaali: ruostumaton ter\u00e4s tausta, ranneke muovia Muuta: alunperin osittain vesitiivis (5 ATM)","robots":{"index":"index","follow":"follow","max-snippet":"max-snippet:-1","max-image-preview":"max-image-preview:large","max-video-preview":"max-video-preview:-1"},"canonical":"https:\/\/goodwill.fi\/kauppa\/tuote\/dkny-rannekello\/","og_locale":"fi_FI","og_type":"article","og_title":"DKNY RANNEKELLO - Goodwill-verkkokauppa","og_description":"Valmistaja:DKNY Koko: halkaisija 3.9 cm, paino 57 G Materiaali: ruostumaton ter\u00e4s tausta, ranneke muovia Muuta: alunperin osittain vesitiivis (5 ATM)","og_url":"https:\/\/goodwill.fi\/kauppa\/tuote\/dkny-rannekello\/","og_site_name":"Goodwill-verkkokauppa","og_image":[{"width":2560,"height":1707,"url":"https:\/\/goodwill.fi\/kauppa\/wp-content\/uploads\/2024\/07\/IMG_8785-scaled.jpg","type":"image\/jpeg"}],"twitter_card":"summary_large_image","twitter_misc":{"Arvioitu lukuaika":"1 minuutti"},"schema":{"@context":"https:\/\/schema.org","@graph":[{"@type":"WebPage","@id":"https:\/\/goodwill.fi\/kauppa\/tuote\/dkny-rannekello\/","url":"https:\/\/goodwill.fi\/kauppa\/tuote\/dkny-rannekello\/","name":"DKNY RANNEKELLO - Goodwill-verkkokauppa","isPartOf":{"@id":"https:\/\/goodwill.fi\/kauppa\/#website"},"primaryImageOfPage":{"@id":"https:\/\/goodwill.fi\/kauppa\/tuote\/dkny-rannekello\/#primaryimage"},"image":{"@id":"https:\/\/goodwill.fi\/kauppa\/tuote\/dkny-rannekello\/#primaryimage"},"thumbnailUrl":"https:\/\/goodwill.fi\/kauppa\/wp-content\/uploads\/2024\/07\/IMG_8785-scaled.jpg","datePublished":"2024-07-10T08:50:09+00:00","description":"Valmistaja:DKNY Koko: halkaisija 3.9 cm, paino 57 G Materiaali: ruostumaton ter\u00e4s tausta, ranneke muovia Muuta: alunperin osittain vesitiivis (5 ATM)","breadcrumb":{"@id":"https:\/\/goodwill.fi\/kauppa\/tuote\/dkny-rannekello\/#breadcrumb"},"inLanguage":"fi","potentialAction":[{"@type":"ReadAction","target":["https:\/\/goodwill.fi\/kauppa\/tuote\/dkny-rannekello\/"]}]},{"@type":"ImageObject","inLanguage":"fi","@id":"https:\/\/goodwill.fi\/kauppa\/tuote\/dkny-rannekello\/#primaryimage","url":"https:\/\/goodwill.fi\/kauppa\/wp-content\/uploads\/2024\/07\/IMG_8785-scaled.jpg","contentUrl":"https:\/\/goodwill.fi\/kauppa\/wp-content\/uploads\/2024\/07\/IMG_8785-scaled.jpg","width":2560,"height":1707},{"@type":"BreadcrumbList","@id":"https:\/\/goodwill.fi\/kauppa\/tuote\/dkny-rannekello\/#breadcrumb","itemListElement":[{"@type":"ListItem","position":1,"name":"Home","item":"https:\/\/goodwill.fi\/kauppa\/"},{"@type":"ListItem","position":2,"name":"Shop","item":"https:\/\/goodwill.fi\/kauppa\/shop\/"},{"@type":"ListItem","position":3,"name":"DKNY RANNEKELLO"}]},{"@type":"WebSite","@id":"https:\/\/goodwill.fi\/kauppa\/#website","url":"https:\/\/goodwill.fi\/kauppa\/","name":"Goodwill-verkkokauppa","description":"Kierr\u00e4tysmyym\u00e4l\u00e4 verkossa","publisher":{"@id":"https:\/\/goodwill.fi\/kauppa\/#organization"},"potentialAction":[{"@type":"SearchAction","target":{"@type":"EntryPoint","urlTemplate":"https:\/\/goodwill.fi\/kauppa\/?s={search_term_string}"},"query-input":{"@type":"PropertyValueSpecification","valueRequired":true,"valueName":"search_term_string"}}],"inLanguage":"fi"},{"@type":"Organization","@id":"https:\/\/goodwill.fi\/kauppa\/#organization","name":"Goodwill-verkkokauppa","url":"https:\/\/goodwill.fi\/kauppa\/","logo":{"@type":"ImageObject","inLanguage":"fi","@id":"https:\/\/goodwill.fi\/kauppa\/#\/schema\/logo\/image\/","url":"https:\/\/goodwill.fi\/kauppa\/wp-content\/uploads\/2021\/02\/cropped-logo_gw_store-723x211-1.png","contentUrl":"https:\/\/goodwill.fi\/kauppa\/wp-content\/uploads\/2021\/02\/cropped-logo_gw_store-723x211-1.png","width":723,"height":207,"caption":"Goodwill-verkkokauppa"},"image":{"@id":"https:\/\/goodwill.fi\/kauppa\/#\/schema\/logo\/image\/"}}]}},"_links":{"self":[{"href":"https:\/\/goodwill.fi\/kauppa\/wp-json\/wp\/v2\/product\/29938","targetHints":{"allow":["GET"]}}],"collection":[{"href":"https:\/\/goodwill.fi\/kauppa\/wp-json\/wp\/v2\/product"}],"about":[{"href":"https:\/\/goodwill.fi\/kauppa\/wp-json\/wp\/v2\/types\/product"}],"replies":[{"embeddable":true,"href":"https:\/\/goodwill.fi\/kauppa\/wp-json\/wp\/v2\/comments?post=29938"}],"wp:featuredmedia":[{"embeddable":true,"href":"https:\/\/goodwill.fi\/kauppa\/wp-json\/wp\/v2\/media\/29939"}],"wp:attachment":[{"href":"https:\/\/goodwill.fi\/kauppa\/wp-json\/wp\/v2\/media?parent=29938"}],"wp:term":[{"taxonomy":"product_brand","embeddable":true,"href":"https:\/\/goodwill.fi\/kauppa\/wp-json\/wp\/v2\/product_brand?post=29938"},{"taxonomy":"product_cat","embeddable":true,"href":"https:\/\/goodwill.fi\/kauppa\/wp-json\/wp\/v2\/product_cat?post=29938"},{"taxonomy":"product_tag","embeddable":true,"href":"https:\/\/goodwill.fi\/kauppa\/wp-json\/wp\/v2\/product_tag?post=29938"}],"curies":[{"name":"wp","href":"https:\/\/api.w.org\/{rel}","templated":true}]}}