{"id":2940,"date":"2021-02-03T11:01:35","date_gmt":"2021-02-03T09:01:35","guid":{"rendered":"https:\/\/goodwill.mauri.loopy.fi\/?post_type=product&#038;p=2940"},"modified":"2022-08-27T20:59:45","modified_gmt":"2022-08-27T17:59:45","slug":"arabia-seinalautanen-taistelevat-metsot","status":"publish","type":"product","link":"https:\/\/goodwill.fi\/kauppa\/tuote\/arabia-seinalautanen-taistelevat-metsot\/","title":{"rendered":"ARABIA, SEIN\u00c4LAUTANEN, TAISTELEVAT METSOT"},"content":{"rendered":"<p>Fredinand von Wrightin maalaama \u00f6ljyv\u00e4rimaalaustauluna. Taistelevat metsot on hienon von Wright- ker\u00e4ilylautassarjan 1. numero. Alkuper\u00e4isteos on Fredinand von Wrightin (1822-1906) maalaama Taistelevat metsot vuodelta 1886.<br \/>\nValmistaja: Arabia<br \/>\nValmistusvuosi: 1970-1980- luvulla<br \/>\nMitat:\u00a0Halkaisija 20 cm, korkeus 2,5 cm, paino n. 420 g<br \/>\nV\u00e4ri: moniv\u00e4rinen, matta ja kiilt\u00e4v\u00e4 lasite<br \/>\nMateriaali: keramiikka, fajanssi<br \/>\nKunto: k\u00e4ytetty, vain v\u00e4h\u00e4isi\u00e4 k\u00e4yt\u00f6n j\u00e4lki\u00e4<br \/>\nHuom: Yksitt\u00e4iskappale<\/p>\n","protected":false},"excerpt":{"rendered":"<p>Fredinand von Wrightin maalaama \u00f6ljyv\u00e4rimaalaustauluna. Taistelevat metsot on hienon von Wright- ker\u00e4ilylautassarjan 1. numero. Alkuper\u00e4isteos on Fredinand von Wrightin (1822-1906) maalaama Taistelevat metsot vuodelta 1886. Valmistaja: Arabia Valmistusvuosi: 1970-1980- luvulla Mitat:\u00a0Halkaisija 20 cm, korkeus 2,5 cm, paino n. 420 g V\u00e4ri: moniv\u00e4rinen, matta ja kiilt\u00e4v\u00e4 lasite Materiaali: keramiikka, fajanssi Kunto: k\u00e4ytetty, vain v\u00e4h\u00e4isi\u00e4 k\u00e4yt\u00f6n j\u00e4lki\u00e4 [&hellip;]<\/p>\n","protected":false},"featured_media":2941,"comment_status":"open","ping_status":"closed","template":"","meta":[],"product_brand":[],"product_cat":[159,171,146,154],"product_tag":[2649,206,2648,2637,221,1620,2640,1364],"class_list":{"0":"post-2940","1":"product","2":"type-product","3":"status-publish","4":"has-post-thumbnail","6":"product_cat-kaikki","7":"product_cat-taulut-2","8":"product_cat-koti-2","9":"product_cat-sisustus-2","10":"product_tag-2649","11":"product_tag-arabia","12":"product_tag-fredinada-von-wright","13":"product_tag-kerailylautassarja","14":"product_tag-seinalautanen","15":"product_tag-suomalainen","16":"product_tag-taidemaalari","17":"product_tag-taistelevat-metsot","18":"pa_sku-00880-2","20":"first","21":"outofstock","22":"taxable","23":"shipping-taxable","24":"purchasable","25":"product-type-simple"},"yoast_head":"<!-- This site is optimized with the Yoast SEO plugin v27.1.1 - https:\/\/yoast.com\/product\/yoast-seo-wordpress\/ -->\n<title>Arabia, sein\u00e4lautanen, Taistelevat metsot, Fredinand von Wright<\/title>\n<meta name=\"description\" content=\"Fredinand von Wrightin maalaama \u00f6ljyv\u00e4rimaalaustauluna. Valmistaja: Arabia. Valmistusvuosi: 1970-1980- luvulla.\" \/>\n<meta name=\"robots\" content=\"index, follow, max-snippet:-1, max-image-preview:large, max-video-preview:-1\" \/>\n<link rel=\"canonical\" href=\"https:\/\/goodwill.fi\/kauppa\/tuote\/arabia-seinalautanen-taistelevat-metsot\/\" \/>\n<meta property=\"og:locale\" content=\"fi_FI\" \/>\n<meta property=\"og:type\" content=\"article\" \/>\n<meta property=\"og:title\" content=\"Arabia, sein\u00e4lautanen, Taistelevat metsot, Fredinand von Wright\" \/>\n<meta property=\"og:description\" content=\"Fredinand von Wrightin maalaama \u00f6ljyv\u00e4rimaalaustauluna. Valmistaja: Arabia. Valmistusvuosi: 1970-1980- luvulla.\" \/>\n<meta property=\"og:url\" content=\"https:\/\/goodwill.fi\/kauppa\/tuote\/arabia-seinalautanen-taistelevat-metsot\/\" \/>\n<meta property=\"og:site_name\" content=\"Goodwill-verkkokauppa\" \/>\n<meta property=\"article:modified_time\" content=\"2022-08-27T17:59:45+00:00\" \/>\n<meta property=\"og:image\" content=\"https:\/\/goodwill.fi\/kauppa\/wp-content\/uploads\/2021\/02\/products-IMG_6419-scaled.jpg\" \/>\n\t<meta property=\"og:image:width\" content=\"2560\" \/>\n\t<meta property=\"og:image:height\" content=\"1707\" \/>\n\t<meta property=\"og:image:type\" content=\"image\/jpeg\" \/>\n<meta name=\"twitter:card\" content=\"summary_large_image\" \/>\n<meta name=\"twitter:label1\" content=\"Arvioitu lukuaika\" \/>\n\t<meta name=\"twitter:data1\" content=\"1 minuutti\" \/>\n<script type=\"application\/ld+json\" class=\"yoast-schema-graph\">{\"@context\":\"https:\/\/schema.org\",\"@graph\":[{\"@type\":\"WebPage\",\"@id\":\"https:\/\/goodwill.fi\/kauppa\/tuote\/arabia-seinalautanen-taistelevat-metsot\/\",\"url\":\"https:\/\/goodwill.fi\/kauppa\/tuote\/arabia-seinalautanen-taistelevat-metsot\/\",\"name\":\"Arabia, sein\u00e4lautanen, Taistelevat metsot, Fredinand von Wright\",\"isPartOf\":{\"@id\":\"https:\/\/goodwill.fi\/kauppa\/#website\"},\"primaryImageOfPage\":{\"@id\":\"https:\/\/goodwill.fi\/kauppa\/tuote\/arabia-seinalautanen-taistelevat-metsot\/#primaryimage\"},\"image\":{\"@id\":\"https:\/\/goodwill.fi\/kauppa\/tuote\/arabia-seinalautanen-taistelevat-metsot\/#primaryimage\"},\"thumbnailUrl\":\"https:\/\/goodwill.fi\/kauppa\/wp-content\/uploads\/2021\/02\/products-IMG_6419-scaled.jpg\",\"datePublished\":\"2021-02-03T09:01:35+00:00\",\"dateModified\":\"2022-08-27T17:59:45+00:00\",\"description\":\"Fredinand von Wrightin maalaama \u00f6ljyv\u00e4rimaalaustauluna. Valmistaja: Arabia. Valmistusvuosi: 1970-1980- luvulla.\",\"breadcrumb\":{\"@id\":\"https:\/\/goodwill.fi\/kauppa\/tuote\/arabia-seinalautanen-taistelevat-metsot\/#breadcrumb\"},\"inLanguage\":\"fi\",\"potentialAction\":[{\"@type\":\"ReadAction\",\"target\":[\"https:\/\/goodwill.fi\/kauppa\/tuote\/arabia-seinalautanen-taistelevat-metsot\/\"]}]},{\"@type\":\"ImageObject\",\"inLanguage\":\"fi\",\"@id\":\"https:\/\/goodwill.fi\/kauppa\/tuote\/arabia-seinalautanen-taistelevat-metsot\/#primaryimage\",\"url\":\"https:\/\/goodwill.fi\/kauppa\/wp-content\/uploads\/2021\/02\/products-IMG_6419-scaled.jpg\",\"contentUrl\":\"https:\/\/goodwill.fi\/kauppa\/wp-content\/uploads\/2021\/02\/products-IMG_6419-scaled.jpg\",\"width\":2560,\"height\":1707,\"caption\":\"ARABIA, SEIN\u00c4LAUTANEN, TAISTELEVAT METSOT\"},{\"@type\":\"BreadcrumbList\",\"@id\":\"https:\/\/goodwill.fi\/kauppa\/tuote\/arabia-seinalautanen-taistelevat-metsot\/#breadcrumb\",\"itemListElement\":[{\"@type\":\"ListItem\",\"position\":1,\"name\":\"Home\",\"item\":\"https:\/\/goodwill.fi\/kauppa\/\"},{\"@type\":\"ListItem\",\"position\":2,\"name\":\"Shop\",\"item\":\"https:\/\/goodwill.fi\/kauppa\/shop\/\"},{\"@type\":\"ListItem\",\"position\":3,\"name\":\"ARABIA, SEIN\u00c4LAUTANEN, TAISTELEVAT METSOT\"}]},{\"@type\":\"WebSite\",\"@id\":\"https:\/\/goodwill.fi\/kauppa\/#website\",\"url\":\"https:\/\/goodwill.fi\/kauppa\/\",\"name\":\"Goodwill-verkkokauppa\",\"description\":\"Kierr\u00e4tysmyym\u00e4l\u00e4 verkossa\",\"publisher\":{\"@id\":\"https:\/\/goodwill.fi\/kauppa\/#organization\"},\"potentialAction\":[{\"@type\":\"SearchAction\",\"target\":{\"@type\":\"EntryPoint\",\"urlTemplate\":\"https:\/\/goodwill.fi\/kauppa\/?s={search_term_string}\"},\"query-input\":{\"@type\":\"PropertyValueSpecification\",\"valueRequired\":true,\"valueName\":\"search_term_string\"}}],\"inLanguage\":\"fi\"},{\"@type\":\"Organization\",\"@id\":\"https:\/\/goodwill.fi\/kauppa\/#organization\",\"name\":\"Goodwill-verkkokauppa\",\"url\":\"https:\/\/goodwill.fi\/kauppa\/\",\"logo\":{\"@type\":\"ImageObject\",\"inLanguage\":\"fi\",\"@id\":\"https:\/\/goodwill.fi\/kauppa\/#\/schema\/logo\/image\/\",\"url\":\"https:\/\/goodwill.fi\/kauppa\/wp-content\/uploads\/2021\/02\/cropped-logo_gw_store-723x211-1.png\",\"contentUrl\":\"https:\/\/goodwill.fi\/kauppa\/wp-content\/uploads\/2021\/02\/cropped-logo_gw_store-723x211-1.png\",\"width\":723,\"height\":207,\"caption\":\"Goodwill-verkkokauppa\"},\"image\":{\"@id\":\"https:\/\/goodwill.fi\/kauppa\/#\/schema\/logo\/image\/\"}}]}<\/script>\n<!-- \/ Yoast SEO plugin. -->","yoast_head_json":{"title":"Arabia, sein\u00e4lautanen, Taistelevat metsot, Fredinand von Wright","description":"Fredinand von Wrightin maalaama \u00f6ljyv\u00e4rimaalaustauluna. Valmistaja: Arabia. Valmistusvuosi: 1970-1980- luvulla.","robots":{"index":"index","follow":"follow","max-snippet":"max-snippet:-1","max-image-preview":"max-image-preview:large","max-video-preview":"max-video-preview:-1"},"canonical":"https:\/\/goodwill.fi\/kauppa\/tuote\/arabia-seinalautanen-taistelevat-metsot\/","og_locale":"fi_FI","og_type":"article","og_title":"Arabia, sein\u00e4lautanen, Taistelevat metsot, Fredinand von Wright","og_description":"Fredinand von Wrightin maalaama \u00f6ljyv\u00e4rimaalaustauluna. Valmistaja: Arabia. Valmistusvuosi: 1970-1980- luvulla.","og_url":"https:\/\/goodwill.fi\/kauppa\/tuote\/arabia-seinalautanen-taistelevat-metsot\/","og_site_name":"Goodwill-verkkokauppa","article_modified_time":"2022-08-27T17:59:45+00:00","og_image":[{"width":2560,"height":1707,"url":"https:\/\/goodwill.fi\/kauppa\/wp-content\/uploads\/2021\/02\/products-IMG_6419-scaled.jpg","type":"image\/jpeg"}],"twitter_card":"summary_large_image","twitter_misc":{"Arvioitu lukuaika":"1 minuutti"},"schema":{"@context":"https:\/\/schema.org","@graph":[{"@type":"WebPage","@id":"https:\/\/goodwill.fi\/kauppa\/tuote\/arabia-seinalautanen-taistelevat-metsot\/","url":"https:\/\/goodwill.fi\/kauppa\/tuote\/arabia-seinalautanen-taistelevat-metsot\/","name":"Arabia, sein\u00e4lautanen, Taistelevat metsot, Fredinand von Wright","isPartOf":{"@id":"https:\/\/goodwill.fi\/kauppa\/#website"},"primaryImageOfPage":{"@id":"https:\/\/goodwill.fi\/kauppa\/tuote\/arabia-seinalautanen-taistelevat-metsot\/#primaryimage"},"image":{"@id":"https:\/\/goodwill.fi\/kauppa\/tuote\/arabia-seinalautanen-taistelevat-metsot\/#primaryimage"},"thumbnailUrl":"https:\/\/goodwill.fi\/kauppa\/wp-content\/uploads\/2021\/02\/products-IMG_6419-scaled.jpg","datePublished":"2021-02-03T09:01:35+00:00","dateModified":"2022-08-27T17:59:45+00:00","description":"Fredinand von Wrightin maalaama \u00f6ljyv\u00e4rimaalaustauluna. Valmistaja: Arabia. Valmistusvuosi: 1970-1980- luvulla.","breadcrumb":{"@id":"https:\/\/goodwill.fi\/kauppa\/tuote\/arabia-seinalautanen-taistelevat-metsot\/#breadcrumb"},"inLanguage":"fi","potentialAction":[{"@type":"ReadAction","target":["https:\/\/goodwill.fi\/kauppa\/tuote\/arabia-seinalautanen-taistelevat-metsot\/"]}]},{"@type":"ImageObject","inLanguage":"fi","@id":"https:\/\/goodwill.fi\/kauppa\/tuote\/arabia-seinalautanen-taistelevat-metsot\/#primaryimage","url":"https:\/\/goodwill.fi\/kauppa\/wp-content\/uploads\/2021\/02\/products-IMG_6419-scaled.jpg","contentUrl":"https:\/\/goodwill.fi\/kauppa\/wp-content\/uploads\/2021\/02\/products-IMG_6419-scaled.jpg","width":2560,"height":1707,"caption":"ARABIA, SEIN\u00c4LAUTANEN, TAISTELEVAT METSOT"},{"@type":"BreadcrumbList","@id":"https:\/\/goodwill.fi\/kauppa\/tuote\/arabia-seinalautanen-taistelevat-metsot\/#breadcrumb","itemListElement":[{"@type":"ListItem","position":1,"name":"Home","item":"https:\/\/goodwill.fi\/kauppa\/"},{"@type":"ListItem","position":2,"name":"Shop","item":"https:\/\/goodwill.fi\/kauppa\/shop\/"},{"@type":"ListItem","position":3,"name":"ARABIA, SEIN\u00c4LAUTANEN, TAISTELEVAT METSOT"}]},{"@type":"WebSite","@id":"https:\/\/goodwill.fi\/kauppa\/#website","url":"https:\/\/goodwill.fi\/kauppa\/","name":"Goodwill-verkkokauppa","description":"Kierr\u00e4tysmyym\u00e4l\u00e4 verkossa","publisher":{"@id":"https:\/\/goodwill.fi\/kauppa\/#organization"},"potentialAction":[{"@type":"SearchAction","target":{"@type":"EntryPoint","urlTemplate":"https:\/\/goodwill.fi\/kauppa\/?s={search_term_string}"},"query-input":{"@type":"PropertyValueSpecification","valueRequired":true,"valueName":"search_term_string"}}],"inLanguage":"fi"},{"@type":"Organization","@id":"https:\/\/goodwill.fi\/kauppa\/#organization","name":"Goodwill-verkkokauppa","url":"https:\/\/goodwill.fi\/kauppa\/","logo":{"@type":"ImageObject","inLanguage":"fi","@id":"https:\/\/goodwill.fi\/kauppa\/#\/schema\/logo\/image\/","url":"https:\/\/goodwill.fi\/kauppa\/wp-content\/uploads\/2021\/02\/cropped-logo_gw_store-723x211-1.png","contentUrl":"https:\/\/goodwill.fi\/kauppa\/wp-content\/uploads\/2021\/02\/cropped-logo_gw_store-723x211-1.png","width":723,"height":207,"caption":"Goodwill-verkkokauppa"},"image":{"@id":"https:\/\/goodwill.fi\/kauppa\/#\/schema\/logo\/image\/"}}]}},"_links":{"self":[{"href":"https:\/\/goodwill.fi\/kauppa\/wp-json\/wp\/v2\/product\/2940","targetHints":{"allow":["GET"]}}],"collection":[{"href":"https:\/\/goodwill.fi\/kauppa\/wp-json\/wp\/v2\/product"}],"about":[{"href":"https:\/\/goodwill.fi\/kauppa\/wp-json\/wp\/v2\/types\/product"}],"replies":[{"embeddable":true,"href":"https:\/\/goodwill.fi\/kauppa\/wp-json\/wp\/v2\/comments?post=2940"}],"wp:featuredmedia":[{"embeddable":true,"href":"https:\/\/goodwill.fi\/kauppa\/wp-json\/wp\/v2\/media\/2941"}],"wp:attachment":[{"href":"https:\/\/goodwill.fi\/kauppa\/wp-json\/wp\/v2\/media?parent=2940"}],"wp:term":[{"taxonomy":"product_brand","embeddable":true,"href":"https:\/\/goodwill.fi\/kauppa\/wp-json\/wp\/v2\/product_brand?post=2940"},{"taxonomy":"product_cat","embeddable":true,"href":"https:\/\/goodwill.fi\/kauppa\/wp-json\/wp\/v2\/product_cat?post=2940"},{"taxonomy":"product_tag","embeddable":true,"href":"https:\/\/goodwill.fi\/kauppa\/wp-json\/wp\/v2\/product_tag?post=2940"}],"curies":[{"name":"wp","href":"https:\/\/api.w.org\/{rel}","templated":true}]}}