{"id":27973,"date":"2025-01-31T08:00:58","date_gmt":"2025-01-31T06:00:58","guid":{"rendered":"https:\/\/goodwill.fi\/kauppa\/?post_type=product&#038;p=27973"},"modified":"2025-02-03T15:30:09","modified_gmt":"2025-02-03T13:30:09","slug":"tomy-mariage-haapuku","status":"publish","type":"product","link":"https:\/\/goodwill.fi\/kauppa\/tuote\/tomy-mariage-haapuku\/","title":{"rendered":"TOMY MARIAGE H\u00c4\u00c4PUKU"},"content":{"rendered":"<p>Valkoinen pienell\u00e4 laahuksella oleva h\u00e4\u00e4puku. Pitsi\u00e4 ja kauniista laskeutuvaa tylli\u00e4 olevat koristeet tekev\u00e4t mekosta ilmavan ja kevyen n\u00e4k\u00f6isen. Takana oleva korsetti ny\u00f6ritys antaa s\u00e4\u00e4t\u00f6varaa. Puvun lis\u00e4ksi my\u00f6s tyllinen alushame johon halutessaan saa asennettua kaksi vannetta (mukana), kuvassa n\u00e4m\u00e4 eiv\u00e4t ole mekon alla.<\/p>\n<p>Valmistaja: Tomy Mariage<br \/>\nKoko: 40<br \/>\nV\u00e4ri: valkoinen<br \/>\nMateriaali: 100% polyesteri, vuori 100% nylon<br \/>\nKunto: k\u00e4ytetty, hieman k\u00e4yt\u00f6n j\u00e4lki\u00e4, yleisilmeelt\u00e4\u00e4n eritt\u00e4in siisti<\/p>\n","protected":false},"excerpt":{"rendered":"<p>Valkoinen pienell\u00e4 laahuksella oleva h\u00e4\u00e4puku. Pitsi\u00e4 ja kauniista laskeutuvaa tylli\u00e4 olevat koristeet tekev\u00e4t mekosta ilmavan ja kevyen n\u00e4k\u00f6isen. Takana oleva korsetti ny\u00f6ritys antaa s\u00e4\u00e4t\u00f6varaa. Puvun lis\u00e4ksi my\u00f6s tyllinen alushame johon halutessaan saa asennettua kaksi vannetta (mukana), kuvassa n\u00e4m\u00e4 eiv\u00e4t ole mekon alla. Valmistaja: Tomy Mariage Koko: 40 V\u00e4ri: valkoinen Materiaali: 100% polyesteri, vuori 100% nylon [&hellip;]<\/p>\n","protected":false},"featured_media":27977,"comment_status":"open","ping_status":"closed","template":"","meta":[],"product_brand":[],"product_cat":[159,176,5836,5965],"product_tag":[7387,8560,7389,8568,8569,10444],"class_list":{"0":"post-27973","1":"product","2":"type-product","3":"status-publish","4":"has-post-thumbnail","6":"product_cat-kaikki","7":"product_cat-asusteet-2","8":"product_cat-mekot-ja-hameet","9":"product_cat-ale","10":"product_tag-haamekko","11":"product_tag-haapuku","12":"product_tag-haat","13":"product_tag-morsian","14":"product_tag-morsiuspuku","15":"product_tag-tomy-mariage","17":"first","18":"outofstock","19":"sale","20":"taxable","21":"shipping-taxable","22":"purchasable","23":"product-type-simple"},"yoast_head":"<!-- This site is optimized with the Yoast SEO plugin v27.1.1 - https:\/\/yoast.com\/product\/yoast-seo-wordpress\/ -->\n<title>TOMY MARIAGE H\u00c4\u00c4PUKU - Goodwill-verkkokauppa<\/title>\n<meta name=\"description\" content=\"Valkoinen pienell\u00e4 laahuksella oleva h\u00e4\u00e4puku. Valmistaja: Tomy Mariage Koko: 40 V\u00e4ri: valkoinen Kunto: k\u00e4ytetty, yleisilmeelt\u00e4\u00e4n eritt\u00e4in siisti\" \/>\n<meta name=\"robots\" content=\"index, follow, max-snippet:-1, max-image-preview:large, max-video-preview:-1\" \/>\n<link rel=\"canonical\" href=\"https:\/\/goodwill.fi\/kauppa\/tuote\/tomy-mariage-haapuku\/\" \/>\n<meta property=\"og:locale\" content=\"fi_FI\" \/>\n<meta property=\"og:type\" content=\"article\" \/>\n<meta property=\"og:title\" content=\"TOMY MARIAGE H\u00c4\u00c4PUKU - Goodwill-verkkokauppa\" \/>\n<meta property=\"og:description\" content=\"Valkoinen pienell\u00e4 laahuksella oleva h\u00e4\u00e4puku. Valmistaja: Tomy Mariage Koko: 40 V\u00e4ri: valkoinen Kunto: k\u00e4ytetty, yleisilmeelt\u00e4\u00e4n eritt\u00e4in siisti\" \/>\n<meta property=\"og:url\" content=\"https:\/\/goodwill.fi\/kauppa\/tuote\/tomy-mariage-haapuku\/\" \/>\n<meta property=\"og:site_name\" content=\"Goodwill-verkkokauppa\" \/>\n<meta property=\"article:modified_time\" content=\"2025-02-03T13:30:09+00:00\" \/>\n<meta property=\"og:image\" content=\"https:\/\/goodwill.fi\/kauppa\/wp-content\/uploads\/2024\/05\/IMG_5906-scaled-e1717063054940.jpg\" \/>\n\t<meta property=\"og:image:width\" content=\"1506\" \/>\n\t<meta property=\"og:image:height\" content=\"1706\" \/>\n\t<meta property=\"og:image:type\" content=\"image\/jpeg\" \/>\n<meta name=\"twitter:card\" content=\"summary_large_image\" \/>\n<meta name=\"twitter:label1\" content=\"Arvioitu lukuaika\" \/>\n\t<meta name=\"twitter:data1\" content=\"1 minuutti\" \/>\n<script type=\"application\/ld+json\" class=\"yoast-schema-graph\">{\"@context\":\"https:\/\/schema.org\",\"@graph\":[{\"@type\":\"WebPage\",\"@id\":\"https:\/\/goodwill.fi\/kauppa\/tuote\/tomy-mariage-haapuku\/\",\"url\":\"https:\/\/goodwill.fi\/kauppa\/tuote\/tomy-mariage-haapuku\/\",\"name\":\"TOMY MARIAGE H\u00c4\u00c4PUKU - Goodwill-verkkokauppa\",\"isPartOf\":{\"@id\":\"https:\/\/goodwill.fi\/kauppa\/#website\"},\"primaryImageOfPage\":{\"@id\":\"https:\/\/goodwill.fi\/kauppa\/tuote\/tomy-mariage-haapuku\/#primaryimage\"},\"image\":{\"@id\":\"https:\/\/goodwill.fi\/kauppa\/tuote\/tomy-mariage-haapuku\/#primaryimage\"},\"thumbnailUrl\":\"https:\/\/goodwill.fi\/kauppa\/wp-content\/uploads\/2024\/05\/IMG_5906-scaled-e1717063054940.jpg\",\"datePublished\":\"2025-01-31T06:00:58+00:00\",\"dateModified\":\"2025-02-03T13:30:09+00:00\",\"description\":\"Valkoinen pienell\u00e4 laahuksella oleva h\u00e4\u00e4puku. Valmistaja: Tomy Mariage Koko: 40 V\u00e4ri: valkoinen Kunto: k\u00e4ytetty, yleisilmeelt\u00e4\u00e4n eritt\u00e4in siisti\",\"breadcrumb\":{\"@id\":\"https:\/\/goodwill.fi\/kauppa\/tuote\/tomy-mariage-haapuku\/#breadcrumb\"},\"inLanguage\":\"fi\",\"potentialAction\":[{\"@type\":\"ReadAction\",\"target\":[\"https:\/\/goodwill.fi\/kauppa\/tuote\/tomy-mariage-haapuku\/\"]}]},{\"@type\":\"ImageObject\",\"inLanguage\":\"fi\",\"@id\":\"https:\/\/goodwill.fi\/kauppa\/tuote\/tomy-mariage-haapuku\/#primaryimage\",\"url\":\"https:\/\/goodwill.fi\/kauppa\/wp-content\/uploads\/2024\/05\/IMG_5906-scaled-e1717063054940.jpg\",\"contentUrl\":\"https:\/\/goodwill.fi\/kauppa\/wp-content\/uploads\/2024\/05\/IMG_5906-scaled-e1717063054940.jpg\",\"width\":1506,\"height\":1706},{\"@type\":\"BreadcrumbList\",\"@id\":\"https:\/\/goodwill.fi\/kauppa\/tuote\/tomy-mariage-haapuku\/#breadcrumb\",\"itemListElement\":[{\"@type\":\"ListItem\",\"position\":1,\"name\":\"Home\",\"item\":\"https:\/\/goodwill.fi\/kauppa\/\"},{\"@type\":\"ListItem\",\"position\":2,\"name\":\"Shop\",\"item\":\"https:\/\/goodwill.fi\/kauppa\/shop\/\"},{\"@type\":\"ListItem\",\"position\":3,\"name\":\"TOMY MARIAGE H\u00c4\u00c4PUKU\"}]},{\"@type\":\"WebSite\",\"@id\":\"https:\/\/goodwill.fi\/kauppa\/#website\",\"url\":\"https:\/\/goodwill.fi\/kauppa\/\",\"name\":\"Goodwill-verkkokauppa\",\"description\":\"Kierr\u00e4tysmyym\u00e4l\u00e4 verkossa\",\"publisher\":{\"@id\":\"https:\/\/goodwill.fi\/kauppa\/#organization\"},\"potentialAction\":[{\"@type\":\"SearchAction\",\"target\":{\"@type\":\"EntryPoint\",\"urlTemplate\":\"https:\/\/goodwill.fi\/kauppa\/?s={search_term_string}\"},\"query-input\":{\"@type\":\"PropertyValueSpecification\",\"valueRequired\":true,\"valueName\":\"search_term_string\"}}],\"inLanguage\":\"fi\"},{\"@type\":\"Organization\",\"@id\":\"https:\/\/goodwill.fi\/kauppa\/#organization\",\"name\":\"Goodwill-verkkokauppa\",\"url\":\"https:\/\/goodwill.fi\/kauppa\/\",\"logo\":{\"@type\":\"ImageObject\",\"inLanguage\":\"fi\",\"@id\":\"https:\/\/goodwill.fi\/kauppa\/#\/schema\/logo\/image\/\",\"url\":\"https:\/\/goodwill.fi\/kauppa\/wp-content\/uploads\/2021\/02\/cropped-logo_gw_store-723x211-1.png\",\"contentUrl\":\"https:\/\/goodwill.fi\/kauppa\/wp-content\/uploads\/2021\/02\/cropped-logo_gw_store-723x211-1.png\",\"width\":723,\"height\":207,\"caption\":\"Goodwill-verkkokauppa\"},\"image\":{\"@id\":\"https:\/\/goodwill.fi\/kauppa\/#\/schema\/logo\/image\/\"}}]}<\/script>\n<!-- \/ Yoast SEO plugin. -->","yoast_head_json":{"title":"TOMY MARIAGE H\u00c4\u00c4PUKU - Goodwill-verkkokauppa","description":"Valkoinen pienell\u00e4 laahuksella oleva h\u00e4\u00e4puku. Valmistaja: Tomy Mariage Koko: 40 V\u00e4ri: valkoinen Kunto: k\u00e4ytetty, yleisilmeelt\u00e4\u00e4n eritt\u00e4in siisti","robots":{"index":"index","follow":"follow","max-snippet":"max-snippet:-1","max-image-preview":"max-image-preview:large","max-video-preview":"max-video-preview:-1"},"canonical":"https:\/\/goodwill.fi\/kauppa\/tuote\/tomy-mariage-haapuku\/","og_locale":"fi_FI","og_type":"article","og_title":"TOMY MARIAGE H\u00c4\u00c4PUKU - Goodwill-verkkokauppa","og_description":"Valkoinen pienell\u00e4 laahuksella oleva h\u00e4\u00e4puku. Valmistaja: Tomy Mariage Koko: 40 V\u00e4ri: valkoinen Kunto: k\u00e4ytetty, yleisilmeelt\u00e4\u00e4n eritt\u00e4in siisti","og_url":"https:\/\/goodwill.fi\/kauppa\/tuote\/tomy-mariage-haapuku\/","og_site_name":"Goodwill-verkkokauppa","article_modified_time":"2025-02-03T13:30:09+00:00","og_image":[{"width":1506,"height":1706,"url":"https:\/\/goodwill.fi\/kauppa\/wp-content\/uploads\/2024\/05\/IMG_5906-scaled-e1717063054940.jpg","type":"image\/jpeg"}],"twitter_card":"summary_large_image","twitter_misc":{"Arvioitu lukuaika":"1 minuutti"},"schema":{"@context":"https:\/\/schema.org","@graph":[{"@type":"WebPage","@id":"https:\/\/goodwill.fi\/kauppa\/tuote\/tomy-mariage-haapuku\/","url":"https:\/\/goodwill.fi\/kauppa\/tuote\/tomy-mariage-haapuku\/","name":"TOMY MARIAGE H\u00c4\u00c4PUKU - Goodwill-verkkokauppa","isPartOf":{"@id":"https:\/\/goodwill.fi\/kauppa\/#website"},"primaryImageOfPage":{"@id":"https:\/\/goodwill.fi\/kauppa\/tuote\/tomy-mariage-haapuku\/#primaryimage"},"image":{"@id":"https:\/\/goodwill.fi\/kauppa\/tuote\/tomy-mariage-haapuku\/#primaryimage"},"thumbnailUrl":"https:\/\/goodwill.fi\/kauppa\/wp-content\/uploads\/2024\/05\/IMG_5906-scaled-e1717063054940.jpg","datePublished":"2025-01-31T06:00:58+00:00","dateModified":"2025-02-03T13:30:09+00:00","description":"Valkoinen pienell\u00e4 laahuksella oleva h\u00e4\u00e4puku. Valmistaja: Tomy Mariage Koko: 40 V\u00e4ri: valkoinen Kunto: k\u00e4ytetty, yleisilmeelt\u00e4\u00e4n eritt\u00e4in siisti","breadcrumb":{"@id":"https:\/\/goodwill.fi\/kauppa\/tuote\/tomy-mariage-haapuku\/#breadcrumb"},"inLanguage":"fi","potentialAction":[{"@type":"ReadAction","target":["https:\/\/goodwill.fi\/kauppa\/tuote\/tomy-mariage-haapuku\/"]}]},{"@type":"ImageObject","inLanguage":"fi","@id":"https:\/\/goodwill.fi\/kauppa\/tuote\/tomy-mariage-haapuku\/#primaryimage","url":"https:\/\/goodwill.fi\/kauppa\/wp-content\/uploads\/2024\/05\/IMG_5906-scaled-e1717063054940.jpg","contentUrl":"https:\/\/goodwill.fi\/kauppa\/wp-content\/uploads\/2024\/05\/IMG_5906-scaled-e1717063054940.jpg","width":1506,"height":1706},{"@type":"BreadcrumbList","@id":"https:\/\/goodwill.fi\/kauppa\/tuote\/tomy-mariage-haapuku\/#breadcrumb","itemListElement":[{"@type":"ListItem","position":1,"name":"Home","item":"https:\/\/goodwill.fi\/kauppa\/"},{"@type":"ListItem","position":2,"name":"Shop","item":"https:\/\/goodwill.fi\/kauppa\/shop\/"},{"@type":"ListItem","position":3,"name":"TOMY MARIAGE H\u00c4\u00c4PUKU"}]},{"@type":"WebSite","@id":"https:\/\/goodwill.fi\/kauppa\/#website","url":"https:\/\/goodwill.fi\/kauppa\/","name":"Goodwill-verkkokauppa","description":"Kierr\u00e4tysmyym\u00e4l\u00e4 verkossa","publisher":{"@id":"https:\/\/goodwill.fi\/kauppa\/#organization"},"potentialAction":[{"@type":"SearchAction","target":{"@type":"EntryPoint","urlTemplate":"https:\/\/goodwill.fi\/kauppa\/?s={search_term_string}"},"query-input":{"@type":"PropertyValueSpecification","valueRequired":true,"valueName":"search_term_string"}}],"inLanguage":"fi"},{"@type":"Organization","@id":"https:\/\/goodwill.fi\/kauppa\/#organization","name":"Goodwill-verkkokauppa","url":"https:\/\/goodwill.fi\/kauppa\/","logo":{"@type":"ImageObject","inLanguage":"fi","@id":"https:\/\/goodwill.fi\/kauppa\/#\/schema\/logo\/image\/","url":"https:\/\/goodwill.fi\/kauppa\/wp-content\/uploads\/2021\/02\/cropped-logo_gw_store-723x211-1.png","contentUrl":"https:\/\/goodwill.fi\/kauppa\/wp-content\/uploads\/2021\/02\/cropped-logo_gw_store-723x211-1.png","width":723,"height":207,"caption":"Goodwill-verkkokauppa"},"image":{"@id":"https:\/\/goodwill.fi\/kauppa\/#\/schema\/logo\/image\/"}}]}},"_links":{"self":[{"href":"https:\/\/goodwill.fi\/kauppa\/wp-json\/wp\/v2\/product\/27973","targetHints":{"allow":["GET"]}}],"collection":[{"href":"https:\/\/goodwill.fi\/kauppa\/wp-json\/wp\/v2\/product"}],"about":[{"href":"https:\/\/goodwill.fi\/kauppa\/wp-json\/wp\/v2\/types\/product"}],"replies":[{"embeddable":true,"href":"https:\/\/goodwill.fi\/kauppa\/wp-json\/wp\/v2\/comments?post=27973"}],"wp:featuredmedia":[{"embeddable":true,"href":"https:\/\/goodwill.fi\/kauppa\/wp-json\/wp\/v2\/media\/27977"}],"wp:attachment":[{"href":"https:\/\/goodwill.fi\/kauppa\/wp-json\/wp\/v2\/media?parent=27973"}],"wp:term":[{"taxonomy":"product_brand","embeddable":true,"href":"https:\/\/goodwill.fi\/kauppa\/wp-json\/wp\/v2\/product_brand?post=27973"},{"taxonomy":"product_cat","embeddable":true,"href":"https:\/\/goodwill.fi\/kauppa\/wp-json\/wp\/v2\/product_cat?post=27973"},{"taxonomy":"product_tag","embeddable":true,"href":"https:\/\/goodwill.fi\/kauppa\/wp-json\/wp\/v2\/product_tag?post=27973"}],"curies":[{"name":"wp","href":"https:\/\/api.w.org\/{rel}","templated":true}]}}