{"id":2794,"date":"2021-01-12T11:02:37","date_gmt":"2021-01-12T09:02:37","guid":{"rendered":"https:\/\/goodwill.mauri.loopy.fi\/?post_type=product&#038;p=2794"},"modified":"2022-09-19T12:32:02","modified_gmt":"2022-09-19T09:32:02","slug":"arabia-hellas-piano-90-vuotislautanen","status":"publish","type":"product","link":"https:\/\/goodwill.fi\/kauppa\/tuote\/arabia-hellas-piano-90-vuotislautanen\/","title":{"rendered":"ARABIA, HELLAS-PIANO 90-VUOTISLAUTANEN"},"content":{"rendered":"<p style=\"margin: 0cm 0cm 6.4pt 0cm\">Arabia tilausty\u00f6n Hellas-pianon 90-vuotislautanen 1901-1991.<br \/>\nValmistaja: Arabia<br \/>\nValmistusvuosi: 1991<br \/>\nMitat: leveys 22,5 cm, paino n. 690 g<br \/>\nV\u00e4ri: musta, valkoinen ja kullattu, matta ja kiilt\u00e4v\u00e4 lasite<br \/>\nMateriaali: keramiikka, fajanssi<br \/>\nKunto: k\u00e4ytetty, vain v\u00e4h\u00e4isi\u00e4 k\u00e4yt\u00f6n j\u00e4lki\u00e4<br \/>\nHuom: Yksitt\u00e4iskappale<\/p>\n<p style=\"margin: 0cm 0cm 6.4pt 0cm\">\n","protected":false},"excerpt":{"rendered":"<p>Arabia tilausty\u00f6n Hellas-pianon 90-vuotislautanen 1901-1991. Valmistaja: Arabia Valmistusvuosi: 1991 Mitat: leveys 22,5 cm, paino n. 690 g V\u00e4ri: musta, valkoinen ja kullattu, matta ja kiilt\u00e4v\u00e4 lasite Materiaali: keramiikka, fajanssi Kunto: k\u00e4ytetty, vain v\u00e4h\u00e4isi\u00e4 k\u00e4yt\u00f6n j\u00e4lki\u00e4 Huom: Yksitt\u00e4iskappale<\/p>\n","protected":false},"featured_media":2795,"comment_status":"open","ping_status":"closed","template":"","meta":[],"product_brand":[],"product_cat":[159,171,146,154],"product_tag":[2530,2823,206,2528,224],"class_list":{"0":"post-2794","1":"product","2":"type-product","3":"status-publish","4":"has-post-thumbnail","6":"product_cat-kaikki","7":"product_cat-taulut-2","8":"product_cat-koti-2","9":"product_cat-sisustus-2","10":"product_tag-2530","11":"product_tag-90-vuotislautanen","12":"product_tag-arabia","13":"product_tag-hellas-piano","14":"product_tag-lautanen","15":"pa_sku-00847-2","17":"first","18":"outofstock","19":"taxable","20":"shipping-taxable","21":"purchasable","22":"product-type-simple"},"yoast_head":"<!-- This site is optimized with the Yoast SEO plugin v27.1.1 - https:\/\/yoast.com\/product\/yoast-seo-wordpress\/ -->\n<title>ARABIA, HELLAS-PIANO, 90-VUOTISLAUTANEN<\/title>\n<meta name=\"description\" content=\"Arabia tilausty\u00f6n Hellas-pianon 90-vuotislautanen 1901-1991. Valmistaja: Arabia. Valmistusvuosi: 1991. Mitat: leveys 22,5 cm, paino n. 690g\" \/>\n<meta name=\"robots\" content=\"index, follow, max-snippet:-1, max-image-preview:large, max-video-preview:-1\" \/>\n<link rel=\"canonical\" href=\"https:\/\/goodwill.fi\/kauppa\/tuote\/arabia-hellas-piano-90-vuotislautanen\/\" \/>\n<meta property=\"og:locale\" content=\"fi_FI\" \/>\n<meta property=\"og:type\" content=\"article\" \/>\n<meta property=\"og:title\" content=\"ARABIA, HELLAS-PIANO, 90-VUOTISLAUTANEN\" \/>\n<meta property=\"og:description\" content=\"Arabia tilausty\u00f6n Hellas-pianon 90-vuotislautanen 1901-1991. Valmistaja: Arabia. Valmistusvuosi: 1991. Mitat: leveys 22,5 cm, paino n. 690g\" \/>\n<meta property=\"og:url\" content=\"https:\/\/goodwill.fi\/kauppa\/tuote\/arabia-hellas-piano-90-vuotislautanen\/\" \/>\n<meta property=\"og:site_name\" content=\"Goodwill-verkkokauppa\" \/>\n<meta property=\"article:modified_time\" content=\"2022-09-19T09:32:02+00:00\" \/>\n<meta property=\"og:image\" content=\"https:\/\/goodwill.fi\/kauppa\/wp-content\/uploads\/2021\/01\/products-IMG_6242-scaled.jpg\" \/>\n\t<meta property=\"og:image:width\" content=\"2560\" \/>\n\t<meta property=\"og:image:height\" content=\"1707\" \/>\n\t<meta property=\"og:image:type\" content=\"image\/jpeg\" \/>\n<meta name=\"twitter:card\" content=\"summary_large_image\" \/>\n<meta name=\"twitter:label1\" content=\"Arvioitu lukuaika\" \/>\n\t<meta name=\"twitter:data1\" content=\"1 minuutti\" \/>\n<script type=\"application\/ld+json\" class=\"yoast-schema-graph\">{\"@context\":\"https:\/\/schema.org\",\"@graph\":[{\"@type\":\"WebPage\",\"@id\":\"https:\/\/goodwill.fi\/kauppa\/tuote\/arabia-hellas-piano-90-vuotislautanen\/\",\"url\":\"https:\/\/goodwill.fi\/kauppa\/tuote\/arabia-hellas-piano-90-vuotislautanen\/\",\"name\":\"ARABIA, HELLAS-PIANO, 90-VUOTISLAUTANEN\",\"isPartOf\":{\"@id\":\"https:\/\/goodwill.fi\/kauppa\/#website\"},\"primaryImageOfPage\":{\"@id\":\"https:\/\/goodwill.fi\/kauppa\/tuote\/arabia-hellas-piano-90-vuotislautanen\/#primaryimage\"},\"image\":{\"@id\":\"https:\/\/goodwill.fi\/kauppa\/tuote\/arabia-hellas-piano-90-vuotislautanen\/#primaryimage\"},\"thumbnailUrl\":\"https:\/\/goodwill.fi\/kauppa\/wp-content\/uploads\/2021\/01\/products-IMG_6242-scaled.jpg\",\"datePublished\":\"2021-01-12T09:02:37+00:00\",\"dateModified\":\"2022-09-19T09:32:02+00:00\",\"description\":\"Arabia tilausty\u00f6n Hellas-pianon 90-vuotislautanen 1901-1991. Valmistaja: Arabia. Valmistusvuosi: 1991. Mitat: leveys 22,5 cm, paino n. 690g\",\"breadcrumb\":{\"@id\":\"https:\/\/goodwill.fi\/kauppa\/tuote\/arabia-hellas-piano-90-vuotislautanen\/#breadcrumb\"},\"inLanguage\":\"fi\",\"potentialAction\":[{\"@type\":\"ReadAction\",\"target\":[\"https:\/\/goodwill.fi\/kauppa\/tuote\/arabia-hellas-piano-90-vuotislautanen\/\"]}]},{\"@type\":\"ImageObject\",\"inLanguage\":\"fi\",\"@id\":\"https:\/\/goodwill.fi\/kauppa\/tuote\/arabia-hellas-piano-90-vuotislautanen\/#primaryimage\",\"url\":\"https:\/\/goodwill.fi\/kauppa\/wp-content\/uploads\/2021\/01\/products-IMG_6242-scaled.jpg\",\"contentUrl\":\"https:\/\/goodwill.fi\/kauppa\/wp-content\/uploads\/2021\/01\/products-IMG_6242-scaled.jpg\",\"width\":2560,\"height\":1707,\"caption\":\"ARABIA, HELLAS-PIANO 90-VUOTISLAUTANEN\"},{\"@type\":\"BreadcrumbList\",\"@id\":\"https:\/\/goodwill.fi\/kauppa\/tuote\/arabia-hellas-piano-90-vuotislautanen\/#breadcrumb\",\"itemListElement\":[{\"@type\":\"ListItem\",\"position\":1,\"name\":\"Home\",\"item\":\"https:\/\/goodwill.fi\/kauppa\/\"},{\"@type\":\"ListItem\",\"position\":2,\"name\":\"Shop\",\"item\":\"https:\/\/goodwill.fi\/kauppa\/shop\/\"},{\"@type\":\"ListItem\",\"position\":3,\"name\":\"ARABIA, HELLAS-PIANO 90-VUOTISLAUTANEN\"}]},{\"@type\":\"WebSite\",\"@id\":\"https:\/\/goodwill.fi\/kauppa\/#website\",\"url\":\"https:\/\/goodwill.fi\/kauppa\/\",\"name\":\"Goodwill-verkkokauppa\",\"description\":\"Kierr\u00e4tysmyym\u00e4l\u00e4 verkossa\",\"publisher\":{\"@id\":\"https:\/\/goodwill.fi\/kauppa\/#organization\"},\"potentialAction\":[{\"@type\":\"SearchAction\",\"target\":{\"@type\":\"EntryPoint\",\"urlTemplate\":\"https:\/\/goodwill.fi\/kauppa\/?s={search_term_string}\"},\"query-input\":{\"@type\":\"PropertyValueSpecification\",\"valueRequired\":true,\"valueName\":\"search_term_string\"}}],\"inLanguage\":\"fi\"},{\"@type\":\"Organization\",\"@id\":\"https:\/\/goodwill.fi\/kauppa\/#organization\",\"name\":\"Goodwill-verkkokauppa\",\"url\":\"https:\/\/goodwill.fi\/kauppa\/\",\"logo\":{\"@type\":\"ImageObject\",\"inLanguage\":\"fi\",\"@id\":\"https:\/\/goodwill.fi\/kauppa\/#\/schema\/logo\/image\/\",\"url\":\"https:\/\/goodwill.fi\/kauppa\/wp-content\/uploads\/2021\/02\/cropped-logo_gw_store-723x211-1.png\",\"contentUrl\":\"https:\/\/goodwill.fi\/kauppa\/wp-content\/uploads\/2021\/02\/cropped-logo_gw_store-723x211-1.png\",\"width\":723,\"height\":207,\"caption\":\"Goodwill-verkkokauppa\"},\"image\":{\"@id\":\"https:\/\/goodwill.fi\/kauppa\/#\/schema\/logo\/image\/\"}}]}<\/script>\n<!-- \/ Yoast SEO plugin. -->","yoast_head_json":{"title":"ARABIA, HELLAS-PIANO, 90-VUOTISLAUTANEN","description":"Arabia tilausty\u00f6n Hellas-pianon 90-vuotislautanen 1901-1991. Valmistaja: Arabia. Valmistusvuosi: 1991. Mitat: leveys 22,5 cm, paino n. 690g","robots":{"index":"index","follow":"follow","max-snippet":"max-snippet:-1","max-image-preview":"max-image-preview:large","max-video-preview":"max-video-preview:-1"},"canonical":"https:\/\/goodwill.fi\/kauppa\/tuote\/arabia-hellas-piano-90-vuotislautanen\/","og_locale":"fi_FI","og_type":"article","og_title":"ARABIA, HELLAS-PIANO, 90-VUOTISLAUTANEN","og_description":"Arabia tilausty\u00f6n Hellas-pianon 90-vuotislautanen 1901-1991. Valmistaja: Arabia. Valmistusvuosi: 1991. Mitat: leveys 22,5 cm, paino n. 690g","og_url":"https:\/\/goodwill.fi\/kauppa\/tuote\/arabia-hellas-piano-90-vuotislautanen\/","og_site_name":"Goodwill-verkkokauppa","article_modified_time":"2022-09-19T09:32:02+00:00","og_image":[{"width":2560,"height":1707,"url":"https:\/\/goodwill.fi\/kauppa\/wp-content\/uploads\/2021\/01\/products-IMG_6242-scaled.jpg","type":"image\/jpeg"}],"twitter_card":"summary_large_image","twitter_misc":{"Arvioitu lukuaika":"1 minuutti"},"schema":{"@context":"https:\/\/schema.org","@graph":[{"@type":"WebPage","@id":"https:\/\/goodwill.fi\/kauppa\/tuote\/arabia-hellas-piano-90-vuotislautanen\/","url":"https:\/\/goodwill.fi\/kauppa\/tuote\/arabia-hellas-piano-90-vuotislautanen\/","name":"ARABIA, HELLAS-PIANO, 90-VUOTISLAUTANEN","isPartOf":{"@id":"https:\/\/goodwill.fi\/kauppa\/#website"},"primaryImageOfPage":{"@id":"https:\/\/goodwill.fi\/kauppa\/tuote\/arabia-hellas-piano-90-vuotislautanen\/#primaryimage"},"image":{"@id":"https:\/\/goodwill.fi\/kauppa\/tuote\/arabia-hellas-piano-90-vuotislautanen\/#primaryimage"},"thumbnailUrl":"https:\/\/goodwill.fi\/kauppa\/wp-content\/uploads\/2021\/01\/products-IMG_6242-scaled.jpg","datePublished":"2021-01-12T09:02:37+00:00","dateModified":"2022-09-19T09:32:02+00:00","description":"Arabia tilausty\u00f6n Hellas-pianon 90-vuotislautanen 1901-1991. Valmistaja: Arabia. Valmistusvuosi: 1991. Mitat: leveys 22,5 cm, paino n. 690g","breadcrumb":{"@id":"https:\/\/goodwill.fi\/kauppa\/tuote\/arabia-hellas-piano-90-vuotislautanen\/#breadcrumb"},"inLanguage":"fi","potentialAction":[{"@type":"ReadAction","target":["https:\/\/goodwill.fi\/kauppa\/tuote\/arabia-hellas-piano-90-vuotislautanen\/"]}]},{"@type":"ImageObject","inLanguage":"fi","@id":"https:\/\/goodwill.fi\/kauppa\/tuote\/arabia-hellas-piano-90-vuotislautanen\/#primaryimage","url":"https:\/\/goodwill.fi\/kauppa\/wp-content\/uploads\/2021\/01\/products-IMG_6242-scaled.jpg","contentUrl":"https:\/\/goodwill.fi\/kauppa\/wp-content\/uploads\/2021\/01\/products-IMG_6242-scaled.jpg","width":2560,"height":1707,"caption":"ARABIA, HELLAS-PIANO 90-VUOTISLAUTANEN"},{"@type":"BreadcrumbList","@id":"https:\/\/goodwill.fi\/kauppa\/tuote\/arabia-hellas-piano-90-vuotislautanen\/#breadcrumb","itemListElement":[{"@type":"ListItem","position":1,"name":"Home","item":"https:\/\/goodwill.fi\/kauppa\/"},{"@type":"ListItem","position":2,"name":"Shop","item":"https:\/\/goodwill.fi\/kauppa\/shop\/"},{"@type":"ListItem","position":3,"name":"ARABIA, HELLAS-PIANO 90-VUOTISLAUTANEN"}]},{"@type":"WebSite","@id":"https:\/\/goodwill.fi\/kauppa\/#website","url":"https:\/\/goodwill.fi\/kauppa\/","name":"Goodwill-verkkokauppa","description":"Kierr\u00e4tysmyym\u00e4l\u00e4 verkossa","publisher":{"@id":"https:\/\/goodwill.fi\/kauppa\/#organization"},"potentialAction":[{"@type":"SearchAction","target":{"@type":"EntryPoint","urlTemplate":"https:\/\/goodwill.fi\/kauppa\/?s={search_term_string}"},"query-input":{"@type":"PropertyValueSpecification","valueRequired":true,"valueName":"search_term_string"}}],"inLanguage":"fi"},{"@type":"Organization","@id":"https:\/\/goodwill.fi\/kauppa\/#organization","name":"Goodwill-verkkokauppa","url":"https:\/\/goodwill.fi\/kauppa\/","logo":{"@type":"ImageObject","inLanguage":"fi","@id":"https:\/\/goodwill.fi\/kauppa\/#\/schema\/logo\/image\/","url":"https:\/\/goodwill.fi\/kauppa\/wp-content\/uploads\/2021\/02\/cropped-logo_gw_store-723x211-1.png","contentUrl":"https:\/\/goodwill.fi\/kauppa\/wp-content\/uploads\/2021\/02\/cropped-logo_gw_store-723x211-1.png","width":723,"height":207,"caption":"Goodwill-verkkokauppa"},"image":{"@id":"https:\/\/goodwill.fi\/kauppa\/#\/schema\/logo\/image\/"}}]}},"_links":{"self":[{"href":"https:\/\/goodwill.fi\/kauppa\/wp-json\/wp\/v2\/product\/2794","targetHints":{"allow":["GET"]}}],"collection":[{"href":"https:\/\/goodwill.fi\/kauppa\/wp-json\/wp\/v2\/product"}],"about":[{"href":"https:\/\/goodwill.fi\/kauppa\/wp-json\/wp\/v2\/types\/product"}],"replies":[{"embeddable":true,"href":"https:\/\/goodwill.fi\/kauppa\/wp-json\/wp\/v2\/comments?post=2794"}],"wp:featuredmedia":[{"embeddable":true,"href":"https:\/\/goodwill.fi\/kauppa\/wp-json\/wp\/v2\/media\/2795"}],"wp:attachment":[{"href":"https:\/\/goodwill.fi\/kauppa\/wp-json\/wp\/v2\/media?parent=2794"}],"wp:term":[{"taxonomy":"product_brand","embeddable":true,"href":"https:\/\/goodwill.fi\/kauppa\/wp-json\/wp\/v2\/product_brand?post=2794"},{"taxonomy":"product_cat","embeddable":true,"href":"https:\/\/goodwill.fi\/kauppa\/wp-json\/wp\/v2\/product_cat?post=2794"},{"taxonomy":"product_tag","embeddable":true,"href":"https:\/\/goodwill.fi\/kauppa\/wp-json\/wp\/v2\/product_tag?post=2794"}],"curies":[{"name":"wp","href":"https:\/\/api.w.org\/{rel}","templated":true}]}}