{"id":26864,"date":"2024-05-15T11:07:37","date_gmt":"2024-05-15T08:07:37","guid":{"rendered":"https:\/\/goodwill.fi\/kauppa\/?post_type=product&#038;p=26864"},"modified":"2025-02-14T16:57:00","modified_gmt":"2025-02-14T14:57:00","slug":"arabia-kalevala-vuosilautaset-8-kpl","status":"publish","type":"product","link":"https:\/\/goodwill.fi\/kauppa\/tuote\/arabia-kalevala-vuosilautaset-8-kpl\/","title":{"rendered":"ARABIA KALEVALA VUOSILAUTASET, 8 KPL"},"content":{"rendered":"<p>Suunnittelija: Raija Uosikkinen<br \/>\nValmistaja: Arabia<br \/>\nValmistusvuosi: 1977-1984<br \/>\nMitat: pituus 20 cm, leveys 20 cm,\u00a0 paino 615 g<br \/>\nV\u00e4ri: moniv\u00e4rinen<br \/>\nMateriaali: keramiikka<br \/>\nKunto: ehj\u00e4t, hieman k\u00e4yt\u00f6n j\u00e4lki\u00e4<br \/>\nHuom: myyd\u00e4\u00e4n kahdeksan lautasen settin\u00e4 joka sis\u00e4lt\u00e4\u00e4 lautaset vuosilta 1977-1984, yhdest\u00e4 lautasesta puuttuu ripustuskoukku<\/p>\n","protected":false},"excerpt":{"rendered":"<p>Suunnittelija: Raija Uosikkinen Valmistaja: Arabia Valmistusvuosi: 1977-1984 Mitat: pituus 20 cm, leveys 20 cm,\u00a0 paino 615 g V\u00e4ri: moniv\u00e4rinen Materiaali: keramiikka Kunto: ehj\u00e4t, hieman k\u00e4yt\u00f6n j\u00e4lki\u00e4 Huom: myyd\u00e4\u00e4n kahdeksan lautasen settin\u00e4 joka sis\u00e4lt\u00e4\u00e4 lautaset vuosilta 1977-1984, yhdest\u00e4 lautasesta puuttuu ripustuskoukku<\/p>\n","protected":false},"featured_media":26889,"comment_status":"open","ping_status":"closed","template":"","meta":[],"product_brand":[],"product_cat":[159,146,154],"product_tag":[206,429,10215,1349,517,10214],"class_list":{"0":"post-26864","1":"product","2":"type-product","3":"status-publish","4":"has-post-thumbnail","6":"product_cat-kaikki","7":"product_cat-koti-2","8":"product_cat-sisustus-2","9":"product_tag-arabia","10":"product_tag-kalevala","11":"product_tag-kot03795","12":"product_tag-raija-uosikkinen","13":"product_tag-vuosilautanen","14":"product_tag-vuosilautaset","16":"first","17":"outofstock","18":"taxable","19":"shipping-taxable","20":"purchasable","21":"product-type-simple"},"yoast_head":"<!-- This site is optimized with the Yoast SEO plugin v27.1.1 - https:\/\/yoast.com\/product\/yoast-seo-wordpress\/ -->\n<title>ARABIA KALEVALA VUOSILAUTASET, 8 KPL - Goodwill-verkkokauppa<\/title>\n<meta name=\"description\" content=\"Kahdeksan vuosilautasen setti Suunnittelija: Raija Uosikkinen Valmistaja: Arabia Valmistusvuosi: 1977-1984 Mitat: pituus 20 cm, leveys 20 cm,\u00a0 paino 615 g\" \/>\n<meta name=\"robots\" content=\"index, follow, max-snippet:-1, max-image-preview:large, max-video-preview:-1\" \/>\n<link rel=\"canonical\" href=\"https:\/\/goodwill.fi\/kauppa\/tuote\/arabia-kalevala-vuosilautaset-8-kpl\/\" \/>\n<meta property=\"og:locale\" content=\"fi_FI\" \/>\n<meta property=\"og:type\" content=\"article\" \/>\n<meta property=\"og:title\" content=\"ARABIA KALEVALA VUOSILAUTASET, 8 KPL - Goodwill-verkkokauppa\" \/>\n<meta property=\"og:description\" content=\"Kahdeksan vuosilautasen setti Suunnittelija: Raija Uosikkinen Valmistaja: Arabia Valmistusvuosi: 1977-1984 Mitat: pituus 20 cm, leveys 20 cm,\u00a0 paino 615 g\" \/>\n<meta property=\"og:url\" content=\"https:\/\/goodwill.fi\/kauppa\/tuote\/arabia-kalevala-vuosilautaset-8-kpl\/\" \/>\n<meta property=\"og:site_name\" content=\"Goodwill-verkkokauppa\" \/>\n<meta property=\"article:modified_time\" content=\"2025-02-14T14:57:00+00:00\" \/>\n<meta property=\"og:image\" content=\"https:\/\/goodwill.fi\/kauppa\/wp-content\/uploads\/2024\/05\/IMG_5822-scaled-e1715760317433.jpg\" \/>\n\t<meta property=\"og:image:width\" content=\"1698\" \/>\n\t<meta property=\"og:image:height\" content=\"1706\" \/>\n\t<meta property=\"og:image:type\" content=\"image\/jpeg\" \/>\n<meta name=\"twitter:card\" content=\"summary_large_image\" \/>\n<meta name=\"twitter:label1\" content=\"Arvioitu lukuaika\" \/>\n\t<meta name=\"twitter:data1\" content=\"1 minuutti\" \/>\n<script type=\"application\/ld+json\" class=\"yoast-schema-graph\">{\"@context\":\"https:\/\/schema.org\",\"@graph\":[{\"@type\":\"WebPage\",\"@id\":\"https:\/\/goodwill.fi\/kauppa\/tuote\/arabia-kalevala-vuosilautaset-8-kpl\/\",\"url\":\"https:\/\/goodwill.fi\/kauppa\/tuote\/arabia-kalevala-vuosilautaset-8-kpl\/\",\"name\":\"ARABIA KALEVALA VUOSILAUTASET, 8 KPL - Goodwill-verkkokauppa\",\"isPartOf\":{\"@id\":\"https:\/\/goodwill.fi\/kauppa\/#website\"},\"primaryImageOfPage\":{\"@id\":\"https:\/\/goodwill.fi\/kauppa\/tuote\/arabia-kalevala-vuosilautaset-8-kpl\/#primaryimage\"},\"image\":{\"@id\":\"https:\/\/goodwill.fi\/kauppa\/tuote\/arabia-kalevala-vuosilautaset-8-kpl\/#primaryimage\"},\"thumbnailUrl\":\"https:\/\/goodwill.fi\/kauppa\/wp-content\/uploads\/2024\/05\/IMG_5822-scaled-e1715760317433.jpg\",\"datePublished\":\"2024-05-15T08:07:37+00:00\",\"dateModified\":\"2025-02-14T14:57:00+00:00\",\"description\":\"Kahdeksan vuosilautasen setti Suunnittelija: Raija Uosikkinen Valmistaja: Arabia Valmistusvuosi: 1977-1984 Mitat: pituus 20 cm, leveys 20 cm,\u00a0 paino 615 g\",\"breadcrumb\":{\"@id\":\"https:\/\/goodwill.fi\/kauppa\/tuote\/arabia-kalevala-vuosilautaset-8-kpl\/#breadcrumb\"},\"inLanguage\":\"fi\",\"potentialAction\":[{\"@type\":\"ReadAction\",\"target\":[\"https:\/\/goodwill.fi\/kauppa\/tuote\/arabia-kalevala-vuosilautaset-8-kpl\/\"]}]},{\"@type\":\"ImageObject\",\"inLanguage\":\"fi\",\"@id\":\"https:\/\/goodwill.fi\/kauppa\/tuote\/arabia-kalevala-vuosilautaset-8-kpl\/#primaryimage\",\"url\":\"https:\/\/goodwill.fi\/kauppa\/wp-content\/uploads\/2024\/05\/IMG_5822-scaled-e1715760317433.jpg\",\"contentUrl\":\"https:\/\/goodwill.fi\/kauppa\/wp-content\/uploads\/2024\/05\/IMG_5822-scaled-e1715760317433.jpg\",\"width\":1698,\"height\":1706},{\"@type\":\"BreadcrumbList\",\"@id\":\"https:\/\/goodwill.fi\/kauppa\/tuote\/arabia-kalevala-vuosilautaset-8-kpl\/#breadcrumb\",\"itemListElement\":[{\"@type\":\"ListItem\",\"position\":1,\"name\":\"Home\",\"item\":\"https:\/\/goodwill.fi\/kauppa\/\"},{\"@type\":\"ListItem\",\"position\":2,\"name\":\"Shop\",\"item\":\"https:\/\/goodwill.fi\/kauppa\/shop\/\"},{\"@type\":\"ListItem\",\"position\":3,\"name\":\"ARABIA KALEVALA VUOSILAUTASET, 8 KPL\"}]},{\"@type\":\"WebSite\",\"@id\":\"https:\/\/goodwill.fi\/kauppa\/#website\",\"url\":\"https:\/\/goodwill.fi\/kauppa\/\",\"name\":\"Goodwill-verkkokauppa\",\"description\":\"Kierr\u00e4tysmyym\u00e4l\u00e4 verkossa\",\"publisher\":{\"@id\":\"https:\/\/goodwill.fi\/kauppa\/#organization\"},\"potentialAction\":[{\"@type\":\"SearchAction\",\"target\":{\"@type\":\"EntryPoint\",\"urlTemplate\":\"https:\/\/goodwill.fi\/kauppa\/?s={search_term_string}\"},\"query-input\":{\"@type\":\"PropertyValueSpecification\",\"valueRequired\":true,\"valueName\":\"search_term_string\"}}],\"inLanguage\":\"fi\"},{\"@type\":\"Organization\",\"@id\":\"https:\/\/goodwill.fi\/kauppa\/#organization\",\"name\":\"Goodwill-verkkokauppa\",\"url\":\"https:\/\/goodwill.fi\/kauppa\/\",\"logo\":{\"@type\":\"ImageObject\",\"inLanguage\":\"fi\",\"@id\":\"https:\/\/goodwill.fi\/kauppa\/#\/schema\/logo\/image\/\",\"url\":\"https:\/\/goodwill.fi\/kauppa\/wp-content\/uploads\/2021\/02\/cropped-logo_gw_store-723x211-1.png\",\"contentUrl\":\"https:\/\/goodwill.fi\/kauppa\/wp-content\/uploads\/2021\/02\/cropped-logo_gw_store-723x211-1.png\",\"width\":723,\"height\":207,\"caption\":\"Goodwill-verkkokauppa\"},\"image\":{\"@id\":\"https:\/\/goodwill.fi\/kauppa\/#\/schema\/logo\/image\/\"}}]}<\/script>\n<!-- \/ Yoast SEO plugin. -->","yoast_head_json":{"title":"ARABIA KALEVALA VUOSILAUTASET, 8 KPL - Goodwill-verkkokauppa","description":"Kahdeksan vuosilautasen setti Suunnittelija: Raija Uosikkinen Valmistaja: Arabia Valmistusvuosi: 1977-1984 Mitat: pituus 20 cm, leveys 20 cm,\u00a0 paino 615 g","robots":{"index":"index","follow":"follow","max-snippet":"max-snippet:-1","max-image-preview":"max-image-preview:large","max-video-preview":"max-video-preview:-1"},"canonical":"https:\/\/goodwill.fi\/kauppa\/tuote\/arabia-kalevala-vuosilautaset-8-kpl\/","og_locale":"fi_FI","og_type":"article","og_title":"ARABIA KALEVALA VUOSILAUTASET, 8 KPL - Goodwill-verkkokauppa","og_description":"Kahdeksan vuosilautasen setti Suunnittelija: Raija Uosikkinen Valmistaja: Arabia Valmistusvuosi: 1977-1984 Mitat: pituus 20 cm, leveys 20 cm,\u00a0 paino 615 g","og_url":"https:\/\/goodwill.fi\/kauppa\/tuote\/arabia-kalevala-vuosilautaset-8-kpl\/","og_site_name":"Goodwill-verkkokauppa","article_modified_time":"2025-02-14T14:57:00+00:00","og_image":[{"width":1698,"height":1706,"url":"https:\/\/goodwill.fi\/kauppa\/wp-content\/uploads\/2024\/05\/IMG_5822-scaled-e1715760317433.jpg","type":"image\/jpeg"}],"twitter_card":"summary_large_image","twitter_misc":{"Arvioitu lukuaika":"1 minuutti"},"schema":{"@context":"https:\/\/schema.org","@graph":[{"@type":"WebPage","@id":"https:\/\/goodwill.fi\/kauppa\/tuote\/arabia-kalevala-vuosilautaset-8-kpl\/","url":"https:\/\/goodwill.fi\/kauppa\/tuote\/arabia-kalevala-vuosilautaset-8-kpl\/","name":"ARABIA KALEVALA VUOSILAUTASET, 8 KPL - Goodwill-verkkokauppa","isPartOf":{"@id":"https:\/\/goodwill.fi\/kauppa\/#website"},"primaryImageOfPage":{"@id":"https:\/\/goodwill.fi\/kauppa\/tuote\/arabia-kalevala-vuosilautaset-8-kpl\/#primaryimage"},"image":{"@id":"https:\/\/goodwill.fi\/kauppa\/tuote\/arabia-kalevala-vuosilautaset-8-kpl\/#primaryimage"},"thumbnailUrl":"https:\/\/goodwill.fi\/kauppa\/wp-content\/uploads\/2024\/05\/IMG_5822-scaled-e1715760317433.jpg","datePublished":"2024-05-15T08:07:37+00:00","dateModified":"2025-02-14T14:57:00+00:00","description":"Kahdeksan vuosilautasen setti Suunnittelija: Raija Uosikkinen Valmistaja: Arabia Valmistusvuosi: 1977-1984 Mitat: pituus 20 cm, leveys 20 cm,\u00a0 paino 615 g","breadcrumb":{"@id":"https:\/\/goodwill.fi\/kauppa\/tuote\/arabia-kalevala-vuosilautaset-8-kpl\/#breadcrumb"},"inLanguage":"fi","potentialAction":[{"@type":"ReadAction","target":["https:\/\/goodwill.fi\/kauppa\/tuote\/arabia-kalevala-vuosilautaset-8-kpl\/"]}]},{"@type":"ImageObject","inLanguage":"fi","@id":"https:\/\/goodwill.fi\/kauppa\/tuote\/arabia-kalevala-vuosilautaset-8-kpl\/#primaryimage","url":"https:\/\/goodwill.fi\/kauppa\/wp-content\/uploads\/2024\/05\/IMG_5822-scaled-e1715760317433.jpg","contentUrl":"https:\/\/goodwill.fi\/kauppa\/wp-content\/uploads\/2024\/05\/IMG_5822-scaled-e1715760317433.jpg","width":1698,"height":1706},{"@type":"BreadcrumbList","@id":"https:\/\/goodwill.fi\/kauppa\/tuote\/arabia-kalevala-vuosilautaset-8-kpl\/#breadcrumb","itemListElement":[{"@type":"ListItem","position":1,"name":"Home","item":"https:\/\/goodwill.fi\/kauppa\/"},{"@type":"ListItem","position":2,"name":"Shop","item":"https:\/\/goodwill.fi\/kauppa\/shop\/"},{"@type":"ListItem","position":3,"name":"ARABIA KALEVALA VUOSILAUTASET, 8 KPL"}]},{"@type":"WebSite","@id":"https:\/\/goodwill.fi\/kauppa\/#website","url":"https:\/\/goodwill.fi\/kauppa\/","name":"Goodwill-verkkokauppa","description":"Kierr\u00e4tysmyym\u00e4l\u00e4 verkossa","publisher":{"@id":"https:\/\/goodwill.fi\/kauppa\/#organization"},"potentialAction":[{"@type":"SearchAction","target":{"@type":"EntryPoint","urlTemplate":"https:\/\/goodwill.fi\/kauppa\/?s={search_term_string}"},"query-input":{"@type":"PropertyValueSpecification","valueRequired":true,"valueName":"search_term_string"}}],"inLanguage":"fi"},{"@type":"Organization","@id":"https:\/\/goodwill.fi\/kauppa\/#organization","name":"Goodwill-verkkokauppa","url":"https:\/\/goodwill.fi\/kauppa\/","logo":{"@type":"ImageObject","inLanguage":"fi","@id":"https:\/\/goodwill.fi\/kauppa\/#\/schema\/logo\/image\/","url":"https:\/\/goodwill.fi\/kauppa\/wp-content\/uploads\/2021\/02\/cropped-logo_gw_store-723x211-1.png","contentUrl":"https:\/\/goodwill.fi\/kauppa\/wp-content\/uploads\/2021\/02\/cropped-logo_gw_store-723x211-1.png","width":723,"height":207,"caption":"Goodwill-verkkokauppa"},"image":{"@id":"https:\/\/goodwill.fi\/kauppa\/#\/schema\/logo\/image\/"}}]}},"_links":{"self":[{"href":"https:\/\/goodwill.fi\/kauppa\/wp-json\/wp\/v2\/product\/26864","targetHints":{"allow":["GET"]}}],"collection":[{"href":"https:\/\/goodwill.fi\/kauppa\/wp-json\/wp\/v2\/product"}],"about":[{"href":"https:\/\/goodwill.fi\/kauppa\/wp-json\/wp\/v2\/types\/product"}],"replies":[{"embeddable":true,"href":"https:\/\/goodwill.fi\/kauppa\/wp-json\/wp\/v2\/comments?post=26864"}],"wp:featuredmedia":[{"embeddable":true,"href":"https:\/\/goodwill.fi\/kauppa\/wp-json\/wp\/v2\/media\/26889"}],"wp:attachment":[{"href":"https:\/\/goodwill.fi\/kauppa\/wp-json\/wp\/v2\/media?parent=26864"}],"wp:term":[{"taxonomy":"product_brand","embeddable":true,"href":"https:\/\/goodwill.fi\/kauppa\/wp-json\/wp\/v2\/product_brand?post=26864"},{"taxonomy":"product_cat","embeddable":true,"href":"https:\/\/goodwill.fi\/kauppa\/wp-json\/wp\/v2\/product_cat?post=26864"},{"taxonomy":"product_tag","embeddable":true,"href":"https:\/\/goodwill.fi\/kauppa\/wp-json\/wp\/v2\/product_tag?post=26864"}],"curies":[{"name":"wp","href":"https:\/\/api.w.org\/{rel}","templated":true}]}}