{"id":25842,"date":"2024-04-24T11:57:25","date_gmt":"2024-04-24T08:57:25","guid":{"rendered":"https:\/\/goodwill.fi\/kauppa\/?post_type=product&#038;p=25842"},"modified":"2024-04-25T11:37:23","modified_gmt":"2024-04-25T08:37:23","slug":"musto-mpx-purjehdushousut","status":"publish","type":"product","link":"https:\/\/goodwill.fi\/kauppa\/tuote\/musto-mpx-purjehdushousut\/","title":{"rendered":"MUSTO MPX PURJEHDUSHOUSUT"},"content":{"rendered":"<p>Muston purjehdukseen ja muuhun vesill\u00e4 liikkumiseen suunnitellut housut. Kankaassa on kaksinkertainen vedenpit\u00e4v\u00e4 kalvo ja saumat on teipattu, saaden n\u00e4in aikaan housuihin mahdollisimman hyv\u00e4n vedenpit\u00e4vyyden. Housuissa on henkselit sek\u00e4 kiristett\u00e4v\u00e4t puntin suut jotka on helppo kirist\u00e4\u00e4 kenkien ymp\u00e4rille.<\/p>\n<p>Valmistaja: Musto<br \/>\nKoko: M<br \/>\nV\u00e4ri: keltainen, musta<br \/>\nMateriaali: 89% polyamidi, 11% PTFE, vahvistukset 100% condura<br \/>\nKunto: hyvin v\u00e4h\u00e4n k\u00e4ytetty, ehj\u00e4t, ei tahroja<\/p>\n","protected":false},"excerpt":{"rendered":"<p>Muston purjehdukseen ja muuhun vesill\u00e4 liikkumiseen suunnitellut housut. Kankaassa on kaksinkertainen vedenpit\u00e4v\u00e4 kalvo ja saumat on teipattu, saaden n\u00e4in aikaan housuihin mahdollisimman hyv\u00e4n vedenpit\u00e4vyyden. Housuissa on henkselit sek\u00e4 kiristett\u00e4v\u00e4t puntin suut jotka on helppo kirist\u00e4\u00e4 kenkien ymp\u00e4rille. Valmistaja: Musto Koko: M V\u00e4ri: keltainen, musta Materiaali: 89% polyamidi, 11% PTFE, vahvistukset 100% condura Kunto: hyvin v\u00e4h\u00e4n [&hellip;]<\/p>\n","protected":false},"featured_media":25843,"comment_status":"open","ping_status":"closed","template":"","meta":[],"product_brand":[],"product_cat":[5835,159,176],"product_tag":[9997,9999,10000,9998],"class_list":{"0":"post-25842","1":"product","2":"type-product","3":"status-publish","4":"has-post-thumbnail","6":"product_cat-housut","7":"product_cat-kaikki","8":"product_cat-asusteet-2","9":"product_tag-musto","10":"product_tag-purjehdus","11":"product_tag-vedenpitavyys","12":"product_tag-veneily","14":"first","15":"outofstock","16":"taxable","17":"shipping-taxable","18":"purchasable","19":"product-type-simple"},"yoast_head":"<!-- This site is optimized with the Yoast SEO plugin v27.5 - https:\/\/yoast.com\/product\/yoast-seo-wordpress\/ -->\n<title>MUSTO MPX PURJEHDUSHOUSUT - Goodwill-verkkokauppa<\/title>\n<meta name=\"description\" content=\"Muston purjehdukseen ja muuhun vesill\u00e4 liikkumiseen suunnitellut housut Koko: M V\u00e4ri: keltainen, musta Materiaali: 89% polyamidi, 11% PTFE\" \/>\n<meta name=\"robots\" content=\"index, follow, max-snippet:-1, max-image-preview:large, max-video-preview:-1\" \/>\n<link rel=\"canonical\" href=\"https:\/\/goodwill.fi\/kauppa\/tuote\/musto-mpx-purjehdushousut\/\" \/>\n<meta property=\"og:locale\" content=\"fi_FI\" \/>\n<meta property=\"og:type\" content=\"article\" \/>\n<meta property=\"og:title\" content=\"MUSTO MPX PURJEHDUSHOUSUT - Goodwill-verkkokauppa\" \/>\n<meta property=\"og:description\" content=\"Muston purjehdukseen ja muuhun vesill\u00e4 liikkumiseen suunnitellut housut Koko: M V\u00e4ri: keltainen, musta Materiaali: 89% polyamidi, 11% PTFE\" \/>\n<meta property=\"og:url\" content=\"https:\/\/goodwill.fi\/kauppa\/tuote\/musto-mpx-purjehdushousut\/\" \/>\n<meta property=\"og:site_name\" content=\"Goodwill-verkkokauppa\" \/>\n<meta property=\"article:modified_time\" content=\"2024-04-25T08:37:23+00:00\" \/>\n<meta property=\"og:image\" content=\"https:\/\/goodwill.fi\/kauppa\/wp-content\/uploads\/2024\/04\/IMG_3741-scaled.jpg\" \/>\n\t<meta property=\"og:image:width\" content=\"1707\" \/>\n\t<meta property=\"og:image:height\" content=\"2560\" \/>\n\t<meta property=\"og:image:type\" content=\"image\/jpeg\" \/>\n<meta name=\"twitter:card\" content=\"summary_large_image\" \/>\n<meta name=\"twitter:label1\" content=\"Arvioitu lukuaika\" \/>\n\t<meta name=\"twitter:data1\" content=\"1 minuutti\" \/>\n<script type=\"application\/ld+json\" class=\"yoast-schema-graph\">{\"@context\":\"https:\\\/\\\/schema.org\",\"@graph\":[{\"@type\":\"WebPage\",\"@id\":\"https:\\\/\\\/goodwill.fi\\\/kauppa\\\/tuote\\\/musto-mpx-purjehdushousut\\\/\",\"url\":\"https:\\\/\\\/goodwill.fi\\\/kauppa\\\/tuote\\\/musto-mpx-purjehdushousut\\\/\",\"name\":\"MUSTO MPX PURJEHDUSHOUSUT - Goodwill-verkkokauppa\",\"isPartOf\":{\"@id\":\"https:\\\/\\\/goodwill.fi\\\/kauppa\\\/#website\"},\"primaryImageOfPage\":{\"@id\":\"https:\\\/\\\/goodwill.fi\\\/kauppa\\\/tuote\\\/musto-mpx-purjehdushousut\\\/#primaryimage\"},\"image\":{\"@id\":\"https:\\\/\\\/goodwill.fi\\\/kauppa\\\/tuote\\\/musto-mpx-purjehdushousut\\\/#primaryimage\"},\"thumbnailUrl\":\"https:\\\/\\\/goodwill.fi\\\/kauppa\\\/wp-content\\\/uploads\\\/2024\\\/04\\\/IMG_3741-scaled.jpg\",\"datePublished\":\"2024-04-24T08:57:25+00:00\",\"dateModified\":\"2024-04-25T08:37:23+00:00\",\"description\":\"Muston purjehdukseen ja muuhun vesill\u00e4 liikkumiseen suunnitellut housut Koko: M V\u00e4ri: keltainen, musta Materiaali: 89% polyamidi, 11% PTFE\",\"breadcrumb\":{\"@id\":\"https:\\\/\\\/goodwill.fi\\\/kauppa\\\/tuote\\\/musto-mpx-purjehdushousut\\\/#breadcrumb\"},\"inLanguage\":\"fi\",\"potentialAction\":[{\"@type\":\"ReadAction\",\"target\":[\"https:\\\/\\\/goodwill.fi\\\/kauppa\\\/tuote\\\/musto-mpx-purjehdushousut\\\/\"]}]},{\"@type\":\"ImageObject\",\"inLanguage\":\"fi\",\"@id\":\"https:\\\/\\\/goodwill.fi\\\/kauppa\\\/tuote\\\/musto-mpx-purjehdushousut\\\/#primaryimage\",\"url\":\"https:\\\/\\\/goodwill.fi\\\/kauppa\\\/wp-content\\\/uploads\\\/2024\\\/04\\\/IMG_3741-scaled.jpg\",\"contentUrl\":\"https:\\\/\\\/goodwill.fi\\\/kauppa\\\/wp-content\\\/uploads\\\/2024\\\/04\\\/IMG_3741-scaled.jpg\",\"width\":1707,\"height\":2560},{\"@type\":\"BreadcrumbList\",\"@id\":\"https:\\\/\\\/goodwill.fi\\\/kauppa\\\/tuote\\\/musto-mpx-purjehdushousut\\\/#breadcrumb\",\"itemListElement\":[{\"@type\":\"ListItem\",\"position\":1,\"name\":\"Home\",\"item\":\"https:\\\/\\\/goodwill.fi\\\/kauppa\\\/\"},{\"@type\":\"ListItem\",\"position\":2,\"name\":\"Shop\",\"item\":\"https:\\\/\\\/goodwill.fi\\\/kauppa\\\/shop\\\/\"},{\"@type\":\"ListItem\",\"position\":3,\"name\":\"MUSTO MPX PURJEHDUSHOUSUT\"}]},{\"@type\":\"WebSite\",\"@id\":\"https:\\\/\\\/goodwill.fi\\\/kauppa\\\/#website\",\"url\":\"https:\\\/\\\/goodwill.fi\\\/kauppa\\\/\",\"name\":\"Goodwill-verkkokauppa\",\"description\":\"Kierr\u00e4tysmyym\u00e4l\u00e4 verkossa\",\"publisher\":{\"@id\":\"https:\\\/\\\/goodwill.fi\\\/kauppa\\\/#organization\"},\"potentialAction\":[{\"@type\":\"SearchAction\",\"target\":{\"@type\":\"EntryPoint\",\"urlTemplate\":\"https:\\\/\\\/goodwill.fi\\\/kauppa\\\/?s={search_term_string}\"},\"query-input\":{\"@type\":\"PropertyValueSpecification\",\"valueRequired\":true,\"valueName\":\"search_term_string\"}}],\"inLanguage\":\"fi\"},{\"@type\":\"Organization\",\"@id\":\"https:\\\/\\\/goodwill.fi\\\/kauppa\\\/#organization\",\"name\":\"Goodwill-verkkokauppa\",\"url\":\"https:\\\/\\\/goodwill.fi\\\/kauppa\\\/\",\"logo\":{\"@type\":\"ImageObject\",\"inLanguage\":\"fi\",\"@id\":\"https:\\\/\\\/goodwill.fi\\\/kauppa\\\/#\\\/schema\\\/logo\\\/image\\\/\",\"url\":\"https:\\\/\\\/goodwill.fi\\\/kauppa\\\/wp-content\\\/uploads\\\/2021\\\/02\\\/cropped-logo_gw_store-723x211-1.png\",\"contentUrl\":\"https:\\\/\\\/goodwill.fi\\\/kauppa\\\/wp-content\\\/uploads\\\/2021\\\/02\\\/cropped-logo_gw_store-723x211-1.png\",\"width\":723,\"height\":207,\"caption\":\"Goodwill-verkkokauppa\"},\"image\":{\"@id\":\"https:\\\/\\\/goodwill.fi\\\/kauppa\\\/#\\\/schema\\\/logo\\\/image\\\/\"}}]}<\/script>\n<!-- \/ Yoast SEO plugin. -->","yoast_head_json":{"title":"MUSTO MPX PURJEHDUSHOUSUT - Goodwill-verkkokauppa","description":"Muston purjehdukseen ja muuhun vesill\u00e4 liikkumiseen suunnitellut housut Koko: M V\u00e4ri: keltainen, musta Materiaali: 89% polyamidi, 11% PTFE","robots":{"index":"index","follow":"follow","max-snippet":"max-snippet:-1","max-image-preview":"max-image-preview:large","max-video-preview":"max-video-preview:-1"},"canonical":"https:\/\/goodwill.fi\/kauppa\/tuote\/musto-mpx-purjehdushousut\/","og_locale":"fi_FI","og_type":"article","og_title":"MUSTO MPX PURJEHDUSHOUSUT - Goodwill-verkkokauppa","og_description":"Muston purjehdukseen ja muuhun vesill\u00e4 liikkumiseen suunnitellut housut Koko: M V\u00e4ri: keltainen, musta Materiaali: 89% polyamidi, 11% PTFE","og_url":"https:\/\/goodwill.fi\/kauppa\/tuote\/musto-mpx-purjehdushousut\/","og_site_name":"Goodwill-verkkokauppa","article_modified_time":"2024-04-25T08:37:23+00:00","og_image":[{"width":1707,"height":2560,"url":"https:\/\/goodwill.fi\/kauppa\/wp-content\/uploads\/2024\/04\/IMG_3741-scaled.jpg","type":"image\/jpeg"}],"twitter_card":"summary_large_image","twitter_misc":{"Arvioitu lukuaika":"1 minuutti"},"schema":{"@context":"https:\/\/schema.org","@graph":[{"@type":"WebPage","@id":"https:\/\/goodwill.fi\/kauppa\/tuote\/musto-mpx-purjehdushousut\/","url":"https:\/\/goodwill.fi\/kauppa\/tuote\/musto-mpx-purjehdushousut\/","name":"MUSTO MPX PURJEHDUSHOUSUT - Goodwill-verkkokauppa","isPartOf":{"@id":"https:\/\/goodwill.fi\/kauppa\/#website"},"primaryImageOfPage":{"@id":"https:\/\/goodwill.fi\/kauppa\/tuote\/musto-mpx-purjehdushousut\/#primaryimage"},"image":{"@id":"https:\/\/goodwill.fi\/kauppa\/tuote\/musto-mpx-purjehdushousut\/#primaryimage"},"thumbnailUrl":"https:\/\/goodwill.fi\/kauppa\/wp-content\/uploads\/2024\/04\/IMG_3741-scaled.jpg","datePublished":"2024-04-24T08:57:25+00:00","dateModified":"2024-04-25T08:37:23+00:00","description":"Muston purjehdukseen ja muuhun vesill\u00e4 liikkumiseen suunnitellut housut Koko: M V\u00e4ri: keltainen, musta Materiaali: 89% polyamidi, 11% PTFE","breadcrumb":{"@id":"https:\/\/goodwill.fi\/kauppa\/tuote\/musto-mpx-purjehdushousut\/#breadcrumb"},"inLanguage":"fi","potentialAction":[{"@type":"ReadAction","target":["https:\/\/goodwill.fi\/kauppa\/tuote\/musto-mpx-purjehdushousut\/"]}]},{"@type":"ImageObject","inLanguage":"fi","@id":"https:\/\/goodwill.fi\/kauppa\/tuote\/musto-mpx-purjehdushousut\/#primaryimage","url":"https:\/\/goodwill.fi\/kauppa\/wp-content\/uploads\/2024\/04\/IMG_3741-scaled.jpg","contentUrl":"https:\/\/goodwill.fi\/kauppa\/wp-content\/uploads\/2024\/04\/IMG_3741-scaled.jpg","width":1707,"height":2560},{"@type":"BreadcrumbList","@id":"https:\/\/goodwill.fi\/kauppa\/tuote\/musto-mpx-purjehdushousut\/#breadcrumb","itemListElement":[{"@type":"ListItem","position":1,"name":"Home","item":"https:\/\/goodwill.fi\/kauppa\/"},{"@type":"ListItem","position":2,"name":"Shop","item":"https:\/\/goodwill.fi\/kauppa\/shop\/"},{"@type":"ListItem","position":3,"name":"MUSTO MPX PURJEHDUSHOUSUT"}]},{"@type":"WebSite","@id":"https:\/\/goodwill.fi\/kauppa\/#website","url":"https:\/\/goodwill.fi\/kauppa\/","name":"Goodwill-verkkokauppa","description":"Kierr\u00e4tysmyym\u00e4l\u00e4 verkossa","publisher":{"@id":"https:\/\/goodwill.fi\/kauppa\/#organization"},"potentialAction":[{"@type":"SearchAction","target":{"@type":"EntryPoint","urlTemplate":"https:\/\/goodwill.fi\/kauppa\/?s={search_term_string}"},"query-input":{"@type":"PropertyValueSpecification","valueRequired":true,"valueName":"search_term_string"}}],"inLanguage":"fi"},{"@type":"Organization","@id":"https:\/\/goodwill.fi\/kauppa\/#organization","name":"Goodwill-verkkokauppa","url":"https:\/\/goodwill.fi\/kauppa\/","logo":{"@type":"ImageObject","inLanguage":"fi","@id":"https:\/\/goodwill.fi\/kauppa\/#\/schema\/logo\/image\/","url":"https:\/\/goodwill.fi\/kauppa\/wp-content\/uploads\/2021\/02\/cropped-logo_gw_store-723x211-1.png","contentUrl":"https:\/\/goodwill.fi\/kauppa\/wp-content\/uploads\/2021\/02\/cropped-logo_gw_store-723x211-1.png","width":723,"height":207,"caption":"Goodwill-verkkokauppa"},"image":{"@id":"https:\/\/goodwill.fi\/kauppa\/#\/schema\/logo\/image\/"}}]}},"_links":{"self":[{"href":"https:\/\/goodwill.fi\/kauppa\/wp-json\/wp\/v2\/product\/25842","targetHints":{"allow":["GET"]}}],"collection":[{"href":"https:\/\/goodwill.fi\/kauppa\/wp-json\/wp\/v2\/product"}],"about":[{"href":"https:\/\/goodwill.fi\/kauppa\/wp-json\/wp\/v2\/types\/product"}],"replies":[{"embeddable":true,"href":"https:\/\/goodwill.fi\/kauppa\/wp-json\/wp\/v2\/comments?post=25842"}],"wp:featuredmedia":[{"embeddable":true,"href":"https:\/\/goodwill.fi\/kauppa\/wp-json\/wp\/v2\/media\/25843"}],"wp:attachment":[{"href":"https:\/\/goodwill.fi\/kauppa\/wp-json\/wp\/v2\/media?parent=25842"}],"wp:term":[{"taxonomy":"product_brand","embeddable":true,"href":"https:\/\/goodwill.fi\/kauppa\/wp-json\/wp\/v2\/product_brand?post=25842"},{"taxonomy":"product_cat","embeddable":true,"href":"https:\/\/goodwill.fi\/kauppa\/wp-json\/wp\/v2\/product_cat?post=25842"},{"taxonomy":"product_tag","embeddable":true,"href":"https:\/\/goodwill.fi\/kauppa\/wp-json\/wp\/v2\/product_tag?post=25842"}],"curies":[{"name":"wp","href":"https:\/\/api.w.org\/{rel}","templated":true}]}}