{"id":25682,"date":"2024-04-22T13:55:17","date_gmt":"2024-04-22T10:55:17","guid":{"rendered":"https:\/\/goodwill.fi\/kauppa\/?post_type=product&#038;p=25682"},"modified":"2025-02-13T12:41:48","modified_gmt":"2025-02-13T10:41:48","slug":"taidelasi-maljakko","status":"publish","type":"product","link":"https:\/\/goodwill.fi\/kauppa\/tuote\/taidelasi-maljakko\/","title":{"rendered":"TAIDELASI MALJAKKO"},"content":{"rendered":"<p>Mitat: korkeus 39.5 cm, pohjan halkaisija 10.5 cm, paino 606 g<br \/>\nV\u00e4ri: Koboltinsininen<br \/>\nMateriaali: lasi<br \/>\nKunto: ehj\u00e4, v\u00e4h\u00e4isi\u00e4 k\u00e4yt\u00f6n j\u00e4lki\u00e4<\/p>\n","protected":false},"excerpt":{"rendered":"<p>Mitat: korkeus 39.5 cm, pohjan halkaisija 10.5 cm, paino 606 g V\u00e4ri: Koboltinsininen Materiaali: lasi Kunto: ehj\u00e4, v\u00e4h\u00e4isi\u00e4 k\u00e4yt\u00f6n j\u00e4lki\u00e4<\/p>\n","protected":false},"featured_media":25683,"comment_status":"open","ping_status":"closed","template":"","meta":[],"product_brand":[],"product_cat":[159,146,154],"product_tag":[9966,1466,252,1090],"class_list":{"0":"post-25682","1":"product","2":"type-product","3":"status-publish","4":"has-post-thumbnail","6":"product_cat-kaikki","7":"product_cat-koti-2","8":"product_cat-sisustus-2","9":"product_tag-kem00188","10":"product_tag-koboltinsininen","11":"product_tag-maljakko","12":"product_tag-taidelasi","14":"first","15":"outofstock","16":"taxable","17":"shipping-taxable","18":"purchasable","19":"product-type-simple"},"yoast_head":"<!-- This site is optimized with the Yoast SEO plugin v27.1.1 - https:\/\/yoast.com\/product\/yoast-seo-wordpress\/ -->\n<title>TAIDELASI MALJAKKO - Goodwill-verkkokauppa<\/title>\n<meta name=\"description\" content=\"Mitat: korkeus 39.5 cm, pohjan halkaisija 10.5 cm, paino 606 gV\u00e4ri: KoboltinsininenMateriaali: lasiKunto: ehj\u00e4, v\u00e4h\u00e4isi\u00e4 k\u00e4yt\u00f6n j\u00e4lki\u00e4\" \/>\n<meta name=\"robots\" content=\"index, follow, max-snippet:-1, max-image-preview:large, max-video-preview:-1\" \/>\n<link rel=\"canonical\" href=\"https:\/\/goodwill.fi\/kauppa\/tuote\/taidelasi-maljakko\/\" \/>\n<meta property=\"og:locale\" content=\"fi_FI\" \/>\n<meta property=\"og:type\" content=\"article\" \/>\n<meta property=\"og:title\" content=\"TAIDELASI MALJAKKO - Goodwill-verkkokauppa\" \/>\n<meta property=\"og:description\" content=\"Mitat: korkeus 39.5 cm, pohjan halkaisija 10.5 cm, paino 606 gV\u00e4ri: KoboltinsininenMateriaali: lasiKunto: ehj\u00e4, v\u00e4h\u00e4isi\u00e4 k\u00e4yt\u00f6n j\u00e4lki\u00e4\" \/>\n<meta property=\"og:url\" content=\"https:\/\/goodwill.fi\/kauppa\/tuote\/taidelasi-maljakko\/\" \/>\n<meta property=\"og:site_name\" content=\"Goodwill-verkkokauppa\" \/>\n<meta property=\"article:modified_time\" content=\"2025-02-13T10:41:48+00:00\" \/>\n<meta property=\"og:image\" content=\"https:\/\/goodwill.fi\/kauppa\/wp-content\/uploads\/2024\/04\/P1028751-scaled.jpg\" \/>\n\t<meta property=\"og:image:width\" content=\"2560\" \/>\n\t<meta property=\"og:image:height\" content=\"2560\" \/>\n\t<meta property=\"og:image:type\" content=\"image\/jpeg\" \/>\n<meta name=\"twitter:card\" content=\"summary_large_image\" \/>\n<meta name=\"twitter:label1\" content=\"Arvioitu lukuaika\" \/>\n\t<meta name=\"twitter:data1\" content=\"1 minuutti\" \/>\n<script type=\"application\/ld+json\" class=\"yoast-schema-graph\">{\"@context\":\"https:\/\/schema.org\",\"@graph\":[{\"@type\":\"WebPage\",\"@id\":\"https:\/\/goodwill.fi\/kauppa\/tuote\/taidelasi-maljakko\/\",\"url\":\"https:\/\/goodwill.fi\/kauppa\/tuote\/taidelasi-maljakko\/\",\"name\":\"TAIDELASI MALJAKKO - Goodwill-verkkokauppa\",\"isPartOf\":{\"@id\":\"https:\/\/goodwill.fi\/kauppa\/#website\"},\"primaryImageOfPage\":{\"@id\":\"https:\/\/goodwill.fi\/kauppa\/tuote\/taidelasi-maljakko\/#primaryimage\"},\"image\":{\"@id\":\"https:\/\/goodwill.fi\/kauppa\/tuote\/taidelasi-maljakko\/#primaryimage\"},\"thumbnailUrl\":\"https:\/\/goodwill.fi\/kauppa\/wp-content\/uploads\/2024\/04\/P1028751-scaled.jpg\",\"datePublished\":\"2024-04-22T10:55:17+00:00\",\"dateModified\":\"2025-02-13T10:41:48+00:00\",\"description\":\"Mitat: korkeus 39.5 cm, pohjan halkaisija 10.5 cm, paino 606 gV\u00e4ri: KoboltinsininenMateriaali: lasiKunto: ehj\u00e4, v\u00e4h\u00e4isi\u00e4 k\u00e4yt\u00f6n j\u00e4lki\u00e4\",\"breadcrumb\":{\"@id\":\"https:\/\/goodwill.fi\/kauppa\/tuote\/taidelasi-maljakko\/#breadcrumb\"},\"inLanguage\":\"fi\",\"potentialAction\":[{\"@type\":\"ReadAction\",\"target\":[\"https:\/\/goodwill.fi\/kauppa\/tuote\/taidelasi-maljakko\/\"]}]},{\"@type\":\"ImageObject\",\"inLanguage\":\"fi\",\"@id\":\"https:\/\/goodwill.fi\/kauppa\/tuote\/taidelasi-maljakko\/#primaryimage\",\"url\":\"https:\/\/goodwill.fi\/kauppa\/wp-content\/uploads\/2024\/04\/P1028751-scaled.jpg\",\"contentUrl\":\"https:\/\/goodwill.fi\/kauppa\/wp-content\/uploads\/2024\/04\/P1028751-scaled.jpg\",\"width\":2560,\"height\":2560},{\"@type\":\"BreadcrumbList\",\"@id\":\"https:\/\/goodwill.fi\/kauppa\/tuote\/taidelasi-maljakko\/#breadcrumb\",\"itemListElement\":[{\"@type\":\"ListItem\",\"position\":1,\"name\":\"Home\",\"item\":\"https:\/\/goodwill.fi\/kauppa\/\"},{\"@type\":\"ListItem\",\"position\":2,\"name\":\"Shop\",\"item\":\"https:\/\/goodwill.fi\/kauppa\/shop\/\"},{\"@type\":\"ListItem\",\"position\":3,\"name\":\"TAIDELASI MALJAKKO\"}]},{\"@type\":\"WebSite\",\"@id\":\"https:\/\/goodwill.fi\/kauppa\/#website\",\"url\":\"https:\/\/goodwill.fi\/kauppa\/\",\"name\":\"Goodwill-verkkokauppa\",\"description\":\"Kierr\u00e4tysmyym\u00e4l\u00e4 verkossa\",\"publisher\":{\"@id\":\"https:\/\/goodwill.fi\/kauppa\/#organization\"},\"potentialAction\":[{\"@type\":\"SearchAction\",\"target\":{\"@type\":\"EntryPoint\",\"urlTemplate\":\"https:\/\/goodwill.fi\/kauppa\/?s={search_term_string}\"},\"query-input\":{\"@type\":\"PropertyValueSpecification\",\"valueRequired\":true,\"valueName\":\"search_term_string\"}}],\"inLanguage\":\"fi\"},{\"@type\":\"Organization\",\"@id\":\"https:\/\/goodwill.fi\/kauppa\/#organization\",\"name\":\"Goodwill-verkkokauppa\",\"url\":\"https:\/\/goodwill.fi\/kauppa\/\",\"logo\":{\"@type\":\"ImageObject\",\"inLanguage\":\"fi\",\"@id\":\"https:\/\/goodwill.fi\/kauppa\/#\/schema\/logo\/image\/\",\"url\":\"https:\/\/goodwill.fi\/kauppa\/wp-content\/uploads\/2021\/02\/cropped-logo_gw_store-723x211-1.png\",\"contentUrl\":\"https:\/\/goodwill.fi\/kauppa\/wp-content\/uploads\/2021\/02\/cropped-logo_gw_store-723x211-1.png\",\"width\":723,\"height\":207,\"caption\":\"Goodwill-verkkokauppa\"},\"image\":{\"@id\":\"https:\/\/goodwill.fi\/kauppa\/#\/schema\/logo\/image\/\"}}]}<\/script>\n<!-- \/ Yoast SEO plugin. -->","yoast_head_json":{"title":"TAIDELASI MALJAKKO - Goodwill-verkkokauppa","description":"Mitat: korkeus 39.5 cm, pohjan halkaisija 10.5 cm, paino 606 gV\u00e4ri: KoboltinsininenMateriaali: lasiKunto: ehj\u00e4, v\u00e4h\u00e4isi\u00e4 k\u00e4yt\u00f6n j\u00e4lki\u00e4","robots":{"index":"index","follow":"follow","max-snippet":"max-snippet:-1","max-image-preview":"max-image-preview:large","max-video-preview":"max-video-preview:-1"},"canonical":"https:\/\/goodwill.fi\/kauppa\/tuote\/taidelasi-maljakko\/","og_locale":"fi_FI","og_type":"article","og_title":"TAIDELASI MALJAKKO - Goodwill-verkkokauppa","og_description":"Mitat: korkeus 39.5 cm, pohjan halkaisija 10.5 cm, paino 606 gV\u00e4ri: KoboltinsininenMateriaali: lasiKunto: ehj\u00e4, v\u00e4h\u00e4isi\u00e4 k\u00e4yt\u00f6n j\u00e4lki\u00e4","og_url":"https:\/\/goodwill.fi\/kauppa\/tuote\/taidelasi-maljakko\/","og_site_name":"Goodwill-verkkokauppa","article_modified_time":"2025-02-13T10:41:48+00:00","og_image":[{"width":2560,"height":2560,"url":"https:\/\/goodwill.fi\/kauppa\/wp-content\/uploads\/2024\/04\/P1028751-scaled.jpg","type":"image\/jpeg"}],"twitter_card":"summary_large_image","twitter_misc":{"Arvioitu lukuaika":"1 minuutti"},"schema":{"@context":"https:\/\/schema.org","@graph":[{"@type":"WebPage","@id":"https:\/\/goodwill.fi\/kauppa\/tuote\/taidelasi-maljakko\/","url":"https:\/\/goodwill.fi\/kauppa\/tuote\/taidelasi-maljakko\/","name":"TAIDELASI MALJAKKO - Goodwill-verkkokauppa","isPartOf":{"@id":"https:\/\/goodwill.fi\/kauppa\/#website"},"primaryImageOfPage":{"@id":"https:\/\/goodwill.fi\/kauppa\/tuote\/taidelasi-maljakko\/#primaryimage"},"image":{"@id":"https:\/\/goodwill.fi\/kauppa\/tuote\/taidelasi-maljakko\/#primaryimage"},"thumbnailUrl":"https:\/\/goodwill.fi\/kauppa\/wp-content\/uploads\/2024\/04\/P1028751-scaled.jpg","datePublished":"2024-04-22T10:55:17+00:00","dateModified":"2025-02-13T10:41:48+00:00","description":"Mitat: korkeus 39.5 cm, pohjan halkaisija 10.5 cm, paino 606 gV\u00e4ri: KoboltinsininenMateriaali: lasiKunto: ehj\u00e4, v\u00e4h\u00e4isi\u00e4 k\u00e4yt\u00f6n j\u00e4lki\u00e4","breadcrumb":{"@id":"https:\/\/goodwill.fi\/kauppa\/tuote\/taidelasi-maljakko\/#breadcrumb"},"inLanguage":"fi","potentialAction":[{"@type":"ReadAction","target":["https:\/\/goodwill.fi\/kauppa\/tuote\/taidelasi-maljakko\/"]}]},{"@type":"ImageObject","inLanguage":"fi","@id":"https:\/\/goodwill.fi\/kauppa\/tuote\/taidelasi-maljakko\/#primaryimage","url":"https:\/\/goodwill.fi\/kauppa\/wp-content\/uploads\/2024\/04\/P1028751-scaled.jpg","contentUrl":"https:\/\/goodwill.fi\/kauppa\/wp-content\/uploads\/2024\/04\/P1028751-scaled.jpg","width":2560,"height":2560},{"@type":"BreadcrumbList","@id":"https:\/\/goodwill.fi\/kauppa\/tuote\/taidelasi-maljakko\/#breadcrumb","itemListElement":[{"@type":"ListItem","position":1,"name":"Home","item":"https:\/\/goodwill.fi\/kauppa\/"},{"@type":"ListItem","position":2,"name":"Shop","item":"https:\/\/goodwill.fi\/kauppa\/shop\/"},{"@type":"ListItem","position":3,"name":"TAIDELASI MALJAKKO"}]},{"@type":"WebSite","@id":"https:\/\/goodwill.fi\/kauppa\/#website","url":"https:\/\/goodwill.fi\/kauppa\/","name":"Goodwill-verkkokauppa","description":"Kierr\u00e4tysmyym\u00e4l\u00e4 verkossa","publisher":{"@id":"https:\/\/goodwill.fi\/kauppa\/#organization"},"potentialAction":[{"@type":"SearchAction","target":{"@type":"EntryPoint","urlTemplate":"https:\/\/goodwill.fi\/kauppa\/?s={search_term_string}"},"query-input":{"@type":"PropertyValueSpecification","valueRequired":true,"valueName":"search_term_string"}}],"inLanguage":"fi"},{"@type":"Organization","@id":"https:\/\/goodwill.fi\/kauppa\/#organization","name":"Goodwill-verkkokauppa","url":"https:\/\/goodwill.fi\/kauppa\/","logo":{"@type":"ImageObject","inLanguage":"fi","@id":"https:\/\/goodwill.fi\/kauppa\/#\/schema\/logo\/image\/","url":"https:\/\/goodwill.fi\/kauppa\/wp-content\/uploads\/2021\/02\/cropped-logo_gw_store-723x211-1.png","contentUrl":"https:\/\/goodwill.fi\/kauppa\/wp-content\/uploads\/2021\/02\/cropped-logo_gw_store-723x211-1.png","width":723,"height":207,"caption":"Goodwill-verkkokauppa"},"image":{"@id":"https:\/\/goodwill.fi\/kauppa\/#\/schema\/logo\/image\/"}}]}},"_links":{"self":[{"href":"https:\/\/goodwill.fi\/kauppa\/wp-json\/wp\/v2\/product\/25682","targetHints":{"allow":["GET"]}}],"collection":[{"href":"https:\/\/goodwill.fi\/kauppa\/wp-json\/wp\/v2\/product"}],"about":[{"href":"https:\/\/goodwill.fi\/kauppa\/wp-json\/wp\/v2\/types\/product"}],"replies":[{"embeddable":true,"href":"https:\/\/goodwill.fi\/kauppa\/wp-json\/wp\/v2\/comments?post=25682"}],"wp:featuredmedia":[{"embeddable":true,"href":"https:\/\/goodwill.fi\/kauppa\/wp-json\/wp\/v2\/media\/25683"}],"wp:attachment":[{"href":"https:\/\/goodwill.fi\/kauppa\/wp-json\/wp\/v2\/media?parent=25682"}],"wp:term":[{"taxonomy":"product_brand","embeddable":true,"href":"https:\/\/goodwill.fi\/kauppa\/wp-json\/wp\/v2\/product_brand?post=25682"},{"taxonomy":"product_cat","embeddable":true,"href":"https:\/\/goodwill.fi\/kauppa\/wp-json\/wp\/v2\/product_cat?post=25682"},{"taxonomy":"product_tag","embeddable":true,"href":"https:\/\/goodwill.fi\/kauppa\/wp-json\/wp\/v2\/product_tag?post=25682"}],"curies":[{"name":"wp","href":"https:\/\/api.w.org\/{rel}","templated":true}]}}