{"id":24776,"date":"2024-04-09T11:33:55","date_gmt":"2024-04-09T08:33:55","guid":{"rendered":"https:\/\/goodwill.fi\/kauppa\/?post_type=product&#038;p=24776"},"modified":"2025-04-28T14:13:39","modified_gmt":"2025-04-28T11:13:39","slug":"arabia-apila-kattila","status":"publish","type":"product","link":"https:\/\/goodwill.fi\/kauppa\/tuote\/arabia-apila-kattila\/","title":{"rendered":"ARABIA APILA KATTILA"},"content":{"rendered":"<p>Suunnittelija: Greta Baltscheffsky<br \/>\nValmistaja: Arabia W\u00e4rtsil\u00e4<br \/>\nValmistusvuosi: 1977-80<br \/>\nMitat: korkeus 13 cm, halkaisija 19 cm, paino 1215 g<br \/>\nV\u00e4ri: moniv\u00e4rinen<br \/>\nMateriaali: emaloitu ter\u00e4s<br \/>\nKunto: ehj\u00e4, k\u00e4yt\u00f6n j\u00e4lki\u00e4<\/p>\n","protected":false},"excerpt":{"rendered":"<p>Suunnittelija: Greta Baltscheffsky Valmistaja: Arabia W\u00e4rtsil\u00e4 Valmistusvuosi: 1977-80 Mitat: korkeus 13 cm, halkaisija 19 cm, paino 1215 g V\u00e4ri: moniv\u00e4rinen Materiaali: emaloitu ter\u00e4s Kunto: ehj\u00e4, k\u00e4yt\u00f6n j\u00e4lki\u00e4<\/p>\n","protected":false},"featured_media":24777,"comment_status":"open","ping_status":"closed","template":"","meta":[],"product_brand":[14734],"product_cat":[159,14855,166,14867],"product_tag":[2808,206,1891,9741,272,9742],"class_list":{"0":"post-24776","1":"product","2":"type-product","3":"status-publish","4":"has-post-thumbnail","6":"product_brand-arabia","7":"product_cat-kaikki","8":"product_cat-arabia","9":"product_cat-astiat-2","10":"product_cat-muut-keittiotarvikkeet","11":"product_tag-apila","12":"product_tag-arabia","13":"product_tag-arabia-wartsila","14":"product_tag-greta-baltscheffsky","15":"product_tag-kattila","16":"product_tag-kem00165","18":"first","19":"outofstock","20":"taxable","21":"shipping-taxable","22":"purchasable","23":"product-type-simple"},"yoast_head":"<!-- This site is optimized with the Yoast SEO plugin v27.1.1 - https:\/\/yoast.com\/product\/yoast-seo-wordpress\/ -->\n<title>ARABIA APILA KATTILA - Goodwill-verkkokauppa<\/title>\n<meta name=\"description\" content=\"Suunnittelija: Greta Baltscheffsky Valmistaja: Arabia W\u00e4rtsil\u00e4 Valmistusvuosi: 1977-80Mitat: korkeus 13 cm, halkaisija 19 cm, paino 1215 g\" \/>\n<meta name=\"robots\" content=\"index, follow, max-snippet:-1, max-image-preview:large, max-video-preview:-1\" \/>\n<link rel=\"canonical\" href=\"https:\/\/goodwill.fi\/kauppa\/tuote\/arabia-apila-kattila\/\" \/>\n<meta property=\"og:locale\" content=\"fi_FI\" \/>\n<meta property=\"og:type\" content=\"article\" \/>\n<meta property=\"og:title\" content=\"ARABIA APILA KATTILA - Goodwill-verkkokauppa\" \/>\n<meta property=\"og:description\" content=\"Suunnittelija: Greta Baltscheffsky Valmistaja: Arabia W\u00e4rtsil\u00e4 Valmistusvuosi: 1977-80Mitat: korkeus 13 cm, halkaisija 19 cm, paino 1215 g\" \/>\n<meta property=\"og:url\" content=\"https:\/\/goodwill.fi\/kauppa\/tuote\/arabia-apila-kattila\/\" \/>\n<meta property=\"og:site_name\" content=\"Goodwill-verkkokauppa\" \/>\n<meta property=\"article:modified_time\" content=\"2025-04-28T11:13:39+00:00\" \/>\n<meta property=\"og:image\" content=\"https:\/\/goodwill.fi\/kauppa\/wp-content\/uploads\/2024\/04\/P1028609-1024x1024.jpg\" \/>\n\t<meta property=\"og:image:width\" content=\"1024\" \/>\n\t<meta property=\"og:image:height\" content=\"1024\" \/>\n\t<meta property=\"og:image:type\" content=\"image\/jpeg\" \/>\n<meta name=\"twitter:card\" content=\"summary_large_image\" \/>\n<meta name=\"twitter:label1\" content=\"Arvioitu lukuaika\" \/>\n\t<meta name=\"twitter:data1\" content=\"1 minuutti\" \/>\n<script type=\"application\/ld+json\" class=\"yoast-schema-graph\">{\"@context\":\"https:\/\/schema.org\",\"@graph\":[{\"@type\":\"WebPage\",\"@id\":\"https:\/\/goodwill.fi\/kauppa\/tuote\/arabia-apila-kattila\/\",\"url\":\"https:\/\/goodwill.fi\/kauppa\/tuote\/arabia-apila-kattila\/\",\"name\":\"ARABIA APILA KATTILA - Goodwill-verkkokauppa\",\"isPartOf\":{\"@id\":\"https:\/\/goodwill.fi\/kauppa\/#website\"},\"primaryImageOfPage\":{\"@id\":\"https:\/\/goodwill.fi\/kauppa\/tuote\/arabia-apila-kattila\/#primaryimage\"},\"image\":{\"@id\":\"https:\/\/goodwill.fi\/kauppa\/tuote\/arabia-apila-kattila\/#primaryimage\"},\"thumbnailUrl\":\"https:\/\/goodwill.fi\/kauppa\/wp-content\/uploads\/2024\/04\/P1028609.jpg\",\"datePublished\":\"2024-04-09T08:33:55+00:00\",\"dateModified\":\"2025-04-28T11:13:39+00:00\",\"description\":\"Suunnittelija: Greta Baltscheffsky Valmistaja: Arabia W\u00e4rtsil\u00e4 Valmistusvuosi: 1977-80Mitat: korkeus 13 cm, halkaisija 19 cm, paino 1215 g\",\"breadcrumb\":{\"@id\":\"https:\/\/goodwill.fi\/kauppa\/tuote\/arabia-apila-kattila\/#breadcrumb\"},\"inLanguage\":\"fi\",\"potentialAction\":[{\"@type\":\"ReadAction\",\"target\":[\"https:\/\/goodwill.fi\/kauppa\/tuote\/arabia-apila-kattila\/\"]}]},{\"@type\":\"ImageObject\",\"inLanguage\":\"fi\",\"@id\":\"https:\/\/goodwill.fi\/kauppa\/tuote\/arabia-apila-kattila\/#primaryimage\",\"url\":\"https:\/\/goodwill.fi\/kauppa\/wp-content\/uploads\/2024\/04\/P1028609.jpg\",\"contentUrl\":\"https:\/\/goodwill.fi\/kauppa\/wp-content\/uploads\/2024\/04\/P1028609.jpg\",\"width\":2500,\"height\":2500},{\"@type\":\"BreadcrumbList\",\"@id\":\"https:\/\/goodwill.fi\/kauppa\/tuote\/arabia-apila-kattila\/#breadcrumb\",\"itemListElement\":[{\"@type\":\"ListItem\",\"position\":1,\"name\":\"Home\",\"item\":\"https:\/\/goodwill.fi\/kauppa\/\"},{\"@type\":\"ListItem\",\"position\":2,\"name\":\"Shop\",\"item\":\"https:\/\/goodwill.fi\/kauppa\/shop\/\"},{\"@type\":\"ListItem\",\"position\":3,\"name\":\"ARABIA APILA KATTILA\"}]},{\"@type\":\"WebSite\",\"@id\":\"https:\/\/goodwill.fi\/kauppa\/#website\",\"url\":\"https:\/\/goodwill.fi\/kauppa\/\",\"name\":\"Goodwill-verkkokauppa\",\"description\":\"Kierr\u00e4tysmyym\u00e4l\u00e4 verkossa\",\"publisher\":{\"@id\":\"https:\/\/goodwill.fi\/kauppa\/#organization\"},\"potentialAction\":[{\"@type\":\"SearchAction\",\"target\":{\"@type\":\"EntryPoint\",\"urlTemplate\":\"https:\/\/goodwill.fi\/kauppa\/?s={search_term_string}\"},\"query-input\":{\"@type\":\"PropertyValueSpecification\",\"valueRequired\":true,\"valueName\":\"search_term_string\"}}],\"inLanguage\":\"fi\"},{\"@type\":\"Organization\",\"@id\":\"https:\/\/goodwill.fi\/kauppa\/#organization\",\"name\":\"Goodwill-verkkokauppa\",\"url\":\"https:\/\/goodwill.fi\/kauppa\/\",\"logo\":{\"@type\":\"ImageObject\",\"inLanguage\":\"fi\",\"@id\":\"https:\/\/goodwill.fi\/kauppa\/#\/schema\/logo\/image\/\",\"url\":\"https:\/\/goodwill.fi\/kauppa\/wp-content\/uploads\/2021\/02\/cropped-logo_gw_store-723x211-1.png\",\"contentUrl\":\"https:\/\/goodwill.fi\/kauppa\/wp-content\/uploads\/2021\/02\/cropped-logo_gw_store-723x211-1.png\",\"width\":723,\"height\":207,\"caption\":\"Goodwill-verkkokauppa\"},\"image\":{\"@id\":\"https:\/\/goodwill.fi\/kauppa\/#\/schema\/logo\/image\/\"}}]}<\/script>\n<!-- \/ Yoast SEO plugin. -->","yoast_head_json":{"title":"ARABIA APILA KATTILA - Goodwill-verkkokauppa","description":"Suunnittelija: Greta Baltscheffsky Valmistaja: Arabia W\u00e4rtsil\u00e4 Valmistusvuosi: 1977-80Mitat: korkeus 13 cm, halkaisija 19 cm, paino 1215 g","robots":{"index":"index","follow":"follow","max-snippet":"max-snippet:-1","max-image-preview":"max-image-preview:large","max-video-preview":"max-video-preview:-1"},"canonical":"https:\/\/goodwill.fi\/kauppa\/tuote\/arabia-apila-kattila\/","og_locale":"fi_FI","og_type":"article","og_title":"ARABIA APILA KATTILA - Goodwill-verkkokauppa","og_description":"Suunnittelija: Greta Baltscheffsky Valmistaja: Arabia W\u00e4rtsil\u00e4 Valmistusvuosi: 1977-80Mitat: korkeus 13 cm, halkaisija 19 cm, paino 1215 g","og_url":"https:\/\/goodwill.fi\/kauppa\/tuote\/arabia-apila-kattila\/","og_site_name":"Goodwill-verkkokauppa","article_modified_time":"2025-04-28T11:13:39+00:00","og_image":[{"width":1024,"height":1024,"url":"https:\/\/goodwill.fi\/kauppa\/wp-content\/uploads\/2024\/04\/P1028609-1024x1024.jpg","type":"image\/jpeg"}],"twitter_card":"summary_large_image","twitter_misc":{"Arvioitu lukuaika":"1 minuutti"},"schema":{"@context":"https:\/\/schema.org","@graph":[{"@type":"WebPage","@id":"https:\/\/goodwill.fi\/kauppa\/tuote\/arabia-apila-kattila\/","url":"https:\/\/goodwill.fi\/kauppa\/tuote\/arabia-apila-kattila\/","name":"ARABIA APILA KATTILA - Goodwill-verkkokauppa","isPartOf":{"@id":"https:\/\/goodwill.fi\/kauppa\/#website"},"primaryImageOfPage":{"@id":"https:\/\/goodwill.fi\/kauppa\/tuote\/arabia-apila-kattila\/#primaryimage"},"image":{"@id":"https:\/\/goodwill.fi\/kauppa\/tuote\/arabia-apila-kattila\/#primaryimage"},"thumbnailUrl":"https:\/\/goodwill.fi\/kauppa\/wp-content\/uploads\/2024\/04\/P1028609.jpg","datePublished":"2024-04-09T08:33:55+00:00","dateModified":"2025-04-28T11:13:39+00:00","description":"Suunnittelija: Greta Baltscheffsky Valmistaja: Arabia W\u00e4rtsil\u00e4 Valmistusvuosi: 1977-80Mitat: korkeus 13 cm, halkaisija 19 cm, paino 1215 g","breadcrumb":{"@id":"https:\/\/goodwill.fi\/kauppa\/tuote\/arabia-apila-kattila\/#breadcrumb"},"inLanguage":"fi","potentialAction":[{"@type":"ReadAction","target":["https:\/\/goodwill.fi\/kauppa\/tuote\/arabia-apila-kattila\/"]}]},{"@type":"ImageObject","inLanguage":"fi","@id":"https:\/\/goodwill.fi\/kauppa\/tuote\/arabia-apila-kattila\/#primaryimage","url":"https:\/\/goodwill.fi\/kauppa\/wp-content\/uploads\/2024\/04\/P1028609.jpg","contentUrl":"https:\/\/goodwill.fi\/kauppa\/wp-content\/uploads\/2024\/04\/P1028609.jpg","width":2500,"height":2500},{"@type":"BreadcrumbList","@id":"https:\/\/goodwill.fi\/kauppa\/tuote\/arabia-apila-kattila\/#breadcrumb","itemListElement":[{"@type":"ListItem","position":1,"name":"Home","item":"https:\/\/goodwill.fi\/kauppa\/"},{"@type":"ListItem","position":2,"name":"Shop","item":"https:\/\/goodwill.fi\/kauppa\/shop\/"},{"@type":"ListItem","position":3,"name":"ARABIA APILA KATTILA"}]},{"@type":"WebSite","@id":"https:\/\/goodwill.fi\/kauppa\/#website","url":"https:\/\/goodwill.fi\/kauppa\/","name":"Goodwill-verkkokauppa","description":"Kierr\u00e4tysmyym\u00e4l\u00e4 verkossa","publisher":{"@id":"https:\/\/goodwill.fi\/kauppa\/#organization"},"potentialAction":[{"@type":"SearchAction","target":{"@type":"EntryPoint","urlTemplate":"https:\/\/goodwill.fi\/kauppa\/?s={search_term_string}"},"query-input":{"@type":"PropertyValueSpecification","valueRequired":true,"valueName":"search_term_string"}}],"inLanguage":"fi"},{"@type":"Organization","@id":"https:\/\/goodwill.fi\/kauppa\/#organization","name":"Goodwill-verkkokauppa","url":"https:\/\/goodwill.fi\/kauppa\/","logo":{"@type":"ImageObject","inLanguage":"fi","@id":"https:\/\/goodwill.fi\/kauppa\/#\/schema\/logo\/image\/","url":"https:\/\/goodwill.fi\/kauppa\/wp-content\/uploads\/2021\/02\/cropped-logo_gw_store-723x211-1.png","contentUrl":"https:\/\/goodwill.fi\/kauppa\/wp-content\/uploads\/2021\/02\/cropped-logo_gw_store-723x211-1.png","width":723,"height":207,"caption":"Goodwill-verkkokauppa"},"image":{"@id":"https:\/\/goodwill.fi\/kauppa\/#\/schema\/logo\/image\/"}}]}},"_links":{"self":[{"href":"https:\/\/goodwill.fi\/kauppa\/wp-json\/wp\/v2\/product\/24776","targetHints":{"allow":["GET"]}}],"collection":[{"href":"https:\/\/goodwill.fi\/kauppa\/wp-json\/wp\/v2\/product"}],"about":[{"href":"https:\/\/goodwill.fi\/kauppa\/wp-json\/wp\/v2\/types\/product"}],"replies":[{"embeddable":true,"href":"https:\/\/goodwill.fi\/kauppa\/wp-json\/wp\/v2\/comments?post=24776"}],"wp:featuredmedia":[{"embeddable":true,"href":"https:\/\/goodwill.fi\/kauppa\/wp-json\/wp\/v2\/media\/24777"}],"wp:attachment":[{"href":"https:\/\/goodwill.fi\/kauppa\/wp-json\/wp\/v2\/media?parent=24776"}],"wp:term":[{"taxonomy":"product_brand","embeddable":true,"href":"https:\/\/goodwill.fi\/kauppa\/wp-json\/wp\/v2\/product_brand?post=24776"},{"taxonomy":"product_cat","embeddable":true,"href":"https:\/\/goodwill.fi\/kauppa\/wp-json\/wp\/v2\/product_cat?post=24776"},{"taxonomy":"product_tag","embeddable":true,"href":"https:\/\/goodwill.fi\/kauppa\/wp-json\/wp\/v2\/product_tag?post=24776"}],"curies":[{"name":"wp","href":"https:\/\/api.w.org\/{rel}","templated":true}]}}