{"id":23462,"date":"2024-03-19T11:10:27","date_gmt":"2024-03-19T09:10:27","guid":{"rendered":"https:\/\/goodwill.fi\/kauppa\/?post_type=product&#038;p=23462"},"modified":"2025-09-04T16:31:30","modified_gmt":"2025-09-04T13:31:30","slug":"kalevala-kuusamon-kirves-kaulakoru","status":"publish","type":"product","link":"https:\/\/goodwill.fi\/kauppa\/tuote\/kalevala-kuusamon-kirves-kaulakoru\/","title":{"rendered":"KALEVALA KUUSAMON KIRVES KAULAKORU"},"content":{"rendered":"<p>Kalevala korun valmistama vanha Kuusamon kirves riipus. Korun takana kaiverrus kuusamo ja kalevalan leima.<\/p>\n<p>Valmistaja: Kalevala<br \/>\nMitat: ketjun pituus 69 cm, korkeus 3,4 cm, leveys 4,0 cm, paino 15 g<br \/>\nMateriaali: pronssi<br \/>\nKunto: ehj\u00e4, k\u00e4yt\u00f6n j\u00e4lki\u00e4<\/p>\n","protected":false},"excerpt":{"rendered":"<p>Kalevala korun valmistama vanha Kuusamon kirves riipus. Korun takana kaiverrus kuusamo ja kalevalan leima. Valmistaja: Kalevala Mitat: ketjun pituus 69 cm, korkeus 3,4 cm, leveys 4,0 cm, paino 15 g Materiaali: pronssi Kunto: ehj\u00e4, k\u00e4yt\u00f6n j\u00e4lki\u00e4<\/p>\n","protected":false},"featured_media":23466,"comment_status":"open","ping_status":"closed","template":"","meta":[],"product_brand":[14813],"product_cat":[159,176,148],"product_tag":[429,195,3864,9428,9429,9427,9426,650,3867],"class_list":{"0":"post-23462","1":"product","2":"type-product","3":"status-publish","4":"has-post-thumbnail","6":"product_brand-kalevala","7":"product_cat-kaikki","8":"product_cat-asusteet-2","9":"product_cat-korut-2","10":"product_tag-kalevala","11":"product_tag-kaulakoru","12":"product_tag-ketju","13":"product_tag-kirves","14":"product_tag-kot03454","15":"product_tag-kuusamo","16":"product_tag-kuusamon-kirves","17":"product_tag-pronssi","18":"product_tag-riipus","20":"first","21":"outofstock","22":"taxable","23":"shipping-taxable","24":"purchasable","25":"product-type-simple"},"yoast_head":"<!-- This site is optimized with the Yoast SEO plugin v27.1.1 - https:\/\/yoast.com\/product\/yoast-seo-wordpress\/ -->\n<title>KALEVALA KUUSAMON KIRVES KAULAKORU - Goodwill-verkkokauppa<\/title>\n<meta name=\"description\" content=\"Kalevala korun valmistama vanha Kuusamon kirves riipus. Korun takana kaiverrus kuusamo ja kalevalan leima. Valmistaja: Kalevala Mitat: pituus 69 cm\" \/>\n<meta name=\"robots\" content=\"index, follow, max-snippet:-1, max-image-preview:large, max-video-preview:-1\" \/>\n<link rel=\"canonical\" href=\"https:\/\/goodwill.fi\/kauppa\/tuote\/kalevala-kuusamon-kirves-kaulakoru\/\" \/>\n<meta property=\"og:locale\" content=\"fi_FI\" \/>\n<meta property=\"og:type\" content=\"article\" \/>\n<meta property=\"og:title\" content=\"KALEVALA KUUSAMON KIRVES KAULAKORU - Goodwill-verkkokauppa\" \/>\n<meta property=\"og:description\" content=\"Kalevala korun valmistama vanha Kuusamon kirves riipus. Korun takana kaiverrus kuusamo ja kalevalan leima. Valmistaja: Kalevala Mitat: pituus 69 cm\" \/>\n<meta property=\"og:url\" content=\"https:\/\/goodwill.fi\/kauppa\/tuote\/kalevala-kuusamon-kirves-kaulakoru\/\" \/>\n<meta property=\"og:site_name\" content=\"Goodwill-verkkokauppa\" \/>\n<meta property=\"article:modified_time\" content=\"2025-09-04T13:31:30+00:00\" \/>\n<meta property=\"og:image\" content=\"https:\/\/goodwill.fi\/kauppa\/wp-content\/uploads\/2024\/03\/IMG_1609-scaled.jpg\" \/>\n\t<meta property=\"og:image:width\" content=\"2560\" \/>\n\t<meta property=\"og:image:height\" content=\"1707\" \/>\n\t<meta property=\"og:image:type\" content=\"image\/jpeg\" \/>\n<meta name=\"twitter:card\" content=\"summary_large_image\" \/>\n<meta name=\"twitter:label1\" content=\"Arvioitu lukuaika\" \/>\n\t<meta name=\"twitter:data1\" content=\"1 minuutti\" \/>\n<script type=\"application\/ld+json\" class=\"yoast-schema-graph\">{\"@context\":\"https:\/\/schema.org\",\"@graph\":[{\"@type\":\"WebPage\",\"@id\":\"https:\/\/goodwill.fi\/kauppa\/tuote\/kalevala-kuusamon-kirves-kaulakoru\/\",\"url\":\"https:\/\/goodwill.fi\/kauppa\/tuote\/kalevala-kuusamon-kirves-kaulakoru\/\",\"name\":\"KALEVALA KUUSAMON KIRVES KAULAKORU - Goodwill-verkkokauppa\",\"isPartOf\":{\"@id\":\"https:\/\/goodwill.fi\/kauppa\/#website\"},\"primaryImageOfPage\":{\"@id\":\"https:\/\/goodwill.fi\/kauppa\/tuote\/kalevala-kuusamon-kirves-kaulakoru\/#primaryimage\"},\"image\":{\"@id\":\"https:\/\/goodwill.fi\/kauppa\/tuote\/kalevala-kuusamon-kirves-kaulakoru\/#primaryimage\"},\"thumbnailUrl\":\"https:\/\/goodwill.fi\/kauppa\/wp-content\/uploads\/2024\/03\/IMG_1609-scaled.jpg\",\"datePublished\":\"2024-03-19T09:10:27+00:00\",\"dateModified\":\"2025-09-04T13:31:30+00:00\",\"description\":\"Kalevala korun valmistama vanha Kuusamon kirves riipus. Korun takana kaiverrus kuusamo ja kalevalan leima. Valmistaja: Kalevala Mitat: pituus 69 cm\",\"breadcrumb\":{\"@id\":\"https:\/\/goodwill.fi\/kauppa\/tuote\/kalevala-kuusamon-kirves-kaulakoru\/#breadcrumb\"},\"inLanguage\":\"fi\",\"potentialAction\":[{\"@type\":\"ReadAction\",\"target\":[\"https:\/\/goodwill.fi\/kauppa\/tuote\/kalevala-kuusamon-kirves-kaulakoru\/\"]}]},{\"@type\":\"ImageObject\",\"inLanguage\":\"fi\",\"@id\":\"https:\/\/goodwill.fi\/kauppa\/tuote\/kalevala-kuusamon-kirves-kaulakoru\/#primaryimage\",\"url\":\"https:\/\/goodwill.fi\/kauppa\/wp-content\/uploads\/2024\/03\/IMG_1609-scaled.jpg\",\"contentUrl\":\"https:\/\/goodwill.fi\/kauppa\/wp-content\/uploads\/2024\/03\/IMG_1609-scaled.jpg\",\"width\":2560,\"height\":1707},{\"@type\":\"BreadcrumbList\",\"@id\":\"https:\/\/goodwill.fi\/kauppa\/tuote\/kalevala-kuusamon-kirves-kaulakoru\/#breadcrumb\",\"itemListElement\":[{\"@type\":\"ListItem\",\"position\":1,\"name\":\"Home\",\"item\":\"https:\/\/goodwill.fi\/kauppa\/\"},{\"@type\":\"ListItem\",\"position\":2,\"name\":\"Shop\",\"item\":\"https:\/\/goodwill.fi\/kauppa\/shop\/\"},{\"@type\":\"ListItem\",\"position\":3,\"name\":\"KALEVALA KUUSAMON KIRVES KAULAKORU\"}]},{\"@type\":\"WebSite\",\"@id\":\"https:\/\/goodwill.fi\/kauppa\/#website\",\"url\":\"https:\/\/goodwill.fi\/kauppa\/\",\"name\":\"Goodwill-verkkokauppa\",\"description\":\"Kierr\u00e4tysmyym\u00e4l\u00e4 verkossa\",\"publisher\":{\"@id\":\"https:\/\/goodwill.fi\/kauppa\/#organization\"},\"potentialAction\":[{\"@type\":\"SearchAction\",\"target\":{\"@type\":\"EntryPoint\",\"urlTemplate\":\"https:\/\/goodwill.fi\/kauppa\/?s={search_term_string}\"},\"query-input\":{\"@type\":\"PropertyValueSpecification\",\"valueRequired\":true,\"valueName\":\"search_term_string\"}}],\"inLanguage\":\"fi\"},{\"@type\":\"Organization\",\"@id\":\"https:\/\/goodwill.fi\/kauppa\/#organization\",\"name\":\"Goodwill-verkkokauppa\",\"url\":\"https:\/\/goodwill.fi\/kauppa\/\",\"logo\":{\"@type\":\"ImageObject\",\"inLanguage\":\"fi\",\"@id\":\"https:\/\/goodwill.fi\/kauppa\/#\/schema\/logo\/image\/\",\"url\":\"https:\/\/goodwill.fi\/kauppa\/wp-content\/uploads\/2021\/02\/cropped-logo_gw_store-723x211-1.png\",\"contentUrl\":\"https:\/\/goodwill.fi\/kauppa\/wp-content\/uploads\/2021\/02\/cropped-logo_gw_store-723x211-1.png\",\"width\":723,\"height\":207,\"caption\":\"Goodwill-verkkokauppa\"},\"image\":{\"@id\":\"https:\/\/goodwill.fi\/kauppa\/#\/schema\/logo\/image\/\"}}]}<\/script>\n<!-- \/ Yoast SEO plugin. -->","yoast_head_json":{"title":"KALEVALA KUUSAMON KIRVES KAULAKORU - Goodwill-verkkokauppa","description":"Kalevala korun valmistama vanha Kuusamon kirves riipus. Korun takana kaiverrus kuusamo ja kalevalan leima. Valmistaja: Kalevala Mitat: pituus 69 cm","robots":{"index":"index","follow":"follow","max-snippet":"max-snippet:-1","max-image-preview":"max-image-preview:large","max-video-preview":"max-video-preview:-1"},"canonical":"https:\/\/goodwill.fi\/kauppa\/tuote\/kalevala-kuusamon-kirves-kaulakoru\/","og_locale":"fi_FI","og_type":"article","og_title":"KALEVALA KUUSAMON KIRVES KAULAKORU - Goodwill-verkkokauppa","og_description":"Kalevala korun valmistama vanha Kuusamon kirves riipus. Korun takana kaiverrus kuusamo ja kalevalan leima. Valmistaja: Kalevala Mitat: pituus 69 cm","og_url":"https:\/\/goodwill.fi\/kauppa\/tuote\/kalevala-kuusamon-kirves-kaulakoru\/","og_site_name":"Goodwill-verkkokauppa","article_modified_time":"2025-09-04T13:31:30+00:00","og_image":[{"width":2560,"height":1707,"url":"https:\/\/goodwill.fi\/kauppa\/wp-content\/uploads\/2024\/03\/IMG_1609-scaled.jpg","type":"image\/jpeg"}],"twitter_card":"summary_large_image","twitter_misc":{"Arvioitu lukuaika":"1 minuutti"},"schema":{"@context":"https:\/\/schema.org","@graph":[{"@type":"WebPage","@id":"https:\/\/goodwill.fi\/kauppa\/tuote\/kalevala-kuusamon-kirves-kaulakoru\/","url":"https:\/\/goodwill.fi\/kauppa\/tuote\/kalevala-kuusamon-kirves-kaulakoru\/","name":"KALEVALA KUUSAMON KIRVES KAULAKORU - Goodwill-verkkokauppa","isPartOf":{"@id":"https:\/\/goodwill.fi\/kauppa\/#website"},"primaryImageOfPage":{"@id":"https:\/\/goodwill.fi\/kauppa\/tuote\/kalevala-kuusamon-kirves-kaulakoru\/#primaryimage"},"image":{"@id":"https:\/\/goodwill.fi\/kauppa\/tuote\/kalevala-kuusamon-kirves-kaulakoru\/#primaryimage"},"thumbnailUrl":"https:\/\/goodwill.fi\/kauppa\/wp-content\/uploads\/2024\/03\/IMG_1609-scaled.jpg","datePublished":"2024-03-19T09:10:27+00:00","dateModified":"2025-09-04T13:31:30+00:00","description":"Kalevala korun valmistama vanha Kuusamon kirves riipus. Korun takana kaiverrus kuusamo ja kalevalan leima. Valmistaja: Kalevala Mitat: pituus 69 cm","breadcrumb":{"@id":"https:\/\/goodwill.fi\/kauppa\/tuote\/kalevala-kuusamon-kirves-kaulakoru\/#breadcrumb"},"inLanguage":"fi","potentialAction":[{"@type":"ReadAction","target":["https:\/\/goodwill.fi\/kauppa\/tuote\/kalevala-kuusamon-kirves-kaulakoru\/"]}]},{"@type":"ImageObject","inLanguage":"fi","@id":"https:\/\/goodwill.fi\/kauppa\/tuote\/kalevala-kuusamon-kirves-kaulakoru\/#primaryimage","url":"https:\/\/goodwill.fi\/kauppa\/wp-content\/uploads\/2024\/03\/IMG_1609-scaled.jpg","contentUrl":"https:\/\/goodwill.fi\/kauppa\/wp-content\/uploads\/2024\/03\/IMG_1609-scaled.jpg","width":2560,"height":1707},{"@type":"BreadcrumbList","@id":"https:\/\/goodwill.fi\/kauppa\/tuote\/kalevala-kuusamon-kirves-kaulakoru\/#breadcrumb","itemListElement":[{"@type":"ListItem","position":1,"name":"Home","item":"https:\/\/goodwill.fi\/kauppa\/"},{"@type":"ListItem","position":2,"name":"Shop","item":"https:\/\/goodwill.fi\/kauppa\/shop\/"},{"@type":"ListItem","position":3,"name":"KALEVALA KUUSAMON KIRVES KAULAKORU"}]},{"@type":"WebSite","@id":"https:\/\/goodwill.fi\/kauppa\/#website","url":"https:\/\/goodwill.fi\/kauppa\/","name":"Goodwill-verkkokauppa","description":"Kierr\u00e4tysmyym\u00e4l\u00e4 verkossa","publisher":{"@id":"https:\/\/goodwill.fi\/kauppa\/#organization"},"potentialAction":[{"@type":"SearchAction","target":{"@type":"EntryPoint","urlTemplate":"https:\/\/goodwill.fi\/kauppa\/?s={search_term_string}"},"query-input":{"@type":"PropertyValueSpecification","valueRequired":true,"valueName":"search_term_string"}}],"inLanguage":"fi"},{"@type":"Organization","@id":"https:\/\/goodwill.fi\/kauppa\/#organization","name":"Goodwill-verkkokauppa","url":"https:\/\/goodwill.fi\/kauppa\/","logo":{"@type":"ImageObject","inLanguage":"fi","@id":"https:\/\/goodwill.fi\/kauppa\/#\/schema\/logo\/image\/","url":"https:\/\/goodwill.fi\/kauppa\/wp-content\/uploads\/2021\/02\/cropped-logo_gw_store-723x211-1.png","contentUrl":"https:\/\/goodwill.fi\/kauppa\/wp-content\/uploads\/2021\/02\/cropped-logo_gw_store-723x211-1.png","width":723,"height":207,"caption":"Goodwill-verkkokauppa"},"image":{"@id":"https:\/\/goodwill.fi\/kauppa\/#\/schema\/logo\/image\/"}}]}},"_links":{"self":[{"href":"https:\/\/goodwill.fi\/kauppa\/wp-json\/wp\/v2\/product\/23462","targetHints":{"allow":["GET"]}}],"collection":[{"href":"https:\/\/goodwill.fi\/kauppa\/wp-json\/wp\/v2\/product"}],"about":[{"href":"https:\/\/goodwill.fi\/kauppa\/wp-json\/wp\/v2\/types\/product"}],"replies":[{"embeddable":true,"href":"https:\/\/goodwill.fi\/kauppa\/wp-json\/wp\/v2\/comments?post=23462"}],"wp:featuredmedia":[{"embeddable":true,"href":"https:\/\/goodwill.fi\/kauppa\/wp-json\/wp\/v2\/media\/23466"}],"wp:attachment":[{"href":"https:\/\/goodwill.fi\/kauppa\/wp-json\/wp\/v2\/media?parent=23462"}],"wp:term":[{"taxonomy":"product_brand","embeddable":true,"href":"https:\/\/goodwill.fi\/kauppa\/wp-json\/wp\/v2\/product_brand?post=23462"},{"taxonomy":"product_cat","embeddable":true,"href":"https:\/\/goodwill.fi\/kauppa\/wp-json\/wp\/v2\/product_cat?post=23462"},{"taxonomy":"product_tag","embeddable":true,"href":"https:\/\/goodwill.fi\/kauppa\/wp-json\/wp\/v2\/product_tag?post=23462"}],"curies":[{"name":"wp","href":"https:\/\/api.w.org\/{rel}","templated":true}]}}