{"id":23049,"date":"2024-04-08T12:34:25","date_gmt":"2024-04-08T09:34:25","guid":{"rendered":"https:\/\/goodwill.fi\/kauppa\/?post_type=product&#038;p=23049"},"modified":"2025-04-15T13:05:09","modified_gmt":"2025-04-15T10:05:09","slug":"iittalan-stellaria-tuikkulyhty","status":"publish","type":"product","link":"https:\/\/goodwill.fi\/kauppa\/tuote\/iittalan-stellaria-tuikkulyhty\/","title":{"rendered":"IITTALAN STELLARIA TUIKKULYHTY"},"content":{"rendered":"<p>Suunnittelija: Tapani Wirkkala<br \/>\nValmistaja: Iittala<br \/>\nValmistusvuosi: 1970-1985<br \/>\nMitat: korkeus 7cm, leveys 9.5cm, paino 360g<br \/>\nV\u00e4ri: kirkas<br \/>\nMateriaali: lasi<br \/>\nKunto: k\u00e4ytetty<br \/>\nHuom: tuotteet myyd\u00e4\u00e4n kappaleittain<\/p>\n","protected":false},"excerpt":{"rendered":"<p>Suunnittelija: Tapani Wirkkala Valmistaja: Iittala Valmistusvuosi: 1970-1985 Mitat: korkeus 7cm, leveys 9.5cm, paino 360g V\u00e4ri: kirkas Materiaali: lasi Kunto: k\u00e4ytetty Huom: tuotteet myyd\u00e4\u00e4n kappaleittain<\/p>\n","protected":false},"featured_media":23050,"comment_status":"open","ping_status":"closed","template":"","meta":[],"product_brand":[14681],"product_cat":[159,14854,146,154,14873,15],"product_tag":[226,351,452,729,1090,9297,1219,1282,347],"class_list":{"0":"post-23049","1":"product","2":"type-product","3":"status-publish","4":"has-post-thumbnail","6":"product_brand-iittala","7":"product_cat-kaikki","8":"product_cat-iittala","9":"product_cat-koti-2","10":"product_cat-sisustus-2","11":"product_cat-kynttilanjalat","12":"product_cat-uncategorized","13":"product_tag-iittala","14":"product_tag-kirkas","15":"product_tag-kynttilalyhty","16":"product_tag-stellaria","17":"product_tag-taidelasi","18":"product_tag-taisdelasiesine","19":"product_tag-tapio-wirkkala","20":"product_tag-tuikkulyhty","21":"product_tag-wirkkala","23":"first","24":"instock","25":"taxable","26":"shipping-taxable","27":"purchasable","28":"product-type-simple"},"yoast_head":"<!-- This site is optimized with the Yoast SEO plugin v27.1.1 - https:\/\/yoast.com\/product\/yoast-seo-wordpress\/ -->\n<title>IITTALAN STELLARIA TUIKKULYHTY - Goodwill-verkkokauppa<\/title>\n<meta name=\"description\" content=\"Tapio Wirkkalan Iittalalle suunnittelema Stellaria tuikkulyhty. Tuikkulyhty oli tuotannossa v. 1970-85.\" \/>\n<meta name=\"robots\" content=\"index, follow, max-snippet:-1, max-image-preview:large, max-video-preview:-1\" \/>\n<link rel=\"canonical\" href=\"https:\/\/goodwill.fi\/kauppa\/tuote\/iittalan-stellaria-tuikkulyhty\/\" \/>\n<meta property=\"og:locale\" content=\"fi_FI\" \/>\n<meta property=\"og:type\" content=\"article\" \/>\n<meta property=\"og:title\" content=\"IITTALAN STELLARIA TUIKKULYHTY - Goodwill-verkkokauppa\" \/>\n<meta property=\"og:description\" content=\"Tapio Wirkkalan Iittalalle suunnittelema Stellaria tuikkulyhty. Tuikkulyhty oli tuotannossa v. 1970-85.\" \/>\n<meta property=\"og:url\" content=\"https:\/\/goodwill.fi\/kauppa\/tuote\/iittalan-stellaria-tuikkulyhty\/\" \/>\n<meta property=\"og:site_name\" content=\"Goodwill-verkkokauppa\" \/>\n<meta property=\"article:modified_time\" content=\"2025-04-15T10:05:09+00:00\" \/>\n<meta property=\"og:image\" content=\"https:\/\/goodwill.fi\/kauppa\/wp-content\/uploads\/2024\/03\/IMG_1728-scaled.jpg\" \/>\n\t<meta property=\"og:image:width\" content=\"2560\" \/>\n\t<meta property=\"og:image:height\" content=\"2549\" \/>\n\t<meta property=\"og:image:type\" content=\"image\/jpeg\" \/>\n<meta name=\"twitter:card\" content=\"summary_large_image\" \/>\n<meta name=\"twitter:label1\" content=\"Arvioitu lukuaika\" \/>\n\t<meta name=\"twitter:data1\" content=\"1 minuutti\" \/>\n<script type=\"application\/ld+json\" class=\"yoast-schema-graph\">{\"@context\":\"https:\/\/schema.org\",\"@graph\":[{\"@type\":\"WebPage\",\"@id\":\"https:\/\/goodwill.fi\/kauppa\/tuote\/iittalan-stellaria-tuikkulyhty\/\",\"url\":\"https:\/\/goodwill.fi\/kauppa\/tuote\/iittalan-stellaria-tuikkulyhty\/\",\"name\":\"IITTALAN STELLARIA TUIKKULYHTY - Goodwill-verkkokauppa\",\"isPartOf\":{\"@id\":\"https:\/\/goodwill.fi\/kauppa\/#website\"},\"primaryImageOfPage\":{\"@id\":\"https:\/\/goodwill.fi\/kauppa\/tuote\/iittalan-stellaria-tuikkulyhty\/#primaryimage\"},\"image\":{\"@id\":\"https:\/\/goodwill.fi\/kauppa\/tuote\/iittalan-stellaria-tuikkulyhty\/#primaryimage\"},\"thumbnailUrl\":\"https:\/\/goodwill.fi\/kauppa\/wp-content\/uploads\/2024\/03\/IMG_1728-scaled.jpg\",\"datePublished\":\"2024-04-08T09:34:25+00:00\",\"dateModified\":\"2025-04-15T10:05:09+00:00\",\"description\":\"Tapio Wirkkalan Iittalalle suunnittelema Stellaria tuikkulyhty. Tuikkulyhty oli tuotannossa v. 1970-85.\",\"breadcrumb\":{\"@id\":\"https:\/\/goodwill.fi\/kauppa\/tuote\/iittalan-stellaria-tuikkulyhty\/#breadcrumb\"},\"inLanguage\":\"fi\",\"potentialAction\":[{\"@type\":\"ReadAction\",\"target\":[\"https:\/\/goodwill.fi\/kauppa\/tuote\/iittalan-stellaria-tuikkulyhty\/\"]}]},{\"@type\":\"ImageObject\",\"inLanguage\":\"fi\",\"@id\":\"https:\/\/goodwill.fi\/kauppa\/tuote\/iittalan-stellaria-tuikkulyhty\/#primaryimage\",\"url\":\"https:\/\/goodwill.fi\/kauppa\/wp-content\/uploads\/2024\/03\/IMG_1728-scaled.jpg\",\"contentUrl\":\"https:\/\/goodwill.fi\/kauppa\/wp-content\/uploads\/2024\/03\/IMG_1728-scaled.jpg\",\"width\":2560,\"height\":2549},{\"@type\":\"BreadcrumbList\",\"@id\":\"https:\/\/goodwill.fi\/kauppa\/tuote\/iittalan-stellaria-tuikkulyhty\/#breadcrumb\",\"itemListElement\":[{\"@type\":\"ListItem\",\"position\":1,\"name\":\"Home\",\"item\":\"https:\/\/goodwill.fi\/kauppa\/\"},{\"@type\":\"ListItem\",\"position\":2,\"name\":\"Shop\",\"item\":\"https:\/\/goodwill.fi\/kauppa\/shop\/\"},{\"@type\":\"ListItem\",\"position\":3,\"name\":\"IITTALAN STELLARIA TUIKKULYHTY\"}]},{\"@type\":\"WebSite\",\"@id\":\"https:\/\/goodwill.fi\/kauppa\/#website\",\"url\":\"https:\/\/goodwill.fi\/kauppa\/\",\"name\":\"Goodwill-verkkokauppa\",\"description\":\"Kierr\u00e4tysmyym\u00e4l\u00e4 verkossa\",\"publisher\":{\"@id\":\"https:\/\/goodwill.fi\/kauppa\/#organization\"},\"potentialAction\":[{\"@type\":\"SearchAction\",\"target\":{\"@type\":\"EntryPoint\",\"urlTemplate\":\"https:\/\/goodwill.fi\/kauppa\/?s={search_term_string}\"},\"query-input\":{\"@type\":\"PropertyValueSpecification\",\"valueRequired\":true,\"valueName\":\"search_term_string\"}}],\"inLanguage\":\"fi\"},{\"@type\":\"Organization\",\"@id\":\"https:\/\/goodwill.fi\/kauppa\/#organization\",\"name\":\"Goodwill-verkkokauppa\",\"url\":\"https:\/\/goodwill.fi\/kauppa\/\",\"logo\":{\"@type\":\"ImageObject\",\"inLanguage\":\"fi\",\"@id\":\"https:\/\/goodwill.fi\/kauppa\/#\/schema\/logo\/image\/\",\"url\":\"https:\/\/goodwill.fi\/kauppa\/wp-content\/uploads\/2021\/02\/cropped-logo_gw_store-723x211-1.png\",\"contentUrl\":\"https:\/\/goodwill.fi\/kauppa\/wp-content\/uploads\/2021\/02\/cropped-logo_gw_store-723x211-1.png\",\"width\":723,\"height\":207,\"caption\":\"Goodwill-verkkokauppa\"},\"image\":{\"@id\":\"https:\/\/goodwill.fi\/kauppa\/#\/schema\/logo\/image\/\"}}]}<\/script>\n<!-- \/ Yoast SEO plugin. -->","yoast_head_json":{"title":"IITTALAN STELLARIA TUIKKULYHTY - Goodwill-verkkokauppa","description":"Tapio Wirkkalan Iittalalle suunnittelema Stellaria tuikkulyhty. Tuikkulyhty oli tuotannossa v. 1970-85.","robots":{"index":"index","follow":"follow","max-snippet":"max-snippet:-1","max-image-preview":"max-image-preview:large","max-video-preview":"max-video-preview:-1"},"canonical":"https:\/\/goodwill.fi\/kauppa\/tuote\/iittalan-stellaria-tuikkulyhty\/","og_locale":"fi_FI","og_type":"article","og_title":"IITTALAN STELLARIA TUIKKULYHTY - Goodwill-verkkokauppa","og_description":"Tapio Wirkkalan Iittalalle suunnittelema Stellaria tuikkulyhty. Tuikkulyhty oli tuotannossa v. 1970-85.","og_url":"https:\/\/goodwill.fi\/kauppa\/tuote\/iittalan-stellaria-tuikkulyhty\/","og_site_name":"Goodwill-verkkokauppa","article_modified_time":"2025-04-15T10:05:09+00:00","og_image":[{"width":2560,"height":2549,"url":"https:\/\/goodwill.fi\/kauppa\/wp-content\/uploads\/2024\/03\/IMG_1728-scaled.jpg","type":"image\/jpeg"}],"twitter_card":"summary_large_image","twitter_misc":{"Arvioitu lukuaika":"1 minuutti"},"schema":{"@context":"https:\/\/schema.org","@graph":[{"@type":"WebPage","@id":"https:\/\/goodwill.fi\/kauppa\/tuote\/iittalan-stellaria-tuikkulyhty\/","url":"https:\/\/goodwill.fi\/kauppa\/tuote\/iittalan-stellaria-tuikkulyhty\/","name":"IITTALAN STELLARIA TUIKKULYHTY - Goodwill-verkkokauppa","isPartOf":{"@id":"https:\/\/goodwill.fi\/kauppa\/#website"},"primaryImageOfPage":{"@id":"https:\/\/goodwill.fi\/kauppa\/tuote\/iittalan-stellaria-tuikkulyhty\/#primaryimage"},"image":{"@id":"https:\/\/goodwill.fi\/kauppa\/tuote\/iittalan-stellaria-tuikkulyhty\/#primaryimage"},"thumbnailUrl":"https:\/\/goodwill.fi\/kauppa\/wp-content\/uploads\/2024\/03\/IMG_1728-scaled.jpg","datePublished":"2024-04-08T09:34:25+00:00","dateModified":"2025-04-15T10:05:09+00:00","description":"Tapio Wirkkalan Iittalalle suunnittelema Stellaria tuikkulyhty. Tuikkulyhty oli tuotannossa v. 1970-85.","breadcrumb":{"@id":"https:\/\/goodwill.fi\/kauppa\/tuote\/iittalan-stellaria-tuikkulyhty\/#breadcrumb"},"inLanguage":"fi","potentialAction":[{"@type":"ReadAction","target":["https:\/\/goodwill.fi\/kauppa\/tuote\/iittalan-stellaria-tuikkulyhty\/"]}]},{"@type":"ImageObject","inLanguage":"fi","@id":"https:\/\/goodwill.fi\/kauppa\/tuote\/iittalan-stellaria-tuikkulyhty\/#primaryimage","url":"https:\/\/goodwill.fi\/kauppa\/wp-content\/uploads\/2024\/03\/IMG_1728-scaled.jpg","contentUrl":"https:\/\/goodwill.fi\/kauppa\/wp-content\/uploads\/2024\/03\/IMG_1728-scaled.jpg","width":2560,"height":2549},{"@type":"BreadcrumbList","@id":"https:\/\/goodwill.fi\/kauppa\/tuote\/iittalan-stellaria-tuikkulyhty\/#breadcrumb","itemListElement":[{"@type":"ListItem","position":1,"name":"Home","item":"https:\/\/goodwill.fi\/kauppa\/"},{"@type":"ListItem","position":2,"name":"Shop","item":"https:\/\/goodwill.fi\/kauppa\/shop\/"},{"@type":"ListItem","position":3,"name":"IITTALAN STELLARIA TUIKKULYHTY"}]},{"@type":"WebSite","@id":"https:\/\/goodwill.fi\/kauppa\/#website","url":"https:\/\/goodwill.fi\/kauppa\/","name":"Goodwill-verkkokauppa","description":"Kierr\u00e4tysmyym\u00e4l\u00e4 verkossa","publisher":{"@id":"https:\/\/goodwill.fi\/kauppa\/#organization"},"potentialAction":[{"@type":"SearchAction","target":{"@type":"EntryPoint","urlTemplate":"https:\/\/goodwill.fi\/kauppa\/?s={search_term_string}"},"query-input":{"@type":"PropertyValueSpecification","valueRequired":true,"valueName":"search_term_string"}}],"inLanguage":"fi"},{"@type":"Organization","@id":"https:\/\/goodwill.fi\/kauppa\/#organization","name":"Goodwill-verkkokauppa","url":"https:\/\/goodwill.fi\/kauppa\/","logo":{"@type":"ImageObject","inLanguage":"fi","@id":"https:\/\/goodwill.fi\/kauppa\/#\/schema\/logo\/image\/","url":"https:\/\/goodwill.fi\/kauppa\/wp-content\/uploads\/2021\/02\/cropped-logo_gw_store-723x211-1.png","contentUrl":"https:\/\/goodwill.fi\/kauppa\/wp-content\/uploads\/2021\/02\/cropped-logo_gw_store-723x211-1.png","width":723,"height":207,"caption":"Goodwill-verkkokauppa"},"image":{"@id":"https:\/\/goodwill.fi\/kauppa\/#\/schema\/logo\/image\/"}}]}},"_links":{"self":[{"href":"https:\/\/goodwill.fi\/kauppa\/wp-json\/wp\/v2\/product\/23049","targetHints":{"allow":["GET"]}}],"collection":[{"href":"https:\/\/goodwill.fi\/kauppa\/wp-json\/wp\/v2\/product"}],"about":[{"href":"https:\/\/goodwill.fi\/kauppa\/wp-json\/wp\/v2\/types\/product"}],"replies":[{"embeddable":true,"href":"https:\/\/goodwill.fi\/kauppa\/wp-json\/wp\/v2\/comments?post=23049"}],"wp:featuredmedia":[{"embeddable":true,"href":"https:\/\/goodwill.fi\/kauppa\/wp-json\/wp\/v2\/media\/23050"}],"wp:attachment":[{"href":"https:\/\/goodwill.fi\/kauppa\/wp-json\/wp\/v2\/media?parent=23049"}],"wp:term":[{"taxonomy":"product_brand","embeddable":true,"href":"https:\/\/goodwill.fi\/kauppa\/wp-json\/wp\/v2\/product_brand?post=23049"},{"taxonomy":"product_cat","embeddable":true,"href":"https:\/\/goodwill.fi\/kauppa\/wp-json\/wp\/v2\/product_cat?post=23049"},{"taxonomy":"product_tag","embeddable":true,"href":"https:\/\/goodwill.fi\/kauppa\/wp-json\/wp\/v2\/product_tag?post=23049"}],"curies":[{"name":"wp","href":"https:\/\/api.w.org\/{rel}","templated":true}]}}