{"id":22311,"date":"2024-02-29T20:05:31","date_gmt":"2024-02-29T18:05:31","guid":{"rendered":"https:\/\/goodwill.fi\/kauppa\/?post_type=product&#038;p=22311"},"modified":"2025-02-14T14:36:31","modified_gmt":"2025-02-14T12:36:31","slug":"elvis-aloha-from-hawaii-via-satellite-lp-levy","status":"publish","type":"product","link":"https:\/\/goodwill.fi\/kauppa\/tuote\/elvis-aloha-from-hawaii-via-satellite-lp-levy\/","title":{"rendered":"ELVIS ALOHA FROM HAWAII VIA SATELLITE LP-LEVY"},"content":{"rendered":"<p>Valmistaja: RCA VICTOR<br \/>\nValmistusvuosi: 1973<br \/>\nMitat: korkeus 31 cm, leveys 31 cm, paino 180 g<br \/>\nV\u00e4ri: moniv\u00e4rinen<br \/>\nMateriaali: vinyyli<br \/>\nKunto: K\u00e4ytetty<br \/>\nHuom: tuotteet myyd\u00e4\u00e4n kappaleittain. Tuotetta ei ole testattu.<\/p>\n","protected":false},"excerpt":{"rendered":"<p>Valmistaja: RCA VICTOR Valmistusvuosi: 1973 Mitat: korkeus 31 cm, leveys 31 cm, paino 180 g V\u00e4ri: moniv\u00e4rinen Materiaali: vinyyli Kunto: K\u00e4ytetty Huom: tuotteet myyd\u00e4\u00e4n kappaleittain. Tuotetta ei ole testattu.<\/p>\n","protected":false},"featured_media":22312,"comment_status":"open","ping_status":"closed","template":"","meta":[],"product_brand":[],"product_cat":[151,187,159,180,185,184,15,143],"product_tag":[9090,9100,9096,1408,9099,237,8818,8018,236,2768],"class_list":{"0":"post-22311","1":"product","2":"type-product","3":"status-publish","4":"has-post-thumbnail","6":"product_cat-vinyylit","7":"product_cat-muu-viihde","8":"product_cat-kaikki","9":"product_cat-keraily-2","10":"product_cat-musiikki","11":"product_cat-muu-keraily-2","12":"product_cat-uncategorized","13":"product_cat-viihde-2","14":"product_tag-elvis","15":"product_tag-elvisalohafromhawaiiviasatellite","16":"product_tag-elvispresley","17":"product_tag-keraily-3","18":"product_tag-kit00235","19":"product_tag-lp","20":"product_tag-lp-levy","21":"product_tag-musiikki","22":"product_tag-vinyyli","23":"product_tag-vinyylilevy","25":"first","26":"instock","27":"sale","28":"taxable","29":"shipping-taxable","30":"purchasable","31":"product-type-simple"},"yoast_head":"<!-- This site is optimized with the Yoast SEO plugin v27.4 - https:\/\/yoast.com\/product\/yoast-seo-wordpress\/ -->\n<title>ELVIS ALOHA FROM HAWAII VIA SATELLITE LP-LEVY - Goodwill-verkkokauppa<\/title>\n<meta name=\"description\" content=\"Elvis Presley LP vinyylilevy 70-luvulta. ELVIS PRESLEY \u2013 ALOHA FROM HAWAII VIA SATELLITE(2-LP). Kaksi puolisella levyll\u00e4 mm. kappale Burning Love.\" \/>\n<meta name=\"robots\" content=\"index, follow, max-snippet:-1, max-image-preview:large, max-video-preview:-1\" \/>\n<link rel=\"canonical\" href=\"https:\/\/goodwill.fi\/kauppa\/tuote\/elvis-aloha-from-hawaii-via-satellite-lp-levy\/\" \/>\n<meta property=\"og:locale\" content=\"fi_FI\" \/>\n<meta property=\"og:type\" content=\"article\" \/>\n<meta property=\"og:title\" content=\"ELVIS ALOHA FROM HAWAII VIA SATELLITE LP-LEVY - Goodwill-verkkokauppa\" \/>\n<meta property=\"og:description\" content=\"Elvis Presley LP vinyylilevy 70-luvulta. ELVIS PRESLEY \u2013 ALOHA FROM HAWAII VIA SATELLITE(2-LP). Kaksi puolisella levyll\u00e4 mm. kappale Burning Love.\" \/>\n<meta property=\"og:url\" content=\"https:\/\/goodwill.fi\/kauppa\/tuote\/elvis-aloha-from-hawaii-via-satellite-lp-levy\/\" \/>\n<meta property=\"og:site_name\" content=\"Goodwill-verkkokauppa\" \/>\n<meta property=\"article:modified_time\" content=\"2025-02-14T12:36:31+00:00\" \/>\n<meta property=\"og:image\" content=\"https:\/\/goodwill.fi\/kauppa\/wp-content\/uploads\/2024\/02\/IMG_9630-scaled.jpeg\" \/>\n\t<meta property=\"og:image:width\" content=\"2560\" \/>\n\t<meta property=\"og:image:height\" content=\"2560\" \/>\n\t<meta property=\"og:image:type\" content=\"image\/jpeg\" \/>\n<meta name=\"twitter:card\" content=\"summary_large_image\" \/>\n<meta name=\"twitter:label1\" content=\"Arvioitu lukuaika\" \/>\n\t<meta name=\"twitter:data1\" content=\"1 minuutti\" \/>\n<script type=\"application\/ld+json\" class=\"yoast-schema-graph\">{\"@context\":\"https:\\\/\\\/schema.org\",\"@graph\":[{\"@type\":\"WebPage\",\"@id\":\"https:\\\/\\\/goodwill.fi\\\/kauppa\\\/tuote\\\/elvis-aloha-from-hawaii-via-satellite-lp-levy\\\/\",\"url\":\"https:\\\/\\\/goodwill.fi\\\/kauppa\\\/tuote\\\/elvis-aloha-from-hawaii-via-satellite-lp-levy\\\/\",\"name\":\"ELVIS ALOHA FROM HAWAII VIA SATELLITE LP-LEVY - Goodwill-verkkokauppa\",\"isPartOf\":{\"@id\":\"https:\\\/\\\/goodwill.fi\\\/kauppa\\\/#website\"},\"primaryImageOfPage\":{\"@id\":\"https:\\\/\\\/goodwill.fi\\\/kauppa\\\/tuote\\\/elvis-aloha-from-hawaii-via-satellite-lp-levy\\\/#primaryimage\"},\"image\":{\"@id\":\"https:\\\/\\\/goodwill.fi\\\/kauppa\\\/tuote\\\/elvis-aloha-from-hawaii-via-satellite-lp-levy\\\/#primaryimage\"},\"thumbnailUrl\":\"https:\\\/\\\/goodwill.fi\\\/kauppa\\\/wp-content\\\/uploads\\\/2024\\\/02\\\/IMG_9630-scaled.jpeg\",\"datePublished\":\"2024-02-29T18:05:31+00:00\",\"dateModified\":\"2025-02-14T12:36:31+00:00\",\"description\":\"Elvis Presley LP vinyylilevy 70-luvulta. ELVIS PRESLEY \u2013 ALOHA FROM HAWAII VIA SATELLITE(2-LP). Kaksi puolisella levyll\u00e4 mm. kappale Burning Love.\",\"breadcrumb\":{\"@id\":\"https:\\\/\\\/goodwill.fi\\\/kauppa\\\/tuote\\\/elvis-aloha-from-hawaii-via-satellite-lp-levy\\\/#breadcrumb\"},\"inLanguage\":\"fi\",\"potentialAction\":[{\"@type\":\"ReadAction\",\"target\":[\"https:\\\/\\\/goodwill.fi\\\/kauppa\\\/tuote\\\/elvis-aloha-from-hawaii-via-satellite-lp-levy\\\/\"]}]},{\"@type\":\"ImageObject\",\"inLanguage\":\"fi\",\"@id\":\"https:\\\/\\\/goodwill.fi\\\/kauppa\\\/tuote\\\/elvis-aloha-from-hawaii-via-satellite-lp-levy\\\/#primaryimage\",\"url\":\"https:\\\/\\\/goodwill.fi\\\/kauppa\\\/wp-content\\\/uploads\\\/2024\\\/02\\\/IMG_9630-scaled.jpeg\",\"contentUrl\":\"https:\\\/\\\/goodwill.fi\\\/kauppa\\\/wp-content\\\/uploads\\\/2024\\\/02\\\/IMG_9630-scaled.jpeg\",\"width\":2560,\"height\":2560},{\"@type\":\"BreadcrumbList\",\"@id\":\"https:\\\/\\\/goodwill.fi\\\/kauppa\\\/tuote\\\/elvis-aloha-from-hawaii-via-satellite-lp-levy\\\/#breadcrumb\",\"itemListElement\":[{\"@type\":\"ListItem\",\"position\":1,\"name\":\"Home\",\"item\":\"https:\\\/\\\/goodwill.fi\\\/kauppa\\\/\"},{\"@type\":\"ListItem\",\"position\":2,\"name\":\"Shop\",\"item\":\"https:\\\/\\\/goodwill.fi\\\/kauppa\\\/shop\\\/\"},{\"@type\":\"ListItem\",\"position\":3,\"name\":\"ELVIS ALOHA FROM HAWAII VIA SATELLITE LP-LEVY\"}]},{\"@type\":\"WebSite\",\"@id\":\"https:\\\/\\\/goodwill.fi\\\/kauppa\\\/#website\",\"url\":\"https:\\\/\\\/goodwill.fi\\\/kauppa\\\/\",\"name\":\"Goodwill-verkkokauppa\",\"description\":\"Kierr\u00e4tysmyym\u00e4l\u00e4 verkossa\",\"publisher\":{\"@id\":\"https:\\\/\\\/goodwill.fi\\\/kauppa\\\/#organization\"},\"potentialAction\":[{\"@type\":\"SearchAction\",\"target\":{\"@type\":\"EntryPoint\",\"urlTemplate\":\"https:\\\/\\\/goodwill.fi\\\/kauppa\\\/?s={search_term_string}\"},\"query-input\":{\"@type\":\"PropertyValueSpecification\",\"valueRequired\":true,\"valueName\":\"search_term_string\"}}],\"inLanguage\":\"fi\"},{\"@type\":\"Organization\",\"@id\":\"https:\\\/\\\/goodwill.fi\\\/kauppa\\\/#organization\",\"name\":\"Goodwill-verkkokauppa\",\"url\":\"https:\\\/\\\/goodwill.fi\\\/kauppa\\\/\",\"logo\":{\"@type\":\"ImageObject\",\"inLanguage\":\"fi\",\"@id\":\"https:\\\/\\\/goodwill.fi\\\/kauppa\\\/#\\\/schema\\\/logo\\\/image\\\/\",\"url\":\"https:\\\/\\\/goodwill.fi\\\/kauppa\\\/wp-content\\\/uploads\\\/2021\\\/02\\\/cropped-logo_gw_store-723x211-1.png\",\"contentUrl\":\"https:\\\/\\\/goodwill.fi\\\/kauppa\\\/wp-content\\\/uploads\\\/2021\\\/02\\\/cropped-logo_gw_store-723x211-1.png\",\"width\":723,\"height\":207,\"caption\":\"Goodwill-verkkokauppa\"},\"image\":{\"@id\":\"https:\\\/\\\/goodwill.fi\\\/kauppa\\\/#\\\/schema\\\/logo\\\/image\\\/\"}}]}<\/script>\n<!-- \/ Yoast SEO plugin. -->","yoast_head_json":{"title":"ELVIS ALOHA FROM HAWAII VIA SATELLITE LP-LEVY - Goodwill-verkkokauppa","description":"Elvis Presley LP vinyylilevy 70-luvulta. ELVIS PRESLEY \u2013 ALOHA FROM HAWAII VIA SATELLITE(2-LP). Kaksi puolisella levyll\u00e4 mm. kappale Burning Love.","robots":{"index":"index","follow":"follow","max-snippet":"max-snippet:-1","max-image-preview":"max-image-preview:large","max-video-preview":"max-video-preview:-1"},"canonical":"https:\/\/goodwill.fi\/kauppa\/tuote\/elvis-aloha-from-hawaii-via-satellite-lp-levy\/","og_locale":"fi_FI","og_type":"article","og_title":"ELVIS ALOHA FROM HAWAII VIA SATELLITE LP-LEVY - Goodwill-verkkokauppa","og_description":"Elvis Presley LP vinyylilevy 70-luvulta. ELVIS PRESLEY \u2013 ALOHA FROM HAWAII VIA SATELLITE(2-LP). Kaksi puolisella levyll\u00e4 mm. kappale Burning Love.","og_url":"https:\/\/goodwill.fi\/kauppa\/tuote\/elvis-aloha-from-hawaii-via-satellite-lp-levy\/","og_site_name":"Goodwill-verkkokauppa","article_modified_time":"2025-02-14T12:36:31+00:00","og_image":[{"width":2560,"height":2560,"url":"https:\/\/goodwill.fi\/kauppa\/wp-content\/uploads\/2024\/02\/IMG_9630-scaled.jpeg","type":"image\/jpeg"}],"twitter_card":"summary_large_image","twitter_misc":{"Arvioitu lukuaika":"1 minuutti"},"schema":{"@context":"https:\/\/schema.org","@graph":[{"@type":"WebPage","@id":"https:\/\/goodwill.fi\/kauppa\/tuote\/elvis-aloha-from-hawaii-via-satellite-lp-levy\/","url":"https:\/\/goodwill.fi\/kauppa\/tuote\/elvis-aloha-from-hawaii-via-satellite-lp-levy\/","name":"ELVIS ALOHA FROM HAWAII VIA SATELLITE LP-LEVY - Goodwill-verkkokauppa","isPartOf":{"@id":"https:\/\/goodwill.fi\/kauppa\/#website"},"primaryImageOfPage":{"@id":"https:\/\/goodwill.fi\/kauppa\/tuote\/elvis-aloha-from-hawaii-via-satellite-lp-levy\/#primaryimage"},"image":{"@id":"https:\/\/goodwill.fi\/kauppa\/tuote\/elvis-aloha-from-hawaii-via-satellite-lp-levy\/#primaryimage"},"thumbnailUrl":"https:\/\/goodwill.fi\/kauppa\/wp-content\/uploads\/2024\/02\/IMG_9630-scaled.jpeg","datePublished":"2024-02-29T18:05:31+00:00","dateModified":"2025-02-14T12:36:31+00:00","description":"Elvis Presley LP vinyylilevy 70-luvulta. ELVIS PRESLEY \u2013 ALOHA FROM HAWAII VIA SATELLITE(2-LP). Kaksi puolisella levyll\u00e4 mm. kappale Burning Love.","breadcrumb":{"@id":"https:\/\/goodwill.fi\/kauppa\/tuote\/elvis-aloha-from-hawaii-via-satellite-lp-levy\/#breadcrumb"},"inLanguage":"fi","potentialAction":[{"@type":"ReadAction","target":["https:\/\/goodwill.fi\/kauppa\/tuote\/elvis-aloha-from-hawaii-via-satellite-lp-levy\/"]}]},{"@type":"ImageObject","inLanguage":"fi","@id":"https:\/\/goodwill.fi\/kauppa\/tuote\/elvis-aloha-from-hawaii-via-satellite-lp-levy\/#primaryimage","url":"https:\/\/goodwill.fi\/kauppa\/wp-content\/uploads\/2024\/02\/IMG_9630-scaled.jpeg","contentUrl":"https:\/\/goodwill.fi\/kauppa\/wp-content\/uploads\/2024\/02\/IMG_9630-scaled.jpeg","width":2560,"height":2560},{"@type":"BreadcrumbList","@id":"https:\/\/goodwill.fi\/kauppa\/tuote\/elvis-aloha-from-hawaii-via-satellite-lp-levy\/#breadcrumb","itemListElement":[{"@type":"ListItem","position":1,"name":"Home","item":"https:\/\/goodwill.fi\/kauppa\/"},{"@type":"ListItem","position":2,"name":"Shop","item":"https:\/\/goodwill.fi\/kauppa\/shop\/"},{"@type":"ListItem","position":3,"name":"ELVIS ALOHA FROM HAWAII VIA SATELLITE LP-LEVY"}]},{"@type":"WebSite","@id":"https:\/\/goodwill.fi\/kauppa\/#website","url":"https:\/\/goodwill.fi\/kauppa\/","name":"Goodwill-verkkokauppa","description":"Kierr\u00e4tysmyym\u00e4l\u00e4 verkossa","publisher":{"@id":"https:\/\/goodwill.fi\/kauppa\/#organization"},"potentialAction":[{"@type":"SearchAction","target":{"@type":"EntryPoint","urlTemplate":"https:\/\/goodwill.fi\/kauppa\/?s={search_term_string}"},"query-input":{"@type":"PropertyValueSpecification","valueRequired":true,"valueName":"search_term_string"}}],"inLanguage":"fi"},{"@type":"Organization","@id":"https:\/\/goodwill.fi\/kauppa\/#organization","name":"Goodwill-verkkokauppa","url":"https:\/\/goodwill.fi\/kauppa\/","logo":{"@type":"ImageObject","inLanguage":"fi","@id":"https:\/\/goodwill.fi\/kauppa\/#\/schema\/logo\/image\/","url":"https:\/\/goodwill.fi\/kauppa\/wp-content\/uploads\/2021\/02\/cropped-logo_gw_store-723x211-1.png","contentUrl":"https:\/\/goodwill.fi\/kauppa\/wp-content\/uploads\/2021\/02\/cropped-logo_gw_store-723x211-1.png","width":723,"height":207,"caption":"Goodwill-verkkokauppa"},"image":{"@id":"https:\/\/goodwill.fi\/kauppa\/#\/schema\/logo\/image\/"}}]}},"_links":{"self":[{"href":"https:\/\/goodwill.fi\/kauppa\/wp-json\/wp\/v2\/product\/22311","targetHints":{"allow":["GET"]}}],"collection":[{"href":"https:\/\/goodwill.fi\/kauppa\/wp-json\/wp\/v2\/product"}],"about":[{"href":"https:\/\/goodwill.fi\/kauppa\/wp-json\/wp\/v2\/types\/product"}],"replies":[{"embeddable":true,"href":"https:\/\/goodwill.fi\/kauppa\/wp-json\/wp\/v2\/comments?post=22311"}],"wp:featuredmedia":[{"embeddable":true,"href":"https:\/\/goodwill.fi\/kauppa\/wp-json\/wp\/v2\/media\/22312"}],"wp:attachment":[{"href":"https:\/\/goodwill.fi\/kauppa\/wp-json\/wp\/v2\/media?parent=22311"}],"wp:term":[{"taxonomy":"product_brand","embeddable":true,"href":"https:\/\/goodwill.fi\/kauppa\/wp-json\/wp\/v2\/product_brand?post=22311"},{"taxonomy":"product_cat","embeddable":true,"href":"https:\/\/goodwill.fi\/kauppa\/wp-json\/wp\/v2\/product_cat?post=22311"},{"taxonomy":"product_tag","embeddable":true,"href":"https:\/\/goodwill.fi\/kauppa\/wp-json\/wp\/v2\/product_tag?post=22311"}],"curies":[{"name":"wp","href":"https:\/\/api.w.org\/{rel}","templated":true}]}}