{"id":21806,"date":"2024-07-04T10:00:26","date_gmt":"2024-07-04T07:00:26","guid":{"rendered":"https:\/\/goodwill.fi\/kauppa\/?post_type=product&#038;p=21806"},"modified":"2024-11-25T00:04:10","modified_gmt":"2024-11-24T22:04:10","slug":"moneta-kerailyharkkoja-4-kpl-kansiossa","status":"publish","type":"product","link":"https:\/\/goodwill.fi\/kauppa\/tuote\/moneta-kerailyharkkoja-4-kpl-kansiossa\/","title":{"rendered":"MONETA KER\u00c4ILYHARKKOJA 4 KPL KANSIOSSA"},"content":{"rendered":"<p>Valmistaja: Suomen Moneta<br \/>\nYksitt\u00e4isen harkon mitat: korkeus 3 cm, leveys 5 cm, paino 25 g<br \/>\nKansion mitat: korkeus 33 cm, leveys 29 cm, pituus 6 cm, paino 1780 g<br \/>\nV\u00e4ri: harkot kulta, kansio sininen<br \/>\nMateriaali: pronssi, 24 karaatin kultaus<br \/>\nKunto: harkot virheett\u00f6mi\u00e4, pakkauksissa hieman k\u00e4yt\u00f6n j\u00e4lki\u00e4<br \/>\nHuom: kansiossa harkot Kaisa M\u00e4k\u00e4r\u00e4inen ja ampumahiihto, Lumilautailu, M\u00e4kihyppy sek\u00e4 Ihanaa Leijonat ihanaa<\/p>\n","protected":false},"excerpt":{"rendered":"<p>Valmistaja: Suomen Moneta Yksitt\u00e4isen harkon mitat: korkeus 3 cm, leveys 5 cm, paino 25 g Kansion mitat: korkeus 33 cm, leveys 29 cm, pituus 6 cm, paino 1780 g V\u00e4ri: harkot kulta, kansio sininen Materiaali: pronssi, 24 karaatin kultaus Kunto: harkot virheett\u00f6mi\u00e4, pakkauksissa hieman k\u00e4yt\u00f6n j\u00e4lki\u00e4 Huom: kansiossa harkot Kaisa M\u00e4k\u00e4r\u00e4inen ja ampumahiihto, Lumilautailu, M\u00e4kihyppy [&hellip;]<\/p>\n","protected":false},"featured_media":21829,"comment_status":"open","ping_status":"closed","template":"","meta":[],"product_brand":[],"product_cat":[159,180,181,5965],"product_tag":[8969,8971,8970],"class_list":{"0":"post-21806","1":"product","2":"type-product","3":"status-publish","4":"has-post-thumbnail","6":"product_cat-kaikki","7":"product_cat-keraily-2","8":"product_cat-rahat-mitalit","9":"product_cat-ale","10":"product_tag-kerailyharkko","11":"product_tag-kot03291","12":"product_tag-moneta","14":"first","15":"outofstock","16":"sale","17":"taxable","18":"shipping-taxable","19":"purchasable","20":"product-type-simple"},"yoast_head":"<!-- This site is optimized with the Yoast SEO plugin v27.1.1 - https:\/\/yoast.com\/product\/yoast-seo-wordpress\/ -->\n<title>MONETA KER\u00c4ILYHARKKOJA 4 KPL KANSIOSSA - Goodwill-verkkokauppa<\/title>\n<meta name=\"description\" content=\"Valmistaja: Suomen Moneta Yksitt\u00e4isen harkon mitat: korkeus 3 cm, leveys 5 cm, paino 25 g Materiaali: pronssi, 24 karaatin kultaus Kansiossa harkot Kaisa M\u00e4k\u00e4r\u00e4inen ja ampumahiihto, Lumilautailu, M\u00e4kihyppy sek\u00e4 Ihanaa Leijonat ihanaa\" \/>\n<meta name=\"robots\" content=\"index, follow, max-snippet:-1, max-image-preview:large, max-video-preview:-1\" \/>\n<link rel=\"canonical\" href=\"https:\/\/goodwill.fi\/kauppa\/tuote\/moneta-kerailyharkkoja-4-kpl-kansiossa\/\" \/>\n<meta property=\"og:locale\" content=\"fi_FI\" \/>\n<meta property=\"og:type\" content=\"article\" \/>\n<meta property=\"og:title\" content=\"MONETA KER\u00c4ILYHARKKOJA 4 KPL KANSIOSSA - Goodwill-verkkokauppa\" \/>\n<meta property=\"og:description\" content=\"Valmistaja: Suomen Moneta Yksitt\u00e4isen harkon mitat: korkeus 3 cm, leveys 5 cm, paino 25 g Materiaali: pronssi, 24 karaatin kultaus Kansiossa harkot Kaisa M\u00e4k\u00e4r\u00e4inen ja ampumahiihto, Lumilautailu, M\u00e4kihyppy sek\u00e4 Ihanaa Leijonat ihanaa\" \/>\n<meta property=\"og:url\" content=\"https:\/\/goodwill.fi\/kauppa\/tuote\/moneta-kerailyharkkoja-4-kpl-kansiossa\/\" \/>\n<meta property=\"og:site_name\" content=\"Goodwill-verkkokauppa\" \/>\n<meta property=\"article:modified_time\" content=\"2024-11-24T22:04:10+00:00\" \/>\n<meta property=\"og:image\" content=\"https:\/\/goodwill.fi\/kauppa\/wp-content\/uploads\/2024\/02\/IMG_9753-1-scaled.jpg\" \/>\n\t<meta property=\"og:image:width\" content=\"2560\" \/>\n\t<meta property=\"og:image:height\" content=\"1707\" \/>\n\t<meta property=\"og:image:type\" content=\"image\/jpeg\" \/>\n<meta name=\"twitter:card\" content=\"summary_large_image\" \/>\n<meta name=\"twitter:label1\" content=\"Arvioitu lukuaika\" \/>\n\t<meta name=\"twitter:data1\" content=\"1 minuutti\" \/>\n<script type=\"application\/ld+json\" class=\"yoast-schema-graph\">{\"@context\":\"https:\/\/schema.org\",\"@graph\":[{\"@type\":\"WebPage\",\"@id\":\"https:\/\/goodwill.fi\/kauppa\/tuote\/moneta-kerailyharkkoja-4-kpl-kansiossa\/\",\"url\":\"https:\/\/goodwill.fi\/kauppa\/tuote\/moneta-kerailyharkkoja-4-kpl-kansiossa\/\",\"name\":\"MONETA KER\u00c4ILYHARKKOJA 4 KPL KANSIOSSA - Goodwill-verkkokauppa\",\"isPartOf\":{\"@id\":\"https:\/\/goodwill.fi\/kauppa\/#website\"},\"primaryImageOfPage\":{\"@id\":\"https:\/\/goodwill.fi\/kauppa\/tuote\/moneta-kerailyharkkoja-4-kpl-kansiossa\/#primaryimage\"},\"image\":{\"@id\":\"https:\/\/goodwill.fi\/kauppa\/tuote\/moneta-kerailyharkkoja-4-kpl-kansiossa\/#primaryimage\"},\"thumbnailUrl\":\"https:\/\/goodwill.fi\/kauppa\/wp-content\/uploads\/2024\/02\/IMG_9753-1-scaled.jpg\",\"datePublished\":\"2024-07-04T07:00:26+00:00\",\"dateModified\":\"2024-11-24T22:04:10+00:00\",\"description\":\"Valmistaja: Suomen Moneta Yksitt\u00e4isen harkon mitat: korkeus 3 cm, leveys 5 cm, paino 25 g Materiaali: pronssi, 24 karaatin kultaus Kansiossa harkot Kaisa M\u00e4k\u00e4r\u00e4inen ja ampumahiihto, Lumilautailu, M\u00e4kihyppy sek\u00e4 Ihanaa Leijonat ihanaa\",\"breadcrumb\":{\"@id\":\"https:\/\/goodwill.fi\/kauppa\/tuote\/moneta-kerailyharkkoja-4-kpl-kansiossa\/#breadcrumb\"},\"inLanguage\":\"fi\",\"potentialAction\":[{\"@type\":\"ReadAction\",\"target\":[\"https:\/\/goodwill.fi\/kauppa\/tuote\/moneta-kerailyharkkoja-4-kpl-kansiossa\/\"]}]},{\"@type\":\"ImageObject\",\"inLanguage\":\"fi\",\"@id\":\"https:\/\/goodwill.fi\/kauppa\/tuote\/moneta-kerailyharkkoja-4-kpl-kansiossa\/#primaryimage\",\"url\":\"https:\/\/goodwill.fi\/kauppa\/wp-content\/uploads\/2024\/02\/IMG_9753-1-scaled.jpg\",\"contentUrl\":\"https:\/\/goodwill.fi\/kauppa\/wp-content\/uploads\/2024\/02\/IMG_9753-1-scaled.jpg\",\"width\":2560,\"height\":1707},{\"@type\":\"BreadcrumbList\",\"@id\":\"https:\/\/goodwill.fi\/kauppa\/tuote\/moneta-kerailyharkkoja-4-kpl-kansiossa\/#breadcrumb\",\"itemListElement\":[{\"@type\":\"ListItem\",\"position\":1,\"name\":\"Home\",\"item\":\"https:\/\/goodwill.fi\/kauppa\/\"},{\"@type\":\"ListItem\",\"position\":2,\"name\":\"Shop\",\"item\":\"https:\/\/goodwill.fi\/kauppa\/shop\/\"},{\"@type\":\"ListItem\",\"position\":3,\"name\":\"MONETA KER\u00c4ILYHARKKOJA 4 KPL KANSIOSSA\"}]},{\"@type\":\"WebSite\",\"@id\":\"https:\/\/goodwill.fi\/kauppa\/#website\",\"url\":\"https:\/\/goodwill.fi\/kauppa\/\",\"name\":\"Goodwill-verkkokauppa\",\"description\":\"Kierr\u00e4tysmyym\u00e4l\u00e4 verkossa\",\"publisher\":{\"@id\":\"https:\/\/goodwill.fi\/kauppa\/#organization\"},\"potentialAction\":[{\"@type\":\"SearchAction\",\"target\":{\"@type\":\"EntryPoint\",\"urlTemplate\":\"https:\/\/goodwill.fi\/kauppa\/?s={search_term_string}\"},\"query-input\":{\"@type\":\"PropertyValueSpecification\",\"valueRequired\":true,\"valueName\":\"search_term_string\"}}],\"inLanguage\":\"fi\"},{\"@type\":\"Organization\",\"@id\":\"https:\/\/goodwill.fi\/kauppa\/#organization\",\"name\":\"Goodwill-verkkokauppa\",\"url\":\"https:\/\/goodwill.fi\/kauppa\/\",\"logo\":{\"@type\":\"ImageObject\",\"inLanguage\":\"fi\",\"@id\":\"https:\/\/goodwill.fi\/kauppa\/#\/schema\/logo\/image\/\",\"url\":\"https:\/\/goodwill.fi\/kauppa\/wp-content\/uploads\/2021\/02\/cropped-logo_gw_store-723x211-1.png\",\"contentUrl\":\"https:\/\/goodwill.fi\/kauppa\/wp-content\/uploads\/2021\/02\/cropped-logo_gw_store-723x211-1.png\",\"width\":723,\"height\":207,\"caption\":\"Goodwill-verkkokauppa\"},\"image\":{\"@id\":\"https:\/\/goodwill.fi\/kauppa\/#\/schema\/logo\/image\/\"}}]}<\/script>\n<!-- \/ Yoast SEO plugin. -->","yoast_head_json":{"title":"MONETA KER\u00c4ILYHARKKOJA 4 KPL KANSIOSSA - Goodwill-verkkokauppa","description":"Valmistaja: Suomen Moneta Yksitt\u00e4isen harkon mitat: korkeus 3 cm, leveys 5 cm, paino 25 g Materiaali: pronssi, 24 karaatin kultaus Kansiossa harkot Kaisa M\u00e4k\u00e4r\u00e4inen ja ampumahiihto, Lumilautailu, M\u00e4kihyppy sek\u00e4 Ihanaa Leijonat ihanaa","robots":{"index":"index","follow":"follow","max-snippet":"max-snippet:-1","max-image-preview":"max-image-preview:large","max-video-preview":"max-video-preview:-1"},"canonical":"https:\/\/goodwill.fi\/kauppa\/tuote\/moneta-kerailyharkkoja-4-kpl-kansiossa\/","og_locale":"fi_FI","og_type":"article","og_title":"MONETA KER\u00c4ILYHARKKOJA 4 KPL KANSIOSSA - Goodwill-verkkokauppa","og_description":"Valmistaja: Suomen Moneta Yksitt\u00e4isen harkon mitat: korkeus 3 cm, leveys 5 cm, paino 25 g Materiaali: pronssi, 24 karaatin kultaus Kansiossa harkot Kaisa M\u00e4k\u00e4r\u00e4inen ja ampumahiihto, Lumilautailu, M\u00e4kihyppy sek\u00e4 Ihanaa Leijonat ihanaa","og_url":"https:\/\/goodwill.fi\/kauppa\/tuote\/moneta-kerailyharkkoja-4-kpl-kansiossa\/","og_site_name":"Goodwill-verkkokauppa","article_modified_time":"2024-11-24T22:04:10+00:00","og_image":[{"width":2560,"height":1707,"url":"https:\/\/goodwill.fi\/kauppa\/wp-content\/uploads\/2024\/02\/IMG_9753-1-scaled.jpg","type":"image\/jpeg"}],"twitter_card":"summary_large_image","twitter_misc":{"Arvioitu lukuaika":"1 minuutti"},"schema":{"@context":"https:\/\/schema.org","@graph":[{"@type":"WebPage","@id":"https:\/\/goodwill.fi\/kauppa\/tuote\/moneta-kerailyharkkoja-4-kpl-kansiossa\/","url":"https:\/\/goodwill.fi\/kauppa\/tuote\/moneta-kerailyharkkoja-4-kpl-kansiossa\/","name":"MONETA KER\u00c4ILYHARKKOJA 4 KPL KANSIOSSA - Goodwill-verkkokauppa","isPartOf":{"@id":"https:\/\/goodwill.fi\/kauppa\/#website"},"primaryImageOfPage":{"@id":"https:\/\/goodwill.fi\/kauppa\/tuote\/moneta-kerailyharkkoja-4-kpl-kansiossa\/#primaryimage"},"image":{"@id":"https:\/\/goodwill.fi\/kauppa\/tuote\/moneta-kerailyharkkoja-4-kpl-kansiossa\/#primaryimage"},"thumbnailUrl":"https:\/\/goodwill.fi\/kauppa\/wp-content\/uploads\/2024\/02\/IMG_9753-1-scaled.jpg","datePublished":"2024-07-04T07:00:26+00:00","dateModified":"2024-11-24T22:04:10+00:00","description":"Valmistaja: Suomen Moneta Yksitt\u00e4isen harkon mitat: korkeus 3 cm, leveys 5 cm, paino 25 g Materiaali: pronssi, 24 karaatin kultaus Kansiossa harkot Kaisa M\u00e4k\u00e4r\u00e4inen ja ampumahiihto, Lumilautailu, M\u00e4kihyppy sek\u00e4 Ihanaa Leijonat ihanaa","breadcrumb":{"@id":"https:\/\/goodwill.fi\/kauppa\/tuote\/moneta-kerailyharkkoja-4-kpl-kansiossa\/#breadcrumb"},"inLanguage":"fi","potentialAction":[{"@type":"ReadAction","target":["https:\/\/goodwill.fi\/kauppa\/tuote\/moneta-kerailyharkkoja-4-kpl-kansiossa\/"]}]},{"@type":"ImageObject","inLanguage":"fi","@id":"https:\/\/goodwill.fi\/kauppa\/tuote\/moneta-kerailyharkkoja-4-kpl-kansiossa\/#primaryimage","url":"https:\/\/goodwill.fi\/kauppa\/wp-content\/uploads\/2024\/02\/IMG_9753-1-scaled.jpg","contentUrl":"https:\/\/goodwill.fi\/kauppa\/wp-content\/uploads\/2024\/02\/IMG_9753-1-scaled.jpg","width":2560,"height":1707},{"@type":"BreadcrumbList","@id":"https:\/\/goodwill.fi\/kauppa\/tuote\/moneta-kerailyharkkoja-4-kpl-kansiossa\/#breadcrumb","itemListElement":[{"@type":"ListItem","position":1,"name":"Home","item":"https:\/\/goodwill.fi\/kauppa\/"},{"@type":"ListItem","position":2,"name":"Shop","item":"https:\/\/goodwill.fi\/kauppa\/shop\/"},{"@type":"ListItem","position":3,"name":"MONETA KER\u00c4ILYHARKKOJA 4 KPL KANSIOSSA"}]},{"@type":"WebSite","@id":"https:\/\/goodwill.fi\/kauppa\/#website","url":"https:\/\/goodwill.fi\/kauppa\/","name":"Goodwill-verkkokauppa","description":"Kierr\u00e4tysmyym\u00e4l\u00e4 verkossa","publisher":{"@id":"https:\/\/goodwill.fi\/kauppa\/#organization"},"potentialAction":[{"@type":"SearchAction","target":{"@type":"EntryPoint","urlTemplate":"https:\/\/goodwill.fi\/kauppa\/?s={search_term_string}"},"query-input":{"@type":"PropertyValueSpecification","valueRequired":true,"valueName":"search_term_string"}}],"inLanguage":"fi"},{"@type":"Organization","@id":"https:\/\/goodwill.fi\/kauppa\/#organization","name":"Goodwill-verkkokauppa","url":"https:\/\/goodwill.fi\/kauppa\/","logo":{"@type":"ImageObject","inLanguage":"fi","@id":"https:\/\/goodwill.fi\/kauppa\/#\/schema\/logo\/image\/","url":"https:\/\/goodwill.fi\/kauppa\/wp-content\/uploads\/2021\/02\/cropped-logo_gw_store-723x211-1.png","contentUrl":"https:\/\/goodwill.fi\/kauppa\/wp-content\/uploads\/2021\/02\/cropped-logo_gw_store-723x211-1.png","width":723,"height":207,"caption":"Goodwill-verkkokauppa"},"image":{"@id":"https:\/\/goodwill.fi\/kauppa\/#\/schema\/logo\/image\/"}}]}},"_links":{"self":[{"href":"https:\/\/goodwill.fi\/kauppa\/wp-json\/wp\/v2\/product\/21806","targetHints":{"allow":["GET"]}}],"collection":[{"href":"https:\/\/goodwill.fi\/kauppa\/wp-json\/wp\/v2\/product"}],"about":[{"href":"https:\/\/goodwill.fi\/kauppa\/wp-json\/wp\/v2\/types\/product"}],"replies":[{"embeddable":true,"href":"https:\/\/goodwill.fi\/kauppa\/wp-json\/wp\/v2\/comments?post=21806"}],"wp:featuredmedia":[{"embeddable":true,"href":"https:\/\/goodwill.fi\/kauppa\/wp-json\/wp\/v2\/media\/21829"}],"wp:attachment":[{"href":"https:\/\/goodwill.fi\/kauppa\/wp-json\/wp\/v2\/media?parent=21806"}],"wp:term":[{"taxonomy":"product_brand","embeddable":true,"href":"https:\/\/goodwill.fi\/kauppa\/wp-json\/wp\/v2\/product_brand?post=21806"},{"taxonomy":"product_cat","embeddable":true,"href":"https:\/\/goodwill.fi\/kauppa\/wp-json\/wp\/v2\/product_cat?post=21806"},{"taxonomy":"product_tag","embeddable":true,"href":"https:\/\/goodwill.fi\/kauppa\/wp-json\/wp\/v2\/product_tag?post=21806"}],"curies":[{"name":"wp","href":"https:\/\/api.w.org\/{rel}","templated":true}]}}