{"id":21205,"date":"2024-05-07T13:39:47","date_gmt":"2024-05-07T10:39:47","guid":{"rendered":"https:\/\/goodwill.fi\/kauppa\/?post_type=product&#038;p=21205"},"modified":"2024-11-25T22:59:33","modified_gmt":"2024-11-25T20:59:33","slug":"aarikka-allu-muki-ja-lautanen","status":"publish","type":"product","link":"https:\/\/goodwill.fi\/kauppa\/tuote\/aarikka-allu-muki-ja-lautanen\/","title":{"rendered":"AARIKKA ALLU-MUKI JA LAUTANEN"},"content":{"rendered":"<p style=\"margin: 0cm;margin-bottom: .0001pt\">Valmistaja: Aarikka<br \/>\nValmistusvuosi:<br \/>\nMitat: Muki: korkeus 9.5cm, halkaisija 8.5cm Lautanen: halkaisija 20cm<br \/>\nV\u00e4ri: Valkoinen, oranssi<br \/>\nKunto: K\u00e4ytetty<br \/>\nHuom: lautasen reunassa pieni lohkeama. Tuotteet myyd\u00e4\u00e4n settin\u00e4.<\/p>\n<p>&nbsp;<\/p>\n<p>&nbsp;<\/p>\n","protected":false},"excerpt":{"rendered":"<p>Valmistaja: Aarikka Valmistusvuosi: Mitat: Muki: korkeus 9.5cm, halkaisija 8.5cm Lautanen: halkaisija 20cm V\u00e4ri: Valkoinen, oranssi Kunto: K\u00e4ytetty Huom: lautasen reunassa pieni lohkeama. Tuotteet myyd\u00e4\u00e4n settin\u00e4. &nbsp; &nbsp;<\/p>\n","protected":false},"featured_media":21206,"comment_status":"open","ping_status":"closed","template":"","meta":[],"product_brand":[],"product_cat":[159,166,146],"product_tag":[1855,3674,701,8788,8787,224,398,558],"class_list":{"0":"post-21205","1":"product","2":"type-product","3":"status-publish","4":"has-post-thumbnail","6":"product_cat-kaikki","7":"product_cat-astiat-2","8":"product_cat-koti-2","9":"product_tag-aamiaislautanen","10":"product_tag-aamiaissetti","11":"product_tag-aarikka","12":"product_tag-aarikkallu","13":"product_tag-kit00218","14":"product_tag-lautanen","15":"product_tag-muki","16":"product_tag-setti","18":"first","19":"outofstock","20":"sold-individually","21":"taxable","22":"shipping-taxable","23":"purchasable","24":"product-type-simple"},"yoast_head":"<!-- This site is optimized with the Yoast SEO plugin v27.1.1 - https:\/\/yoast.com\/product\/yoast-seo-wordpress\/ -->\n<title>AARIKKA ALLU-MUKI JA LAUTANEN - Goodwill-verkkokauppa<\/title>\n<meta name=\"description\" content=\"Aarikan Allu muki ja -lautanen. Valkoiset keraamiset astiat Aarikan Allu ankka kuviolla. Tuotteet myyd\u00e4\u00e4n settin\u00e4. Lautasessa lohkeama.\" \/>\n<meta name=\"robots\" content=\"index, follow, max-snippet:-1, max-image-preview:large, max-video-preview:-1\" \/>\n<link rel=\"canonical\" href=\"https:\/\/goodwill.fi\/kauppa\/tuote\/aarikka-allu-muki-ja-lautanen\/\" \/>\n<meta property=\"og:locale\" content=\"fi_FI\" \/>\n<meta property=\"og:type\" content=\"article\" \/>\n<meta property=\"og:title\" content=\"AARIKKA ALLU-MUKI JA LAUTANEN - Goodwill-verkkokauppa\" \/>\n<meta property=\"og:description\" content=\"Aarikan Allu muki ja -lautanen. Valkoiset keraamiset astiat Aarikan Allu ankka kuviolla. Tuotteet myyd\u00e4\u00e4n settin\u00e4. Lautasessa lohkeama.\" \/>\n<meta property=\"og:url\" content=\"https:\/\/goodwill.fi\/kauppa\/tuote\/aarikka-allu-muki-ja-lautanen\/\" \/>\n<meta property=\"og:site_name\" content=\"Goodwill-verkkokauppa\" \/>\n<meta property=\"article:modified_time\" content=\"2024-11-25T20:59:33+00:00\" \/>\n<meta property=\"og:image\" content=\"https:\/\/goodwill.fi\/kauppa\/wp-content\/uploads\/2024\/02\/Aarikka-Allu-scaled.jpg\" \/>\n\t<meta property=\"og:image:width\" content=\"2325\" \/>\n\t<meta property=\"og:image:height\" content=\"2560\" \/>\n\t<meta property=\"og:image:type\" content=\"image\/jpeg\" \/>\n<meta name=\"twitter:card\" content=\"summary_large_image\" \/>\n<meta name=\"twitter:label1\" content=\"Arvioitu lukuaika\" \/>\n\t<meta name=\"twitter:data1\" content=\"1 minuutti\" \/>\n<script type=\"application\/ld+json\" class=\"yoast-schema-graph\">{\"@context\":\"https:\/\/schema.org\",\"@graph\":[{\"@type\":\"WebPage\",\"@id\":\"https:\/\/goodwill.fi\/kauppa\/tuote\/aarikka-allu-muki-ja-lautanen\/\",\"url\":\"https:\/\/goodwill.fi\/kauppa\/tuote\/aarikka-allu-muki-ja-lautanen\/\",\"name\":\"AARIKKA ALLU-MUKI JA LAUTANEN - Goodwill-verkkokauppa\",\"isPartOf\":{\"@id\":\"https:\/\/goodwill.fi\/kauppa\/#website\"},\"primaryImageOfPage\":{\"@id\":\"https:\/\/goodwill.fi\/kauppa\/tuote\/aarikka-allu-muki-ja-lautanen\/#primaryimage\"},\"image\":{\"@id\":\"https:\/\/goodwill.fi\/kauppa\/tuote\/aarikka-allu-muki-ja-lautanen\/#primaryimage\"},\"thumbnailUrl\":\"https:\/\/goodwill.fi\/kauppa\/wp-content\/uploads\/2024\/02\/Aarikka-Allu-scaled.jpg\",\"datePublished\":\"2024-05-07T10:39:47+00:00\",\"dateModified\":\"2024-11-25T20:59:33+00:00\",\"description\":\"Aarikan Allu muki ja -lautanen. Valkoiset keraamiset astiat Aarikan Allu ankka kuviolla. Tuotteet myyd\u00e4\u00e4n settin\u00e4. Lautasessa lohkeama.\",\"breadcrumb\":{\"@id\":\"https:\/\/goodwill.fi\/kauppa\/tuote\/aarikka-allu-muki-ja-lautanen\/#breadcrumb\"},\"inLanguage\":\"fi\",\"potentialAction\":[{\"@type\":\"ReadAction\",\"target\":[\"https:\/\/goodwill.fi\/kauppa\/tuote\/aarikka-allu-muki-ja-lautanen\/\"]}]},{\"@type\":\"ImageObject\",\"inLanguage\":\"fi\",\"@id\":\"https:\/\/goodwill.fi\/kauppa\/tuote\/aarikka-allu-muki-ja-lautanen\/#primaryimage\",\"url\":\"https:\/\/goodwill.fi\/kauppa\/wp-content\/uploads\/2024\/02\/Aarikka-Allu-scaled.jpg\",\"contentUrl\":\"https:\/\/goodwill.fi\/kauppa\/wp-content\/uploads\/2024\/02\/Aarikka-Allu-scaled.jpg\",\"width\":2325,\"height\":2560},{\"@type\":\"BreadcrumbList\",\"@id\":\"https:\/\/goodwill.fi\/kauppa\/tuote\/aarikka-allu-muki-ja-lautanen\/#breadcrumb\",\"itemListElement\":[{\"@type\":\"ListItem\",\"position\":1,\"name\":\"Home\",\"item\":\"https:\/\/goodwill.fi\/kauppa\/\"},{\"@type\":\"ListItem\",\"position\":2,\"name\":\"Shop\",\"item\":\"https:\/\/goodwill.fi\/kauppa\/shop\/\"},{\"@type\":\"ListItem\",\"position\":3,\"name\":\"AARIKKA ALLU-MUKI JA LAUTANEN\"}]},{\"@type\":\"WebSite\",\"@id\":\"https:\/\/goodwill.fi\/kauppa\/#website\",\"url\":\"https:\/\/goodwill.fi\/kauppa\/\",\"name\":\"Goodwill-verkkokauppa\",\"description\":\"Kierr\u00e4tysmyym\u00e4l\u00e4 verkossa\",\"publisher\":{\"@id\":\"https:\/\/goodwill.fi\/kauppa\/#organization\"},\"potentialAction\":[{\"@type\":\"SearchAction\",\"target\":{\"@type\":\"EntryPoint\",\"urlTemplate\":\"https:\/\/goodwill.fi\/kauppa\/?s={search_term_string}\"},\"query-input\":{\"@type\":\"PropertyValueSpecification\",\"valueRequired\":true,\"valueName\":\"search_term_string\"}}],\"inLanguage\":\"fi\"},{\"@type\":\"Organization\",\"@id\":\"https:\/\/goodwill.fi\/kauppa\/#organization\",\"name\":\"Goodwill-verkkokauppa\",\"url\":\"https:\/\/goodwill.fi\/kauppa\/\",\"logo\":{\"@type\":\"ImageObject\",\"inLanguage\":\"fi\",\"@id\":\"https:\/\/goodwill.fi\/kauppa\/#\/schema\/logo\/image\/\",\"url\":\"https:\/\/goodwill.fi\/kauppa\/wp-content\/uploads\/2021\/02\/cropped-logo_gw_store-723x211-1.png\",\"contentUrl\":\"https:\/\/goodwill.fi\/kauppa\/wp-content\/uploads\/2021\/02\/cropped-logo_gw_store-723x211-1.png\",\"width\":723,\"height\":207,\"caption\":\"Goodwill-verkkokauppa\"},\"image\":{\"@id\":\"https:\/\/goodwill.fi\/kauppa\/#\/schema\/logo\/image\/\"}}]}<\/script>\n<!-- \/ Yoast SEO plugin. -->","yoast_head_json":{"title":"AARIKKA ALLU-MUKI JA LAUTANEN - Goodwill-verkkokauppa","description":"Aarikan Allu muki ja -lautanen. Valkoiset keraamiset astiat Aarikan Allu ankka kuviolla. Tuotteet myyd\u00e4\u00e4n settin\u00e4. Lautasessa lohkeama.","robots":{"index":"index","follow":"follow","max-snippet":"max-snippet:-1","max-image-preview":"max-image-preview:large","max-video-preview":"max-video-preview:-1"},"canonical":"https:\/\/goodwill.fi\/kauppa\/tuote\/aarikka-allu-muki-ja-lautanen\/","og_locale":"fi_FI","og_type":"article","og_title":"AARIKKA ALLU-MUKI JA LAUTANEN - Goodwill-verkkokauppa","og_description":"Aarikan Allu muki ja -lautanen. Valkoiset keraamiset astiat Aarikan Allu ankka kuviolla. Tuotteet myyd\u00e4\u00e4n settin\u00e4. Lautasessa lohkeama.","og_url":"https:\/\/goodwill.fi\/kauppa\/tuote\/aarikka-allu-muki-ja-lautanen\/","og_site_name":"Goodwill-verkkokauppa","article_modified_time":"2024-11-25T20:59:33+00:00","og_image":[{"width":2325,"height":2560,"url":"https:\/\/goodwill.fi\/kauppa\/wp-content\/uploads\/2024\/02\/Aarikka-Allu-scaled.jpg","type":"image\/jpeg"}],"twitter_card":"summary_large_image","twitter_misc":{"Arvioitu lukuaika":"1 minuutti"},"schema":{"@context":"https:\/\/schema.org","@graph":[{"@type":"WebPage","@id":"https:\/\/goodwill.fi\/kauppa\/tuote\/aarikka-allu-muki-ja-lautanen\/","url":"https:\/\/goodwill.fi\/kauppa\/tuote\/aarikka-allu-muki-ja-lautanen\/","name":"AARIKKA ALLU-MUKI JA LAUTANEN - Goodwill-verkkokauppa","isPartOf":{"@id":"https:\/\/goodwill.fi\/kauppa\/#website"},"primaryImageOfPage":{"@id":"https:\/\/goodwill.fi\/kauppa\/tuote\/aarikka-allu-muki-ja-lautanen\/#primaryimage"},"image":{"@id":"https:\/\/goodwill.fi\/kauppa\/tuote\/aarikka-allu-muki-ja-lautanen\/#primaryimage"},"thumbnailUrl":"https:\/\/goodwill.fi\/kauppa\/wp-content\/uploads\/2024\/02\/Aarikka-Allu-scaled.jpg","datePublished":"2024-05-07T10:39:47+00:00","dateModified":"2024-11-25T20:59:33+00:00","description":"Aarikan Allu muki ja -lautanen. Valkoiset keraamiset astiat Aarikan Allu ankka kuviolla. Tuotteet myyd\u00e4\u00e4n settin\u00e4. Lautasessa lohkeama.","breadcrumb":{"@id":"https:\/\/goodwill.fi\/kauppa\/tuote\/aarikka-allu-muki-ja-lautanen\/#breadcrumb"},"inLanguage":"fi","potentialAction":[{"@type":"ReadAction","target":["https:\/\/goodwill.fi\/kauppa\/tuote\/aarikka-allu-muki-ja-lautanen\/"]}]},{"@type":"ImageObject","inLanguage":"fi","@id":"https:\/\/goodwill.fi\/kauppa\/tuote\/aarikka-allu-muki-ja-lautanen\/#primaryimage","url":"https:\/\/goodwill.fi\/kauppa\/wp-content\/uploads\/2024\/02\/Aarikka-Allu-scaled.jpg","contentUrl":"https:\/\/goodwill.fi\/kauppa\/wp-content\/uploads\/2024\/02\/Aarikka-Allu-scaled.jpg","width":2325,"height":2560},{"@type":"BreadcrumbList","@id":"https:\/\/goodwill.fi\/kauppa\/tuote\/aarikka-allu-muki-ja-lautanen\/#breadcrumb","itemListElement":[{"@type":"ListItem","position":1,"name":"Home","item":"https:\/\/goodwill.fi\/kauppa\/"},{"@type":"ListItem","position":2,"name":"Shop","item":"https:\/\/goodwill.fi\/kauppa\/shop\/"},{"@type":"ListItem","position":3,"name":"AARIKKA ALLU-MUKI JA LAUTANEN"}]},{"@type":"WebSite","@id":"https:\/\/goodwill.fi\/kauppa\/#website","url":"https:\/\/goodwill.fi\/kauppa\/","name":"Goodwill-verkkokauppa","description":"Kierr\u00e4tysmyym\u00e4l\u00e4 verkossa","publisher":{"@id":"https:\/\/goodwill.fi\/kauppa\/#organization"},"potentialAction":[{"@type":"SearchAction","target":{"@type":"EntryPoint","urlTemplate":"https:\/\/goodwill.fi\/kauppa\/?s={search_term_string}"},"query-input":{"@type":"PropertyValueSpecification","valueRequired":true,"valueName":"search_term_string"}}],"inLanguage":"fi"},{"@type":"Organization","@id":"https:\/\/goodwill.fi\/kauppa\/#organization","name":"Goodwill-verkkokauppa","url":"https:\/\/goodwill.fi\/kauppa\/","logo":{"@type":"ImageObject","inLanguage":"fi","@id":"https:\/\/goodwill.fi\/kauppa\/#\/schema\/logo\/image\/","url":"https:\/\/goodwill.fi\/kauppa\/wp-content\/uploads\/2021\/02\/cropped-logo_gw_store-723x211-1.png","contentUrl":"https:\/\/goodwill.fi\/kauppa\/wp-content\/uploads\/2021\/02\/cropped-logo_gw_store-723x211-1.png","width":723,"height":207,"caption":"Goodwill-verkkokauppa"},"image":{"@id":"https:\/\/goodwill.fi\/kauppa\/#\/schema\/logo\/image\/"}}]}},"_links":{"self":[{"href":"https:\/\/goodwill.fi\/kauppa\/wp-json\/wp\/v2\/product\/21205","targetHints":{"allow":["GET"]}}],"collection":[{"href":"https:\/\/goodwill.fi\/kauppa\/wp-json\/wp\/v2\/product"}],"about":[{"href":"https:\/\/goodwill.fi\/kauppa\/wp-json\/wp\/v2\/types\/product"}],"replies":[{"embeddable":true,"href":"https:\/\/goodwill.fi\/kauppa\/wp-json\/wp\/v2\/comments?post=21205"}],"wp:featuredmedia":[{"embeddable":true,"href":"https:\/\/goodwill.fi\/kauppa\/wp-json\/wp\/v2\/media\/21206"}],"wp:attachment":[{"href":"https:\/\/goodwill.fi\/kauppa\/wp-json\/wp\/v2\/media?parent=21205"}],"wp:term":[{"taxonomy":"product_brand","embeddable":true,"href":"https:\/\/goodwill.fi\/kauppa\/wp-json\/wp\/v2\/product_brand?post=21205"},{"taxonomy":"product_cat","embeddable":true,"href":"https:\/\/goodwill.fi\/kauppa\/wp-json\/wp\/v2\/product_cat?post=21205"},{"taxonomy":"product_tag","embeddable":true,"href":"https:\/\/goodwill.fi\/kauppa\/wp-json\/wp\/v2\/product_tag?post=21205"}],"curies":[{"name":"wp","href":"https:\/\/api.w.org\/{rel}","templated":true}]}}