{"id":2043,"date":"2024-09-20T08:00:03","date_gmt":"2024-09-20T05:00:03","guid":{"rendered":"https:\/\/goodwill.mauri.loopy.fi\/?post_type=product&#038;p=2043"},"modified":"2024-11-25T02:06:31","modified_gmt":"2024-11-25T00:06:31","slug":"iittala-alvar-aalto-tuikkukippo-siniharmaa","status":"publish","type":"product","link":"https:\/\/goodwill.fi\/kauppa\/tuote\/iittala-alvar-aalto-tuikkukippo-siniharmaa\/","title":{"rendered":"IITTALA AALTO MALJA, SINIHARMAA"},"content":{"rendered":"<p style=\"margin: 0cm 0cm 6.4pt 0cm\">Suunnittelija: Alvar Aalto<br \/>\nValmistaja: Iittala<br \/>\nValmistusvuosi: 2000-luku<br \/>\nMitat: korkeus 4 cm, pituus 13.5 cm, leveys 11.5 cm, paino noin 300 g<br \/>\nV\u00e4ri: siniharmaa<br \/>\nMateriaali: puristelasi<br \/>\nKunto: k\u00e4ytetty, hieman k\u00e4yt\u00f6n j\u00e4lki\u00e4, leimatarralla<\/p>\n","protected":false},"excerpt":{"rendered":"<p>Suunnittelija: Alvar Aalto Valmistaja: Iittala Valmistusvuosi: 2000-luku Mitat: korkeus 4 cm, pituus 13.5 cm, leveys 11.5 cm, paino noin 300 g V\u00e4ri: siniharmaa Materiaali: puristelasi Kunto: k\u00e4ytetty, hieman k\u00e4yt\u00f6n j\u00e4lki\u00e4, leimatarralla<\/p>\n","protected":false},"featured_media":2044,"comment_status":"open","ping_status":"closed","template":"","meta":[],"product_brand":[],"product_cat":[159,166,146,154,5965],"product_tag":[589,1980,226,8371,618,1981,231,322],"class_list":{"0":"post-2043","1":"product","2":"type-product","3":"status-publish","4":"has-post-thumbnail","6":"product_cat-kaikki","7":"product_cat-astiat-2","8":"product_cat-koti-2","9":"product_cat-sisustus-2","10":"product_cat-ale","11":"product_tag-aalto","12":"product_tag-alvar-aalto","13":"product_tag-iittala","14":"product_tag-kot03002","15":"product_tag-malja","16":"product_tag-siniharmaa","17":"product_tag-sininen","18":"product_tag-tuikkukippo","20":"first","21":"outofstock","22":"sale","23":"taxable","24":"shipping-taxable","25":"purchasable","26":"product-type-simple"},"yoast_head":"<!-- This site is optimized with the Yoast SEO plugin v27.1.1 - https:\/\/yoast.com\/product\/yoast-seo-wordpress\/ -->\n<title>Iittala, Alvar Aalto, tuikkukippo, siniharmaa<\/title>\n<meta name=\"description\" content=\"Alvar Aallon suunnittelema Iittalan pieni Aalto-malja Suunnittelija: Alvar Aalto Valmistaja: Iittala Valmistusvuosi: 2000-luku Mitat: Korkeus 4 cm, pituus 13,5 cm, leveys 11,5 cm, paino n. 300 g\" \/>\n<meta name=\"robots\" content=\"index, follow, max-snippet:-1, max-image-preview:large, max-video-preview:-1\" \/>\n<link rel=\"canonical\" href=\"https:\/\/goodwill.fi\/kauppa\/tuote\/iittala-alvar-aalto-tuikkukippo-siniharmaa\/\" \/>\n<meta property=\"og:locale\" content=\"fi_FI\" \/>\n<meta property=\"og:type\" content=\"article\" \/>\n<meta property=\"og:title\" content=\"Iittala, Alvar Aalto, tuikkukippo, siniharmaa\" \/>\n<meta property=\"og:description\" content=\"Alvar Aallon suunnittelema Iittalan pieni Aalto-malja Suunnittelija: Alvar Aalto Valmistaja: Iittala Valmistusvuosi: 2000-luku Mitat: Korkeus 4 cm, pituus 13,5 cm, leveys 11,5 cm, paino n. 300 g\" \/>\n<meta property=\"og:url\" content=\"https:\/\/goodwill.fi\/kauppa\/tuote\/iittala-alvar-aalto-tuikkukippo-siniharmaa\/\" \/>\n<meta property=\"og:site_name\" content=\"Goodwill-verkkokauppa\" \/>\n<meta property=\"article:modified_time\" content=\"2024-11-25T00:06:31+00:00\" \/>\n<meta property=\"og:image\" content=\"https:\/\/goodwill.fi\/kauppa\/wp-content\/uploads\/2020\/06\/products-IMG_5054-scaled.jpg\" \/>\n\t<meta property=\"og:image:width\" content=\"2560\" \/>\n\t<meta property=\"og:image:height\" content=\"1707\" \/>\n\t<meta property=\"og:image:type\" content=\"image\/jpeg\" \/>\n<meta name=\"twitter:card\" content=\"summary_large_image\" \/>\n<meta name=\"twitter:label1\" content=\"Arvioitu lukuaika\" \/>\n\t<meta name=\"twitter:data1\" content=\"1 minuutti\" \/>\n<script type=\"application\/ld+json\" class=\"yoast-schema-graph\">{\"@context\":\"https:\/\/schema.org\",\"@graph\":[{\"@type\":\"WebPage\",\"@id\":\"https:\/\/goodwill.fi\/kauppa\/tuote\/iittala-alvar-aalto-tuikkukippo-siniharmaa\/\",\"url\":\"https:\/\/goodwill.fi\/kauppa\/tuote\/iittala-alvar-aalto-tuikkukippo-siniharmaa\/\",\"name\":\"Iittala, Alvar Aalto, tuikkukippo, siniharmaa\",\"isPartOf\":{\"@id\":\"https:\/\/goodwill.fi\/kauppa\/#website\"},\"primaryImageOfPage\":{\"@id\":\"https:\/\/goodwill.fi\/kauppa\/tuote\/iittala-alvar-aalto-tuikkukippo-siniharmaa\/#primaryimage\"},\"image\":{\"@id\":\"https:\/\/goodwill.fi\/kauppa\/tuote\/iittala-alvar-aalto-tuikkukippo-siniharmaa\/#primaryimage\"},\"thumbnailUrl\":\"https:\/\/goodwill.fi\/kauppa\/wp-content\/uploads\/2020\/06\/products-IMG_5054-scaled.jpg\",\"datePublished\":\"2024-09-20T05:00:03+00:00\",\"dateModified\":\"2024-11-25T00:06:31+00:00\",\"description\":\"Alvar Aallon suunnittelema Iittalan pieni Aalto-malja Suunnittelija: Alvar Aalto Valmistaja: Iittala Valmistusvuosi: 2000-luku Mitat: Korkeus 4 cm, pituus 13,5 cm, leveys 11,5 cm, paino n. 300 g\",\"breadcrumb\":{\"@id\":\"https:\/\/goodwill.fi\/kauppa\/tuote\/iittala-alvar-aalto-tuikkukippo-siniharmaa\/#breadcrumb\"},\"inLanguage\":\"fi\",\"potentialAction\":[{\"@type\":\"ReadAction\",\"target\":[\"https:\/\/goodwill.fi\/kauppa\/tuote\/iittala-alvar-aalto-tuikkukippo-siniharmaa\/\"]}]},{\"@type\":\"ImageObject\",\"inLanguage\":\"fi\",\"@id\":\"https:\/\/goodwill.fi\/kauppa\/tuote\/iittala-alvar-aalto-tuikkukippo-siniharmaa\/#primaryimage\",\"url\":\"https:\/\/goodwill.fi\/kauppa\/wp-content\/uploads\/2020\/06\/products-IMG_5054-scaled.jpg\",\"contentUrl\":\"https:\/\/goodwill.fi\/kauppa\/wp-content\/uploads\/2020\/06\/products-IMG_5054-scaled.jpg\",\"width\":2560,\"height\":1707,\"caption\":\"IITTALA ALVAR AALTO TUIKKUKIPPO SINIHARMAA\"},{\"@type\":\"BreadcrumbList\",\"@id\":\"https:\/\/goodwill.fi\/kauppa\/tuote\/iittala-alvar-aalto-tuikkukippo-siniharmaa\/#breadcrumb\",\"itemListElement\":[{\"@type\":\"ListItem\",\"position\":1,\"name\":\"Home\",\"item\":\"https:\/\/goodwill.fi\/kauppa\/\"},{\"@type\":\"ListItem\",\"position\":2,\"name\":\"Shop\",\"item\":\"https:\/\/goodwill.fi\/kauppa\/shop\/\"},{\"@type\":\"ListItem\",\"position\":3,\"name\":\"IITTALA AALTO MALJA, SINIHARMAA\"}]},{\"@type\":\"WebSite\",\"@id\":\"https:\/\/goodwill.fi\/kauppa\/#website\",\"url\":\"https:\/\/goodwill.fi\/kauppa\/\",\"name\":\"Goodwill-verkkokauppa\",\"description\":\"Kierr\u00e4tysmyym\u00e4l\u00e4 verkossa\",\"publisher\":{\"@id\":\"https:\/\/goodwill.fi\/kauppa\/#organization\"},\"potentialAction\":[{\"@type\":\"SearchAction\",\"target\":{\"@type\":\"EntryPoint\",\"urlTemplate\":\"https:\/\/goodwill.fi\/kauppa\/?s={search_term_string}\"},\"query-input\":{\"@type\":\"PropertyValueSpecification\",\"valueRequired\":true,\"valueName\":\"search_term_string\"}}],\"inLanguage\":\"fi\"},{\"@type\":\"Organization\",\"@id\":\"https:\/\/goodwill.fi\/kauppa\/#organization\",\"name\":\"Goodwill-verkkokauppa\",\"url\":\"https:\/\/goodwill.fi\/kauppa\/\",\"logo\":{\"@type\":\"ImageObject\",\"inLanguage\":\"fi\",\"@id\":\"https:\/\/goodwill.fi\/kauppa\/#\/schema\/logo\/image\/\",\"url\":\"https:\/\/goodwill.fi\/kauppa\/wp-content\/uploads\/2021\/02\/cropped-logo_gw_store-723x211-1.png\",\"contentUrl\":\"https:\/\/goodwill.fi\/kauppa\/wp-content\/uploads\/2021\/02\/cropped-logo_gw_store-723x211-1.png\",\"width\":723,\"height\":207,\"caption\":\"Goodwill-verkkokauppa\"},\"image\":{\"@id\":\"https:\/\/goodwill.fi\/kauppa\/#\/schema\/logo\/image\/\"}}]}<\/script>\n<!-- \/ Yoast SEO plugin. -->","yoast_head_json":{"title":"Iittala, Alvar Aalto, tuikkukippo, siniharmaa","description":"Alvar Aallon suunnittelema Iittalan pieni Aalto-malja Suunnittelija: Alvar Aalto Valmistaja: Iittala Valmistusvuosi: 2000-luku Mitat: Korkeus 4 cm, pituus 13,5 cm, leveys 11,5 cm, paino n. 300 g","robots":{"index":"index","follow":"follow","max-snippet":"max-snippet:-1","max-image-preview":"max-image-preview:large","max-video-preview":"max-video-preview:-1"},"canonical":"https:\/\/goodwill.fi\/kauppa\/tuote\/iittala-alvar-aalto-tuikkukippo-siniharmaa\/","og_locale":"fi_FI","og_type":"article","og_title":"Iittala, Alvar Aalto, tuikkukippo, siniharmaa","og_description":"Alvar Aallon suunnittelema Iittalan pieni Aalto-malja Suunnittelija: Alvar Aalto Valmistaja: Iittala Valmistusvuosi: 2000-luku Mitat: Korkeus 4 cm, pituus 13,5 cm, leveys 11,5 cm, paino n. 300 g","og_url":"https:\/\/goodwill.fi\/kauppa\/tuote\/iittala-alvar-aalto-tuikkukippo-siniharmaa\/","og_site_name":"Goodwill-verkkokauppa","article_modified_time":"2024-11-25T00:06:31+00:00","og_image":[{"width":2560,"height":1707,"url":"https:\/\/goodwill.fi\/kauppa\/wp-content\/uploads\/2020\/06\/products-IMG_5054-scaled.jpg","type":"image\/jpeg"}],"twitter_card":"summary_large_image","twitter_misc":{"Arvioitu lukuaika":"1 minuutti"},"schema":{"@context":"https:\/\/schema.org","@graph":[{"@type":"WebPage","@id":"https:\/\/goodwill.fi\/kauppa\/tuote\/iittala-alvar-aalto-tuikkukippo-siniharmaa\/","url":"https:\/\/goodwill.fi\/kauppa\/tuote\/iittala-alvar-aalto-tuikkukippo-siniharmaa\/","name":"Iittala, Alvar Aalto, tuikkukippo, siniharmaa","isPartOf":{"@id":"https:\/\/goodwill.fi\/kauppa\/#website"},"primaryImageOfPage":{"@id":"https:\/\/goodwill.fi\/kauppa\/tuote\/iittala-alvar-aalto-tuikkukippo-siniharmaa\/#primaryimage"},"image":{"@id":"https:\/\/goodwill.fi\/kauppa\/tuote\/iittala-alvar-aalto-tuikkukippo-siniharmaa\/#primaryimage"},"thumbnailUrl":"https:\/\/goodwill.fi\/kauppa\/wp-content\/uploads\/2020\/06\/products-IMG_5054-scaled.jpg","datePublished":"2024-09-20T05:00:03+00:00","dateModified":"2024-11-25T00:06:31+00:00","description":"Alvar Aallon suunnittelema Iittalan pieni Aalto-malja Suunnittelija: Alvar Aalto Valmistaja: Iittala Valmistusvuosi: 2000-luku Mitat: Korkeus 4 cm, pituus 13,5 cm, leveys 11,5 cm, paino n. 300 g","breadcrumb":{"@id":"https:\/\/goodwill.fi\/kauppa\/tuote\/iittala-alvar-aalto-tuikkukippo-siniharmaa\/#breadcrumb"},"inLanguage":"fi","potentialAction":[{"@type":"ReadAction","target":["https:\/\/goodwill.fi\/kauppa\/tuote\/iittala-alvar-aalto-tuikkukippo-siniharmaa\/"]}]},{"@type":"ImageObject","inLanguage":"fi","@id":"https:\/\/goodwill.fi\/kauppa\/tuote\/iittala-alvar-aalto-tuikkukippo-siniharmaa\/#primaryimage","url":"https:\/\/goodwill.fi\/kauppa\/wp-content\/uploads\/2020\/06\/products-IMG_5054-scaled.jpg","contentUrl":"https:\/\/goodwill.fi\/kauppa\/wp-content\/uploads\/2020\/06\/products-IMG_5054-scaled.jpg","width":2560,"height":1707,"caption":"IITTALA ALVAR AALTO TUIKKUKIPPO SINIHARMAA"},{"@type":"BreadcrumbList","@id":"https:\/\/goodwill.fi\/kauppa\/tuote\/iittala-alvar-aalto-tuikkukippo-siniharmaa\/#breadcrumb","itemListElement":[{"@type":"ListItem","position":1,"name":"Home","item":"https:\/\/goodwill.fi\/kauppa\/"},{"@type":"ListItem","position":2,"name":"Shop","item":"https:\/\/goodwill.fi\/kauppa\/shop\/"},{"@type":"ListItem","position":3,"name":"IITTALA AALTO MALJA, SINIHARMAA"}]},{"@type":"WebSite","@id":"https:\/\/goodwill.fi\/kauppa\/#website","url":"https:\/\/goodwill.fi\/kauppa\/","name":"Goodwill-verkkokauppa","description":"Kierr\u00e4tysmyym\u00e4l\u00e4 verkossa","publisher":{"@id":"https:\/\/goodwill.fi\/kauppa\/#organization"},"potentialAction":[{"@type":"SearchAction","target":{"@type":"EntryPoint","urlTemplate":"https:\/\/goodwill.fi\/kauppa\/?s={search_term_string}"},"query-input":{"@type":"PropertyValueSpecification","valueRequired":true,"valueName":"search_term_string"}}],"inLanguage":"fi"},{"@type":"Organization","@id":"https:\/\/goodwill.fi\/kauppa\/#organization","name":"Goodwill-verkkokauppa","url":"https:\/\/goodwill.fi\/kauppa\/","logo":{"@type":"ImageObject","inLanguage":"fi","@id":"https:\/\/goodwill.fi\/kauppa\/#\/schema\/logo\/image\/","url":"https:\/\/goodwill.fi\/kauppa\/wp-content\/uploads\/2021\/02\/cropped-logo_gw_store-723x211-1.png","contentUrl":"https:\/\/goodwill.fi\/kauppa\/wp-content\/uploads\/2021\/02\/cropped-logo_gw_store-723x211-1.png","width":723,"height":207,"caption":"Goodwill-verkkokauppa"},"image":{"@id":"https:\/\/goodwill.fi\/kauppa\/#\/schema\/logo\/image\/"}}]}},"_links":{"self":[{"href":"https:\/\/goodwill.fi\/kauppa\/wp-json\/wp\/v2\/product\/2043","targetHints":{"allow":["GET"]}}],"collection":[{"href":"https:\/\/goodwill.fi\/kauppa\/wp-json\/wp\/v2\/product"}],"about":[{"href":"https:\/\/goodwill.fi\/kauppa\/wp-json\/wp\/v2\/types\/product"}],"replies":[{"embeddable":true,"href":"https:\/\/goodwill.fi\/kauppa\/wp-json\/wp\/v2\/comments?post=2043"}],"wp:featuredmedia":[{"embeddable":true,"href":"https:\/\/goodwill.fi\/kauppa\/wp-json\/wp\/v2\/media\/2044"}],"wp:attachment":[{"href":"https:\/\/goodwill.fi\/kauppa\/wp-json\/wp\/v2\/media?parent=2043"}],"wp:term":[{"taxonomy":"product_brand","embeddable":true,"href":"https:\/\/goodwill.fi\/kauppa\/wp-json\/wp\/v2\/product_brand?post=2043"},{"taxonomy":"product_cat","embeddable":true,"href":"https:\/\/goodwill.fi\/kauppa\/wp-json\/wp\/v2\/product_cat?post=2043"},{"taxonomy":"product_tag","embeddable":true,"href":"https:\/\/goodwill.fi\/kauppa\/wp-json\/wp\/v2\/product_tag?post=2043"}],"curies":[{"name":"wp","href":"https:\/\/api.w.org\/{rel}","templated":true}]}}