{"id":17948,"date":"2024-03-06T09:50:12","date_gmt":"2024-03-06T07:50:12","guid":{"rendered":"https:\/\/goodwill.fi\/kauppa\/?post_type=product&#038;p=17948"},"modified":"2024-05-21T10:08:57","modified_gmt":"2024-05-21T07:08:57","slug":"karhulan-lasi-oy-lasimalja-1930-luvulta-meripihkan-varinen-vanha-lasi-malja","status":"publish","type":"product","link":"https:\/\/goodwill.fi\/kauppa\/tuote\/karhulan-lasi-oy-lasimalja-1930-luvulta-meripihkan-varinen-vanha-lasi-malja\/","title":{"rendered":"KARHULAN LASI OY LASIMALJA"},"content":{"rendered":"<p>Suunnittelija: ei tiedossa<br \/>\nValmistaja: Karhulan Lasi Oy<br \/>\nValmistusvuosi: 1930-luvulta<br \/>\nMitat: korkeus 8,8 cm, halkaisija 16 cm, paino 574 g<br \/>\nV\u00e4ri: meripihka<br \/>\nMateriaali: lasi<br \/>\nKunto: k\u00e4ytetty, pieni\u00e4 naarmuja<br \/>\nHuom: tuotteet myyd\u00e4\u00e4n kappaleittain<\/p>\n","protected":false},"excerpt":{"rendered":"<p>Suunnittelija: ei tiedossa Valmistaja: Karhulan Lasi Oy Valmistusvuosi: 1930-luvulta Mitat: korkeus 8,8 cm, halkaisija 16 cm, paino 574 g V\u00e4ri: meripihka Materiaali: lasi Kunto: k\u00e4ytetty, pieni\u00e4 naarmuja Huom: tuotteet myyd\u00e4\u00e4n kappaleittain<\/p>\n","protected":false},"featured_media":17949,"comment_status":"open","ping_status":"closed","template":"","meta":[],"product_brand":[],"product_cat":[166,180,184,146,154,5965],"product_tag":[1977,1404,2429,2665,1915,1408,1476,8001,460,3508,678],"class_list":{"0":"post-17948","1":"product","2":"type-product","3":"status-publish","4":"has-post-thumbnail","6":"product_cat-astiat-2","7":"product_cat-keraily-2","8":"product_cat-muu-keraily-2","9":"product_cat-koti-2","10":"product_cat-sisustus-2","11":"product_cat-ale","12":"product_tag-antiikki-3","13":"product_tag-astiat-3","14":"product_tag-jalallinen-lasimalja","15":"product_tag-jalkiruoka-tarjoilukulho","16":"product_tag-karhulan-lasi","17":"product_tag-keraily-3","18":"product_tag-lasikulho","19":"product_tag-par00004","20":"product_tag-sisustus-3","21":"product_tag-tarjoilu","22":"product_tag-tarjoilukulho","24":"first","25":"outofstock","26":"sale","27":"taxable","28":"shipping-taxable","29":"purchasable","30":"product-type-simple"},"yoast_head":"<!-- This site is optimized with the Yoast SEO plugin v27.1.1 - https:\/\/yoast.com\/product\/yoast-seo-wordpress\/ -->\n<title>KARHULAN LASI OY LASIMALJA - Goodwill-verkkokauppa<\/title>\n<meta name=\"description\" content=\"karhulan lasi oy, lasikulho, lasimalja, vanha lasi malja , tarjoilu kulho, ker\u00e4ily, antiikki, astia, koti, sisustus, 1930-luku,\" \/>\n<meta name=\"robots\" content=\"index, follow, max-snippet:-1, max-image-preview:large, max-video-preview:-1\" \/>\n<link rel=\"canonical\" href=\"https:\/\/goodwill.fi\/kauppa\/tuote\/karhulan-lasi-oy-lasimalja-1930-luvulta-meripihkan-varinen-vanha-lasi-malja\/\" \/>\n<meta property=\"og:locale\" content=\"fi_FI\" \/>\n<meta property=\"og:type\" content=\"article\" \/>\n<meta property=\"og:title\" content=\"KARHULAN LASI OY LASIMALJA - Goodwill-verkkokauppa\" \/>\n<meta property=\"og:description\" content=\"karhulan lasi oy, lasikulho, lasimalja, vanha lasi malja , tarjoilu kulho, ker\u00e4ily, antiikki, astia, koti, sisustus, 1930-luku,\" \/>\n<meta property=\"og:url\" content=\"https:\/\/goodwill.fi\/kauppa\/tuote\/karhulan-lasi-oy-lasimalja-1930-luvulta-meripihkan-varinen-vanha-lasi-malja\/\" \/>\n<meta property=\"og:site_name\" content=\"Goodwill-verkkokauppa\" \/>\n<meta property=\"article:modified_time\" content=\"2024-05-21T07:08:57+00:00\" \/>\n<meta property=\"og:image\" content=\"https:\/\/goodwill.fi\/kauppa\/wp-content\/uploads\/2023\/11\/IMG_0357.jpg\" \/>\n\t<meta property=\"og:image:width\" content=\"1920\" \/>\n\t<meta property=\"og:image:height\" content=\"1280\" \/>\n\t<meta property=\"og:image:type\" content=\"image\/jpeg\" \/>\n<meta name=\"twitter:card\" content=\"summary_large_image\" \/>\n<meta name=\"twitter:label1\" content=\"Arvioitu lukuaika\" \/>\n\t<meta name=\"twitter:data1\" content=\"1 minuutti\" \/>\n<script type=\"application\/ld+json\" class=\"yoast-schema-graph\">{\"@context\":\"https:\/\/schema.org\",\"@graph\":[{\"@type\":\"WebPage\",\"@id\":\"https:\/\/goodwill.fi\/kauppa\/tuote\/karhulan-lasi-oy-lasimalja-1930-luvulta-meripihkan-varinen-vanha-lasi-malja\/\",\"url\":\"https:\/\/goodwill.fi\/kauppa\/tuote\/karhulan-lasi-oy-lasimalja-1930-luvulta-meripihkan-varinen-vanha-lasi-malja\/\",\"name\":\"KARHULAN LASI OY LASIMALJA - Goodwill-verkkokauppa\",\"isPartOf\":{\"@id\":\"https:\/\/goodwill.fi\/kauppa\/#website\"},\"primaryImageOfPage\":{\"@id\":\"https:\/\/goodwill.fi\/kauppa\/tuote\/karhulan-lasi-oy-lasimalja-1930-luvulta-meripihkan-varinen-vanha-lasi-malja\/#primaryimage\"},\"image\":{\"@id\":\"https:\/\/goodwill.fi\/kauppa\/tuote\/karhulan-lasi-oy-lasimalja-1930-luvulta-meripihkan-varinen-vanha-lasi-malja\/#primaryimage\"},\"thumbnailUrl\":\"https:\/\/goodwill.fi\/kauppa\/wp-content\/uploads\/2023\/11\/IMG_0357.jpg\",\"datePublished\":\"2024-03-06T07:50:12+00:00\",\"dateModified\":\"2024-05-21T07:08:57+00:00\",\"description\":\"karhulan lasi oy, lasikulho, lasimalja, vanha lasi malja , tarjoilu kulho, ker\u00e4ily, antiikki, astia, koti, sisustus, 1930-luku,\",\"breadcrumb\":{\"@id\":\"https:\/\/goodwill.fi\/kauppa\/tuote\/karhulan-lasi-oy-lasimalja-1930-luvulta-meripihkan-varinen-vanha-lasi-malja\/#breadcrumb\"},\"inLanguage\":\"fi\",\"potentialAction\":[{\"@type\":\"ReadAction\",\"target\":[\"https:\/\/goodwill.fi\/kauppa\/tuote\/karhulan-lasi-oy-lasimalja-1930-luvulta-meripihkan-varinen-vanha-lasi-malja\/\"]}]},{\"@type\":\"ImageObject\",\"inLanguage\":\"fi\",\"@id\":\"https:\/\/goodwill.fi\/kauppa\/tuote\/karhulan-lasi-oy-lasimalja-1930-luvulta-meripihkan-varinen-vanha-lasi-malja\/#primaryimage\",\"url\":\"https:\/\/goodwill.fi\/kauppa\/wp-content\/uploads\/2023\/11\/IMG_0357.jpg\",\"contentUrl\":\"https:\/\/goodwill.fi\/kauppa\/wp-content\/uploads\/2023\/11\/IMG_0357.jpg\",\"width\":1920,\"height\":1280},{\"@type\":\"BreadcrumbList\",\"@id\":\"https:\/\/goodwill.fi\/kauppa\/tuote\/karhulan-lasi-oy-lasimalja-1930-luvulta-meripihkan-varinen-vanha-lasi-malja\/#breadcrumb\",\"itemListElement\":[{\"@type\":\"ListItem\",\"position\":1,\"name\":\"Home\",\"item\":\"https:\/\/goodwill.fi\/kauppa\/\"},{\"@type\":\"ListItem\",\"position\":2,\"name\":\"Shop\",\"item\":\"https:\/\/goodwill.fi\/kauppa\/shop\/\"},{\"@type\":\"ListItem\",\"position\":3,\"name\":\"KARHULAN LASI OY LASIMALJA\"}]},{\"@type\":\"WebSite\",\"@id\":\"https:\/\/goodwill.fi\/kauppa\/#website\",\"url\":\"https:\/\/goodwill.fi\/kauppa\/\",\"name\":\"Goodwill-verkkokauppa\",\"description\":\"Kierr\u00e4tysmyym\u00e4l\u00e4 verkossa\",\"publisher\":{\"@id\":\"https:\/\/goodwill.fi\/kauppa\/#organization\"},\"potentialAction\":[{\"@type\":\"SearchAction\",\"target\":{\"@type\":\"EntryPoint\",\"urlTemplate\":\"https:\/\/goodwill.fi\/kauppa\/?s={search_term_string}\"},\"query-input\":{\"@type\":\"PropertyValueSpecification\",\"valueRequired\":true,\"valueName\":\"search_term_string\"}}],\"inLanguage\":\"fi\"},{\"@type\":\"Organization\",\"@id\":\"https:\/\/goodwill.fi\/kauppa\/#organization\",\"name\":\"Goodwill-verkkokauppa\",\"url\":\"https:\/\/goodwill.fi\/kauppa\/\",\"logo\":{\"@type\":\"ImageObject\",\"inLanguage\":\"fi\",\"@id\":\"https:\/\/goodwill.fi\/kauppa\/#\/schema\/logo\/image\/\",\"url\":\"https:\/\/goodwill.fi\/kauppa\/wp-content\/uploads\/2021\/02\/cropped-logo_gw_store-723x211-1.png\",\"contentUrl\":\"https:\/\/goodwill.fi\/kauppa\/wp-content\/uploads\/2021\/02\/cropped-logo_gw_store-723x211-1.png\",\"width\":723,\"height\":207,\"caption\":\"Goodwill-verkkokauppa\"},\"image\":{\"@id\":\"https:\/\/goodwill.fi\/kauppa\/#\/schema\/logo\/image\/\"}}]}<\/script>\n<!-- \/ Yoast SEO plugin. -->","yoast_head_json":{"title":"KARHULAN LASI OY LASIMALJA - Goodwill-verkkokauppa","description":"karhulan lasi oy, lasikulho, lasimalja, vanha lasi malja , tarjoilu kulho, ker\u00e4ily, antiikki, astia, koti, sisustus, 1930-luku,","robots":{"index":"index","follow":"follow","max-snippet":"max-snippet:-1","max-image-preview":"max-image-preview:large","max-video-preview":"max-video-preview:-1"},"canonical":"https:\/\/goodwill.fi\/kauppa\/tuote\/karhulan-lasi-oy-lasimalja-1930-luvulta-meripihkan-varinen-vanha-lasi-malja\/","og_locale":"fi_FI","og_type":"article","og_title":"KARHULAN LASI OY LASIMALJA - Goodwill-verkkokauppa","og_description":"karhulan lasi oy, lasikulho, lasimalja, vanha lasi malja , tarjoilu kulho, ker\u00e4ily, antiikki, astia, koti, sisustus, 1930-luku,","og_url":"https:\/\/goodwill.fi\/kauppa\/tuote\/karhulan-lasi-oy-lasimalja-1930-luvulta-meripihkan-varinen-vanha-lasi-malja\/","og_site_name":"Goodwill-verkkokauppa","article_modified_time":"2024-05-21T07:08:57+00:00","og_image":[{"width":1920,"height":1280,"url":"https:\/\/goodwill.fi\/kauppa\/wp-content\/uploads\/2023\/11\/IMG_0357.jpg","type":"image\/jpeg"}],"twitter_card":"summary_large_image","twitter_misc":{"Arvioitu lukuaika":"1 minuutti"},"schema":{"@context":"https:\/\/schema.org","@graph":[{"@type":"WebPage","@id":"https:\/\/goodwill.fi\/kauppa\/tuote\/karhulan-lasi-oy-lasimalja-1930-luvulta-meripihkan-varinen-vanha-lasi-malja\/","url":"https:\/\/goodwill.fi\/kauppa\/tuote\/karhulan-lasi-oy-lasimalja-1930-luvulta-meripihkan-varinen-vanha-lasi-malja\/","name":"KARHULAN LASI OY LASIMALJA - Goodwill-verkkokauppa","isPartOf":{"@id":"https:\/\/goodwill.fi\/kauppa\/#website"},"primaryImageOfPage":{"@id":"https:\/\/goodwill.fi\/kauppa\/tuote\/karhulan-lasi-oy-lasimalja-1930-luvulta-meripihkan-varinen-vanha-lasi-malja\/#primaryimage"},"image":{"@id":"https:\/\/goodwill.fi\/kauppa\/tuote\/karhulan-lasi-oy-lasimalja-1930-luvulta-meripihkan-varinen-vanha-lasi-malja\/#primaryimage"},"thumbnailUrl":"https:\/\/goodwill.fi\/kauppa\/wp-content\/uploads\/2023\/11\/IMG_0357.jpg","datePublished":"2024-03-06T07:50:12+00:00","dateModified":"2024-05-21T07:08:57+00:00","description":"karhulan lasi oy, lasikulho, lasimalja, vanha lasi malja , tarjoilu kulho, ker\u00e4ily, antiikki, astia, koti, sisustus, 1930-luku,","breadcrumb":{"@id":"https:\/\/goodwill.fi\/kauppa\/tuote\/karhulan-lasi-oy-lasimalja-1930-luvulta-meripihkan-varinen-vanha-lasi-malja\/#breadcrumb"},"inLanguage":"fi","potentialAction":[{"@type":"ReadAction","target":["https:\/\/goodwill.fi\/kauppa\/tuote\/karhulan-lasi-oy-lasimalja-1930-luvulta-meripihkan-varinen-vanha-lasi-malja\/"]}]},{"@type":"ImageObject","inLanguage":"fi","@id":"https:\/\/goodwill.fi\/kauppa\/tuote\/karhulan-lasi-oy-lasimalja-1930-luvulta-meripihkan-varinen-vanha-lasi-malja\/#primaryimage","url":"https:\/\/goodwill.fi\/kauppa\/wp-content\/uploads\/2023\/11\/IMG_0357.jpg","contentUrl":"https:\/\/goodwill.fi\/kauppa\/wp-content\/uploads\/2023\/11\/IMG_0357.jpg","width":1920,"height":1280},{"@type":"BreadcrumbList","@id":"https:\/\/goodwill.fi\/kauppa\/tuote\/karhulan-lasi-oy-lasimalja-1930-luvulta-meripihkan-varinen-vanha-lasi-malja\/#breadcrumb","itemListElement":[{"@type":"ListItem","position":1,"name":"Home","item":"https:\/\/goodwill.fi\/kauppa\/"},{"@type":"ListItem","position":2,"name":"Shop","item":"https:\/\/goodwill.fi\/kauppa\/shop\/"},{"@type":"ListItem","position":3,"name":"KARHULAN LASI OY LASIMALJA"}]},{"@type":"WebSite","@id":"https:\/\/goodwill.fi\/kauppa\/#website","url":"https:\/\/goodwill.fi\/kauppa\/","name":"Goodwill-verkkokauppa","description":"Kierr\u00e4tysmyym\u00e4l\u00e4 verkossa","publisher":{"@id":"https:\/\/goodwill.fi\/kauppa\/#organization"},"potentialAction":[{"@type":"SearchAction","target":{"@type":"EntryPoint","urlTemplate":"https:\/\/goodwill.fi\/kauppa\/?s={search_term_string}"},"query-input":{"@type":"PropertyValueSpecification","valueRequired":true,"valueName":"search_term_string"}}],"inLanguage":"fi"},{"@type":"Organization","@id":"https:\/\/goodwill.fi\/kauppa\/#organization","name":"Goodwill-verkkokauppa","url":"https:\/\/goodwill.fi\/kauppa\/","logo":{"@type":"ImageObject","inLanguage":"fi","@id":"https:\/\/goodwill.fi\/kauppa\/#\/schema\/logo\/image\/","url":"https:\/\/goodwill.fi\/kauppa\/wp-content\/uploads\/2021\/02\/cropped-logo_gw_store-723x211-1.png","contentUrl":"https:\/\/goodwill.fi\/kauppa\/wp-content\/uploads\/2021\/02\/cropped-logo_gw_store-723x211-1.png","width":723,"height":207,"caption":"Goodwill-verkkokauppa"},"image":{"@id":"https:\/\/goodwill.fi\/kauppa\/#\/schema\/logo\/image\/"}}]}},"_links":{"self":[{"href":"https:\/\/goodwill.fi\/kauppa\/wp-json\/wp\/v2\/product\/17948","targetHints":{"allow":["GET"]}}],"collection":[{"href":"https:\/\/goodwill.fi\/kauppa\/wp-json\/wp\/v2\/product"}],"about":[{"href":"https:\/\/goodwill.fi\/kauppa\/wp-json\/wp\/v2\/types\/product"}],"replies":[{"embeddable":true,"href":"https:\/\/goodwill.fi\/kauppa\/wp-json\/wp\/v2\/comments?post=17948"}],"wp:featuredmedia":[{"embeddable":true,"href":"https:\/\/goodwill.fi\/kauppa\/wp-json\/wp\/v2\/media\/17949"}],"wp:attachment":[{"href":"https:\/\/goodwill.fi\/kauppa\/wp-json\/wp\/v2\/media?parent=17948"}],"wp:term":[{"taxonomy":"product_brand","embeddable":true,"href":"https:\/\/goodwill.fi\/kauppa\/wp-json\/wp\/v2\/product_brand?post=17948"},{"taxonomy":"product_cat","embeddable":true,"href":"https:\/\/goodwill.fi\/kauppa\/wp-json\/wp\/v2\/product_cat?post=17948"},{"taxonomy":"product_tag","embeddable":true,"href":"https:\/\/goodwill.fi\/kauppa\/wp-json\/wp\/v2\/product_tag?post=17948"}],"curies":[{"name":"wp","href":"https:\/\/api.w.org\/{rel}","templated":true}]}}