{"id":17020,"date":"2023-11-06T13:06:57","date_gmt":"2023-11-06T11:06:57","guid":{"rendered":"https:\/\/goodwill.fi\/kauppa\/?post_type=product&#038;p=17020"},"modified":"2024-09-24T13:57:02","modified_gmt":"2024-09-24T10:57:02","slug":"lomonosov-golden-frieze-teekuppi-ja-aluslautanen","status":"publish","type":"product","link":"https:\/\/goodwill.fi\/kauppa\/tuote\/lomonosov-golden-frieze-teekuppi-ja-aluslautanen\/","title":{"rendered":"LOMONOSOV &#8221;GOLDEN FRIEZE&#8221; TEEKUPPI JA ALUSLAUTANEN"},"content":{"rendered":"<p>Valmistaja: Lomonosov<br \/>\nMitat: kupin halkaisija 8.3 cm, korkeus 6.6 cm, paino 111 g, lautasen halkaisija 14.2 cm, korkeus 2.2 cm, paino 133 g<br \/>\nV\u00e4ri: valkoinen, sininen ja kultainen<br \/>\nMateriaali: posliini<br \/>\nKunto: ehj\u00e4, vain v\u00e4h\u00e4isi\u00e4 k\u00e4yt\u00f6n j\u00e4lki\u00e4<\/p>\n","protected":false},"excerpt":{"rendered":"<p>Valmistaja: Lomonosov Mitat: kupin halkaisija 8.3 cm, korkeus 6.6 cm, paino 111 g, lautasen halkaisija 14.2 cm, korkeus 2.2 cm, paino 133 g V\u00e4ri: valkoinen, sininen ja kultainen Materiaali: posliini Kunto: ehj\u00e4, vain v\u00e4h\u00e4isi\u00e4 k\u00e4yt\u00f6n j\u00e4lki\u00e4<\/p>\n","protected":false},"featured_media":17022,"comment_status":"open","ping_status":"closed","template":"","meta":[],"product_brand":[],"product_cat":[159,166,146],"product_tag":[2197,7730,7729,215,2196,2286],"class_list":{"0":"post-17020","1":"product","2":"type-product","3":"status-publish","4":"has-post-thumbnail","6":"product_cat-kaikki","7":"product_cat-astiat-2","8":"product_cat-koti-2","9":"product_tag-aluslautanen","10":"product_tag-golden-frieze","11":"product_tag-kem00028","12":"product_tag-lomonosov","13":"product_tag-teekuppi","14":"product_tag-teekuppi-ja-lautanen","16":"first","17":"outofstock","18":"taxable","19":"shipping-taxable","20":"purchasable","21":"product-type-simple"},"yoast_head":"<!-- This site is optimized with the Yoast SEO plugin v27.1.1 - https:\/\/yoast.com\/product\/yoast-seo-wordpress\/ -->\n<title>LOMONOSOV &#039;&#039;GOLDEN FRIEZE&#039;&#039; TEEKUPPI JA ALUSLAUTANEN - Goodwill-verkkokauppa<\/title>\n<meta name=\"description\" content=\"Lomonosovin valmistama &#039;&#039;Golden Frieze&#039;&#039; teekuppi aluslautasella.\" \/>\n<meta name=\"robots\" content=\"index, follow, max-snippet:-1, max-image-preview:large, max-video-preview:-1\" \/>\n<link rel=\"canonical\" href=\"https:\/\/goodwill.fi\/kauppa\/tuote\/lomonosov-golden-frieze-teekuppi-ja-aluslautanen\/\" \/>\n<meta property=\"og:locale\" content=\"fi_FI\" \/>\n<meta property=\"og:type\" content=\"article\" \/>\n<meta property=\"og:title\" content=\"LOMONOSOV &#039;&#039;GOLDEN FRIEZE&#039;&#039; TEEKUPPI JA ALUSLAUTANEN - Goodwill-verkkokauppa\" \/>\n<meta property=\"og:description\" content=\"Lomonosovin valmistama &#039;&#039;Golden Frieze&#039;&#039; teekuppi aluslautasella.\" \/>\n<meta property=\"og:url\" content=\"https:\/\/goodwill.fi\/kauppa\/tuote\/lomonosov-golden-frieze-teekuppi-ja-aluslautanen\/\" \/>\n<meta property=\"og:site_name\" content=\"Goodwill-verkkokauppa\" \/>\n<meta property=\"article:modified_time\" content=\"2024-09-24T10:57:02+00:00\" \/>\n<meta property=\"og:image\" content=\"https:\/\/goodwill.fi\/kauppa\/wp-content\/uploads\/2023\/11\/Lomonosov-1-of-6-scaled.jpg\" \/>\n\t<meta property=\"og:image:width\" content=\"2560\" \/>\n\t<meta property=\"og:image:height\" content=\"1707\" \/>\n\t<meta property=\"og:image:type\" content=\"image\/jpeg\" \/>\n<meta name=\"twitter:card\" content=\"summary_large_image\" \/>\n<meta name=\"twitter:label1\" content=\"Arvioitu lukuaika\" \/>\n\t<meta name=\"twitter:data1\" content=\"1 minuutti\" \/>\n<script type=\"application\/ld+json\" class=\"yoast-schema-graph\">{\"@context\":\"https:\/\/schema.org\",\"@graph\":[{\"@type\":\"WebPage\",\"@id\":\"https:\/\/goodwill.fi\/kauppa\/tuote\/lomonosov-golden-frieze-teekuppi-ja-aluslautanen\/\",\"url\":\"https:\/\/goodwill.fi\/kauppa\/tuote\/lomonosov-golden-frieze-teekuppi-ja-aluslautanen\/\",\"name\":\"LOMONOSOV ''GOLDEN FRIEZE'' TEEKUPPI JA ALUSLAUTANEN - Goodwill-verkkokauppa\",\"isPartOf\":{\"@id\":\"https:\/\/goodwill.fi\/kauppa\/#website\"},\"primaryImageOfPage\":{\"@id\":\"https:\/\/goodwill.fi\/kauppa\/tuote\/lomonosov-golden-frieze-teekuppi-ja-aluslautanen\/#primaryimage\"},\"image\":{\"@id\":\"https:\/\/goodwill.fi\/kauppa\/tuote\/lomonosov-golden-frieze-teekuppi-ja-aluslautanen\/#primaryimage\"},\"thumbnailUrl\":\"https:\/\/goodwill.fi\/kauppa\/wp-content\/uploads\/2023\/11\/Lomonosov-1-of-6-scaled.jpg\",\"datePublished\":\"2023-11-06T11:06:57+00:00\",\"dateModified\":\"2024-09-24T10:57:02+00:00\",\"description\":\"Lomonosovin valmistama ''Golden Frieze'' teekuppi aluslautasella.\",\"breadcrumb\":{\"@id\":\"https:\/\/goodwill.fi\/kauppa\/tuote\/lomonosov-golden-frieze-teekuppi-ja-aluslautanen\/#breadcrumb\"},\"inLanguage\":\"fi\",\"potentialAction\":[{\"@type\":\"ReadAction\",\"target\":[\"https:\/\/goodwill.fi\/kauppa\/tuote\/lomonosov-golden-frieze-teekuppi-ja-aluslautanen\/\"]}]},{\"@type\":\"ImageObject\",\"inLanguage\":\"fi\",\"@id\":\"https:\/\/goodwill.fi\/kauppa\/tuote\/lomonosov-golden-frieze-teekuppi-ja-aluslautanen\/#primaryimage\",\"url\":\"https:\/\/goodwill.fi\/kauppa\/wp-content\/uploads\/2023\/11\/Lomonosov-1-of-6-scaled.jpg\",\"contentUrl\":\"https:\/\/goodwill.fi\/kauppa\/wp-content\/uploads\/2023\/11\/Lomonosov-1-of-6-scaled.jpg\",\"width\":2560,\"height\":1707},{\"@type\":\"BreadcrumbList\",\"@id\":\"https:\/\/goodwill.fi\/kauppa\/tuote\/lomonosov-golden-frieze-teekuppi-ja-aluslautanen\/#breadcrumb\",\"itemListElement\":[{\"@type\":\"ListItem\",\"position\":1,\"name\":\"Home\",\"item\":\"https:\/\/goodwill.fi\/kauppa\/\"},{\"@type\":\"ListItem\",\"position\":2,\"name\":\"Shop\",\"item\":\"https:\/\/goodwill.fi\/kauppa\/shop\/\"},{\"@type\":\"ListItem\",\"position\":3,\"name\":\"LOMONOSOV &#8221;GOLDEN FRIEZE&#8221; TEEKUPPI JA ALUSLAUTANEN\"}]},{\"@type\":\"WebSite\",\"@id\":\"https:\/\/goodwill.fi\/kauppa\/#website\",\"url\":\"https:\/\/goodwill.fi\/kauppa\/\",\"name\":\"Goodwill-verkkokauppa\",\"description\":\"Kierr\u00e4tysmyym\u00e4l\u00e4 verkossa\",\"publisher\":{\"@id\":\"https:\/\/goodwill.fi\/kauppa\/#organization\"},\"potentialAction\":[{\"@type\":\"SearchAction\",\"target\":{\"@type\":\"EntryPoint\",\"urlTemplate\":\"https:\/\/goodwill.fi\/kauppa\/?s={search_term_string}\"},\"query-input\":{\"@type\":\"PropertyValueSpecification\",\"valueRequired\":true,\"valueName\":\"search_term_string\"}}],\"inLanguage\":\"fi\"},{\"@type\":\"Organization\",\"@id\":\"https:\/\/goodwill.fi\/kauppa\/#organization\",\"name\":\"Goodwill-verkkokauppa\",\"url\":\"https:\/\/goodwill.fi\/kauppa\/\",\"logo\":{\"@type\":\"ImageObject\",\"inLanguage\":\"fi\",\"@id\":\"https:\/\/goodwill.fi\/kauppa\/#\/schema\/logo\/image\/\",\"url\":\"https:\/\/goodwill.fi\/kauppa\/wp-content\/uploads\/2021\/02\/cropped-logo_gw_store-723x211-1.png\",\"contentUrl\":\"https:\/\/goodwill.fi\/kauppa\/wp-content\/uploads\/2021\/02\/cropped-logo_gw_store-723x211-1.png\",\"width\":723,\"height\":207,\"caption\":\"Goodwill-verkkokauppa\"},\"image\":{\"@id\":\"https:\/\/goodwill.fi\/kauppa\/#\/schema\/logo\/image\/\"}}]}<\/script>\n<!-- \/ Yoast SEO plugin. -->","yoast_head_json":{"title":"LOMONOSOV ''GOLDEN FRIEZE'' TEEKUPPI JA ALUSLAUTANEN - Goodwill-verkkokauppa","description":"Lomonosovin valmistama ''Golden Frieze'' teekuppi aluslautasella.","robots":{"index":"index","follow":"follow","max-snippet":"max-snippet:-1","max-image-preview":"max-image-preview:large","max-video-preview":"max-video-preview:-1"},"canonical":"https:\/\/goodwill.fi\/kauppa\/tuote\/lomonosov-golden-frieze-teekuppi-ja-aluslautanen\/","og_locale":"fi_FI","og_type":"article","og_title":"LOMONOSOV ''GOLDEN FRIEZE'' TEEKUPPI JA ALUSLAUTANEN - Goodwill-verkkokauppa","og_description":"Lomonosovin valmistama ''Golden Frieze'' teekuppi aluslautasella.","og_url":"https:\/\/goodwill.fi\/kauppa\/tuote\/lomonosov-golden-frieze-teekuppi-ja-aluslautanen\/","og_site_name":"Goodwill-verkkokauppa","article_modified_time":"2024-09-24T10:57:02+00:00","og_image":[{"width":2560,"height":1707,"url":"https:\/\/goodwill.fi\/kauppa\/wp-content\/uploads\/2023\/11\/Lomonosov-1-of-6-scaled.jpg","type":"image\/jpeg"}],"twitter_card":"summary_large_image","twitter_misc":{"Arvioitu lukuaika":"1 minuutti"},"schema":{"@context":"https:\/\/schema.org","@graph":[{"@type":"WebPage","@id":"https:\/\/goodwill.fi\/kauppa\/tuote\/lomonosov-golden-frieze-teekuppi-ja-aluslautanen\/","url":"https:\/\/goodwill.fi\/kauppa\/tuote\/lomonosov-golden-frieze-teekuppi-ja-aluslautanen\/","name":"LOMONOSOV ''GOLDEN FRIEZE'' TEEKUPPI JA ALUSLAUTANEN - Goodwill-verkkokauppa","isPartOf":{"@id":"https:\/\/goodwill.fi\/kauppa\/#website"},"primaryImageOfPage":{"@id":"https:\/\/goodwill.fi\/kauppa\/tuote\/lomonosov-golden-frieze-teekuppi-ja-aluslautanen\/#primaryimage"},"image":{"@id":"https:\/\/goodwill.fi\/kauppa\/tuote\/lomonosov-golden-frieze-teekuppi-ja-aluslautanen\/#primaryimage"},"thumbnailUrl":"https:\/\/goodwill.fi\/kauppa\/wp-content\/uploads\/2023\/11\/Lomonosov-1-of-6-scaled.jpg","datePublished":"2023-11-06T11:06:57+00:00","dateModified":"2024-09-24T10:57:02+00:00","description":"Lomonosovin valmistama ''Golden Frieze'' teekuppi aluslautasella.","breadcrumb":{"@id":"https:\/\/goodwill.fi\/kauppa\/tuote\/lomonosov-golden-frieze-teekuppi-ja-aluslautanen\/#breadcrumb"},"inLanguage":"fi","potentialAction":[{"@type":"ReadAction","target":["https:\/\/goodwill.fi\/kauppa\/tuote\/lomonosov-golden-frieze-teekuppi-ja-aluslautanen\/"]}]},{"@type":"ImageObject","inLanguage":"fi","@id":"https:\/\/goodwill.fi\/kauppa\/tuote\/lomonosov-golden-frieze-teekuppi-ja-aluslautanen\/#primaryimage","url":"https:\/\/goodwill.fi\/kauppa\/wp-content\/uploads\/2023\/11\/Lomonosov-1-of-6-scaled.jpg","contentUrl":"https:\/\/goodwill.fi\/kauppa\/wp-content\/uploads\/2023\/11\/Lomonosov-1-of-6-scaled.jpg","width":2560,"height":1707},{"@type":"BreadcrumbList","@id":"https:\/\/goodwill.fi\/kauppa\/tuote\/lomonosov-golden-frieze-teekuppi-ja-aluslautanen\/#breadcrumb","itemListElement":[{"@type":"ListItem","position":1,"name":"Home","item":"https:\/\/goodwill.fi\/kauppa\/"},{"@type":"ListItem","position":2,"name":"Shop","item":"https:\/\/goodwill.fi\/kauppa\/shop\/"},{"@type":"ListItem","position":3,"name":"LOMONOSOV &#8221;GOLDEN FRIEZE&#8221; TEEKUPPI JA ALUSLAUTANEN"}]},{"@type":"WebSite","@id":"https:\/\/goodwill.fi\/kauppa\/#website","url":"https:\/\/goodwill.fi\/kauppa\/","name":"Goodwill-verkkokauppa","description":"Kierr\u00e4tysmyym\u00e4l\u00e4 verkossa","publisher":{"@id":"https:\/\/goodwill.fi\/kauppa\/#organization"},"potentialAction":[{"@type":"SearchAction","target":{"@type":"EntryPoint","urlTemplate":"https:\/\/goodwill.fi\/kauppa\/?s={search_term_string}"},"query-input":{"@type":"PropertyValueSpecification","valueRequired":true,"valueName":"search_term_string"}}],"inLanguage":"fi"},{"@type":"Organization","@id":"https:\/\/goodwill.fi\/kauppa\/#organization","name":"Goodwill-verkkokauppa","url":"https:\/\/goodwill.fi\/kauppa\/","logo":{"@type":"ImageObject","inLanguage":"fi","@id":"https:\/\/goodwill.fi\/kauppa\/#\/schema\/logo\/image\/","url":"https:\/\/goodwill.fi\/kauppa\/wp-content\/uploads\/2021\/02\/cropped-logo_gw_store-723x211-1.png","contentUrl":"https:\/\/goodwill.fi\/kauppa\/wp-content\/uploads\/2021\/02\/cropped-logo_gw_store-723x211-1.png","width":723,"height":207,"caption":"Goodwill-verkkokauppa"},"image":{"@id":"https:\/\/goodwill.fi\/kauppa\/#\/schema\/logo\/image\/"}}]}},"_links":{"self":[{"href":"https:\/\/goodwill.fi\/kauppa\/wp-json\/wp\/v2\/product\/17020","targetHints":{"allow":["GET"]}}],"collection":[{"href":"https:\/\/goodwill.fi\/kauppa\/wp-json\/wp\/v2\/product"}],"about":[{"href":"https:\/\/goodwill.fi\/kauppa\/wp-json\/wp\/v2\/types\/product"}],"replies":[{"embeddable":true,"href":"https:\/\/goodwill.fi\/kauppa\/wp-json\/wp\/v2\/comments?post=17020"}],"wp:featuredmedia":[{"embeddable":true,"href":"https:\/\/goodwill.fi\/kauppa\/wp-json\/wp\/v2\/media\/17022"}],"wp:attachment":[{"href":"https:\/\/goodwill.fi\/kauppa\/wp-json\/wp\/v2\/media?parent=17020"}],"wp:term":[{"taxonomy":"product_brand","embeddable":true,"href":"https:\/\/goodwill.fi\/kauppa\/wp-json\/wp\/v2\/product_brand?post=17020"},{"taxonomy":"product_cat","embeddable":true,"href":"https:\/\/goodwill.fi\/kauppa\/wp-json\/wp\/v2\/product_cat?post=17020"},{"taxonomy":"product_tag","embeddable":true,"href":"https:\/\/goodwill.fi\/kauppa\/wp-json\/wp\/v2\/product_tag?post=17020"}],"curies":[{"name":"wp","href":"https:\/\/api.w.org\/{rel}","templated":true}]}}