{"id":16645,"date":"2023-10-26T10:36:41","date_gmt":"2023-10-26T07:36:41","guid":{"rendered":"https:\/\/goodwill.fi\/kauppa\/?post_type=product&#038;p=16645"},"modified":"2024-01-16T14:55:55","modified_gmt":"2024-01-16T12:55:55","slug":"mika-waltari-sinuhe-egyptilainen","status":"publish","type":"product","link":"https:\/\/goodwill.fi\/kauppa\/tuote\/mika-waltari-sinuhe-egyptilainen\/","title":{"rendered":"MIKA WALTARI: SINUHE EGYPTIL\u00c4INEN"},"content":{"rendered":"<p>Kirjailija: Mika Waltari<br \/>\nKustantaja: WSOY<br \/>\nPainovuosi: 1947 (viides painos)<br \/>\nSivum\u00e4\u00e4r\u00e4: 779<br \/>\nKunto: kansipaperissa repe\u00e4mi\u00e4, kannet ja selk\u00e4 siistit, sivut kellastuneet (kuitenkin ehj\u00e4t ja siistit, ei merkint\u00f6j\u00e4)<\/p>\n","protected":false},"excerpt":{"rendered":"<p>Kirjailija: Mika Waltari Kustantaja: WSOY Painovuosi: 1947 (viides painos) Sivum\u00e4\u00e4r\u00e4: 779 Kunto: kansipaperissa repe\u00e4mi\u00e4, kannet ja selk\u00e4 siistit, sivut kellastuneet (kuitenkin ehj\u00e4t ja siistit, ei merkint\u00f6j\u00e4)<\/p>\n","protected":false},"featured_media":16647,"comment_status":"open","ping_status":"closed","template":"","meta":[],"product_brand":[],"product_cat":[159,143,150],"product_tag":[455,4040,7637,4400,7624,6624,4951],"class_list":{"0":"post-16645","1":"product","2":"type-product","3":"status-publish","4":"has-post-thumbnail","6":"product_cat-kaikki","7":"product_cat-viihde-2","8":"product_cat-kirjat-2","9":"product_tag-kirja","10":"product_tag-kirjat","11":"product_tag-kot02698","12":"product_tag-mika","13":"product_tag-sinuhe-egyptilainen","14":"product_tag-waltari","15":"product_tag-wsoy","17":"first","18":"outofstock","19":"taxable","20":"shipping-taxable","21":"purchasable","22":"product-type-simple"},"yoast_head":"<!-- This site is optimized with the Yoast SEO plugin v27.1.1 - https:\/\/yoast.com\/product\/yoast-seo-wordpress\/ -->\n<title>MIKA WALTARI: SINUHE EGYPTIL\u00c4INEN - Goodwill-verkkokauppa<\/title>\n<meta name=\"description\" content=\"Kirjailija: Mika Waltari Kustantaja: WSOY Painovuosi: 1947 (viides painos) Sivum\u00e4\u00e4r\u00e4: 779\" \/>\n<meta name=\"robots\" content=\"index, follow, max-snippet:-1, max-image-preview:large, max-video-preview:-1\" \/>\n<link rel=\"canonical\" href=\"https:\/\/goodwill.fi\/kauppa\/tuote\/mika-waltari-sinuhe-egyptilainen\/\" \/>\n<meta property=\"og:locale\" content=\"fi_FI\" \/>\n<meta property=\"og:type\" content=\"article\" \/>\n<meta property=\"og:title\" content=\"MIKA WALTARI: SINUHE EGYPTIL\u00c4INEN - Goodwill-verkkokauppa\" \/>\n<meta property=\"og:description\" content=\"Kirjailija: Mika Waltari Kustantaja: WSOY Painovuosi: 1947 (viides painos) Sivum\u00e4\u00e4r\u00e4: 779\" \/>\n<meta property=\"og:url\" content=\"https:\/\/goodwill.fi\/kauppa\/tuote\/mika-waltari-sinuhe-egyptilainen\/\" \/>\n<meta property=\"og:site_name\" content=\"Goodwill-verkkokauppa\" \/>\n<meta property=\"article:modified_time\" content=\"2024-01-16T12:55:55+00:00\" \/>\n<meta property=\"og:image\" content=\"https:\/\/goodwill.fi\/kauppa\/wp-content\/uploads\/2023\/10\/IMG_3093-scaled.jpg\" \/>\n\t<meta property=\"og:image:width\" content=\"1707\" \/>\n\t<meta property=\"og:image:height\" content=\"2560\" \/>\n\t<meta property=\"og:image:type\" content=\"image\/jpeg\" \/>\n<meta name=\"twitter:card\" content=\"summary_large_image\" \/>\n<meta name=\"twitter:label1\" content=\"Arvioitu lukuaika\" \/>\n\t<meta name=\"twitter:data1\" content=\"1 minuutti\" \/>\n<script type=\"application\/ld+json\" class=\"yoast-schema-graph\">{\"@context\":\"https:\/\/schema.org\",\"@graph\":[{\"@type\":\"WebPage\",\"@id\":\"https:\/\/goodwill.fi\/kauppa\/tuote\/mika-waltari-sinuhe-egyptilainen\/\",\"url\":\"https:\/\/goodwill.fi\/kauppa\/tuote\/mika-waltari-sinuhe-egyptilainen\/\",\"name\":\"MIKA WALTARI: SINUHE EGYPTIL\u00c4INEN - Goodwill-verkkokauppa\",\"isPartOf\":{\"@id\":\"https:\/\/goodwill.fi\/kauppa\/#website\"},\"primaryImageOfPage\":{\"@id\":\"https:\/\/goodwill.fi\/kauppa\/tuote\/mika-waltari-sinuhe-egyptilainen\/#primaryimage\"},\"image\":{\"@id\":\"https:\/\/goodwill.fi\/kauppa\/tuote\/mika-waltari-sinuhe-egyptilainen\/#primaryimage\"},\"thumbnailUrl\":\"https:\/\/goodwill.fi\/kauppa\/wp-content\/uploads\/2023\/10\/IMG_3093-scaled.jpg\",\"datePublished\":\"2023-10-26T07:36:41+00:00\",\"dateModified\":\"2024-01-16T12:55:55+00:00\",\"description\":\"Kirjailija: Mika Waltari Kustantaja: WSOY Painovuosi: 1947 (viides painos) Sivum\u00e4\u00e4r\u00e4: 779\",\"breadcrumb\":{\"@id\":\"https:\/\/goodwill.fi\/kauppa\/tuote\/mika-waltari-sinuhe-egyptilainen\/#breadcrumb\"},\"inLanguage\":\"fi\",\"potentialAction\":[{\"@type\":\"ReadAction\",\"target\":[\"https:\/\/goodwill.fi\/kauppa\/tuote\/mika-waltari-sinuhe-egyptilainen\/\"]}]},{\"@type\":\"ImageObject\",\"inLanguage\":\"fi\",\"@id\":\"https:\/\/goodwill.fi\/kauppa\/tuote\/mika-waltari-sinuhe-egyptilainen\/#primaryimage\",\"url\":\"https:\/\/goodwill.fi\/kauppa\/wp-content\/uploads\/2023\/10\/IMG_3093-scaled.jpg\",\"contentUrl\":\"https:\/\/goodwill.fi\/kauppa\/wp-content\/uploads\/2023\/10\/IMG_3093-scaled.jpg\",\"width\":1707,\"height\":2560},{\"@type\":\"BreadcrumbList\",\"@id\":\"https:\/\/goodwill.fi\/kauppa\/tuote\/mika-waltari-sinuhe-egyptilainen\/#breadcrumb\",\"itemListElement\":[{\"@type\":\"ListItem\",\"position\":1,\"name\":\"Home\",\"item\":\"https:\/\/goodwill.fi\/kauppa\/\"},{\"@type\":\"ListItem\",\"position\":2,\"name\":\"Shop\",\"item\":\"https:\/\/goodwill.fi\/kauppa\/shop\/\"},{\"@type\":\"ListItem\",\"position\":3,\"name\":\"MIKA WALTARI: SINUHE EGYPTIL\u00c4INEN\"}]},{\"@type\":\"WebSite\",\"@id\":\"https:\/\/goodwill.fi\/kauppa\/#website\",\"url\":\"https:\/\/goodwill.fi\/kauppa\/\",\"name\":\"Goodwill-verkkokauppa\",\"description\":\"Kierr\u00e4tysmyym\u00e4l\u00e4 verkossa\",\"publisher\":{\"@id\":\"https:\/\/goodwill.fi\/kauppa\/#organization\"},\"potentialAction\":[{\"@type\":\"SearchAction\",\"target\":{\"@type\":\"EntryPoint\",\"urlTemplate\":\"https:\/\/goodwill.fi\/kauppa\/?s={search_term_string}\"},\"query-input\":{\"@type\":\"PropertyValueSpecification\",\"valueRequired\":true,\"valueName\":\"search_term_string\"}}],\"inLanguage\":\"fi\"},{\"@type\":\"Organization\",\"@id\":\"https:\/\/goodwill.fi\/kauppa\/#organization\",\"name\":\"Goodwill-verkkokauppa\",\"url\":\"https:\/\/goodwill.fi\/kauppa\/\",\"logo\":{\"@type\":\"ImageObject\",\"inLanguage\":\"fi\",\"@id\":\"https:\/\/goodwill.fi\/kauppa\/#\/schema\/logo\/image\/\",\"url\":\"https:\/\/goodwill.fi\/kauppa\/wp-content\/uploads\/2021\/02\/cropped-logo_gw_store-723x211-1.png\",\"contentUrl\":\"https:\/\/goodwill.fi\/kauppa\/wp-content\/uploads\/2021\/02\/cropped-logo_gw_store-723x211-1.png\",\"width\":723,\"height\":207,\"caption\":\"Goodwill-verkkokauppa\"},\"image\":{\"@id\":\"https:\/\/goodwill.fi\/kauppa\/#\/schema\/logo\/image\/\"}}]}<\/script>\n<!-- \/ Yoast SEO plugin. -->","yoast_head_json":{"title":"MIKA WALTARI: SINUHE EGYPTIL\u00c4INEN - Goodwill-verkkokauppa","description":"Kirjailija: Mika Waltari Kustantaja: WSOY Painovuosi: 1947 (viides painos) Sivum\u00e4\u00e4r\u00e4: 779","robots":{"index":"index","follow":"follow","max-snippet":"max-snippet:-1","max-image-preview":"max-image-preview:large","max-video-preview":"max-video-preview:-1"},"canonical":"https:\/\/goodwill.fi\/kauppa\/tuote\/mika-waltari-sinuhe-egyptilainen\/","og_locale":"fi_FI","og_type":"article","og_title":"MIKA WALTARI: SINUHE EGYPTIL\u00c4INEN - Goodwill-verkkokauppa","og_description":"Kirjailija: Mika Waltari Kustantaja: WSOY Painovuosi: 1947 (viides painos) Sivum\u00e4\u00e4r\u00e4: 779","og_url":"https:\/\/goodwill.fi\/kauppa\/tuote\/mika-waltari-sinuhe-egyptilainen\/","og_site_name":"Goodwill-verkkokauppa","article_modified_time":"2024-01-16T12:55:55+00:00","og_image":[{"width":1707,"height":2560,"url":"https:\/\/goodwill.fi\/kauppa\/wp-content\/uploads\/2023\/10\/IMG_3093-scaled.jpg","type":"image\/jpeg"}],"twitter_card":"summary_large_image","twitter_misc":{"Arvioitu lukuaika":"1 minuutti"},"schema":{"@context":"https:\/\/schema.org","@graph":[{"@type":"WebPage","@id":"https:\/\/goodwill.fi\/kauppa\/tuote\/mika-waltari-sinuhe-egyptilainen\/","url":"https:\/\/goodwill.fi\/kauppa\/tuote\/mika-waltari-sinuhe-egyptilainen\/","name":"MIKA WALTARI: SINUHE EGYPTIL\u00c4INEN - Goodwill-verkkokauppa","isPartOf":{"@id":"https:\/\/goodwill.fi\/kauppa\/#website"},"primaryImageOfPage":{"@id":"https:\/\/goodwill.fi\/kauppa\/tuote\/mika-waltari-sinuhe-egyptilainen\/#primaryimage"},"image":{"@id":"https:\/\/goodwill.fi\/kauppa\/tuote\/mika-waltari-sinuhe-egyptilainen\/#primaryimage"},"thumbnailUrl":"https:\/\/goodwill.fi\/kauppa\/wp-content\/uploads\/2023\/10\/IMG_3093-scaled.jpg","datePublished":"2023-10-26T07:36:41+00:00","dateModified":"2024-01-16T12:55:55+00:00","description":"Kirjailija: Mika Waltari Kustantaja: WSOY Painovuosi: 1947 (viides painos) Sivum\u00e4\u00e4r\u00e4: 779","breadcrumb":{"@id":"https:\/\/goodwill.fi\/kauppa\/tuote\/mika-waltari-sinuhe-egyptilainen\/#breadcrumb"},"inLanguage":"fi","potentialAction":[{"@type":"ReadAction","target":["https:\/\/goodwill.fi\/kauppa\/tuote\/mika-waltari-sinuhe-egyptilainen\/"]}]},{"@type":"ImageObject","inLanguage":"fi","@id":"https:\/\/goodwill.fi\/kauppa\/tuote\/mika-waltari-sinuhe-egyptilainen\/#primaryimage","url":"https:\/\/goodwill.fi\/kauppa\/wp-content\/uploads\/2023\/10\/IMG_3093-scaled.jpg","contentUrl":"https:\/\/goodwill.fi\/kauppa\/wp-content\/uploads\/2023\/10\/IMG_3093-scaled.jpg","width":1707,"height":2560},{"@type":"BreadcrumbList","@id":"https:\/\/goodwill.fi\/kauppa\/tuote\/mika-waltari-sinuhe-egyptilainen\/#breadcrumb","itemListElement":[{"@type":"ListItem","position":1,"name":"Home","item":"https:\/\/goodwill.fi\/kauppa\/"},{"@type":"ListItem","position":2,"name":"Shop","item":"https:\/\/goodwill.fi\/kauppa\/shop\/"},{"@type":"ListItem","position":3,"name":"MIKA WALTARI: SINUHE EGYPTIL\u00c4INEN"}]},{"@type":"WebSite","@id":"https:\/\/goodwill.fi\/kauppa\/#website","url":"https:\/\/goodwill.fi\/kauppa\/","name":"Goodwill-verkkokauppa","description":"Kierr\u00e4tysmyym\u00e4l\u00e4 verkossa","publisher":{"@id":"https:\/\/goodwill.fi\/kauppa\/#organization"},"potentialAction":[{"@type":"SearchAction","target":{"@type":"EntryPoint","urlTemplate":"https:\/\/goodwill.fi\/kauppa\/?s={search_term_string}"},"query-input":{"@type":"PropertyValueSpecification","valueRequired":true,"valueName":"search_term_string"}}],"inLanguage":"fi"},{"@type":"Organization","@id":"https:\/\/goodwill.fi\/kauppa\/#organization","name":"Goodwill-verkkokauppa","url":"https:\/\/goodwill.fi\/kauppa\/","logo":{"@type":"ImageObject","inLanguage":"fi","@id":"https:\/\/goodwill.fi\/kauppa\/#\/schema\/logo\/image\/","url":"https:\/\/goodwill.fi\/kauppa\/wp-content\/uploads\/2021\/02\/cropped-logo_gw_store-723x211-1.png","contentUrl":"https:\/\/goodwill.fi\/kauppa\/wp-content\/uploads\/2021\/02\/cropped-logo_gw_store-723x211-1.png","width":723,"height":207,"caption":"Goodwill-verkkokauppa"},"image":{"@id":"https:\/\/goodwill.fi\/kauppa\/#\/schema\/logo\/image\/"}}]}},"_links":{"self":[{"href":"https:\/\/goodwill.fi\/kauppa\/wp-json\/wp\/v2\/product\/16645","targetHints":{"allow":["GET"]}}],"collection":[{"href":"https:\/\/goodwill.fi\/kauppa\/wp-json\/wp\/v2\/product"}],"about":[{"href":"https:\/\/goodwill.fi\/kauppa\/wp-json\/wp\/v2\/types\/product"}],"replies":[{"embeddable":true,"href":"https:\/\/goodwill.fi\/kauppa\/wp-json\/wp\/v2\/comments?post=16645"}],"wp:featuredmedia":[{"embeddable":true,"href":"https:\/\/goodwill.fi\/kauppa\/wp-json\/wp\/v2\/media\/16647"}],"wp:attachment":[{"href":"https:\/\/goodwill.fi\/kauppa\/wp-json\/wp\/v2\/media?parent=16645"}],"wp:term":[{"taxonomy":"product_brand","embeddable":true,"href":"https:\/\/goodwill.fi\/kauppa\/wp-json\/wp\/v2\/product_brand?post=16645"},{"taxonomy":"product_cat","embeddable":true,"href":"https:\/\/goodwill.fi\/kauppa\/wp-json\/wp\/v2\/product_cat?post=16645"},{"taxonomy":"product_tag","embeddable":true,"href":"https:\/\/goodwill.fi\/kauppa\/wp-json\/wp\/v2\/product_tag?post=16645"}],"curies":[{"name":"wp","href":"https:\/\/api.w.org\/{rel}","templated":true}]}}