{"id":1583,"date":"2024-01-03T09:06:15","date_gmt":"2024-01-03T07:06:15","guid":{"rendered":"https:\/\/goodwill.mauri.loopy.fi\/?post_type=product&#038;p=1583"},"modified":"2024-01-08T18:36:49","modified_gmt":"2024-01-08T16:36:49","slug":"iittala-paula-irish-coffee-juomalasi-jorma-vennola","status":"publish","type":"product","link":"https:\/\/goodwill.fi\/kauppa\/tuote\/iittala-paula-irish-coffee-juomalasi-jorma-vennola\/","title":{"rendered":"IITTALA PAULA KUUMAJUOMALASI, 3 KPL"},"content":{"rendered":"<p>Suunnittelija: Jorma Vennola<br \/>\nValmistaja: Iittala<br \/>\nValmistusvuosi: 1978-1989<br \/>\nMitat: korkeus 11.5 cm, halkaisija 6.5 cm, paino 155 g<br \/>\nV\u00e4ri: kirkas, kullattu pidike<br \/>\nMateriaali: lasi, metalli<br \/>\nKunto: k\u00e4ytetty, k\u00e4yt\u00f6nj\u00e4lki\u00e4, pieni\u00e4 nirhaumia alaosassa<br \/>\nHuom: tuotteet myyd\u00e4\u00e4n 3 kappaleen setiss\u00e4<\/p>\n","protected":false},"excerpt":{"rendered":"<p>Suunnittelija: Jorma Vennola Valmistaja: Iittala Valmistusvuosi: 1978-1989 Mitat: korkeus 11.5 cm, halkaisija 6.5 cm, paino 155 g V\u00e4ri: kirkas, kullattu pidike Materiaali: lasi, metalli Kunto: k\u00e4ytetty, k\u00e4yt\u00f6nj\u00e4lki\u00e4, pieni\u00e4 nirhaumia alaosassa Huom: tuotteet myyd\u00e4\u00e4n 3 kappaleen setiss\u00e4<\/p>\n","protected":false},"featured_media":1584,"comment_status":"open","ping_status":"closed","template":"","meta":[],"product_brand":[],"product_cat":[159,166,146,5965],"product_tag":[1490,4779,226,4778,1060,3732,1021,627,210,352,1059,4780,873],"class_list":{"0":"post-1583","1":"product","2":"type-product","3":"status-publish","4":"has-post-thumbnail","6":"product_cat-kaikki","7":"product_cat-astiat-2","8":"product_cat-koti-2","9":"product_cat-ale","10":"product_tag-1490","11":"product_tag-coffee","12":"product_tag-iittala","13":"product_tag-irish","14":"product_tag-irishcoffee","15":"product_tag-jorma","16":"product_tag-jormavennola","17":"product_tag-juomalasi","18":"product_tag-kultainen","19":"product_tag-lasi","20":"product_tag-paula","21":"product_tag-pidike","22":"product_tag-vennola","24":"first","25":"outofstock","26":"sale","27":"taxable","28":"shipping-taxable","29":"purchasable","30":"product-type-simple"},"yoast_head":"<!-- This site is optimized with the Yoast SEO plugin v27.1.1 - https:\/\/yoast.com\/product\/yoast-seo-wordpress\/ -->\n<title>Iittala, Paula, irish coffee, juomalasi, Jorma Vennola<\/title>\n<meta name=\"description\" content=\"Jorma Vennolan suunnittelema Iittalan Paula-sarjan Irish coffee -lasi kultaisella pidikkeell\u00e4 Suunnittelija: Jorma Vennola Valmistaja: Iittala Valmistusvuosi: 1978-1989\" \/>\n<meta name=\"robots\" content=\"index, follow, max-snippet:-1, max-image-preview:large, max-video-preview:-1\" \/>\n<link rel=\"canonical\" href=\"https:\/\/goodwill.fi\/kauppa\/tuote\/iittala-paula-irish-coffee-juomalasi-jorma-vennola\/\" \/>\n<meta property=\"og:locale\" content=\"fi_FI\" \/>\n<meta property=\"og:type\" content=\"article\" \/>\n<meta property=\"og:title\" content=\"Iittala, Paula, irish coffee, juomalasi, Jorma Vennola\" \/>\n<meta property=\"og:description\" content=\"Jorma Vennolan suunnittelema Iittalan Paula-sarjan Irish coffee -lasi kultaisella pidikkeell\u00e4 Suunnittelija: Jorma Vennola Valmistaja: Iittala Valmistusvuosi: 1978-1989\" \/>\n<meta property=\"og:url\" content=\"https:\/\/goodwill.fi\/kauppa\/tuote\/iittala-paula-irish-coffee-juomalasi-jorma-vennola\/\" \/>\n<meta property=\"og:site_name\" content=\"Goodwill-verkkokauppa\" \/>\n<meta property=\"article:modified_time\" content=\"2024-01-08T16:36:49+00:00\" \/>\n<meta property=\"og:image\" content=\"https:\/\/goodwill.fi\/kauppa\/wp-content\/uploads\/2019\/12\/products-IMG_4561-scaled.jpg\" \/>\n\t<meta property=\"og:image:width\" content=\"2560\" \/>\n\t<meta property=\"og:image:height\" content=\"1707\" \/>\n\t<meta property=\"og:image:type\" content=\"image\/jpeg\" \/>\n<meta name=\"twitter:card\" content=\"summary_large_image\" \/>\n<meta name=\"twitter:label1\" content=\"Arvioitu lukuaika\" \/>\n\t<meta name=\"twitter:data1\" content=\"1 minuutti\" \/>\n<script type=\"application\/ld+json\" class=\"yoast-schema-graph\">{\"@context\":\"https:\/\/schema.org\",\"@graph\":[{\"@type\":\"WebPage\",\"@id\":\"https:\/\/goodwill.fi\/kauppa\/tuote\/iittala-paula-irish-coffee-juomalasi-jorma-vennola\/\",\"url\":\"https:\/\/goodwill.fi\/kauppa\/tuote\/iittala-paula-irish-coffee-juomalasi-jorma-vennola\/\",\"name\":\"Iittala, Paula, irish coffee, juomalasi, Jorma Vennola\",\"isPartOf\":{\"@id\":\"https:\/\/goodwill.fi\/kauppa\/#website\"},\"primaryImageOfPage\":{\"@id\":\"https:\/\/goodwill.fi\/kauppa\/tuote\/iittala-paula-irish-coffee-juomalasi-jorma-vennola\/#primaryimage\"},\"image\":{\"@id\":\"https:\/\/goodwill.fi\/kauppa\/tuote\/iittala-paula-irish-coffee-juomalasi-jorma-vennola\/#primaryimage\"},\"thumbnailUrl\":\"https:\/\/goodwill.fi\/kauppa\/wp-content\/uploads\/2019\/12\/products-IMG_4561-scaled.jpg\",\"datePublished\":\"2024-01-03T07:06:15+00:00\",\"dateModified\":\"2024-01-08T16:36:49+00:00\",\"description\":\"Jorma Vennolan suunnittelema Iittalan Paula-sarjan Irish coffee -lasi kultaisella pidikkeell\u00e4 Suunnittelija: Jorma Vennola Valmistaja: Iittala Valmistusvuosi: 1978-1989\",\"breadcrumb\":{\"@id\":\"https:\/\/goodwill.fi\/kauppa\/tuote\/iittala-paula-irish-coffee-juomalasi-jorma-vennola\/#breadcrumb\"},\"inLanguage\":\"fi\",\"potentialAction\":[{\"@type\":\"ReadAction\",\"target\":[\"https:\/\/goodwill.fi\/kauppa\/tuote\/iittala-paula-irish-coffee-juomalasi-jorma-vennola\/\"]}]},{\"@type\":\"ImageObject\",\"inLanguage\":\"fi\",\"@id\":\"https:\/\/goodwill.fi\/kauppa\/tuote\/iittala-paula-irish-coffee-juomalasi-jorma-vennola\/#primaryimage\",\"url\":\"https:\/\/goodwill.fi\/kauppa\/wp-content\/uploads\/2019\/12\/products-IMG_4561-scaled.jpg\",\"contentUrl\":\"https:\/\/goodwill.fi\/kauppa\/wp-content\/uploads\/2019\/12\/products-IMG_4561-scaled.jpg\",\"width\":2560,\"height\":1707,\"caption\":\"Iittala Paula irish coffee \/ juomalasi, Jorma Vennola\"},{\"@type\":\"BreadcrumbList\",\"@id\":\"https:\/\/goodwill.fi\/kauppa\/tuote\/iittala-paula-irish-coffee-juomalasi-jorma-vennola\/#breadcrumb\",\"itemListElement\":[{\"@type\":\"ListItem\",\"position\":1,\"name\":\"Home\",\"item\":\"https:\/\/goodwill.fi\/kauppa\/\"},{\"@type\":\"ListItem\",\"position\":2,\"name\":\"Shop\",\"item\":\"https:\/\/goodwill.fi\/kauppa\/shop\/\"},{\"@type\":\"ListItem\",\"position\":3,\"name\":\"IITTALA PAULA KUUMAJUOMALASI, 3 KPL\"}]},{\"@type\":\"WebSite\",\"@id\":\"https:\/\/goodwill.fi\/kauppa\/#website\",\"url\":\"https:\/\/goodwill.fi\/kauppa\/\",\"name\":\"Goodwill-verkkokauppa\",\"description\":\"Kierr\u00e4tysmyym\u00e4l\u00e4 verkossa\",\"publisher\":{\"@id\":\"https:\/\/goodwill.fi\/kauppa\/#organization\"},\"potentialAction\":[{\"@type\":\"SearchAction\",\"target\":{\"@type\":\"EntryPoint\",\"urlTemplate\":\"https:\/\/goodwill.fi\/kauppa\/?s={search_term_string}\"},\"query-input\":{\"@type\":\"PropertyValueSpecification\",\"valueRequired\":true,\"valueName\":\"search_term_string\"}}],\"inLanguage\":\"fi\"},{\"@type\":\"Organization\",\"@id\":\"https:\/\/goodwill.fi\/kauppa\/#organization\",\"name\":\"Goodwill-verkkokauppa\",\"url\":\"https:\/\/goodwill.fi\/kauppa\/\",\"logo\":{\"@type\":\"ImageObject\",\"inLanguage\":\"fi\",\"@id\":\"https:\/\/goodwill.fi\/kauppa\/#\/schema\/logo\/image\/\",\"url\":\"https:\/\/goodwill.fi\/kauppa\/wp-content\/uploads\/2021\/02\/cropped-logo_gw_store-723x211-1.png\",\"contentUrl\":\"https:\/\/goodwill.fi\/kauppa\/wp-content\/uploads\/2021\/02\/cropped-logo_gw_store-723x211-1.png\",\"width\":723,\"height\":207,\"caption\":\"Goodwill-verkkokauppa\"},\"image\":{\"@id\":\"https:\/\/goodwill.fi\/kauppa\/#\/schema\/logo\/image\/\"}}]}<\/script>\n<!-- \/ Yoast SEO plugin. -->","yoast_head_json":{"title":"Iittala, Paula, irish coffee, juomalasi, Jorma Vennola","description":"Jorma Vennolan suunnittelema Iittalan Paula-sarjan Irish coffee -lasi kultaisella pidikkeell\u00e4 Suunnittelija: Jorma Vennola Valmistaja: Iittala Valmistusvuosi: 1978-1989","robots":{"index":"index","follow":"follow","max-snippet":"max-snippet:-1","max-image-preview":"max-image-preview:large","max-video-preview":"max-video-preview:-1"},"canonical":"https:\/\/goodwill.fi\/kauppa\/tuote\/iittala-paula-irish-coffee-juomalasi-jorma-vennola\/","og_locale":"fi_FI","og_type":"article","og_title":"Iittala, Paula, irish coffee, juomalasi, Jorma Vennola","og_description":"Jorma Vennolan suunnittelema Iittalan Paula-sarjan Irish coffee -lasi kultaisella pidikkeell\u00e4 Suunnittelija: Jorma Vennola Valmistaja: Iittala Valmistusvuosi: 1978-1989","og_url":"https:\/\/goodwill.fi\/kauppa\/tuote\/iittala-paula-irish-coffee-juomalasi-jorma-vennola\/","og_site_name":"Goodwill-verkkokauppa","article_modified_time":"2024-01-08T16:36:49+00:00","og_image":[{"width":2560,"height":1707,"url":"https:\/\/goodwill.fi\/kauppa\/wp-content\/uploads\/2019\/12\/products-IMG_4561-scaled.jpg","type":"image\/jpeg"}],"twitter_card":"summary_large_image","twitter_misc":{"Arvioitu lukuaika":"1 minuutti"},"schema":{"@context":"https:\/\/schema.org","@graph":[{"@type":"WebPage","@id":"https:\/\/goodwill.fi\/kauppa\/tuote\/iittala-paula-irish-coffee-juomalasi-jorma-vennola\/","url":"https:\/\/goodwill.fi\/kauppa\/tuote\/iittala-paula-irish-coffee-juomalasi-jorma-vennola\/","name":"Iittala, Paula, irish coffee, juomalasi, Jorma Vennola","isPartOf":{"@id":"https:\/\/goodwill.fi\/kauppa\/#website"},"primaryImageOfPage":{"@id":"https:\/\/goodwill.fi\/kauppa\/tuote\/iittala-paula-irish-coffee-juomalasi-jorma-vennola\/#primaryimage"},"image":{"@id":"https:\/\/goodwill.fi\/kauppa\/tuote\/iittala-paula-irish-coffee-juomalasi-jorma-vennola\/#primaryimage"},"thumbnailUrl":"https:\/\/goodwill.fi\/kauppa\/wp-content\/uploads\/2019\/12\/products-IMG_4561-scaled.jpg","datePublished":"2024-01-03T07:06:15+00:00","dateModified":"2024-01-08T16:36:49+00:00","description":"Jorma Vennolan suunnittelema Iittalan Paula-sarjan Irish coffee -lasi kultaisella pidikkeell\u00e4 Suunnittelija: Jorma Vennola Valmistaja: Iittala Valmistusvuosi: 1978-1989","breadcrumb":{"@id":"https:\/\/goodwill.fi\/kauppa\/tuote\/iittala-paula-irish-coffee-juomalasi-jorma-vennola\/#breadcrumb"},"inLanguage":"fi","potentialAction":[{"@type":"ReadAction","target":["https:\/\/goodwill.fi\/kauppa\/tuote\/iittala-paula-irish-coffee-juomalasi-jorma-vennola\/"]}]},{"@type":"ImageObject","inLanguage":"fi","@id":"https:\/\/goodwill.fi\/kauppa\/tuote\/iittala-paula-irish-coffee-juomalasi-jorma-vennola\/#primaryimage","url":"https:\/\/goodwill.fi\/kauppa\/wp-content\/uploads\/2019\/12\/products-IMG_4561-scaled.jpg","contentUrl":"https:\/\/goodwill.fi\/kauppa\/wp-content\/uploads\/2019\/12\/products-IMG_4561-scaled.jpg","width":2560,"height":1707,"caption":"Iittala Paula irish coffee \/ juomalasi, Jorma Vennola"},{"@type":"BreadcrumbList","@id":"https:\/\/goodwill.fi\/kauppa\/tuote\/iittala-paula-irish-coffee-juomalasi-jorma-vennola\/#breadcrumb","itemListElement":[{"@type":"ListItem","position":1,"name":"Home","item":"https:\/\/goodwill.fi\/kauppa\/"},{"@type":"ListItem","position":2,"name":"Shop","item":"https:\/\/goodwill.fi\/kauppa\/shop\/"},{"@type":"ListItem","position":3,"name":"IITTALA PAULA KUUMAJUOMALASI, 3 KPL"}]},{"@type":"WebSite","@id":"https:\/\/goodwill.fi\/kauppa\/#website","url":"https:\/\/goodwill.fi\/kauppa\/","name":"Goodwill-verkkokauppa","description":"Kierr\u00e4tysmyym\u00e4l\u00e4 verkossa","publisher":{"@id":"https:\/\/goodwill.fi\/kauppa\/#organization"},"potentialAction":[{"@type":"SearchAction","target":{"@type":"EntryPoint","urlTemplate":"https:\/\/goodwill.fi\/kauppa\/?s={search_term_string}"},"query-input":{"@type":"PropertyValueSpecification","valueRequired":true,"valueName":"search_term_string"}}],"inLanguage":"fi"},{"@type":"Organization","@id":"https:\/\/goodwill.fi\/kauppa\/#organization","name":"Goodwill-verkkokauppa","url":"https:\/\/goodwill.fi\/kauppa\/","logo":{"@type":"ImageObject","inLanguage":"fi","@id":"https:\/\/goodwill.fi\/kauppa\/#\/schema\/logo\/image\/","url":"https:\/\/goodwill.fi\/kauppa\/wp-content\/uploads\/2021\/02\/cropped-logo_gw_store-723x211-1.png","contentUrl":"https:\/\/goodwill.fi\/kauppa\/wp-content\/uploads\/2021\/02\/cropped-logo_gw_store-723x211-1.png","width":723,"height":207,"caption":"Goodwill-verkkokauppa"},"image":{"@id":"https:\/\/goodwill.fi\/kauppa\/#\/schema\/logo\/image\/"}}]}},"_links":{"self":[{"href":"https:\/\/goodwill.fi\/kauppa\/wp-json\/wp\/v2\/product\/1583","targetHints":{"allow":["GET"]}}],"collection":[{"href":"https:\/\/goodwill.fi\/kauppa\/wp-json\/wp\/v2\/product"}],"about":[{"href":"https:\/\/goodwill.fi\/kauppa\/wp-json\/wp\/v2\/types\/product"}],"replies":[{"embeddable":true,"href":"https:\/\/goodwill.fi\/kauppa\/wp-json\/wp\/v2\/comments?post=1583"}],"wp:featuredmedia":[{"embeddable":true,"href":"https:\/\/goodwill.fi\/kauppa\/wp-json\/wp\/v2\/media\/1584"}],"wp:attachment":[{"href":"https:\/\/goodwill.fi\/kauppa\/wp-json\/wp\/v2\/media?parent=1583"}],"wp:term":[{"taxonomy":"product_brand","embeddable":true,"href":"https:\/\/goodwill.fi\/kauppa\/wp-json\/wp\/v2\/product_brand?post=1583"},{"taxonomy":"product_cat","embeddable":true,"href":"https:\/\/goodwill.fi\/kauppa\/wp-json\/wp\/v2\/product_cat?post=1583"},{"taxonomy":"product_tag","embeddable":true,"href":"https:\/\/goodwill.fi\/kauppa\/wp-json\/wp\/v2\/product_tag?post=1583"}],"curies":[{"name":"wp","href":"https:\/\/api.w.org\/{rel}","templated":true}]}}