{"id":15543,"date":"2023-09-26T11:19:52","date_gmt":"2023-09-26T08:19:52","guid":{"rendered":"https:\/\/goodwill.fi\/kauppa\/?post_type=product&#038;p=15543"},"modified":"2023-10-29T10:30:53","modified_gmt":"2023-10-29T08:30:53","slug":"onepiece-jumpsuit","status":"publish","type":"product","link":"https:\/\/goodwill.fi\/kauppa\/tuote\/onepiece-jumpsuit\/","title":{"rendered":"ONEPIECE JUMPSUIT"},"content":{"rendered":"<p>Onepiecen purppura velour\/veluuri haalari.<\/p>\n<p>Valmistaja: Onepiece<br \/>\nKoko: L<br \/>\nV\u00e4ri: purppura\/punainen<br \/>\nMateriaali: 95% polyesteri, 5% elastaani<br \/>\nKunto: k\u00e4ytetty, siistiss\u00e4 kunnossa.<\/p>\n","protected":false},"excerpt":{"rendered":"<p>Onepiecen purppura velour\/veluuri haalari. Valmistaja: Onepiece Koko: L V\u00e4ri: purppura\/punainen Materiaali: 95% polyesteri, 5% elastaani Kunto: k\u00e4ytetty, siistiss\u00e4 kunnossa.<\/p>\n","protected":false},"featured_media":15544,"comment_status":"open","ping_status":"closed","template":"","meta":[],"product_brand":[],"product_cat":[159,176,5834,5835],"product_tag":[7258,7259,7260,7255,273,1393,7256,7257],"class_list":{"0":"post-15543","1":"product","2":"type-product","3":"status-publish","4":"has-post-thumbnail","6":"product_cat-kaikki","7":"product_cat-asusteet-2","8":"product_cat-paidat-ja-puserot","9":"product_cat-housut","10":"product_tag-haalari","11":"product_tag-jumpsuit","12":"product_tag-kotv00001","13":"product_tag-onepiece","14":"product_tag-punainen-2","15":"product_tag-purppura","16":"product_tag-velour","17":"product_tag-veluuri","19":"first","20":"outofstock","21":"taxable","22":"shipping-taxable","23":"purchasable","24":"product-type-simple"},"yoast_head":"<!-- This site is optimized with the Yoast SEO plugin v27.1.1 - https:\/\/yoast.com\/product\/yoast-seo-wordpress\/ -->\n<title>ONEPIECE JUMPSUIT - Goodwill-verkkokauppa<\/title>\n<meta name=\"description\" content=\"Onepiecen purppura velour\/veluuri haalari.\u00a0Valmistaja: Onepiece. Koko: L V\u00e4ri: purppura\/punainen. Materiaali: 95% polyesteri, 5% elastaani\" \/>\n<meta name=\"robots\" content=\"index, follow, max-snippet:-1, max-image-preview:large, max-video-preview:-1\" \/>\n<link rel=\"canonical\" href=\"https:\/\/goodwill.fi\/kauppa\/tuote\/onepiece-jumpsuit\/\" \/>\n<meta property=\"og:locale\" content=\"fi_FI\" \/>\n<meta property=\"og:type\" content=\"article\" \/>\n<meta property=\"og:title\" content=\"ONEPIECE JUMPSUIT - Goodwill-verkkokauppa\" \/>\n<meta property=\"og:description\" content=\"Onepiecen purppura velour\/veluuri haalari.\u00a0Valmistaja: Onepiece. Koko: L V\u00e4ri: purppura\/punainen. Materiaali: 95% polyesteri, 5% elastaani\" \/>\n<meta property=\"og:url\" content=\"https:\/\/goodwill.fi\/kauppa\/tuote\/onepiece-jumpsuit\/\" \/>\n<meta property=\"og:site_name\" content=\"Goodwill-verkkokauppa\" \/>\n<meta property=\"article:modified_time\" content=\"2023-10-29T08:30:53+00:00\" \/>\n<meta property=\"og:image\" content=\"https:\/\/goodwill.fi\/kauppa\/wp-content\/uploads\/2023\/09\/IMG_1263-scaled.jpg\" \/>\n\t<meta property=\"og:image:width\" content=\"1707\" \/>\n\t<meta property=\"og:image:height\" content=\"2560\" \/>\n\t<meta property=\"og:image:type\" content=\"image\/jpeg\" \/>\n<meta name=\"twitter:card\" content=\"summary_large_image\" \/>\n<meta name=\"twitter:label1\" content=\"Arvioitu lukuaika\" \/>\n\t<meta name=\"twitter:data1\" content=\"1 minuutti\" \/>\n<script type=\"application\/ld+json\" class=\"yoast-schema-graph\">{\"@context\":\"https:\/\/schema.org\",\"@graph\":[{\"@type\":\"WebPage\",\"@id\":\"https:\/\/goodwill.fi\/kauppa\/tuote\/onepiece-jumpsuit\/\",\"url\":\"https:\/\/goodwill.fi\/kauppa\/tuote\/onepiece-jumpsuit\/\",\"name\":\"ONEPIECE JUMPSUIT - Goodwill-verkkokauppa\",\"isPartOf\":{\"@id\":\"https:\/\/goodwill.fi\/kauppa\/#website\"},\"primaryImageOfPage\":{\"@id\":\"https:\/\/goodwill.fi\/kauppa\/tuote\/onepiece-jumpsuit\/#primaryimage\"},\"image\":{\"@id\":\"https:\/\/goodwill.fi\/kauppa\/tuote\/onepiece-jumpsuit\/#primaryimage\"},\"thumbnailUrl\":\"https:\/\/goodwill.fi\/kauppa\/wp-content\/uploads\/2023\/09\/IMG_1263-scaled.jpg\",\"datePublished\":\"2023-09-26T08:19:52+00:00\",\"dateModified\":\"2023-10-29T08:30:53+00:00\",\"description\":\"Onepiecen purppura velour\/veluuri haalari.\u00a0Valmistaja: Onepiece. Koko: L V\u00e4ri: purppura\/punainen. Materiaali: 95% polyesteri, 5% elastaani\",\"breadcrumb\":{\"@id\":\"https:\/\/goodwill.fi\/kauppa\/tuote\/onepiece-jumpsuit\/#breadcrumb\"},\"inLanguage\":\"fi\",\"potentialAction\":[{\"@type\":\"ReadAction\",\"target\":[\"https:\/\/goodwill.fi\/kauppa\/tuote\/onepiece-jumpsuit\/\"]}]},{\"@type\":\"ImageObject\",\"inLanguage\":\"fi\",\"@id\":\"https:\/\/goodwill.fi\/kauppa\/tuote\/onepiece-jumpsuit\/#primaryimage\",\"url\":\"https:\/\/goodwill.fi\/kauppa\/wp-content\/uploads\/2023\/09\/IMG_1263-scaled.jpg\",\"contentUrl\":\"https:\/\/goodwill.fi\/kauppa\/wp-content\/uploads\/2023\/09\/IMG_1263-scaled.jpg\",\"width\":1707,\"height\":2560},{\"@type\":\"BreadcrumbList\",\"@id\":\"https:\/\/goodwill.fi\/kauppa\/tuote\/onepiece-jumpsuit\/#breadcrumb\",\"itemListElement\":[{\"@type\":\"ListItem\",\"position\":1,\"name\":\"Home\",\"item\":\"https:\/\/goodwill.fi\/kauppa\/\"},{\"@type\":\"ListItem\",\"position\":2,\"name\":\"Shop\",\"item\":\"https:\/\/goodwill.fi\/kauppa\/shop\/\"},{\"@type\":\"ListItem\",\"position\":3,\"name\":\"ONEPIECE JUMPSUIT\"}]},{\"@type\":\"WebSite\",\"@id\":\"https:\/\/goodwill.fi\/kauppa\/#website\",\"url\":\"https:\/\/goodwill.fi\/kauppa\/\",\"name\":\"Goodwill-verkkokauppa\",\"description\":\"Kierr\u00e4tysmyym\u00e4l\u00e4 verkossa\",\"publisher\":{\"@id\":\"https:\/\/goodwill.fi\/kauppa\/#organization\"},\"potentialAction\":[{\"@type\":\"SearchAction\",\"target\":{\"@type\":\"EntryPoint\",\"urlTemplate\":\"https:\/\/goodwill.fi\/kauppa\/?s={search_term_string}\"},\"query-input\":{\"@type\":\"PropertyValueSpecification\",\"valueRequired\":true,\"valueName\":\"search_term_string\"}}],\"inLanguage\":\"fi\"},{\"@type\":\"Organization\",\"@id\":\"https:\/\/goodwill.fi\/kauppa\/#organization\",\"name\":\"Goodwill-verkkokauppa\",\"url\":\"https:\/\/goodwill.fi\/kauppa\/\",\"logo\":{\"@type\":\"ImageObject\",\"inLanguage\":\"fi\",\"@id\":\"https:\/\/goodwill.fi\/kauppa\/#\/schema\/logo\/image\/\",\"url\":\"https:\/\/goodwill.fi\/kauppa\/wp-content\/uploads\/2021\/02\/cropped-logo_gw_store-723x211-1.png\",\"contentUrl\":\"https:\/\/goodwill.fi\/kauppa\/wp-content\/uploads\/2021\/02\/cropped-logo_gw_store-723x211-1.png\",\"width\":723,\"height\":207,\"caption\":\"Goodwill-verkkokauppa\"},\"image\":{\"@id\":\"https:\/\/goodwill.fi\/kauppa\/#\/schema\/logo\/image\/\"}}]}<\/script>\n<!-- \/ Yoast SEO plugin. -->","yoast_head_json":{"title":"ONEPIECE JUMPSUIT - Goodwill-verkkokauppa","description":"Onepiecen purppura velour\/veluuri haalari.\u00a0Valmistaja: Onepiece. Koko: L V\u00e4ri: purppura\/punainen. Materiaali: 95% polyesteri, 5% elastaani","robots":{"index":"index","follow":"follow","max-snippet":"max-snippet:-1","max-image-preview":"max-image-preview:large","max-video-preview":"max-video-preview:-1"},"canonical":"https:\/\/goodwill.fi\/kauppa\/tuote\/onepiece-jumpsuit\/","og_locale":"fi_FI","og_type":"article","og_title":"ONEPIECE JUMPSUIT - Goodwill-verkkokauppa","og_description":"Onepiecen purppura velour\/veluuri haalari.\u00a0Valmistaja: Onepiece. Koko: L V\u00e4ri: purppura\/punainen. Materiaali: 95% polyesteri, 5% elastaani","og_url":"https:\/\/goodwill.fi\/kauppa\/tuote\/onepiece-jumpsuit\/","og_site_name":"Goodwill-verkkokauppa","article_modified_time":"2023-10-29T08:30:53+00:00","og_image":[{"width":1707,"height":2560,"url":"https:\/\/goodwill.fi\/kauppa\/wp-content\/uploads\/2023\/09\/IMG_1263-scaled.jpg","type":"image\/jpeg"}],"twitter_card":"summary_large_image","twitter_misc":{"Arvioitu lukuaika":"1 minuutti"},"schema":{"@context":"https:\/\/schema.org","@graph":[{"@type":"WebPage","@id":"https:\/\/goodwill.fi\/kauppa\/tuote\/onepiece-jumpsuit\/","url":"https:\/\/goodwill.fi\/kauppa\/tuote\/onepiece-jumpsuit\/","name":"ONEPIECE JUMPSUIT - Goodwill-verkkokauppa","isPartOf":{"@id":"https:\/\/goodwill.fi\/kauppa\/#website"},"primaryImageOfPage":{"@id":"https:\/\/goodwill.fi\/kauppa\/tuote\/onepiece-jumpsuit\/#primaryimage"},"image":{"@id":"https:\/\/goodwill.fi\/kauppa\/tuote\/onepiece-jumpsuit\/#primaryimage"},"thumbnailUrl":"https:\/\/goodwill.fi\/kauppa\/wp-content\/uploads\/2023\/09\/IMG_1263-scaled.jpg","datePublished":"2023-09-26T08:19:52+00:00","dateModified":"2023-10-29T08:30:53+00:00","description":"Onepiecen purppura velour\/veluuri haalari.\u00a0Valmistaja: Onepiece. Koko: L V\u00e4ri: purppura\/punainen. Materiaali: 95% polyesteri, 5% elastaani","breadcrumb":{"@id":"https:\/\/goodwill.fi\/kauppa\/tuote\/onepiece-jumpsuit\/#breadcrumb"},"inLanguage":"fi","potentialAction":[{"@type":"ReadAction","target":["https:\/\/goodwill.fi\/kauppa\/tuote\/onepiece-jumpsuit\/"]}]},{"@type":"ImageObject","inLanguage":"fi","@id":"https:\/\/goodwill.fi\/kauppa\/tuote\/onepiece-jumpsuit\/#primaryimage","url":"https:\/\/goodwill.fi\/kauppa\/wp-content\/uploads\/2023\/09\/IMG_1263-scaled.jpg","contentUrl":"https:\/\/goodwill.fi\/kauppa\/wp-content\/uploads\/2023\/09\/IMG_1263-scaled.jpg","width":1707,"height":2560},{"@type":"BreadcrumbList","@id":"https:\/\/goodwill.fi\/kauppa\/tuote\/onepiece-jumpsuit\/#breadcrumb","itemListElement":[{"@type":"ListItem","position":1,"name":"Home","item":"https:\/\/goodwill.fi\/kauppa\/"},{"@type":"ListItem","position":2,"name":"Shop","item":"https:\/\/goodwill.fi\/kauppa\/shop\/"},{"@type":"ListItem","position":3,"name":"ONEPIECE JUMPSUIT"}]},{"@type":"WebSite","@id":"https:\/\/goodwill.fi\/kauppa\/#website","url":"https:\/\/goodwill.fi\/kauppa\/","name":"Goodwill-verkkokauppa","description":"Kierr\u00e4tysmyym\u00e4l\u00e4 verkossa","publisher":{"@id":"https:\/\/goodwill.fi\/kauppa\/#organization"},"potentialAction":[{"@type":"SearchAction","target":{"@type":"EntryPoint","urlTemplate":"https:\/\/goodwill.fi\/kauppa\/?s={search_term_string}"},"query-input":{"@type":"PropertyValueSpecification","valueRequired":true,"valueName":"search_term_string"}}],"inLanguage":"fi"},{"@type":"Organization","@id":"https:\/\/goodwill.fi\/kauppa\/#organization","name":"Goodwill-verkkokauppa","url":"https:\/\/goodwill.fi\/kauppa\/","logo":{"@type":"ImageObject","inLanguage":"fi","@id":"https:\/\/goodwill.fi\/kauppa\/#\/schema\/logo\/image\/","url":"https:\/\/goodwill.fi\/kauppa\/wp-content\/uploads\/2021\/02\/cropped-logo_gw_store-723x211-1.png","contentUrl":"https:\/\/goodwill.fi\/kauppa\/wp-content\/uploads\/2021\/02\/cropped-logo_gw_store-723x211-1.png","width":723,"height":207,"caption":"Goodwill-verkkokauppa"},"image":{"@id":"https:\/\/goodwill.fi\/kauppa\/#\/schema\/logo\/image\/"}}]}},"_links":{"self":[{"href":"https:\/\/goodwill.fi\/kauppa\/wp-json\/wp\/v2\/product\/15543","targetHints":{"allow":["GET"]}}],"collection":[{"href":"https:\/\/goodwill.fi\/kauppa\/wp-json\/wp\/v2\/product"}],"about":[{"href":"https:\/\/goodwill.fi\/kauppa\/wp-json\/wp\/v2\/types\/product"}],"replies":[{"embeddable":true,"href":"https:\/\/goodwill.fi\/kauppa\/wp-json\/wp\/v2\/comments?post=15543"}],"wp:featuredmedia":[{"embeddable":true,"href":"https:\/\/goodwill.fi\/kauppa\/wp-json\/wp\/v2\/media\/15544"}],"wp:attachment":[{"href":"https:\/\/goodwill.fi\/kauppa\/wp-json\/wp\/v2\/media?parent=15543"}],"wp:term":[{"taxonomy":"product_brand","embeddable":true,"href":"https:\/\/goodwill.fi\/kauppa\/wp-json\/wp\/v2\/product_brand?post=15543"},{"taxonomy":"product_cat","embeddable":true,"href":"https:\/\/goodwill.fi\/kauppa\/wp-json\/wp\/v2\/product_cat?post=15543"},{"taxonomy":"product_tag","embeddable":true,"href":"https:\/\/goodwill.fi\/kauppa\/wp-json\/wp\/v2\/product_tag?post=15543"}],"curies":[{"name":"wp","href":"https:\/\/api.w.org\/{rel}","templated":true}]}}