{"id":14480,"date":"2023-07-20T10:04:53","date_gmt":"2023-07-20T07:04:53","guid":{"rendered":"https:\/\/goodwill.fi\/kauppa\/?post_type=product&#038;p=14480"},"modified":"2023-07-29T10:48:08","modified_gmt":"2023-07-29T07:48:08","slug":"hackman-sorsakoski-veitsisetti","status":"publish","type":"product","link":"https:\/\/goodwill.fi\/kauppa\/tuote\/hackman-sorsakoski-veitsisetti\/","title":{"rendered":"HACKMAN SORSAKOSKI VEITSISETTI"},"content":{"rendered":"<p>Valmistaja: Hackman<br \/>\nValmistusvuosi: ei tiedossa<br \/>\nVeitsen mitat: pituus 20.5 cm, paino 45 g<br \/>\nMateriaali: ruostumaton ter\u00e4s<br \/>\nKunto: hieman k\u00e4yt\u00f6n j\u00e4lki\u00e4, laatikko on hieman ruhjeinen<br \/>\nHuom: tuotteet myyd\u00e4\u00e4n settin\u00e4 (6 kappaletta), alkuper\u00e4inen pakkaus<\/p>\n","protected":false},"excerpt":{"rendered":"<p>Valmistaja: Hackman Valmistusvuosi: ei tiedossa Veitsen mitat: pituus 20.5 cm, paino 45 g Materiaali: ruostumaton ter\u00e4s Kunto: hieman k\u00e4yt\u00f6n j\u00e4lki\u00e4, laatikko on hieman ruhjeinen Huom: tuotteet myyd\u00e4\u00e4n settin\u00e4 (6 kappaletta), alkuper\u00e4inen pakkaus<\/p>\n","protected":false},"featured_media":14481,"comment_status":"open","ping_status":"closed","template":"","meta":[],"product_brand":[],"product_cat":[159,146],"product_tag":[6607,6933,260,558,6232,258,6934,5614],"class_list":{"0":"post-14480","1":"product","2":"type-product","3":"status-publish","4":"has-post-thumbnail","6":"product_cat-kaikki","7":"product_cat-koti-2","8":"product_tag-hackman","9":"product_tag-kot02462","10":"product_tag-ruostumaton","11":"product_tag-setti","12":"product_tag-sorsakoski","13":"product_tag-teras","14":"product_tag-veitset","15":"product_tag-veitsi","17":"first","18":"outofstock","19":"taxable","20":"shipping-taxable","21":"purchasable","22":"product-type-simple"},"yoast_head":"<!-- This site is optimized with the Yoast SEO plugin v27.1.1 - https:\/\/yoast.com\/product\/yoast-seo-wordpress\/ -->\n<title>HACKMAN SORSAKOSKI VEITSISETTI - Goodwill-verkkokauppa<\/title>\n<meta name=\"description\" content=\"Valmistaja: Hackman Valmistusvuosi: ei tiedossa Veitsen mitat: pituus 20.5 cm, paino 45 g Materiaali: ruostumaton ter\u00e4s\" \/>\n<meta name=\"robots\" content=\"index, follow, max-snippet:-1, max-image-preview:large, max-video-preview:-1\" \/>\n<link rel=\"canonical\" href=\"https:\/\/goodwill.fi\/kauppa\/tuote\/hackman-sorsakoski-veitsisetti\/\" \/>\n<meta property=\"og:locale\" content=\"fi_FI\" \/>\n<meta property=\"og:type\" content=\"article\" \/>\n<meta property=\"og:title\" content=\"HACKMAN SORSAKOSKI VEITSISETTI - Goodwill-verkkokauppa\" \/>\n<meta property=\"og:description\" content=\"Valmistaja: Hackman Valmistusvuosi: ei tiedossa Veitsen mitat: pituus 20.5 cm, paino 45 g Materiaali: ruostumaton ter\u00e4s\" \/>\n<meta property=\"og:url\" content=\"https:\/\/goodwill.fi\/kauppa\/tuote\/hackman-sorsakoski-veitsisetti\/\" \/>\n<meta property=\"og:site_name\" content=\"Goodwill-verkkokauppa\" \/>\n<meta property=\"article:modified_time\" content=\"2023-07-29T07:48:08+00:00\" \/>\n<meta property=\"og:image\" content=\"https:\/\/goodwill.fi\/kauppa\/wp-content\/uploads\/2023\/07\/IMG_0173-scaled.jpg\" \/>\n\t<meta property=\"og:image:width\" content=\"2560\" \/>\n\t<meta property=\"og:image:height\" content=\"1707\" \/>\n\t<meta property=\"og:image:type\" content=\"image\/jpeg\" \/>\n<meta name=\"twitter:card\" content=\"summary_large_image\" \/>\n<meta name=\"twitter:label1\" content=\"Arvioitu lukuaika\" \/>\n\t<meta name=\"twitter:data1\" content=\"1 minuutti\" \/>\n<script type=\"application\/ld+json\" class=\"yoast-schema-graph\">{\"@context\":\"https:\/\/schema.org\",\"@graph\":[{\"@type\":\"WebPage\",\"@id\":\"https:\/\/goodwill.fi\/kauppa\/tuote\/hackman-sorsakoski-veitsisetti\/\",\"url\":\"https:\/\/goodwill.fi\/kauppa\/tuote\/hackman-sorsakoski-veitsisetti\/\",\"name\":\"HACKMAN SORSAKOSKI VEITSISETTI - Goodwill-verkkokauppa\",\"isPartOf\":{\"@id\":\"https:\/\/goodwill.fi\/kauppa\/#website\"},\"primaryImageOfPage\":{\"@id\":\"https:\/\/goodwill.fi\/kauppa\/tuote\/hackman-sorsakoski-veitsisetti\/#primaryimage\"},\"image\":{\"@id\":\"https:\/\/goodwill.fi\/kauppa\/tuote\/hackman-sorsakoski-veitsisetti\/#primaryimage\"},\"thumbnailUrl\":\"https:\/\/goodwill.fi\/kauppa\/wp-content\/uploads\/2023\/07\/IMG_0173-scaled.jpg\",\"datePublished\":\"2023-07-20T07:04:53+00:00\",\"dateModified\":\"2023-07-29T07:48:08+00:00\",\"description\":\"Valmistaja: Hackman Valmistusvuosi: ei tiedossa Veitsen mitat: pituus 20.5 cm, paino 45 g Materiaali: ruostumaton ter\u00e4s\",\"breadcrumb\":{\"@id\":\"https:\/\/goodwill.fi\/kauppa\/tuote\/hackman-sorsakoski-veitsisetti\/#breadcrumb\"},\"inLanguage\":\"fi\",\"potentialAction\":[{\"@type\":\"ReadAction\",\"target\":[\"https:\/\/goodwill.fi\/kauppa\/tuote\/hackman-sorsakoski-veitsisetti\/\"]}]},{\"@type\":\"ImageObject\",\"inLanguage\":\"fi\",\"@id\":\"https:\/\/goodwill.fi\/kauppa\/tuote\/hackman-sorsakoski-veitsisetti\/#primaryimage\",\"url\":\"https:\/\/goodwill.fi\/kauppa\/wp-content\/uploads\/2023\/07\/IMG_0173-scaled.jpg\",\"contentUrl\":\"https:\/\/goodwill.fi\/kauppa\/wp-content\/uploads\/2023\/07\/IMG_0173-scaled.jpg\",\"width\":2560,\"height\":1707},{\"@type\":\"BreadcrumbList\",\"@id\":\"https:\/\/goodwill.fi\/kauppa\/tuote\/hackman-sorsakoski-veitsisetti\/#breadcrumb\",\"itemListElement\":[{\"@type\":\"ListItem\",\"position\":1,\"name\":\"Home\",\"item\":\"https:\/\/goodwill.fi\/kauppa\/\"},{\"@type\":\"ListItem\",\"position\":2,\"name\":\"Shop\",\"item\":\"https:\/\/goodwill.fi\/kauppa\/shop\/\"},{\"@type\":\"ListItem\",\"position\":3,\"name\":\"HACKMAN SORSAKOSKI VEITSISETTI\"}]},{\"@type\":\"WebSite\",\"@id\":\"https:\/\/goodwill.fi\/kauppa\/#website\",\"url\":\"https:\/\/goodwill.fi\/kauppa\/\",\"name\":\"Goodwill-verkkokauppa\",\"description\":\"Kierr\u00e4tysmyym\u00e4l\u00e4 verkossa\",\"publisher\":{\"@id\":\"https:\/\/goodwill.fi\/kauppa\/#organization\"},\"potentialAction\":[{\"@type\":\"SearchAction\",\"target\":{\"@type\":\"EntryPoint\",\"urlTemplate\":\"https:\/\/goodwill.fi\/kauppa\/?s={search_term_string}\"},\"query-input\":{\"@type\":\"PropertyValueSpecification\",\"valueRequired\":true,\"valueName\":\"search_term_string\"}}],\"inLanguage\":\"fi\"},{\"@type\":\"Organization\",\"@id\":\"https:\/\/goodwill.fi\/kauppa\/#organization\",\"name\":\"Goodwill-verkkokauppa\",\"url\":\"https:\/\/goodwill.fi\/kauppa\/\",\"logo\":{\"@type\":\"ImageObject\",\"inLanguage\":\"fi\",\"@id\":\"https:\/\/goodwill.fi\/kauppa\/#\/schema\/logo\/image\/\",\"url\":\"https:\/\/goodwill.fi\/kauppa\/wp-content\/uploads\/2021\/02\/cropped-logo_gw_store-723x211-1.png\",\"contentUrl\":\"https:\/\/goodwill.fi\/kauppa\/wp-content\/uploads\/2021\/02\/cropped-logo_gw_store-723x211-1.png\",\"width\":723,\"height\":207,\"caption\":\"Goodwill-verkkokauppa\"},\"image\":{\"@id\":\"https:\/\/goodwill.fi\/kauppa\/#\/schema\/logo\/image\/\"}}]}<\/script>\n<!-- \/ Yoast SEO plugin. -->","yoast_head_json":{"title":"HACKMAN SORSAKOSKI VEITSISETTI - Goodwill-verkkokauppa","description":"Valmistaja: Hackman Valmistusvuosi: ei tiedossa Veitsen mitat: pituus 20.5 cm, paino 45 g Materiaali: ruostumaton ter\u00e4s","robots":{"index":"index","follow":"follow","max-snippet":"max-snippet:-1","max-image-preview":"max-image-preview:large","max-video-preview":"max-video-preview:-1"},"canonical":"https:\/\/goodwill.fi\/kauppa\/tuote\/hackman-sorsakoski-veitsisetti\/","og_locale":"fi_FI","og_type":"article","og_title":"HACKMAN SORSAKOSKI VEITSISETTI - Goodwill-verkkokauppa","og_description":"Valmistaja: Hackman Valmistusvuosi: ei tiedossa Veitsen mitat: pituus 20.5 cm, paino 45 g Materiaali: ruostumaton ter\u00e4s","og_url":"https:\/\/goodwill.fi\/kauppa\/tuote\/hackman-sorsakoski-veitsisetti\/","og_site_name":"Goodwill-verkkokauppa","article_modified_time":"2023-07-29T07:48:08+00:00","og_image":[{"width":2560,"height":1707,"url":"https:\/\/goodwill.fi\/kauppa\/wp-content\/uploads\/2023\/07\/IMG_0173-scaled.jpg","type":"image\/jpeg"}],"twitter_card":"summary_large_image","twitter_misc":{"Arvioitu lukuaika":"1 minuutti"},"schema":{"@context":"https:\/\/schema.org","@graph":[{"@type":"WebPage","@id":"https:\/\/goodwill.fi\/kauppa\/tuote\/hackman-sorsakoski-veitsisetti\/","url":"https:\/\/goodwill.fi\/kauppa\/tuote\/hackman-sorsakoski-veitsisetti\/","name":"HACKMAN SORSAKOSKI VEITSISETTI - Goodwill-verkkokauppa","isPartOf":{"@id":"https:\/\/goodwill.fi\/kauppa\/#website"},"primaryImageOfPage":{"@id":"https:\/\/goodwill.fi\/kauppa\/tuote\/hackman-sorsakoski-veitsisetti\/#primaryimage"},"image":{"@id":"https:\/\/goodwill.fi\/kauppa\/tuote\/hackman-sorsakoski-veitsisetti\/#primaryimage"},"thumbnailUrl":"https:\/\/goodwill.fi\/kauppa\/wp-content\/uploads\/2023\/07\/IMG_0173-scaled.jpg","datePublished":"2023-07-20T07:04:53+00:00","dateModified":"2023-07-29T07:48:08+00:00","description":"Valmistaja: Hackman Valmistusvuosi: ei tiedossa Veitsen mitat: pituus 20.5 cm, paino 45 g Materiaali: ruostumaton ter\u00e4s","breadcrumb":{"@id":"https:\/\/goodwill.fi\/kauppa\/tuote\/hackman-sorsakoski-veitsisetti\/#breadcrumb"},"inLanguage":"fi","potentialAction":[{"@type":"ReadAction","target":["https:\/\/goodwill.fi\/kauppa\/tuote\/hackman-sorsakoski-veitsisetti\/"]}]},{"@type":"ImageObject","inLanguage":"fi","@id":"https:\/\/goodwill.fi\/kauppa\/tuote\/hackman-sorsakoski-veitsisetti\/#primaryimage","url":"https:\/\/goodwill.fi\/kauppa\/wp-content\/uploads\/2023\/07\/IMG_0173-scaled.jpg","contentUrl":"https:\/\/goodwill.fi\/kauppa\/wp-content\/uploads\/2023\/07\/IMG_0173-scaled.jpg","width":2560,"height":1707},{"@type":"BreadcrumbList","@id":"https:\/\/goodwill.fi\/kauppa\/tuote\/hackman-sorsakoski-veitsisetti\/#breadcrumb","itemListElement":[{"@type":"ListItem","position":1,"name":"Home","item":"https:\/\/goodwill.fi\/kauppa\/"},{"@type":"ListItem","position":2,"name":"Shop","item":"https:\/\/goodwill.fi\/kauppa\/shop\/"},{"@type":"ListItem","position":3,"name":"HACKMAN SORSAKOSKI VEITSISETTI"}]},{"@type":"WebSite","@id":"https:\/\/goodwill.fi\/kauppa\/#website","url":"https:\/\/goodwill.fi\/kauppa\/","name":"Goodwill-verkkokauppa","description":"Kierr\u00e4tysmyym\u00e4l\u00e4 verkossa","publisher":{"@id":"https:\/\/goodwill.fi\/kauppa\/#organization"},"potentialAction":[{"@type":"SearchAction","target":{"@type":"EntryPoint","urlTemplate":"https:\/\/goodwill.fi\/kauppa\/?s={search_term_string}"},"query-input":{"@type":"PropertyValueSpecification","valueRequired":true,"valueName":"search_term_string"}}],"inLanguage":"fi"},{"@type":"Organization","@id":"https:\/\/goodwill.fi\/kauppa\/#organization","name":"Goodwill-verkkokauppa","url":"https:\/\/goodwill.fi\/kauppa\/","logo":{"@type":"ImageObject","inLanguage":"fi","@id":"https:\/\/goodwill.fi\/kauppa\/#\/schema\/logo\/image\/","url":"https:\/\/goodwill.fi\/kauppa\/wp-content\/uploads\/2021\/02\/cropped-logo_gw_store-723x211-1.png","contentUrl":"https:\/\/goodwill.fi\/kauppa\/wp-content\/uploads\/2021\/02\/cropped-logo_gw_store-723x211-1.png","width":723,"height":207,"caption":"Goodwill-verkkokauppa"},"image":{"@id":"https:\/\/goodwill.fi\/kauppa\/#\/schema\/logo\/image\/"}}]}},"_links":{"self":[{"href":"https:\/\/goodwill.fi\/kauppa\/wp-json\/wp\/v2\/product\/14480","targetHints":{"allow":["GET"]}}],"collection":[{"href":"https:\/\/goodwill.fi\/kauppa\/wp-json\/wp\/v2\/product"}],"about":[{"href":"https:\/\/goodwill.fi\/kauppa\/wp-json\/wp\/v2\/types\/product"}],"replies":[{"embeddable":true,"href":"https:\/\/goodwill.fi\/kauppa\/wp-json\/wp\/v2\/comments?post=14480"}],"wp:featuredmedia":[{"embeddable":true,"href":"https:\/\/goodwill.fi\/kauppa\/wp-json\/wp\/v2\/media\/14481"}],"wp:attachment":[{"href":"https:\/\/goodwill.fi\/kauppa\/wp-json\/wp\/v2\/media?parent=14480"}],"wp:term":[{"taxonomy":"product_brand","embeddable":true,"href":"https:\/\/goodwill.fi\/kauppa\/wp-json\/wp\/v2\/product_brand?post=14480"},{"taxonomy":"product_cat","embeddable":true,"href":"https:\/\/goodwill.fi\/kauppa\/wp-json\/wp\/v2\/product_cat?post=14480"},{"taxonomy":"product_tag","embeddable":true,"href":"https:\/\/goodwill.fi\/kauppa\/wp-json\/wp\/v2\/product_tag?post=14480"}],"curies":[{"name":"wp","href":"https:\/\/api.w.org\/{rel}","templated":true}]}}