{"id":14022,"date":"2023-06-26T15:24:27","date_gmt":"2023-06-26T12:24:27","guid":{"rendered":"https:\/\/goodwill.fi\/kauppa\/?post_type=product&#038;p=14022"},"modified":"2023-11-20T16:49:26","modified_gmt":"2023-11-20T14:49:26","slug":"kalevala-kielo-kaulakoru","status":"publish","type":"product","link":"https:\/\/goodwill.fi\/kauppa\/tuote\/kalevala-kielo-kaulakoru\/","title":{"rendered":"KALEVALA KIELO KAULAKORU"},"content":{"rendered":"<p>Suunnittelija: Tony Granholm<br \/>\nValmistaja: Kalevala Koru<br \/>\nMitat: pituus 42 cm\/45 cm, paino 8 g<br \/>\nV\u00e4ri: hopea<br \/>\nMateriaali: hopea (.925)<br \/>\nKunto: k\u00e4ytetty, hyv\u00e4<\/p>\n","protected":false},"excerpt":{"rendered":"<p>Suunnittelija: Tony Granholm Valmistaja: Kalevala Koru Mitat: pituus 42 cm\/45 cm, paino 8 g V\u00e4ri: hopea Materiaali: hopea (.925) Kunto: k\u00e4ytetty, hyv\u00e4<\/p>\n","protected":false},"featured_media":14024,"comment_status":"open","ping_status":"closed","template":"","meta":[],"product_brand":[],"product_cat":[159,148,176],"product_tag":[363,429,3253,195,6804,213],"class_list":{"0":"post-14022","1":"product","2":"type-product","3":"status-publish","4":"has-post-thumbnail","6":"product_cat-kaikki","7":"product_cat-korut-2","8":"product_cat-asusteet-2","9":"product_tag-hopea","10":"product_tag-kalevala","11":"product_tag-kalevala-koru","12":"product_tag-kaulakoru","13":"product_tag-kit00178","14":"product_tag-koru","16":"first","17":"outofstock","18":"taxable","19":"shipping-taxable","20":"purchasable","21":"product-type-simple"},"yoast_head":"<!-- This site is optimized with the Yoast SEO plugin v27.4 - https:\/\/yoast.com\/product\/yoast-seo-wordpress\/ -->\n<title>KALEVALA KIELO KAULAKORU - Goodwill-verkkokauppa<\/title>\n<meta name=\"description\" content=\"Kalevala Korun hopeinen Kielo kaulakoru. Kaunis ja ajaton malli. Ketjun pituutta on mahdollista s\u00e4\u00e4t\u00e4\u00e4. Sarjaan kuuluu my\u00f6s mm. korvakorut.\" \/>\n<meta name=\"robots\" content=\"index, follow, max-snippet:-1, max-image-preview:large, max-video-preview:-1\" \/>\n<link rel=\"canonical\" href=\"https:\/\/goodwill.fi\/kauppa\/tuote\/kalevala-kielo-kaulakoru\/\" \/>\n<meta property=\"og:locale\" content=\"fi_FI\" \/>\n<meta property=\"og:type\" content=\"article\" \/>\n<meta property=\"og:title\" content=\"KALEVALA KIELO KAULAKORU - Goodwill-verkkokauppa\" \/>\n<meta property=\"og:description\" content=\"Kalevala Korun hopeinen Kielo kaulakoru. Kaunis ja ajaton malli. Ketjun pituutta on mahdollista s\u00e4\u00e4t\u00e4\u00e4. Sarjaan kuuluu my\u00f6s mm. korvakorut.\" \/>\n<meta property=\"og:url\" content=\"https:\/\/goodwill.fi\/kauppa\/tuote\/kalevala-kielo-kaulakoru\/\" \/>\n<meta property=\"og:site_name\" content=\"Goodwill-verkkokauppa\" \/>\n<meta property=\"article:modified_time\" content=\"2023-11-20T14:49:26+00:00\" \/>\n<meta property=\"og:image\" content=\"https:\/\/goodwill.fi\/kauppa\/wp-content\/uploads\/2023\/06\/20230626_115144-scaled.jpg\" \/>\n\t<meta property=\"og:image:width\" content=\"1920\" \/>\n\t<meta property=\"og:image:height\" content=\"2560\" \/>\n\t<meta property=\"og:image:type\" content=\"image\/jpeg\" \/>\n<meta name=\"twitter:card\" content=\"summary_large_image\" \/>\n<meta name=\"twitter:label1\" content=\"Arvioitu lukuaika\" \/>\n\t<meta name=\"twitter:data1\" content=\"1 minuutti\" \/>\n<script type=\"application\/ld+json\" class=\"yoast-schema-graph\">{\"@context\":\"https:\\\/\\\/schema.org\",\"@graph\":[{\"@type\":\"WebPage\",\"@id\":\"https:\\\/\\\/goodwill.fi\\\/kauppa\\\/tuote\\\/kalevala-kielo-kaulakoru\\\/\",\"url\":\"https:\\\/\\\/goodwill.fi\\\/kauppa\\\/tuote\\\/kalevala-kielo-kaulakoru\\\/\",\"name\":\"KALEVALA KIELO KAULAKORU - Goodwill-verkkokauppa\",\"isPartOf\":{\"@id\":\"https:\\\/\\\/goodwill.fi\\\/kauppa\\\/#website\"},\"primaryImageOfPage\":{\"@id\":\"https:\\\/\\\/goodwill.fi\\\/kauppa\\\/tuote\\\/kalevala-kielo-kaulakoru\\\/#primaryimage\"},\"image\":{\"@id\":\"https:\\\/\\\/goodwill.fi\\\/kauppa\\\/tuote\\\/kalevala-kielo-kaulakoru\\\/#primaryimage\"},\"thumbnailUrl\":\"https:\\\/\\\/goodwill.fi\\\/kauppa\\\/wp-content\\\/uploads\\\/2023\\\/06\\\/20230626_115144-scaled.jpg\",\"datePublished\":\"2023-06-26T12:24:27+00:00\",\"dateModified\":\"2023-11-20T14:49:26+00:00\",\"description\":\"Kalevala Korun hopeinen Kielo kaulakoru. Kaunis ja ajaton malli. Ketjun pituutta on mahdollista s\u00e4\u00e4t\u00e4\u00e4. Sarjaan kuuluu my\u00f6s mm. korvakorut.\",\"breadcrumb\":{\"@id\":\"https:\\\/\\\/goodwill.fi\\\/kauppa\\\/tuote\\\/kalevala-kielo-kaulakoru\\\/#breadcrumb\"},\"inLanguage\":\"fi\",\"potentialAction\":[{\"@type\":\"ReadAction\",\"target\":[\"https:\\\/\\\/goodwill.fi\\\/kauppa\\\/tuote\\\/kalevala-kielo-kaulakoru\\\/\"]}]},{\"@type\":\"ImageObject\",\"inLanguage\":\"fi\",\"@id\":\"https:\\\/\\\/goodwill.fi\\\/kauppa\\\/tuote\\\/kalevala-kielo-kaulakoru\\\/#primaryimage\",\"url\":\"https:\\\/\\\/goodwill.fi\\\/kauppa\\\/wp-content\\\/uploads\\\/2023\\\/06\\\/20230626_115144-scaled.jpg\",\"contentUrl\":\"https:\\\/\\\/goodwill.fi\\\/kauppa\\\/wp-content\\\/uploads\\\/2023\\\/06\\\/20230626_115144-scaled.jpg\",\"width\":1920,\"height\":2560},{\"@type\":\"BreadcrumbList\",\"@id\":\"https:\\\/\\\/goodwill.fi\\\/kauppa\\\/tuote\\\/kalevala-kielo-kaulakoru\\\/#breadcrumb\",\"itemListElement\":[{\"@type\":\"ListItem\",\"position\":1,\"name\":\"Home\",\"item\":\"https:\\\/\\\/goodwill.fi\\\/kauppa\\\/\"},{\"@type\":\"ListItem\",\"position\":2,\"name\":\"Shop\",\"item\":\"https:\\\/\\\/goodwill.fi\\\/kauppa\\\/shop\\\/\"},{\"@type\":\"ListItem\",\"position\":3,\"name\":\"KALEVALA KIELO KAULAKORU\"}]},{\"@type\":\"WebSite\",\"@id\":\"https:\\\/\\\/goodwill.fi\\\/kauppa\\\/#website\",\"url\":\"https:\\\/\\\/goodwill.fi\\\/kauppa\\\/\",\"name\":\"Goodwill-verkkokauppa\",\"description\":\"Kierr\u00e4tysmyym\u00e4l\u00e4 verkossa\",\"publisher\":{\"@id\":\"https:\\\/\\\/goodwill.fi\\\/kauppa\\\/#organization\"},\"potentialAction\":[{\"@type\":\"SearchAction\",\"target\":{\"@type\":\"EntryPoint\",\"urlTemplate\":\"https:\\\/\\\/goodwill.fi\\\/kauppa\\\/?s={search_term_string}\"},\"query-input\":{\"@type\":\"PropertyValueSpecification\",\"valueRequired\":true,\"valueName\":\"search_term_string\"}}],\"inLanguage\":\"fi\"},{\"@type\":\"Organization\",\"@id\":\"https:\\\/\\\/goodwill.fi\\\/kauppa\\\/#organization\",\"name\":\"Goodwill-verkkokauppa\",\"url\":\"https:\\\/\\\/goodwill.fi\\\/kauppa\\\/\",\"logo\":{\"@type\":\"ImageObject\",\"inLanguage\":\"fi\",\"@id\":\"https:\\\/\\\/goodwill.fi\\\/kauppa\\\/#\\\/schema\\\/logo\\\/image\\\/\",\"url\":\"https:\\\/\\\/goodwill.fi\\\/kauppa\\\/wp-content\\\/uploads\\\/2021\\\/02\\\/cropped-logo_gw_store-723x211-1.png\",\"contentUrl\":\"https:\\\/\\\/goodwill.fi\\\/kauppa\\\/wp-content\\\/uploads\\\/2021\\\/02\\\/cropped-logo_gw_store-723x211-1.png\",\"width\":723,\"height\":207,\"caption\":\"Goodwill-verkkokauppa\"},\"image\":{\"@id\":\"https:\\\/\\\/goodwill.fi\\\/kauppa\\\/#\\\/schema\\\/logo\\\/image\\\/\"}}]}<\/script>\n<!-- \/ Yoast SEO plugin. -->","yoast_head_json":{"title":"KALEVALA KIELO KAULAKORU - Goodwill-verkkokauppa","description":"Kalevala Korun hopeinen Kielo kaulakoru. Kaunis ja ajaton malli. Ketjun pituutta on mahdollista s\u00e4\u00e4t\u00e4\u00e4. Sarjaan kuuluu my\u00f6s mm. korvakorut.","robots":{"index":"index","follow":"follow","max-snippet":"max-snippet:-1","max-image-preview":"max-image-preview:large","max-video-preview":"max-video-preview:-1"},"canonical":"https:\/\/goodwill.fi\/kauppa\/tuote\/kalevala-kielo-kaulakoru\/","og_locale":"fi_FI","og_type":"article","og_title":"KALEVALA KIELO KAULAKORU - Goodwill-verkkokauppa","og_description":"Kalevala Korun hopeinen Kielo kaulakoru. Kaunis ja ajaton malli. Ketjun pituutta on mahdollista s\u00e4\u00e4t\u00e4\u00e4. Sarjaan kuuluu my\u00f6s mm. korvakorut.","og_url":"https:\/\/goodwill.fi\/kauppa\/tuote\/kalevala-kielo-kaulakoru\/","og_site_name":"Goodwill-verkkokauppa","article_modified_time":"2023-11-20T14:49:26+00:00","og_image":[{"width":1920,"height":2560,"url":"https:\/\/goodwill.fi\/kauppa\/wp-content\/uploads\/2023\/06\/20230626_115144-scaled.jpg","type":"image\/jpeg"}],"twitter_card":"summary_large_image","twitter_misc":{"Arvioitu lukuaika":"1 minuutti"},"schema":{"@context":"https:\/\/schema.org","@graph":[{"@type":"WebPage","@id":"https:\/\/goodwill.fi\/kauppa\/tuote\/kalevala-kielo-kaulakoru\/","url":"https:\/\/goodwill.fi\/kauppa\/tuote\/kalevala-kielo-kaulakoru\/","name":"KALEVALA KIELO KAULAKORU - Goodwill-verkkokauppa","isPartOf":{"@id":"https:\/\/goodwill.fi\/kauppa\/#website"},"primaryImageOfPage":{"@id":"https:\/\/goodwill.fi\/kauppa\/tuote\/kalevala-kielo-kaulakoru\/#primaryimage"},"image":{"@id":"https:\/\/goodwill.fi\/kauppa\/tuote\/kalevala-kielo-kaulakoru\/#primaryimage"},"thumbnailUrl":"https:\/\/goodwill.fi\/kauppa\/wp-content\/uploads\/2023\/06\/20230626_115144-scaled.jpg","datePublished":"2023-06-26T12:24:27+00:00","dateModified":"2023-11-20T14:49:26+00:00","description":"Kalevala Korun hopeinen Kielo kaulakoru. Kaunis ja ajaton malli. Ketjun pituutta on mahdollista s\u00e4\u00e4t\u00e4\u00e4. Sarjaan kuuluu my\u00f6s mm. korvakorut.","breadcrumb":{"@id":"https:\/\/goodwill.fi\/kauppa\/tuote\/kalevala-kielo-kaulakoru\/#breadcrumb"},"inLanguage":"fi","potentialAction":[{"@type":"ReadAction","target":["https:\/\/goodwill.fi\/kauppa\/tuote\/kalevala-kielo-kaulakoru\/"]}]},{"@type":"ImageObject","inLanguage":"fi","@id":"https:\/\/goodwill.fi\/kauppa\/tuote\/kalevala-kielo-kaulakoru\/#primaryimage","url":"https:\/\/goodwill.fi\/kauppa\/wp-content\/uploads\/2023\/06\/20230626_115144-scaled.jpg","contentUrl":"https:\/\/goodwill.fi\/kauppa\/wp-content\/uploads\/2023\/06\/20230626_115144-scaled.jpg","width":1920,"height":2560},{"@type":"BreadcrumbList","@id":"https:\/\/goodwill.fi\/kauppa\/tuote\/kalevala-kielo-kaulakoru\/#breadcrumb","itemListElement":[{"@type":"ListItem","position":1,"name":"Home","item":"https:\/\/goodwill.fi\/kauppa\/"},{"@type":"ListItem","position":2,"name":"Shop","item":"https:\/\/goodwill.fi\/kauppa\/shop\/"},{"@type":"ListItem","position":3,"name":"KALEVALA KIELO KAULAKORU"}]},{"@type":"WebSite","@id":"https:\/\/goodwill.fi\/kauppa\/#website","url":"https:\/\/goodwill.fi\/kauppa\/","name":"Goodwill-verkkokauppa","description":"Kierr\u00e4tysmyym\u00e4l\u00e4 verkossa","publisher":{"@id":"https:\/\/goodwill.fi\/kauppa\/#organization"},"potentialAction":[{"@type":"SearchAction","target":{"@type":"EntryPoint","urlTemplate":"https:\/\/goodwill.fi\/kauppa\/?s={search_term_string}"},"query-input":{"@type":"PropertyValueSpecification","valueRequired":true,"valueName":"search_term_string"}}],"inLanguage":"fi"},{"@type":"Organization","@id":"https:\/\/goodwill.fi\/kauppa\/#organization","name":"Goodwill-verkkokauppa","url":"https:\/\/goodwill.fi\/kauppa\/","logo":{"@type":"ImageObject","inLanguage":"fi","@id":"https:\/\/goodwill.fi\/kauppa\/#\/schema\/logo\/image\/","url":"https:\/\/goodwill.fi\/kauppa\/wp-content\/uploads\/2021\/02\/cropped-logo_gw_store-723x211-1.png","contentUrl":"https:\/\/goodwill.fi\/kauppa\/wp-content\/uploads\/2021\/02\/cropped-logo_gw_store-723x211-1.png","width":723,"height":207,"caption":"Goodwill-verkkokauppa"},"image":{"@id":"https:\/\/goodwill.fi\/kauppa\/#\/schema\/logo\/image\/"}}]}},"_links":{"self":[{"href":"https:\/\/goodwill.fi\/kauppa\/wp-json\/wp\/v2\/product\/14022","targetHints":{"allow":["GET"]}}],"collection":[{"href":"https:\/\/goodwill.fi\/kauppa\/wp-json\/wp\/v2\/product"}],"about":[{"href":"https:\/\/goodwill.fi\/kauppa\/wp-json\/wp\/v2\/types\/product"}],"replies":[{"embeddable":true,"href":"https:\/\/goodwill.fi\/kauppa\/wp-json\/wp\/v2\/comments?post=14022"}],"wp:featuredmedia":[{"embeddable":true,"href":"https:\/\/goodwill.fi\/kauppa\/wp-json\/wp\/v2\/media\/14024"}],"wp:attachment":[{"href":"https:\/\/goodwill.fi\/kauppa\/wp-json\/wp\/v2\/media?parent=14022"}],"wp:term":[{"taxonomy":"product_brand","embeddable":true,"href":"https:\/\/goodwill.fi\/kauppa\/wp-json\/wp\/v2\/product_brand?post=14022"},{"taxonomy":"product_cat","embeddable":true,"href":"https:\/\/goodwill.fi\/kauppa\/wp-json\/wp\/v2\/product_cat?post=14022"},{"taxonomy":"product_tag","embeddable":true,"href":"https:\/\/goodwill.fi\/kauppa\/wp-json\/wp\/v2\/product_tag?post=14022"}],"curies":[{"name":"wp","href":"https:\/\/api.w.org\/{rel}","templated":true}]}}